{"id":428018,"date":"2025-11-07T14:10:45","date_gmt":"2025-11-07T12:10:45","guid":{"rendered":"https:\/\/gr-100.com\/producto\/megamo-west-01-2026\/"},"modified":"2025-11-07T14:10:45","modified_gmt":"2025-11-07T12:10:45","slug":"megamo-west-01-2026","status":"publish","type":"product","link":"https:\/\/gr-100.com\/pt-pt\/producto\/megamo-west-01-2026\/","title":{"rendered":"Megamo West 01 2026"},"content":{"rendered":"<ul>\n<li>Carater\u00edsticas principais<\/li>\n<li>Quadro Carbon Gravel Advanced Composite Super Light, Passagem de Cabos Interna, Disco Flat Mount 12&#215;142<\/li>\n<li>Forquilha de carbono Advanced Composite Racing Gravel, passagem de cabos interna completa, disco de montagem plana 12&#215;100<\/li>\n<li>Fone de ouvido de roteamento de cabo totalmente interno<\/li>\n<li>Transmiss\u00e3o<\/li>\n<li>Desviador traseiro SRAM Force XPLR AXS, 13 velocidades<\/li>\n<li>Alavancas de mudan\u00e7as SRAM Force AXS<\/li>\n<li>Corrente SRAM Force XPLR Corrente 40T 13 Velocidades, Pedaleira larga Powermeter \/ Tamanho XS 160 mm \/ Tamanho S 165 mm \/ Tamanho M 170 mm \/ Tamanho L 172,5 mm \/ Tamanho XL 175 mm<\/li>\n<li>Cassete SRAM XPLR XG 1371, 10-46T<\/li>\n<li>Trav\u00f5es<\/li>\n<li>Sistema de trav\u00f5es SRAM Force AXS, disco hidr\u00e1ulico Paceline 160 mm<\/li>\n<li>RodasRodasVittoria Terreno T50 Mixed 50-622 Gravel Endurance full black G2.0<\/li>\n<li>Cubos com rolamentos Zipp 176D e 76D, eixo dianteiro 12 x 100 mm, eixo traseiro 12 x 142 mm<\/li>\n<li>Rodas Zipp 303 XPLR S, aro de carbono de 54 mm, preparado para tubeless<\/li>\n<li>Componentes<\/li>\n<li>Guiador de Carbono Integrado com Passagem de Cabos Interna Guiador de Gravel Racing \/ XS, S tamanho 70 x 380 mm \/ M, L tamanho 90 x 410mm \/ XL tamanho 110 x 440 mm<\/li>\n<li>Espig\u00e3o de selim Gravel Advanced Carbon Espig\u00e3o de selim \/ XS, S tamanho 350 mm \/ M, L, XL tamanho 420 mm<\/li>\n<li>Selim Fizik Vento Argo X3<\/li>\n<\/ul>\n","protected":false},"excerpt":{"rendered":"<p>CARACTER\u00cdSTICAS PRINCIPAIS<br \/>\n&#8211; Quadro em carbono super leve Gravel Advanced Composite<br \/>\n&#8211; Forqueta em carbono espec\u00edfica para Gravel<br \/>\n&#8211; Transmiss\u00e3o SRAM Force XPLR AXS de 1&#215;13 velocidades com Booster<br \/>\n&#8211; Jantes Zipp 303 XPLR S, 54mm Tubeless ready Carbon<\/p>\n","protected":false},"featured_media":420671,"comment_status":"open","ping_status":"closed","template":"","meta":{"_acf_changed":false,"_et_pb_use_builder":"","_et_pb_old_content":"","_et_gb_content_width":"","inline_featured_image":false},"product_brand":[],"product_cat":[2459,3346],"product_tag":[],"class_list":{"0":"post-428018","1":"product","2":"type-product","3":"status-publish","4":"has-post-thumbnail","6":"product_cat-bicicletas-pt-pt-2","7":"product_cat-bicicletas-de-cascalho","8":"product_shipping_class-bicicletas-pt-pt","10":"first","11":"outofstock","12":"taxable","13":"shipping-taxable","14":"product-type-variable","15":"wvs-archive-product-wrapper"},"acf":[],"yoast_head":"<!-- This site is optimized with the Yoast SEO Premium plugin v26.7 (Yoast SEO v26.7) - https:\/\/yoast.com\/wordpress\/plugins\/seo\/ -->\n<title>Megamo West 01 2026 GR-100<\/title>\n<meta name=\"description\" content=\"Quadro Gravel Advanced Composite Super Light Carbon - Forquilha de carbono espec\u00edfica para gravel - Transmiss\u00e3o SRAM Force XPLR AXS 1x13 velocidades com potenci\u00f3metro - Rodas Zipp 303 XPLR S, 54mm Tubeless ready Carbon\" \/>\n<meta name=\"robots\" content=\"index, follow, max-snippet:-1, max-image-preview:large, max-video-preview:-1\" \/>\n<link rel=\"canonical\" href=\"https:\/\/gr-100.com\/pt-pt\/producto\/megamo-west-01-2026\/\" \/>\n<meta property=\"og:locale\" content=\"pt_PT\" \/>\n<meta property=\"og:type\" content=\"article\" \/>\n<meta property=\"og:title\" content=\"Megamo West 01 2026\" \/>\n<meta property=\"og:description\" content=\"Quadro Gravel Advanced Composite Super Light Carbon - Forquilha de carbono espec\u00edfica para gravel - Transmiss\u00e3o SRAM Force XPLR AXS 1x13 velocidades com potenci\u00f3metro - Rodas Zipp 303 XPLR S, 54mm Tubeless ready Carbon\" \/>\n<meta property=\"og:url\" content=\"https:\/\/gr-100.com\/pt-pt\/producto\/megamo-west-01-2026\/\" \/>\n<meta property=\"og:site_name\" content=\"Gr-100 Tienda de ciclismo Specialized\" \/>\n<meta property=\"article:publisher\" content=\"https:\/\/www.facebook.com\/Gr100Bikes\" \/>\n<meta property=\"og:image\" content=\"https:\/\/gr-100.com\/wp-content\/uploads\/2025\/11\/Diseno-sin-titulo-2025-11-07T122851.033.jpg\" \/>\n\t<meta property=\"og:image:width\" content=\"1000\" \/>\n\t<meta property=\"og:image:height\" content=\"1000\" \/>\n\t<meta property=\"og:image:type\" content=\"image\/jpeg\" \/>\n<meta name=\"twitter:card\" content=\"summary_large_image\" \/>\n<meta name=\"twitter:label1\" content=\"Tempo estimado de leitura\" \/>\n\t<meta name=\"twitter:data1\" content=\"1 minuto\" \/>\n<script type=\"application\/ld+json\" class=\"yoast-schema-graph\">{\"@context\":\"https:\/\/schema.org\",\"@graph\":[{\"@type\":\"WebPage\",\"@id\":\"https:\/\/gr-100.com\/pt-pt\/producto\/megamo-west-01-2026\/\",\"url\":\"https:\/\/gr-100.com\/pt-pt\/producto\/megamo-west-01-2026\/\",\"name\":\"Megamo West 01 2026 GR-100\",\"isPartOf\":{\"@id\":\"https:\/\/gr-100.com\/#website\"},\"primaryImageOfPage\":{\"@id\":\"https:\/\/gr-100.com\/pt-pt\/producto\/megamo-west-01-2026\/#primaryimage\"},\"image\":{\"@id\":\"https:\/\/gr-100.com\/pt-pt\/producto\/megamo-west-01-2026\/#primaryimage\"},\"thumbnailUrl\":\"https:\/\/gr-100.com\/wp-content\/uploads\/2025\/11\/Diseno-sin-titulo-2025-11-07T122851.033.jpg\",\"datePublished\":\"2025-11-07T12:10:45+00:00\",\"description\":\"Quadro Gravel Advanced Composite Super Light Carbon - Forquilha de carbono espec\u00edfica para gravel - Transmiss\u00e3o SRAM Force XPLR AXS 1x13 velocidades com potenci\u00f3metro - Rodas Zipp 303 XPLR S, 54mm Tubeless ready Carbon\",\"breadcrumb\":{\"@id\":\"https:\/\/gr-100.com\/pt-pt\/producto\/megamo-west-01-2026\/#breadcrumb\"},\"inLanguage\":\"pt-PT\",\"potentialAction\":[{\"@type\":\"ReadAction\",\"target\":[\"https:\/\/gr-100.com\/pt-pt\/producto\/megamo-west-01-2026\/\"]}]},{\"@type\":\"ImageObject\",\"inLanguage\":\"pt-PT\",\"@id\":\"https:\/\/gr-100.com\/pt-pt\/producto\/megamo-west-01-2026\/#primaryimage\",\"url\":\"https:\/\/gr-100.com\/wp-content\/uploads\/2025\/11\/Diseno-sin-titulo-2025-11-07T122851.033.jpg\",\"contentUrl\":\"https:\/\/gr-100.com\/wp-content\/uploads\/2025\/11\/Diseno-sin-titulo-2025-11-07T122851.033.jpg\",\"width\":1000,\"height\":1000},{\"@type\":\"BreadcrumbList\",\"@id\":\"https:\/\/gr-100.com\/pt-pt\/producto\/megamo-west-01-2026\/#breadcrumb\",\"itemListElement\":[{\"@type\":\"ListItem\",\"position\":1,\"name\":\"Portada\",\"item\":\"https:\/\/gr-100.com\/en\/\"},{\"@type\":\"ListItem\",\"position\":2,\"name\":\"Productos\",\"item\":\"https:\/\/gr-100.com\/?post_type=product\"},{\"@type\":\"ListItem\",\"position\":3,\"name\":\"Megamo West 01 2026\"}]},{\"@type\":\"WebSite\",\"@id\":\"https:\/\/gr-100.com\/#website\",\"url\":\"https:\/\/gr-100.com\/\",\"name\":\"Gr-100 Tienda de ciclismo Specialized\",\"description\":\"GR-100 tenemos todas las gamas de bicicletas Specialized al mejor precio.\",\"publisher\":{\"@id\":\"https:\/\/gr-100.com\/#organization\"},\"alternateName\":\"Gr-100 Bikes\",\"potentialAction\":[{\"@type\":\"SearchAction\",\"target\":{\"@type\":\"EntryPoint\",\"urlTemplate\":\"https:\/\/gr-100.com\/?s={search_term_string}\"},\"query-input\":{\"@type\":\"PropertyValueSpecification\",\"valueRequired\":true,\"valueName\":\"search_term_string\"}}],\"inLanguage\":\"pt-PT\"},{\"@type\":\"Organization\",\"@id\":\"https:\/\/gr-100.com\/#organization\",\"name\":\"Gr-100\",\"url\":\"https:\/\/gr-100.com\/\",\"logo\":{\"@type\":\"ImageObject\",\"inLanguage\":\"pt-PT\",\"@id\":\"https:\/\/gr-100.com\/#\/schema\/logo\/image\/\",\"url\":\"https:\/\/gr-100.com\/wp-content\/uploads\/2023\/08\/logo-gr-100-bikes.png\",\"contentUrl\":\"https:\/\/gr-100.com\/wp-content\/uploads\/2023\/08\/logo-gr-100-bikes.png\",\"width\":707,\"height\":284,\"caption\":\"Gr-100\"},\"image\":{\"@id\":\"https:\/\/gr-100.com\/#\/schema\/logo\/image\/\"},\"sameAs\":[\"https:\/\/www.facebook.com\/Gr100Bikes\",\"https:\/\/www.instagram.com\/gr100bikes\/\",\"https:\/\/www.tiktok.com\/@gr100bikes\",\"https:\/\/twitter.com\/gr100mtbteam\",\"https:\/\/www.youtube.com\/c\/GR100Specialized\"]}]}<\/script>\n<!-- \/ Yoast SEO Premium plugin. -->","yoast_head_json":{"title":"Megamo West 01 2026 GR-100","description":"Quadro Gravel Advanced Composite Super Light Carbon - Forquilha de carbono espec\u00edfica para gravel - Transmiss\u00e3o SRAM Force XPLR AXS 1x13 velocidades com potenci\u00f3metro - Rodas Zipp 303 XPLR S, 54mm Tubeless ready Carbon","robots":{"index":"index","follow":"follow","max-snippet":"max-snippet:-1","max-image-preview":"max-image-preview:large","max-video-preview":"max-video-preview:-1"},"canonical":"https:\/\/gr-100.com\/pt-pt\/producto\/megamo-west-01-2026\/","og_locale":"pt_PT","og_type":"article","og_title":"Megamo West 01 2026","og_description":"Quadro Gravel Advanced Composite Super Light Carbon - Forquilha de carbono espec\u00edfica para gravel - Transmiss\u00e3o SRAM Force XPLR AXS 1x13 velocidades com potenci\u00f3metro - Rodas Zipp 303 XPLR S, 54mm Tubeless ready Carbon","og_url":"https:\/\/gr-100.com\/pt-pt\/producto\/megamo-west-01-2026\/","og_site_name":"Gr-100 Tienda de ciclismo Specialized","article_publisher":"https:\/\/www.facebook.com\/Gr100Bikes","og_image":[{"width":1000,"height":1000,"url":"https:\/\/gr-100.com\/wp-content\/uploads\/2025\/11\/Diseno-sin-titulo-2025-11-07T122851.033.jpg","type":"image\/jpeg"}],"twitter_card":"summary_large_image","twitter_misc":{"Tempo estimado de leitura":"1 minuto"},"schema":{"@context":"https:\/\/schema.org","@graph":[{"@type":"WebPage","@id":"https:\/\/gr-100.com\/pt-pt\/producto\/megamo-west-01-2026\/","url":"https:\/\/gr-100.com\/pt-pt\/producto\/megamo-west-01-2026\/","name":"Megamo West 01 2026 GR-100","isPartOf":{"@id":"https:\/\/gr-100.com\/#website"},"primaryImageOfPage":{"@id":"https:\/\/gr-100.com\/pt-pt\/producto\/megamo-west-01-2026\/#primaryimage"},"image":{"@id":"https:\/\/gr-100.com\/pt-pt\/producto\/megamo-west-01-2026\/#primaryimage"},"thumbnailUrl":"https:\/\/gr-100.com\/wp-content\/uploads\/2025\/11\/Diseno-sin-titulo-2025-11-07T122851.033.jpg","datePublished":"2025-11-07T12:10:45+00:00","description":"Quadro Gravel Advanced Composite Super Light Carbon - Forquilha de carbono espec\u00edfica para gravel - Transmiss\u00e3o SRAM Force XPLR AXS 1x13 velocidades com potenci\u00f3metro - Rodas Zipp 303 XPLR S, 54mm Tubeless ready Carbon","breadcrumb":{"@id":"https:\/\/gr-100.com\/pt-pt\/producto\/megamo-west-01-2026\/#breadcrumb"},"inLanguage":"pt-PT","potentialAction":[{"@type":"ReadAction","target":["https:\/\/gr-100.com\/pt-pt\/producto\/megamo-west-01-2026\/"]}]},{"@type":"ImageObject","inLanguage":"pt-PT","@id":"https:\/\/gr-100.com\/pt-pt\/producto\/megamo-west-01-2026\/#primaryimage","url":"https:\/\/gr-100.com\/wp-content\/uploads\/2025\/11\/Diseno-sin-titulo-2025-11-07T122851.033.jpg","contentUrl":"https:\/\/gr-100.com\/wp-content\/uploads\/2025\/11\/Diseno-sin-titulo-2025-11-07T122851.033.jpg","width":1000,"height":1000},{"@type":"BreadcrumbList","@id":"https:\/\/gr-100.com\/pt-pt\/producto\/megamo-west-01-2026\/#breadcrumb","itemListElement":[{"@type":"ListItem","position":1,"name":"Portada","item":"https:\/\/gr-100.com\/en\/"},{"@type":"ListItem","position":2,"name":"Productos","item":"https:\/\/gr-100.com\/?post_type=product"},{"@type":"ListItem","position":3,"name":"Megamo West 01 2026"}]},{"@type":"WebSite","@id":"https:\/\/gr-100.com\/#website","url":"https:\/\/gr-100.com\/","name":"Gr-100 Tienda de ciclismo Specialized","description":"GR-100 tenemos todas las gamas de bicicletas Specialized al mejor precio.","publisher":{"@id":"https:\/\/gr-100.com\/#organization"},"alternateName":"Gr-100 Bikes","potentialAction":[{"@type":"SearchAction","target":{"@type":"EntryPoint","urlTemplate":"https:\/\/gr-100.com\/?s={search_term_string}"},"query-input":{"@type":"PropertyValueSpecification","valueRequired":true,"valueName":"search_term_string"}}],"inLanguage":"pt-PT"},{"@type":"Organization","@id":"https:\/\/gr-100.com\/#organization","name":"Gr-100","url":"https:\/\/gr-100.com\/","logo":{"@type":"ImageObject","inLanguage":"pt-PT","@id":"https:\/\/gr-100.com\/#\/schema\/logo\/image\/","url":"https:\/\/gr-100.com\/wp-content\/uploads\/2023\/08\/logo-gr-100-bikes.png","contentUrl":"https:\/\/gr-100.com\/wp-content\/uploads\/2023\/08\/logo-gr-100-bikes.png","width":707,"height":284,"caption":"Gr-100"},"image":{"@id":"https:\/\/gr-100.com\/#\/schema\/logo\/image\/"},"sameAs":["https:\/\/www.facebook.com\/Gr100Bikes","https:\/\/www.instagram.com\/gr100bikes\/","https:\/\/www.tiktok.com\/@gr100bikes","https:\/\/twitter.com\/gr100mtbteam","https:\/\/www.youtube.com\/c\/GR100Specialized"]}]}},"_links":{"self":[{"href":"https:\/\/gr-100.com\/pt-pt\/wp-json\/wp\/v2\/product\/428018","targetHints":{"allow":["GET"]}}],"collection":[{"href":"https:\/\/gr-100.com\/pt-pt\/wp-json\/wp\/v2\/product"}],"about":[{"href":"https:\/\/gr-100.com\/pt-pt\/wp-json\/wp\/v2\/types\/product"}],"replies":[{"embeddable":true,"href":"https:\/\/gr-100.com\/pt-pt\/wp-json\/wp\/v2\/comments?post=428018"}],"wp:featuredmedia":[{"embeddable":true,"href":"https:\/\/gr-100.com\/pt-pt\/wp-json\/wp\/v2\/media\/420671"}],"wp:attachment":[{"href":"https:\/\/gr-100.com\/pt-pt\/wp-json\/wp\/v2\/media?parent=428018"}],"wp:term":[{"taxonomy":"product_brand","embeddable":true,"href":"https:\/\/gr-100.com\/pt-pt\/wp-json\/wp\/v2\/product_brand?post=428018"},{"taxonomy":"product_cat","embeddable":true,"href":"https:\/\/gr-100.com\/pt-pt\/wp-json\/wp\/v2\/product_cat?post=428018"},{"taxonomy":"product_tag","embeddable":true,"href":"https:\/\/gr-100.com\/pt-pt\/wp-json\/wp\/v2\/product_tag?post=428018"}],"curies":[{"name":"wp","href":"https:\/\/api.w.org\/{rel}","templated":true}]}}