{"id":428103,"date":"2025-09-29T12:52:47","date_gmt":"2025-09-29T11:52:47","guid":{"rendered":"https:\/\/gr-100.com\/producto\/specialized-turbo-creo-2-expert-2026\/"},"modified":"2025-09-29T12:52:47","modified_gmt":"2025-09-29T10:52:47","slug":"specialized-turbo-creo-2-expert-2026","status":"publish","type":"product","link":"https:\/\/gr-100.com\/pt-pt\/producto\/specialized-turbo-creo-2-expert-2026\/","title":{"rendered":"Specialized Turbo Creo 2 Expert 2026"},"content":{"rendered":"<ul>\n<li>AMPLIFICACI\u00d3N SOBRENATURAL<br \/>\nEl nuevo sistema TURBO SL 1.2 ofrece una eficiencia l\u00edder en la industria, con una autonom\u00eda de hasta 5 horas. Genera un 33 % m\u00e1s de potencia (320 W) que su predecesor, y entrega esa potencia dentro de una cadencia de pedaleo \u00f3ptima, para una sensaci\u00f3n verdaderamente sobrenatural.<br \/>\nCon un 43 % m\u00e1s de torque (50 Nm), la potencia se aplica de forma instant\u00e1nea, facilitando incluso las subidas m\u00e1s exigentes.<br \/>\nY cuando se trata de ruido, menos es m\u00e1s: hemos reducido los decibelios en un 40 %. Es literalmente silenciosa como un susurro.  <\/li>\n<li>RENOVADA PARA LA CONFIANZA<br \/>\nNeum\u00e1ticos de serie 700 x 50c, pero con espacio para cubiertas de hasta 29&#8243; x 2.2.<br \/>\nEl gran volumen de los neum\u00e1ticos proporciona una conducci\u00f3n suave y segura, incluso en los terrenos m\u00e1s dif\u00edciles. Y gracias a la potencia de la Creo 2, puedes llevar todo ese volumen tambi\u00e9n al asfalto sin comprometer el rendimiento, para una experiencia de conducci\u00f3n de otro nivel. <\/li>\n<li>FUTURE SHOCK 3.0<br \/>\nLa Creo 2 incorpora la tecnolog\u00eda Future Shock 3.0 con 20 mm de recorrido suave en el manillar, lo que reduce los impactos en un 53 %.<br \/>\nFuture Shock mantiene tus manos y el manillar estables, proporcionando una conducci\u00f3n m\u00e1s suave, mayor control y confianza, y ayudando a reducir la fatiga en salidas largas.<\/li>\n<li>GEOMETR\u00cdA DE CAPACIDAD TOTAL<br \/>\nLa Creo 2 presenta nuestra geometr\u00eda m\u00e1s progresiva hasta ahora, pensada para que domines desde amplias carreteras hasta t\u00e9cnicos caminos de gravel con total confianza.<br \/>\nSu posici\u00f3n ergon\u00f3mica de resistencia se siente natural, ideal para quienes quieren pedalear todo el d\u00eda con potencia y comodidad.<\/li>\n<li>AJUSTA, ACTIVA Y BAJA EL CENTRO DE GRAVEDAD<br \/>\nLa tija telesc\u00f3pica permite bajar el centro de gravedad para mejorar el paso por curvas y el control en cualquier tipo de terreno.<\/li>\n<li>CARGA Y SAL A RODAR<br \/>\nLleva lo que necesites, ya sea poco o mucho.<br \/>\nLa Creo 2 es compatible con una variedad de portabultos delanteros, traseros y tipo low-rider.<br \/>\n\u00bfQui\u00e9n dijo que no puedes llevarlo todo?<\/li>\n<li>T\u00da TIENES EL CONTROL<br \/>\nLa unidad de control m\u00e1s avanzada e intuitiva que hemos creado.<br \/>\nConecta la bicicleta, el sistema Turbo OS, la App Specialized y al ciclista, todo desde una pantalla protegida y de f\u00e1cil lectura.<br \/>\nCon MicroTune, puedes ajustar el nivel de asistencia en tiempo real, optimizando la autonom\u00eda y el rendimiento al instante.<\/li>\n<li>MASTERMIND TCU<br \/>\nEl MasterMind TCU es el cerebro de la bici.<br \/>\nMuestra toda la informaci\u00f3n relevante de tu ruta, permite ajustar los niveles de asistencia en tiempo real, habilita actualizaciones inal\u00e1mbricas (over-the-air) para que tu bici mejore con el tiempo, y se integra a la perfecci\u00f3n con la app de Specialized para realizar ajustes avanzados, diagn\u00f3sticos en ruta, personalizaci\u00f3n de pantalla \u00a1y mucho m\u00e1s!<\/li>\n<li>NUEVA APP SPECIALIZED<br \/>\nLa Creo 2 se integra completamente con la nueva App Specialized, lo que te permite personalizar el comportamiento del motor.<br \/>\nPuedes grabar tus salidas, personalizar pantallas, seguir tus datos, sincronizar con otras apps e incluso proteger tu bici contra robos con el sistema Turbo System Auto-Lock.<\/li>\n<li>ESPECIFICA\u00c7\u00d5ES T\u00c9CNICAS<\/li>\n<li>E-Bike<br \/>\nCableado: Arn\u00e9s el\u00e9ctrico personalizado Specialized con puerto de carga<br \/>\nCargador: Cargador personalizado, sistema de 48 V con conector SL<br \/>\nUnidad de Control \/ Remoto:<br \/>\nSpecialized MasterMind TCU<br \/>\nIndicaci\u00f3n de porcentaje de carga restante<br \/>\nHasta 120 configuraciones de pantalla personalizables<br \/>\nAjuste de asistencia MicroTune<br \/>\nActualizaciones inal\u00e1mbricas (OTA)<br \/>\nConectividad ANT+ \/ Bluetooth\u00ae<br \/>\nIncluye control remoto en el manillar<br \/>\nMotor: Motor ultraligero Specialized 1.2 SL personalizado<br \/>\nBater\u00eda: Specialized SL1-320 integrada, 320 Wh<\/li>\n<li>Cuadro y Suspensi\u00f3n<br \/>\nCuadro<br \/>\nCarbono FACT 11r<br \/>\nEjes pasantes delantero\/trasero<br \/>\nBater\u00eda completamente integrada en el tubo diagonal<br \/>\nGuiado interno de cables<br \/>\nSoportes para guardabarros y portabultos<br \/>\nEspaciado trasero: 12&#215;142 mm<br \/>\nAbrazadera de sill\u00edn: Specialized de aleaci\u00f3n, 31.8 mm<br \/>\nHorquilla: Future Shock 3.3 con Smooth Boot, eje pasante 12&#215;100 mm, disco flat-mount<\/li>\n<li>Frenos<br \/>\nFreno delantero: Nuevo Shimano GRX Di2 RX825, rotor de 180 mm<br \/>\nFreno trasero: Nuevo Shimano GRX Di2 RX825, rotor de 160 mm<\/li>\n<li>Transmisi\u00f3n<br \/>\nCambio trasero: Nuevo Shimano GRX Di2 RX827, 1&#215;12 velocidades<br \/>\nPlato: Spider SL 1.2 con BCD 104 mm y plato SRAM 107 BCD de 44 dientes<br \/>\nBielas: SRAM de aleaci\u00f3n, interfaz DUB<br \/>\nCadena: Shimano XT M8100, 12 velocidades, con cierre r\u00e1pido<br \/>\nCassette: Shimano XT M8200, 12 velocidades, 10-51 dientes<br \/>\nManetas de cambio: Nuevo Shimano GRX Di2 RX825<\/li>\n<li>Ruedas y Neum\u00e1ticos<br \/>\nC\u00e1maras: 700&#215;32\/50 mm, v\u00e1lvula Presta de 48 mm<br \/>\nNeum\u00e1tico delantero: Tracer TLR All Terrain Gravel, 700x50c, compuesto GRIPTON T5<br \/>\nNeum\u00e1tico trasero: Tracer TLR All Terrain Gravel, 700x50c, compuesto GRIPTON T5<br \/>\nRueda delantera:<br \/>\nRoval Terra C<br \/>\nLlanta de carbono, Tubeless Ready<br \/>\nAncho interno 25 mm, profundidad 32 mm<br \/>\n24 radios<br \/>\nBuje DT 370<br \/>\nRadios DT Swiss Comp Race<br \/>\nRueda trasera:<br \/>\nRoval Terra C<br \/>\nLlanta de carbono, Tubeless Ready<br \/>\nLargura interior 25 mm, profundidade 32 mm<br \/>\n24 radios<br \/>\nCubo DT 370<br \/>\nRaios Dt Swiss Comp Race<\/li>\n<li>Cockpit y Componentes<br \/>\nSill\u00edn: Body Geometry Power Expert<br \/>\nPotencia: Future Stem Pro<br \/>\nManillar: Specialized Adventure Gear Hover, ca\u00edda 103 mm, alcance 70 mm, flare 12\u00b0<br \/>\nPu\u00f1os: Supacaz Super Sticky Kush<br \/>\nTija de sill\u00edn: X-Fusion Manic Dropper, recorrido de 50 mm<\/li>\n<li>Detalles del Producto<br \/>\nID del producto: 221806<br \/>\nCertificaci\u00f3n de cumplimiento:<br \/>\nCertificada, seg\u00fan aplique, con UL 2849 (sistema el\u00e9ctrico) y\/o UL 2271 (bater\u00eda) por UL Solutions y\/o SGS<br \/>\nM\u00e1s informaci\u00f3n sobre regulaciones de bater\u00edas de ion-litio en Nueva York:<br \/>\nwww.nyc.gov\/fdny\/batteries<\/li>\n<li>Peso<br \/>\nPeso: 13,8 kg (30 lb, 6.8 oz)<br \/>\nTalla mostrada: 56<\/li>\n<\/ul>\n","protected":false},"excerpt":{"rendered":"<p>\u00bfCarretera o gravel? \u00bf5 millas o 5 horas? \u00bfSubir o bajar? \u00bfSufrir o sonre\u00edr? \u00bfM\u00e1s potencia o menos peso?<br \/>\nLa Creo 2 no se trata de elegir, se trata de tenerlo todo.<br \/>\nCon m\u00e1s potencia, gran autonom\u00eda, peso ligero, amplia compatibilidad con neum\u00e1ticos y la suspensi\u00f3n Future Shock 3.0, rompe con todas las categor\u00edas, haciendo posibles rutas que antes eran impensables.<br \/>\nEsta Creo 2 viene equipada con el nuevo sistema de cambios electr\u00f3nicos Shimano GRX Di2 1&#215;12 Serie 800, dise\u00f1ado para ofrecer precisi\u00f3n y rendimiento en terrenos mixtos, justo donde y cuando m\u00e1s lo necesitas.    <\/p>\n","protected":false},"featured_media":417869,"comment_status":"open","ping_status":"closed","template":"","meta":{"_acf_changed":false,"_et_pb_use_builder":"","_et_pb_old_content":"","_et_gb_content_width":"","inline_featured_image":false},"product_brand":[],"product_cat":[2459,5359,5273,5260,3346,5309,5308],"product_tag":[],"class_list":{"0":"post-428103","1":"product","2":"type-product","3":"status-publish","4":"has-post-thumbnail","6":"product_cat-bicicletas-pt-pt-2","7":"product_cat-bicicletas-electricas-carretera-pt-pt","8":"product_cat-bicicletas-electricas-de-cascalho","9":"product_cat-bicicletas-electricas-specialized-pt-pt","10":"product_cat-bicicletas-de-cascalho","11":"product_cat-bicicletas-de-carbono-gravel","12":"product_cat-bicicletas-de-gravel-specialized","13":"product_shipping_class-bicicletas-pt-pt","15":"first","16":"instock","17":"taxable","18":"shipping-taxable","19":"purchasable","20":"product-type-variable","21":"wvs-archive-product-wrapper"},"acf":[],"yoast_head":"<!-- This site is optimized with the Yoast SEO Premium plugin v26.7 (Yoast SEO v26.7) - https:\/\/yoast.com\/wordpress\/plugins\/seo\/ -->\n<title>Specialized Turbo Creo 2 Expert 2026 GR-100<\/title>\n<meta name=\"description\" content=\"\u00bfCarretera o gravel? \u00bf5 millas o 5 horas? \u00bfSubir o bajar? \u00bfSufrir o sonre\u00edr? \u00bfM\u00e1s potencia o menos peso?La Creo 2 no se trata de elegir, se trata de tenerlo todo.Con m\u00e1s potencia, gran autonom\u00eda, peso ligero, amplia compatibilidad con neum\u00e1ticos y la suspensi\u00f3n Future Shock 3.0, rompe con todas las categor\u00edas, haciendo posibles rutas que antes eran impensables.Esta Creo 2 viene equipada con el nuevo sistema de cambios electr\u00f3nicos Shimano GRX Di2 1x12 Serie 800, dise\u00f1ado para ofrecer precisi\u00f3n y rendimiento en terrenos mixtos, justo donde y cuando m\u00e1s lo necesitas.\" \/>\n<meta name=\"robots\" content=\"index, follow, max-snippet:-1, max-image-preview:large, max-video-preview:-1\" \/>\n<link rel=\"canonical\" href=\"https:\/\/gr-100.com\/pt-pt\/producto\/specialized-turbo-creo-2-expert-2026\/\" \/>\n<meta property=\"og:locale\" content=\"pt_PT\" \/>\n<meta property=\"og:type\" content=\"article\" \/>\n<meta property=\"og:title\" content=\"Specialized Turbo Creo 2 Expert 2026\" \/>\n<meta property=\"og:description\" content=\"\u00bfCarretera o gravel? \u00bf5 millas o 5 horas? \u00bfSubir o bajar? \u00bfSufrir o sonre\u00edr? \u00bfM\u00e1s potencia o menos peso?La Creo 2 no se trata de elegir, se trata de tenerlo todo.Con m\u00e1s potencia, gran autonom\u00eda, peso ligero, amplia compatibilidad con neum\u00e1ticos y la suspensi\u00f3n Future Shock 3.0, rompe con todas las categor\u00edas, haciendo posibles rutas que antes eran impensables.Esta Creo 2 viene equipada con el nuevo sistema de cambios electr\u00f3nicos Shimano GRX Di2 1x12 Serie 800, dise\u00f1ado para ofrecer precisi\u00f3n y rendimiento en terrenos mixtos, justo donde y cuando m\u00e1s lo necesitas.\" \/>\n<meta property=\"og:url\" content=\"https:\/\/gr-100.com\/pt-pt\/producto\/specialized-turbo-creo-2-expert-2026\/\" \/>\n<meta property=\"og:site_name\" content=\"Gr-100 Tienda de ciclismo Specialized\" \/>\n<meta property=\"article:publisher\" content=\"https:\/\/www.facebook.com\/Gr100Bikes\" \/>\n<meta property=\"og:image\" content=\"https:\/\/gr-100.com\/wp-content\/uploads\/2025\/09\/Diseno-sin-titulo-2025-09-29T121203.376.jpg\" \/>\n\t<meta property=\"og:image:width\" content=\"1000\" \/>\n\t<meta property=\"og:image:height\" content=\"1000\" \/>\n\t<meta property=\"og:image:type\" content=\"image\/jpeg\" \/>\n<meta name=\"twitter:card\" content=\"summary_large_image\" \/>\n<meta name=\"twitter:label1\" content=\"Tempo estimado de leitura\" \/>\n\t<meta name=\"twitter:data1\" content=\"5 minutos\" \/>\n<script type=\"application\/ld+json\" class=\"yoast-schema-graph\">{\"@context\":\"https:\/\/schema.org\",\"@graph\":[{\"@type\":\"WebPage\",\"@id\":\"https:\/\/gr-100.com\/pt-pt\/producto\/specialized-turbo-creo-2-expert-2026\/\",\"url\":\"https:\/\/gr-100.com\/pt-pt\/producto\/specialized-turbo-creo-2-expert-2026\/\",\"name\":\"Specialized Turbo Creo 2 Expert 2026 GR-100\",\"isPartOf\":{\"@id\":\"https:\/\/gr-100.com\/#website\"},\"primaryImageOfPage\":{\"@id\":\"https:\/\/gr-100.com\/pt-pt\/producto\/specialized-turbo-creo-2-expert-2026\/#primaryimage\"},\"image\":{\"@id\":\"https:\/\/gr-100.com\/pt-pt\/producto\/specialized-turbo-creo-2-expert-2026\/#primaryimage\"},\"thumbnailUrl\":\"https:\/\/gr-100.com\/wp-content\/uploads\/2025\/09\/Diseno-sin-titulo-2025-09-29T121203.376.jpg\",\"datePublished\":\"2025-09-29T11:52:47+00:00\",\"description\":\"\u00bfCarretera o gravel? \u00bf5 millas o 5 horas? \u00bfSubir o bajar? \u00bfSufrir o sonre\u00edr? \u00bfM\u00e1s potencia o menos peso?La Creo 2 no se trata de elegir, se trata de tenerlo todo.Con m\u00e1s potencia, gran autonom\u00eda, peso ligero, amplia compatibilidad con neum\u00e1ticos y la suspensi\u00f3n Future Shock 3.0, rompe con todas las categor\u00edas, haciendo posibles rutas que antes eran impensables.Esta Creo 2 viene equipada con el nuevo sistema de cambios electr\u00f3nicos Shimano GRX Di2 1x12 Serie 800, dise\u00f1ado para ofrecer precisi\u00f3n y rendimiento en terrenos mixtos, justo donde y cuando m\u00e1s lo necesitas.\",\"breadcrumb\":{\"@id\":\"https:\/\/gr-100.com\/pt-pt\/producto\/specialized-turbo-creo-2-expert-2026\/#breadcrumb\"},\"inLanguage\":\"pt-PT\",\"potentialAction\":[{\"@type\":\"ReadAction\",\"target\":[\"https:\/\/gr-100.com\/pt-pt\/producto\/specialized-turbo-creo-2-expert-2026\/\"]}]},{\"@type\":\"ImageObject\",\"inLanguage\":\"pt-PT\",\"@id\":\"https:\/\/gr-100.com\/pt-pt\/producto\/specialized-turbo-creo-2-expert-2026\/#primaryimage\",\"url\":\"https:\/\/gr-100.com\/wp-content\/uploads\/2025\/09\/Diseno-sin-titulo-2025-09-29T121203.376.jpg\",\"contentUrl\":\"https:\/\/gr-100.com\/wp-content\/uploads\/2025\/09\/Diseno-sin-titulo-2025-09-29T121203.376.jpg\",\"width\":1000,\"height\":1000},{\"@type\":\"BreadcrumbList\",\"@id\":\"https:\/\/gr-100.com\/pt-pt\/producto\/specialized-turbo-creo-2-expert-2026\/#breadcrumb\",\"itemListElement\":[{\"@type\":\"ListItem\",\"position\":1,\"name\":\"Portada\",\"item\":\"https:\/\/gr-100.com\/en\/\"},{\"@type\":\"ListItem\",\"position\":2,\"name\":\"Productos\",\"item\":\"https:\/\/gr-100.com\/?post_type=product\"},{\"@type\":\"ListItem\",\"position\":3,\"name\":\"Specialized Turbo Creo 2 Expert 2026\"}]},{\"@type\":\"WebSite\",\"@id\":\"https:\/\/gr-100.com\/#website\",\"url\":\"https:\/\/gr-100.com\/\",\"name\":\"Gr-100 Tienda de ciclismo Specialized\",\"description\":\"GR-100 tenemos todas las gamas de bicicletas Specialized al mejor precio.\",\"publisher\":{\"@id\":\"https:\/\/gr-100.com\/#organization\"},\"alternateName\":\"Gr-100 Bikes\",\"potentialAction\":[{\"@type\":\"SearchAction\",\"target\":{\"@type\":\"EntryPoint\",\"urlTemplate\":\"https:\/\/gr-100.com\/?s={search_term_string}\"},\"query-input\":{\"@type\":\"PropertyValueSpecification\",\"valueRequired\":true,\"valueName\":\"search_term_string\"}}],\"inLanguage\":\"pt-PT\"},{\"@type\":\"Organization\",\"@id\":\"https:\/\/gr-100.com\/#organization\",\"name\":\"Gr-100\",\"url\":\"https:\/\/gr-100.com\/\",\"logo\":{\"@type\":\"ImageObject\",\"inLanguage\":\"pt-PT\",\"@id\":\"https:\/\/gr-100.com\/#\/schema\/logo\/image\/\",\"url\":\"https:\/\/gr-100.com\/wp-content\/uploads\/2023\/08\/logo-gr-100-bikes.png\",\"contentUrl\":\"https:\/\/gr-100.com\/wp-content\/uploads\/2023\/08\/logo-gr-100-bikes.png\",\"width\":707,\"height\":284,\"caption\":\"Gr-100\"},\"image\":{\"@id\":\"https:\/\/gr-100.com\/#\/schema\/logo\/image\/\"},\"sameAs\":[\"https:\/\/www.facebook.com\/Gr100Bikes\",\"https:\/\/www.instagram.com\/gr100bikes\/\",\"https:\/\/www.tiktok.com\/@gr100bikes\",\"https:\/\/twitter.com\/gr100mtbteam\",\"https:\/\/www.youtube.com\/c\/GR100Specialized\"]}]}<\/script>\n<!-- \/ Yoast SEO Premium plugin. -->","yoast_head_json":{"title":"Specialized Turbo Creo 2 Expert 2026 GR-100","description":"\u00bfCarretera o gravel? \u00bf5 millas o 5 horas? \u00bfSubir o bajar? \u00bfSufrir o sonre\u00edr? \u00bfM\u00e1s potencia o menos peso?La Creo 2 no se trata de elegir, se trata de tenerlo todo.Con m\u00e1s potencia, gran autonom\u00eda, peso ligero, amplia compatibilidad con neum\u00e1ticos y la suspensi\u00f3n Future Shock 3.0, rompe con todas las categor\u00edas, haciendo posibles rutas que antes eran impensables.Esta Creo 2 viene equipada con el nuevo sistema de cambios electr\u00f3nicos Shimano GRX Di2 1x12 Serie 800, dise\u00f1ado para ofrecer precisi\u00f3n y rendimiento en terrenos mixtos, justo donde y cuando m\u00e1s lo necesitas.","robots":{"index":"index","follow":"follow","max-snippet":"max-snippet:-1","max-image-preview":"max-image-preview:large","max-video-preview":"max-video-preview:-1"},"canonical":"https:\/\/gr-100.com\/pt-pt\/producto\/specialized-turbo-creo-2-expert-2026\/","og_locale":"pt_PT","og_type":"article","og_title":"Specialized Turbo Creo 2 Expert 2026","og_description":"\u00bfCarretera o gravel? \u00bf5 millas o 5 horas? \u00bfSubir o bajar? \u00bfSufrir o sonre\u00edr? \u00bfM\u00e1s potencia o menos peso?La Creo 2 no se trata de elegir, se trata de tenerlo todo.Con m\u00e1s potencia, gran autonom\u00eda, peso ligero, amplia compatibilidad con neum\u00e1ticos y la suspensi\u00f3n Future Shock 3.0, rompe con todas las categor\u00edas, haciendo posibles rutas que antes eran impensables.Esta Creo 2 viene equipada con el nuevo sistema de cambios electr\u00f3nicos Shimano GRX Di2 1x12 Serie 800, dise\u00f1ado para ofrecer precisi\u00f3n y rendimiento en terrenos mixtos, justo donde y cuando m\u00e1s lo necesitas.","og_url":"https:\/\/gr-100.com\/pt-pt\/producto\/specialized-turbo-creo-2-expert-2026\/","og_site_name":"Gr-100 Tienda de ciclismo Specialized","article_publisher":"https:\/\/www.facebook.com\/Gr100Bikes","og_image":[{"width":1000,"height":1000,"url":"https:\/\/gr-100.com\/wp-content\/uploads\/2025\/09\/Diseno-sin-titulo-2025-09-29T121203.376.jpg","type":"image\/jpeg"}],"twitter_card":"summary_large_image","twitter_misc":{"Tempo estimado de leitura":"5 minutos"},"schema":{"@context":"https:\/\/schema.org","@graph":[{"@type":"WebPage","@id":"https:\/\/gr-100.com\/pt-pt\/producto\/specialized-turbo-creo-2-expert-2026\/","url":"https:\/\/gr-100.com\/pt-pt\/producto\/specialized-turbo-creo-2-expert-2026\/","name":"Specialized Turbo Creo 2 Expert 2026 GR-100","isPartOf":{"@id":"https:\/\/gr-100.com\/#website"},"primaryImageOfPage":{"@id":"https:\/\/gr-100.com\/pt-pt\/producto\/specialized-turbo-creo-2-expert-2026\/#primaryimage"},"image":{"@id":"https:\/\/gr-100.com\/pt-pt\/producto\/specialized-turbo-creo-2-expert-2026\/#primaryimage"},"thumbnailUrl":"https:\/\/gr-100.com\/wp-content\/uploads\/2025\/09\/Diseno-sin-titulo-2025-09-29T121203.376.jpg","datePublished":"2025-09-29T11:52:47+00:00","description":"\u00bfCarretera o gravel? \u00bf5 millas o 5 horas? \u00bfSubir o bajar? \u00bfSufrir o sonre\u00edr? \u00bfM\u00e1s potencia o menos peso?La Creo 2 no se trata de elegir, se trata de tenerlo todo.Con m\u00e1s potencia, gran autonom\u00eda, peso ligero, amplia compatibilidad con neum\u00e1ticos y la suspensi\u00f3n Future Shock 3.0, rompe con todas las categor\u00edas, haciendo posibles rutas que antes eran impensables.Esta Creo 2 viene equipada con el nuevo sistema de cambios electr\u00f3nicos Shimano GRX Di2 1x12 Serie 800, dise\u00f1ado para ofrecer precisi\u00f3n y rendimiento en terrenos mixtos, justo donde y cuando m\u00e1s lo necesitas.","breadcrumb":{"@id":"https:\/\/gr-100.com\/pt-pt\/producto\/specialized-turbo-creo-2-expert-2026\/#breadcrumb"},"inLanguage":"pt-PT","potentialAction":[{"@type":"ReadAction","target":["https:\/\/gr-100.com\/pt-pt\/producto\/specialized-turbo-creo-2-expert-2026\/"]}]},{"@type":"ImageObject","inLanguage":"pt-PT","@id":"https:\/\/gr-100.com\/pt-pt\/producto\/specialized-turbo-creo-2-expert-2026\/#primaryimage","url":"https:\/\/gr-100.com\/wp-content\/uploads\/2025\/09\/Diseno-sin-titulo-2025-09-29T121203.376.jpg","contentUrl":"https:\/\/gr-100.com\/wp-content\/uploads\/2025\/09\/Diseno-sin-titulo-2025-09-29T121203.376.jpg","width":1000,"height":1000},{"@type":"BreadcrumbList","@id":"https:\/\/gr-100.com\/pt-pt\/producto\/specialized-turbo-creo-2-expert-2026\/#breadcrumb","itemListElement":[{"@type":"ListItem","position":1,"name":"Portada","item":"https:\/\/gr-100.com\/en\/"},{"@type":"ListItem","position":2,"name":"Productos","item":"https:\/\/gr-100.com\/?post_type=product"},{"@type":"ListItem","position":3,"name":"Specialized Turbo Creo 2 Expert 2026"}]},{"@type":"WebSite","@id":"https:\/\/gr-100.com\/#website","url":"https:\/\/gr-100.com\/","name":"Gr-100 Tienda de ciclismo Specialized","description":"GR-100 tenemos todas las gamas de bicicletas Specialized al mejor precio.","publisher":{"@id":"https:\/\/gr-100.com\/#organization"},"alternateName":"Gr-100 Bikes","potentialAction":[{"@type":"SearchAction","target":{"@type":"EntryPoint","urlTemplate":"https:\/\/gr-100.com\/?s={search_term_string}"},"query-input":{"@type":"PropertyValueSpecification","valueRequired":true,"valueName":"search_term_string"}}],"inLanguage":"pt-PT"},{"@type":"Organization","@id":"https:\/\/gr-100.com\/#organization","name":"Gr-100","url":"https:\/\/gr-100.com\/","logo":{"@type":"ImageObject","inLanguage":"pt-PT","@id":"https:\/\/gr-100.com\/#\/schema\/logo\/image\/","url":"https:\/\/gr-100.com\/wp-content\/uploads\/2023\/08\/logo-gr-100-bikes.png","contentUrl":"https:\/\/gr-100.com\/wp-content\/uploads\/2023\/08\/logo-gr-100-bikes.png","width":707,"height":284,"caption":"Gr-100"},"image":{"@id":"https:\/\/gr-100.com\/#\/schema\/logo\/image\/"},"sameAs":["https:\/\/www.facebook.com\/Gr100Bikes","https:\/\/www.instagram.com\/gr100bikes\/","https:\/\/www.tiktok.com\/@gr100bikes","https:\/\/twitter.com\/gr100mtbteam","https:\/\/www.youtube.com\/c\/GR100Specialized"]}]}},"_links":{"self":[{"href":"https:\/\/gr-100.com\/pt-pt\/wp-json\/wp\/v2\/product\/428103","targetHints":{"allow":["GET"]}}],"collection":[{"href":"https:\/\/gr-100.com\/pt-pt\/wp-json\/wp\/v2\/product"}],"about":[{"href":"https:\/\/gr-100.com\/pt-pt\/wp-json\/wp\/v2\/types\/product"}],"replies":[{"embeddable":true,"href":"https:\/\/gr-100.com\/pt-pt\/wp-json\/wp\/v2\/comments?post=428103"}],"wp:featuredmedia":[{"embeddable":true,"href":"https:\/\/gr-100.com\/pt-pt\/wp-json\/wp\/v2\/media\/417869"}],"wp:attachment":[{"href":"https:\/\/gr-100.com\/pt-pt\/wp-json\/wp\/v2\/media?parent=428103"}],"wp:term":[{"taxonomy":"product_brand","embeddable":true,"href":"https:\/\/gr-100.com\/pt-pt\/wp-json\/wp\/v2\/product_brand?post=428103"},{"taxonomy":"product_cat","embeddable":true,"href":"https:\/\/gr-100.com\/pt-pt\/wp-json\/wp\/v2\/product_cat?post=428103"},{"taxonomy":"product_tag","embeddable":true,"href":"https:\/\/gr-100.com\/pt-pt\/wp-json\/wp\/v2\/product_tag?post=428103"}],"curies":[{"name":"wp","href":"https:\/\/api.w.org\/{rel}","templated":true}]}}