{"id":428308,"date":"2025-09-22T13:41:31","date_gmt":"2025-09-22T12:41:31","guid":{"rendered":"https:\/\/gr-100.com\/producto\/specialized-diverge-4-expert-shimano-grx-di2-2026\/"},"modified":"2025-09-22T13:41:31","modified_gmt":"2025-09-22T11:41:31","slug":"specialized-diverge-4-expert-shimano-grx-di2-2026","status":"publish","type":"product","link":"https:\/\/gr-100.com\/pt-pt\/producto\/specialized-diverge-4-expert-shimano-grx-di2-2026\/","title":{"rendered":"Specialized Diverge 4 Expert Shimano GRX Di2 2026"},"content":{"rendered":"<p><strong>Especifica\u00e7\u00f5es t\u00e9cnicas<\/strong><\/p>\n<ul>\n<li>QuadroQuadroCarbono Specialized Diverge FACT 9r, integra\u00e7\u00e3o de porta SWAT\u2122, suspens\u00e3o Future Shock, BB roscado, encaminhamento interno, eixo passante 12x142mm, disco de montagem plana, dropout UDH<\/li>\n<li>Suspensi\u00f3nHorquillaFuture Shock 3.2 w\/ Smooth Boot, FACT Carbon 12x100mm, thru-axle, flat-mount disc<\/li>\n<li>Frenos<br \/>\n<strong>Freno delantero<\/strong><br \/>\nNEW Shimano GRX Hydraulic Brake<br \/>\n<strong>Freno trasero<\/strong><br \/>\nNEW Shimano GRX Hydraulic Brake<\/li>\n<li>Transmiss\u00e3o<br \/>\n<strong>Manetas de cambio<\/strong><br \/>\nShimano GRX Di2 RX825, 1x12sp<br \/>\n<strong>Desviador trasero<\/strong><br \/>\nShimano GRX Di2 1x12sp RX827<br \/>\n<strong>Cassette<\/strong><br \/>\nShimano Deore XT, 10-51t<br \/>\n<strong>Cadena<\/strong><br \/>\nShimano XT M8100, 12-speed w\/ quick link<br \/>\n<strong>Platos y bielas<\/strong><br \/>\nNEW Shimano GRX RX820, 40t<br \/>\n<strong>Caja de pedalier<\/strong><br \/>\nShimano Threaded BSA BB<\/li>\n<li>Ruedas y neum\u00e1ticos<br \/>\n<strong>Neum\u00e1tico delantero<\/strong><br \/>\nTracer 700&#215;45, Tan Sidewall, Tubeless Ready<br \/>\n<strong>Rueda delantera<\/strong><br \/>\nRoval Terra C Rim, 25mm internal width, 32mm depth, 24h, Tubeless ready, DT for Roval 370 hub, Centerlock disc, DT Swiss Competition Race spokes<br \/>\n<strong>Neum\u00e1tico trasero<\/strong><br \/>\nTracer 700&#215;45, Tan Sidewall, Tubeless Ready<br \/>\n<strong>Rueda trasera<\/strong><br \/>\nRoval Terra C Rim, 25mm internal width, 32mm depth, 24h, Tubeless ready, DT for Roval 370 hub, Centerlock disc, DT Swiss Competition Race spokes<br \/>\n<strong>C\u00e1maras<\/strong><br \/>\nPresta, 700&#215;32-50mm<\/li>\n<li>Cabine de pilotagem<br \/>\n<strong>Potencia<\/strong><br \/>\nFuture Stem, Pro<br \/>\n<strong>Manillar<\/strong><br \/>\nSpecialized Adventure Gear Hover, 103mm drop x 70mm reach x 12\u00ba flare<br \/>\n<strong>Cinta de manillar<\/strong><br \/>\nSupacaz Super Sticky Kush<br \/>\n<strong>Sill\u00edn<\/strong><br \/>\nBody Geometry Power Expert<br \/>\n<strong>Tija del sill\u00edn<\/strong><br \/>\nRoval Terra Carbon Seat Post, 20mm Offset<br \/>\n<strong>Abrazadera del sill\u00edn<\/strong><br \/>\nSpecialized Alloy, 30.8mm<\/li>\n<li>Acess\u00f3rios<br \/>\nSWATSWAT 4.0 armazenamento interno downtube<br \/>\n<strong>Peso<\/strong><br \/>\n8.9 kg (19 lb, 9.9 oz)<br \/>\nTalla 56*Pesos basados en cuadros pintados de producci\u00f3n como se muestra en la imagen. Os pesos reais variam consoante a cor, o tamanho do quadro e a varia\u00e7\u00e3o dos componentes. As especifica\u00e7\u00f5es est\u00e3o sujeitas a altera\u00e7\u00f5es sem aviso pr\u00e9vio.<\/li>\n<\/ul>\n","protected":false},"excerpt":{"rendered":"<p><strong>La m\u00e1quina definitiva para escapar de todo<\/strong><br \/>\nOptimizada para competir. Preparada para la aventura. La Diverge 4 est\u00e1 hecha para darlo todo en carreras y para hacer rutas \u00e9picas off-road. Con el Future Shock 3.2, nuestro cuadro m\u00e1s reactivo hasta la fecha, un gran paso de rueda y el mayor sistema de almacenamiento interno del sector, la mejor bici de gravel del mundo ahora es incluso mejor. Persigue el horizonte o a tus rivales. Puede hacer las dos cosas.     <\/p>\n","protected":false},"featured_media":417028,"comment_status":"open","ping_status":"closed","template":"","meta":{"_acf_changed":false,"_et_pb_use_builder":"","_et_pb_old_content":"","_et_gb_content_width":"","inline_featured_image":false},"product_brand":[],"product_cat":[2459,3346,5309,5308],"product_tag":[],"class_list":{"0":"post-428308","1":"product","2":"type-product","3":"status-publish","4":"has-post-thumbnail","6":"product_cat-bicicletas-pt-pt-2","7":"product_cat-bicicletas-de-cascalho","8":"product_cat-bicicletas-de-carbono-gravel","9":"product_cat-bicicletas-de-gravel-specialized","10":"product_shipping_class-bicicletas-pt-pt","12":"first","13":"instock","14":"sale","15":"taxable","16":"shipping-taxable","17":"purchasable","18":"product-type-variable","19":"wvs-archive-product-wrapper"},"acf":[],"yoast_head":"<!-- This site is optimized with the Yoast SEO Premium plugin v26.7 (Yoast SEO v26.7) - https:\/\/yoast.com\/wordpress\/plugins\/seo\/ -->\n<title>Specialized Diverge 4 Expert Shimano GRX Di2 2026 GR-100<\/title>\n<meta name=\"description\" content=\"Cuadro Carbono FACT 9r. Suspensi\u00f3n Future Shock 3.2. Cambio Shimano GRX800 Di2 \/ ruedas Roval Terra C. SWAT 4.0. Peso 8.90 kg\" \/>\n<meta name=\"robots\" content=\"index, follow, max-snippet:-1, max-image-preview:large, max-video-preview:-1\" \/>\n<link rel=\"canonical\" href=\"https:\/\/gr-100.com\/pt-pt\/producto\/specialized-diverge-4-expert-shimano-grx-di2-2026\/\" \/>\n<meta property=\"og:locale\" content=\"pt_PT\" \/>\n<meta property=\"og:type\" content=\"article\" \/>\n<meta property=\"og:title\" content=\"Specialized Diverge 4 Expert Shimano GRX Di2 2026\" \/>\n<meta property=\"og:description\" content=\"Cuadro Carbono FACT 9r. Suspensi\u00f3n Future Shock 3.2. Cambio Shimano GRX800 Di2 \/ ruedas Roval Terra C. SWAT 4.0. Peso 8.90 kg\" \/>\n<meta property=\"og:url\" content=\"https:\/\/gr-100.com\/pt-pt\/producto\/specialized-diverge-4-expert-shimano-grx-di2-2026\/\" \/>\n<meta property=\"og:site_name\" content=\"Gr-100 Tienda de ciclismo Specialized\" \/>\n<meta property=\"article:publisher\" content=\"https:\/\/www.facebook.com\/Gr100Bikes\" \/>\n<meta property=\"og:image\" content=\"https:\/\/gr-100.com\/wp-content\/uploads\/2025\/09\/Diverge-4-Expert-Fjord-Metallic.jpg\" \/>\n\t<meta property=\"og:image:width\" content=\"1000\" \/>\n\t<meta property=\"og:image:height\" content=\"1000\" \/>\n\t<meta property=\"og:image:type\" content=\"image\/jpeg\" \/>\n<meta name=\"twitter:card\" content=\"summary_large_image\" \/>\n<meta name=\"twitter:label1\" content=\"Tempo estimado de leitura\" \/>\n\t<meta name=\"twitter:data1\" content=\"1 minuto\" \/>\n<script type=\"application\/ld+json\" class=\"yoast-schema-graph\">{\"@context\":\"https:\/\/schema.org\",\"@graph\":[{\"@type\":\"WebPage\",\"@id\":\"https:\/\/gr-100.com\/pt-pt\/producto\/specialized-diverge-4-expert-shimano-grx-di2-2026\/\",\"url\":\"https:\/\/gr-100.com\/pt-pt\/producto\/specialized-diverge-4-expert-shimano-grx-di2-2026\/\",\"name\":\"Specialized Diverge 4 Expert Shimano GRX Di2 2026 GR-100\",\"isPartOf\":{\"@id\":\"https:\/\/gr-100.com\/#website\"},\"primaryImageOfPage\":{\"@id\":\"https:\/\/gr-100.com\/pt-pt\/producto\/specialized-diverge-4-expert-shimano-grx-di2-2026\/#primaryimage\"},\"image\":{\"@id\":\"https:\/\/gr-100.com\/pt-pt\/producto\/specialized-diverge-4-expert-shimano-grx-di2-2026\/#primaryimage\"},\"thumbnailUrl\":\"https:\/\/gr-100.com\/wp-content\/uploads\/2025\/09\/Diverge-4-Expert-Fjord-Metallic.jpg\",\"datePublished\":\"2025-09-22T12:41:31+00:00\",\"description\":\"Cuadro Carbono FACT 9r. Suspensi\u00f3n Future Shock 3.2. Cambio Shimano GRX800 Di2 \/ ruedas Roval Terra C. SWAT 4.0. Peso 8.90 kg\",\"breadcrumb\":{\"@id\":\"https:\/\/gr-100.com\/pt-pt\/producto\/specialized-diverge-4-expert-shimano-grx-di2-2026\/#breadcrumb\"},\"inLanguage\":\"pt-PT\",\"potentialAction\":[{\"@type\":\"ReadAction\",\"target\":[\"https:\/\/gr-100.com\/pt-pt\/producto\/specialized-diverge-4-expert-shimano-grx-di2-2026\/\"]}]},{\"@type\":\"ImageObject\",\"inLanguage\":\"pt-PT\",\"@id\":\"https:\/\/gr-100.com\/pt-pt\/producto\/specialized-diverge-4-expert-shimano-grx-di2-2026\/#primaryimage\",\"url\":\"https:\/\/gr-100.com\/wp-content\/uploads\/2025\/09\/Diverge-4-Expert-Fjord-Metallic.jpg\",\"contentUrl\":\"https:\/\/gr-100.com\/wp-content\/uploads\/2025\/09\/Diverge-4-Expert-Fjord-Metallic.jpg\",\"width\":1000,\"height\":1000},{\"@type\":\"BreadcrumbList\",\"@id\":\"https:\/\/gr-100.com\/pt-pt\/producto\/specialized-diverge-4-expert-shimano-grx-di2-2026\/#breadcrumb\",\"itemListElement\":[{\"@type\":\"ListItem\",\"position\":1,\"name\":\"Portada\",\"item\":\"https:\/\/gr-100.com\/en\/\"},{\"@type\":\"ListItem\",\"position\":2,\"name\":\"Productos\",\"item\":\"https:\/\/gr-100.com\/?post_type=product\"},{\"@type\":\"ListItem\",\"position\":3,\"name\":\"Specialized Diverge 4 Expert Shimano GRX Di2 2026\"}]},{\"@type\":\"WebSite\",\"@id\":\"https:\/\/gr-100.com\/#website\",\"url\":\"https:\/\/gr-100.com\/\",\"name\":\"Gr-100 Tienda de ciclismo Specialized\",\"description\":\"GR-100 tenemos todas las gamas de bicicletas Specialized al mejor precio.\",\"publisher\":{\"@id\":\"https:\/\/gr-100.com\/#organization\"},\"alternateName\":\"Gr-100 Bikes\",\"potentialAction\":[{\"@type\":\"SearchAction\",\"target\":{\"@type\":\"EntryPoint\",\"urlTemplate\":\"https:\/\/gr-100.com\/?s={search_term_string}\"},\"query-input\":{\"@type\":\"PropertyValueSpecification\",\"valueRequired\":true,\"valueName\":\"search_term_string\"}}],\"inLanguage\":\"pt-PT\"},{\"@type\":\"Organization\",\"@id\":\"https:\/\/gr-100.com\/#organization\",\"name\":\"Gr-100\",\"url\":\"https:\/\/gr-100.com\/\",\"logo\":{\"@type\":\"ImageObject\",\"inLanguage\":\"pt-PT\",\"@id\":\"https:\/\/gr-100.com\/#\/schema\/logo\/image\/\",\"url\":\"https:\/\/gr-100.com\/wp-content\/uploads\/2023\/08\/logo-gr-100-bikes.png\",\"contentUrl\":\"https:\/\/gr-100.com\/wp-content\/uploads\/2023\/08\/logo-gr-100-bikes.png\",\"width\":707,\"height\":284,\"caption\":\"Gr-100\"},\"image\":{\"@id\":\"https:\/\/gr-100.com\/#\/schema\/logo\/image\/\"},\"sameAs\":[\"https:\/\/www.facebook.com\/Gr100Bikes\",\"https:\/\/www.instagram.com\/gr100bikes\/\",\"https:\/\/www.tiktok.com\/@gr100bikes\",\"https:\/\/twitter.com\/gr100mtbteam\",\"https:\/\/www.youtube.com\/c\/GR100Specialized\"]}]}<\/script>\n<!-- \/ Yoast SEO Premium plugin. -->","yoast_head_json":{"title":"Specialized Diverge 4 Expert Shimano GRX Di2 2026 GR-100","description":"Cuadro Carbono FACT 9r. Suspensi\u00f3n Future Shock 3.2. Cambio Shimano GRX800 Di2 \/ ruedas Roval Terra C. SWAT 4.0. Peso 8.90 kg","robots":{"index":"index","follow":"follow","max-snippet":"max-snippet:-1","max-image-preview":"max-image-preview:large","max-video-preview":"max-video-preview:-1"},"canonical":"https:\/\/gr-100.com\/pt-pt\/producto\/specialized-diverge-4-expert-shimano-grx-di2-2026\/","og_locale":"pt_PT","og_type":"article","og_title":"Specialized Diverge 4 Expert Shimano GRX Di2 2026","og_description":"Cuadro Carbono FACT 9r. Suspensi\u00f3n Future Shock 3.2. Cambio Shimano GRX800 Di2 \/ ruedas Roval Terra C. SWAT 4.0. Peso 8.90 kg","og_url":"https:\/\/gr-100.com\/pt-pt\/producto\/specialized-diverge-4-expert-shimano-grx-di2-2026\/","og_site_name":"Gr-100 Tienda de ciclismo Specialized","article_publisher":"https:\/\/www.facebook.com\/Gr100Bikes","og_image":[{"width":1000,"height":1000,"url":"https:\/\/gr-100.com\/wp-content\/uploads\/2025\/09\/Diverge-4-Expert-Fjord-Metallic.jpg","type":"image\/jpeg"}],"twitter_card":"summary_large_image","twitter_misc":{"Tempo estimado de leitura":"1 minuto"},"schema":{"@context":"https:\/\/schema.org","@graph":[{"@type":"WebPage","@id":"https:\/\/gr-100.com\/pt-pt\/producto\/specialized-diverge-4-expert-shimano-grx-di2-2026\/","url":"https:\/\/gr-100.com\/pt-pt\/producto\/specialized-diverge-4-expert-shimano-grx-di2-2026\/","name":"Specialized Diverge 4 Expert Shimano GRX Di2 2026 GR-100","isPartOf":{"@id":"https:\/\/gr-100.com\/#website"},"primaryImageOfPage":{"@id":"https:\/\/gr-100.com\/pt-pt\/producto\/specialized-diverge-4-expert-shimano-grx-di2-2026\/#primaryimage"},"image":{"@id":"https:\/\/gr-100.com\/pt-pt\/producto\/specialized-diverge-4-expert-shimano-grx-di2-2026\/#primaryimage"},"thumbnailUrl":"https:\/\/gr-100.com\/wp-content\/uploads\/2025\/09\/Diverge-4-Expert-Fjord-Metallic.jpg","datePublished":"2025-09-22T12:41:31+00:00","description":"Cuadro Carbono FACT 9r. Suspensi\u00f3n Future Shock 3.2. Cambio Shimano GRX800 Di2 \/ ruedas Roval Terra C. SWAT 4.0. Peso 8.90 kg","breadcrumb":{"@id":"https:\/\/gr-100.com\/pt-pt\/producto\/specialized-diverge-4-expert-shimano-grx-di2-2026\/#breadcrumb"},"inLanguage":"pt-PT","potentialAction":[{"@type":"ReadAction","target":["https:\/\/gr-100.com\/pt-pt\/producto\/specialized-diverge-4-expert-shimano-grx-di2-2026\/"]}]},{"@type":"ImageObject","inLanguage":"pt-PT","@id":"https:\/\/gr-100.com\/pt-pt\/producto\/specialized-diverge-4-expert-shimano-grx-di2-2026\/#primaryimage","url":"https:\/\/gr-100.com\/wp-content\/uploads\/2025\/09\/Diverge-4-Expert-Fjord-Metallic.jpg","contentUrl":"https:\/\/gr-100.com\/wp-content\/uploads\/2025\/09\/Diverge-4-Expert-Fjord-Metallic.jpg","width":1000,"height":1000},{"@type":"BreadcrumbList","@id":"https:\/\/gr-100.com\/pt-pt\/producto\/specialized-diverge-4-expert-shimano-grx-di2-2026\/#breadcrumb","itemListElement":[{"@type":"ListItem","position":1,"name":"Portada","item":"https:\/\/gr-100.com\/en\/"},{"@type":"ListItem","position":2,"name":"Productos","item":"https:\/\/gr-100.com\/?post_type=product"},{"@type":"ListItem","position":3,"name":"Specialized Diverge 4 Expert Shimano GRX Di2 2026"}]},{"@type":"WebSite","@id":"https:\/\/gr-100.com\/#website","url":"https:\/\/gr-100.com\/","name":"Gr-100 Tienda de ciclismo Specialized","description":"GR-100 tenemos todas las gamas de bicicletas Specialized al mejor precio.","publisher":{"@id":"https:\/\/gr-100.com\/#organization"},"alternateName":"Gr-100 Bikes","potentialAction":[{"@type":"SearchAction","target":{"@type":"EntryPoint","urlTemplate":"https:\/\/gr-100.com\/?s={search_term_string}"},"query-input":{"@type":"PropertyValueSpecification","valueRequired":true,"valueName":"search_term_string"}}],"inLanguage":"pt-PT"},{"@type":"Organization","@id":"https:\/\/gr-100.com\/#organization","name":"Gr-100","url":"https:\/\/gr-100.com\/","logo":{"@type":"ImageObject","inLanguage":"pt-PT","@id":"https:\/\/gr-100.com\/#\/schema\/logo\/image\/","url":"https:\/\/gr-100.com\/wp-content\/uploads\/2023\/08\/logo-gr-100-bikes.png","contentUrl":"https:\/\/gr-100.com\/wp-content\/uploads\/2023\/08\/logo-gr-100-bikes.png","width":707,"height":284,"caption":"Gr-100"},"image":{"@id":"https:\/\/gr-100.com\/#\/schema\/logo\/image\/"},"sameAs":["https:\/\/www.facebook.com\/Gr100Bikes","https:\/\/www.instagram.com\/gr100bikes\/","https:\/\/www.tiktok.com\/@gr100bikes","https:\/\/twitter.com\/gr100mtbteam","https:\/\/www.youtube.com\/c\/GR100Specialized"]}]}},"_links":{"self":[{"href":"https:\/\/gr-100.com\/pt-pt\/wp-json\/wp\/v2\/product\/428308","targetHints":{"allow":["GET"]}}],"collection":[{"href":"https:\/\/gr-100.com\/pt-pt\/wp-json\/wp\/v2\/product"}],"about":[{"href":"https:\/\/gr-100.com\/pt-pt\/wp-json\/wp\/v2\/types\/product"}],"replies":[{"embeddable":true,"href":"https:\/\/gr-100.com\/pt-pt\/wp-json\/wp\/v2\/comments?post=428308"}],"wp:featuredmedia":[{"embeddable":true,"href":"https:\/\/gr-100.com\/pt-pt\/wp-json\/wp\/v2\/media\/417028"}],"wp:attachment":[{"href":"https:\/\/gr-100.com\/pt-pt\/wp-json\/wp\/v2\/media?parent=428308"}],"wp:term":[{"taxonomy":"product_brand","embeddable":true,"href":"https:\/\/gr-100.com\/pt-pt\/wp-json\/wp\/v2\/product_brand?post=428308"},{"taxonomy":"product_cat","embeddable":true,"href":"https:\/\/gr-100.com\/pt-pt\/wp-json\/wp\/v2\/product_cat?post=428308"},{"taxonomy":"product_tag","embeddable":true,"href":"https:\/\/gr-100.com\/pt-pt\/wp-json\/wp\/v2\/product_tag?post=428308"}],"curies":[{"name":"wp","href":"https:\/\/api.w.org\/{rel}","templated":true}]}}