{"id":428347,"date":"2025-09-15T14:31:32","date_gmt":"2025-09-15T13:31:32","guid":{"rendered":"https:\/\/gr-100.com\/producto\/specialized-diverge-3-alloy-shimano-cues-2026\/"},"modified":"2025-09-15T14:31:32","modified_gmt":"2025-09-15T12:31:32","slug":"specialized-diverge-3-alloy-shimano-cues-2026","status":"publish","type":"product","link":"https:\/\/gr-100.com\/pt-pt\/producto\/specialized-diverge-3-alloy-shimano-cues-2026\/","title":{"rendered":"Specialized Diverge 3 Alloy Shimano CUES 2026"},"content":{"rendered":"<ul>\n<li>Afast\u00e1mo-nos completamente da geometria tradicional de gravel. A nova Diverge tem a geometria mais progressiva que alguma vez cri\u00e1mos numa bicicleta com guiador de drop bar, dando aos ciclistas uma bicicleta capaz e est\u00e1vel na terra, mas ainda assim responsiva e \u00e1gil na estrada. <\/li>\n<li>Aument\u00e1mos o alcance do quadro, afroux\u00e1mos o \u00e2ngulo do tubo da cabe\u00e7a e utiliz\u00e1mos uma forqueta com mais offset. Tudo isto cria uma incr\u00edvel sensa\u00e7\u00e3o de confian\u00e7a, com uma bicicleta que se sente plantada em terrenos soltos. Al\u00e9m disso, ao utilizarmos avan\u00e7os mais curtos, mantemos o mesmo comprimento total do cockpit e uma dire\u00e7\u00e3o \u00e1gil.<br \/>\nO movimento pedaleiro \u00e9 mantido baixo para estabilidade, mas suficientemente alto para usares rodas 650b se preferires.  <\/li>\n<li>Demos \u00e0 Diverge numerosos pontos de fixa\u00e7\u00e3o, incluindo suportes para a forqueta e para o tubo superior, para que possas transportar tudo o que precisas, independentemente da dist\u00e2ncia que percorras ou do tempo que planeias estar fora.<\/li>\n<li>Nada aumenta a capacidade de uma bicicleta como o arco da roda, e \u00e9 por isso que demos \u00e0 nova Diverge um espa\u00e7o generoso para pneus at\u00e9 47 mm com rodas 700c e at\u00e9 2,1&#8243; com rodas 650b.<\/li>\n<li>ESPECIFICA\u00c7\u00d5ES T\u00c9CNICAS<\/li>\n<li>Quadro<br \/>\nQuadro: Alum\u00ednio Specialized Diverge E5 Premium, suporte inferior roscado, passagem de cabos interna, eixo passante 12&#215;142 mm, trav\u00e3o de disco de montagem plana<br \/>\nSuspens\u00e3o<br \/>\nForquilha: Carbono FACT, tubo de dire\u00e7\u00e3o totalmente em carbono, eixo passante 12&#215;100 mm, trav\u00e3o de disco de montagem plana<\/li>\n<li>Trav\u00f5es<br \/>\nTrav\u00e3o dianteiro: Shimano CUES, trav\u00e3o de disco hidr\u00e1ulico<br \/>\nTrav\u00e3o traseiro: Shimano CUES, trav\u00e3o de disco hidr\u00e1ulico<\/li>\n<li>Trem de for\u00e7a<br \/>\nCorrente: KMC XGlide<br \/>\nPedaleira: Shimano CUES FC-U6030, 46\/32 dentes<br \/>\nDesviador dianteiro: Shimano CUES FD-U6030, montagem em bra\u00e7adeira<br \/>\nDesviador traseiro: Shimano CUES RD-U6020, 10 velocidades<br \/>\nShimano CUES ST-U6030 shifters<br \/>\nCassete: Shimano CUES, 11-39T, 10 velocidades<br \/>\nSuporte inferior: Shimano BSA com rosca<\/li>\n<li>Rodas e pneus<br \/>\nTubos: 700&#215;28\/38 mm, v\u00e1lvula Presta de 48 mm<br \/>\nRoda dianteira: AXIS Sport Disc<br \/>\nRoda traseira: AXIS Sport Disc<br \/>\nPneu dianteiro: Pathfinder Wirebead Fast Gravel 700x40C<br \/>\nPneu traseiro: Pathfinder Wirebead Fast Gravel 700x40C<\/li>\n<li>Cockpit<br \/>\nHaste: Liga forjada em 3D, 31,8 mm, \u00e2ngulo de 7\u00b0<br \/>\nEspig\u00e3o de selim: Liga, grampo de 2 parafusos, dropout de 12 mm, di\u00e2metro de 27,2 mm, ferragens anti-corros\u00e3o<br \/>\nBra\u00e7adeira de selim: Liga, 30,8 mm<br \/>\nSelim: Body Geometry Bridge, carris de a\u00e7o<br \/>\nGuiador: Specialized Shallow Drop, 6061, 125 mm de queda, 70 mm de alcance, bra\u00e7adeira de 31,8 mm<br \/>\nFita de guiador: Supacaz Suave<\/li>\n<li>Peso<br \/>\nTamanho de peso especificado: 56<br \/>\nPeso: 10,48 kg (23 lb, 1,7 oz)<\/li>\n<\/ul>\n","protected":false},"excerpt":{"rendered":"<p>Quer o teu objetivo seja escapar em estradas de gravilha longe do tr\u00e2nsito e das multid\u00f5es, alinhar no in\u00edcio da tua primeira corrida de gravilha, ou simplesmente ter a bicicleta mais vers\u00e1til para asfalto ou terra, n\u00e3o podes fazer melhor do que a nova Diverge.<br \/>\n\u00c9 simplesmente a bicicleta de alum\u00ednio mais r\u00e1pida, mais capaz &#8211; e talvez a mais divertida &#8211; que alguma vez cri\u00e1mos. Proporciona uma condu\u00e7\u00e3o \u00e1gil e animada, mas est\u00e1vel e confiante quando o terreno se torna complicado.<br \/>\nCom uma nova geometria espec\u00edfica para gravel e uma dist\u00e2ncia aos pneus l\u00edder na sua classe, a nova Diverge representa tudo o que aprendemos em mais de 40 anos de percursos em asfalto, terra e gravel. <\/p>\n","protected":false},"featured_media":415837,"comment_status":"open","ping_status":"closed","template":"","meta":{"_acf_changed":false,"_et_pb_use_builder":"","_et_pb_old_content":"","_et_gb_content_width":"","inline_featured_image":false},"product_brand":[],"product_cat":[2459,3346,5308],"product_tag":[],"class_list":{"0":"post-428347","1":"product","2":"type-product","3":"status-publish","4":"has-post-thumbnail","6":"product_cat-bicicletas-pt-pt-2","7":"product_cat-bicicletas-de-cascalho","8":"product_cat-bicicletas-de-gravel-specialized","9":"product_shipping_class-bicicletas-pt-pt","11":"first","12":"instock","13":"taxable","14":"shipping-taxable","15":"purchasable","16":"product-type-variable","17":"wvs-archive-product-wrapper"},"acf":[],"yoast_head":"<!-- This site is optimized with the Yoast SEO Premium plugin v26.7 (Yoast SEO v26.7) - https:\/\/yoast.com\/wordpress\/plugins\/seo\/ -->\n<title>Specialized Diverge 3 Alloy Shimano CUES 2026 GR-100<\/title>\n<meta name=\"description\" content=\"Quer o teu objetivo seja escapar em estradas de gravilha longe do tr\u00e2nsito e das multid\u00f5es, alinhar no in\u00edcio da tua primeira corrida de gravilha, ou simplesmente ter a bicicleta mais vers\u00e1til para asfalto ou terra, n\u00e3o podes bater a nova Diverge - \u00e9 simplesmente a bicicleta de alum\u00ednio mais r\u00e1pida, mais capaz - e talvez a mais divertida - que alguma vez cri\u00e1mos. Com uma nova geometria espec\u00edfica para gravel e um espa\u00e7o livre para os pneus l\u00edder na sua classe, a nova Diverge representa tudo o que aprendemos em mais de 40 anos de percursos em asfalto, terra e gravel.\" \/>\n<meta name=\"robots\" content=\"index, follow, max-snippet:-1, max-image-preview:large, max-video-preview:-1\" \/>\n<link rel=\"canonical\" href=\"https:\/\/gr-100.com\/pt-pt\/producto\/specialized-diverge-3-alloy-shimano-cues-2026\/\" \/>\n<meta property=\"og:locale\" content=\"pt_PT\" \/>\n<meta property=\"og:type\" content=\"article\" \/>\n<meta property=\"og:title\" content=\"Specialized Diverge 3 Alloy Shimano CUES 2026\" \/>\n<meta property=\"og:description\" content=\"Quer o teu objetivo seja escapar em estradas de gravilha longe do tr\u00e2nsito e das multid\u00f5es, alinhar no in\u00edcio da tua primeira corrida de gravilha, ou simplesmente ter a bicicleta mais vers\u00e1til para asfalto ou terra, n\u00e3o podes bater a nova Diverge - \u00e9 simplesmente a bicicleta de alum\u00ednio mais r\u00e1pida, mais capaz - e talvez a mais divertida - que alguma vez cri\u00e1mos. Com uma nova geometria espec\u00edfica para gravel e um espa\u00e7o livre para os pneus l\u00edder na sua classe, a nova Diverge representa tudo o que aprendemos em mais de 40 anos de percursos em asfalto, terra e gravel.\" \/>\n<meta property=\"og:url\" content=\"https:\/\/gr-100.com\/pt-pt\/producto\/specialized-diverge-3-alloy-shimano-cues-2026\/\" \/>\n<meta property=\"og:site_name\" content=\"Gr-100 Tienda de ciclismo Specialized\" \/>\n<meta property=\"article:publisher\" content=\"https:\/\/www.facebook.com\/Gr100Bikes\" \/>\n<meta property=\"og:image\" content=\"https:\/\/gr-100.com\/wp-content\/uploads\/2025\/09\/Diseno-sin-titulo-2025-09-15T135244.710.jpg\" \/>\n\t<meta property=\"og:image:width\" content=\"1000\" \/>\n\t<meta property=\"og:image:height\" content=\"1000\" \/>\n\t<meta property=\"og:image:type\" content=\"image\/jpeg\" \/>\n<meta name=\"twitter:card\" content=\"summary_large_image\" \/>\n<meta name=\"twitter:label1\" content=\"Tempo estimado de leitura\" \/>\n\t<meta name=\"twitter:data1\" content=\"2 minutos\" \/>\n<script type=\"application\/ld+json\" class=\"yoast-schema-graph\">{\"@context\":\"https:\/\/schema.org\",\"@graph\":[{\"@type\":\"WebPage\",\"@id\":\"https:\/\/gr-100.com\/pt-pt\/producto\/specialized-diverge-3-alloy-shimano-cues-2026\/\",\"url\":\"https:\/\/gr-100.com\/pt-pt\/producto\/specialized-diverge-3-alloy-shimano-cues-2026\/\",\"name\":\"Specialized Diverge 3 Alloy Shimano CUES 2026 GR-100\",\"isPartOf\":{\"@id\":\"https:\/\/gr-100.com\/#website\"},\"primaryImageOfPage\":{\"@id\":\"https:\/\/gr-100.com\/pt-pt\/producto\/specialized-diverge-3-alloy-shimano-cues-2026\/#primaryimage\"},\"image\":{\"@id\":\"https:\/\/gr-100.com\/pt-pt\/producto\/specialized-diverge-3-alloy-shimano-cues-2026\/#primaryimage\"},\"thumbnailUrl\":\"https:\/\/gr-100.com\/wp-content\/uploads\/2025\/09\/Diseno-sin-titulo-2025-09-15T135244.710.jpg\",\"datePublished\":\"2025-09-15T13:31:32+00:00\",\"description\":\"Quer o teu objetivo seja escapar em estradas de gravilha longe do tr\u00e2nsito e das multid\u00f5es, alinhar no in\u00edcio da tua primeira corrida de gravilha, ou simplesmente ter a bicicleta mais vers\u00e1til para asfalto ou terra, n\u00e3o podes bater a nova Diverge - \u00e9 simplesmente a bicicleta de alum\u00ednio mais r\u00e1pida, mais capaz - e talvez a mais divertida - que alguma vez cri\u00e1mos. Com uma nova geometria espec\u00edfica para gravel e um espa\u00e7o livre para os pneus l\u00edder na sua classe, a nova Diverge representa tudo o que aprendemos em mais de 40 anos de percursos em asfalto, terra e gravel.\",\"breadcrumb\":{\"@id\":\"https:\/\/gr-100.com\/pt-pt\/producto\/specialized-diverge-3-alloy-shimano-cues-2026\/#breadcrumb\"},\"inLanguage\":\"pt-PT\",\"potentialAction\":[{\"@type\":\"ReadAction\",\"target\":[\"https:\/\/gr-100.com\/pt-pt\/producto\/specialized-diverge-3-alloy-shimano-cues-2026\/\"]}]},{\"@type\":\"ImageObject\",\"inLanguage\":\"pt-PT\",\"@id\":\"https:\/\/gr-100.com\/pt-pt\/producto\/specialized-diverge-3-alloy-shimano-cues-2026\/#primaryimage\",\"url\":\"https:\/\/gr-100.com\/wp-content\/uploads\/2025\/09\/Diseno-sin-titulo-2025-09-15T135244.710.jpg\",\"contentUrl\":\"https:\/\/gr-100.com\/wp-content\/uploads\/2025\/09\/Diseno-sin-titulo-2025-09-15T135244.710.jpg\",\"width\":1000,\"height\":1000},{\"@type\":\"BreadcrumbList\",\"@id\":\"https:\/\/gr-100.com\/pt-pt\/producto\/specialized-diverge-3-alloy-shimano-cues-2026\/#breadcrumb\",\"itemListElement\":[{\"@type\":\"ListItem\",\"position\":1,\"name\":\"Portada\",\"item\":\"https:\/\/gr-100.com\/en\/\"},{\"@type\":\"ListItem\",\"position\":2,\"name\":\"Productos\",\"item\":\"https:\/\/gr-100.com\/?post_type=product\"},{\"@type\":\"ListItem\",\"position\":3,\"name\":\"Specialized Diverge 3 Alloy Shimano CUES 2026\"}]},{\"@type\":\"WebSite\",\"@id\":\"https:\/\/gr-100.com\/#website\",\"url\":\"https:\/\/gr-100.com\/\",\"name\":\"Gr-100 Tienda de ciclismo Specialized\",\"description\":\"GR-100 tenemos todas las gamas de bicicletas Specialized al mejor precio.\",\"publisher\":{\"@id\":\"https:\/\/gr-100.com\/#organization\"},\"alternateName\":\"Gr-100 Bikes\",\"potentialAction\":[{\"@type\":\"SearchAction\",\"target\":{\"@type\":\"EntryPoint\",\"urlTemplate\":\"https:\/\/gr-100.com\/?s={search_term_string}\"},\"query-input\":{\"@type\":\"PropertyValueSpecification\",\"valueRequired\":true,\"valueName\":\"search_term_string\"}}],\"inLanguage\":\"pt-PT\"},{\"@type\":\"Organization\",\"@id\":\"https:\/\/gr-100.com\/#organization\",\"name\":\"Gr-100\",\"url\":\"https:\/\/gr-100.com\/\",\"logo\":{\"@type\":\"ImageObject\",\"inLanguage\":\"pt-PT\",\"@id\":\"https:\/\/gr-100.com\/#\/schema\/logo\/image\/\",\"url\":\"https:\/\/gr-100.com\/wp-content\/uploads\/2023\/08\/logo-gr-100-bikes.png\",\"contentUrl\":\"https:\/\/gr-100.com\/wp-content\/uploads\/2023\/08\/logo-gr-100-bikes.png\",\"width\":707,\"height\":284,\"caption\":\"Gr-100\"},\"image\":{\"@id\":\"https:\/\/gr-100.com\/#\/schema\/logo\/image\/\"},\"sameAs\":[\"https:\/\/www.facebook.com\/Gr100Bikes\",\"https:\/\/www.instagram.com\/gr100bikes\/\",\"https:\/\/www.tiktok.com\/@gr100bikes\",\"https:\/\/twitter.com\/gr100mtbteam\",\"https:\/\/www.youtube.com\/c\/GR100Specialized\"]}]}<\/script>\n<!-- \/ Yoast SEO Premium plugin. -->","yoast_head_json":{"title":"Specialized Diverge 3 Alloy Shimano CUES 2026 GR-100","description":"Quer o teu objetivo seja escapar em estradas de gravilha longe do tr\u00e2nsito e das multid\u00f5es, alinhar no in\u00edcio da tua primeira corrida de gravilha, ou simplesmente ter a bicicleta mais vers\u00e1til para asfalto ou terra, n\u00e3o podes bater a nova Diverge - \u00e9 simplesmente a bicicleta de alum\u00ednio mais r\u00e1pida, mais capaz - e talvez a mais divertida - que alguma vez cri\u00e1mos. Com uma nova geometria espec\u00edfica para gravel e um espa\u00e7o livre para os pneus l\u00edder na sua classe, a nova Diverge representa tudo o que aprendemos em mais de 40 anos de percursos em asfalto, terra e gravel.","robots":{"index":"index","follow":"follow","max-snippet":"max-snippet:-1","max-image-preview":"max-image-preview:large","max-video-preview":"max-video-preview:-1"},"canonical":"https:\/\/gr-100.com\/pt-pt\/producto\/specialized-diverge-3-alloy-shimano-cues-2026\/","og_locale":"pt_PT","og_type":"article","og_title":"Specialized Diverge 3 Alloy Shimano CUES 2026","og_description":"Quer o teu objetivo seja escapar em estradas de gravilha longe do tr\u00e2nsito e das multid\u00f5es, alinhar no in\u00edcio da tua primeira corrida de gravilha, ou simplesmente ter a bicicleta mais vers\u00e1til para asfalto ou terra, n\u00e3o podes bater a nova Diverge - \u00e9 simplesmente a bicicleta de alum\u00ednio mais r\u00e1pida, mais capaz - e talvez a mais divertida - que alguma vez cri\u00e1mos. Com uma nova geometria espec\u00edfica para gravel e um espa\u00e7o livre para os pneus l\u00edder na sua classe, a nova Diverge representa tudo o que aprendemos em mais de 40 anos de percursos em asfalto, terra e gravel.","og_url":"https:\/\/gr-100.com\/pt-pt\/producto\/specialized-diverge-3-alloy-shimano-cues-2026\/","og_site_name":"Gr-100 Tienda de ciclismo Specialized","article_publisher":"https:\/\/www.facebook.com\/Gr100Bikes","og_image":[{"width":1000,"height":1000,"url":"https:\/\/gr-100.com\/wp-content\/uploads\/2025\/09\/Diseno-sin-titulo-2025-09-15T135244.710.jpg","type":"image\/jpeg"}],"twitter_card":"summary_large_image","twitter_misc":{"Tempo estimado de leitura":"2 minutos"},"schema":{"@context":"https:\/\/schema.org","@graph":[{"@type":"WebPage","@id":"https:\/\/gr-100.com\/pt-pt\/producto\/specialized-diverge-3-alloy-shimano-cues-2026\/","url":"https:\/\/gr-100.com\/pt-pt\/producto\/specialized-diverge-3-alloy-shimano-cues-2026\/","name":"Specialized Diverge 3 Alloy Shimano CUES 2026 GR-100","isPartOf":{"@id":"https:\/\/gr-100.com\/#website"},"primaryImageOfPage":{"@id":"https:\/\/gr-100.com\/pt-pt\/producto\/specialized-diverge-3-alloy-shimano-cues-2026\/#primaryimage"},"image":{"@id":"https:\/\/gr-100.com\/pt-pt\/producto\/specialized-diverge-3-alloy-shimano-cues-2026\/#primaryimage"},"thumbnailUrl":"https:\/\/gr-100.com\/wp-content\/uploads\/2025\/09\/Diseno-sin-titulo-2025-09-15T135244.710.jpg","datePublished":"2025-09-15T13:31:32+00:00","description":"Quer o teu objetivo seja escapar em estradas de gravilha longe do tr\u00e2nsito e das multid\u00f5es, alinhar no in\u00edcio da tua primeira corrida de gravilha, ou simplesmente ter a bicicleta mais vers\u00e1til para asfalto ou terra, n\u00e3o podes bater a nova Diverge - \u00e9 simplesmente a bicicleta de alum\u00ednio mais r\u00e1pida, mais capaz - e talvez a mais divertida - que alguma vez cri\u00e1mos. Com uma nova geometria espec\u00edfica para gravel e um espa\u00e7o livre para os pneus l\u00edder na sua classe, a nova Diverge representa tudo o que aprendemos em mais de 40 anos de percursos em asfalto, terra e gravel.","breadcrumb":{"@id":"https:\/\/gr-100.com\/pt-pt\/producto\/specialized-diverge-3-alloy-shimano-cues-2026\/#breadcrumb"},"inLanguage":"pt-PT","potentialAction":[{"@type":"ReadAction","target":["https:\/\/gr-100.com\/pt-pt\/producto\/specialized-diverge-3-alloy-shimano-cues-2026\/"]}]},{"@type":"ImageObject","inLanguage":"pt-PT","@id":"https:\/\/gr-100.com\/pt-pt\/producto\/specialized-diverge-3-alloy-shimano-cues-2026\/#primaryimage","url":"https:\/\/gr-100.com\/wp-content\/uploads\/2025\/09\/Diseno-sin-titulo-2025-09-15T135244.710.jpg","contentUrl":"https:\/\/gr-100.com\/wp-content\/uploads\/2025\/09\/Diseno-sin-titulo-2025-09-15T135244.710.jpg","width":1000,"height":1000},{"@type":"BreadcrumbList","@id":"https:\/\/gr-100.com\/pt-pt\/producto\/specialized-diverge-3-alloy-shimano-cues-2026\/#breadcrumb","itemListElement":[{"@type":"ListItem","position":1,"name":"Portada","item":"https:\/\/gr-100.com\/en\/"},{"@type":"ListItem","position":2,"name":"Productos","item":"https:\/\/gr-100.com\/?post_type=product"},{"@type":"ListItem","position":3,"name":"Specialized Diverge 3 Alloy Shimano CUES 2026"}]},{"@type":"WebSite","@id":"https:\/\/gr-100.com\/#website","url":"https:\/\/gr-100.com\/","name":"Gr-100 Tienda de ciclismo Specialized","description":"GR-100 tenemos todas las gamas de bicicletas Specialized al mejor precio.","publisher":{"@id":"https:\/\/gr-100.com\/#organization"},"alternateName":"Gr-100 Bikes","potentialAction":[{"@type":"SearchAction","target":{"@type":"EntryPoint","urlTemplate":"https:\/\/gr-100.com\/?s={search_term_string}"},"query-input":{"@type":"PropertyValueSpecification","valueRequired":true,"valueName":"search_term_string"}}],"inLanguage":"pt-PT"},{"@type":"Organization","@id":"https:\/\/gr-100.com\/#organization","name":"Gr-100","url":"https:\/\/gr-100.com\/","logo":{"@type":"ImageObject","inLanguage":"pt-PT","@id":"https:\/\/gr-100.com\/#\/schema\/logo\/image\/","url":"https:\/\/gr-100.com\/wp-content\/uploads\/2023\/08\/logo-gr-100-bikes.png","contentUrl":"https:\/\/gr-100.com\/wp-content\/uploads\/2023\/08\/logo-gr-100-bikes.png","width":707,"height":284,"caption":"Gr-100"},"image":{"@id":"https:\/\/gr-100.com\/#\/schema\/logo\/image\/"},"sameAs":["https:\/\/www.facebook.com\/Gr100Bikes","https:\/\/www.instagram.com\/gr100bikes\/","https:\/\/www.tiktok.com\/@gr100bikes","https:\/\/twitter.com\/gr100mtbteam","https:\/\/www.youtube.com\/c\/GR100Specialized"]}]}},"_links":{"self":[{"href":"https:\/\/gr-100.com\/pt-pt\/wp-json\/wp\/v2\/product\/428347","targetHints":{"allow":["GET"]}}],"collection":[{"href":"https:\/\/gr-100.com\/pt-pt\/wp-json\/wp\/v2\/product"}],"about":[{"href":"https:\/\/gr-100.com\/pt-pt\/wp-json\/wp\/v2\/types\/product"}],"replies":[{"embeddable":true,"href":"https:\/\/gr-100.com\/pt-pt\/wp-json\/wp\/v2\/comments?post=428347"}],"wp:featuredmedia":[{"embeddable":true,"href":"https:\/\/gr-100.com\/pt-pt\/wp-json\/wp\/v2\/media\/415837"}],"wp:attachment":[{"href":"https:\/\/gr-100.com\/pt-pt\/wp-json\/wp\/v2\/media?parent=428347"}],"wp:term":[{"taxonomy":"product_brand","embeddable":true,"href":"https:\/\/gr-100.com\/pt-pt\/wp-json\/wp\/v2\/product_brand?post=428347"},{"taxonomy":"product_cat","embeddable":true,"href":"https:\/\/gr-100.com\/pt-pt\/wp-json\/wp\/v2\/product_cat?post=428347"},{"taxonomy":"product_tag","embeddable":true,"href":"https:\/\/gr-100.com\/pt-pt\/wp-json\/wp\/v2\/product_tag?post=428347"}],"curies":[{"name":"wp","href":"https:\/\/api.w.org\/{rel}","templated":true}]}}