{"id":428383,"date":"2025-09-15T13:48:05","date_gmt":"2025-09-15T12:48:05","guid":{"rendered":"https:\/\/gr-100.com\/producto\/specialized-crux-dsw-comp-2026\/"},"modified":"2025-09-15T13:48:05","modified_gmt":"2025-09-15T11:48:05","slug":"specialized-crux-dsw-comp-2026","status":"publish","type":"product","link":"https:\/\/gr-100.com\/pt-pt\/producto\/specialized-crux-dsw-comp-2026\/","title":{"rendered":"Specialized Crux DSW Comp 2026"},"content":{"rendered":"<ul>\n<li>M\u00e1s ligera: 1399 g para el cuadro Crux DSW (en bruto, sin pintura). Tomamos todo lo aprendido al desarrollar la Crux de carbono y lo aplicamos utilizando nuestra tecnolog\u00eda patentada D\u2019Aluisio Smartweld para hacerla realidad en aluminio. <\/li>\n<li>Peso para talla 56 cm en el color m\u00e1s ligero. El peso de los cuadros de producci\u00f3n puede variar. <\/li>\n<li>Capaz: Espacio para neum\u00e1ticos de hasta 47c o 650b x 2.1\u201d. M\u00e1s espacio significa mayor capacidad. Con un paso de rueda al nivel de la Diverge, la Crux te lleva a donde quieras imaginar.  <\/li>\n<li>Rea\u00e7\u00e3o: \u00c1gil, suave e reactiva. Responde com precis\u00e3o ao pedalar. Confort\u00e1vel no selim. Concebida com uma geometria de gravel de alto desempenho e um ajuste influenciado pela corrida, inspirado na hist\u00f3ria ic\u00f3nica do ciclocross da Crux.   <\/li>\n<li>ESPECIFICA\u00c7\u00d5ES T\u00c9CNICAS<\/li>\n<li>Cuadro<br \/>\nCuadro: Specialized E5 Premium Aluminum Disc con tecnolog\u00eda D\u2019Aluisio Smartweld, tubos de aluminio hidroformados, tubo de direcci\u00f3n c\u00f3nico, caja de pedalier roscada, puntera UDH<\/li>\n<li>Suspens\u00e3o<br \/>\nForquilha: S-Works FACT Carbon, eixo passante 12&#215;100 mm, trav\u00e3o de disco de montagem plana<\/li>\n<li>Frenos<br \/>\nFreno delantero: SRAM Apex, disco hidr\u00e1ulico<br \/>\nFreno trasero: SRAM Apex, disco hidr\u00e1ulico<\/li>\n<li>Transmisi\u00f3n<br \/>\nCassette: SRAM APEX XPLR, 12 velocidades, 11-44T<br \/>\nManetas de cambio\/freno: SRAM Apex<br \/>\nCadena: SRAM Apex D1<br \/>\nBielas: SRAM Apex DUB Wide, 40 dientes<br \/>\nCambio trasero: SRAM Apex XPLR, mec\u00e1nico, 12 velocidades<br \/>\nCaja de pedalier: SRAM DUB BSA 68 Wide<\/li>\n<li>Ruedas y neum\u00e1ticos<br \/>\nRueda delantera:<br \/>\nAro DT Swiss G540, ancho interno de 24 mm, tubeless ready, 24 radios<br \/>\nBuje Specialized con rodamientos sellados, eje pasante<br \/>\nDisco centerlock<br \/>\nRadios DT Swiss Champion 14G de acero inoxidable<br \/>\nNipples de lat\u00f3n DT Swiss<br \/>\nRueda trasera:<br \/>\nIgual a la delantera<br \/>\nNeum\u00e1ticos: Pathfinder 700&#215;40, tubeless ready (delantero y trasero)<br \/>\nC\u00e1maras: Presta, 700&#215;32-50 mm<\/li>\n<li>Cockpit<br \/>\nTija de sill\u00edn: Aleaci\u00f3n, sujeci\u00f3n de 2 tornillos, retroceso de 12 mm, di\u00e1metro de 27,2 mm, herrajes anticorrosi\u00f3n<br \/>\nSill\u00edn: Body Geometry Power Sport, ra\u00edles de acero<br \/>\nManillar: Specialized Adventure Gear, ca\u00edda de 118,9 mm, alcance de 70 mm, apertura de 12\u00b0<br \/>\nAbrazadera de sill\u00edn: Specialized de aleaci\u00f3n, 30,8 mm<br \/>\nPotencia: Specialized, aleaci\u00f3n forjada en 3D, 4 tornillos, \u00e1ngulo de 7\u00b0<br \/>\nCinta de manillar: Supacaz Super Sticky Kush<\/li>\n<li>Detalles del producto<br \/>\nTalla del peso especificado: 56<br \/>\nPeso: 9,44 kg (20 lb, 13.0 oz)<\/li>\n<\/ul>\n","protected":false},"excerpt":{"rendered":"<p>La Crux DSW es mucho m\u00e1s que la bicicleta de gravel de aluminio m\u00e1s ligera jam\u00e1s fabricada. Tomamos todo lo que aprendimos al crear la Crux de carbono y lo hicimos realidad en aluminio utilizando nuestra tecnolog\u00eda patentada D\u2019Aluisio Smartweld.<br \/>\nEl resultado: la bicicleta de gravel de aluminio m\u00e1s capaz, \u00e1gil, equilibrada y responsiva jam\u00e1s creada, pensada para rodar r\u00e1pido, divertirse y rendir al m\u00e1ximo. <\/p>\n","protected":false},"featured_media":415770,"comment_status":"open","ping_status":"closed","template":"","meta":{"_acf_changed":false,"_et_pb_use_builder":"","_et_pb_old_content":"","_et_gb_content_width":"","inline_featured_image":false},"product_brand":[],"product_cat":[2459,3346,5308],"product_tag":[],"class_list":{"0":"post-428383","1":"product","2":"type-product","3":"status-publish","4":"has-post-thumbnail","6":"product_cat-bicicletas-pt-pt-2","7":"product_cat-bicicletas-de-cascalho","8":"product_cat-bicicletas-de-gravel-specialized","9":"product_shipping_class-bicicletas-pt-pt","11":"first","12":"instock","13":"taxable","14":"shipping-taxable","15":"purchasable","16":"product-type-variable","17":"wvs-archive-product-wrapper"},"acf":[],"yoast_head":"<!-- This site is optimized with the Yoast SEO Premium plugin v26.7 (Yoast SEO v26.7) - https:\/\/yoast.com\/wordpress\/plugins\/seo\/ -->\n<title>Specialized Crux DSW Comp 2026 GR-100<\/title>\n<meta name=\"description\" content=\"La Crux DSW es mucho m\u00e1s que la bicicleta de gravel de aluminio m\u00e1s ligera jam\u00e1s fabricada. Tomamos todo lo que aprendimos al crear la Crux de carbono y lo hicimos realidad en aluminio utilizando nuestra tecnolog\u00eda patentada D\u2019Aluisio Smartweld.El resultado: la bicicleta de gravel de aluminio m\u00e1s capaz, \u00e1gil, equilibrada y responsiva jam\u00e1s creada, pensada para rodar r\u00e1pido, divertirse y rendir al m\u00e1ximo.\" \/>\n<meta name=\"robots\" content=\"index, follow, max-snippet:-1, max-image-preview:large, max-video-preview:-1\" \/>\n<link rel=\"canonical\" href=\"https:\/\/gr-100.com\/pt-pt\/producto\/specialized-crux-dsw-comp-2026\/\" \/>\n<meta property=\"og:locale\" content=\"pt_PT\" \/>\n<meta property=\"og:type\" content=\"article\" \/>\n<meta property=\"og:title\" content=\"Specialized Crux DSW Comp 2026\" \/>\n<meta property=\"og:description\" content=\"La Crux DSW es mucho m\u00e1s que la bicicleta de gravel de aluminio m\u00e1s ligera jam\u00e1s fabricada. Tomamos todo lo que aprendimos al crear la Crux de carbono y lo hicimos realidad en aluminio utilizando nuestra tecnolog\u00eda patentada D\u2019Aluisio Smartweld.El resultado: la bicicleta de gravel de aluminio m\u00e1s capaz, \u00e1gil, equilibrada y responsiva jam\u00e1s creada, pensada para rodar r\u00e1pido, divertirse y rendir al m\u00e1ximo.\" \/>\n<meta property=\"og:url\" content=\"https:\/\/gr-100.com\/pt-pt\/producto\/specialized-crux-dsw-comp-2026\/\" \/>\n<meta property=\"og:site_name\" content=\"Gr-100 Tienda de ciclismo Specialized\" \/>\n<meta property=\"article:publisher\" content=\"https:\/\/www.facebook.com\/Gr100Bikes\" \/>\n<meta property=\"og:image\" content=\"https:\/\/gr-100.com\/wp-content\/uploads\/2025\/09\/Diseno-sin-titulo-2025-09-15T132253.821.jpg\" \/>\n\t<meta property=\"og:image:width\" content=\"1000\" \/>\n\t<meta property=\"og:image:height\" content=\"1000\" \/>\n\t<meta property=\"og:image:type\" content=\"image\/jpeg\" \/>\n<meta name=\"twitter:card\" content=\"summary_large_image\" \/>\n<meta name=\"twitter:label1\" content=\"Tempo estimado de leitura\" \/>\n\t<meta name=\"twitter:data1\" content=\"2 minutos\" \/>\n<script type=\"application\/ld+json\" class=\"yoast-schema-graph\">{\"@context\":\"https:\/\/schema.org\",\"@graph\":[{\"@type\":\"WebPage\",\"@id\":\"https:\/\/gr-100.com\/pt-pt\/producto\/specialized-crux-dsw-comp-2026\/\",\"url\":\"https:\/\/gr-100.com\/pt-pt\/producto\/specialized-crux-dsw-comp-2026\/\",\"name\":\"Specialized Crux DSW Comp 2026 GR-100\",\"isPartOf\":{\"@id\":\"https:\/\/gr-100.com\/#website\"},\"primaryImageOfPage\":{\"@id\":\"https:\/\/gr-100.com\/pt-pt\/producto\/specialized-crux-dsw-comp-2026\/#primaryimage\"},\"image\":{\"@id\":\"https:\/\/gr-100.com\/pt-pt\/producto\/specialized-crux-dsw-comp-2026\/#primaryimage\"},\"thumbnailUrl\":\"https:\/\/gr-100.com\/wp-content\/uploads\/2025\/09\/Diseno-sin-titulo-2025-09-15T132253.821.jpg\",\"datePublished\":\"2025-09-15T12:48:05+00:00\",\"description\":\"La Crux DSW es mucho m\u00e1s que la bicicleta de gravel de aluminio m\u00e1s ligera jam\u00e1s fabricada. Tomamos todo lo que aprendimos al crear la Crux de carbono y lo hicimos realidad en aluminio utilizando nuestra tecnolog\u00eda patentada D\u2019Aluisio Smartweld.El resultado: la bicicleta de gravel de aluminio m\u00e1s capaz, \u00e1gil, equilibrada y responsiva jam\u00e1s creada, pensada para rodar r\u00e1pido, divertirse y rendir al m\u00e1ximo.\",\"breadcrumb\":{\"@id\":\"https:\/\/gr-100.com\/pt-pt\/producto\/specialized-crux-dsw-comp-2026\/#breadcrumb\"},\"inLanguage\":\"pt-PT\",\"potentialAction\":[{\"@type\":\"ReadAction\",\"target\":[\"https:\/\/gr-100.com\/pt-pt\/producto\/specialized-crux-dsw-comp-2026\/\"]}]},{\"@type\":\"ImageObject\",\"inLanguage\":\"pt-PT\",\"@id\":\"https:\/\/gr-100.com\/pt-pt\/producto\/specialized-crux-dsw-comp-2026\/#primaryimage\",\"url\":\"https:\/\/gr-100.com\/wp-content\/uploads\/2025\/09\/Diseno-sin-titulo-2025-09-15T132253.821.jpg\",\"contentUrl\":\"https:\/\/gr-100.com\/wp-content\/uploads\/2025\/09\/Diseno-sin-titulo-2025-09-15T132253.821.jpg\",\"width\":1000,\"height\":1000},{\"@type\":\"BreadcrumbList\",\"@id\":\"https:\/\/gr-100.com\/pt-pt\/producto\/specialized-crux-dsw-comp-2026\/#breadcrumb\",\"itemListElement\":[{\"@type\":\"ListItem\",\"position\":1,\"name\":\"Portada\",\"item\":\"https:\/\/gr-100.com\/en\/\"},{\"@type\":\"ListItem\",\"position\":2,\"name\":\"Productos\",\"item\":\"https:\/\/gr-100.com\/?post_type=product\"},{\"@type\":\"ListItem\",\"position\":3,\"name\":\"Specialized Crux DSW Comp 2026\"}]},{\"@type\":\"WebSite\",\"@id\":\"https:\/\/gr-100.com\/#website\",\"url\":\"https:\/\/gr-100.com\/\",\"name\":\"Gr-100 Tienda de ciclismo Specialized\",\"description\":\"GR-100 tenemos todas las gamas de bicicletas Specialized al mejor precio.\",\"publisher\":{\"@id\":\"https:\/\/gr-100.com\/#organization\"},\"alternateName\":\"Gr-100 Bikes\",\"potentialAction\":[{\"@type\":\"SearchAction\",\"target\":{\"@type\":\"EntryPoint\",\"urlTemplate\":\"https:\/\/gr-100.com\/?s={search_term_string}\"},\"query-input\":{\"@type\":\"PropertyValueSpecification\",\"valueRequired\":true,\"valueName\":\"search_term_string\"}}],\"inLanguage\":\"pt-PT\"},{\"@type\":\"Organization\",\"@id\":\"https:\/\/gr-100.com\/#organization\",\"name\":\"Gr-100\",\"url\":\"https:\/\/gr-100.com\/\",\"logo\":{\"@type\":\"ImageObject\",\"inLanguage\":\"pt-PT\",\"@id\":\"https:\/\/gr-100.com\/#\/schema\/logo\/image\/\",\"url\":\"https:\/\/gr-100.com\/wp-content\/uploads\/2023\/08\/logo-gr-100-bikes.png\",\"contentUrl\":\"https:\/\/gr-100.com\/wp-content\/uploads\/2023\/08\/logo-gr-100-bikes.png\",\"width\":707,\"height\":284,\"caption\":\"Gr-100\"},\"image\":{\"@id\":\"https:\/\/gr-100.com\/#\/schema\/logo\/image\/\"},\"sameAs\":[\"https:\/\/www.facebook.com\/Gr100Bikes\",\"https:\/\/www.instagram.com\/gr100bikes\/\",\"https:\/\/www.tiktok.com\/@gr100bikes\",\"https:\/\/twitter.com\/gr100mtbteam\",\"https:\/\/www.youtube.com\/c\/GR100Specialized\"]}]}<\/script>\n<!-- \/ Yoast SEO Premium plugin. -->","yoast_head_json":{"title":"Specialized Crux DSW Comp 2026 GR-100","description":"La Crux DSW es mucho m\u00e1s que la bicicleta de gravel de aluminio m\u00e1s ligera jam\u00e1s fabricada. Tomamos todo lo que aprendimos al crear la Crux de carbono y lo hicimos realidad en aluminio utilizando nuestra tecnolog\u00eda patentada D\u2019Aluisio Smartweld.El resultado: la bicicleta de gravel de aluminio m\u00e1s capaz, \u00e1gil, equilibrada y responsiva jam\u00e1s creada, pensada para rodar r\u00e1pido, divertirse y rendir al m\u00e1ximo.","robots":{"index":"index","follow":"follow","max-snippet":"max-snippet:-1","max-image-preview":"max-image-preview:large","max-video-preview":"max-video-preview:-1"},"canonical":"https:\/\/gr-100.com\/pt-pt\/producto\/specialized-crux-dsw-comp-2026\/","og_locale":"pt_PT","og_type":"article","og_title":"Specialized Crux DSW Comp 2026","og_description":"La Crux DSW es mucho m\u00e1s que la bicicleta de gravel de aluminio m\u00e1s ligera jam\u00e1s fabricada. Tomamos todo lo que aprendimos al crear la Crux de carbono y lo hicimos realidad en aluminio utilizando nuestra tecnolog\u00eda patentada D\u2019Aluisio Smartweld.El resultado: la bicicleta de gravel de aluminio m\u00e1s capaz, \u00e1gil, equilibrada y responsiva jam\u00e1s creada, pensada para rodar r\u00e1pido, divertirse y rendir al m\u00e1ximo.","og_url":"https:\/\/gr-100.com\/pt-pt\/producto\/specialized-crux-dsw-comp-2026\/","og_site_name":"Gr-100 Tienda de ciclismo Specialized","article_publisher":"https:\/\/www.facebook.com\/Gr100Bikes","og_image":[{"width":1000,"height":1000,"url":"https:\/\/gr-100.com\/wp-content\/uploads\/2025\/09\/Diseno-sin-titulo-2025-09-15T132253.821.jpg","type":"image\/jpeg"}],"twitter_card":"summary_large_image","twitter_misc":{"Tempo estimado de leitura":"2 minutos"},"schema":{"@context":"https:\/\/schema.org","@graph":[{"@type":"WebPage","@id":"https:\/\/gr-100.com\/pt-pt\/producto\/specialized-crux-dsw-comp-2026\/","url":"https:\/\/gr-100.com\/pt-pt\/producto\/specialized-crux-dsw-comp-2026\/","name":"Specialized Crux DSW Comp 2026 GR-100","isPartOf":{"@id":"https:\/\/gr-100.com\/#website"},"primaryImageOfPage":{"@id":"https:\/\/gr-100.com\/pt-pt\/producto\/specialized-crux-dsw-comp-2026\/#primaryimage"},"image":{"@id":"https:\/\/gr-100.com\/pt-pt\/producto\/specialized-crux-dsw-comp-2026\/#primaryimage"},"thumbnailUrl":"https:\/\/gr-100.com\/wp-content\/uploads\/2025\/09\/Diseno-sin-titulo-2025-09-15T132253.821.jpg","datePublished":"2025-09-15T12:48:05+00:00","description":"La Crux DSW es mucho m\u00e1s que la bicicleta de gravel de aluminio m\u00e1s ligera jam\u00e1s fabricada. Tomamos todo lo que aprendimos al crear la Crux de carbono y lo hicimos realidad en aluminio utilizando nuestra tecnolog\u00eda patentada D\u2019Aluisio Smartweld.El resultado: la bicicleta de gravel de aluminio m\u00e1s capaz, \u00e1gil, equilibrada y responsiva jam\u00e1s creada, pensada para rodar r\u00e1pido, divertirse y rendir al m\u00e1ximo.","breadcrumb":{"@id":"https:\/\/gr-100.com\/pt-pt\/producto\/specialized-crux-dsw-comp-2026\/#breadcrumb"},"inLanguage":"pt-PT","potentialAction":[{"@type":"ReadAction","target":["https:\/\/gr-100.com\/pt-pt\/producto\/specialized-crux-dsw-comp-2026\/"]}]},{"@type":"ImageObject","inLanguage":"pt-PT","@id":"https:\/\/gr-100.com\/pt-pt\/producto\/specialized-crux-dsw-comp-2026\/#primaryimage","url":"https:\/\/gr-100.com\/wp-content\/uploads\/2025\/09\/Diseno-sin-titulo-2025-09-15T132253.821.jpg","contentUrl":"https:\/\/gr-100.com\/wp-content\/uploads\/2025\/09\/Diseno-sin-titulo-2025-09-15T132253.821.jpg","width":1000,"height":1000},{"@type":"BreadcrumbList","@id":"https:\/\/gr-100.com\/pt-pt\/producto\/specialized-crux-dsw-comp-2026\/#breadcrumb","itemListElement":[{"@type":"ListItem","position":1,"name":"Portada","item":"https:\/\/gr-100.com\/en\/"},{"@type":"ListItem","position":2,"name":"Productos","item":"https:\/\/gr-100.com\/?post_type=product"},{"@type":"ListItem","position":3,"name":"Specialized Crux DSW Comp 2026"}]},{"@type":"WebSite","@id":"https:\/\/gr-100.com\/#website","url":"https:\/\/gr-100.com\/","name":"Gr-100 Tienda de ciclismo Specialized","description":"GR-100 tenemos todas las gamas de bicicletas Specialized al mejor precio.","publisher":{"@id":"https:\/\/gr-100.com\/#organization"},"alternateName":"Gr-100 Bikes","potentialAction":[{"@type":"SearchAction","target":{"@type":"EntryPoint","urlTemplate":"https:\/\/gr-100.com\/?s={search_term_string}"},"query-input":{"@type":"PropertyValueSpecification","valueRequired":true,"valueName":"search_term_string"}}],"inLanguage":"pt-PT"},{"@type":"Organization","@id":"https:\/\/gr-100.com\/#organization","name":"Gr-100","url":"https:\/\/gr-100.com\/","logo":{"@type":"ImageObject","inLanguage":"pt-PT","@id":"https:\/\/gr-100.com\/#\/schema\/logo\/image\/","url":"https:\/\/gr-100.com\/wp-content\/uploads\/2023\/08\/logo-gr-100-bikes.png","contentUrl":"https:\/\/gr-100.com\/wp-content\/uploads\/2023\/08\/logo-gr-100-bikes.png","width":707,"height":284,"caption":"Gr-100"},"image":{"@id":"https:\/\/gr-100.com\/#\/schema\/logo\/image\/"},"sameAs":["https:\/\/www.facebook.com\/Gr100Bikes","https:\/\/www.instagram.com\/gr100bikes\/","https:\/\/www.tiktok.com\/@gr100bikes","https:\/\/twitter.com\/gr100mtbteam","https:\/\/www.youtube.com\/c\/GR100Specialized"]}]}},"_links":{"self":[{"href":"https:\/\/gr-100.com\/pt-pt\/wp-json\/wp\/v2\/product\/428383","targetHints":{"allow":["GET"]}}],"collection":[{"href":"https:\/\/gr-100.com\/pt-pt\/wp-json\/wp\/v2\/product"}],"about":[{"href":"https:\/\/gr-100.com\/pt-pt\/wp-json\/wp\/v2\/types\/product"}],"replies":[{"embeddable":true,"href":"https:\/\/gr-100.com\/pt-pt\/wp-json\/wp\/v2\/comments?post=428383"}],"wp:featuredmedia":[{"embeddable":true,"href":"https:\/\/gr-100.com\/pt-pt\/wp-json\/wp\/v2\/media\/415770"}],"wp:attachment":[{"href":"https:\/\/gr-100.com\/pt-pt\/wp-json\/wp\/v2\/media?parent=428383"}],"wp:term":[{"taxonomy":"product_brand","embeddable":true,"href":"https:\/\/gr-100.com\/pt-pt\/wp-json\/wp\/v2\/product_brand?post=428383"},{"taxonomy":"product_cat","embeddable":true,"href":"https:\/\/gr-100.com\/pt-pt\/wp-json\/wp\/v2\/product_cat?post=428383"},{"taxonomy":"product_tag","embeddable":true,"href":"https:\/\/gr-100.com\/pt-pt\/wp-json\/wp\/v2\/product_tag?post=428383"}],"curies":[{"name":"wp","href":"https:\/\/api.w.org\/{rel}","templated":true}]}}