{"id":428403,"date":"2025-09-15T12:59:20","date_gmt":"2025-09-15T11:59:20","guid":{"rendered":"https:\/\/gr-100.com\/producto\/specialized-crux-comp-2026\/"},"modified":"2025-09-15T12:59:20","modified_gmt":"2025-09-15T10:59:20","slug":"specialized-crux-comp-2026","status":"publish","type":"product","link":"https:\/\/gr-100.com\/pt-pt\/producto\/specialized-crux-comp-2026\/","title":{"rendered":"Specialized Crux Comp 2026"},"content":{"rendered":"<ul>\n<li>M\u00e1s ligera: 725 g para el cuadro S-Works 12r y 825 g para el 10r. Tomamos los avances revolucionarios que hicieron de la Aethos la bicicleta m\u00e1s ligera de la historia y los aplicamos a la Crux. \u00bfEl resultado? Una bicicleta de gravel que sube como un sue\u00f1o, flota sobre terrenos infernales y pesa menos que una botella llena en tu portabid\u00f3n.   <\/li>\n<li>Capaz: Espacio para neum\u00e1ticos de 47c o 650b x 2.1\u201d. M\u00e1s espacio significa mayor capacidad. Con un paso de rueda al nivel de la Diverge, la Crux te lleva a donde quieras imaginar, a toda velocidad.  <\/li>\n<li>Responsiva: \u00c1gil, suave y reactiva. Responde con precisi\u00f3n al pedalear. C\u00f3moda en el sill\u00edn. Con geometr\u00eda de alto rendimiento para gravel y un ajuste influenciado por las carreras, inspirado en la historia ic\u00f3nica de la Crux en el ciclocross.   <\/li>\n<li>ESPECIFICA\u00c7\u00d5ES T\u00c9CNICAS<\/li>\n<li>Quadro<br \/>\nQuadro: Crux FACT 10r Carbon, Rider First Engineered\u2122, suporte inferior roscado, eixo passante 12&#215;142 mm, trav\u00e3o de disco de montagem plana, dropouts UDH<\/li>\n<li>Suspens\u00e3o<br \/>\nForquilha: S-Works FACT Carbon, eixo passante 12&#215;100 mm, trav\u00e3o de disco de montagem plana<\/li>\n<li>Frenos<br \/>\nFreno delantero: Shimano GRX RX820<br \/>\nFreno trasero: Shimano GRX RX820<\/li>\n<li>Transmisi\u00f3n<br \/>\nBielas: Shimano GRX RX820, 40 dientes<br \/>\nCambio trasero: Shimano GRX RX822-GS, 12 velocidades<br \/>\nCaja de pedalier: Shimano BSA roscada<br \/>\nCadena: Shimano XT M8100, 12 velocidades, con eslab\u00f3n r\u00e1pido<br \/>\nCassette: Shimano XT, 12 velocidades, 10-45 dientes<br \/>\nManetas de cambio\/freno: Shimano GRX ST-RX820<br \/>\nRuedas y neum\u00e1ticos<\/li>\n<li>Rueda delantera:<br \/>\nAro DT Swiss G540, ancho interno de 24 mm, tubeless ready, 24 radios<br \/>\nBuje de eje pasante con rodamientos sellados Specialized<br \/>\nDisco centerlock<br \/>\nRadios de acero inoxidable DT Swiss Champion 14G<br \/>\nNipples de lat\u00f3n DT Swiss<br \/>\nRueda trasera:<br \/>\nIgual que la delantera (ver arriba)<br \/>\nNeum\u00e1tico delantero: Pathfinder 700&#215;40, tubeless ready<br \/>\nNeum\u00e1tico trasero: Pathfinder 700&#215;40, tubeless ready<br \/>\nC\u00e1maras: V\u00e1lvula Presta, 700&#215;32-50 mm<\/li>\n<li>Cockpit<br \/>\nPotencia: Aleaci\u00f3n forjada en 3D, 31,8 mm, \u00e1ngulo de 7\u00b0<br \/>\nSill\u00edn: Body Geometry Power Sport, ra\u00edles de acero<br \/>\nTija de sill\u00edn: Roval Terra Carbon, retroceso de 20 mm<br \/>\nManillar: Specialized Adventure Gear, ca\u00edda de 118,9 mm, alcance de 70 mm, apertura de 12\u00b0<br \/>\nAbrazadera de sill\u00edn: Specialized de aleaci\u00f3n, 30 mm<br \/>\nCinta de manillar: Supacaz Super Sticky Kush<\/li>\n<li>Peso<br \/>\nTalla del peso especificado: 56<br \/>\nPeso: 8,66 kg (19 lb, 1,5 oz)<\/li>\n<\/ul>\n","protected":false},"excerpt":{"rendered":"<p>La Crux es la bicicleta de gravel m\u00e1s ligera del mundo, con una capacidad excepcional gracias a su amplio paso de rueda y una geometr\u00eda dise\u00f1ada para el alto rendimiento en gravel. No es solo la m\u00e1xima expresi\u00f3n del rendimiento en este terreno, es tu billete de ida hacia la iluminaci\u00f3n gravel.<br \/>\nEsta Crux Comp viene equipada con un fiable y preciso grupo Shimano GRX de 12 velocidades, resistentes ruedas DT G540 Disc, y neum\u00e1ticos Pathfinder 2Bliss Ready de 700&#215;40 mm que ofrecen un excelente agarre incluso en terrenos complicados. <\/p>\n","protected":false},"featured_media":415700,"comment_status":"open","ping_status":"closed","template":"","meta":{"_acf_changed":false,"_et_pb_use_builder":"","_et_pb_old_content":"","_et_gb_content_width":"","inline_featured_image":false},"product_brand":[],"product_cat":[4353,2459,3346,5310,5309,5308],"product_tag":[],"class_list":{"0":"post-428403","1":"product","2":"type-product","3":"status-publish","4":"has-post-thumbnail","6":"product_cat-liquidacion-specialized","7":"product_cat-bicicletas-pt-pt-2","8":"product_cat-bicicletas-de-cascalho","9":"product_cat-bicicletas-de-gravel-aero","10":"product_cat-bicicletas-de-carbono-gravel","11":"product_cat-bicicletas-de-gravel-specialized","12":"product_shipping_class-bicicletas-pt-pt","14":"first","15":"instock","16":"sale","17":"taxable","18":"shipping-taxable","19":"purchasable","20":"product-type-variable","21":"wvs-archive-product-wrapper"},"acf":[],"yoast_head":"<!-- This site is optimized with the Yoast SEO Premium plugin v26.7 (Yoast SEO v26.7) - https:\/\/yoast.com\/wordpress\/plugins\/seo\/ -->\n<title>Specialized Crux Comp 2026 GR-100<\/title>\n<meta name=\"description\" content=\"La Crux es la bicicleta de gravel m\u00e1s ligera del mundo, con una capacidad excepcional gracias a su amplio paso de rueda y una geometr\u00eda dise\u00f1ada para el alto rendimiento en gravel. No es solo la m\u00e1xima expresi\u00f3n del rendimiento en este terreno, es tu billete de ida hacia la iluminaci\u00f3n gravel.Esta Crux Comp viene equipada con un fiable y preciso grupo Shimano GRX de 12 velocidades, resistentes ruedas DT G540 Disc, y neum\u00e1ticos Pathfinder 2Bliss Ready de 700x40 mm que ofrecen un excelente agarre incluso en terrenos complicados.\" \/>\n<meta name=\"robots\" content=\"index, follow, max-snippet:-1, max-image-preview:large, max-video-preview:-1\" \/>\n<link rel=\"canonical\" href=\"https:\/\/gr-100.com\/pt-pt\/producto\/specialized-crux-comp-2026\/\" \/>\n<meta property=\"og:locale\" content=\"pt_PT\" \/>\n<meta property=\"og:type\" content=\"article\" \/>\n<meta property=\"og:title\" content=\"Specialized Crux Comp 2026\" \/>\n<meta property=\"og:description\" content=\"La Crux es la bicicleta de gravel m\u00e1s ligera del mundo, con una capacidad excepcional gracias a su amplio paso de rueda y una geometr\u00eda dise\u00f1ada para el alto rendimiento en gravel. No es solo la m\u00e1xima expresi\u00f3n del rendimiento en este terreno, es tu billete de ida hacia la iluminaci\u00f3n gravel.Esta Crux Comp viene equipada con un fiable y preciso grupo Shimano GRX de 12 velocidades, resistentes ruedas DT G540 Disc, y neum\u00e1ticos Pathfinder 2Bliss Ready de 700x40 mm que ofrecen un excelente agarre incluso en terrenos complicados.\" \/>\n<meta property=\"og:url\" content=\"https:\/\/gr-100.com\/pt-pt\/producto\/specialized-crux-comp-2026\/\" \/>\n<meta property=\"og:site_name\" content=\"Gr-100 Tienda de ciclismo Specialized\" \/>\n<meta property=\"article:publisher\" content=\"https:\/\/www.facebook.com\/Gr100Bikes\" \/>\n<meta property=\"og:image\" content=\"https:\/\/gr-100.com\/wp-content\/uploads\/2025\/09\/Diseno-sin-titulo-2025-09-15T124221.585.jpg\" \/>\n\t<meta property=\"og:image:width\" content=\"1000\" \/>\n\t<meta property=\"og:image:height\" content=\"1000\" \/>\n\t<meta property=\"og:image:type\" content=\"image\/jpeg\" \/>\n<meta name=\"twitter:card\" content=\"summary_large_image\" \/>\n<meta name=\"twitter:label1\" content=\"Tempo estimado de leitura\" \/>\n\t<meta name=\"twitter:data1\" content=\"2 minutos\" \/>\n<script type=\"application\/ld+json\" class=\"yoast-schema-graph\">{\"@context\":\"https:\/\/schema.org\",\"@graph\":[{\"@type\":\"WebPage\",\"@id\":\"https:\/\/gr-100.com\/pt-pt\/producto\/specialized-crux-comp-2026\/\",\"url\":\"https:\/\/gr-100.com\/pt-pt\/producto\/specialized-crux-comp-2026\/\",\"name\":\"Specialized Crux Comp 2026 GR-100\",\"isPartOf\":{\"@id\":\"https:\/\/gr-100.com\/#website\"},\"primaryImageOfPage\":{\"@id\":\"https:\/\/gr-100.com\/pt-pt\/producto\/specialized-crux-comp-2026\/#primaryimage\"},\"image\":{\"@id\":\"https:\/\/gr-100.com\/pt-pt\/producto\/specialized-crux-comp-2026\/#primaryimage\"},\"thumbnailUrl\":\"https:\/\/gr-100.com\/wp-content\/uploads\/2025\/09\/Diseno-sin-titulo-2025-09-15T124221.585.jpg\",\"datePublished\":\"2025-09-15T11:59:20+00:00\",\"description\":\"La Crux es la bicicleta de gravel m\u00e1s ligera del mundo, con una capacidad excepcional gracias a su amplio paso de rueda y una geometr\u00eda dise\u00f1ada para el alto rendimiento en gravel. No es solo la m\u00e1xima expresi\u00f3n del rendimiento en este terreno, es tu billete de ida hacia la iluminaci\u00f3n gravel.Esta Crux Comp viene equipada con un fiable y preciso grupo Shimano GRX de 12 velocidades, resistentes ruedas DT G540 Disc, y neum\u00e1ticos Pathfinder 2Bliss Ready de 700x40 mm que ofrecen un excelente agarre incluso en terrenos complicados.\",\"breadcrumb\":{\"@id\":\"https:\/\/gr-100.com\/pt-pt\/producto\/specialized-crux-comp-2026\/#breadcrumb\"},\"inLanguage\":\"pt-PT\",\"potentialAction\":[{\"@type\":\"ReadAction\",\"target\":[\"https:\/\/gr-100.com\/pt-pt\/producto\/specialized-crux-comp-2026\/\"]}]},{\"@type\":\"ImageObject\",\"inLanguage\":\"pt-PT\",\"@id\":\"https:\/\/gr-100.com\/pt-pt\/producto\/specialized-crux-comp-2026\/#primaryimage\",\"url\":\"https:\/\/gr-100.com\/wp-content\/uploads\/2025\/09\/Diseno-sin-titulo-2025-09-15T124221.585.jpg\",\"contentUrl\":\"https:\/\/gr-100.com\/wp-content\/uploads\/2025\/09\/Diseno-sin-titulo-2025-09-15T124221.585.jpg\",\"width\":1000,\"height\":1000},{\"@type\":\"BreadcrumbList\",\"@id\":\"https:\/\/gr-100.com\/pt-pt\/producto\/specialized-crux-comp-2026\/#breadcrumb\",\"itemListElement\":[{\"@type\":\"ListItem\",\"position\":1,\"name\":\"Portada\",\"item\":\"https:\/\/gr-100.com\/en\/\"},{\"@type\":\"ListItem\",\"position\":2,\"name\":\"Productos\",\"item\":\"https:\/\/gr-100.com\/?post_type=product\"},{\"@type\":\"ListItem\",\"position\":3,\"name\":\"Specialized Crux Comp 2026\"}]},{\"@type\":\"WebSite\",\"@id\":\"https:\/\/gr-100.com\/#website\",\"url\":\"https:\/\/gr-100.com\/\",\"name\":\"Gr-100 Tienda de ciclismo Specialized\",\"description\":\"GR-100 tenemos todas las gamas de bicicletas Specialized al mejor precio.\",\"publisher\":{\"@id\":\"https:\/\/gr-100.com\/#organization\"},\"alternateName\":\"Gr-100 Bikes\",\"potentialAction\":[{\"@type\":\"SearchAction\",\"target\":{\"@type\":\"EntryPoint\",\"urlTemplate\":\"https:\/\/gr-100.com\/?s={search_term_string}\"},\"query-input\":{\"@type\":\"PropertyValueSpecification\",\"valueRequired\":true,\"valueName\":\"search_term_string\"}}],\"inLanguage\":\"pt-PT\"},{\"@type\":\"Organization\",\"@id\":\"https:\/\/gr-100.com\/#organization\",\"name\":\"Gr-100\",\"url\":\"https:\/\/gr-100.com\/\",\"logo\":{\"@type\":\"ImageObject\",\"inLanguage\":\"pt-PT\",\"@id\":\"https:\/\/gr-100.com\/#\/schema\/logo\/image\/\",\"url\":\"https:\/\/gr-100.com\/wp-content\/uploads\/2023\/08\/logo-gr-100-bikes.png\",\"contentUrl\":\"https:\/\/gr-100.com\/wp-content\/uploads\/2023\/08\/logo-gr-100-bikes.png\",\"width\":707,\"height\":284,\"caption\":\"Gr-100\"},\"image\":{\"@id\":\"https:\/\/gr-100.com\/#\/schema\/logo\/image\/\"},\"sameAs\":[\"https:\/\/www.facebook.com\/Gr100Bikes\",\"https:\/\/www.instagram.com\/gr100bikes\/\",\"https:\/\/www.tiktok.com\/@gr100bikes\",\"https:\/\/twitter.com\/gr100mtbteam\",\"https:\/\/www.youtube.com\/c\/GR100Specialized\"]}]}<\/script>\n<!-- \/ Yoast SEO Premium plugin. -->","yoast_head_json":{"title":"Specialized Crux Comp 2026 GR-100","description":"La Crux es la bicicleta de gravel m\u00e1s ligera del mundo, con una capacidad excepcional gracias a su amplio paso de rueda y una geometr\u00eda dise\u00f1ada para el alto rendimiento en gravel. No es solo la m\u00e1xima expresi\u00f3n del rendimiento en este terreno, es tu billete de ida hacia la iluminaci\u00f3n gravel.Esta Crux Comp viene equipada con un fiable y preciso grupo Shimano GRX de 12 velocidades, resistentes ruedas DT G540 Disc, y neum\u00e1ticos Pathfinder 2Bliss Ready de 700x40 mm que ofrecen un excelente agarre incluso en terrenos complicados.","robots":{"index":"index","follow":"follow","max-snippet":"max-snippet:-1","max-image-preview":"max-image-preview:large","max-video-preview":"max-video-preview:-1"},"canonical":"https:\/\/gr-100.com\/pt-pt\/producto\/specialized-crux-comp-2026\/","og_locale":"pt_PT","og_type":"article","og_title":"Specialized Crux Comp 2026","og_description":"La Crux es la bicicleta de gravel m\u00e1s ligera del mundo, con una capacidad excepcional gracias a su amplio paso de rueda y una geometr\u00eda dise\u00f1ada para el alto rendimiento en gravel. No es solo la m\u00e1xima expresi\u00f3n del rendimiento en este terreno, es tu billete de ida hacia la iluminaci\u00f3n gravel.Esta Crux Comp viene equipada con un fiable y preciso grupo Shimano GRX de 12 velocidades, resistentes ruedas DT G540 Disc, y neum\u00e1ticos Pathfinder 2Bliss Ready de 700x40 mm que ofrecen un excelente agarre incluso en terrenos complicados.","og_url":"https:\/\/gr-100.com\/pt-pt\/producto\/specialized-crux-comp-2026\/","og_site_name":"Gr-100 Tienda de ciclismo Specialized","article_publisher":"https:\/\/www.facebook.com\/Gr100Bikes","og_image":[{"width":1000,"height":1000,"url":"https:\/\/gr-100.com\/wp-content\/uploads\/2025\/09\/Diseno-sin-titulo-2025-09-15T124221.585.jpg","type":"image\/jpeg"}],"twitter_card":"summary_large_image","twitter_misc":{"Tempo estimado de leitura":"2 minutos"},"schema":{"@context":"https:\/\/schema.org","@graph":[{"@type":"WebPage","@id":"https:\/\/gr-100.com\/pt-pt\/producto\/specialized-crux-comp-2026\/","url":"https:\/\/gr-100.com\/pt-pt\/producto\/specialized-crux-comp-2026\/","name":"Specialized Crux Comp 2026 GR-100","isPartOf":{"@id":"https:\/\/gr-100.com\/#website"},"primaryImageOfPage":{"@id":"https:\/\/gr-100.com\/pt-pt\/producto\/specialized-crux-comp-2026\/#primaryimage"},"image":{"@id":"https:\/\/gr-100.com\/pt-pt\/producto\/specialized-crux-comp-2026\/#primaryimage"},"thumbnailUrl":"https:\/\/gr-100.com\/wp-content\/uploads\/2025\/09\/Diseno-sin-titulo-2025-09-15T124221.585.jpg","datePublished":"2025-09-15T11:59:20+00:00","description":"La Crux es la bicicleta de gravel m\u00e1s ligera del mundo, con una capacidad excepcional gracias a su amplio paso de rueda y una geometr\u00eda dise\u00f1ada para el alto rendimiento en gravel. No es solo la m\u00e1xima expresi\u00f3n del rendimiento en este terreno, es tu billete de ida hacia la iluminaci\u00f3n gravel.Esta Crux Comp viene equipada con un fiable y preciso grupo Shimano GRX de 12 velocidades, resistentes ruedas DT G540 Disc, y neum\u00e1ticos Pathfinder 2Bliss Ready de 700x40 mm que ofrecen un excelente agarre incluso en terrenos complicados.","breadcrumb":{"@id":"https:\/\/gr-100.com\/pt-pt\/producto\/specialized-crux-comp-2026\/#breadcrumb"},"inLanguage":"pt-PT","potentialAction":[{"@type":"ReadAction","target":["https:\/\/gr-100.com\/pt-pt\/producto\/specialized-crux-comp-2026\/"]}]},{"@type":"ImageObject","inLanguage":"pt-PT","@id":"https:\/\/gr-100.com\/pt-pt\/producto\/specialized-crux-comp-2026\/#primaryimage","url":"https:\/\/gr-100.com\/wp-content\/uploads\/2025\/09\/Diseno-sin-titulo-2025-09-15T124221.585.jpg","contentUrl":"https:\/\/gr-100.com\/wp-content\/uploads\/2025\/09\/Diseno-sin-titulo-2025-09-15T124221.585.jpg","width":1000,"height":1000},{"@type":"BreadcrumbList","@id":"https:\/\/gr-100.com\/pt-pt\/producto\/specialized-crux-comp-2026\/#breadcrumb","itemListElement":[{"@type":"ListItem","position":1,"name":"Portada","item":"https:\/\/gr-100.com\/en\/"},{"@type":"ListItem","position":2,"name":"Productos","item":"https:\/\/gr-100.com\/?post_type=product"},{"@type":"ListItem","position":3,"name":"Specialized Crux Comp 2026"}]},{"@type":"WebSite","@id":"https:\/\/gr-100.com\/#website","url":"https:\/\/gr-100.com\/","name":"Gr-100 Tienda de ciclismo Specialized","description":"GR-100 tenemos todas las gamas de bicicletas Specialized al mejor precio.","publisher":{"@id":"https:\/\/gr-100.com\/#organization"},"alternateName":"Gr-100 Bikes","potentialAction":[{"@type":"SearchAction","target":{"@type":"EntryPoint","urlTemplate":"https:\/\/gr-100.com\/?s={search_term_string}"},"query-input":{"@type":"PropertyValueSpecification","valueRequired":true,"valueName":"search_term_string"}}],"inLanguage":"pt-PT"},{"@type":"Organization","@id":"https:\/\/gr-100.com\/#organization","name":"Gr-100","url":"https:\/\/gr-100.com\/","logo":{"@type":"ImageObject","inLanguage":"pt-PT","@id":"https:\/\/gr-100.com\/#\/schema\/logo\/image\/","url":"https:\/\/gr-100.com\/wp-content\/uploads\/2023\/08\/logo-gr-100-bikes.png","contentUrl":"https:\/\/gr-100.com\/wp-content\/uploads\/2023\/08\/logo-gr-100-bikes.png","width":707,"height":284,"caption":"Gr-100"},"image":{"@id":"https:\/\/gr-100.com\/#\/schema\/logo\/image\/"},"sameAs":["https:\/\/www.facebook.com\/Gr100Bikes","https:\/\/www.instagram.com\/gr100bikes\/","https:\/\/www.tiktok.com\/@gr100bikes","https:\/\/twitter.com\/gr100mtbteam","https:\/\/www.youtube.com\/c\/GR100Specialized"]}]}},"_links":{"self":[{"href":"https:\/\/gr-100.com\/pt-pt\/wp-json\/wp\/v2\/product\/428403","targetHints":{"allow":["GET"]}}],"collection":[{"href":"https:\/\/gr-100.com\/pt-pt\/wp-json\/wp\/v2\/product"}],"about":[{"href":"https:\/\/gr-100.com\/pt-pt\/wp-json\/wp\/v2\/types\/product"}],"replies":[{"embeddable":true,"href":"https:\/\/gr-100.com\/pt-pt\/wp-json\/wp\/v2\/comments?post=428403"}],"wp:featuredmedia":[{"embeddable":true,"href":"https:\/\/gr-100.com\/pt-pt\/wp-json\/wp\/v2\/media\/415700"}],"wp:attachment":[{"href":"https:\/\/gr-100.com\/pt-pt\/wp-json\/wp\/v2\/media?parent=428403"}],"wp:term":[{"taxonomy":"product_brand","embeddable":true,"href":"https:\/\/gr-100.com\/pt-pt\/wp-json\/wp\/v2\/product_brand?post=428403"},{"taxonomy":"product_cat","embeddable":true,"href":"https:\/\/gr-100.com\/pt-pt\/wp-json\/wp\/v2\/product_cat?post=428403"},{"taxonomy":"product_tag","embeddable":true,"href":"https:\/\/gr-100.com\/pt-pt\/wp-json\/wp\/v2\/product_tag?post=428403"}],"curies":[{"name":"wp","href":"https:\/\/api.w.org\/{rel}","templated":true}]}}