{"id":428421,"date":"2025-09-29T13:12:00","date_gmt":"2025-09-29T12:12:00","guid":{"rendered":"https:\/\/gr-100.com\/producto\/specialized-turbo-porto-2026\/"},"modified":"2025-09-29T13:12:00","modified_gmt":"2025-09-29T11:12:00","slug":"specialized-turbo-porto-2026","status":"publish","type":"product","link":"https:\/\/gr-100.com\/pt-pt\/producto\/specialized-turbo-porto-2026\/","title":{"rendered":"Specialized Turbo Porto 2026"},"content":{"rendered":"<ul>\n<li>AMPLIFICACI\u00d3N SUPERNATURAL &#8211; Conduce como un profesional, vayas donde vayas. Con 90 Nm de par motor y una bater\u00eda de 710 vatios, ninguna bicicleta el\u00e9ctrica de su categor\u00eda tiene m\u00e1s potencia. Eso significa que puedes ir a velocidad de crucero f\u00e1cilmente y mantenerte ah\u00ed todo el tiempo que haga falta. No importa si el colegio de tus hijos es la cima del Alpe d&#8217;Huez, toda esa potencia combinada con la legendaria suavidad del sistema Turbo e-bike significa que puedes cargarlos y subir sin esfuerzo.   <\/li>\n<li>RENDIMIENTO CON PROP\u00d3SITO &#8211; \u00c1gil en cualquier carretera, con cualquier carga. La Porto inspira confianza al conductor desde el primer d\u00eda. La baja distancia entre ejes significa que arrancar, parar, subir y bajar de la bici, incluso cuando est\u00e1 cargada, es una brisa, al igual que el viaje. Puede que sea larga, y a menudo cargada de gente y equipo, pero se conduce como una bici normal (o mejor). Al implementar una larga cola para la carga, en lugar de una gran cesta de carga frontal, tambi\u00e9n se puede aparcar como una bicicleta normal.<br \/>\nCreemos que la Porto ofrece la conducci\u00f3n m\u00e1s segura y estable del mercado, independientemente de la carga (\u00a1hasta 200 kg!), para usuarios de cualquier nivel. Y, como cualquier otro medio de transporte de primera calidad, la Porto se adapta perfectamente a ti, de modo que los ciclistas de 155 cm a 195 cm disfrutan de la misma seguridad y comodidad.     <\/li>\n<li>FUNCI\u00d3N FAMILIAR &#8211; Hemos pensado en todo, para que puedas hacer cualquier cosa. La Porto no es un transport\u00edn de carga simplificado&#8230; Viene cargado con un portaequipajes delantero incluido y un portaequipajes trasero de cola larga, preparado para asientos infantiles, asientos de pasajero, maletas e innumerables accesorios. Est\u00e1 construida pensando en tu familia, dise\u00f1ada para una conducci\u00f3n estable y \u00e1gil cuando llevas lo m\u00e1s preciado, sin sacrificar un \u00e1pice de estilo. Todas las e-bikes de carga pueden transportar personas, pero la Porto est\u00e1 hecha para transportar personas. Cuando es tu familia la que va detr\u00e1s, la diferencia importa.     <\/li>\n<li>90 Nm de par.<\/li>\n<li>Bater\u00eda de 710 vatios para una autonom\u00eda de hasta 5 horas.<\/li>\n<li>L\u00edmite de velocidad con asistencia el\u00e9ctrica de 25 km\/h, la velocidad est\u00e1 sujeta a la normativa del pa\u00eds.<\/li>\n<li>M\u00e1xima capacidad de ajuste para una conducci\u00f3n c\u00f3moda para cualquier ciclista de entre 155 cm y 195 cm.<\/li>\n<li>Larga cola para pasajeros, equipo y cualquier otra cosa que se te ocurra.<\/li>\n<li>Incluye parrillas delanteras y traseras.<\/li>\n<li>Cerradura interior y antirrobo.<\/li>\n<li>TCU en las barras, infinitamente personalizable con la App Specialized.<\/li>\n<li>Incluye bolsa personalizada Porto Frame Bag.<\/li>\n<li>La Federaci\u00f3n Europea de Ciclistas ofrece casi 300 opciones de incentivos fiscales y primas de compra para la adquisici\u00f3n de bicicletas el\u00e9ctricas. Se anima a los ciclistas a investigar estas opciones. <\/li>\n<li>ESPECIFICA\u00c7\u00d5ES T\u00c9CNICAS<\/li>\n<li>E-bike<br \/>\nCargador<br \/>\nCustom charger, 42V4A w\/ Rosenberger plug, 100-240V<br \/>\nPantalla de control\/Remoto<br \/>\nMasterMind TCD, w\/handlebar remote, built-in anti-theft feature, Bluetooth\u00ae connectivity, customizable display pages<br \/>\nMotor<br \/>\nSpecialized 2.2 Cargo, 90Nm torque, custom tuned motor, 250W nominal<br \/>\nBater\u00eda<br \/>\nSpecialized U2-710, alloy casing, state of charge display, 710Wh<\/li>\n<li>Cuadro<br \/>\nCuadro<br \/>\nE5 Aluminum, bottom bracket motor mount,+D9:D44 fully integrated &amp; lockable downtube battery, internal cable routing<br \/>\nAbrazadera del sill\u00edn<br \/>\nSpecialized bolt-type, alloy, 39mm<\/li>\n<li>Suspensi\u00f3n<br \/>\nHorquilla<br \/>\nE5 Aluminium, Integrated Ring Lock, 15x110mm Thru-Axle, Tubus Duo Side Rack Mounts.<\/li>\n<li>Frenos<br \/>\nFreno trasero<br \/>\nTektro Dorado, Cargo Specific, Rear Hydraulic Disc Brake, 4 Piston Caliper, 3 Fingers Lever, 203mm, 2.3 thickess<br \/>\nFreno delantero<br \/>\nTektro Dorardo, Cargo Specific, Front Hydraulic Disc Brake, 4 Piston Caliper, 3 Fingers Lever, 203mm, 2.3 thickness<\/li>\n<li>Transmisi\u00f3n<br \/>\nPlatos y bielas<br \/>\nCustom alloy forged crankarms, 165mm<br \/>\nPlatos<br \/>\nGates Carbon Drive CDX 50T chainring, black<br \/>\nCadena<br \/>\nGates Carbon Drive CDX 166t belt, black<br \/>\nCassette<br \/>\nGates Carbon Drive CDX 22t sprocket, silver, threaded standard XF1122E9MN<br \/>\nDesviador trasero<br \/>\nenviolo CVP Multi-Turn<br \/>\nManetas de cambio<br \/>\nenviolo Twist Display Pure<\/li>\n<li>Ruedas y neum\u00e1ticos<br \/>\nLlantas<br \/>\n24in Front 32h, 20in Rear 36h, double-wall alloy, pinned<br \/>\nRadios<br \/>\nDT Swiss Industry<br \/>\nNeum\u00e1tico trasero<br \/>\nPathfinder Sport Reflect, 20X2.8<br \/>\nNeum\u00e1tico delantero<br \/>\nPathfinder Sport Reflect, 24X2.8<br \/>\nBuje delantero<br \/>\nSpecialized alloy front hub disc, sealed cardridge bearings, 6-bolt, 15x110mm thru-axle, 32h<br \/>\nC\u00e1maras<br \/>\nStandard 32mm SV 24X2.4-3.0, 20X2.4-3.0<br \/>\nBuje trasero<br \/>\nenviolo Heavy Duty, 380% Range, 6-Bolt, 10X135mm, 36H, 40T Spline<\/li>\n<li>Cockpit<br \/>\nPotencia<br \/>\n2 ways adjustable stem; quick height adjust with toolfree clamp, and bolt angle adjust, 77mm long<br \/>\nSill\u00edn<br \/>\nBody Geometry Comfort Gel, 200mm w\/ Handle<br \/>\nTija del sill\u00edn<br \/>\nDouble Extension Seatpost, 34.9mm, 585mm, 20mm Offset<br \/>\nPu\u00f1os<br \/>\nErgon GA3 Twist Shift<br \/>\nManillar<br \/>\nSpecialized, alloy, 8-degree backsweep, 6-degree upsweep, 27mm rise, 31.8mm, 680mm wide<\/li>\n<li>Acess\u00f3rios<br \/>\nCadeado<br \/>\nAbus battery lock with lever and matching key for ring lock on the fork<br \/>\nP\u00e9 de cabra<br \/>\nDouble Leg, Center Mount M10, Cargo Specific Custom Design Kickstand<br \/>\nSWAT<br \/>\nEspelho retrovisor do guiador, alum\u00ednio<br \/>\nRadar<br \/>\nIntegrated Garmin Radar, with custom information displayed directly on the Mastermind TCD<br \/>\nLuz frontal<br \/>\nLezyne EBIKE CLASSIC STVZO E500, 500 Lumens, 12V<br \/>\nLuz traseira<br \/>\nSpanninga Commuter Glow XE, brake alert, 12V<br \/>\nPedais<br \/>\nSpecialized Trabalhador pendular c\/ fita adesiva e refletores<br \/>\nGuarda-lamas<br \/>\nSpecialized DRYTECH Fenders, 78C, Front Aluminium Stays, Full Rear Wheel Coverage for child seating safety<br \/>\nCampainha<br \/>\nSpecialized brass bell<br \/>\nPorta-bagagens<br \/>\nSpecialized rack, MIK HD inteface (3 Positions), built-in side pannier mounts, 60kg max load<\/li>\n<li>Detalles del producto<br \/>\nIdentificador del producto<br \/>\n222089<\/li>\n<li>Peso<br \/>\nPeso<br \/>\n39.60kg (87 lb, 4.8 oz) Including 3kg Front Rack<br \/>\nTalla<br \/>\nOne Size<\/li>\n<\/ul>\n","protected":false},"excerpt":{"rendered":"<p>La nueva Turbo Porto es m\u00e1s que la bicicleta el\u00e9ctrica de carga m\u00e1s \u00fatil y potente de su categor\u00eda. Est\u00e1 meticulosamente dise\u00f1ada para que usted, su familia y sus cosas se desplacen de la forma m\u00e1s eficiente, refinada y bella&#8230; porque lo que usted monta significa algo&#8230; <\/p>\n","protected":false},"featured_media":417930,"comment_status":"open","ping_status":"closed","template":"","meta":{"_acf_changed":false,"_et_pb_use_builder":"","_et_pb_old_content":"","_et_gb_content_width":"","inline_featured_image":false},"product_brand":[],"product_cat":[2459,5284,391,5280,5260,5281],"product_tag":[],"class_list":{"0":"post-428421","1":"product","2":"type-product","3":"status-publish","4":"has-post-thumbnail","6":"product_cat-bicicletas-pt-pt-2","7":"product_cat-bicicletas-urbanas-pt-pt","8":"product_cat-eletricas","9":"product_cat-bicicletas-electricas-aluminio-pt-pt","10":"product_cat-bicicletas-electricas-specialized-pt-pt","11":"product_cat-bicicletas-electricas-urbanas-pt-pt","12":"product_shipping_class-bicicletas-pt-pt","14":"first","15":"instock","16":"taxable","17":"shipping-taxable","18":"purchasable","19":"product-type-simple"},"acf":[],"yoast_head":"<!-- This site is optimized with the Yoast SEO Premium plugin v26.7 (Yoast SEO v26.7) - https:\/\/yoast.com\/wordpress\/plugins\/seo\/ -->\n<title>Specialized Turbo Porto 2026 GR-100<\/title>\n<meta name=\"description\" content=\"La nueva Turbo Porto es m\u00e1s que la bicicleta el\u00e9ctrica de carga m\u00e1s \u00fatil y potente de su categor\u00eda. Est\u00e1 meticulosamente dise\u00f1ada para que usted, su familia y sus cosas se desplacen de la forma m\u00e1s eficiente, refinada y bella... porque lo que usted monta significa algo...\" \/>\n<meta name=\"robots\" content=\"index, follow, max-snippet:-1, max-image-preview:large, max-video-preview:-1\" \/>\n<link rel=\"canonical\" href=\"https:\/\/gr-100.com\/pt-pt\/producto\/specialized-turbo-porto-2026\/\" \/>\n<meta property=\"og:locale\" content=\"pt_PT\" \/>\n<meta property=\"og:type\" content=\"article\" \/>\n<meta property=\"og:title\" content=\"Specialized Turbo Porto 2026\" \/>\n<meta property=\"og:description\" content=\"La nueva Turbo Porto es m\u00e1s que la bicicleta el\u00e9ctrica de carga m\u00e1s \u00fatil y potente de su categor\u00eda. Est\u00e1 meticulosamente dise\u00f1ada para que usted, su familia y sus cosas se desplacen de la forma m\u00e1s eficiente, refinada y bella... porque lo que usted monta significa algo...\" \/>\n<meta property=\"og:url\" content=\"https:\/\/gr-100.com\/pt-pt\/producto\/specialized-turbo-porto-2026\/\" \/>\n<meta property=\"og:site_name\" content=\"Gr-100 Tienda de ciclismo Specialized\" \/>\n<meta property=\"article:publisher\" content=\"https:\/\/www.facebook.com\/Gr100Bikes\" \/>\n<meta property=\"og:image\" content=\"https:\/\/gr-100.com\/wp-content\/uploads\/2025\/09\/Diseno-sin-titulo-2025-09-29T130232.317.jpg\" \/>\n\t<meta property=\"og:image:width\" content=\"1000\" \/>\n\t<meta property=\"og:image:height\" content=\"1000\" \/>\n\t<meta property=\"og:image:type\" content=\"image\/jpeg\" \/>\n<meta name=\"twitter:card\" content=\"summary_large_image\" \/>\n<meta name=\"twitter:label1\" content=\"Tempo estimado de leitura\" \/>\n\t<meta name=\"twitter:data1\" content=\"5 minutos\" \/>\n<script type=\"application\/ld+json\" class=\"yoast-schema-graph\">{\"@context\":\"https:\/\/schema.org\",\"@graph\":[{\"@type\":\"WebPage\",\"@id\":\"https:\/\/gr-100.com\/pt-pt\/producto\/specialized-turbo-porto-2026\/\",\"url\":\"https:\/\/gr-100.com\/pt-pt\/producto\/specialized-turbo-porto-2026\/\",\"name\":\"Specialized Turbo Porto 2026 GR-100\",\"isPartOf\":{\"@id\":\"https:\/\/gr-100.com\/#website\"},\"primaryImageOfPage\":{\"@id\":\"https:\/\/gr-100.com\/pt-pt\/producto\/specialized-turbo-porto-2026\/#primaryimage\"},\"image\":{\"@id\":\"https:\/\/gr-100.com\/pt-pt\/producto\/specialized-turbo-porto-2026\/#primaryimage\"},\"thumbnailUrl\":\"https:\/\/gr-100.com\/wp-content\/uploads\/2025\/09\/Diseno-sin-titulo-2025-09-29T130232.317.jpg\",\"datePublished\":\"2025-09-29T12:12:00+00:00\",\"description\":\"La nueva Turbo Porto es m\u00e1s que la bicicleta el\u00e9ctrica de carga m\u00e1s \u00fatil y potente de su categor\u00eda. Est\u00e1 meticulosamente dise\u00f1ada para que usted, su familia y sus cosas se desplacen de la forma m\u00e1s eficiente, refinada y bella... porque lo que usted monta significa algo...\",\"breadcrumb\":{\"@id\":\"https:\/\/gr-100.com\/pt-pt\/producto\/specialized-turbo-porto-2026\/#breadcrumb\"},\"inLanguage\":\"pt-PT\",\"potentialAction\":[{\"@type\":\"ReadAction\",\"target\":[\"https:\/\/gr-100.com\/pt-pt\/producto\/specialized-turbo-porto-2026\/\"]}]},{\"@type\":\"ImageObject\",\"inLanguage\":\"pt-PT\",\"@id\":\"https:\/\/gr-100.com\/pt-pt\/producto\/specialized-turbo-porto-2026\/#primaryimage\",\"url\":\"https:\/\/gr-100.com\/wp-content\/uploads\/2025\/09\/Diseno-sin-titulo-2025-09-29T130232.317.jpg\",\"contentUrl\":\"https:\/\/gr-100.com\/wp-content\/uploads\/2025\/09\/Diseno-sin-titulo-2025-09-29T130232.317.jpg\",\"width\":1000,\"height\":1000},{\"@type\":\"BreadcrumbList\",\"@id\":\"https:\/\/gr-100.com\/pt-pt\/producto\/specialized-turbo-porto-2026\/#breadcrumb\",\"itemListElement\":[{\"@type\":\"ListItem\",\"position\":1,\"name\":\"Portada\",\"item\":\"https:\/\/gr-100.com\/en\/\"},{\"@type\":\"ListItem\",\"position\":2,\"name\":\"Productos\",\"item\":\"https:\/\/gr-100.com\/?post_type=product\"},{\"@type\":\"ListItem\",\"position\":3,\"name\":\"Specialized Turbo Porto 2026\"}]},{\"@type\":\"WebSite\",\"@id\":\"https:\/\/gr-100.com\/#website\",\"url\":\"https:\/\/gr-100.com\/\",\"name\":\"Gr-100 Tienda de ciclismo Specialized\",\"description\":\"GR-100 tenemos todas las gamas de bicicletas Specialized al mejor precio.\",\"publisher\":{\"@id\":\"https:\/\/gr-100.com\/#organization\"},\"alternateName\":\"Gr-100 Bikes\",\"potentialAction\":[{\"@type\":\"SearchAction\",\"target\":{\"@type\":\"EntryPoint\",\"urlTemplate\":\"https:\/\/gr-100.com\/?s={search_term_string}\"},\"query-input\":{\"@type\":\"PropertyValueSpecification\",\"valueRequired\":true,\"valueName\":\"search_term_string\"}}],\"inLanguage\":\"pt-PT\"},{\"@type\":\"Organization\",\"@id\":\"https:\/\/gr-100.com\/#organization\",\"name\":\"Gr-100\",\"url\":\"https:\/\/gr-100.com\/\",\"logo\":{\"@type\":\"ImageObject\",\"inLanguage\":\"pt-PT\",\"@id\":\"https:\/\/gr-100.com\/#\/schema\/logo\/image\/\",\"url\":\"https:\/\/gr-100.com\/wp-content\/uploads\/2023\/08\/logo-gr-100-bikes.png\",\"contentUrl\":\"https:\/\/gr-100.com\/wp-content\/uploads\/2023\/08\/logo-gr-100-bikes.png\",\"width\":707,\"height\":284,\"caption\":\"Gr-100\"},\"image\":{\"@id\":\"https:\/\/gr-100.com\/#\/schema\/logo\/image\/\"},\"sameAs\":[\"https:\/\/www.facebook.com\/Gr100Bikes\",\"https:\/\/www.instagram.com\/gr100bikes\/\",\"https:\/\/www.tiktok.com\/@gr100bikes\",\"https:\/\/twitter.com\/gr100mtbteam\",\"https:\/\/www.youtube.com\/c\/GR100Specialized\"]}]}<\/script>\n<!-- \/ Yoast SEO Premium plugin. -->","yoast_head_json":{"title":"Specialized Turbo Porto 2026 GR-100","description":"La nueva Turbo Porto es m\u00e1s que la bicicleta el\u00e9ctrica de carga m\u00e1s \u00fatil y potente de su categor\u00eda. Est\u00e1 meticulosamente dise\u00f1ada para que usted, su familia y sus cosas se desplacen de la forma m\u00e1s eficiente, refinada y bella... porque lo que usted monta significa algo...","robots":{"index":"index","follow":"follow","max-snippet":"max-snippet:-1","max-image-preview":"max-image-preview:large","max-video-preview":"max-video-preview:-1"},"canonical":"https:\/\/gr-100.com\/pt-pt\/producto\/specialized-turbo-porto-2026\/","og_locale":"pt_PT","og_type":"article","og_title":"Specialized Turbo Porto 2026","og_description":"La nueva Turbo Porto es m\u00e1s que la bicicleta el\u00e9ctrica de carga m\u00e1s \u00fatil y potente de su categor\u00eda. Est\u00e1 meticulosamente dise\u00f1ada para que usted, su familia y sus cosas se desplacen de la forma m\u00e1s eficiente, refinada y bella... porque lo que usted monta significa algo...","og_url":"https:\/\/gr-100.com\/pt-pt\/producto\/specialized-turbo-porto-2026\/","og_site_name":"Gr-100 Tienda de ciclismo Specialized","article_publisher":"https:\/\/www.facebook.com\/Gr100Bikes","og_image":[{"width":1000,"height":1000,"url":"https:\/\/gr-100.com\/wp-content\/uploads\/2025\/09\/Diseno-sin-titulo-2025-09-29T130232.317.jpg","type":"image\/jpeg"}],"twitter_card":"summary_large_image","twitter_misc":{"Tempo estimado de leitura":"5 minutos"},"schema":{"@context":"https:\/\/schema.org","@graph":[{"@type":"WebPage","@id":"https:\/\/gr-100.com\/pt-pt\/producto\/specialized-turbo-porto-2026\/","url":"https:\/\/gr-100.com\/pt-pt\/producto\/specialized-turbo-porto-2026\/","name":"Specialized Turbo Porto 2026 GR-100","isPartOf":{"@id":"https:\/\/gr-100.com\/#website"},"primaryImageOfPage":{"@id":"https:\/\/gr-100.com\/pt-pt\/producto\/specialized-turbo-porto-2026\/#primaryimage"},"image":{"@id":"https:\/\/gr-100.com\/pt-pt\/producto\/specialized-turbo-porto-2026\/#primaryimage"},"thumbnailUrl":"https:\/\/gr-100.com\/wp-content\/uploads\/2025\/09\/Diseno-sin-titulo-2025-09-29T130232.317.jpg","datePublished":"2025-09-29T12:12:00+00:00","description":"La nueva Turbo Porto es m\u00e1s que la bicicleta el\u00e9ctrica de carga m\u00e1s \u00fatil y potente de su categor\u00eda. Est\u00e1 meticulosamente dise\u00f1ada para que usted, su familia y sus cosas se desplacen de la forma m\u00e1s eficiente, refinada y bella... porque lo que usted monta significa algo...","breadcrumb":{"@id":"https:\/\/gr-100.com\/pt-pt\/producto\/specialized-turbo-porto-2026\/#breadcrumb"},"inLanguage":"pt-PT","potentialAction":[{"@type":"ReadAction","target":["https:\/\/gr-100.com\/pt-pt\/producto\/specialized-turbo-porto-2026\/"]}]},{"@type":"ImageObject","inLanguage":"pt-PT","@id":"https:\/\/gr-100.com\/pt-pt\/producto\/specialized-turbo-porto-2026\/#primaryimage","url":"https:\/\/gr-100.com\/wp-content\/uploads\/2025\/09\/Diseno-sin-titulo-2025-09-29T130232.317.jpg","contentUrl":"https:\/\/gr-100.com\/wp-content\/uploads\/2025\/09\/Diseno-sin-titulo-2025-09-29T130232.317.jpg","width":1000,"height":1000},{"@type":"BreadcrumbList","@id":"https:\/\/gr-100.com\/pt-pt\/producto\/specialized-turbo-porto-2026\/#breadcrumb","itemListElement":[{"@type":"ListItem","position":1,"name":"Portada","item":"https:\/\/gr-100.com\/en\/"},{"@type":"ListItem","position":2,"name":"Productos","item":"https:\/\/gr-100.com\/?post_type=product"},{"@type":"ListItem","position":3,"name":"Specialized Turbo Porto 2026"}]},{"@type":"WebSite","@id":"https:\/\/gr-100.com\/#website","url":"https:\/\/gr-100.com\/","name":"Gr-100 Tienda de ciclismo Specialized","description":"GR-100 tenemos todas las gamas de bicicletas Specialized al mejor precio.","publisher":{"@id":"https:\/\/gr-100.com\/#organization"},"alternateName":"Gr-100 Bikes","potentialAction":[{"@type":"SearchAction","target":{"@type":"EntryPoint","urlTemplate":"https:\/\/gr-100.com\/?s={search_term_string}"},"query-input":{"@type":"PropertyValueSpecification","valueRequired":true,"valueName":"search_term_string"}}],"inLanguage":"pt-PT"},{"@type":"Organization","@id":"https:\/\/gr-100.com\/#organization","name":"Gr-100","url":"https:\/\/gr-100.com\/","logo":{"@type":"ImageObject","inLanguage":"pt-PT","@id":"https:\/\/gr-100.com\/#\/schema\/logo\/image\/","url":"https:\/\/gr-100.com\/wp-content\/uploads\/2023\/08\/logo-gr-100-bikes.png","contentUrl":"https:\/\/gr-100.com\/wp-content\/uploads\/2023\/08\/logo-gr-100-bikes.png","width":707,"height":284,"caption":"Gr-100"},"image":{"@id":"https:\/\/gr-100.com\/#\/schema\/logo\/image\/"},"sameAs":["https:\/\/www.facebook.com\/Gr100Bikes","https:\/\/www.instagram.com\/gr100bikes\/","https:\/\/www.tiktok.com\/@gr100bikes","https:\/\/twitter.com\/gr100mtbteam","https:\/\/www.youtube.com\/c\/GR100Specialized"]}]}},"_links":{"self":[{"href":"https:\/\/gr-100.com\/pt-pt\/wp-json\/wp\/v2\/product\/428421","targetHints":{"allow":["GET"]}}],"collection":[{"href":"https:\/\/gr-100.com\/pt-pt\/wp-json\/wp\/v2\/product"}],"about":[{"href":"https:\/\/gr-100.com\/pt-pt\/wp-json\/wp\/v2\/types\/product"}],"replies":[{"embeddable":true,"href":"https:\/\/gr-100.com\/pt-pt\/wp-json\/wp\/v2\/comments?post=428421"}],"wp:featuredmedia":[{"embeddable":true,"href":"https:\/\/gr-100.com\/pt-pt\/wp-json\/wp\/v2\/media\/417930"}],"wp:attachment":[{"href":"https:\/\/gr-100.com\/pt-pt\/wp-json\/wp\/v2\/media?parent=428421"}],"wp:term":[{"taxonomy":"product_brand","embeddable":true,"href":"https:\/\/gr-100.com\/pt-pt\/wp-json\/wp\/v2\/product_brand?post=428421"},{"taxonomy":"product_cat","embeddable":true,"href":"https:\/\/gr-100.com\/pt-pt\/wp-json\/wp\/v2\/product_cat?post=428421"},{"taxonomy":"product_tag","embeddable":true,"href":"https:\/\/gr-100.com\/pt-pt\/wp-json\/wp\/v2\/product_tag?post=428421"}],"curies":[{"name":"wp","href":"https:\/\/api.w.org\/{rel}","templated":true}]}}