{"id":428464,"date":"2025-09-23T12:13:52","date_gmt":"2025-09-23T11:13:52","guid":{"rendered":"https:\/\/gr-100.com\/producto\/specialized-vado-4-0-step-through-nb-2026\/"},"modified":"2025-09-23T12:13:52","modified_gmt":"2025-09-23T10:13:52","slug":"specialized-vado-4-0-step-through-nb-2026","status":"publish","type":"product","link":"https:\/\/gr-100.com\/pt-pt\/producto\/specialized-vado-4-0-step-through-nb-2026\/","title":{"rendered":"Specialized Vado 4.0 Step Through NB 2026"},"content":{"rendered":"<ul>\n<li>TURBO<br \/>\nEl coraz\u00f3n de la Vado es su tecnolog\u00eda Turbo, un sistema de bicicleta el\u00e9ctrica avanzado e integrado que ofrece una combinaci\u00f3n inigualable de potencia, sensaci\u00f3n natural, funciones antirrobo, consejos de entrenamiento y una computadora de bicicleta de funciones completas.<\/li>\n<li>POTENTE<br \/>\nEres t\u00fa, pero 4 veces m\u00e1s r\u00e1pido. El sistema Turbo Full Power detecta la fuerza que aplicas al pedalear y la multiplica por cuatro, ofreci\u00e9ndote una experiencia que te permite subir cualquier colina o llegar a cualquier destino sin esfuerzo. Literalmente.  <\/li>\n<li>C\u00d3MODA Y SEGURA<br \/>\nLa posici\u00f3n del cuerpo y el manejo est\u00e1n optimizados para brindar un confort de conducci\u00f3n, confianza y control inigualables. Los potentes frenos de disco hidr\u00e1ulicos controlan tu velocidad con precisi\u00f3n, mientras que los neum\u00e1ticos de gran volumen ofrecen m\u00e1xima tracci\u00f3n en giros y frenadas. <\/li>\n<li>SUAVE<br \/>\nMantente c\u00f3modo en el sill\u00edn con una horquilla delantera con suspensi\u00f3n de 80 mm, neum\u00e1ticos de mayor volumen y una tija de sill\u00edn con suspensi\u00f3n que suaviza los baches del camino entre el punto A y el punto B.<\/li>\n<li>SEGURA<br \/>\nLa Vado incorpora un sistema antirrobo directamente en la bicicleta. Evita robos desactivando el motor con solo presionar un bot\u00f3n; nadie podr\u00e1 encenderlo sin tu tel\u00e9fono conectado a la app de Specialized o sin tu PIN personalizado. La bater\u00eda se bloquea en la bicicleta o puede retirarse f\u00e1cilmente. Y si alguien intenta mover la bici, sonar\u00e1 una alarma. L\u00e1rguense, ladrones.<br \/>\nNota: El l\u00edmite de velocidad en el que el motor deja de asistir puede variar considerablemente seg\u00fan la regi\u00f3n, conforme a la normativa local. Esto tambi\u00e9n puede afectar la autonom\u00eda: a mayor velocidad, menor duraci\u00f3n de la bater\u00eda.     <\/li>\n<li>Motor Turbo Full Power 2.0 y bater\u00eda de 710 Wh<\/li>\n<li>Ofrecen una experiencia de conducci\u00f3n inigualable, con una asistencia de pedaleo fluida, continua y sorprendentemente silenciosa, hasta 45 km\/h (28 mph). El controlador integrado responde intuitivamente a tu pedaleo, amplificando tus esfuerzos con una sensaci\u00f3n incre\u00edblemente natural. <\/li>\n<li>MasterMind + App Specialized<\/li>\n<li>La pantalla MasterMind muestra toda la informaci\u00f3n relevante del viaje y permite ajustar en tiempo real los niveles de asistencia. Se integra perfectamente con la app de Specialized para herramientas de optimizaci\u00f3n de autonom\u00eda, ajustes avanzados, diagn\u00f3stico en ruta y m\u00e1s. <\/li>\n<li>Eficiencia Comprobada y Suavidad de Marcha<\/li>\n<li>Dise\u00f1amos un sistema de prueba personalizado para analizar vibraciones incluso a frecuencias m\u00ednimas, mejorando el confort y la visibilidad. Esa precisi\u00f3n, junto con una tija con suspensi\u00f3n, neum\u00e1ticos de alto volumen y horquilla de 80 mm, hacen que los caminos parezcan planos ante tus ojos. <\/li>\n<li>Bloqueio do sistema Turbo<\/li>\n<li>Usa la app de Specialized para desactivar el motor y activar la alarma con sensor de movimiento. Una vez bloqueado, el motor solo puede ser activado por el propietario. <\/li>\n<li>Bater\u00eda Integrada, Extra\u00edble y Bloqueable<\/li>\n<li>F\u00e1cil de cargar. F\u00e1cil de asegurar. <\/li>\n<li>Totalmente Equipada<\/li>\n<li>Incluye guardabarros DRYTECH, luces LED delanteras y traseras, y un portabultos trasero HD con capacidad de 27 kg. Compatible con asientos para ni\u00f1os y tambi\u00e9n homologada para remolques con eje pasante. <\/li>\n<li>Autonom\u00eda de Larga Distancia<\/li>\n<li>Con una autonom\u00eda para llegar a cualquier parte: hasta 145 km (90 millas) o 6.5 horas con una sola carga en modo Eco.<\/li>\n<li>ESPECIFICACIOMES T\u00c9CNICAS<\/li>\n<li>E-bike<br \/>\nMotor<br \/>\nSpecialized 2.0, 70 Nm de torque, motor ajustado a medida, 250 W nominales<br \/>\nPantalla de control \/ Remoto<br \/>\nMasterMind TCD, con control remoto en el manillar, funci\u00f3n antirrobo integrada, conectividad Bluetooth\u00ae, p\u00e1ginas de visualizaci\u00f3n personalizables<br \/>\nBater\u00eda<br \/>\nSpecialized U2-710, bater\u00eda integrada, indicador de nivel de carga, 710 Wh, certificaci\u00f3n UL<br \/>\nCargador<br \/>\nCargador personalizado, 42V4A con conector Rosenberger, 100-240V<br \/>\nCableado el\u00e9ctrico<br \/>\nArn\u00e9s de cables personalizado<\/li>\n<li>Cuadro<br \/>\nCuadro<br \/>\nAluminio E5, motor central, bater\u00eda totalmente integrada y bloqueable en el tubo diagonal, guiado interno de cables, soporte para candado de rueda y compatible con portabultos delantero<br \/>\nAbrazadera del sill\u00edn<br \/>\nAleaci\u00f3n, tipo tornillo, 34.9 mm<\/li>\n<li>Suspensi\u00f3n<br \/>\nHorquilla<br \/>\nSR Suntour MobieA32, recorrido de 80 mm, con bloqueo, soportes para guardabarros, soporte integrado para luz<br \/>\nFrenos<br \/>\nFreno delantero<br \/>\nShimano BR-MT200, freno de disco hidr\u00e1ulico, 180 mm<br \/>\nFreno trasero<br \/>\nShimano BR-MT200, freno de disco hidr\u00e1ulico, 180 mm<\/li>\n<li>Transmisi\u00f3n<br \/>\nDesviador trasero<br \/>\nShimano RD-U4000, CUES, Gs 9 velocidades, Top Normal, dise\u00f1o Shadow, fijaci\u00f3n directa<br \/>\nManetas de cambio<br \/>\nShimano SL-U4000-9R, CUES, derecha, 9 velocidades Rapidfire, con indicador \u00f3ptico de marcha<br \/>\nCassette<br \/>\nShimano CS-LG300-9, CUES, 9 velocidades, 11-41T<br \/>\nCadena<br \/>\nShimano LG500<br \/>\nPlatos y bielas<br \/>\nBielas forjadas de aleaci\u00f3n personalizadas<br \/>\nCubrecadenas<br \/>\nCubrecadena Specialized<\/li>\n<li>Ruedas y Neum\u00e1ticos<br \/>\nLlantas<br \/>\nDisco 650b, aleaci\u00f3n de doble pared, con uniones, 32 radios<br \/>\nBuje delantero<br \/>\nShimano Center Lock Disc 32H, eje pasante de 15 mm, 100 mm<br \/>\nBuje trasero<br \/>\nShimano Freehub, Center Lock Disc, 8-11 velocidades, eje pasante de 12 mm, 32 radios, 148 mm<br \/>\nRadios<br \/>\nDT Swiss Elemental<br \/>\nNeum\u00e1tico delantero<br \/>\nPathfinder Sport Reflect, 650B x 2.3<br \/>\nNeum\u00e1tico trasero<br \/>\nPathfinder Sport Reflect, 650B x 2.3<br \/>\nC\u00e1maras<br \/>\nC\u00e1mara est\u00e1ndar SV 40 mm, 650B x 1.75-2.4<\/li>\n<li>Cockpit<br \/>\nPotencia<br \/>\nSpecialized Flowset, aleaci\u00f3n forjada en 3D, elevaci\u00f3n de 20 grados, abrazadera de 31.8 mm<br \/>\nManillar<br \/>\nSpecialized, aleaci\u00f3n, retroceso de 15 grados, elevaci\u00f3n de 46 mm, 31.8 mm<br \/>\nPu\u00f1os<br \/>\nSpecialized Body Geometry<br \/>\nSill\u00edn<br \/>\nBridge Sport, ra\u00edles de acero, 155 mm<br \/>\nTija del sill\u00edn<br \/>\nSuspensi\u00f3n por resorte, aleaci\u00f3n, recorrido de 40 mm, di\u00e1metro 30.9 mm, abrazadera de 2 tornillos, casquillo de 34.9 mm<\/li>\n<li>Acess\u00f3rios<br \/>\nPedais<br \/>\nSpecialized Commuter con cinta antideslizante y reflectores<br \/>\nLuz frontal<br \/>\nLezyne, Ebike Mini StVZO E300+, 300 l\u00famenes, cable de 160 cm, con reflector<br \/>\nLuz traseira<br \/>\nSpanninga, StVZO, Commuter Glow con luz de freno XEr<br \/>\nP\u00e9 de cabra<br \/>\nSpecialized, montagem de 40mm<br \/>\nPortaequipajes<br \/>\nPortabultos Specialized, interfaz MIK HD, soportes integrados para alforjas, carga m\u00e1xima de 27 kg<br \/>\nGuarda-lamas<br \/>\nGuardabarros Specialized DRYTECH, ancho de 65 mm, varillas de aluminio<br \/>\nCadeado<br \/>\nBloqueio do sistema Turbo<br \/>\nCampainha<br \/>\nTimbre simple<\/li>\n<li>Detalles del Producto<br \/>\nIdentificador del producto<br \/>\n263678<\/li>\n<li>Peso<br \/>\n26.85 kg (59 lb, 3.1 oz)<br \/>\nTalla<br \/>\nMD (Mediana)<\/li>\n<\/ul>\n","protected":false},"excerpt":{"rendered":"<p>TURBO El coraz\u00f3n de la Vado es su tecnolog\u00eda Turbo, un sistema de bicicleta el\u00e9ctrica avanzado e integrado que ofrece una combinaci\u00f3n inigualable de potencia, sensaci\u00f3n natural, funciones antirrobo, consejos de entrenamiento y una computadora de bicicleta de funciones completas. POTENTE Eres t\u00fa, pero 4 veces m\u00e1s r\u00e1pido. El sistema Turbo Full Power detecta la [&hellip;]<\/p>\n","protected":false},"featured_media":417022,"comment_status":"open","ping_status":"closed","template":"","meta":{"_acf_changed":false,"_et_pb_use_builder":"","_et_pb_old_content":"","_et_gb_content_width":"","inline_featured_image":false},"product_brand":[],"product_cat":[2459,5284,391,5280,5282,5260,5283,5281],"product_tag":[],"class_list":{"0":"post-428464","1":"product","2":"type-product","3":"status-publish","4":"has-post-thumbnail","6":"product_cat-bicicletas-pt-pt-2","7":"product_cat-bicicletas-urbanas-pt-pt","8":"product_cat-eletricas","9":"product_cat-bicicletas-electricas-aluminio-pt-pt","10":"product_cat-bicicletas-electricas-paseo-pt-pt","11":"product_cat-bicicletas-electricas-specialized-pt-pt","12":"product_cat-bicicletas-electricas-trekking-pt-pt","13":"product_cat-bicicletas-electricas-urbanas-pt-pt","14":"product_shipping_class-bicicletas-pt-pt","16":"first","17":"instock","18":"taxable","19":"shipping-taxable","20":"purchasable","21":"product-type-variable","22":"wvs-archive-product-wrapper"},"acf":[],"yoast_head":"<!-- This site is optimized with the Yoast SEO Premium plugin v26.7 (Yoast SEO v26.7) - https:\/\/yoast.com\/wordpress\/plugins\/seo\/ -->\n<title>Specialized Vado 4.0 Step Through NB 2026 GR-100<\/title>\n<meta name=\"description\" content=\"Considera a Vado como tu bicicleta de transporte de alto rendimiento, que te lleva a donde necesitas ir con una combinaci\u00f3n inigualable de velocidad, fiabilidad y confianza. Ya sea que la cargues con tus cosas o simplemente te subas y te pongas en marcha, vayas al trabajo o al gimnasio, la potencia total y el enorme alcance de Vado te llevar\u00e1n del \u201cpunto A\u201d al \u201cpunto B\u201d lo antes posible.\" \/>\n<meta name=\"robots\" content=\"index, follow, max-snippet:-1, max-image-preview:large, max-video-preview:-1\" \/>\n<link rel=\"canonical\" href=\"https:\/\/gr-100.com\/pt-pt\/producto\/specialized-vado-4-0-step-through-nb-2026\/\" \/>\n<meta property=\"og:locale\" content=\"pt_PT\" \/>\n<meta property=\"og:type\" content=\"article\" \/>\n<meta property=\"og:title\" content=\"Specialized Vado 4.0 Step Through NB 2026\" \/>\n<meta property=\"og:description\" content=\"Considera a Vado como tu bicicleta de transporte de alto rendimiento, que te lleva a donde necesitas ir con una combinaci\u00f3n inigualable de velocidad, fiabilidad y confianza. Ya sea que la cargues con tus cosas o simplemente te subas y te pongas en marcha, vayas al trabajo o al gimnasio, la potencia total y el enorme alcance de Vado te llevar\u00e1n del \u201cpunto A\u201d al \u201cpunto B\u201d lo antes posible.\" \/>\n<meta property=\"og:url\" content=\"https:\/\/gr-100.com\/pt-pt\/producto\/specialized-vado-4-0-step-through-nb-2026\/\" \/>\n<meta property=\"og:site_name\" content=\"Gr-100 Tienda de ciclismo Specialized\" \/>\n<meta property=\"article:publisher\" content=\"https:\/\/www.facebook.com\/Gr100Bikes\" \/>\n<meta property=\"og:image\" content=\"https:\/\/gr-100.com\/wp-content\/uploads\/2025\/09\/Diseno-sin-titulo-2025-09-22T141032.556.jpg\" \/>\n\t<meta property=\"og:image:width\" content=\"1000\" \/>\n\t<meta property=\"og:image:height\" content=\"1000\" \/>\n\t<meta property=\"og:image:type\" content=\"image\/jpeg\" \/>\n<meta name=\"twitter:card\" content=\"summary_large_image\" \/>\n<meta name=\"twitter:label1\" content=\"Tempo estimado de leitura\" \/>\n\t<meta name=\"twitter:data1\" content=\"5 minutos\" \/>\n<script type=\"application\/ld+json\" class=\"yoast-schema-graph\">{\"@context\":\"https:\/\/schema.org\",\"@graph\":[{\"@type\":\"WebPage\",\"@id\":\"https:\/\/gr-100.com\/pt-pt\/producto\/specialized-vado-4-0-step-through-nb-2026\/\",\"url\":\"https:\/\/gr-100.com\/pt-pt\/producto\/specialized-vado-4-0-step-through-nb-2026\/\",\"name\":\"Specialized Vado 4.0 Step Through NB 2026 GR-100\",\"isPartOf\":{\"@id\":\"https:\/\/gr-100.com\/#website\"},\"primaryImageOfPage\":{\"@id\":\"https:\/\/gr-100.com\/pt-pt\/producto\/specialized-vado-4-0-step-through-nb-2026\/#primaryimage\"},\"image\":{\"@id\":\"https:\/\/gr-100.com\/pt-pt\/producto\/specialized-vado-4-0-step-through-nb-2026\/#primaryimage\"},\"thumbnailUrl\":\"https:\/\/gr-100.com\/wp-content\/uploads\/2025\/09\/Diseno-sin-titulo-2025-09-22T141032.556.jpg\",\"datePublished\":\"2025-09-23T11:13:52+00:00\",\"description\":\"Considera a Vado como tu bicicleta de transporte de alto rendimiento, que te lleva a donde necesitas ir con una combinaci\u00f3n inigualable de velocidad, fiabilidad y confianza. Ya sea que la cargues con tus cosas o simplemente te subas y te pongas en marcha, vayas al trabajo o al gimnasio, la potencia total y el enorme alcance de Vado te llevar\u00e1n del \u201cpunto A\u201d al \u201cpunto B\u201d lo antes posible.\",\"breadcrumb\":{\"@id\":\"https:\/\/gr-100.com\/pt-pt\/producto\/specialized-vado-4-0-step-through-nb-2026\/#breadcrumb\"},\"inLanguage\":\"pt-PT\",\"potentialAction\":[{\"@type\":\"ReadAction\",\"target\":[\"https:\/\/gr-100.com\/pt-pt\/producto\/specialized-vado-4-0-step-through-nb-2026\/\"]}]},{\"@type\":\"ImageObject\",\"inLanguage\":\"pt-PT\",\"@id\":\"https:\/\/gr-100.com\/pt-pt\/producto\/specialized-vado-4-0-step-through-nb-2026\/#primaryimage\",\"url\":\"https:\/\/gr-100.com\/wp-content\/uploads\/2025\/09\/Diseno-sin-titulo-2025-09-22T141032.556.jpg\",\"contentUrl\":\"https:\/\/gr-100.com\/wp-content\/uploads\/2025\/09\/Diseno-sin-titulo-2025-09-22T141032.556.jpg\",\"width\":1000,\"height\":1000},{\"@type\":\"BreadcrumbList\",\"@id\":\"https:\/\/gr-100.com\/pt-pt\/producto\/specialized-vado-4-0-step-through-nb-2026\/#breadcrumb\",\"itemListElement\":[{\"@type\":\"ListItem\",\"position\":1,\"name\":\"Portada\",\"item\":\"https:\/\/gr-100.com\/en\/\"},{\"@type\":\"ListItem\",\"position\":2,\"name\":\"Productos\",\"item\":\"https:\/\/gr-100.com\/?post_type=product\"},{\"@type\":\"ListItem\",\"position\":3,\"name\":\"Specialized Vado 4.0 Step Through NB 2026\"}]},{\"@type\":\"WebSite\",\"@id\":\"https:\/\/gr-100.com\/#website\",\"url\":\"https:\/\/gr-100.com\/\",\"name\":\"Gr-100 Tienda de ciclismo Specialized\",\"description\":\"GR-100 tenemos todas las gamas de bicicletas Specialized al mejor precio.\",\"publisher\":{\"@id\":\"https:\/\/gr-100.com\/#organization\"},\"alternateName\":\"Gr-100 Bikes\",\"potentialAction\":[{\"@type\":\"SearchAction\",\"target\":{\"@type\":\"EntryPoint\",\"urlTemplate\":\"https:\/\/gr-100.com\/?s={search_term_string}\"},\"query-input\":{\"@type\":\"PropertyValueSpecification\",\"valueRequired\":true,\"valueName\":\"search_term_string\"}}],\"inLanguage\":\"pt-PT\"},{\"@type\":\"Organization\",\"@id\":\"https:\/\/gr-100.com\/#organization\",\"name\":\"Gr-100\",\"url\":\"https:\/\/gr-100.com\/\",\"logo\":{\"@type\":\"ImageObject\",\"inLanguage\":\"pt-PT\",\"@id\":\"https:\/\/gr-100.com\/#\/schema\/logo\/image\/\",\"url\":\"https:\/\/gr-100.com\/wp-content\/uploads\/2023\/08\/logo-gr-100-bikes.png\",\"contentUrl\":\"https:\/\/gr-100.com\/wp-content\/uploads\/2023\/08\/logo-gr-100-bikes.png\",\"width\":707,\"height\":284,\"caption\":\"Gr-100\"},\"image\":{\"@id\":\"https:\/\/gr-100.com\/#\/schema\/logo\/image\/\"},\"sameAs\":[\"https:\/\/www.facebook.com\/Gr100Bikes\",\"https:\/\/www.instagram.com\/gr100bikes\/\",\"https:\/\/www.tiktok.com\/@gr100bikes\",\"https:\/\/twitter.com\/gr100mtbteam\",\"https:\/\/www.youtube.com\/c\/GR100Specialized\"]}]}<\/script>\n<!-- \/ Yoast SEO Premium plugin. -->","yoast_head_json":{"title":"Specialized Vado 4.0 Step Through NB 2026 GR-100","description":"Considera a Vado como tu bicicleta de transporte de alto rendimiento, que te lleva a donde necesitas ir con una combinaci\u00f3n inigualable de velocidad, fiabilidad y confianza. Ya sea que la cargues con tus cosas o simplemente te subas y te pongas en marcha, vayas al trabajo o al gimnasio, la potencia total y el enorme alcance de Vado te llevar\u00e1n del \u201cpunto A\u201d al \u201cpunto B\u201d lo antes posible.","robots":{"index":"index","follow":"follow","max-snippet":"max-snippet:-1","max-image-preview":"max-image-preview:large","max-video-preview":"max-video-preview:-1"},"canonical":"https:\/\/gr-100.com\/pt-pt\/producto\/specialized-vado-4-0-step-through-nb-2026\/","og_locale":"pt_PT","og_type":"article","og_title":"Specialized Vado 4.0 Step Through NB 2026","og_description":"Considera a Vado como tu bicicleta de transporte de alto rendimiento, que te lleva a donde necesitas ir con una combinaci\u00f3n inigualable de velocidad, fiabilidad y confianza. Ya sea que la cargues con tus cosas o simplemente te subas y te pongas en marcha, vayas al trabajo o al gimnasio, la potencia total y el enorme alcance de Vado te llevar\u00e1n del \u201cpunto A\u201d al \u201cpunto B\u201d lo antes posible.","og_url":"https:\/\/gr-100.com\/pt-pt\/producto\/specialized-vado-4-0-step-through-nb-2026\/","og_site_name":"Gr-100 Tienda de ciclismo Specialized","article_publisher":"https:\/\/www.facebook.com\/Gr100Bikes","og_image":[{"width":1000,"height":1000,"url":"https:\/\/gr-100.com\/wp-content\/uploads\/2025\/09\/Diseno-sin-titulo-2025-09-22T141032.556.jpg","type":"image\/jpeg"}],"twitter_card":"summary_large_image","twitter_misc":{"Tempo estimado de leitura":"5 minutos"},"schema":{"@context":"https:\/\/schema.org","@graph":[{"@type":"WebPage","@id":"https:\/\/gr-100.com\/pt-pt\/producto\/specialized-vado-4-0-step-through-nb-2026\/","url":"https:\/\/gr-100.com\/pt-pt\/producto\/specialized-vado-4-0-step-through-nb-2026\/","name":"Specialized Vado 4.0 Step Through NB 2026 GR-100","isPartOf":{"@id":"https:\/\/gr-100.com\/#website"},"primaryImageOfPage":{"@id":"https:\/\/gr-100.com\/pt-pt\/producto\/specialized-vado-4-0-step-through-nb-2026\/#primaryimage"},"image":{"@id":"https:\/\/gr-100.com\/pt-pt\/producto\/specialized-vado-4-0-step-through-nb-2026\/#primaryimage"},"thumbnailUrl":"https:\/\/gr-100.com\/wp-content\/uploads\/2025\/09\/Diseno-sin-titulo-2025-09-22T141032.556.jpg","datePublished":"2025-09-23T11:13:52+00:00","description":"Considera a Vado como tu bicicleta de transporte de alto rendimiento, que te lleva a donde necesitas ir con una combinaci\u00f3n inigualable de velocidad, fiabilidad y confianza. Ya sea que la cargues con tus cosas o simplemente te subas y te pongas en marcha, vayas al trabajo o al gimnasio, la potencia total y el enorme alcance de Vado te llevar\u00e1n del \u201cpunto A\u201d al \u201cpunto B\u201d lo antes posible.","breadcrumb":{"@id":"https:\/\/gr-100.com\/pt-pt\/producto\/specialized-vado-4-0-step-through-nb-2026\/#breadcrumb"},"inLanguage":"pt-PT","potentialAction":[{"@type":"ReadAction","target":["https:\/\/gr-100.com\/pt-pt\/producto\/specialized-vado-4-0-step-through-nb-2026\/"]}]},{"@type":"ImageObject","inLanguage":"pt-PT","@id":"https:\/\/gr-100.com\/pt-pt\/producto\/specialized-vado-4-0-step-through-nb-2026\/#primaryimage","url":"https:\/\/gr-100.com\/wp-content\/uploads\/2025\/09\/Diseno-sin-titulo-2025-09-22T141032.556.jpg","contentUrl":"https:\/\/gr-100.com\/wp-content\/uploads\/2025\/09\/Diseno-sin-titulo-2025-09-22T141032.556.jpg","width":1000,"height":1000},{"@type":"BreadcrumbList","@id":"https:\/\/gr-100.com\/pt-pt\/producto\/specialized-vado-4-0-step-through-nb-2026\/#breadcrumb","itemListElement":[{"@type":"ListItem","position":1,"name":"Portada","item":"https:\/\/gr-100.com\/en\/"},{"@type":"ListItem","position":2,"name":"Productos","item":"https:\/\/gr-100.com\/?post_type=product"},{"@type":"ListItem","position":3,"name":"Specialized Vado 4.0 Step Through NB 2026"}]},{"@type":"WebSite","@id":"https:\/\/gr-100.com\/#website","url":"https:\/\/gr-100.com\/","name":"Gr-100 Tienda de ciclismo Specialized","description":"GR-100 tenemos todas las gamas de bicicletas Specialized al mejor precio.","publisher":{"@id":"https:\/\/gr-100.com\/#organization"},"alternateName":"Gr-100 Bikes","potentialAction":[{"@type":"SearchAction","target":{"@type":"EntryPoint","urlTemplate":"https:\/\/gr-100.com\/?s={search_term_string}"},"query-input":{"@type":"PropertyValueSpecification","valueRequired":true,"valueName":"search_term_string"}}],"inLanguage":"pt-PT"},{"@type":"Organization","@id":"https:\/\/gr-100.com\/#organization","name":"Gr-100","url":"https:\/\/gr-100.com\/","logo":{"@type":"ImageObject","inLanguage":"pt-PT","@id":"https:\/\/gr-100.com\/#\/schema\/logo\/image\/","url":"https:\/\/gr-100.com\/wp-content\/uploads\/2023\/08\/logo-gr-100-bikes.png","contentUrl":"https:\/\/gr-100.com\/wp-content\/uploads\/2023\/08\/logo-gr-100-bikes.png","width":707,"height":284,"caption":"Gr-100"},"image":{"@id":"https:\/\/gr-100.com\/#\/schema\/logo\/image\/"},"sameAs":["https:\/\/www.facebook.com\/Gr100Bikes","https:\/\/www.instagram.com\/gr100bikes\/","https:\/\/www.tiktok.com\/@gr100bikes","https:\/\/twitter.com\/gr100mtbteam","https:\/\/www.youtube.com\/c\/GR100Specialized"]}]}},"_links":{"self":[{"href":"https:\/\/gr-100.com\/pt-pt\/wp-json\/wp\/v2\/product\/428464","targetHints":{"allow":["GET"]}}],"collection":[{"href":"https:\/\/gr-100.com\/pt-pt\/wp-json\/wp\/v2\/product"}],"about":[{"href":"https:\/\/gr-100.com\/pt-pt\/wp-json\/wp\/v2\/types\/product"}],"replies":[{"embeddable":true,"href":"https:\/\/gr-100.com\/pt-pt\/wp-json\/wp\/v2\/comments?post=428464"}],"wp:featuredmedia":[{"embeddable":true,"href":"https:\/\/gr-100.com\/pt-pt\/wp-json\/wp\/v2\/media\/417022"}],"wp:attachment":[{"href":"https:\/\/gr-100.com\/pt-pt\/wp-json\/wp\/v2\/media?parent=428464"}],"wp:term":[{"taxonomy":"product_brand","embeddable":true,"href":"https:\/\/gr-100.com\/pt-pt\/wp-json\/wp\/v2\/product_brand?post=428464"},{"taxonomy":"product_cat","embeddable":true,"href":"https:\/\/gr-100.com\/pt-pt\/wp-json\/wp\/v2\/product_cat?post=428464"},{"taxonomy":"product_tag","embeddable":true,"href":"https:\/\/gr-100.com\/pt-pt\/wp-json\/wp\/v2\/product_tag?post=428464"}],"curies":[{"name":"wp","href":"https:\/\/api.w.org\/{rel}","templated":true}]}}