{"id":428524,"date":"2025-07-23T18:00:29","date_gmt":"2025-07-23T17:00:29","guid":{"rendered":"https:\/\/gr-100.com\/producto\/specialized-crux-expert-sram-rival-xplr-axs-2026\/"},"modified":"2025-07-23T18:00:29","modified_gmt":"2025-07-23T16:00:29","slug":"specialized-crux-expert-sram-rival-xplr-axs-2026","status":"publish","type":"product","link":"https:\/\/gr-100.com\/pt-pt\/producto\/specialized-crux-expert-sram-rival-xplr-axs-2026\/","title":{"rendered":"Specialized Crux Expert SRAM Rival XPLR AXS 2026"},"content":{"rendered":"<p>La Crux es la bici de gravel m\u00e1s ligera del mundo. Con un gran paso de rueda y una geometr\u00eda perfecta para rendir al m\u00e1ximo fuera del asfalto, esta bici ser\u00e1 tu trampol\u00edn al para\u00edso del gravel.La Crux Expert monta el grupo SRAM Rival eTap AXS con frenos de disco hidr\u00e1ulicos, que es preciso y r\u00e1pido, ruedas Roval Terra C Disc, ligeras y duraderas, y cubiertas Pathfinder Pro de 700 x 40 mm que son 2Bliss Ready y est\u00e1n listas para enfrentarse a cualquier terreno por muy complicado que sea.La Crux es la bici de gravel m\u00e1s ligera del mundo. Con un gran paso de rueda y una geometr\u00eda perfecta para rendir al m\u00e1ximo fuera del asfalto, esta bicicleta ser\u00e1 tu trampol\u00edn al para\u00edso del gravel.Esta Crux Expert viene equipada con el nuevo SRAM Force XPLR AXS: frenada suave, peso reducido y un amplio rango de 13 velocidades. Se completa con ruedas Roval Terra CL Disc, ligeras y resistentes, y cubiertas Pathfinder Pro 700&#215;40 mm 2Bliss Ready, perfectas para los terrenos m\u00e1s exigentes.   <\/p>\n<ul>\n<li>M\u00e1s ligera: el cuadro de carbono 12r pesa 725 g y el de carbono 10r, 825 g. Hemos cogido los revolucionarios avances que hicieron de la Aethos la bicicleta m\u00e1s ligera de la historia y los hemos aplicado a la Crux. \u00bfEl resultado? Una bicicleta de gravel que sube que da gusto, vuela sobre terrenos dif\u00edciles y pesa menos que la botella que llevas llena en el portabidones.   <\/li>\n<li>Desempenho: o arco da roda \u00e9 de 47c\/650b x 2,1&#8243;. Mais espa\u00e7o significa mais desempenho. Com o mesmo espa\u00e7o que a Diverge, a Crux leva-te a qualquer lugar a toda a velocidade.  <\/li>\n<li>Una bici que responde: r\u00e1pida, flexible y reactiva. Sensible en los pedales. C\u00f3moda en el sill\u00edn. Con una geometr\u00eda adaptada al rendimiento que el gravel necesita y un dise\u00f1o influenciado por las carreras e inspirado en la ic\u00f3nica historia de la Crux en el ciclocross.   <\/li>\n<li>ESPECIFICA\u00c7\u00d5ES T\u00c9CNICAS<\/li>\n<li>Cuadro: Crux FACT 10r Carbon, Rider First Engineered\u2122, Threaded BB, 12x142mm thru-axle, flat-mount disc, UDH dropout<\/li>\n<li>Suspensi\u00f3n Horquilla:S-Works FACT Carbon, 12x100mm thru-axle, flat-mount disc<\/li>\n<li>Trav\u00f5es<\/li>\n<li>Freno delantero:NEW SRAM Rival AXS E1, hydraulic disc 160mm rotor<\/li>\n<li>Freno trasero: NEW SRAM Rival AXS E1, hydraulic disc 160mm rotor<\/li>\n<li>Transmiss\u00e3o<\/li>\n<li>Caja de pedalier: SRAM DUB BSA<\/li>\n<li>Platos y bielas:NEW SRAM Rival XPLR E1<\/li>\n<li>Manetas de cambio NEW SRAM Rival AXS E1 HRD<\/li>\n<li>Desviador trasero: NEW SRAM Rival XPLR AXS E1<\/li>\n<li>Cadena NEW SRAM Rival E1<\/li>\n<li>Cassette:NEW SRAM Rival XPLR XG-1351, 13sp, 10-46t<\/li>\n<li>Rodas e pneus<\/li>\n<li>Neum\u00e1tico delantero: Pathfinder 700&#215;40, Tan Sidewall, Tubeless Ready<\/li>\n<li>Neum\u00e1tico trasero: Pathfinder 700&#215;40, Tan Sidewall, Tubeless Ready<\/li>\n<li>Rueda delantera: Roval Terra C, 25mm inner width carbon rim, 32mm depth, DT 370 hub, 24h, DT Swiss Comp Race spokes<\/li>\n<li>Rueda trasera: Roval Terra C, 25mm inner width carbon rim, 32mm depth, DT 370 hub, 24h, DT Swiss Comp Race spokes<\/li>\n<li>C\u00e1maras: Standard 40mm PV 700&#215;32-50<\/li>\n<li>Cabine de pilotagem<\/li>\n<li>Sill\u00edn: Body Geometry Power Expert<\/li>\n<li>Tija del sill\u00edn Roval Terra Carbon Seat Post, 20mm Offset<\/li>\n<li>Manillar: Specialized Adventure Gear, 118.9mm drop x 70mm reach x 12\u00ba flare<\/li>\n<li>Abrazadera del sill\u00edn: Specialized Alloy, 30mm<\/li>\n<li>Haste: Specialized Pro SL, liga, 4 parafusos<\/li>\n<li>Fita de guiador: Supacaz Super Sticky Kush<\/li>\n<li>Detalles del producto<\/li>\n<li>Identificador del producto: 223489<\/li>\n<li>Peso<\/li>\n<li>Talla: 56<\/li>\n<li>Peso: 8.1 kg (17 lb, 13.7 oz)<\/li>\n<\/ul>\n<p>&nbsp;<\/p>\n<p>&nbsp;<\/p>\n","protected":false},"excerpt":{"rendered":"<p>La Crux es la bici de gravel m\u00e1s ligera del mundo. Con un gran paso de rueda y una geometr\u00eda perfecta para rendir al m\u00e1ximo fuera del asfalto, esta bicicleta ser\u00e1 tu trampol\u00edn al para\u00edso del gravel. <\/p>\n","protected":false},"featured_media":419372,"comment_status":"open","ping_status":"closed","template":"","meta":{"_acf_changed":false,"_et_pb_use_builder":"","_et_pb_old_content":"","_et_gb_content_width":"","inline_featured_image":false},"product_brand":[],"product_cat":[4353,2459,3346,5310,5309,5308],"product_tag":[],"class_list":{"0":"post-428524","1":"product","2":"type-product","3":"status-publish","4":"has-post-thumbnail","6":"product_cat-liquidacion-specialized","7":"product_cat-bicicletas-pt-pt-2","8":"product_cat-bicicletas-de-cascalho","9":"product_cat-bicicletas-de-gravel-aero","10":"product_cat-bicicletas-de-carbono-gravel","11":"product_cat-bicicletas-de-gravel-specialized","12":"product_shipping_class-bicicletas-pt-pt","14":"first","15":"instock","16":"sale","17":"taxable","18":"shipping-taxable","19":"purchasable","20":"product-type-variable","21":"wvs-archive-product-wrapper"},"acf":[],"yoast_head":"<!-- This site is optimized with the Yoast SEO Premium plugin v26.7 (Yoast SEO v26.7) - https:\/\/yoast.com\/wordpress\/plugins\/seo\/ -->\n<title>Specialized Crux Expert SRAM Rival XPLR AXS 2026 GR-100<\/title>\n<meta name=\"description\" content=\"La Crux es la bici de gravel m\u00e1s ligera del mundo. Con un gran paso de rueda y una geometr\u00eda perfecta para rendir al m\u00e1ximo fuera del asfalto.\" \/>\n<meta name=\"robots\" content=\"index, follow, max-snippet:-1, max-image-preview:large, max-video-preview:-1\" \/>\n<link rel=\"canonical\" href=\"https:\/\/gr-100.com\/pt-pt\/producto\/specialized-crux-expert-sram-rival-xplr-axs-2026\/\" \/>\n<meta property=\"og:locale\" content=\"pt_PT\" \/>\n<meta property=\"og:type\" content=\"article\" \/>\n<meta property=\"og:title\" content=\"Specialized Crux Expert SRAM Rival XPLR AXS 2026\" \/>\n<meta property=\"og:description\" content=\"La Crux es la bici de gravel m\u00e1s ligera del mundo. Con un gran paso de rueda y una geometr\u00eda perfecta para rendir al m\u00e1ximo fuera del asfalto.\" \/>\n<meta property=\"og:url\" content=\"https:\/\/gr-100.com\/pt-pt\/producto\/specialized-crux-expert-sram-rival-xplr-axs-2026\/\" \/>\n<meta property=\"og:site_name\" content=\"Gr-100 Tienda de ciclismo Specialized\" \/>\n<meta property=\"article:publisher\" content=\"https:\/\/www.facebook.com\/Gr100Bikes\" \/>\n<meta property=\"og:image\" content=\"https:\/\/gr-100.com\/wp-content\/uploads\/2025\/07\/Diseno-sin-titulo-2025-10-14T133542.443.jpg\" \/>\n\t<meta property=\"og:image:width\" content=\"1000\" \/>\n\t<meta property=\"og:image:height\" content=\"1000\" \/>\n\t<meta property=\"og:image:type\" content=\"image\/jpeg\" \/>\n<meta name=\"twitter:card\" content=\"summary_large_image\" \/>\n<meta name=\"twitter:label1\" content=\"Tempo estimado de leitura\" \/>\n\t<meta name=\"twitter:data1\" content=\"3 minutos\" \/>\n<script type=\"application\/ld+json\" class=\"yoast-schema-graph\">{\"@context\":\"https:\/\/schema.org\",\"@graph\":[{\"@type\":\"WebPage\",\"@id\":\"https:\/\/gr-100.com\/pt-pt\/producto\/specialized-crux-expert-sram-rival-xplr-axs-2026\/\",\"url\":\"https:\/\/gr-100.com\/pt-pt\/producto\/specialized-crux-expert-sram-rival-xplr-axs-2026\/\",\"name\":\"Specialized Crux Expert SRAM Rival XPLR AXS 2026 GR-100\",\"isPartOf\":{\"@id\":\"https:\/\/gr-100.com\/#website\"},\"primaryImageOfPage\":{\"@id\":\"https:\/\/gr-100.com\/pt-pt\/producto\/specialized-crux-expert-sram-rival-xplr-axs-2026\/#primaryimage\"},\"image\":{\"@id\":\"https:\/\/gr-100.com\/pt-pt\/producto\/specialized-crux-expert-sram-rival-xplr-axs-2026\/#primaryimage\"},\"thumbnailUrl\":\"https:\/\/gr-100.com\/wp-content\/uploads\/2025\/07\/Diseno-sin-titulo-2025-10-14T133542.443.jpg\",\"datePublished\":\"2025-07-23T17:00:29+00:00\",\"description\":\"La Crux es la bici de gravel m\u00e1s ligera del mundo. Con un gran paso de rueda y una geometr\u00eda perfecta para rendir al m\u00e1ximo fuera del asfalto.\",\"breadcrumb\":{\"@id\":\"https:\/\/gr-100.com\/pt-pt\/producto\/specialized-crux-expert-sram-rival-xplr-axs-2026\/#breadcrumb\"},\"inLanguage\":\"pt-PT\",\"potentialAction\":[{\"@type\":\"ReadAction\",\"target\":[\"https:\/\/gr-100.com\/pt-pt\/producto\/specialized-crux-expert-sram-rival-xplr-axs-2026\/\"]}]},{\"@type\":\"ImageObject\",\"inLanguage\":\"pt-PT\",\"@id\":\"https:\/\/gr-100.com\/pt-pt\/producto\/specialized-crux-expert-sram-rival-xplr-axs-2026\/#primaryimage\",\"url\":\"https:\/\/gr-100.com\/wp-content\/uploads\/2025\/07\/Diseno-sin-titulo-2025-10-14T133542.443.jpg\",\"contentUrl\":\"https:\/\/gr-100.com\/wp-content\/uploads\/2025\/07\/Diseno-sin-titulo-2025-10-14T133542.443.jpg\",\"width\":1000,\"height\":1000},{\"@type\":\"BreadcrumbList\",\"@id\":\"https:\/\/gr-100.com\/pt-pt\/producto\/specialized-crux-expert-sram-rival-xplr-axs-2026\/#breadcrumb\",\"itemListElement\":[{\"@type\":\"ListItem\",\"position\":1,\"name\":\"Portada\",\"item\":\"https:\/\/gr-100.com\/en\/\"},{\"@type\":\"ListItem\",\"position\":2,\"name\":\"Productos\",\"item\":\"https:\/\/gr-100.com\/?post_type=product\"},{\"@type\":\"ListItem\",\"position\":3,\"name\":\"Specialized Crux Expert SRAM Rival XPLR AXS 2026\"}]},{\"@type\":\"WebSite\",\"@id\":\"https:\/\/gr-100.com\/#website\",\"url\":\"https:\/\/gr-100.com\/\",\"name\":\"Gr-100 Tienda de ciclismo Specialized\",\"description\":\"GR-100 tenemos todas las gamas de bicicletas Specialized al mejor precio.\",\"publisher\":{\"@id\":\"https:\/\/gr-100.com\/#organization\"},\"alternateName\":\"Gr-100 Bikes\",\"potentialAction\":[{\"@type\":\"SearchAction\",\"target\":{\"@type\":\"EntryPoint\",\"urlTemplate\":\"https:\/\/gr-100.com\/?s={search_term_string}\"},\"query-input\":{\"@type\":\"PropertyValueSpecification\",\"valueRequired\":true,\"valueName\":\"search_term_string\"}}],\"inLanguage\":\"pt-PT\"},{\"@type\":\"Organization\",\"@id\":\"https:\/\/gr-100.com\/#organization\",\"name\":\"Gr-100\",\"url\":\"https:\/\/gr-100.com\/\",\"logo\":{\"@type\":\"ImageObject\",\"inLanguage\":\"pt-PT\",\"@id\":\"https:\/\/gr-100.com\/#\/schema\/logo\/image\/\",\"url\":\"https:\/\/gr-100.com\/wp-content\/uploads\/2023\/08\/logo-gr-100-bikes.png\",\"contentUrl\":\"https:\/\/gr-100.com\/wp-content\/uploads\/2023\/08\/logo-gr-100-bikes.png\",\"width\":707,\"height\":284,\"caption\":\"Gr-100\"},\"image\":{\"@id\":\"https:\/\/gr-100.com\/#\/schema\/logo\/image\/\"},\"sameAs\":[\"https:\/\/www.facebook.com\/Gr100Bikes\",\"https:\/\/www.instagram.com\/gr100bikes\/\",\"https:\/\/www.tiktok.com\/@gr100bikes\",\"https:\/\/twitter.com\/gr100mtbteam\",\"https:\/\/www.youtube.com\/c\/GR100Specialized\"]}]}<\/script>\n<!-- \/ Yoast SEO Premium plugin. -->","yoast_head_json":{"title":"Specialized Crux Expert SRAM Rival XPLR AXS 2026 GR-100","description":"La Crux es la bici de gravel m\u00e1s ligera del mundo. Con un gran paso de rueda y una geometr\u00eda perfecta para rendir al m\u00e1ximo fuera del asfalto.","robots":{"index":"index","follow":"follow","max-snippet":"max-snippet:-1","max-image-preview":"max-image-preview:large","max-video-preview":"max-video-preview:-1"},"canonical":"https:\/\/gr-100.com\/pt-pt\/producto\/specialized-crux-expert-sram-rival-xplr-axs-2026\/","og_locale":"pt_PT","og_type":"article","og_title":"Specialized Crux Expert SRAM Rival XPLR AXS 2026","og_description":"La Crux es la bici de gravel m\u00e1s ligera del mundo. Con un gran paso de rueda y una geometr\u00eda perfecta para rendir al m\u00e1ximo fuera del asfalto.","og_url":"https:\/\/gr-100.com\/pt-pt\/producto\/specialized-crux-expert-sram-rival-xplr-axs-2026\/","og_site_name":"Gr-100 Tienda de ciclismo Specialized","article_publisher":"https:\/\/www.facebook.com\/Gr100Bikes","og_image":[{"width":1000,"height":1000,"url":"https:\/\/gr-100.com\/wp-content\/uploads\/2025\/07\/Diseno-sin-titulo-2025-10-14T133542.443.jpg","type":"image\/jpeg"}],"twitter_card":"summary_large_image","twitter_misc":{"Tempo estimado de leitura":"3 minutos"},"schema":{"@context":"https:\/\/schema.org","@graph":[{"@type":"WebPage","@id":"https:\/\/gr-100.com\/pt-pt\/producto\/specialized-crux-expert-sram-rival-xplr-axs-2026\/","url":"https:\/\/gr-100.com\/pt-pt\/producto\/specialized-crux-expert-sram-rival-xplr-axs-2026\/","name":"Specialized Crux Expert SRAM Rival XPLR AXS 2026 GR-100","isPartOf":{"@id":"https:\/\/gr-100.com\/#website"},"primaryImageOfPage":{"@id":"https:\/\/gr-100.com\/pt-pt\/producto\/specialized-crux-expert-sram-rival-xplr-axs-2026\/#primaryimage"},"image":{"@id":"https:\/\/gr-100.com\/pt-pt\/producto\/specialized-crux-expert-sram-rival-xplr-axs-2026\/#primaryimage"},"thumbnailUrl":"https:\/\/gr-100.com\/wp-content\/uploads\/2025\/07\/Diseno-sin-titulo-2025-10-14T133542.443.jpg","datePublished":"2025-07-23T17:00:29+00:00","description":"La Crux es la bici de gravel m\u00e1s ligera del mundo. Con un gran paso de rueda y una geometr\u00eda perfecta para rendir al m\u00e1ximo fuera del asfalto.","breadcrumb":{"@id":"https:\/\/gr-100.com\/pt-pt\/producto\/specialized-crux-expert-sram-rival-xplr-axs-2026\/#breadcrumb"},"inLanguage":"pt-PT","potentialAction":[{"@type":"ReadAction","target":["https:\/\/gr-100.com\/pt-pt\/producto\/specialized-crux-expert-sram-rival-xplr-axs-2026\/"]}]},{"@type":"ImageObject","inLanguage":"pt-PT","@id":"https:\/\/gr-100.com\/pt-pt\/producto\/specialized-crux-expert-sram-rival-xplr-axs-2026\/#primaryimage","url":"https:\/\/gr-100.com\/wp-content\/uploads\/2025\/07\/Diseno-sin-titulo-2025-10-14T133542.443.jpg","contentUrl":"https:\/\/gr-100.com\/wp-content\/uploads\/2025\/07\/Diseno-sin-titulo-2025-10-14T133542.443.jpg","width":1000,"height":1000},{"@type":"BreadcrumbList","@id":"https:\/\/gr-100.com\/pt-pt\/producto\/specialized-crux-expert-sram-rival-xplr-axs-2026\/#breadcrumb","itemListElement":[{"@type":"ListItem","position":1,"name":"Portada","item":"https:\/\/gr-100.com\/en\/"},{"@type":"ListItem","position":2,"name":"Productos","item":"https:\/\/gr-100.com\/?post_type=product"},{"@type":"ListItem","position":3,"name":"Specialized Crux Expert SRAM Rival XPLR AXS 2026"}]},{"@type":"WebSite","@id":"https:\/\/gr-100.com\/#website","url":"https:\/\/gr-100.com\/","name":"Gr-100 Tienda de ciclismo Specialized","description":"GR-100 tenemos todas las gamas de bicicletas Specialized al mejor precio.","publisher":{"@id":"https:\/\/gr-100.com\/#organization"},"alternateName":"Gr-100 Bikes","potentialAction":[{"@type":"SearchAction","target":{"@type":"EntryPoint","urlTemplate":"https:\/\/gr-100.com\/?s={search_term_string}"},"query-input":{"@type":"PropertyValueSpecification","valueRequired":true,"valueName":"search_term_string"}}],"inLanguage":"pt-PT"},{"@type":"Organization","@id":"https:\/\/gr-100.com\/#organization","name":"Gr-100","url":"https:\/\/gr-100.com\/","logo":{"@type":"ImageObject","inLanguage":"pt-PT","@id":"https:\/\/gr-100.com\/#\/schema\/logo\/image\/","url":"https:\/\/gr-100.com\/wp-content\/uploads\/2023\/08\/logo-gr-100-bikes.png","contentUrl":"https:\/\/gr-100.com\/wp-content\/uploads\/2023\/08\/logo-gr-100-bikes.png","width":707,"height":284,"caption":"Gr-100"},"image":{"@id":"https:\/\/gr-100.com\/#\/schema\/logo\/image\/"},"sameAs":["https:\/\/www.facebook.com\/Gr100Bikes","https:\/\/www.instagram.com\/gr100bikes\/","https:\/\/www.tiktok.com\/@gr100bikes","https:\/\/twitter.com\/gr100mtbteam","https:\/\/www.youtube.com\/c\/GR100Specialized"]}]}},"_links":{"self":[{"href":"https:\/\/gr-100.com\/pt-pt\/wp-json\/wp\/v2\/product\/428524","targetHints":{"allow":["GET"]}}],"collection":[{"href":"https:\/\/gr-100.com\/pt-pt\/wp-json\/wp\/v2\/product"}],"about":[{"href":"https:\/\/gr-100.com\/pt-pt\/wp-json\/wp\/v2\/types\/product"}],"replies":[{"embeddable":true,"href":"https:\/\/gr-100.com\/pt-pt\/wp-json\/wp\/v2\/comments?post=428524"}],"wp:featuredmedia":[{"embeddable":true,"href":"https:\/\/gr-100.com\/pt-pt\/wp-json\/wp\/v2\/media\/419372"}],"wp:attachment":[{"href":"https:\/\/gr-100.com\/pt-pt\/wp-json\/wp\/v2\/media?parent=428524"}],"wp:term":[{"taxonomy":"product_brand","embeddable":true,"href":"https:\/\/gr-100.com\/pt-pt\/wp-json\/wp\/v2\/product_brand?post=428524"},{"taxonomy":"product_cat","embeddable":true,"href":"https:\/\/gr-100.com\/pt-pt\/wp-json\/wp\/v2\/product_cat?post=428524"},{"taxonomy":"product_tag","embeddable":true,"href":"https:\/\/gr-100.com\/pt-pt\/wp-json\/wp\/v2\/product_tag?post=428524"}],"curies":[{"name":"wp","href":"https:\/\/api.w.org\/{rel}","templated":true}]}}