{"id":428558,"date":"2025-09-18T13:06:02","date_gmt":"2025-09-18T12:06:02","guid":{"rendered":"https:\/\/gr-100.com\/producto\/specialized-turbo-tero-x-6-0-2026\/"},"modified":"2025-09-18T13:06:02","modified_gmt":"2025-09-18T11:06:02","slug":"specialized-turbo-tero-x-6-0-2026","status":"publish","type":"product","link":"https:\/\/gr-100.com\/pt-pt\/producto\/specialized-turbo-tero-x-6-0-2026\/","title":{"rendered":"Specialized Turbo Tero X 6.0 2026"},"content":{"rendered":"<ul>\n<li>POTENTE<br \/>\nPedalea m\u00e1s all\u00e1 del mapa con el rendimiento fluido del motor Specialized Full Power 2.2 y el sistema operativo Turbo.<br \/>\nEste es el mismo motor que equipa nuestra Levo \u2014 probado en los terrenos m\u00e1s exigentes y bajo las condiciones m\u00e1s duras para garantizar la m\u00e1s alta calidad en cada salida.<br \/>\nEl sistema operativo inteligente de la Turbo integra a la perfecci\u00f3n software y hardware dise\u00f1ados completamente a medida, permiti\u00e9ndote llegar m\u00e1s lejos y explorar m\u00e1s que nunca.<br \/>\nAdem\u00e1s, la pantalla MasterMind ofrece ajustes instant\u00e1neos al alcance de tu mano, mientras supervisa el estimador de autonom\u00eda incorporado para asegurarte de aprovechar al m\u00e1ximo cada carga y cada minuto de ruta.<br \/>\nLa pantalla MasterMind tambi\u00e9n se integra con la app Specialized, lo que permite:<br \/>\nOptimizaci\u00f3n de autonom\u00eda integrada<br \/>\nAjuste avanzado de asistencia<br \/>\nDiagn\u00f3stico en tiempo real<br \/>\nY mucho m\u00e1s<\/li>\n<li>SUAVE<br \/>\nLa Tero X fue creada para dominar terrenos dif\u00edciles con confianza, comodidad y control.<br \/>\nGracias a su amplia suspensi\u00f3n delantera y trasera, posici\u00f3n de conducci\u00f3n erguida orientada al rendimiento, nuestros reconocidos neum\u00e1ticos Ground Control, y un poste de asiento telesc\u00f3pico, ahora es m\u00e1s f\u00e1cil que nunca recorrer rutas accidentadas con seguridad y tranquilidad.<\/li>\n<li>VERS\u00c1TIL<br \/>\nExplora m\u00e1s all\u00e1 del horizonte con todo lo que necesitas.<br \/>\nLa Tero X viene equipada con:<br \/>\nHasta 1.000 l\u00famenes de potencia en el faro delantero<br \/>\nHasta 22 l\u00famenes de luz trasera<br \/>\nPortaequipajes trasero integrado con capacidad de carga de hasta 20 kg<br \/>\nPortaequipajes delantero adicional con capacidad para 10 kg extra<br \/>\nCada salida es, literalmente, una buena idea iluminada.<br \/>\nNota: El l\u00edmite de velocidad a partir del cual el motor deja de asistir puede variar considerablemente seg\u00fan la regi\u00f3n y las normativas locales. Este l\u00edmite tambi\u00e9n puede afectar la autonom\u00eda: una velocidad mayor puede reducir el alcance de la bater\u00eda. <\/li>\n<li>CARACTER\u00cdSTICAS DESTACADAS<\/li>\n<li>Motor Specialized Full Power 2.2 con 90 Nm de par y bater\u00eda de 710 Wh: asistencia al pedaleo potente y autonom\u00eda duradera.<\/li>\n<li>Autonom\u00eda de hasta 120 km (75 millas) o 5.5 horas con una sola carga (en modo eco).<\/li>\n<li>La app Specialized y la pantalla MasterMind te permiten personalizar los niveles de asistencia del Tero X seg\u00fan tu estilo de conducci\u00f3n.<\/li>\n<li>Funciones de seguridad avanzadas: bloquea el motor y activa la alarma por movimiento con el Turbo System Lock desde la app Specialized.<\/li>\n<li>Tija telesc\u00f3pica para mayor control en terrenos t\u00e9cnicos y facilidad al detenerte.<\/li>\n<li>Guardabarros DRYTECH de acero inoxidable: protecci\u00f3n en cualquier aventura.<\/li>\n<li>Neum\u00e1ticos Ground Control Grid T7 de reconocimiento mundial: tracci\u00f3n insuperable.<\/li>\n<li>Portaequipajes trasero con rieles para alforjas laterales (20 kg) y compatible con Front Rack y Adventure Plate para otros 10 kg adicionales.<\/li>\n<li>Luz delantera Lezyne Super HB integrada con bot\u00f3n de luz alta en el manillar:<\/li>\n<li>1.000 l\u00famenes en luz alta<\/li>\n<li>600 l\u00famenes en luz baja<\/li>\n<li>Luz trasera Lezyne Fender Alert con funci\u00f3n de luz de freno.<\/li>\n<li>Configuraci\u00f3n mullet de ruedas (29\u201d delante \/ 27.5\u201d detr\u00e1s) para mayor control y maniobrabilidad.<\/li>\n<li>Talla S: 27.5\u201d delante y detr\u00e1s.<\/li>\n<li>ESPECIFICA\u00c7\u00d5ES T\u00c9CNICAS<\/li>\n<li>Motor:<br \/>\nSpecialized 2.2, 90 Nm de par motor, motor personalizado, 250 W nominales<br \/>\nPantalla \/ Control remoto:<br \/>\nMasterMind TCD con control remoto en el manillar, funci\u00f3n antirrobo integrada, conectividad Bluetooth\u00ae, p\u00e1ginas de visualizaci\u00f3n personalizables<br \/>\nBater\u00eda:<br \/>\nSpecialized U2-710, bater\u00eda integrada, indicador de estado de carga, 710 Wh, certificada UL<br \/>\nCargador:<br \/>\nCargador personalizado, 42V 4A con conector Rosenberger, compatible 100\u2013240V<br \/>\nCableado:<br \/>\nArn\u00e9s de cables personalizado<\/li>\n<li>Cuadro<br \/>\nCuadro:<br \/>\nAluminio E5, doble suspensi\u00f3n, configuraci\u00f3n mullet en tallas M a XL, soporte de motor en el eje de pedalier, bater\u00eda integrada y bloqueable en el tubo diagonal, guiado interno de cables, anclajes para candado y portaequipajes delantero<br \/>\nAbrazadera de sill\u00edn:<br \/>\nAleaci\u00f3n, di\u00e1metro 38.6 mm<\/li>\n<li>Suspensi\u00f3n<br \/>\nAmortiguador trasero:<br \/>\nRockShox Deluxe Select+, con bloqueo y ajuste de rebote, medidas 45&#215;190 mm<br \/>\nHorquilla delantera:<br \/>\nSRAM Psylo Gold, ajuste de rebote y compresi\u00f3n, rueda de 29&#8243;, recorrido de 130 mm, offset de 44 mm<\/li>\n<li>Frenos<br \/>\nFreno delantero:<br \/>\nSRAM DD8 Stealth<br \/>\nFreno trasero:<br \/>\nSRAM DD8 Stealth<\/li>\n<li>Transmisi\u00f3n<br \/>\nCambio trasero:<br \/>\nSRAM Eagle 90 T-Type<br \/>\nManetas de cambio:<br \/>\nSRAM Eagle 90T, pulsaci\u00f3n \u00fanica, con montaje MMX<br \/>\nCassette:<br \/>\nSRAM 1270 Transmission, 12 velocidades, 10-52t<br \/>\nCadena:<br \/>\nSRAM GX Eagle Transmission Flattop, 12 velocidades<br \/>\nBielas:<br \/>\nPraxis forjadas M30, con offset personalizado<br \/>\nPlato:<br \/>\nSRAM CR T-Type, BCD 104, 38 dientes, con sistema Hexnut<\/li>\n<li>Ruedas y Neum\u00e1ticos<br \/>\nLlantas:<br \/>\nSpecialized de 29&#8243;, aleaci\u00f3n sin gancho, ancho interno de 30 mm, tubeless ready<br \/>\nBuje delantero:<br \/>\nBuje de aleaci\u00f3n Specialized, rodamientos sellados, 6 tornillos, eje pasante 15&#215;110 mm, 32 radios<br \/>\nBuje trasero:<br \/>\nBuje de aleaci\u00f3n Specialized, rodamientos sellados, 6 tornillos, eje pasante 12&#215;148 mm, 28 radios, n\u00facleo de acero HD<br \/>\nRadios:<br \/>\nDT Swiss Elemental<br \/>\nNeum\u00e1tico delantero:<br \/>\nSpecialized Ground Control, carcasa GRID, compuesto T7, 29&#215;2.35<br \/>\nNeum\u00e1tico trasero:<br \/>\nTalla S: 27.5&#215;2.35<br \/>\nTallas M a XL: 29&#215;2.35<br \/>\nModelo: Ground Control GRID T7, 2Bliss Ready<br \/>\nC\u00e1maras:<br \/>\nPadr\u00e3o, v\u00e1lvula Presta<\/li>\n<li>Cockpit<br \/>\nPotencia:<br \/>\nSpecialized Stealth, aleaci\u00f3n, 14\u00b0, 31.8 mm, con soporte integrado para TCD<br \/>\nManillar:<br \/>\nSpecialized Trail, aleaci\u00f3n 6061, retroceso de 8\u00b0, elevaci\u00f3n de 6\u00b0, altura de 27 mm, abrazadera de 31.8 mm<br \/>\nTalla S: 720 mm<br \/>\nTallas M-XL: 750 mm<br \/>\nPu\u00f1os:<br \/>\nERGON GA30-S personalizados, longitud de 134.8 mm<br \/>\nSill\u00edn:<br \/>\nBridge Sport, rieles de acero, 155 mm<br \/>\nTija telesc\u00f3pica:<br \/>\nX-Fusion Manic, ajuste infinito, cabeza de dos tornillos, guiado interno, control desde el manillar, di\u00e1metro 34.9 mm<br \/>\nTalla S: 150 mm<br \/>\nTalla M: 170 mm<br \/>\nTallas L \/ XL: 190 mm<\/li>\n<li>Accesorios<br \/>\nPedales:<br \/>\nSpecialized Platform Pedal (plataforma)Luz delantera:<br \/>\nLezyne EBIKE SUPER HB STVZO E1000, 1000 l\u00famenes, bot\u00f3n de luz alta en el manillar, 12V, montada en la potencia<br \/>\nLuz trasera:<br \/>\nLezyne EBIKE FENDER ALERT REAR STVZO, haz de luz amplio, funci\u00f3n de luz de freno, 12V<br \/>\nPata de cabra:<br \/>\nSpecialized, montaje de 40 mm<br \/>\nPortaequipajes trasero:<br \/>\nSpecialized Pannier-rack, tubos de aleaci\u00f3n, capacidad m\u00e1xima de carga: 20 kg<br \/>\nGuardabarros:<br \/>\nDRYTECH 65C de aleaci\u00f3n<br \/>\nCandado:<br \/>\nTurbo System Lock (bloqueo del sistema el\u00e9ctrico)<br \/>\nTimbre:<br \/>\nSpecialized de lat\u00f3n Detalles del Producto<\/li>\n<li>Peso<\/li>\n<li>26.55 kg (58 lb, 8.5 oz)Talla de referencia: MD (mediana)<\/li>\n<\/ul>\n","protected":false},"excerpt":{"rendered":"<p>La Turbo Tero X significa una sola cosa: vas a necesitar un mapa m\u00e1s grande.<br \/>\nCon una autonom\u00eda para llegar a cualquier parte, esta bicicleta el\u00e9ctrica de doble suspensi\u00f3n es nuestro veh\u00edculo para ir a donde quieras, pasar por donde sea, y llevarlo todo contigo.<br \/>\nAdem\u00e1s, gracias a su capacidad de carga, puedes empacar algunas comodidades para aventuras fuera del camino \u2014 lo que hace que descubrir nuevos destinos sea m\u00e1s f\u00e1cil que nunca.<\/p>\n","protected":false},"featured_media":416467,"comment_status":"open","ping_status":"closed","template":"","meta":{"_acf_changed":false,"_et_pb_use_builder":"","_et_pb_old_content":"","_et_gb_content_width":"","inline_featured_image":false},"product_brand":[],"product_cat":[2459,5284,391,5280,5263,5282,5260,5283,5281],"product_tag":[],"class_list":{"0":"post-428558","1":"product","2":"type-product","3":"status-publish","4":"has-post-thumbnail","6":"product_cat-bicicletas-pt-pt-2","7":"product_cat-bicicletas-urbanas-pt-pt","8":"product_cat-eletricas","9":"product_cat-bicicletas-electricas-aluminio-pt-pt","10":"product_cat-bicicletas-de-montanha-electricas","11":"product_cat-bicicletas-electricas-paseo-pt-pt","12":"product_cat-bicicletas-electricas-specialized-pt-pt","13":"product_cat-bicicletas-electricas-trekking-pt-pt","14":"product_cat-bicicletas-electricas-urbanas-pt-pt","15":"product_shipping_class-bicicletas-pt-pt","17":"first","18":"instock","19":"taxable","20":"shipping-taxable","21":"purchasable","22":"product-type-variable","23":"wvs-archive-product-wrapper"},"acf":[],"yoast_head":"<!-- This site is optimized with the Yoast SEO Premium plugin v26.7 (Yoast SEO v26.7) - https:\/\/yoast.com\/wordpress\/plugins\/seo\/ -->\n<title>Specialized Turbo Tero X 6.0 2026 GR-100<\/title>\n<meta name=\"description\" content=\"La Turbo Tero X significa una sola cosa: vas a necesitar un mapa m\u00e1s grande.Con una autonom\u00eda para llegar a cualquier parte, esta bicicleta el\u00e9ctrica de doble suspensi\u00f3n es nuestro veh\u00edculo para ir a donde quieras, pasar por donde sea, y llevarlo todo contigo.Adem\u00e1s, gracias a su capacidad de carga, puedes empacar algunas comodidades para aventuras fuera del camino \u2014 lo que hace que descubrir nuevos destinos sea m\u00e1s f\u00e1cil que nunca.\" \/>\n<meta name=\"robots\" content=\"index, follow, max-snippet:-1, max-image-preview:large, max-video-preview:-1\" \/>\n<link rel=\"canonical\" href=\"https:\/\/gr-100.com\/pt-pt\/producto\/specialized-turbo-tero-x-6-0-2026\/\" \/>\n<meta property=\"og:locale\" content=\"pt_PT\" \/>\n<meta property=\"og:type\" content=\"article\" \/>\n<meta property=\"og:title\" content=\"Specialized Turbo Tero X 6.0 2026\" \/>\n<meta property=\"og:description\" content=\"La Turbo Tero X significa una sola cosa: vas a necesitar un mapa m\u00e1s grande.Con una autonom\u00eda para llegar a cualquier parte, esta bicicleta el\u00e9ctrica de doble suspensi\u00f3n es nuestro veh\u00edculo para ir a donde quieras, pasar por donde sea, y llevarlo todo contigo.Adem\u00e1s, gracias a su capacidad de carga, puedes empacar algunas comodidades para aventuras fuera del camino \u2014 lo que hace que descubrir nuevos destinos sea m\u00e1s f\u00e1cil que nunca.\" \/>\n<meta property=\"og:url\" content=\"https:\/\/gr-100.com\/pt-pt\/producto\/specialized-turbo-tero-x-6-0-2026\/\" \/>\n<meta property=\"og:site_name\" content=\"Gr-100 Tienda de ciclismo Specialized\" \/>\n<meta property=\"article:publisher\" content=\"https:\/\/www.facebook.com\/Gr100Bikes\" \/>\n<meta property=\"og:image\" content=\"https:\/\/gr-100.com\/wp-content\/uploads\/2025\/09\/Diseno-sin-titulo-2025-09-18T123844.070.jpg\" \/>\n\t<meta property=\"og:image:width\" content=\"1000\" \/>\n\t<meta property=\"og:image:height\" content=\"1000\" \/>\n\t<meta property=\"og:image:type\" content=\"image\/jpeg\" \/>\n<meta name=\"twitter:card\" content=\"summary_large_image\" \/>\n<meta name=\"twitter:label1\" content=\"Tempo estimado de leitura\" \/>\n\t<meta name=\"twitter:data1\" content=\"5 minutos\" \/>\n<script type=\"application\/ld+json\" class=\"yoast-schema-graph\">{\"@context\":\"https:\/\/schema.org\",\"@graph\":[{\"@type\":\"WebPage\",\"@id\":\"https:\/\/gr-100.com\/pt-pt\/producto\/specialized-turbo-tero-x-6-0-2026\/\",\"url\":\"https:\/\/gr-100.com\/pt-pt\/producto\/specialized-turbo-tero-x-6-0-2026\/\",\"name\":\"Specialized Turbo Tero X 6.0 2026 GR-100\",\"isPartOf\":{\"@id\":\"https:\/\/gr-100.com\/#website\"},\"primaryImageOfPage\":{\"@id\":\"https:\/\/gr-100.com\/pt-pt\/producto\/specialized-turbo-tero-x-6-0-2026\/#primaryimage\"},\"image\":{\"@id\":\"https:\/\/gr-100.com\/pt-pt\/producto\/specialized-turbo-tero-x-6-0-2026\/#primaryimage\"},\"thumbnailUrl\":\"https:\/\/gr-100.com\/wp-content\/uploads\/2025\/09\/Diseno-sin-titulo-2025-09-18T123844.070.jpg\",\"datePublished\":\"2025-09-18T12:06:02+00:00\",\"description\":\"La Turbo Tero X significa una sola cosa: vas a necesitar un mapa m\u00e1s grande.Con una autonom\u00eda para llegar a cualquier parte, esta bicicleta el\u00e9ctrica de doble suspensi\u00f3n es nuestro veh\u00edculo para ir a donde quieras, pasar por donde sea, y llevarlo todo contigo.Adem\u00e1s, gracias a su capacidad de carga, puedes empacar algunas comodidades para aventuras fuera del camino \u2014 lo que hace que descubrir nuevos destinos sea m\u00e1s f\u00e1cil que nunca.\",\"breadcrumb\":{\"@id\":\"https:\/\/gr-100.com\/pt-pt\/producto\/specialized-turbo-tero-x-6-0-2026\/#breadcrumb\"},\"inLanguage\":\"pt-PT\",\"potentialAction\":[{\"@type\":\"ReadAction\",\"target\":[\"https:\/\/gr-100.com\/pt-pt\/producto\/specialized-turbo-tero-x-6-0-2026\/\"]}]},{\"@type\":\"ImageObject\",\"inLanguage\":\"pt-PT\",\"@id\":\"https:\/\/gr-100.com\/pt-pt\/producto\/specialized-turbo-tero-x-6-0-2026\/#primaryimage\",\"url\":\"https:\/\/gr-100.com\/wp-content\/uploads\/2025\/09\/Diseno-sin-titulo-2025-09-18T123844.070.jpg\",\"contentUrl\":\"https:\/\/gr-100.com\/wp-content\/uploads\/2025\/09\/Diseno-sin-titulo-2025-09-18T123844.070.jpg\",\"width\":1000,\"height\":1000},{\"@type\":\"BreadcrumbList\",\"@id\":\"https:\/\/gr-100.com\/pt-pt\/producto\/specialized-turbo-tero-x-6-0-2026\/#breadcrumb\",\"itemListElement\":[{\"@type\":\"ListItem\",\"position\":1,\"name\":\"Portada\",\"item\":\"https:\/\/gr-100.com\/en\/\"},{\"@type\":\"ListItem\",\"position\":2,\"name\":\"Productos\",\"item\":\"https:\/\/gr-100.com\/?post_type=product\"},{\"@type\":\"ListItem\",\"position\":3,\"name\":\"Specialized Turbo Tero X 6.0 2026\"}]},{\"@type\":\"WebSite\",\"@id\":\"https:\/\/gr-100.com\/#website\",\"url\":\"https:\/\/gr-100.com\/\",\"name\":\"Gr-100 Tienda de ciclismo Specialized\",\"description\":\"GR-100 tenemos todas las gamas de bicicletas Specialized al mejor precio.\",\"publisher\":{\"@id\":\"https:\/\/gr-100.com\/#organization\"},\"alternateName\":\"Gr-100 Bikes\",\"potentialAction\":[{\"@type\":\"SearchAction\",\"target\":{\"@type\":\"EntryPoint\",\"urlTemplate\":\"https:\/\/gr-100.com\/?s={search_term_string}\"},\"query-input\":{\"@type\":\"PropertyValueSpecification\",\"valueRequired\":true,\"valueName\":\"search_term_string\"}}],\"inLanguage\":\"pt-PT\"},{\"@type\":\"Organization\",\"@id\":\"https:\/\/gr-100.com\/#organization\",\"name\":\"Gr-100\",\"url\":\"https:\/\/gr-100.com\/\",\"logo\":{\"@type\":\"ImageObject\",\"inLanguage\":\"pt-PT\",\"@id\":\"https:\/\/gr-100.com\/#\/schema\/logo\/image\/\",\"url\":\"https:\/\/gr-100.com\/wp-content\/uploads\/2023\/08\/logo-gr-100-bikes.png\",\"contentUrl\":\"https:\/\/gr-100.com\/wp-content\/uploads\/2023\/08\/logo-gr-100-bikes.png\",\"width\":707,\"height\":284,\"caption\":\"Gr-100\"},\"image\":{\"@id\":\"https:\/\/gr-100.com\/#\/schema\/logo\/image\/\"},\"sameAs\":[\"https:\/\/www.facebook.com\/Gr100Bikes\",\"https:\/\/www.instagram.com\/gr100bikes\/\",\"https:\/\/www.tiktok.com\/@gr100bikes\",\"https:\/\/twitter.com\/gr100mtbteam\",\"https:\/\/www.youtube.com\/c\/GR100Specialized\"]}]}<\/script>\n<!-- \/ Yoast SEO Premium plugin. -->","yoast_head_json":{"title":"Specialized Turbo Tero X 6.0 2026 GR-100","description":"La Turbo Tero X significa una sola cosa: vas a necesitar un mapa m\u00e1s grande.Con una autonom\u00eda para llegar a cualquier parte, esta bicicleta el\u00e9ctrica de doble suspensi\u00f3n es nuestro veh\u00edculo para ir a donde quieras, pasar por donde sea, y llevarlo todo contigo.Adem\u00e1s, gracias a su capacidad de carga, puedes empacar algunas comodidades para aventuras fuera del camino \u2014 lo que hace que descubrir nuevos destinos sea m\u00e1s f\u00e1cil que nunca.","robots":{"index":"index","follow":"follow","max-snippet":"max-snippet:-1","max-image-preview":"max-image-preview:large","max-video-preview":"max-video-preview:-1"},"canonical":"https:\/\/gr-100.com\/pt-pt\/producto\/specialized-turbo-tero-x-6-0-2026\/","og_locale":"pt_PT","og_type":"article","og_title":"Specialized Turbo Tero X 6.0 2026","og_description":"La Turbo Tero X significa una sola cosa: vas a necesitar un mapa m\u00e1s grande.Con una autonom\u00eda para llegar a cualquier parte, esta bicicleta el\u00e9ctrica de doble suspensi\u00f3n es nuestro veh\u00edculo para ir a donde quieras, pasar por donde sea, y llevarlo todo contigo.Adem\u00e1s, gracias a su capacidad de carga, puedes empacar algunas comodidades para aventuras fuera del camino \u2014 lo que hace que descubrir nuevos destinos sea m\u00e1s f\u00e1cil que nunca.","og_url":"https:\/\/gr-100.com\/pt-pt\/producto\/specialized-turbo-tero-x-6-0-2026\/","og_site_name":"Gr-100 Tienda de ciclismo Specialized","article_publisher":"https:\/\/www.facebook.com\/Gr100Bikes","og_image":[{"width":1000,"height":1000,"url":"https:\/\/gr-100.com\/wp-content\/uploads\/2025\/09\/Diseno-sin-titulo-2025-09-18T123844.070.jpg","type":"image\/jpeg"}],"twitter_card":"summary_large_image","twitter_misc":{"Tempo estimado de leitura":"5 minutos"},"schema":{"@context":"https:\/\/schema.org","@graph":[{"@type":"WebPage","@id":"https:\/\/gr-100.com\/pt-pt\/producto\/specialized-turbo-tero-x-6-0-2026\/","url":"https:\/\/gr-100.com\/pt-pt\/producto\/specialized-turbo-tero-x-6-0-2026\/","name":"Specialized Turbo Tero X 6.0 2026 GR-100","isPartOf":{"@id":"https:\/\/gr-100.com\/#website"},"primaryImageOfPage":{"@id":"https:\/\/gr-100.com\/pt-pt\/producto\/specialized-turbo-tero-x-6-0-2026\/#primaryimage"},"image":{"@id":"https:\/\/gr-100.com\/pt-pt\/producto\/specialized-turbo-tero-x-6-0-2026\/#primaryimage"},"thumbnailUrl":"https:\/\/gr-100.com\/wp-content\/uploads\/2025\/09\/Diseno-sin-titulo-2025-09-18T123844.070.jpg","datePublished":"2025-09-18T12:06:02+00:00","description":"La Turbo Tero X significa una sola cosa: vas a necesitar un mapa m\u00e1s grande.Con una autonom\u00eda para llegar a cualquier parte, esta bicicleta el\u00e9ctrica de doble suspensi\u00f3n es nuestro veh\u00edculo para ir a donde quieras, pasar por donde sea, y llevarlo todo contigo.Adem\u00e1s, gracias a su capacidad de carga, puedes empacar algunas comodidades para aventuras fuera del camino \u2014 lo que hace que descubrir nuevos destinos sea m\u00e1s f\u00e1cil que nunca.","breadcrumb":{"@id":"https:\/\/gr-100.com\/pt-pt\/producto\/specialized-turbo-tero-x-6-0-2026\/#breadcrumb"},"inLanguage":"pt-PT","potentialAction":[{"@type":"ReadAction","target":["https:\/\/gr-100.com\/pt-pt\/producto\/specialized-turbo-tero-x-6-0-2026\/"]}]},{"@type":"ImageObject","inLanguage":"pt-PT","@id":"https:\/\/gr-100.com\/pt-pt\/producto\/specialized-turbo-tero-x-6-0-2026\/#primaryimage","url":"https:\/\/gr-100.com\/wp-content\/uploads\/2025\/09\/Diseno-sin-titulo-2025-09-18T123844.070.jpg","contentUrl":"https:\/\/gr-100.com\/wp-content\/uploads\/2025\/09\/Diseno-sin-titulo-2025-09-18T123844.070.jpg","width":1000,"height":1000},{"@type":"BreadcrumbList","@id":"https:\/\/gr-100.com\/pt-pt\/producto\/specialized-turbo-tero-x-6-0-2026\/#breadcrumb","itemListElement":[{"@type":"ListItem","position":1,"name":"Portada","item":"https:\/\/gr-100.com\/en\/"},{"@type":"ListItem","position":2,"name":"Productos","item":"https:\/\/gr-100.com\/?post_type=product"},{"@type":"ListItem","position":3,"name":"Specialized Turbo Tero X 6.0 2026"}]},{"@type":"WebSite","@id":"https:\/\/gr-100.com\/#website","url":"https:\/\/gr-100.com\/","name":"Gr-100 Tienda de ciclismo Specialized","description":"GR-100 tenemos todas las gamas de bicicletas Specialized al mejor precio.","publisher":{"@id":"https:\/\/gr-100.com\/#organization"},"alternateName":"Gr-100 Bikes","potentialAction":[{"@type":"SearchAction","target":{"@type":"EntryPoint","urlTemplate":"https:\/\/gr-100.com\/?s={search_term_string}"},"query-input":{"@type":"PropertyValueSpecification","valueRequired":true,"valueName":"search_term_string"}}],"inLanguage":"pt-PT"},{"@type":"Organization","@id":"https:\/\/gr-100.com\/#organization","name":"Gr-100","url":"https:\/\/gr-100.com\/","logo":{"@type":"ImageObject","inLanguage":"pt-PT","@id":"https:\/\/gr-100.com\/#\/schema\/logo\/image\/","url":"https:\/\/gr-100.com\/wp-content\/uploads\/2023\/08\/logo-gr-100-bikes.png","contentUrl":"https:\/\/gr-100.com\/wp-content\/uploads\/2023\/08\/logo-gr-100-bikes.png","width":707,"height":284,"caption":"Gr-100"},"image":{"@id":"https:\/\/gr-100.com\/#\/schema\/logo\/image\/"},"sameAs":["https:\/\/www.facebook.com\/Gr100Bikes","https:\/\/www.instagram.com\/gr100bikes\/","https:\/\/www.tiktok.com\/@gr100bikes","https:\/\/twitter.com\/gr100mtbteam","https:\/\/www.youtube.com\/c\/GR100Specialized"]}]}},"_links":{"self":[{"href":"https:\/\/gr-100.com\/pt-pt\/wp-json\/wp\/v2\/product\/428558","targetHints":{"allow":["GET"]}}],"collection":[{"href":"https:\/\/gr-100.com\/pt-pt\/wp-json\/wp\/v2\/product"}],"about":[{"href":"https:\/\/gr-100.com\/pt-pt\/wp-json\/wp\/v2\/types\/product"}],"replies":[{"embeddable":true,"href":"https:\/\/gr-100.com\/pt-pt\/wp-json\/wp\/v2\/comments?post=428558"}],"wp:featuredmedia":[{"embeddable":true,"href":"https:\/\/gr-100.com\/pt-pt\/wp-json\/wp\/v2\/media\/416467"}],"wp:attachment":[{"href":"https:\/\/gr-100.com\/pt-pt\/wp-json\/wp\/v2\/media?parent=428558"}],"wp:term":[{"taxonomy":"product_brand","embeddable":true,"href":"https:\/\/gr-100.com\/pt-pt\/wp-json\/wp\/v2\/product_brand?post=428558"},{"taxonomy":"product_cat","embeddable":true,"href":"https:\/\/gr-100.com\/pt-pt\/wp-json\/wp\/v2\/product_cat?post=428558"},{"taxonomy":"product_tag","embeddable":true,"href":"https:\/\/gr-100.com\/pt-pt\/wp-json\/wp\/v2\/product_tag?post=428558"}],"curies":[{"name":"wp","href":"https:\/\/api.w.org\/{rel}","templated":true}]}}