{"id":428587,"date":"2025-09-18T12:36:27","date_gmt":"2025-09-18T11:36:27","guid":{"rendered":"https:\/\/gr-100.com\/producto\/specialized-tero-5-0-step-through-eq-nb-2025\/"},"modified":"2025-09-18T12:36:27","modified_gmt":"2025-09-18T10:36:27","slug":"specialized-tero-5-0-step-through-eq-nb-2025","status":"publish","type":"product","link":"https:\/\/gr-100.com\/pt-pt\/producto\/specialized-tero-5-0-step-through-eq-nb-2025\/","title":{"rendered":"Specialized TERO 5.0 Step Through EQ NB 2025"},"content":{"rendered":"<ul>\n<li>POTENCIA:<br \/>\nEquipada con nuestro motor Full Power 2.2 y bater\u00eda de 710 Wh integrados en el cuadro de aluminio de la Tero 5.0. Eres t\u00fa, solo que m\u00e1s r\u00e1pido. Nuestro sistema de potencia total detecta el esfuerzo que aplicas en los pedales y amplifica suavemente tu fuerza para ofrecer una sensaci\u00f3n de pedaleo sobrenatural, que te llevar\u00e1 a donde necesites sin sudar una gota. Literalmente.   <\/li>\n<li>CONFIANZA:<br \/>\nTanto la posici\u00f3n del cuerpo como el manejo est\u00e1n optimizados para ofrecer todo lo que el ciclista necesita: comodidad, confianza y control. Controla tu velocidad con frenos de disco hidr\u00e1ulicos y mant\u00e9n el control con neum\u00e1ticos m\u00e1s grandes que brindan mayor tracci\u00f3n al girar y frenar en cualquier terreno. Todo esto, con sistemas antirrobo que dejar\u00e1n fuera de juego a los ladrones de bicicletas.  <\/li>\n<li>VERSATILIDAD:<br \/>\nTodo es posible gracias al ADN de bicicleta de monta\u00f1a. Los componentes de la Tero 5.0 EQ est\u00e1n dise\u00f1ados para mejorar el control y la confianza. Las ruedas agresivas pero de rodadura suave de 29\u201d con neum\u00e1ticos Ground Control de 2.3\u201d ofrecen gran tracci\u00f3n en cualquier situaci\u00f3n, los frenos de disco SRAM proporcionan una potencia de frenado considerable, la suspensi\u00f3n delantera con recorrido de 110 mm suaviza el camino, y el poste de asiento telesc\u00f3pico est\u00e1 listo para cuando necesitas bajar realmente en terrenos t\u00e9cnicos fuera de carretera.  <\/li>\n<li>Cuadro de aluminio con acceso bajo (step-through)<\/li>\n<li>Guardabarros Dry Tech delanteros y traseros, de aleaci\u00f3n + fald\u00f3n de pl\u00e1stico<\/li>\n<li>Portaequipajes trasero compatible con asiento infantil MIK HD + soporte lateral para alforjas<\/li>\n<li>Luz delantera Lezyne E500+ de 500 l\u00famenes montada en la horquilla<\/li>\n<li>Luz trasera Spanninga Glow con alerta de freno<\/li>\n<li>Integraci\u00f3n con radar Garmin<\/li>\n<li>Larga Autonom\u00eda: Con una autonom\u00eda para ir a cualquier parte, alcanza hasta 140 km (86 millas) o 6.5 horas con una sola carga (en modo eco).<\/li>\n<li>Nota: Requiere la compra de una placa adaptadora MIK para garantizar la compatibilidad con los accesorios Specialized en el portaequipajes trasero.<\/li>\n<li>ESPECIFICA\u00c7\u00d5ES T\u00c9CNICAS<\/li>\n<li>E-Bike<br \/>\nCargador:<br \/>\nCargador personalizado, 42V 4A con conector Rosenberger, 100\u2013240V<br \/>\nPantalla \/ Control Remoto:<br \/>\nMasterMind TCD, con control remoto en el manillar, funci\u00f3n antirrobo integrada, conectividad Bluetooth\u00ae, p\u00e1ginas de visualizaci\u00f3n personalizables<br \/>\nMotor:<br \/>\nSpecialized 2.2, par de 90 Nm, motor personalizado, 250W nominales<br \/>\nBater\u00eda:<br \/>\nSpecialized U2-710, carcasa de aleaci\u00f3n, indicador de estado de carga, 710 Wh<\/li>\n<li>Cabine de pilotagem<br \/>\nSill\u00edn:<br \/>\nBridge Sport, calhas de a\u00e7o, 155 mm<br \/>\nPu\u00f1os:<br \/>\nERGON GA30-S personalizados, longitud 134.8 mm<br \/>\nPotencia:<br \/>\nSpecialized Stealth, de aleaci\u00f3n, 14\u00b0, di\u00e1metro 31.8 mm, montaje integrado para TCD<br \/>\nTallas S-M: 60 mm<br \/>\nTallas L-XL: 75 mm<br \/>\nManillar:<br \/>\nSpecialized Trail, aleaci\u00f3n 6061, retroceso de 8\u00b0, elevaci\u00f3n de 6\u00b0, altura de 27 mm, abrazadera de 31.8 mm<br \/>\nTalla S: 720 mm<br \/>\nTallas M-XL: 750 mm<br \/>\nTija de sill\u00edn:<br \/>\nJD telesc\u00f3pica, di\u00e1metro 30.9 mm<br \/>\nTalla S: recorrido 100 mm<br \/>\nTallas M-XL: recorrido 120 mm<\/li>\n<li>Ruedas y Neum\u00e1ticos<br \/>\nRadios:<br \/>\nDT Swiss Industry<br \/>\nNeum\u00e1tico delantero:<br \/>\nGround Control, 2Bliss Ready, 29&#215;2.35&#8243;<br \/>\nNeum\u00e1tico trasero:<br \/>\nGround Control, 2Bliss Ready, 29&#215;2.35&#8243;<br \/>\nBuje delantero:<br \/>\nBuje de aleaci\u00f3n Specialized, rodamientos sellados, 6 tornillos, eje pasante 15&#215;110 mm, 32 radios<br \/>\nBuje trasero:<br \/>\nBuje de aleaci\u00f3n Specialized, rodamientos sellados, 6 tornillos, eje pasante 12&#215;148 mm, 32 radios, n\u00facleo de acero<br \/>\nC\u00e1maras:<br \/>\nSpecialized Turbo Tube 29&#215;1.75\u20132.4<br \/>\nLlantas:<br \/>\nStout XC 29, ancho interno de 25 mm, espec\u00edficas para freno de disco<\/li>\n<li>Cuadro<br \/>\nMaterial del cuadro:<br \/>\nAluminio E5, soporte para motor en el eje del pedalier, bater\u00eda completamente integrada y bloqueable en el tubo inferior, guiado interno de cables, soporte para candado y portabultos delantero<br \/>\nAbrazadera de sill\u00edn:<br \/>\nSpecialized de aleaci\u00f3n, di\u00e1metro 34.9 mm, tornillo de acero<\/li>\n<li>Suspensi\u00f3n<br \/>\nHorquilla:<br \/>\nRockShox Recon Silver RL, recorrido de 110 mm, tecnolog\u00eda Motion-Control<\/li>\n<li>Frenos<br \/>\nFreno delantero:<br \/>\nSRAM DD8 Stealth<br \/>\nFreno trasero:<br \/>\nSRAM DD8 Stealth<\/li>\n<li>Transmisi\u00f3n<br \/>\nPlato:<br \/>\n40 dientes<br \/>\nBielas:<br \/>\nBielas forjadas de aleaci\u00f3n personalizada, eje ISIS, 170 mm, l\u00ednea de cadena 50.73 mm, BCD 104 mm<br \/>\nProtector de cadena:<br \/>\nProtector de cadena personalizado<br \/>\nCambio trasero:<br \/>\nSRAM GX Eagle, 12 velocidades<br \/>\nCadena:<br \/>\nSRAM GX Eagle, 12 velocidades<br \/>\nManetas de cambio:<br \/>\nSRAM GX Eagle, tipo trigger, 12 velocidades, pulsaci\u00f3n \u00fanica<br \/>\nCassette:<br \/>\nSRAM NX Eagle, 12 velocidades, 11-50t<\/li>\n<li>Acess\u00f3rios<br \/>\nRadar:<br \/>\nRadar Garmin integrado, con informaci\u00f3n personalizada directamente en la pantalla MasterMind TCD<br \/>\nLuz delantera:<br \/>\nLEZYNE Power StVZO E500+, 500 l\u00famenes<br \/>\nLuz trasera:<br \/>\nSpanninga StVZO Commuter Glow, con luz de freno<br \/>\nTimbre:<br \/>\nIncluido<br \/>\nPedales:<br \/>\nSpecialized Body Geometry Fitness, tipo plataforma, de pl\u00e1stico<br \/>\nGuardabarros:<br \/>\nSpecialized DRYTECH, ancho de 65 mm, varillas de aleaci\u00f3n<br \/>\nPata de cabra:<br \/>\nSpecialized, montaje de 40 mm<br \/>\nPortabultos:<br \/>\nSpecialized con interfaz MIK HD, soportes integrados para alforjas, carga m\u00e1xima de 27 kg<br \/>\nCandado:<br \/>\nTurbo System Lock (bloqueo integrado en el sistema el\u00e9ctrico)<\/li>\n<li>Peso:<br \/>\n25.55 kg (56 lb, 5.2 oz)<\/li>\n<\/ul>\n","protected":false},"excerpt":{"rendered":"<p>La Turbo Tero e-bike significa una sola cosa: vas a necesitar un mapa m\u00e1s grande.<br \/>\nSi alguna vez te has preguntado: \u201c\u00bfC\u00f3mo podr\u00eda llegar hasta all\u00ed en bicicleta?\u201d, la Tero 5.0 EQ es la respuesta.<br \/>\nEs la imparable capacidad y versatilidad de la Turbo Tero 5.0, ahora con un cuadro de acceso bajo (step-through) y equipada para rendir al m\u00e1ximo: portaequipajes trasero, guardabarros, luces y componentes mejorados que llevan tu potencia, confianza y versatilidad al siguiente nivel.<\/p>\n","protected":false},"featured_media":416407,"comment_status":"open","ping_status":"closed","template":"","meta":{"_acf_changed":false,"_et_pb_use_builder":"","_et_pb_old_content":"","_et_gb_content_width":"","inline_featured_image":false},"product_brand":[],"product_cat":[2459,5284,391,5280,5263,5282,5260,5283,5281],"product_tag":[],"class_list":{"0":"post-428587","1":"product","2":"type-product","3":"status-publish","4":"has-post-thumbnail","6":"product_cat-bicicletas-pt-pt-2","7":"product_cat-bicicletas-urbanas-pt-pt","8":"product_cat-eletricas","9":"product_cat-bicicletas-electricas-aluminio-pt-pt","10":"product_cat-bicicletas-de-montanha-electricas","11":"product_cat-bicicletas-electricas-paseo-pt-pt","12":"product_cat-bicicletas-electricas-specialized-pt-pt","13":"product_cat-bicicletas-electricas-trekking-pt-pt","14":"product_cat-bicicletas-electricas-urbanas-pt-pt","15":"product_shipping_class-bicicletas-pt-pt","17":"first","18":"instock","19":"sale","20":"taxable","21":"shipping-taxable","22":"purchasable","23":"product-type-variable","24":"wvs-archive-product-wrapper"},"acf":[],"yoast_head":"<!-- This site is optimized with the Yoast SEO Premium plugin v26.7 (Yoast SEO v26.7) - https:\/\/yoast.com\/wordpress\/plugins\/seo\/ -->\n<title>Specialized TERO 5.0 Step Through EQ NB 2025 GR-100<\/title>\n<meta name=\"description\" content=\"La Turbo Tero e-bike significa una sola cosa: vas a necesitar un mapa m\u00e1s grande.Si alguna vez te has preguntado: \u201c\u00bfC\u00f3mo podr\u00eda llegar hasta all\u00ed en bicicleta?\u201d, la Tero 5.0 EQ es la respuesta.Es la imparable capacidad y versatilidad de la Turbo Tero 5.0, ahora con un cuadro de acceso bajo (step-through) y equipada para rendir al m\u00e1ximo: portaequipajes trasero, guardabarros, luces y componentes mejorados que llevan tu potencia, confianza y versatilidad al siguiente nivel.\" \/>\n<meta name=\"robots\" content=\"index, follow, max-snippet:-1, max-image-preview:large, max-video-preview:-1\" \/>\n<link rel=\"canonical\" href=\"https:\/\/gr-100.com\/pt-pt\/producto\/specialized-tero-5-0-step-through-eq-nb-2025\/\" \/>\n<meta property=\"og:locale\" content=\"pt_PT\" \/>\n<meta property=\"og:type\" content=\"article\" \/>\n<meta property=\"og:title\" content=\"Specialized TERO 5.0 Step Through EQ NB 2025\" \/>\n<meta property=\"og:description\" content=\"La Turbo Tero e-bike significa una sola cosa: vas a necesitar un mapa m\u00e1s grande.Si alguna vez te has preguntado: \u201c\u00bfC\u00f3mo podr\u00eda llegar hasta all\u00ed en bicicleta?\u201d, la Tero 5.0 EQ es la respuesta.Es la imparable capacidad y versatilidad de la Turbo Tero 5.0, ahora con un cuadro de acceso bajo (step-through) y equipada para rendir al m\u00e1ximo: portaequipajes trasero, guardabarros, luces y componentes mejorados que llevan tu potencia, confianza y versatilidad al siguiente nivel.\" \/>\n<meta property=\"og:url\" content=\"https:\/\/gr-100.com\/pt-pt\/producto\/specialized-tero-5-0-step-through-eq-nb-2025\/\" \/>\n<meta property=\"og:site_name\" content=\"Gr-100 Tienda de ciclismo Specialized\" \/>\n<meta property=\"article:publisher\" content=\"https:\/\/www.facebook.com\/Gr100Bikes\" \/>\n<meta property=\"og:image\" content=\"https:\/\/gr-100.com\/wp-content\/uploads\/2025\/09\/Diseno-sin-titulo-2025-09-18T120101.090.jpg\" \/>\n\t<meta property=\"og:image:width\" content=\"1000\" \/>\n\t<meta property=\"og:image:height\" content=\"1000\" \/>\n\t<meta property=\"og:image:type\" content=\"image\/jpeg\" \/>\n<meta name=\"twitter:card\" content=\"summary_large_image\" \/>\n<meta name=\"twitter:label1\" content=\"Tempo estimado de leitura\" \/>\n\t<meta name=\"twitter:data1\" content=\"4 minutos\" \/>\n<script type=\"application\/ld+json\" class=\"yoast-schema-graph\">{\"@context\":\"https:\/\/schema.org\",\"@graph\":[{\"@type\":\"WebPage\",\"@id\":\"https:\/\/gr-100.com\/pt-pt\/producto\/specialized-tero-5-0-step-through-eq-nb-2025\/\",\"url\":\"https:\/\/gr-100.com\/pt-pt\/producto\/specialized-tero-5-0-step-through-eq-nb-2025\/\",\"name\":\"Specialized TERO 5.0 Step Through EQ NB 2025 GR-100\",\"isPartOf\":{\"@id\":\"https:\/\/gr-100.com\/#website\"},\"primaryImageOfPage\":{\"@id\":\"https:\/\/gr-100.com\/pt-pt\/producto\/specialized-tero-5-0-step-through-eq-nb-2025\/#primaryimage\"},\"image\":{\"@id\":\"https:\/\/gr-100.com\/pt-pt\/producto\/specialized-tero-5-0-step-through-eq-nb-2025\/#primaryimage\"},\"thumbnailUrl\":\"https:\/\/gr-100.com\/wp-content\/uploads\/2025\/09\/Diseno-sin-titulo-2025-09-18T120101.090.jpg\",\"datePublished\":\"2025-09-18T11:36:27+00:00\",\"description\":\"La Turbo Tero e-bike significa una sola cosa: vas a necesitar un mapa m\u00e1s grande.Si alguna vez te has preguntado: \u201c\u00bfC\u00f3mo podr\u00eda llegar hasta all\u00ed en bicicleta?\u201d, la Tero 5.0 EQ es la respuesta.Es la imparable capacidad y versatilidad de la Turbo Tero 5.0, ahora con un cuadro de acceso bajo (step-through) y equipada para rendir al m\u00e1ximo: portaequipajes trasero, guardabarros, luces y componentes mejorados que llevan tu potencia, confianza y versatilidad al siguiente nivel.\",\"breadcrumb\":{\"@id\":\"https:\/\/gr-100.com\/pt-pt\/producto\/specialized-tero-5-0-step-through-eq-nb-2025\/#breadcrumb\"},\"inLanguage\":\"pt-PT\",\"potentialAction\":[{\"@type\":\"ReadAction\",\"target\":[\"https:\/\/gr-100.com\/pt-pt\/producto\/specialized-tero-5-0-step-through-eq-nb-2025\/\"]}]},{\"@type\":\"ImageObject\",\"inLanguage\":\"pt-PT\",\"@id\":\"https:\/\/gr-100.com\/pt-pt\/producto\/specialized-tero-5-0-step-through-eq-nb-2025\/#primaryimage\",\"url\":\"https:\/\/gr-100.com\/wp-content\/uploads\/2025\/09\/Diseno-sin-titulo-2025-09-18T120101.090.jpg\",\"contentUrl\":\"https:\/\/gr-100.com\/wp-content\/uploads\/2025\/09\/Diseno-sin-titulo-2025-09-18T120101.090.jpg\",\"width\":1000,\"height\":1000},{\"@type\":\"BreadcrumbList\",\"@id\":\"https:\/\/gr-100.com\/pt-pt\/producto\/specialized-tero-5-0-step-through-eq-nb-2025\/#breadcrumb\",\"itemListElement\":[{\"@type\":\"ListItem\",\"position\":1,\"name\":\"Portada\",\"item\":\"https:\/\/gr-100.com\/en\/\"},{\"@type\":\"ListItem\",\"position\":2,\"name\":\"Productos\",\"item\":\"https:\/\/gr-100.com\/?post_type=product\"},{\"@type\":\"ListItem\",\"position\":3,\"name\":\"Specialized TERO 5.0 Step Through EQ NB 2025\"}]},{\"@type\":\"WebSite\",\"@id\":\"https:\/\/gr-100.com\/#website\",\"url\":\"https:\/\/gr-100.com\/\",\"name\":\"Gr-100 Tienda de ciclismo Specialized\",\"description\":\"GR-100 tenemos todas las gamas de bicicletas Specialized al mejor precio.\",\"publisher\":{\"@id\":\"https:\/\/gr-100.com\/#organization\"},\"alternateName\":\"Gr-100 Bikes\",\"potentialAction\":[{\"@type\":\"SearchAction\",\"target\":{\"@type\":\"EntryPoint\",\"urlTemplate\":\"https:\/\/gr-100.com\/?s={search_term_string}\"},\"query-input\":{\"@type\":\"PropertyValueSpecification\",\"valueRequired\":true,\"valueName\":\"search_term_string\"}}],\"inLanguage\":\"pt-PT\"},{\"@type\":\"Organization\",\"@id\":\"https:\/\/gr-100.com\/#organization\",\"name\":\"Gr-100\",\"url\":\"https:\/\/gr-100.com\/\",\"logo\":{\"@type\":\"ImageObject\",\"inLanguage\":\"pt-PT\",\"@id\":\"https:\/\/gr-100.com\/#\/schema\/logo\/image\/\",\"url\":\"https:\/\/gr-100.com\/wp-content\/uploads\/2023\/08\/logo-gr-100-bikes.png\",\"contentUrl\":\"https:\/\/gr-100.com\/wp-content\/uploads\/2023\/08\/logo-gr-100-bikes.png\",\"width\":707,\"height\":284,\"caption\":\"Gr-100\"},\"image\":{\"@id\":\"https:\/\/gr-100.com\/#\/schema\/logo\/image\/\"},\"sameAs\":[\"https:\/\/www.facebook.com\/Gr100Bikes\",\"https:\/\/www.instagram.com\/gr100bikes\/\",\"https:\/\/www.tiktok.com\/@gr100bikes\",\"https:\/\/twitter.com\/gr100mtbteam\",\"https:\/\/www.youtube.com\/c\/GR100Specialized\"]}]}<\/script>\n<!-- \/ Yoast SEO Premium plugin. -->","yoast_head_json":{"title":"Specialized TERO 5.0 Step Through EQ NB 2025 GR-100","description":"La Turbo Tero e-bike significa una sola cosa: vas a necesitar un mapa m\u00e1s grande.Si alguna vez te has preguntado: \u201c\u00bfC\u00f3mo podr\u00eda llegar hasta all\u00ed en bicicleta?\u201d, la Tero 5.0 EQ es la respuesta.Es la imparable capacidad y versatilidad de la Turbo Tero 5.0, ahora con un cuadro de acceso bajo (step-through) y equipada para rendir al m\u00e1ximo: portaequipajes trasero, guardabarros, luces y componentes mejorados que llevan tu potencia, confianza y versatilidad al siguiente nivel.","robots":{"index":"index","follow":"follow","max-snippet":"max-snippet:-1","max-image-preview":"max-image-preview:large","max-video-preview":"max-video-preview:-1"},"canonical":"https:\/\/gr-100.com\/pt-pt\/producto\/specialized-tero-5-0-step-through-eq-nb-2025\/","og_locale":"pt_PT","og_type":"article","og_title":"Specialized TERO 5.0 Step Through EQ NB 2025","og_description":"La Turbo Tero e-bike significa una sola cosa: vas a necesitar un mapa m\u00e1s grande.Si alguna vez te has preguntado: \u201c\u00bfC\u00f3mo podr\u00eda llegar hasta all\u00ed en bicicleta?\u201d, la Tero 5.0 EQ es la respuesta.Es la imparable capacidad y versatilidad de la Turbo Tero 5.0, ahora con un cuadro de acceso bajo (step-through) y equipada para rendir al m\u00e1ximo: portaequipajes trasero, guardabarros, luces y componentes mejorados que llevan tu potencia, confianza y versatilidad al siguiente nivel.","og_url":"https:\/\/gr-100.com\/pt-pt\/producto\/specialized-tero-5-0-step-through-eq-nb-2025\/","og_site_name":"Gr-100 Tienda de ciclismo Specialized","article_publisher":"https:\/\/www.facebook.com\/Gr100Bikes","og_image":[{"width":1000,"height":1000,"url":"https:\/\/gr-100.com\/wp-content\/uploads\/2025\/09\/Diseno-sin-titulo-2025-09-18T120101.090.jpg","type":"image\/jpeg"}],"twitter_card":"summary_large_image","twitter_misc":{"Tempo estimado de leitura":"4 minutos"},"schema":{"@context":"https:\/\/schema.org","@graph":[{"@type":"WebPage","@id":"https:\/\/gr-100.com\/pt-pt\/producto\/specialized-tero-5-0-step-through-eq-nb-2025\/","url":"https:\/\/gr-100.com\/pt-pt\/producto\/specialized-tero-5-0-step-through-eq-nb-2025\/","name":"Specialized TERO 5.0 Step Through EQ NB 2025 GR-100","isPartOf":{"@id":"https:\/\/gr-100.com\/#website"},"primaryImageOfPage":{"@id":"https:\/\/gr-100.com\/pt-pt\/producto\/specialized-tero-5-0-step-through-eq-nb-2025\/#primaryimage"},"image":{"@id":"https:\/\/gr-100.com\/pt-pt\/producto\/specialized-tero-5-0-step-through-eq-nb-2025\/#primaryimage"},"thumbnailUrl":"https:\/\/gr-100.com\/wp-content\/uploads\/2025\/09\/Diseno-sin-titulo-2025-09-18T120101.090.jpg","datePublished":"2025-09-18T11:36:27+00:00","description":"La Turbo Tero e-bike significa una sola cosa: vas a necesitar un mapa m\u00e1s grande.Si alguna vez te has preguntado: \u201c\u00bfC\u00f3mo podr\u00eda llegar hasta all\u00ed en bicicleta?\u201d, la Tero 5.0 EQ es la respuesta.Es la imparable capacidad y versatilidad de la Turbo Tero 5.0, ahora con un cuadro de acceso bajo (step-through) y equipada para rendir al m\u00e1ximo: portaequipajes trasero, guardabarros, luces y componentes mejorados que llevan tu potencia, confianza y versatilidad al siguiente nivel.","breadcrumb":{"@id":"https:\/\/gr-100.com\/pt-pt\/producto\/specialized-tero-5-0-step-through-eq-nb-2025\/#breadcrumb"},"inLanguage":"pt-PT","potentialAction":[{"@type":"ReadAction","target":["https:\/\/gr-100.com\/pt-pt\/producto\/specialized-tero-5-0-step-through-eq-nb-2025\/"]}]},{"@type":"ImageObject","inLanguage":"pt-PT","@id":"https:\/\/gr-100.com\/pt-pt\/producto\/specialized-tero-5-0-step-through-eq-nb-2025\/#primaryimage","url":"https:\/\/gr-100.com\/wp-content\/uploads\/2025\/09\/Diseno-sin-titulo-2025-09-18T120101.090.jpg","contentUrl":"https:\/\/gr-100.com\/wp-content\/uploads\/2025\/09\/Diseno-sin-titulo-2025-09-18T120101.090.jpg","width":1000,"height":1000},{"@type":"BreadcrumbList","@id":"https:\/\/gr-100.com\/pt-pt\/producto\/specialized-tero-5-0-step-through-eq-nb-2025\/#breadcrumb","itemListElement":[{"@type":"ListItem","position":1,"name":"Portada","item":"https:\/\/gr-100.com\/en\/"},{"@type":"ListItem","position":2,"name":"Productos","item":"https:\/\/gr-100.com\/?post_type=product"},{"@type":"ListItem","position":3,"name":"Specialized TERO 5.0 Step Through EQ NB 2025"}]},{"@type":"WebSite","@id":"https:\/\/gr-100.com\/#website","url":"https:\/\/gr-100.com\/","name":"Gr-100 Tienda de ciclismo Specialized","description":"GR-100 tenemos todas las gamas de bicicletas Specialized al mejor precio.","publisher":{"@id":"https:\/\/gr-100.com\/#organization"},"alternateName":"Gr-100 Bikes","potentialAction":[{"@type":"SearchAction","target":{"@type":"EntryPoint","urlTemplate":"https:\/\/gr-100.com\/?s={search_term_string}"},"query-input":{"@type":"PropertyValueSpecification","valueRequired":true,"valueName":"search_term_string"}}],"inLanguage":"pt-PT"},{"@type":"Organization","@id":"https:\/\/gr-100.com\/#organization","name":"Gr-100","url":"https:\/\/gr-100.com\/","logo":{"@type":"ImageObject","inLanguage":"pt-PT","@id":"https:\/\/gr-100.com\/#\/schema\/logo\/image\/","url":"https:\/\/gr-100.com\/wp-content\/uploads\/2023\/08\/logo-gr-100-bikes.png","contentUrl":"https:\/\/gr-100.com\/wp-content\/uploads\/2023\/08\/logo-gr-100-bikes.png","width":707,"height":284,"caption":"Gr-100"},"image":{"@id":"https:\/\/gr-100.com\/#\/schema\/logo\/image\/"},"sameAs":["https:\/\/www.facebook.com\/Gr100Bikes","https:\/\/www.instagram.com\/gr100bikes\/","https:\/\/www.tiktok.com\/@gr100bikes","https:\/\/twitter.com\/gr100mtbteam","https:\/\/www.youtube.com\/c\/GR100Specialized"]}]}},"_links":{"self":[{"href":"https:\/\/gr-100.com\/pt-pt\/wp-json\/wp\/v2\/product\/428587","targetHints":{"allow":["GET"]}}],"collection":[{"href":"https:\/\/gr-100.com\/pt-pt\/wp-json\/wp\/v2\/product"}],"about":[{"href":"https:\/\/gr-100.com\/pt-pt\/wp-json\/wp\/v2\/types\/product"}],"replies":[{"embeddable":true,"href":"https:\/\/gr-100.com\/pt-pt\/wp-json\/wp\/v2\/comments?post=428587"}],"wp:featuredmedia":[{"embeddable":true,"href":"https:\/\/gr-100.com\/pt-pt\/wp-json\/wp\/v2\/media\/416407"}],"wp:attachment":[{"href":"https:\/\/gr-100.com\/pt-pt\/wp-json\/wp\/v2\/media?parent=428587"}],"wp:term":[{"taxonomy":"product_brand","embeddable":true,"href":"https:\/\/gr-100.com\/pt-pt\/wp-json\/wp\/v2\/product_brand?post=428587"},{"taxonomy":"product_cat","embeddable":true,"href":"https:\/\/gr-100.com\/pt-pt\/wp-json\/wp\/v2\/product_cat?post=428587"},{"taxonomy":"product_tag","embeddable":true,"href":"https:\/\/gr-100.com\/pt-pt\/wp-json\/wp\/v2\/product_tag?post=428587"}],"curies":[{"name":"wp","href":"https:\/\/api.w.org\/{rel}","templated":true}]}}