{"id":428620,"date":"2024-08-28T11:04:28","date_gmt":"2024-08-28T10:04:28","guid":{"rendered":"https:\/\/gr-100.com\/producto\/specialized-crux-expert-2025\/"},"modified":"2024-08-28T11:04:28","modified_gmt":"2024-08-28T09:04:28","slug":"specialized-crux-expert-2025","status":"publish","type":"product","link":"https:\/\/gr-100.com\/pt-pt\/producto\/specialized-crux-expert-2025\/","title":{"rendered":"Specialized Crux Expert 2025"},"content":{"rendered":"<ul>\n<li>M\u00e1s ligera: el cuadro de carbono 12r pesa 725 g y el de carbono 10r, 825 g. Hemos cogido los revolucionarios avances que hicieron de la Aethos la bicicleta m\u00e1s ligera de la historia y los hemos aplicado a la Crux. \u00bfEl resultado? Una bicicleta de gravel que sube que da gusto, vuela sobre terrenos dif\u00edciles y pesa menos que la botella que llevas llena en el portabidones.   <\/li>\n<li>Desempenho: o arco da roda \u00e9 de 47c\/650b x 2,1&#8243;. Mais espa\u00e7o significa mais desempenho. Com o mesmo espa\u00e7o que a Diverge, a Crux leva-te a qualquer lugar a toda a velocidade.  <\/li>\n<li>Una bici que responde: r\u00e1pida, flexible y reactiva. Sensible en los pedales. C\u00f3moda en el sill\u00edn. Con una geometr\u00eda adaptada al rendimiento que el gravel necesita y un dise\u00f1o influenciado por las carreras e inspirado en la ic\u00f3nica historia de la Crux en el ciclocross.   <\/li>\n<li>Cabine de pilotagem<\/li>\n<li>ASSENTO<br \/>\nBody Geometry Power Expert, carris de tit\u00e2nio<br \/>\nCARRO DO ASSENTO<br \/>\nEspig\u00e3o do assento Roval Terra Carbon, 20 mm de desvio<br \/>\nCLAMP. SELIM<br \/>\nSpecialized Liga, 30mm<br \/>\nGUID\u00c3O<br \/>\nSpecialized Adventure Gear, queda de 118,9mm x alcance de 70mm x flare de 12\u00ba<br \/>\nPOT\u00caNCIA<br \/>\nSpecialized Pro SL, liga, 4 parafusos, 6 graus de eleva\u00e7\u00e3o<br \/>\nFITA FITA<br \/>\nSupacaz Super Kush Pegajoso<br \/>\nConjunto propulsor<br \/>\nCADEIA<br \/>\nSRAM Rival 12 velocidades<br \/>\nCASETE<br \/>\nSRAM XPLR, XG-1251, 12 velocidades, 10-44t<br \/>\nSUPORTE INFERIOR<br \/>\nSRAM DUB BSA<br \/>\nCONTROLOS DE MUDAN\u00c7A DE VELOCIDADE<br \/>\nSRAM Rival eTap AXS<br \/>\nSUPORTE INFERIOR<br \/>\nSRAM Rival 1x<br \/>\nMUDAN\u00c7A<br \/>\nSRAM Rival XPLR eTap AXS<br \/>\nPRATOS<br \/>\n40T<br \/>\nImagem<br \/>\nIMAGEM<br \/>\nCrux FACT 10r Carbono, Rider First Engineered\u2122, BB roscado, eixo passante 12x142mm, disco de montagem plana, dropout UDH<br \/>\nSuspens\u00e3o<br \/>\nGARFO<br \/>\nS-Works FACTO Carbono, eixo triplo de 12x100mm, disco de montagem plana<br \/>\nTrav\u00f5es<br \/>\nTRAV\u00c3O DIANTEIRO<br \/>\nSRAM Rival eTap AXS, disco hidr\u00e1ulico<br \/>\nTRAV\u00c3O TRASEIRO<br \/>\nSRAM Rival eTap AXS, disco hidr\u00e1ulico<br \/>\nRodas e pneus<br \/>\nRODA DIANTEIRA<br \/>\nRoval Terra C, aro de carbono com 25mm de largura interior, 32mm de profundidade, cubo DT 370 NOVO, 24h, raios Dt Swiss Comp Race<br \/>\nRODA TRASEIRA<br \/>\nRoval Terra C, aro de carbono com 25mm de largura interior, 32mm de profundidade, cubo DT 370 NOVO, 24h, raios Dt Swiss Comp Race<br \/>\nQUADRO<br \/>\n700&#215;28\/38mm, v\u00e1lvula Presta 48mm<br \/>\nPNEUS DEL.<br \/>\nDesbravador Pro 2BR, Parede lateral bronzeada, 700&#215;38<br \/>\nPNEU TRASEIRO<br \/>\nDesbravador Pro 2BR, Parede lateral bronzeada, 700&#215;38<\/li>\n<\/ul>\n","protected":false},"excerpt":{"rendered":"<p>La Crux es la bici de gravel m\u00e1s ligera del mundo. Con un gran paso de rueda y una geometr\u00eda perfecta para rendir al m\u00e1ximo fuera del asfalto. <\/p>\n","protected":false},"featured_media":388105,"comment_status":"open","ping_status":"closed","template":"","meta":{"_acf_changed":false,"_et_pb_use_builder":"","_et_pb_old_content":"","_et_gb_content_width":"","inline_featured_image":false},"product_brand":[],"product_cat":[5374,4353,2459,3346,5310,5309,5308],"product_tag":[],"class_list":{"0":"post-428620","1":"product","2":"type-product","3":"status-publish","4":"has-post-thumbnail","6":"product_cat-descontos","7":"product_cat-liquidacion-specialized","8":"product_cat-bicicletas-pt-pt-2","9":"product_cat-bicicletas-de-cascalho","10":"product_cat-bicicletas-de-gravel-aero","11":"product_cat-bicicletas-de-carbono-gravel","12":"product_cat-bicicletas-de-gravel-specialized","13":"product_shipping_class-bicicletas-pt-pt","15":"first","16":"instock","17":"sale","18":"taxable","19":"shipping-taxable","20":"purchasable","21":"product-type-variable","22":"wvs-archive-product-wrapper"},"acf":[],"yoast_head":"<!-- This site is optimized with the Yoast SEO Premium plugin v26.7 (Yoast SEO v26.7) - https:\/\/yoast.com\/wordpress\/plugins\/seo\/ -->\n<title>Specialized Crux Expert 2025 GR-100<\/title>\n<meta name=\"description\" content=\"La Crux es la bici de gravel m\u00e1s ligera del mundo. Con un gran paso de rueda y una geometr\u00eda perfecta para rendir al m\u00e1ximo fuera del asfalto.\" \/>\n<meta name=\"robots\" content=\"index, follow, max-snippet:-1, max-image-preview:large, max-video-preview:-1\" \/>\n<link rel=\"canonical\" href=\"https:\/\/gr-100.com\/pt-pt\/producto\/specialized-crux-expert-2025\/\" \/>\n<meta property=\"og:locale\" content=\"pt_PT\" \/>\n<meta property=\"og:type\" content=\"article\" \/>\n<meta property=\"og:title\" content=\"Specialized Crux Expert 2025\" \/>\n<meta property=\"og:description\" content=\"La Crux es la bici de gravel m\u00e1s ligera del mundo. Con un gran paso de rueda y una geometr\u00eda perfecta para rendir al m\u00e1ximo fuera del asfalto.\" \/>\n<meta property=\"og:url\" content=\"https:\/\/gr-100.com\/pt-pt\/producto\/specialized-crux-expert-2025\/\" \/>\n<meta property=\"og:site_name\" content=\"Gr-100 Tienda de ciclismo Specialized\" \/>\n<meta property=\"article:publisher\" content=\"https:\/\/www.facebook.com\/Gr100Bikes\" \/>\n<meta property=\"og:image\" content=\"https:\/\/gr-100.com\/wp-content\/uploads\/2024\/08\/My-project-2024-08-28T123013.272.jpeg\" \/>\n\t<meta property=\"og:image:width\" content=\"1000\" \/>\n\t<meta property=\"og:image:height\" content=\"1000\" \/>\n\t<meta property=\"og:image:type\" content=\"image\/jpeg\" \/>\n<meta name=\"twitter:card\" content=\"summary_large_image\" \/>\n<meta name=\"twitter:label1\" content=\"Tempo estimado de leitura\" \/>\n\t<meta name=\"twitter:data1\" content=\"2 minutos\" \/>\n<script type=\"application\/ld+json\" class=\"yoast-schema-graph\">{\"@context\":\"https:\/\/schema.org\",\"@graph\":[{\"@type\":\"WebPage\",\"@id\":\"https:\/\/gr-100.com\/pt-pt\/producto\/specialized-crux-expert-2025\/\",\"url\":\"https:\/\/gr-100.com\/pt-pt\/producto\/specialized-crux-expert-2025\/\",\"name\":\"Specialized Crux Expert 2025 GR-100\",\"isPartOf\":{\"@id\":\"https:\/\/gr-100.com\/#website\"},\"primaryImageOfPage\":{\"@id\":\"https:\/\/gr-100.com\/pt-pt\/producto\/specialized-crux-expert-2025\/#primaryimage\"},\"image\":{\"@id\":\"https:\/\/gr-100.com\/pt-pt\/producto\/specialized-crux-expert-2025\/#primaryimage\"},\"thumbnailUrl\":\"https:\/\/gr-100.com\/wp-content\/uploads\/2024\/08\/My-project-2024-08-28T123013.272.jpeg\",\"datePublished\":\"2024-08-28T10:04:28+00:00\",\"description\":\"La Crux es la bici de gravel m\u00e1s ligera del mundo. Con un gran paso de rueda y una geometr\u00eda perfecta para rendir al m\u00e1ximo fuera del asfalto.\",\"breadcrumb\":{\"@id\":\"https:\/\/gr-100.com\/pt-pt\/producto\/specialized-crux-expert-2025\/#breadcrumb\"},\"inLanguage\":\"pt-PT\",\"potentialAction\":[{\"@type\":\"ReadAction\",\"target\":[\"https:\/\/gr-100.com\/pt-pt\/producto\/specialized-crux-expert-2025\/\"]}]},{\"@type\":\"ImageObject\",\"inLanguage\":\"pt-PT\",\"@id\":\"https:\/\/gr-100.com\/pt-pt\/producto\/specialized-crux-expert-2025\/#primaryimage\",\"url\":\"https:\/\/gr-100.com\/wp-content\/uploads\/2024\/08\/My-project-2024-08-28T123013.272.jpeg\",\"contentUrl\":\"https:\/\/gr-100.com\/wp-content\/uploads\/2024\/08\/My-project-2024-08-28T123013.272.jpeg\",\"width\":1000,\"height\":1000},{\"@type\":\"BreadcrumbList\",\"@id\":\"https:\/\/gr-100.com\/pt-pt\/producto\/specialized-crux-expert-2025\/#breadcrumb\",\"itemListElement\":[{\"@type\":\"ListItem\",\"position\":1,\"name\":\"Portada\",\"item\":\"https:\/\/gr-100.com\/en\/\"},{\"@type\":\"ListItem\",\"position\":2,\"name\":\"Productos\",\"item\":\"https:\/\/gr-100.com\/?post_type=product\"},{\"@type\":\"ListItem\",\"position\":3,\"name\":\"Specialized Crux Expert 2025\"}]},{\"@type\":\"WebSite\",\"@id\":\"https:\/\/gr-100.com\/#website\",\"url\":\"https:\/\/gr-100.com\/\",\"name\":\"Gr-100 Tienda de ciclismo Specialized\",\"description\":\"GR-100 tenemos todas las gamas de bicicletas Specialized al mejor precio.\",\"publisher\":{\"@id\":\"https:\/\/gr-100.com\/#organization\"},\"alternateName\":\"Gr-100 Bikes\",\"potentialAction\":[{\"@type\":\"SearchAction\",\"target\":{\"@type\":\"EntryPoint\",\"urlTemplate\":\"https:\/\/gr-100.com\/?s={search_term_string}\"},\"query-input\":{\"@type\":\"PropertyValueSpecification\",\"valueRequired\":true,\"valueName\":\"search_term_string\"}}],\"inLanguage\":\"pt-PT\"},{\"@type\":\"Organization\",\"@id\":\"https:\/\/gr-100.com\/#organization\",\"name\":\"Gr-100\",\"url\":\"https:\/\/gr-100.com\/\",\"logo\":{\"@type\":\"ImageObject\",\"inLanguage\":\"pt-PT\",\"@id\":\"https:\/\/gr-100.com\/#\/schema\/logo\/image\/\",\"url\":\"https:\/\/gr-100.com\/wp-content\/uploads\/2023\/08\/logo-gr-100-bikes.png\",\"contentUrl\":\"https:\/\/gr-100.com\/wp-content\/uploads\/2023\/08\/logo-gr-100-bikes.png\",\"width\":707,\"height\":284,\"caption\":\"Gr-100\"},\"image\":{\"@id\":\"https:\/\/gr-100.com\/#\/schema\/logo\/image\/\"},\"sameAs\":[\"https:\/\/www.facebook.com\/Gr100Bikes\",\"https:\/\/www.instagram.com\/gr100bikes\/\",\"https:\/\/www.tiktok.com\/@gr100bikes\",\"https:\/\/twitter.com\/gr100mtbteam\",\"https:\/\/www.youtube.com\/c\/GR100Specialized\"]}]}<\/script>\n<!-- \/ Yoast SEO Premium plugin. -->","yoast_head_json":{"title":"Specialized Crux Expert 2025 GR-100","description":"La Crux es la bici de gravel m\u00e1s ligera del mundo. Con un gran paso de rueda y una geometr\u00eda perfecta para rendir al m\u00e1ximo fuera del asfalto.","robots":{"index":"index","follow":"follow","max-snippet":"max-snippet:-1","max-image-preview":"max-image-preview:large","max-video-preview":"max-video-preview:-1"},"canonical":"https:\/\/gr-100.com\/pt-pt\/producto\/specialized-crux-expert-2025\/","og_locale":"pt_PT","og_type":"article","og_title":"Specialized Crux Expert 2025","og_description":"La Crux es la bici de gravel m\u00e1s ligera del mundo. Con un gran paso de rueda y una geometr\u00eda perfecta para rendir al m\u00e1ximo fuera del asfalto.","og_url":"https:\/\/gr-100.com\/pt-pt\/producto\/specialized-crux-expert-2025\/","og_site_name":"Gr-100 Tienda de ciclismo Specialized","article_publisher":"https:\/\/www.facebook.com\/Gr100Bikes","og_image":[{"width":1000,"height":1000,"url":"https:\/\/gr-100.com\/wp-content\/uploads\/2024\/08\/My-project-2024-08-28T123013.272.jpeg","type":"image\/jpeg"}],"twitter_card":"summary_large_image","twitter_misc":{"Tempo estimado de leitura":"2 minutos"},"schema":{"@context":"https:\/\/schema.org","@graph":[{"@type":"WebPage","@id":"https:\/\/gr-100.com\/pt-pt\/producto\/specialized-crux-expert-2025\/","url":"https:\/\/gr-100.com\/pt-pt\/producto\/specialized-crux-expert-2025\/","name":"Specialized Crux Expert 2025 GR-100","isPartOf":{"@id":"https:\/\/gr-100.com\/#website"},"primaryImageOfPage":{"@id":"https:\/\/gr-100.com\/pt-pt\/producto\/specialized-crux-expert-2025\/#primaryimage"},"image":{"@id":"https:\/\/gr-100.com\/pt-pt\/producto\/specialized-crux-expert-2025\/#primaryimage"},"thumbnailUrl":"https:\/\/gr-100.com\/wp-content\/uploads\/2024\/08\/My-project-2024-08-28T123013.272.jpeg","datePublished":"2024-08-28T10:04:28+00:00","description":"La Crux es la bici de gravel m\u00e1s ligera del mundo. Con un gran paso de rueda y una geometr\u00eda perfecta para rendir al m\u00e1ximo fuera del asfalto.","breadcrumb":{"@id":"https:\/\/gr-100.com\/pt-pt\/producto\/specialized-crux-expert-2025\/#breadcrumb"},"inLanguage":"pt-PT","potentialAction":[{"@type":"ReadAction","target":["https:\/\/gr-100.com\/pt-pt\/producto\/specialized-crux-expert-2025\/"]}]},{"@type":"ImageObject","inLanguage":"pt-PT","@id":"https:\/\/gr-100.com\/pt-pt\/producto\/specialized-crux-expert-2025\/#primaryimage","url":"https:\/\/gr-100.com\/wp-content\/uploads\/2024\/08\/My-project-2024-08-28T123013.272.jpeg","contentUrl":"https:\/\/gr-100.com\/wp-content\/uploads\/2024\/08\/My-project-2024-08-28T123013.272.jpeg","width":1000,"height":1000},{"@type":"BreadcrumbList","@id":"https:\/\/gr-100.com\/pt-pt\/producto\/specialized-crux-expert-2025\/#breadcrumb","itemListElement":[{"@type":"ListItem","position":1,"name":"Portada","item":"https:\/\/gr-100.com\/en\/"},{"@type":"ListItem","position":2,"name":"Productos","item":"https:\/\/gr-100.com\/?post_type=product"},{"@type":"ListItem","position":3,"name":"Specialized Crux Expert 2025"}]},{"@type":"WebSite","@id":"https:\/\/gr-100.com\/#website","url":"https:\/\/gr-100.com\/","name":"Gr-100 Tienda de ciclismo Specialized","description":"GR-100 tenemos todas las gamas de bicicletas Specialized al mejor precio.","publisher":{"@id":"https:\/\/gr-100.com\/#organization"},"alternateName":"Gr-100 Bikes","potentialAction":[{"@type":"SearchAction","target":{"@type":"EntryPoint","urlTemplate":"https:\/\/gr-100.com\/?s={search_term_string}"},"query-input":{"@type":"PropertyValueSpecification","valueRequired":true,"valueName":"search_term_string"}}],"inLanguage":"pt-PT"},{"@type":"Organization","@id":"https:\/\/gr-100.com\/#organization","name":"Gr-100","url":"https:\/\/gr-100.com\/","logo":{"@type":"ImageObject","inLanguage":"pt-PT","@id":"https:\/\/gr-100.com\/#\/schema\/logo\/image\/","url":"https:\/\/gr-100.com\/wp-content\/uploads\/2023\/08\/logo-gr-100-bikes.png","contentUrl":"https:\/\/gr-100.com\/wp-content\/uploads\/2023\/08\/logo-gr-100-bikes.png","width":707,"height":284,"caption":"Gr-100"},"image":{"@id":"https:\/\/gr-100.com\/#\/schema\/logo\/image\/"},"sameAs":["https:\/\/www.facebook.com\/Gr100Bikes","https:\/\/www.instagram.com\/gr100bikes\/","https:\/\/www.tiktok.com\/@gr100bikes","https:\/\/twitter.com\/gr100mtbteam","https:\/\/www.youtube.com\/c\/GR100Specialized"]}]}},"_links":{"self":[{"href":"https:\/\/gr-100.com\/pt-pt\/wp-json\/wp\/v2\/product\/428620","targetHints":{"allow":["GET"]}}],"collection":[{"href":"https:\/\/gr-100.com\/pt-pt\/wp-json\/wp\/v2\/product"}],"about":[{"href":"https:\/\/gr-100.com\/pt-pt\/wp-json\/wp\/v2\/types\/product"}],"replies":[{"embeddable":true,"href":"https:\/\/gr-100.com\/pt-pt\/wp-json\/wp\/v2\/comments?post=428620"}],"wp:featuredmedia":[{"embeddable":true,"href":"https:\/\/gr-100.com\/pt-pt\/wp-json\/wp\/v2\/media\/388105"}],"wp:attachment":[{"href":"https:\/\/gr-100.com\/pt-pt\/wp-json\/wp\/v2\/media?parent=428620"}],"wp:term":[{"taxonomy":"product_brand","embeddable":true,"href":"https:\/\/gr-100.com\/pt-pt\/wp-json\/wp\/v2\/product_brand?post=428620"},{"taxonomy":"product_cat","embeddable":true,"href":"https:\/\/gr-100.com\/pt-pt\/wp-json\/wp\/v2\/product_cat?post=428620"},{"taxonomy":"product_tag","embeddable":true,"href":"https:\/\/gr-100.com\/pt-pt\/wp-json\/wp\/v2\/product_tag?post=428620"}],"curies":[{"name":"wp","href":"https:\/\/api.w.org\/{rel}","templated":true}]}}