{"id":428697,"date":"2025-09-29T13:58:06","date_gmt":"2025-09-29T12:58:06","guid":{"rendered":"https:\/\/gr-100.com\/producto\/specialized-riprock-comp-24-int-2026\/"},"modified":"2025-09-29T13:58:06","modified_gmt":"2025-09-29T11:58:06","slug":"specialized-riprock-comp-24-int-2026","status":"publish","type":"product","link":"https:\/\/gr-100.com\/pt-pt\/producto\/specialized-riprock-comp-24-int-2026\/","title":{"rendered":"Specialized Riprock Comp 24 INT 2026"},"content":{"rendered":"<ul>\n<li>Concebida para eles, constru\u00edda para crescer<br \/>\nAs atualiza\u00e7\u00f5es e carater\u00edsticas espec\u00edficas para crian\u00e7as criam uma bicicleta que inspira confian\u00e7a logo ao sair da caixa.<br \/>\nO selim Bridge de 130 mm, juntamente com um fator Q mais estreito e cranks mais curtos, melhora o alinhamento entre a anca, o joelho e o tornozelo, reduzindo o risco de les\u00f5es e aumentando a efici\u00eancia da pedalada.<\/li>\n<li>Os punhos mais finos e a geometria optimizada do quadro melhoram o manuseamento, encorajando os pequenos ciclistas a desfrutarem mais dos trilhos.<br \/>\nReady for Trail Challenges<br \/>\nGra\u00e7as ao seu quadro leve e \u00e0 transmiss\u00e3o SRAM NX de 11 velocidades, esta bicicleta permite que as crian\u00e7as enfrentem subidas com facilidade e mantenham o ritmo em qualquer terreno.<\/li>\n<li>O trilho come\u00e7a aqui<br \/>\nInspirada na experi\u00eancia da Specialized em bicicletas de montanha, a Riprock incorpora carater\u00edsticas modernas de MTB, tais como:<br \/>\n\u00c2ngulo de dire\u00e7\u00e3o relaxado (\u00e2ngulo do tubo da cabe\u00e7a frouxo) para estabilidade<br \/>\nEncaminhamento interno de cabos<br \/>\nTrav\u00f5es hidr\u00e1ulicos Lee Chi<br \/>\nPneus Ground Control Tubeless Ready<br \/>\nForquilha Manitou J-Unit com 100 mm de curso.<\/li>\n<li>ESPECIFICA\u00c7\u00d5ES T\u00c9CNICAS<\/li>\n<li>Quadro<br \/>\nQuadro: Liga A1 Premium, design unissexo, passagem de cabos interna, eixo passante de 148 mm, compat\u00edvel com espig\u00e3o de selim telesc\u00f3pico de 30,9 mm, dropout de desviador substitu\u00edvel, tubo de cabe\u00e7a c\u00f3nico<br \/>\nForquilha: Manitou Junit Sport 24&#8243;, 100 mm de curso, tubo c\u00f3nico, eixo passante de 15 mm, desvio de 42 mm, montagem em espig\u00e3o, compat\u00edvel com trav\u00e3o de 160 mm e guarda-lamas<br \/>\nFixa\u00e7\u00e3o do selim: Tipo parafuso, 34,9 mm<\/li>\n<li>Trav\u00f5es<br \/>\nTrav\u00e3o dianteiro: Promax DSK-926, trav\u00e3o de disco hidr\u00e1ulico, ajuste de alcance<br \/>\nTrav\u00e3o traseiro: Promax DSK-926, trav\u00e3o de disco hidr\u00e1ulico, rotor de 160 mm, ajuste de alcance<\/li>\n<li>Transmiss\u00e3o<br \/>\nDesviador traseiro: SRAM NX, 11 velocidades<br \/>\nAlavancas de mudan\u00e7as: SRAM NX, 11 velocidades<br \/>\nCassete: SRAM PG-1130, 11 velocidades, 11-42T<br \/>\nCorrente: KMC X11, 11 velocidades, com desengate r\u00e1pido Missing Link\u2122<br \/>\nPedaleira: Liga forjada, 115 mm de comprimento, fator Q estreito, com prote\u00e7\u00e3o de corrente<br \/>\nPinh\u00e3o: 40 dentes<br \/>\nSuporte inferior: Eixo quadrado, 68 mm<\/li>\n<li>Rodas e pneus<br \/>\nJantes: 24&#8243;, com manga, 16 mm de profundidade, 25 mm de largura interior, compat\u00edveis com tubeless<br \/>\nCubo dianteiro: Liga, disco de 6 parafusos, 28 raios, Boost 15&#215;110 mm<br \/>\nCubo traseiro: Liga, disco de 6 parafusos, 28 raios, Boost 12&#215;148 mm, compat\u00edvel com 11 velocidades<br \/>\nRaios: A\u00e7o inoxid\u00e1vel, calibre 14 (14g)<br \/>\nPneu dianteiro: Specialized Ground Control, aro de arame, 24&#215;2.35&#8243;<br \/>\nPneu traseiro: Specialized Ground Control, aro de arame, 24&#215;2.35&#8243;<br \/>\nC\u00e2mara de ar: V\u00e1lvula Presta, 32 mm<\/li>\n<li>Cockpit e componentes<br \/>\nHaste: Liga robusta forjada em 3D, 31,8 mm, 6\u00b0 de eleva\u00e7\u00e3o<br \/>\nGuiador: Liga c\u00f3nica, 40 mm de eleva\u00e7\u00e3o, 11\u00b0 de recuo, 2.5\u00b0, 620 mm de largura<br \/>\nPunhos: Specialized Trail, lock-on<br \/>\nSelim: Specialized Bridge for kids, 130 mm de largura<br \/>\nEspig\u00e3o de selim: Specialized, liga de 6061, grampo de 2 parafusos, sem folga (0 mm), 30,9 mm de di\u00e2metro<\/li>\n<li>Acess\u00f3rios<br \/>\nPedais: Specialized, pedais de plataforma<\/li>\n<li>Detalhes do produto<br \/>\nID do produto: 279681<\/li>\n<li>Peso<br \/>\nTamanho: Tamanho \u00fanico<\/li>\n<\/ul>\n","protected":false},"excerpt":{"rendered":"<p>A liberdade \u00e9 a aus\u00eancia de medo<br \/>\nE para andar sem medo, precisas de uma bicicleta que acompanhe a imagina\u00e7\u00e3o do teu filho. \u00c9 por isso que concebemos a Riprock como uma verdadeira bicicleta de montanha, equipada com todas as carater\u00edsticas necess\u00e1rias para um desempenho superior. <\/p>\n","protected":false},"featured_media":417969,"comment_status":"open","ping_status":"closed","template":"","meta":{"_acf_changed":false,"_et_pb_use_builder":"","_et_pb_old_content":"","_et_gb_content_width":"","inline_featured_image":false},"product_brand":[],"product_cat":[2459,2522],"product_tag":[],"class_list":{"0":"post-428697","1":"product","2":"type-product","3":"status-publish","4":"has-post-thumbnail","6":"product_cat-bicicletas-pt-pt-2","7":"product_cat-bicicletas-para-criancas","8":"product_shipping_class-bicicletas-pt-pt","10":"first","11":"instock","12":"taxable","13":"shipping-taxable","14":"purchasable","15":"product-type-variable","16":"wvs-archive-product-wrapper"},"acf":[],"yoast_head":"<!-- This site is optimized with the Yoast SEO Premium plugin v26.7 (Yoast SEO v26.7) - https:\/\/yoast.com\/wordpress\/plugins\/seo\/ -->\n<title>Specialized Riprock Comp 24 INT 2026 GR-100<\/title>\n<meta name=\"description\" content=\"A liberdade \u00e9 a aus\u00eancia de medo. E para andares sem medo, precisas de uma bicicleta que acompanhe a imagina\u00e7\u00e3o do teu filho. \u00c9 por isso que concebemos a Riprock como uma verdadeira bicicleta de montanha, equipada com todas as carater\u00edsticas de que precisas para um desempenho superior.\" \/>\n<meta name=\"robots\" content=\"index, follow, max-snippet:-1, max-image-preview:large, max-video-preview:-1\" \/>\n<link rel=\"canonical\" href=\"https:\/\/gr-100.com\/pt-pt\/producto\/specialized-riprock-comp-24-int-2026\/\" \/>\n<meta property=\"og:locale\" content=\"pt_PT\" \/>\n<meta property=\"og:type\" content=\"article\" \/>\n<meta property=\"og:title\" content=\"Specialized Riprock Comp 24 INT 2026\" \/>\n<meta property=\"og:description\" content=\"A liberdade \u00e9 a aus\u00eancia de medo. E para andares sem medo, precisas de uma bicicleta que acompanhe a imagina\u00e7\u00e3o do teu filho. \u00c9 por isso que concebemos a Riprock como uma verdadeira bicicleta de montanha, equipada com todas as carater\u00edsticas de que precisas para um desempenho superior.\" \/>\n<meta property=\"og:url\" content=\"https:\/\/gr-100.com\/pt-pt\/producto\/specialized-riprock-comp-24-int-2026\/\" \/>\n<meta property=\"og:site_name\" content=\"Gr-100 Tienda de ciclismo Specialized\" \/>\n<meta property=\"article:publisher\" content=\"https:\/\/www.facebook.com\/Gr100Bikes\" \/>\n<meta property=\"og:image\" content=\"https:\/\/gr-100.com\/wp-content\/uploads\/2025\/09\/Diseno-sin-titulo-2025-09-29T133738.422.jpg\" \/>\n\t<meta property=\"og:image:width\" content=\"1000\" \/>\n\t<meta property=\"og:image:height\" content=\"1000\" \/>\n\t<meta property=\"og:image:type\" content=\"image\/jpeg\" \/>\n<meta name=\"twitter:card\" content=\"summary_large_image\" \/>\n<meta name=\"twitter:label1\" content=\"Tempo estimado de leitura\" \/>\n\t<meta name=\"twitter:data1\" content=\"2 minutos\" \/>\n<script type=\"application\/ld+json\" class=\"yoast-schema-graph\">{\"@context\":\"https:\/\/schema.org\",\"@graph\":[{\"@type\":\"WebPage\",\"@id\":\"https:\/\/gr-100.com\/pt-pt\/producto\/specialized-riprock-comp-24-int-2026\/\",\"url\":\"https:\/\/gr-100.com\/pt-pt\/producto\/specialized-riprock-comp-24-int-2026\/\",\"name\":\"Specialized Riprock Comp 24 INT 2026 GR-100\",\"isPartOf\":{\"@id\":\"https:\/\/gr-100.com\/#website\"},\"primaryImageOfPage\":{\"@id\":\"https:\/\/gr-100.com\/pt-pt\/producto\/specialized-riprock-comp-24-int-2026\/#primaryimage\"},\"image\":{\"@id\":\"https:\/\/gr-100.com\/pt-pt\/producto\/specialized-riprock-comp-24-int-2026\/#primaryimage\"},\"thumbnailUrl\":\"https:\/\/gr-100.com\/wp-content\/uploads\/2025\/09\/Diseno-sin-titulo-2025-09-29T133738.422.jpg\",\"datePublished\":\"2025-09-29T12:58:06+00:00\",\"description\":\"A liberdade \u00e9 a aus\u00eancia de medo. E para andares sem medo, precisas de uma bicicleta que acompanhe a imagina\u00e7\u00e3o do teu filho. \u00c9 por isso que concebemos a Riprock como uma verdadeira bicicleta de montanha, equipada com todas as carater\u00edsticas de que precisas para um desempenho superior.\",\"breadcrumb\":{\"@id\":\"https:\/\/gr-100.com\/pt-pt\/producto\/specialized-riprock-comp-24-int-2026\/#breadcrumb\"},\"inLanguage\":\"pt-PT\",\"potentialAction\":[{\"@type\":\"ReadAction\",\"target\":[\"https:\/\/gr-100.com\/pt-pt\/producto\/specialized-riprock-comp-24-int-2026\/\"]}]},{\"@type\":\"ImageObject\",\"inLanguage\":\"pt-PT\",\"@id\":\"https:\/\/gr-100.com\/pt-pt\/producto\/specialized-riprock-comp-24-int-2026\/#primaryimage\",\"url\":\"https:\/\/gr-100.com\/wp-content\/uploads\/2025\/09\/Diseno-sin-titulo-2025-09-29T133738.422.jpg\",\"contentUrl\":\"https:\/\/gr-100.com\/wp-content\/uploads\/2025\/09\/Diseno-sin-titulo-2025-09-29T133738.422.jpg\",\"width\":1000,\"height\":1000},{\"@type\":\"BreadcrumbList\",\"@id\":\"https:\/\/gr-100.com\/pt-pt\/producto\/specialized-riprock-comp-24-int-2026\/#breadcrumb\",\"itemListElement\":[{\"@type\":\"ListItem\",\"position\":1,\"name\":\"Portada\",\"item\":\"https:\/\/gr-100.com\/en\/\"},{\"@type\":\"ListItem\",\"position\":2,\"name\":\"Productos\",\"item\":\"https:\/\/gr-100.com\/?post_type=product\"},{\"@type\":\"ListItem\",\"position\":3,\"name\":\"Specialized Riprock Comp 24 INT 2026\"}]},{\"@type\":\"WebSite\",\"@id\":\"https:\/\/gr-100.com\/#website\",\"url\":\"https:\/\/gr-100.com\/\",\"name\":\"Gr-100 Tienda de ciclismo Specialized\",\"description\":\"GR-100 tenemos todas las gamas de bicicletas Specialized al mejor precio.\",\"publisher\":{\"@id\":\"https:\/\/gr-100.com\/#organization\"},\"alternateName\":\"Gr-100 Bikes\",\"potentialAction\":[{\"@type\":\"SearchAction\",\"target\":{\"@type\":\"EntryPoint\",\"urlTemplate\":\"https:\/\/gr-100.com\/?s={search_term_string}\"},\"query-input\":{\"@type\":\"PropertyValueSpecification\",\"valueRequired\":true,\"valueName\":\"search_term_string\"}}],\"inLanguage\":\"pt-PT\"},{\"@type\":\"Organization\",\"@id\":\"https:\/\/gr-100.com\/#organization\",\"name\":\"Gr-100\",\"url\":\"https:\/\/gr-100.com\/\",\"logo\":{\"@type\":\"ImageObject\",\"inLanguage\":\"pt-PT\",\"@id\":\"https:\/\/gr-100.com\/#\/schema\/logo\/image\/\",\"url\":\"https:\/\/gr-100.com\/wp-content\/uploads\/2023\/08\/logo-gr-100-bikes.png\",\"contentUrl\":\"https:\/\/gr-100.com\/wp-content\/uploads\/2023\/08\/logo-gr-100-bikes.png\",\"width\":707,\"height\":284,\"caption\":\"Gr-100\"},\"image\":{\"@id\":\"https:\/\/gr-100.com\/#\/schema\/logo\/image\/\"},\"sameAs\":[\"https:\/\/www.facebook.com\/Gr100Bikes\",\"https:\/\/www.instagram.com\/gr100bikes\/\",\"https:\/\/www.tiktok.com\/@gr100bikes\",\"https:\/\/twitter.com\/gr100mtbteam\",\"https:\/\/www.youtube.com\/c\/GR100Specialized\"]}]}<\/script>\n<!-- \/ Yoast SEO Premium plugin. -->","yoast_head_json":{"title":"Specialized Riprock Comp 24 INT 2026 GR-100","description":"A liberdade \u00e9 a aus\u00eancia de medo. E para andares sem medo, precisas de uma bicicleta que acompanhe a imagina\u00e7\u00e3o do teu filho. \u00c9 por isso que concebemos a Riprock como uma verdadeira bicicleta de montanha, equipada com todas as carater\u00edsticas de que precisas para um desempenho superior.","robots":{"index":"index","follow":"follow","max-snippet":"max-snippet:-1","max-image-preview":"max-image-preview:large","max-video-preview":"max-video-preview:-1"},"canonical":"https:\/\/gr-100.com\/pt-pt\/producto\/specialized-riprock-comp-24-int-2026\/","og_locale":"pt_PT","og_type":"article","og_title":"Specialized Riprock Comp 24 INT 2026","og_description":"A liberdade \u00e9 a aus\u00eancia de medo. E para andares sem medo, precisas de uma bicicleta que acompanhe a imagina\u00e7\u00e3o do teu filho. \u00c9 por isso que concebemos a Riprock como uma verdadeira bicicleta de montanha, equipada com todas as carater\u00edsticas de que precisas para um desempenho superior.","og_url":"https:\/\/gr-100.com\/pt-pt\/producto\/specialized-riprock-comp-24-int-2026\/","og_site_name":"Gr-100 Tienda de ciclismo Specialized","article_publisher":"https:\/\/www.facebook.com\/Gr100Bikes","og_image":[{"width":1000,"height":1000,"url":"https:\/\/gr-100.com\/wp-content\/uploads\/2025\/09\/Diseno-sin-titulo-2025-09-29T133738.422.jpg","type":"image\/jpeg"}],"twitter_card":"summary_large_image","twitter_misc":{"Tempo estimado de leitura":"2 minutos"},"schema":{"@context":"https:\/\/schema.org","@graph":[{"@type":"WebPage","@id":"https:\/\/gr-100.com\/pt-pt\/producto\/specialized-riprock-comp-24-int-2026\/","url":"https:\/\/gr-100.com\/pt-pt\/producto\/specialized-riprock-comp-24-int-2026\/","name":"Specialized Riprock Comp 24 INT 2026 GR-100","isPartOf":{"@id":"https:\/\/gr-100.com\/#website"},"primaryImageOfPage":{"@id":"https:\/\/gr-100.com\/pt-pt\/producto\/specialized-riprock-comp-24-int-2026\/#primaryimage"},"image":{"@id":"https:\/\/gr-100.com\/pt-pt\/producto\/specialized-riprock-comp-24-int-2026\/#primaryimage"},"thumbnailUrl":"https:\/\/gr-100.com\/wp-content\/uploads\/2025\/09\/Diseno-sin-titulo-2025-09-29T133738.422.jpg","datePublished":"2025-09-29T12:58:06+00:00","description":"A liberdade \u00e9 a aus\u00eancia de medo. E para andares sem medo, precisas de uma bicicleta que acompanhe a imagina\u00e7\u00e3o do teu filho. \u00c9 por isso que concebemos a Riprock como uma verdadeira bicicleta de montanha, equipada com todas as carater\u00edsticas de que precisas para um desempenho superior.","breadcrumb":{"@id":"https:\/\/gr-100.com\/pt-pt\/producto\/specialized-riprock-comp-24-int-2026\/#breadcrumb"},"inLanguage":"pt-PT","potentialAction":[{"@type":"ReadAction","target":["https:\/\/gr-100.com\/pt-pt\/producto\/specialized-riprock-comp-24-int-2026\/"]}]},{"@type":"ImageObject","inLanguage":"pt-PT","@id":"https:\/\/gr-100.com\/pt-pt\/producto\/specialized-riprock-comp-24-int-2026\/#primaryimage","url":"https:\/\/gr-100.com\/wp-content\/uploads\/2025\/09\/Diseno-sin-titulo-2025-09-29T133738.422.jpg","contentUrl":"https:\/\/gr-100.com\/wp-content\/uploads\/2025\/09\/Diseno-sin-titulo-2025-09-29T133738.422.jpg","width":1000,"height":1000},{"@type":"BreadcrumbList","@id":"https:\/\/gr-100.com\/pt-pt\/producto\/specialized-riprock-comp-24-int-2026\/#breadcrumb","itemListElement":[{"@type":"ListItem","position":1,"name":"Portada","item":"https:\/\/gr-100.com\/en\/"},{"@type":"ListItem","position":2,"name":"Productos","item":"https:\/\/gr-100.com\/?post_type=product"},{"@type":"ListItem","position":3,"name":"Specialized Riprock Comp 24 INT 2026"}]},{"@type":"WebSite","@id":"https:\/\/gr-100.com\/#website","url":"https:\/\/gr-100.com\/","name":"Gr-100 Tienda de ciclismo Specialized","description":"GR-100 tenemos todas las gamas de bicicletas Specialized al mejor precio.","publisher":{"@id":"https:\/\/gr-100.com\/#organization"},"alternateName":"Gr-100 Bikes","potentialAction":[{"@type":"SearchAction","target":{"@type":"EntryPoint","urlTemplate":"https:\/\/gr-100.com\/?s={search_term_string}"},"query-input":{"@type":"PropertyValueSpecification","valueRequired":true,"valueName":"search_term_string"}}],"inLanguage":"pt-PT"},{"@type":"Organization","@id":"https:\/\/gr-100.com\/#organization","name":"Gr-100","url":"https:\/\/gr-100.com\/","logo":{"@type":"ImageObject","inLanguage":"pt-PT","@id":"https:\/\/gr-100.com\/#\/schema\/logo\/image\/","url":"https:\/\/gr-100.com\/wp-content\/uploads\/2023\/08\/logo-gr-100-bikes.png","contentUrl":"https:\/\/gr-100.com\/wp-content\/uploads\/2023\/08\/logo-gr-100-bikes.png","width":707,"height":284,"caption":"Gr-100"},"image":{"@id":"https:\/\/gr-100.com\/#\/schema\/logo\/image\/"},"sameAs":["https:\/\/www.facebook.com\/Gr100Bikes","https:\/\/www.instagram.com\/gr100bikes\/","https:\/\/www.tiktok.com\/@gr100bikes","https:\/\/twitter.com\/gr100mtbteam","https:\/\/www.youtube.com\/c\/GR100Specialized"]}]}},"_links":{"self":[{"href":"https:\/\/gr-100.com\/pt-pt\/wp-json\/wp\/v2\/product\/428697","targetHints":{"allow":["GET"]}}],"collection":[{"href":"https:\/\/gr-100.com\/pt-pt\/wp-json\/wp\/v2\/product"}],"about":[{"href":"https:\/\/gr-100.com\/pt-pt\/wp-json\/wp\/v2\/types\/product"}],"replies":[{"embeddable":true,"href":"https:\/\/gr-100.com\/pt-pt\/wp-json\/wp\/v2\/comments?post=428697"}],"wp:featuredmedia":[{"embeddable":true,"href":"https:\/\/gr-100.com\/pt-pt\/wp-json\/wp\/v2\/media\/417969"}],"wp:attachment":[{"href":"https:\/\/gr-100.com\/pt-pt\/wp-json\/wp\/v2\/media?parent=428697"}],"wp:term":[{"taxonomy":"product_brand","embeddable":true,"href":"https:\/\/gr-100.com\/pt-pt\/wp-json\/wp\/v2\/product_brand?post=428697"},{"taxonomy":"product_cat","embeddable":true,"href":"https:\/\/gr-100.com\/pt-pt\/wp-json\/wp\/v2\/product_cat?post=428697"},{"taxonomy":"product_tag","embeddable":true,"href":"https:\/\/gr-100.com\/pt-pt\/wp-json\/wp\/v2\/product_tag?post=428697"}],"curies":[{"name":"wp","href":"https:\/\/api.w.org\/{rel}","templated":true}]}}