{"id":428857,"date":"2025-08-11T12:05:11","date_gmt":"2025-08-11T11:05:11","guid":{"rendered":"https:\/\/gr-100.com\/producto\/specialized-riprock-20-int-2026\/"},"modified":"2025-08-11T12:05:11","modified_gmt":"2025-08-11T10:05:11","slug":"specialized-riprock-20-int-2026","status":"publish","type":"product","link":"https:\/\/gr-100.com\/pt-pt\/producto\/specialized-riprock-20-int-2026\/","title":{"rendered":"Specialized Riprock 20&#8221; INT 2026"},"content":{"rendered":"<ul>\n<li>As atualiza\u00e7\u00f5es e carater\u00edsticas espec\u00edficas para crian\u00e7as criam uma pedalada que inspira confian\u00e7a. Um selim Bridge de 130 mm, bem como um fator Q mais estreito e cranques mais curtos, oferecem um melhor alinhamento entre a anca, o joelho e o tornozelo para diminuir o risco de les\u00f5es e aumentar a pot\u00eancia de pedalada. Os punhos estreitos e a geometria actualizada do quadro oferecem um melhor manuseamento da bicicleta, inspirando os ciclistas a pedalar mais.  <\/li>\n<li>Um conjunto leve, equipado com um quadro atualizado e uma transmiss\u00e3o de grande alcance, cria a bicicleta perfeita para que os ciclistas possam enfrentar as subidas com facilidade.<\/li>\n<li>O trilho come\u00e7a aqui. Inspirada na heran\u00e7a das bicicletas de montanha da Specialized, a Riprock oferece carater\u00edsticas MTB modernas, como um \u00e2ngulo de tubo da cabe\u00e7a mais estreito, cabos encaminhados internamente, trav\u00f5es de disco hidr\u00e1ulicos e pneus Ground Control. <\/li>\n<li>ESPECIFICA\u00c7\u00d5ES T\u00c9CNICAS<\/li>\n<li>Quadro<br \/>\nForquilha<br \/>\nA1 Premium Butted Alloy, dire\u00e7\u00e3o em liga, 15&#215;110 mm, com mini guarda-lamas<br \/>\nQuadro<br \/>\nA1 Premium Butted Alloy, quadro unissexo, encaminhamento interno de cabos, eixo passante de 148 mm, preparado para espig\u00e3o com conta-gotas de 30,9 mm, compat\u00edvel com gancho de desviador substitu\u00edvel<br \/>\nBra\u00e7adeira de selim<br \/>\nTipo parafuso, 34,9 mm<\/li>\n<li>Trav\u00f5es<br \/>\nTrav\u00e3o traseiro<br \/>\nPromax DSK-926, Trav\u00e3o de disco hidr\u00e1ulico, Rotor de 160 mm, Alcance ajust\u00e1vel<br \/>\nTrav\u00e3o dianteiro<br \/>\nPromax DSK-926, Trav\u00e3o de disco hidr\u00e1ulico, Alcance ajust\u00e1vel<\/li>\n<li>Drivetrain<br \/>\nCoroas<br \/>\n40T<br \/>\nPedaleira<br \/>\nLiga forjada, 115 mm de comprimento, fator Q estreito, com guarda-corrente<br \/>\nCorrente<br \/>\nKMC X8 com Missing Link\u2122<br \/>\nSuporte inferior<br \/>\nC\u00f3nico quadrado, 68 mm<br \/>\nCassete<br \/>\nmicroSHIFT Acolyte CS-H084, 12-42t, 8 velocidades<br \/>\nAlavancas de mudan\u00e7as<br \/>\nmicroSHIFT Acolyte Quick Trigger SL-M6285-R, 8 velocidades, gatilhos de curto alcance para uma opera\u00e7\u00e3o f\u00e1cil<br \/>\nDesviador traseiro<br \/>\nmicroSHIFT Super Short derailleur RD-M5185S, 8 velocidades, c\/ embraiagem<\/li>\n<li>Rodas e pneus<br \/>\nJantes<br \/>\nLiga leve, 16 mm de profundidade, 25 mm de largura interna, 28H<br \/>\nCubo traseiro<br \/>\nLiga leve, 6 parafusos, 28H, 12&#215;148 Boost, compat\u00edvel com 11 velocidades<br \/>\nCubo dianteiro<br \/>\nLiga leve, 6 parafusos, 28H, 15&#215;110 Boost<br \/>\nPneu dianteiro<br \/>\nKicker Wirebead 20X2.1<br \/>\nPneu traseiro<br \/>\nKicker Wirebead 20X2.1<br \/>\nRaios<br \/>\nInox, 14g<br \/>\nTubos<br \/>\nStandard, v\u00e1lvula Schrader<\/li>\n<li>Cockpit<br \/>\nSelim<br \/>\nSelim Bridge Kids, 130 mm<br \/>\nGuiador<br \/>\nLiga dupla de topo, 40 mm de eleva\u00e7\u00e3o, 11 graus de inclina\u00e7\u00e3o para tr\u00e1s, 2,5 graus de inclina\u00e7\u00e3o para cima, 31.8mm, 620mm<br \/>\nPunhos<br \/>\nPunhos Specialized Trail, bloqueio<br \/>\nEspig\u00e3o de selim<br \/>\nSpecialized, liga 6061, grampo de 2 parafusos, recuo de 0mm, 30,9mm<br \/>\nHaste<br \/>\nLiga robusta forjada em 3D, 31,8mm, subida de 6 graus<\/li>\n<li>Acess\u00f3rios<br \/>\nPedais<br \/>\nPlataforma de nylon com reflectores<\/li>\n<li>Peso<br \/>\nPeso<br \/>\n9,58 kg (21 lb, 1,9 oz)<\/li>\n<li>Tamanho<br \/>\nOne Size<\/li>\n<\/ul>\n","protected":false},"excerpt":{"rendered":"<p>A liberdade \u00e9 a aus\u00eancia de medo. E andar sem medo requer uma bicicleta que possa lidar com a imagina\u00e7\u00e3o do teu filho. <\/p>\n","protected":false},"featured_media":413053,"comment_status":"open","ping_status":"closed","template":"","meta":{"_acf_changed":false,"_et_pb_use_builder":"","_et_pb_old_content":"","_et_gb_content_width":"","inline_featured_image":false},"product_brand":[],"product_cat":[2459,2522,2483],"product_tag":[],"class_list":{"0":"post-428857","1":"product","2":"type-product","3":"status-publish","4":"has-post-thumbnail","6":"product_cat-bicicletas-pt-pt-2","7":"product_cat-bicicletas-para-criancas","8":"product_cat-bicicletas-especializadas","9":"product_shipping_class-bicicletas-pt-pt","11":"first","12":"instock","13":"sale","14":"taxable","15":"shipping-taxable","16":"purchasable","17":"product-type-variable","18":"wvs-archive-product-wrapper"},"acf":[],"yoast_head":"<!-- This site is optimized with the Yoast SEO Premium plugin v26.7 (Yoast SEO v26.7) - https:\/\/yoast.com\/wordpress\/plugins\/seo\/ -->\n<title>Specialized Riprock 20&#039;&#039; INT 2026 GR-100<\/title>\n<meta name=\"description\" content=\"A liberdade \u00e9 a aus\u00eancia de medo. E andar sem medo requer uma bicicleta que possa lidar com a imagina\u00e7\u00e3o do teu filho.\" \/>\n<meta name=\"robots\" content=\"index, follow, max-snippet:-1, max-image-preview:large, max-video-preview:-1\" \/>\n<link rel=\"canonical\" href=\"https:\/\/gr-100.com\/pt-pt\/producto\/specialized-riprock-20-int-2026\/\" \/>\n<meta property=\"og:locale\" content=\"pt_PT\" \/>\n<meta property=\"og:type\" content=\"article\" \/>\n<meta property=\"og:title\" content=\"Specialized Riprock 20&#039;&#039; INT 2026\" \/>\n<meta property=\"og:description\" content=\"A liberdade \u00e9 a aus\u00eancia de medo. E andar sem medo requer uma bicicleta que possa lidar com a imagina\u00e7\u00e3o do teu filho.\" \/>\n<meta property=\"og:url\" content=\"https:\/\/gr-100.com\/pt-pt\/producto\/specialized-riprock-20-int-2026\/\" \/>\n<meta property=\"og:site_name\" content=\"Gr-100 Tienda de ciclismo Specialized\" \/>\n<meta property=\"article:publisher\" content=\"https:\/\/www.facebook.com\/Gr100Bikes\" \/>\n<meta property=\"og:image\" content=\"https:\/\/gr-100.com\/wp-content\/uploads\/2025\/08\/Diseno-sin-titulo-2025-08-11T113543.370.jpg\" \/>\n\t<meta property=\"og:image:width\" content=\"1000\" \/>\n\t<meta property=\"og:image:height\" content=\"1000\" \/>\n\t<meta property=\"og:image:type\" content=\"image\/jpeg\" \/>\n<meta name=\"twitter:card\" content=\"summary_large_image\" \/>\n<meta name=\"twitter:label1\" content=\"Tempo estimado de leitura\" \/>\n\t<meta name=\"twitter:data1\" content=\"2 minutos\" \/>\n<script type=\"application\/ld+json\" class=\"yoast-schema-graph\">{\"@context\":\"https:\/\/schema.org\",\"@graph\":[{\"@type\":\"WebPage\",\"@id\":\"https:\/\/gr-100.com\/pt-pt\/producto\/specialized-riprock-20-int-2026\/\",\"url\":\"https:\/\/gr-100.com\/pt-pt\/producto\/specialized-riprock-20-int-2026\/\",\"name\":\"Specialized Riprock 20'' INT 2026 GR-100\",\"isPartOf\":{\"@id\":\"https:\/\/gr-100.com\/#website\"},\"primaryImageOfPage\":{\"@id\":\"https:\/\/gr-100.com\/pt-pt\/producto\/specialized-riprock-20-int-2026\/#primaryimage\"},\"image\":{\"@id\":\"https:\/\/gr-100.com\/pt-pt\/producto\/specialized-riprock-20-int-2026\/#primaryimage\"},\"thumbnailUrl\":\"https:\/\/gr-100.com\/wp-content\/uploads\/2025\/08\/Diseno-sin-titulo-2025-08-11T113543.370.jpg\",\"datePublished\":\"2025-08-11T11:05:11+00:00\",\"description\":\"A liberdade \u00e9 a aus\u00eancia de medo. E andar sem medo requer uma bicicleta que possa lidar com a imagina\u00e7\u00e3o do teu filho.\",\"breadcrumb\":{\"@id\":\"https:\/\/gr-100.com\/pt-pt\/producto\/specialized-riprock-20-int-2026\/#breadcrumb\"},\"inLanguage\":\"pt-PT\",\"potentialAction\":[{\"@type\":\"ReadAction\",\"target\":[\"https:\/\/gr-100.com\/pt-pt\/producto\/specialized-riprock-20-int-2026\/\"]}]},{\"@type\":\"ImageObject\",\"inLanguage\":\"pt-PT\",\"@id\":\"https:\/\/gr-100.com\/pt-pt\/producto\/specialized-riprock-20-int-2026\/#primaryimage\",\"url\":\"https:\/\/gr-100.com\/wp-content\/uploads\/2025\/08\/Diseno-sin-titulo-2025-08-11T113543.370.jpg\",\"contentUrl\":\"https:\/\/gr-100.com\/wp-content\/uploads\/2025\/08\/Diseno-sin-titulo-2025-08-11T113543.370.jpg\",\"width\":1000,\"height\":1000},{\"@type\":\"BreadcrumbList\",\"@id\":\"https:\/\/gr-100.com\/pt-pt\/producto\/specialized-riprock-20-int-2026\/#breadcrumb\",\"itemListElement\":[{\"@type\":\"ListItem\",\"position\":1,\"name\":\"Portada\",\"item\":\"https:\/\/gr-100.com\/en\/\"},{\"@type\":\"ListItem\",\"position\":2,\"name\":\"Productos\",\"item\":\"https:\/\/gr-100.com\/?post_type=product\"},{\"@type\":\"ListItem\",\"position\":3,\"name\":\"Specialized Riprock 20&#8221; INT 2026\"}]},{\"@type\":\"WebSite\",\"@id\":\"https:\/\/gr-100.com\/#website\",\"url\":\"https:\/\/gr-100.com\/\",\"name\":\"Gr-100 Tienda de ciclismo Specialized\",\"description\":\"GR-100 tenemos todas las gamas de bicicletas Specialized al mejor precio.\",\"publisher\":{\"@id\":\"https:\/\/gr-100.com\/#organization\"},\"alternateName\":\"Gr-100 Bikes\",\"potentialAction\":[{\"@type\":\"SearchAction\",\"target\":{\"@type\":\"EntryPoint\",\"urlTemplate\":\"https:\/\/gr-100.com\/?s={search_term_string}\"},\"query-input\":{\"@type\":\"PropertyValueSpecification\",\"valueRequired\":true,\"valueName\":\"search_term_string\"}}],\"inLanguage\":\"pt-PT\"},{\"@type\":\"Organization\",\"@id\":\"https:\/\/gr-100.com\/#organization\",\"name\":\"Gr-100\",\"url\":\"https:\/\/gr-100.com\/\",\"logo\":{\"@type\":\"ImageObject\",\"inLanguage\":\"pt-PT\",\"@id\":\"https:\/\/gr-100.com\/#\/schema\/logo\/image\/\",\"url\":\"https:\/\/gr-100.com\/wp-content\/uploads\/2023\/08\/logo-gr-100-bikes.png\",\"contentUrl\":\"https:\/\/gr-100.com\/wp-content\/uploads\/2023\/08\/logo-gr-100-bikes.png\",\"width\":707,\"height\":284,\"caption\":\"Gr-100\"},\"image\":{\"@id\":\"https:\/\/gr-100.com\/#\/schema\/logo\/image\/\"},\"sameAs\":[\"https:\/\/www.facebook.com\/Gr100Bikes\",\"https:\/\/www.instagram.com\/gr100bikes\/\",\"https:\/\/www.tiktok.com\/@gr100bikes\",\"https:\/\/twitter.com\/gr100mtbteam\",\"https:\/\/www.youtube.com\/c\/GR100Specialized\"]}]}<\/script>\n<!-- \/ Yoast SEO Premium plugin. -->","yoast_head_json":{"title":"Specialized Riprock 20'' INT 2026 GR-100","description":"A liberdade \u00e9 a aus\u00eancia de medo. E andar sem medo requer uma bicicleta que possa lidar com a imagina\u00e7\u00e3o do teu filho.","robots":{"index":"index","follow":"follow","max-snippet":"max-snippet:-1","max-image-preview":"max-image-preview:large","max-video-preview":"max-video-preview:-1"},"canonical":"https:\/\/gr-100.com\/pt-pt\/producto\/specialized-riprock-20-int-2026\/","og_locale":"pt_PT","og_type":"article","og_title":"Specialized Riprock 20'' INT 2026","og_description":"A liberdade \u00e9 a aus\u00eancia de medo. E andar sem medo requer uma bicicleta que possa lidar com a imagina\u00e7\u00e3o do teu filho.","og_url":"https:\/\/gr-100.com\/pt-pt\/producto\/specialized-riprock-20-int-2026\/","og_site_name":"Gr-100 Tienda de ciclismo Specialized","article_publisher":"https:\/\/www.facebook.com\/Gr100Bikes","og_image":[{"width":1000,"height":1000,"url":"https:\/\/gr-100.com\/wp-content\/uploads\/2025\/08\/Diseno-sin-titulo-2025-08-11T113543.370.jpg","type":"image\/jpeg"}],"twitter_card":"summary_large_image","twitter_misc":{"Tempo estimado de leitura":"2 minutos"},"schema":{"@context":"https:\/\/schema.org","@graph":[{"@type":"WebPage","@id":"https:\/\/gr-100.com\/pt-pt\/producto\/specialized-riprock-20-int-2026\/","url":"https:\/\/gr-100.com\/pt-pt\/producto\/specialized-riprock-20-int-2026\/","name":"Specialized Riprock 20'' INT 2026 GR-100","isPartOf":{"@id":"https:\/\/gr-100.com\/#website"},"primaryImageOfPage":{"@id":"https:\/\/gr-100.com\/pt-pt\/producto\/specialized-riprock-20-int-2026\/#primaryimage"},"image":{"@id":"https:\/\/gr-100.com\/pt-pt\/producto\/specialized-riprock-20-int-2026\/#primaryimage"},"thumbnailUrl":"https:\/\/gr-100.com\/wp-content\/uploads\/2025\/08\/Diseno-sin-titulo-2025-08-11T113543.370.jpg","datePublished":"2025-08-11T11:05:11+00:00","description":"A liberdade \u00e9 a aus\u00eancia de medo. E andar sem medo requer uma bicicleta que possa lidar com a imagina\u00e7\u00e3o do teu filho.","breadcrumb":{"@id":"https:\/\/gr-100.com\/pt-pt\/producto\/specialized-riprock-20-int-2026\/#breadcrumb"},"inLanguage":"pt-PT","potentialAction":[{"@type":"ReadAction","target":["https:\/\/gr-100.com\/pt-pt\/producto\/specialized-riprock-20-int-2026\/"]}]},{"@type":"ImageObject","inLanguage":"pt-PT","@id":"https:\/\/gr-100.com\/pt-pt\/producto\/specialized-riprock-20-int-2026\/#primaryimage","url":"https:\/\/gr-100.com\/wp-content\/uploads\/2025\/08\/Diseno-sin-titulo-2025-08-11T113543.370.jpg","contentUrl":"https:\/\/gr-100.com\/wp-content\/uploads\/2025\/08\/Diseno-sin-titulo-2025-08-11T113543.370.jpg","width":1000,"height":1000},{"@type":"BreadcrumbList","@id":"https:\/\/gr-100.com\/pt-pt\/producto\/specialized-riprock-20-int-2026\/#breadcrumb","itemListElement":[{"@type":"ListItem","position":1,"name":"Portada","item":"https:\/\/gr-100.com\/en\/"},{"@type":"ListItem","position":2,"name":"Productos","item":"https:\/\/gr-100.com\/?post_type=product"},{"@type":"ListItem","position":3,"name":"Specialized Riprock 20&#8221; INT 2026"}]},{"@type":"WebSite","@id":"https:\/\/gr-100.com\/#website","url":"https:\/\/gr-100.com\/","name":"Gr-100 Tienda de ciclismo Specialized","description":"GR-100 tenemos todas las gamas de bicicletas Specialized al mejor precio.","publisher":{"@id":"https:\/\/gr-100.com\/#organization"},"alternateName":"Gr-100 Bikes","potentialAction":[{"@type":"SearchAction","target":{"@type":"EntryPoint","urlTemplate":"https:\/\/gr-100.com\/?s={search_term_string}"},"query-input":{"@type":"PropertyValueSpecification","valueRequired":true,"valueName":"search_term_string"}}],"inLanguage":"pt-PT"},{"@type":"Organization","@id":"https:\/\/gr-100.com\/#organization","name":"Gr-100","url":"https:\/\/gr-100.com\/","logo":{"@type":"ImageObject","inLanguage":"pt-PT","@id":"https:\/\/gr-100.com\/#\/schema\/logo\/image\/","url":"https:\/\/gr-100.com\/wp-content\/uploads\/2023\/08\/logo-gr-100-bikes.png","contentUrl":"https:\/\/gr-100.com\/wp-content\/uploads\/2023\/08\/logo-gr-100-bikes.png","width":707,"height":284,"caption":"Gr-100"},"image":{"@id":"https:\/\/gr-100.com\/#\/schema\/logo\/image\/"},"sameAs":["https:\/\/www.facebook.com\/Gr100Bikes","https:\/\/www.instagram.com\/gr100bikes\/","https:\/\/www.tiktok.com\/@gr100bikes","https:\/\/twitter.com\/gr100mtbteam","https:\/\/www.youtube.com\/c\/GR100Specialized"]}]}},"_links":{"self":[{"href":"https:\/\/gr-100.com\/pt-pt\/wp-json\/wp\/v2\/product\/428857","targetHints":{"allow":["GET"]}}],"collection":[{"href":"https:\/\/gr-100.com\/pt-pt\/wp-json\/wp\/v2\/product"}],"about":[{"href":"https:\/\/gr-100.com\/pt-pt\/wp-json\/wp\/v2\/types\/product"}],"replies":[{"embeddable":true,"href":"https:\/\/gr-100.com\/pt-pt\/wp-json\/wp\/v2\/comments?post=428857"}],"wp:featuredmedia":[{"embeddable":true,"href":"https:\/\/gr-100.com\/pt-pt\/wp-json\/wp\/v2\/media\/413053"}],"wp:attachment":[{"href":"https:\/\/gr-100.com\/pt-pt\/wp-json\/wp\/v2\/media?parent=428857"}],"wp:term":[{"taxonomy":"product_brand","embeddable":true,"href":"https:\/\/gr-100.com\/pt-pt\/wp-json\/wp\/v2\/product_brand?post=428857"},{"taxonomy":"product_cat","embeddable":true,"href":"https:\/\/gr-100.com\/pt-pt\/wp-json\/wp\/v2\/product_cat?post=428857"},{"taxonomy":"product_tag","embeddable":true,"href":"https:\/\/gr-100.com\/pt-pt\/wp-json\/wp\/v2\/product_tag?post=428857"}],"curies":[{"name":"wp","href":"https:\/\/api.w.org\/{rel}","templated":true}]}}