{"id":428881,"date":"2024-11-21T12:09:35","date_gmt":"2024-11-21T11:09:35","guid":{"rendered":"https:\/\/gr-100.com\/producto\/specialized-turbo-tero-4-0-passo-a-passo-eq-2023\/"},"modified":"2024-11-21T12:09:35","modified_gmt":"2024-11-21T10:09:35","slug":"specialized-turbo-tero-4-0-passo-a-passo-eq-2023","status":"publish","type":"product","link":"https:\/\/gr-100.com\/pt-pt\/producto\/specialized-turbo-tero-4-0-passo-a-passo-eq-2023\/","title":{"rendered":"Specialized Turbo Tero 4.0 Passo a passo EQ 2023"},"content":{"rendered":"<ul>\n<li>Motor Turbo Full Power 2.0 y bater\u00eda de 710 Wh &#8211; Integrados en el cuadro de aluminio de la Tero 4.0, cuadruplican de forma efectiva tu propia potencia, proporcionando una gran cantidad de vatios para hacer el trabajo m\u00e1s f\u00e1cil en las subidas m\u00e1s empinadas y proporcionando suficiente m\u00fasculo extra para permitirte llevar equipamiento de aventura, alimentos, ni\u00f1os y sue\u00f1os sin romper a sudar. Eres t\u00fa, pero m\u00e1s r\u00e1pido. Pero lo que realmente diferencia a este motor del resto es la eficiencia y la fluidez con la que se combina con tus propios esfuerzos.  <\/li>\n<li>Mission Control y MasterMind- Mission Control te permite adaptar los niveles de potencia de la Tero a tus preferencias. Los tres niveles de potencia est\u00e1ndar pueden ajustarse casi infinitamente para adaptarse a tus necesidades de potencia y autonom\u00eda. La funci\u00f3n MicroTune de MasterMind puede ajustar los niveles de potencia en incrementos del 10%.  <\/li>\n<li>ADN de monta\u00f1a &#8211; Los componentes de la Tero est\u00e1n dise\u00f1ados para mejorar el control y la confianza. Los neum\u00e1ticos Ground Control de 29 x 2,3&#8243;, agresivos pero suaves, ofrecen gran tracci\u00f3n en cualquier situaci\u00f3n, los frenos de disco SRAM proporcionan una gran capacidad de frenado, los 110 mm de recorrido de la suspensi\u00f3n delantera suavizan los senderos y la tija telesc\u00f3pica est\u00e1 ah\u00ed para bajarla en situaciones t\u00e9cnicas cuando rodamos fuera de la carretera. <\/li>\n<li>Bloqueio do sistema Turbo &#8211; Use o aplicativo Mission Control para desativar o motor e ativar o alarme de movimento. Uma vez que o motor est\u00e1 bloqueado, apenas o propriet\u00e1rio pode desbloque\u00e1-lo. <\/li>\n<li>Equipado com para-lamas DRYTECH, LED frontal, luz traseira e rack com capacidade para 27 kg. Preparado e aprovado para cadeiras de crian\u00e7a e para o transporte de um reboque de eixo traseiro. <\/li>\n<li>Long-Range &#8211; With a ride-anywhere range, go up to 86 miles (140 km) or 6.5 hours on a single charge (eco mode).<\/li>\n<li>ESPECIFICA\u00c7\u00d5ES<br \/>\nE-bike<br \/>\nCARREGADOR<br \/>\nCarregador personalizado, 42V4A c\/ ficha Rosenberger, 100-240V<br \/>\nCOM FIOS<br \/>\nChicote de arame personalizado<br \/>\nUI\/REMOTO<br \/>\nMasterMind TCD, com controle remoto do guiador, recurso antirroubo integrado, conectividade Bluetooth\u00ae, p\u00e1ginas de exibi\u00e7\u00e3o personaliz\u00e1veis<br \/>\nMOTOR<br \/>\nSpecialized 2.0, 70Nm torque, motor ajustado personalizado, 250W avaliado<br \/>\nBATERIA<br \/>\nSpecialized U2-710, inv\u00f3lucro de liga, exibi\u00e7\u00e3o de estado de carga, 710Wh<br \/>\nCabine de pilotagem<br \/>\nPUNHOS<br \/>\nSpecialized Contorno da Geometria do Corpo, bloqueio<br \/>\nSELIM<br \/>\nRivo Sport, calhas de a\u00e7o, 155mm<br \/>\nPOT\u00caNCIA<br \/>\nSpecialized Haste furtiva, liga, 14 graus, 31,8 mm, montagem TCD integrada<br \/>\nGUID\u00c3O<br \/>\nSpecialized Trilho, liga 6061, backsweep de 8 graus, upsweep de 6 graus, eleva\u00e7\u00e3o de 27mm, bra\u00e7adeira de 31,8mm, S 720mm, M-XL 750mm<br \/>\nESPIG\u00c3O ASSENTO<br \/>\nConta-gotas TranzX, 30.9mm, S: 100mm, M-XL: 120mm<br \/>\nRodas e pneus<br \/>\nBUJE TRASERO<br \/>\nSpecialized alloy rear hub disc, sealed cardridge bearings, 6-bolt, 12x148mm thru-axle, 32h<br \/>\nRADIOS<br \/>\nDT Swiss Industry<br \/>\nNEUM\u00c1TICO DEL.<br \/>\nControlo \u00e0 terra, 2Bliss Ready, 29&#215;2.35&#8243;<br \/>\nPNEU TRASEIRO<br \/>\nControlo \u00e0 terra, 2Bliss Ready, 29&#215;2.35&#8243;<br \/>\nC\u00c2MARAS<br \/>\nPresta, v\u00e1lvula de 48mm<br \/>\nCUBO FRONTAL<br \/>\nSpecialized alloy front hub disc, sealed cardridge bearings, 6-bolt, 15x110mm thru-axle, 32h<br \/>\nLLANTAS<br \/>\nStout XC 29, 25mm internal width, disc-specific<br \/>\nCuadro<br \/>\nABRAZ. SELIM<br \/>\nLiga, tipo parafuso, 34,9 mm<br \/>\nIMAGEM<br \/>\nAlum\u00ednio E5, suporte inferior do motor, bateria downtube totalmente integrada e bloque\u00e1vel, roteamento de cabos internos, bloqueio e montagem em rack frontal<br \/>\nSuspens\u00e3o<br \/>\nGARFO<br \/>\nRockshox Recon Silver TK, curso de 110 mm, controle de movimento<br \/>\nTrav\u00f5es<br \/>\nTRAV\u00c3O TRASEIRO<br \/>\nSRAM Guia T, pin\u00e7a de 4 pist\u00f5es, disco hidr\u00e1ulico, 180mm<br \/>\nTRAV\u00c3O DIANTEIRO<br \/>\nSRAM Guia T, pin\u00e7a de 4 pist\u00f5es, disco hidr\u00e1ulico, 200mm<br \/>\nConjunto propulsor<br \/>\nPRATOS<br \/>\nPr\u00e1xis, 40T, 104BCD<br \/>\nSUPORTE INFERIOR<br \/>\nManivelas forjadas em liga personalizada<br \/>\nPROTETOR DE CORRENTE<br \/>\nTampa de corrente personalizada<br \/>\nCADEIA<br \/>\nKMC e11S, 11 velocidades c\/ Missing Link\u2122<br \/>\nCONTROLOS DE MUDAN\u00c7A DE VELOCIDADE<br \/>\nSRAM NX, 11 velocidades<br \/>\nMUDAN\u00c7A<br \/>\nSRAM NX, 11 velocidades<br \/>\nCASETE<br \/>\nSRAM PG-1130, 11 velocidades, 11-42t<br \/>\nAcess\u00f3rios<br \/>\nLUZ FRONTAL<br \/>\nLezyne EBIKE MINI STVZO E65, 210 l\u00famenes, 12V<br \/>\nTIMBRE<br \/>\nSino simples<br \/>\nLANTERNA TRASEIRA<br \/>\nSpanninga Commuter Glow XE, 12V<br \/>\nPEDAIS<br \/>\nSpecialized<br \/>\nFENDER<br \/>\nSpecialized Para-lamas DRYTECH, largura de 65mm, para-lamas de liga<br \/>\nSWAT<br \/>\nSpecialized Haste furtiva, inser\u00e7\u00e3o de exibi\u00e7\u00e3o<br \/>\nKICKSTAND<br \/>\nSpecialized , montagem de 40mm<br \/>\nPORTA-BAGAGENS<br \/>\nSpecialized , MIK HD inteface, suportes pannier embutidos, carga m\u00e1xima de 27kg<br \/>\nBLOQUEIO<br \/>\nBloqueio do sistema Turbo<br \/>\nPeso<br \/>\nD\u00cdNAMO<br \/>\n25.5kg (56 lbs)<\/li>\n<\/ul>\n","protected":false},"excerpt":{"rendered":"<p>La Turbo Tero, con una autonom\u00eda que te permite llegar a cualquier lugar, esta bicicleta el\u00e9ctrica con suspensi\u00f3n preparada para la aventura es nuestro veh\u00edculo para ir a cualquier parte, en cualquier terreno y con todo lo que necesites. Adem\u00e1s, con espacio suficiente para guardar. <\/p>\n","protected":false},"featured_media":396911,"comment_status":"open","ping_status":"closed","template":"","meta":{"_acf_changed":false,"_et_pb_use_builder":"","_et_pb_old_content":"","_et_gb_content_width":"","inline_featured_image":false},"product_brand":[],"product_cat":[4353,5284,391,5280,5263,5282,5260,5283,5281,2483,2696,403],"product_tag":[],"class_list":{"0":"post-428881","1":"product","2":"type-product","3":"status-publish","4":"has-post-thumbnail","6":"product_cat-liquidacion-specialized","7":"product_cat-bicicletas-urbanas-pt-pt","8":"product_cat-eletricas","9":"product_cat-bicicletas-electricas-aluminio-pt-pt","10":"product_cat-bicicletas-de-montanha-electricas","11":"product_cat-bicicletas-electricas-paseo-pt-pt","12":"product_cat-bicicletas-electricas-specialized-pt-pt","13":"product_cat-bicicletas-electricas-trekking-pt-pt","14":"product_cat-bicicletas-electricas-urbanas-pt-pt","15":"product_cat-bicicletas-especializadas","16":"product_cat-ofertas-especializadas","17":"product_cat-outlet-pt-pt","18":"product_shipping_class-bicicletas-pt-pt","20":"first","21":"instock","22":"sale","23":"taxable","24":"shipping-taxable","25":"purchasable","26":"product-type-variable","27":"wvs-archive-product-wrapper"},"acf":[],"yoast_head":"<!-- This site is optimized with the Yoast SEO Premium plugin v26.7 (Yoast SEO v26.7) - https:\/\/yoast.com\/wordpress\/plugins\/seo\/ -->\n<title>Specialized Turbo Tero 4.0 Passo a passo EQ 2023 GR-100<\/title>\n<meta name=\"description\" content=\"La Turbo Tero, con una autonom\u00eda que te permite llegar a cualquier lugar, esta bicicleta el\u00e9ctrica con suspensi\u00f3n preparada para la aventura\" \/>\n<meta name=\"robots\" content=\"index, follow, max-snippet:-1, max-image-preview:large, max-video-preview:-1\" \/>\n<link rel=\"canonical\" href=\"https:\/\/gr-100.com\/pt-pt\/producto\/specialized-turbo-tero-4-0-passo-a-passo-eq-2023\/\" \/>\n<meta property=\"og:locale\" content=\"pt_PT\" \/>\n<meta property=\"og:type\" content=\"article\" \/>\n<meta property=\"og:title\" content=\"Specialized Turbo Tero 4.0 Passo a passo EQ 2023\" \/>\n<meta property=\"og:description\" content=\"La Turbo Tero, con una autonom\u00eda que te permite llegar a cualquier lugar, esta bicicleta el\u00e9ctrica con suspensi\u00f3n preparada para la aventura\" \/>\n<meta property=\"og:url\" content=\"https:\/\/gr-100.com\/pt-pt\/producto\/specialized-turbo-tero-4-0-passo-a-passo-eq-2023\/\" \/>\n<meta property=\"og:site_name\" content=\"Gr-100 Tienda de ciclismo Specialized\" \/>\n<meta property=\"article:publisher\" content=\"https:\/\/www.facebook.com\/Gr100Bikes\" \/>\n<meta property=\"og:image\" content=\"https:\/\/gr-100.com\/wp-content\/uploads\/2024\/11\/Sin-titulo-87.jpeg\" \/>\n\t<meta property=\"og:image:width\" content=\"1000\" \/>\n\t<meta property=\"og:image:height\" content=\"1000\" \/>\n\t<meta property=\"og:image:type\" content=\"image\/jpeg\" \/>\n<meta name=\"twitter:card\" content=\"summary_large_image\" \/>\n<meta name=\"twitter:label1\" content=\"Tempo estimado de leitura\" \/>\n\t<meta name=\"twitter:data1\" content=\"4 minutos\" \/>\n<script type=\"application\/ld+json\" class=\"yoast-schema-graph\">{\"@context\":\"https:\/\/schema.org\",\"@graph\":[{\"@type\":\"WebPage\",\"@id\":\"https:\/\/gr-100.com\/pt-pt\/producto\/specialized-turbo-tero-4-0-passo-a-passo-eq-2023\/\",\"url\":\"https:\/\/gr-100.com\/pt-pt\/producto\/specialized-turbo-tero-4-0-passo-a-passo-eq-2023\/\",\"name\":\"Specialized Turbo Tero 4.0 Passo a passo EQ 2023 GR-100\",\"isPartOf\":{\"@id\":\"https:\/\/gr-100.com\/#website\"},\"primaryImageOfPage\":{\"@id\":\"https:\/\/gr-100.com\/pt-pt\/producto\/specialized-turbo-tero-4-0-passo-a-passo-eq-2023\/#primaryimage\"},\"image\":{\"@id\":\"https:\/\/gr-100.com\/pt-pt\/producto\/specialized-turbo-tero-4-0-passo-a-passo-eq-2023\/#primaryimage\"},\"thumbnailUrl\":\"https:\/\/gr-100.com\/wp-content\/uploads\/2024\/11\/Sin-titulo-87.jpeg\",\"datePublished\":\"2024-11-21T11:09:35+00:00\",\"description\":\"La Turbo Tero, con una autonom\u00eda que te permite llegar a cualquier lugar, esta bicicleta el\u00e9ctrica con suspensi\u00f3n preparada para la aventura\",\"breadcrumb\":{\"@id\":\"https:\/\/gr-100.com\/pt-pt\/producto\/specialized-turbo-tero-4-0-passo-a-passo-eq-2023\/#breadcrumb\"},\"inLanguage\":\"pt-PT\",\"potentialAction\":[{\"@type\":\"ReadAction\",\"target\":[\"https:\/\/gr-100.com\/pt-pt\/producto\/specialized-turbo-tero-4-0-passo-a-passo-eq-2023\/\"]}]},{\"@type\":\"ImageObject\",\"inLanguage\":\"pt-PT\",\"@id\":\"https:\/\/gr-100.com\/pt-pt\/producto\/specialized-turbo-tero-4-0-passo-a-passo-eq-2023\/#primaryimage\",\"url\":\"https:\/\/gr-100.com\/wp-content\/uploads\/2024\/11\/Sin-titulo-87.jpeg\",\"contentUrl\":\"https:\/\/gr-100.com\/wp-content\/uploads\/2024\/11\/Sin-titulo-87.jpeg\",\"width\":1000,\"height\":1000},{\"@type\":\"BreadcrumbList\",\"@id\":\"https:\/\/gr-100.com\/pt-pt\/producto\/specialized-turbo-tero-4-0-passo-a-passo-eq-2023\/#breadcrumb\",\"itemListElement\":[{\"@type\":\"ListItem\",\"position\":1,\"name\":\"Portada\",\"item\":\"https:\/\/gr-100.com\/en\/\"},{\"@type\":\"ListItem\",\"position\":2,\"name\":\"Productos\",\"item\":\"https:\/\/gr-100.com\/?post_type=product\"},{\"@type\":\"ListItem\",\"position\":3,\"name\":\"Specialized Turbo Tero 4.0 Passo a passo EQ 2023\"}]},{\"@type\":\"WebSite\",\"@id\":\"https:\/\/gr-100.com\/#website\",\"url\":\"https:\/\/gr-100.com\/\",\"name\":\"Gr-100 Tienda de ciclismo Specialized\",\"description\":\"GR-100 tenemos todas las gamas de bicicletas Specialized al mejor precio.\",\"publisher\":{\"@id\":\"https:\/\/gr-100.com\/#organization\"},\"alternateName\":\"Gr-100 Bikes\",\"potentialAction\":[{\"@type\":\"SearchAction\",\"target\":{\"@type\":\"EntryPoint\",\"urlTemplate\":\"https:\/\/gr-100.com\/?s={search_term_string}\"},\"query-input\":{\"@type\":\"PropertyValueSpecification\",\"valueRequired\":true,\"valueName\":\"search_term_string\"}}],\"inLanguage\":\"pt-PT\"},{\"@type\":\"Organization\",\"@id\":\"https:\/\/gr-100.com\/#organization\",\"name\":\"Gr-100\",\"url\":\"https:\/\/gr-100.com\/\",\"logo\":{\"@type\":\"ImageObject\",\"inLanguage\":\"pt-PT\",\"@id\":\"https:\/\/gr-100.com\/#\/schema\/logo\/image\/\",\"url\":\"https:\/\/gr-100.com\/wp-content\/uploads\/2023\/08\/logo-gr-100-bikes.png\",\"contentUrl\":\"https:\/\/gr-100.com\/wp-content\/uploads\/2023\/08\/logo-gr-100-bikes.png\",\"width\":707,\"height\":284,\"caption\":\"Gr-100\"},\"image\":{\"@id\":\"https:\/\/gr-100.com\/#\/schema\/logo\/image\/\"},\"sameAs\":[\"https:\/\/www.facebook.com\/Gr100Bikes\",\"https:\/\/www.instagram.com\/gr100bikes\/\",\"https:\/\/www.tiktok.com\/@gr100bikes\",\"https:\/\/twitter.com\/gr100mtbteam\",\"https:\/\/www.youtube.com\/c\/GR100Specialized\"]}]}<\/script>\n<!-- \/ Yoast SEO Premium plugin. -->","yoast_head_json":{"title":"Specialized Turbo Tero 4.0 Passo a passo EQ 2023 GR-100","description":"La Turbo Tero, con una autonom\u00eda que te permite llegar a cualquier lugar, esta bicicleta el\u00e9ctrica con suspensi\u00f3n preparada para la aventura","robots":{"index":"index","follow":"follow","max-snippet":"max-snippet:-1","max-image-preview":"max-image-preview:large","max-video-preview":"max-video-preview:-1"},"canonical":"https:\/\/gr-100.com\/pt-pt\/producto\/specialized-turbo-tero-4-0-passo-a-passo-eq-2023\/","og_locale":"pt_PT","og_type":"article","og_title":"Specialized Turbo Tero 4.0 Passo a passo EQ 2023","og_description":"La Turbo Tero, con una autonom\u00eda que te permite llegar a cualquier lugar, esta bicicleta el\u00e9ctrica con suspensi\u00f3n preparada para la aventura","og_url":"https:\/\/gr-100.com\/pt-pt\/producto\/specialized-turbo-tero-4-0-passo-a-passo-eq-2023\/","og_site_name":"Gr-100 Tienda de ciclismo Specialized","article_publisher":"https:\/\/www.facebook.com\/Gr100Bikes","og_image":[{"width":1000,"height":1000,"url":"https:\/\/gr-100.com\/wp-content\/uploads\/2024\/11\/Sin-titulo-87.jpeg","type":"image\/jpeg"}],"twitter_card":"summary_large_image","twitter_misc":{"Tempo estimado de leitura":"4 minutos"},"schema":{"@context":"https:\/\/schema.org","@graph":[{"@type":"WebPage","@id":"https:\/\/gr-100.com\/pt-pt\/producto\/specialized-turbo-tero-4-0-passo-a-passo-eq-2023\/","url":"https:\/\/gr-100.com\/pt-pt\/producto\/specialized-turbo-tero-4-0-passo-a-passo-eq-2023\/","name":"Specialized Turbo Tero 4.0 Passo a passo EQ 2023 GR-100","isPartOf":{"@id":"https:\/\/gr-100.com\/#website"},"primaryImageOfPage":{"@id":"https:\/\/gr-100.com\/pt-pt\/producto\/specialized-turbo-tero-4-0-passo-a-passo-eq-2023\/#primaryimage"},"image":{"@id":"https:\/\/gr-100.com\/pt-pt\/producto\/specialized-turbo-tero-4-0-passo-a-passo-eq-2023\/#primaryimage"},"thumbnailUrl":"https:\/\/gr-100.com\/wp-content\/uploads\/2024\/11\/Sin-titulo-87.jpeg","datePublished":"2024-11-21T11:09:35+00:00","description":"La Turbo Tero, con una autonom\u00eda que te permite llegar a cualquier lugar, esta bicicleta el\u00e9ctrica con suspensi\u00f3n preparada para la aventura","breadcrumb":{"@id":"https:\/\/gr-100.com\/pt-pt\/producto\/specialized-turbo-tero-4-0-passo-a-passo-eq-2023\/#breadcrumb"},"inLanguage":"pt-PT","potentialAction":[{"@type":"ReadAction","target":["https:\/\/gr-100.com\/pt-pt\/producto\/specialized-turbo-tero-4-0-passo-a-passo-eq-2023\/"]}]},{"@type":"ImageObject","inLanguage":"pt-PT","@id":"https:\/\/gr-100.com\/pt-pt\/producto\/specialized-turbo-tero-4-0-passo-a-passo-eq-2023\/#primaryimage","url":"https:\/\/gr-100.com\/wp-content\/uploads\/2024\/11\/Sin-titulo-87.jpeg","contentUrl":"https:\/\/gr-100.com\/wp-content\/uploads\/2024\/11\/Sin-titulo-87.jpeg","width":1000,"height":1000},{"@type":"BreadcrumbList","@id":"https:\/\/gr-100.com\/pt-pt\/producto\/specialized-turbo-tero-4-0-passo-a-passo-eq-2023\/#breadcrumb","itemListElement":[{"@type":"ListItem","position":1,"name":"Portada","item":"https:\/\/gr-100.com\/en\/"},{"@type":"ListItem","position":2,"name":"Productos","item":"https:\/\/gr-100.com\/?post_type=product"},{"@type":"ListItem","position":3,"name":"Specialized Turbo Tero 4.0 Passo a passo EQ 2023"}]},{"@type":"WebSite","@id":"https:\/\/gr-100.com\/#website","url":"https:\/\/gr-100.com\/","name":"Gr-100 Tienda de ciclismo Specialized","description":"GR-100 tenemos todas las gamas de bicicletas Specialized al mejor precio.","publisher":{"@id":"https:\/\/gr-100.com\/#organization"},"alternateName":"Gr-100 Bikes","potentialAction":[{"@type":"SearchAction","target":{"@type":"EntryPoint","urlTemplate":"https:\/\/gr-100.com\/?s={search_term_string}"},"query-input":{"@type":"PropertyValueSpecification","valueRequired":true,"valueName":"search_term_string"}}],"inLanguage":"pt-PT"},{"@type":"Organization","@id":"https:\/\/gr-100.com\/#organization","name":"Gr-100","url":"https:\/\/gr-100.com\/","logo":{"@type":"ImageObject","inLanguage":"pt-PT","@id":"https:\/\/gr-100.com\/#\/schema\/logo\/image\/","url":"https:\/\/gr-100.com\/wp-content\/uploads\/2023\/08\/logo-gr-100-bikes.png","contentUrl":"https:\/\/gr-100.com\/wp-content\/uploads\/2023\/08\/logo-gr-100-bikes.png","width":707,"height":284,"caption":"Gr-100"},"image":{"@id":"https:\/\/gr-100.com\/#\/schema\/logo\/image\/"},"sameAs":["https:\/\/www.facebook.com\/Gr100Bikes","https:\/\/www.instagram.com\/gr100bikes\/","https:\/\/www.tiktok.com\/@gr100bikes","https:\/\/twitter.com\/gr100mtbteam","https:\/\/www.youtube.com\/c\/GR100Specialized"]}]}},"_links":{"self":[{"href":"https:\/\/gr-100.com\/pt-pt\/wp-json\/wp\/v2\/product\/428881","targetHints":{"allow":["GET"]}}],"collection":[{"href":"https:\/\/gr-100.com\/pt-pt\/wp-json\/wp\/v2\/product"}],"about":[{"href":"https:\/\/gr-100.com\/pt-pt\/wp-json\/wp\/v2\/types\/product"}],"replies":[{"embeddable":true,"href":"https:\/\/gr-100.com\/pt-pt\/wp-json\/wp\/v2\/comments?post=428881"}],"wp:featuredmedia":[{"embeddable":true,"href":"https:\/\/gr-100.com\/pt-pt\/wp-json\/wp\/v2\/media\/396911"}],"wp:attachment":[{"href":"https:\/\/gr-100.com\/pt-pt\/wp-json\/wp\/v2\/media?parent=428881"}],"wp:term":[{"taxonomy":"product_brand","embeddable":true,"href":"https:\/\/gr-100.com\/pt-pt\/wp-json\/wp\/v2\/product_brand?post=428881"},{"taxonomy":"product_cat","embeddable":true,"href":"https:\/\/gr-100.com\/pt-pt\/wp-json\/wp\/v2\/product_cat?post=428881"},{"taxonomy":"product_tag","embeddable":true,"href":"https:\/\/gr-100.com\/pt-pt\/wp-json\/wp\/v2\/product_tag?post=428881"}],"curies":[{"name":"wp","href":"https:\/\/api.w.org\/{rel}","templated":true}]}}