{"id":428931,"date":"2024-11-20T11:50:44","date_gmt":"2024-11-20T10:50:44","guid":{"rendered":"https:\/\/gr-100.com\/producto\/specialized-tero-4-0-step-through-nb-kh-2025\/"},"modified":"2024-11-20T11:50:44","modified_gmt":"2024-11-20T09:50:44","slug":"specialized-tero-4-0-step-through-nb-kh-2025","status":"publish","type":"product","link":"https:\/\/gr-100.com\/pt-pt\/producto\/specialized-tero-4-0-step-through-nb-kh-2025\/","title":{"rendered":"Specialized TERO 4.0 STEP THROUGH NB KH 2025"},"content":{"rendered":"<ul>\n<li>Motor Turbo Full Power 2.0 y bater\u00eda de 710 Wh: integrados en el cuadro de aluminio de la Tero 4.0, cuadriplican eficazmente tu propia potencia, generando una potencia suficiente para superar r\u00e1pidamente las subidas m\u00e1s empinadas y proporcionando suficiente potencia adicional para permitirte llevar una monta\u00f1a de equipo de aventura, comestibles, ni\u00f1os y sue\u00f1os despiertos sin sudar. Eres t\u00fa, solo que m\u00e1s r\u00e1pido. Pero lo que realmente distingue a este motor del resto es la eficiencia y la fluidez con la que se combina con tus propios esfuerzos.  <\/li>\n<li>Aplicaci\u00f3n Specialized y MasterMind: la aplicaci\u00f3n Specialized te permite adaptar los niveles de potencia de salida de la Tero a tus preferencias deseadas: los tres modos de potencia est\u00e1ndar se pueden ajustar casi infinitamente para adaptarse a tus necesidades de potencia y autonom\u00eda. La funci\u00f3n MicroTune de <\/li>\n<li>MasterMind puede ajustar los niveles de potencia de salida en incrementos del 10 % para que puedas ajustar la autonom\u00eda a tus necesidades.<\/li>\n<li>ADN de bicicleta de monta\u00f1a: los componentes de la Tero est\u00e1n dise\u00f1ados para mejorar el control y la confianza. Las ruedas de 29\u201d agresivas pero de rodadura suave con neum\u00e1ticos Ground Control de 2,3\u201d ofrecen una amplia tracci\u00f3n en cada situaci\u00f3n, los frenos de disco SRAM ofrecen un agarre de frenado sustancial, 110 mm de recorrido de la suspensi\u00f3n delantera suavizan el camino y una tija de sill\u00edn telesc\u00f3pica est\u00e1 ah\u00ed para cuando necesites realmente bajar en situaciones t\u00e9cnicas todoterreno. <\/li>\n<li>Bloqueo del sistema Turbo: usa la aplicaci\u00f3n Specialized para desactivar el motor de tu bicicleta y activar la alarma del sensor de movimiento. Una vez bloqueado, el motor no se puede volver a activar excepto por el propietario. <\/li>\n<li>Soportes para guardabarros, portabultos y pata de cabra. Clasificado para tirar de un remolque de eje pasante. Compatible con asiento para ni\u00f1os.  <\/li>\n<li>Autonom\u00eda prolongada: con una autonom\u00eda para andar en cualquier lugar, recorre hasta 86 millas (140 km) o 6,5 horas con una sola carga (modo ecol\u00f3gico).<\/li>\n<li>ESPECIFICA\u00c7\u00d5ES<br \/>\nE-bike<br \/>\nCARREGADOR<br \/>\nCargador personalizado, 42 V 4 A con enchufe Rosenberger, 100-240 V<br \/>\nUI\/REMOTO<br \/>\nMasterMind TCD, con control remoto en el manillar, funci\u00f3n antirrobo incorporada, conectividad Bluetooth\u00ae, p\u00e1ginas de visualizaci\u00f3n personalizables<br \/>\nBATERIA<br \/>\nBater\u00eda integrada Specialized de 710 Wh<br \/>\nMOTOR<br \/>\nSpecialized 2.0, par de 70 Nm, motor personalizado, potencia nominal de 250 W<br \/>\nCabine de pilotagem<br \/>\nSELIM<br \/>\nBridge Sport, calhas de a\u00e7o, 155 mm<br \/>\nPOT\u00caNCIA<br \/>\nPotencia Specialized Stealth, aleaci\u00f3n, 14 grados, 31,8 mm, montaje TCD integrado, S-M 60 mm, L-XL 75 mm<br \/>\nPUNHOS<br \/>\nSpecialized<br \/>\nGUID\u00c3O<br \/>\nSpecialized Trail, aleaci\u00f3n 6061, retroceso de 8 grados, ascenso de 6 grados, elevaci\u00f3n de 27 mm, Abrazadera 31,8 mm, S 720 mm, M-XL 750 mm<br \/>\nESPIG\u00c3O ASSENTO<br \/>\nTranzX Dropper, 30,9 mm, S: 100 mm, M-XL: 120 mm<br \/>\nRodas e pneus<br \/>\nRADIOS<br \/>\nDT Swiss Industry<br \/>\nBUJE DELANTERO<br \/>\nMaza delantera Specialized de aleaci\u00f3n, disco, rodamientos de cartucho sellados, 6 tornillos, eje pasante de 15 x 110 mm, 32 radios<br \/>\nNEUM\u00c1TICO DEL.<br \/>\nControlo \u00e0 terra, 2Bliss Ready, 29&#215;2.35&#8243;<br \/>\nPNEU TRASEIRO<br \/>\nControlo \u00e0 terra, 2Bliss Ready, 29&#215;2.35&#8243;<br \/>\nCUBO TRASEIRO<br \/>\nMaza trasera Specialized Alloy Disc, rodamientos sellados Cardridge, 6 pernos, eje pasante 12X148 mm, 32H, Hd Steel Fhb<br \/>\nC\u00c2MARAS<br \/>\nStandard 40 mm SV 29&#215;1.75-2.4<br \/>\nLLANTAS<br \/>\nStout XC 29, ancho interno de 25 mm, espec\u00edfico para disco<br \/>\nCuadro<br \/>\nABRAZ. SELIM<br \/>\nAleaci\u00f3n, tipo perno, 34,9 mm<br \/>\nIMAGEM<br \/>\nAluminio E5, montaje de motor en pedalier, bater\u00eda en tubo inferior totalmente integrada y bloqueable, enrutamiento interno de cables, bloqueo y montaje en portabultos delantero<br \/>\nSuspens\u00e3o<br \/>\nGARFO<br \/>\nSR Suntour XCR34-Boost, recorrido de 110 mm<br \/>\nTrav\u00f5es<br \/>\nTRAV\u00c3O DIANTEIRO<br \/>\nTektro HD-M520<br \/>\nTRAV\u00c3O TRASEIRO<br \/>\nTektro HD-M520<br \/>\nTransmiss\u00e3o<br \/>\nPRATOS<br \/>\n40T<br \/>\nSUPORTE INFERIOR<br \/>\nBielas forjadas de aleaci\u00f3n personalizadas, Isis, 170 mm, Cl 50,73 mm, BCD 104 mm<br \/>\nCADEIA<br \/>\nShimano LG500<br \/>\nCASETE<br \/>\nShimano Cues 9 velocidades, 11-41<br \/>\nMUDAN\u00c7A<br \/>\nShimano Cues 9 velocidades, dise\u00f1o Shadow<br \/>\nCONTROLOS DE MUDAN\u00c7A DE VELOCIDADE<br \/>\nShimano Cues 9 velocidades con cambio Indicador<br \/>\nAcess\u00f3rios<br \/>\nTIMBRE<br \/>\nTIMBRE<br \/>\nPEDAIS<br \/>\nSpecialized Body Geometry Fitness, Plataforma, Pl\u00e1stico<br \/>\nBLOQUEIO<br \/>\nBloqueio do sistema Turbo<\/li>\n<\/ul>\n","protected":false},"excerpt":{"rendered":"<p>La Turbo Tero significa una cosa: vas a necesitar un mapa m\u00e1s grande. Con una autonom\u00eda que te permite ir a cualquier parte, esta bicicleta el\u00e9ctrica con suspensi\u00f3n lista para la aventura es nuestro veh\u00edculo para ir a cualquier parte. Adem\u00e1s, con suficiente espacio de almacenamiento para guardar.  <\/p>\n","protected":false},"featured_media":396660,"comment_status":"open","ping_status":"closed","template":"","meta":{"_acf_changed":false,"_et_pb_use_builder":"","_et_pb_old_content":"","_et_gb_content_width":"","inline_featured_image":false},"product_brand":[],"product_cat":[4353,5284,391,5280,5263,5282,5260,5283,5281,2483,2696,403],"product_tag":[],"class_list":{"0":"post-428931","1":"product","2":"type-product","3":"status-publish","4":"has-post-thumbnail","6":"product_cat-liquidacion-specialized","7":"product_cat-bicicletas-urbanas-pt-pt","8":"product_cat-eletricas","9":"product_cat-bicicletas-electricas-aluminio-pt-pt","10":"product_cat-bicicletas-de-montanha-electricas","11":"product_cat-bicicletas-electricas-paseo-pt-pt","12":"product_cat-bicicletas-electricas-specialized-pt-pt","13":"product_cat-bicicletas-electricas-trekking-pt-pt","14":"product_cat-bicicletas-electricas-urbanas-pt-pt","15":"product_cat-bicicletas-especializadas","16":"product_cat-ofertas-especializadas","17":"product_cat-outlet-pt-pt","18":"product_shipping_class-bicicletas-pt-pt","20":"first","21":"instock","22":"sale","23":"taxable","24":"shipping-taxable","25":"purchasable","26":"product-type-variable","27":"wvs-archive-product-wrapper"},"acf":[],"yoast_head":"<!-- This site is optimized with the Yoast SEO Premium plugin v26.7 (Yoast SEO v26.7) - https:\/\/yoast.com\/wordpress\/plugins\/seo\/ -->\n<title>Specialized TERO 4.0 STEP THROUGH NB KH 2025 GR-100<\/title>\n<meta name=\"description\" content=\"La Turbo Tero significa una cosa: vas a necesitar un mapa m\u00e1s grande. Con una autonom\u00eda que te permite ir a cualquier parte, esta bicicleta el\u00e9ctrica con suspensi\u00f3n lista para la aventura es nuestro veh\u00edculo para ir a cualquier parte. Adem\u00e1s, con suficiente espacio de almacenamiento para guardar.\" \/>\n<meta name=\"robots\" content=\"index, follow, max-snippet:-1, max-image-preview:large, max-video-preview:-1\" \/>\n<link rel=\"canonical\" href=\"https:\/\/gr-100.com\/pt-pt\/producto\/specialized-tero-4-0-step-through-nb-kh-2025\/\" \/>\n<meta property=\"og:locale\" content=\"pt_PT\" \/>\n<meta property=\"og:type\" content=\"article\" \/>\n<meta property=\"og:title\" content=\"Specialized TERO 4.0 STEP THROUGH NB KH 2025\" \/>\n<meta property=\"og:description\" content=\"La Turbo Tero significa una cosa: vas a necesitar un mapa m\u00e1s grande. Con una autonom\u00eda que te permite ir a cualquier parte, esta bicicleta el\u00e9ctrica con suspensi\u00f3n lista para la aventura es nuestro veh\u00edculo para ir a cualquier parte. Adem\u00e1s, con suficiente espacio de almacenamiento para guardar.\" \/>\n<meta property=\"og:url\" content=\"https:\/\/gr-100.com\/pt-pt\/producto\/specialized-tero-4-0-step-through-nb-kh-2025\/\" \/>\n<meta property=\"og:site_name\" content=\"Gr-100 Tienda de ciclismo Specialized\" \/>\n<meta property=\"article:publisher\" content=\"https:\/\/www.facebook.com\/Gr100Bikes\" \/>\n<meta property=\"og:image\" content=\"https:\/\/gr-100.com\/wp-content\/uploads\/2024\/11\/Sin-titulo-61.jpeg\" \/>\n\t<meta property=\"og:image:width\" content=\"1000\" \/>\n\t<meta property=\"og:image:height\" content=\"1000\" \/>\n\t<meta property=\"og:image:type\" content=\"image\/jpeg\" \/>\n<meta name=\"twitter:card\" content=\"summary_large_image\" \/>\n<meta name=\"twitter:label1\" content=\"Tempo estimado de leitura\" \/>\n\t<meta name=\"twitter:data1\" content=\"3 minutos\" \/>\n<script type=\"application\/ld+json\" class=\"yoast-schema-graph\">{\"@context\":\"https:\/\/schema.org\",\"@graph\":[{\"@type\":\"WebPage\",\"@id\":\"https:\/\/gr-100.com\/pt-pt\/producto\/specialized-tero-4-0-step-through-nb-kh-2025\/\",\"url\":\"https:\/\/gr-100.com\/pt-pt\/producto\/specialized-tero-4-0-step-through-nb-kh-2025\/\",\"name\":\"Specialized TERO 4.0 STEP THROUGH NB KH 2025 GR-100\",\"isPartOf\":{\"@id\":\"https:\/\/gr-100.com\/#website\"},\"primaryImageOfPage\":{\"@id\":\"https:\/\/gr-100.com\/pt-pt\/producto\/specialized-tero-4-0-step-through-nb-kh-2025\/#primaryimage\"},\"image\":{\"@id\":\"https:\/\/gr-100.com\/pt-pt\/producto\/specialized-tero-4-0-step-through-nb-kh-2025\/#primaryimage\"},\"thumbnailUrl\":\"https:\/\/gr-100.com\/wp-content\/uploads\/2024\/11\/Sin-titulo-61.jpeg\",\"datePublished\":\"2024-11-20T10:50:44+00:00\",\"description\":\"La Turbo Tero significa una cosa: vas a necesitar un mapa m\u00e1s grande. Con una autonom\u00eda que te permite ir a cualquier parte, esta bicicleta el\u00e9ctrica con suspensi\u00f3n lista para la aventura es nuestro veh\u00edculo para ir a cualquier parte. Adem\u00e1s, con suficiente espacio de almacenamiento para guardar.\",\"breadcrumb\":{\"@id\":\"https:\/\/gr-100.com\/pt-pt\/producto\/specialized-tero-4-0-step-through-nb-kh-2025\/#breadcrumb\"},\"inLanguage\":\"pt-PT\",\"potentialAction\":[{\"@type\":\"ReadAction\",\"target\":[\"https:\/\/gr-100.com\/pt-pt\/producto\/specialized-tero-4-0-step-through-nb-kh-2025\/\"]}]},{\"@type\":\"ImageObject\",\"inLanguage\":\"pt-PT\",\"@id\":\"https:\/\/gr-100.com\/pt-pt\/producto\/specialized-tero-4-0-step-through-nb-kh-2025\/#primaryimage\",\"url\":\"https:\/\/gr-100.com\/wp-content\/uploads\/2024\/11\/Sin-titulo-61.jpeg\",\"contentUrl\":\"https:\/\/gr-100.com\/wp-content\/uploads\/2024\/11\/Sin-titulo-61.jpeg\",\"width\":1000,\"height\":1000},{\"@type\":\"BreadcrumbList\",\"@id\":\"https:\/\/gr-100.com\/pt-pt\/producto\/specialized-tero-4-0-step-through-nb-kh-2025\/#breadcrumb\",\"itemListElement\":[{\"@type\":\"ListItem\",\"position\":1,\"name\":\"Portada\",\"item\":\"https:\/\/gr-100.com\/en\/\"},{\"@type\":\"ListItem\",\"position\":2,\"name\":\"Productos\",\"item\":\"https:\/\/gr-100.com\/?post_type=product\"},{\"@type\":\"ListItem\",\"position\":3,\"name\":\"Specialized TERO 4.0 STEP THROUGH NB KH 2025\"}]},{\"@type\":\"WebSite\",\"@id\":\"https:\/\/gr-100.com\/#website\",\"url\":\"https:\/\/gr-100.com\/\",\"name\":\"Gr-100 Tienda de ciclismo Specialized\",\"description\":\"GR-100 tenemos todas las gamas de bicicletas Specialized al mejor precio.\",\"publisher\":{\"@id\":\"https:\/\/gr-100.com\/#organization\"},\"alternateName\":\"Gr-100 Bikes\",\"potentialAction\":[{\"@type\":\"SearchAction\",\"target\":{\"@type\":\"EntryPoint\",\"urlTemplate\":\"https:\/\/gr-100.com\/?s={search_term_string}\"},\"query-input\":{\"@type\":\"PropertyValueSpecification\",\"valueRequired\":true,\"valueName\":\"search_term_string\"}}],\"inLanguage\":\"pt-PT\"},{\"@type\":\"Organization\",\"@id\":\"https:\/\/gr-100.com\/#organization\",\"name\":\"Gr-100\",\"url\":\"https:\/\/gr-100.com\/\",\"logo\":{\"@type\":\"ImageObject\",\"inLanguage\":\"pt-PT\",\"@id\":\"https:\/\/gr-100.com\/#\/schema\/logo\/image\/\",\"url\":\"https:\/\/gr-100.com\/wp-content\/uploads\/2023\/08\/logo-gr-100-bikes.png\",\"contentUrl\":\"https:\/\/gr-100.com\/wp-content\/uploads\/2023\/08\/logo-gr-100-bikes.png\",\"width\":707,\"height\":284,\"caption\":\"Gr-100\"},\"image\":{\"@id\":\"https:\/\/gr-100.com\/#\/schema\/logo\/image\/\"},\"sameAs\":[\"https:\/\/www.facebook.com\/Gr100Bikes\",\"https:\/\/www.instagram.com\/gr100bikes\/\",\"https:\/\/www.tiktok.com\/@gr100bikes\",\"https:\/\/twitter.com\/gr100mtbteam\",\"https:\/\/www.youtube.com\/c\/GR100Specialized\"]}]}<\/script>\n<!-- \/ Yoast SEO Premium plugin. -->","yoast_head_json":{"title":"Specialized TERO 4.0 STEP THROUGH NB KH 2025 GR-100","description":"La Turbo Tero significa una cosa: vas a necesitar un mapa m\u00e1s grande. Con una autonom\u00eda que te permite ir a cualquier parte, esta bicicleta el\u00e9ctrica con suspensi\u00f3n lista para la aventura es nuestro veh\u00edculo para ir a cualquier parte. Adem\u00e1s, con suficiente espacio de almacenamiento para guardar.","robots":{"index":"index","follow":"follow","max-snippet":"max-snippet:-1","max-image-preview":"max-image-preview:large","max-video-preview":"max-video-preview:-1"},"canonical":"https:\/\/gr-100.com\/pt-pt\/producto\/specialized-tero-4-0-step-through-nb-kh-2025\/","og_locale":"pt_PT","og_type":"article","og_title":"Specialized TERO 4.0 STEP THROUGH NB KH 2025","og_description":"La Turbo Tero significa una cosa: vas a necesitar un mapa m\u00e1s grande. Con una autonom\u00eda que te permite ir a cualquier parte, esta bicicleta el\u00e9ctrica con suspensi\u00f3n lista para la aventura es nuestro veh\u00edculo para ir a cualquier parte. Adem\u00e1s, con suficiente espacio de almacenamiento para guardar.","og_url":"https:\/\/gr-100.com\/pt-pt\/producto\/specialized-tero-4-0-step-through-nb-kh-2025\/","og_site_name":"Gr-100 Tienda de ciclismo Specialized","article_publisher":"https:\/\/www.facebook.com\/Gr100Bikes","og_image":[{"width":1000,"height":1000,"url":"https:\/\/gr-100.com\/wp-content\/uploads\/2024\/11\/Sin-titulo-61.jpeg","type":"image\/jpeg"}],"twitter_card":"summary_large_image","twitter_misc":{"Tempo estimado de leitura":"3 minutos"},"schema":{"@context":"https:\/\/schema.org","@graph":[{"@type":"WebPage","@id":"https:\/\/gr-100.com\/pt-pt\/producto\/specialized-tero-4-0-step-through-nb-kh-2025\/","url":"https:\/\/gr-100.com\/pt-pt\/producto\/specialized-tero-4-0-step-through-nb-kh-2025\/","name":"Specialized TERO 4.0 STEP THROUGH NB KH 2025 GR-100","isPartOf":{"@id":"https:\/\/gr-100.com\/#website"},"primaryImageOfPage":{"@id":"https:\/\/gr-100.com\/pt-pt\/producto\/specialized-tero-4-0-step-through-nb-kh-2025\/#primaryimage"},"image":{"@id":"https:\/\/gr-100.com\/pt-pt\/producto\/specialized-tero-4-0-step-through-nb-kh-2025\/#primaryimage"},"thumbnailUrl":"https:\/\/gr-100.com\/wp-content\/uploads\/2024\/11\/Sin-titulo-61.jpeg","datePublished":"2024-11-20T10:50:44+00:00","description":"La Turbo Tero significa una cosa: vas a necesitar un mapa m\u00e1s grande. Con una autonom\u00eda que te permite ir a cualquier parte, esta bicicleta el\u00e9ctrica con suspensi\u00f3n lista para la aventura es nuestro veh\u00edculo para ir a cualquier parte. Adem\u00e1s, con suficiente espacio de almacenamiento para guardar.","breadcrumb":{"@id":"https:\/\/gr-100.com\/pt-pt\/producto\/specialized-tero-4-0-step-through-nb-kh-2025\/#breadcrumb"},"inLanguage":"pt-PT","potentialAction":[{"@type":"ReadAction","target":["https:\/\/gr-100.com\/pt-pt\/producto\/specialized-tero-4-0-step-through-nb-kh-2025\/"]}]},{"@type":"ImageObject","inLanguage":"pt-PT","@id":"https:\/\/gr-100.com\/pt-pt\/producto\/specialized-tero-4-0-step-through-nb-kh-2025\/#primaryimage","url":"https:\/\/gr-100.com\/wp-content\/uploads\/2024\/11\/Sin-titulo-61.jpeg","contentUrl":"https:\/\/gr-100.com\/wp-content\/uploads\/2024\/11\/Sin-titulo-61.jpeg","width":1000,"height":1000},{"@type":"BreadcrumbList","@id":"https:\/\/gr-100.com\/pt-pt\/producto\/specialized-tero-4-0-step-through-nb-kh-2025\/#breadcrumb","itemListElement":[{"@type":"ListItem","position":1,"name":"Portada","item":"https:\/\/gr-100.com\/en\/"},{"@type":"ListItem","position":2,"name":"Productos","item":"https:\/\/gr-100.com\/?post_type=product"},{"@type":"ListItem","position":3,"name":"Specialized TERO 4.0 STEP THROUGH NB KH 2025"}]},{"@type":"WebSite","@id":"https:\/\/gr-100.com\/#website","url":"https:\/\/gr-100.com\/","name":"Gr-100 Tienda de ciclismo Specialized","description":"GR-100 tenemos todas las gamas de bicicletas Specialized al mejor precio.","publisher":{"@id":"https:\/\/gr-100.com\/#organization"},"alternateName":"Gr-100 Bikes","potentialAction":[{"@type":"SearchAction","target":{"@type":"EntryPoint","urlTemplate":"https:\/\/gr-100.com\/?s={search_term_string}"},"query-input":{"@type":"PropertyValueSpecification","valueRequired":true,"valueName":"search_term_string"}}],"inLanguage":"pt-PT"},{"@type":"Organization","@id":"https:\/\/gr-100.com\/#organization","name":"Gr-100","url":"https:\/\/gr-100.com\/","logo":{"@type":"ImageObject","inLanguage":"pt-PT","@id":"https:\/\/gr-100.com\/#\/schema\/logo\/image\/","url":"https:\/\/gr-100.com\/wp-content\/uploads\/2023\/08\/logo-gr-100-bikes.png","contentUrl":"https:\/\/gr-100.com\/wp-content\/uploads\/2023\/08\/logo-gr-100-bikes.png","width":707,"height":284,"caption":"Gr-100"},"image":{"@id":"https:\/\/gr-100.com\/#\/schema\/logo\/image\/"},"sameAs":["https:\/\/www.facebook.com\/Gr100Bikes","https:\/\/www.instagram.com\/gr100bikes\/","https:\/\/www.tiktok.com\/@gr100bikes","https:\/\/twitter.com\/gr100mtbteam","https:\/\/www.youtube.com\/c\/GR100Specialized"]}]}},"_links":{"self":[{"href":"https:\/\/gr-100.com\/pt-pt\/wp-json\/wp\/v2\/product\/428931","targetHints":{"allow":["GET"]}}],"collection":[{"href":"https:\/\/gr-100.com\/pt-pt\/wp-json\/wp\/v2\/product"}],"about":[{"href":"https:\/\/gr-100.com\/pt-pt\/wp-json\/wp\/v2\/types\/product"}],"replies":[{"embeddable":true,"href":"https:\/\/gr-100.com\/pt-pt\/wp-json\/wp\/v2\/comments?post=428931"}],"wp:featuredmedia":[{"embeddable":true,"href":"https:\/\/gr-100.com\/pt-pt\/wp-json\/wp\/v2\/media\/396660"}],"wp:attachment":[{"href":"https:\/\/gr-100.com\/pt-pt\/wp-json\/wp\/v2\/media?parent=428931"}],"wp:term":[{"taxonomy":"product_brand","embeddable":true,"href":"https:\/\/gr-100.com\/pt-pt\/wp-json\/wp\/v2\/product_brand?post=428931"},{"taxonomy":"product_cat","embeddable":true,"href":"https:\/\/gr-100.com\/pt-pt\/wp-json\/wp\/v2\/product_cat?post=428931"},{"taxonomy":"product_tag","embeddable":true,"href":"https:\/\/gr-100.com\/pt-pt\/wp-json\/wp\/v2\/product_tag?post=428931"}],"curies":[{"name":"wp","href":"https:\/\/api.w.org\/{rel}","templated":true}]}}