{"id":428992,"date":"2025-03-26T12:03:08","date_gmt":"2025-03-26T11:03:08","guid":{"rendered":"https:\/\/gr-100.com\/producto\/specialized-turbo-vado-sl-2-5-0-step-through-2026\/"},"modified":"2025-03-26T12:03:08","modified_gmt":"2025-03-26T10:03:08","slug":"specialized-turbo-vado-sl-2-5-0-step-through-2026","status":"publish","type":"product","link":"https:\/\/gr-100.com\/pt-pt\/producto\/specialized-turbo-vado-sl-2-5-0-step-through-2026\/","title":{"rendered":"Specialized Turbo Vado SL 2 5.0 Step-Through 2026"},"content":{"rendered":"<ul>\n<li>Especifica\u00e7\u00f5es t\u00e9cnicas<\/li>\n<li>E-Bike<\/li>\n<li>Motor<br \/>\nSpecialized 1.2 SL System<\/li>\n<li>Bateria<br \/>\nSpecialized SL2-520, totalmente integrada, 520Wh<\/li>\n<li>Ecr\u00e3 de controlo remoto\/Remoto<br \/>\nMastermind H3, com controlo remoto no guiador, Ant+\/Bluetooth\u00ae, fun\u00e7\u00e3o de bloqueio do sistema incorporada, Apple Find My integrado, p\u00e1ginas do ecr\u00e3 personaliz\u00e1veis, 2.1<\/li>\n<li>Carregador<br \/>\nCarregador personalizado, sistema de 48V com ficha de carregador do sistema SL<\/li>\n<li>Cablagem el\u00e9ctrica<br \/>\nCablagem personalizada Specialized com suporte de carga<\/li>\n<li>Imagem<\/li>\n<li>Cuadro<br \/>\n2024 Vado SL<\/li>\n<li>Abrazadera del sill\u00edn<br \/>\nSpecialized Alloy 34.9, Steel Bolt<\/li>\n<li>Suspens\u00e3o<\/li>\n<li>Garfo<br \/>\n2024 Vado SL<\/li>\n<li>Trav\u00f5es<\/li>\n<li>Freno delantero<br \/>\nTektro HD-R510, hydraulic disc, 160mm<\/li>\n<li>Freno trasero<br \/>\nTektro HD-R510, hydraulic disc, 160mm<\/li>\n<li>Transmiss\u00e3o<\/li>\n<li>Manetas de cambio<br \/>\nShimano Cues 11-speed, SL-U8000<\/li>\n<li>Desviador trasero<br \/>\nShimano Cues 11-speed, RD-U8000<\/li>\n<li>Cassette<br \/>\nShimano Cues 11-speed, Linkglide 11-50T, CS-LG700<\/li>\n<li>Cadena<br \/>\nShimano 11-speed<\/li>\n<li>Pedaleira<br \/>\nSRAM FC S699 Alloy S-165mm \/ M-L-170mm \/ XL-175mm<\/li>\n<li>Cadeias<br \/>\nPraxis, Cl 49.8mm, NW, 44T, Bcd 104mm<\/li>\n<li>Chainguard<br \/>\nChainguard personalizado Specialized<\/li>\n<li>Rodas e pneus<\/li>\n<li>Jantes<br \/>\n700c Liga de parede dupla com 27 mm de largura interna<\/li>\n<li>Cubo dianteiro<br \/>\nLiga met\u00e1lica 6 parafusos 24H 12x100mm eixo passante<\/li>\n<li>Cubo traseiro<br \/>\nLiga met\u00e1lica 6 parafusos 28H 12mm eixo 142mm espa\u00e7amento<\/li>\n<li>Raios<br \/>\nDT SWISS J-Bend<\/li>\n<li>Pneu dianteiro<br \/>\nHemisphere Flat Resistant Wirebead All-Terrain Reflect, 700x47c<\/li>\n<li>Pneu traseiro<br \/>\nHemisphere Flat Resistant Wirebead All-Terrain Reflect, 700x47c<\/li>\n<li>C\u00e2maras<br \/>\nStandard 40mm SV 29X1.75-2.4<\/li>\n<li>Cabine de pilotagem<\/li>\n<li>Haste<br \/>\nHaste Specialized Stealth, liga, 31,8 mm, visor integrado e suporte de luz, tamanho S\/M: 60 mm 17 graus, L\/XL: 75 mm 15,5 graus<\/li>\n<li>Specialized<br \/>\n especializado, liga, varredura traseira de 9 graus, eleva\u00e7\u00e3o de 15 mm, 31,8 mm<\/li>\n<li>Pu\u00f1os<br \/>\nERGON, GA30-S Custom, 134.8mm Length<\/li>\n<li>Sill\u00edn<br \/>\nBridge Sport, hollow cr-mo rails, 155mm<\/li>\n<li>Espig\u00e3o de selim<br \/>\nSpecialized Alloy, parafuso \u00fanico, 30,9 mm<\/li>\n<li>Acess\u00f3rios<\/li>\n<li>Pedais<br \/>\nSpecialized Commuter com fita adesiva e reflectores<\/li>\n<li>Luz traseira<br \/>\nSpanninga, Stvzo, Commuter Glow With Brake XEr<\/li>\n<li>Porta-bagagens<br \/>\nTurbo SL Rack, compat\u00edvel com MIK, 25kg<\/li>\n<li>Guarda-lamas<br \/>\nGuarda-lamas de liga personalizada Specialized, acabamento em preto anodizado com jato de areia, 700c, suporte de liga integrado<\/li>\n<li>Suporte<br \/>\nSuporte Specialized, montagem de 40 mm<\/li>\n<li>Timbre<br \/>\nSpecialized brass bell<\/li>\n<li>Acess\u00f3rios<\/li>\n<li>Headlight<br \/>\nLezyne EBike Power STVZO E500+, Integrated Mount<\/li>\n<\/ul>\n","protected":false},"excerpt":{"rendered":"<p>Nada ofrece m\u00e1s potencia, velocidad y autonom\u00eda con tan poco peso como la Turbo Vado SL 2. Es una m\u00e1quina de alto rendimiento, dise\u00f1ada para que te diviertas en tus entrenos o tus trayectos al trabajo. Es la bici de tus sue\u00f1os: su cuadro de aluminio es ultraligero , la suspensi\u00f3n Future Shock te regala una conducci\u00f3n ultrasuave, la postura ergon\u00f3mica te ayuda a llevarla casi de forma telep\u00e1tica y su motor ultraligero tiene una potencia sobrenatural.  <\/p>\n","protected":false},"featured_media":404511,"comment_status":"open","ping_status":"closed","template":"","meta":{"_acf_changed":false,"_et_pb_use_builder":"","_et_pb_old_content":"","_et_gb_content_width":"","inline_featured_image":false},"product_brand":[],"product_cat":[4353,2459,5284,391,5280,5359,5282,5260,5283,5281,403],"product_tag":[],"class_list":{"0":"post-428992","1":"product","2":"type-product","3":"status-publish","4":"has-post-thumbnail","6":"product_cat-liquidacion-specialized","7":"product_cat-bicicletas-pt-pt-2","8":"product_cat-bicicletas-urbanas-pt-pt","9":"product_cat-eletricas","10":"product_cat-bicicletas-electricas-aluminio-pt-pt","11":"product_cat-bicicletas-electricas-carretera-pt-pt","12":"product_cat-bicicletas-electricas-paseo-pt-pt","13":"product_cat-bicicletas-electricas-specialized-pt-pt","14":"product_cat-bicicletas-electricas-trekking-pt-pt","15":"product_cat-bicicletas-electricas-urbanas-pt-pt","16":"product_cat-outlet-pt-pt","18":"first","19":"instock","20":"sale","21":"taxable","22":"shipping-taxable","23":"purchasable","24":"product-type-variable","25":"wvs-archive-product-wrapper"},"acf":[],"yoast_head":"<!-- This site is optimized with the Yoast SEO Premium plugin v26.7 (Yoast SEO v26.7) - https:\/\/yoast.com\/wordpress\/plugins\/seo\/ -->\n<title>Specialized Turbo Vado SL 2 5.0 Step-Through 2026 GR-100<\/title>\n<meta name=\"description\" content=\"Nada ofrece m\u00e1s potencia, velocidad y autonom\u00eda con tan poco peso como la Turbo Vado SL 2. Es una m\u00e1quina de alto rendimiento, dise\u00f1ada para que te diviertas en tus entrenos o tus trayectos al trabajo.\" \/>\n<meta name=\"robots\" content=\"index, follow, max-snippet:-1, max-image-preview:large, max-video-preview:-1\" \/>\n<link rel=\"canonical\" href=\"https:\/\/gr-100.com\/pt-pt\/producto\/specialized-turbo-vado-sl-2-5-0-step-through-2026\/\" \/>\n<meta property=\"og:locale\" content=\"pt_PT\" \/>\n<meta property=\"og:type\" content=\"article\" \/>\n<meta property=\"og:title\" content=\"Specialized Turbo Vado SL 2 5.0 Step-Through 2026\" \/>\n<meta property=\"og:description\" content=\"Nada ofrece m\u00e1s potencia, velocidad y autonom\u00eda con tan poco peso como la Turbo Vado SL 2. Es una m\u00e1quina de alto rendimiento, dise\u00f1ada para que te diviertas en tus entrenos o tus trayectos al trabajo.\" \/>\n<meta property=\"og:url\" content=\"https:\/\/gr-100.com\/pt-pt\/producto\/specialized-turbo-vado-sl-2-5-0-step-through-2026\/\" \/>\n<meta property=\"og:site_name\" content=\"Gr-100 Tienda de ciclismo Specialized\" \/>\n<meta property=\"article:publisher\" content=\"https:\/\/www.facebook.com\/Gr100Bikes\" \/>\n<meta property=\"og:image\" content=\"https:\/\/gr-100.com\/wp-content\/uploads\/2025\/03\/Diseno-sin-titulo-2025-03-26T130502.723.jpg\" \/>\n\t<meta property=\"og:image:width\" content=\"1000\" \/>\n\t<meta property=\"og:image:height\" content=\"1000\" \/>\n\t<meta property=\"og:image:type\" content=\"image\/jpeg\" \/>\n<meta name=\"twitter:card\" content=\"summary_large_image\" \/>\n<meta name=\"twitter:label1\" content=\"Tempo estimado de leitura\" \/>\n\t<meta name=\"twitter:data1\" content=\"2 minutos\" \/>\n<script type=\"application\/ld+json\" class=\"yoast-schema-graph\">{\"@context\":\"https:\/\/schema.org\",\"@graph\":[{\"@type\":\"WebPage\",\"@id\":\"https:\/\/gr-100.com\/pt-pt\/producto\/specialized-turbo-vado-sl-2-5-0-step-through-2026\/\",\"url\":\"https:\/\/gr-100.com\/pt-pt\/producto\/specialized-turbo-vado-sl-2-5-0-step-through-2026\/\",\"name\":\"Specialized Turbo Vado SL 2 5.0 Step-Through 2026 GR-100\",\"isPartOf\":{\"@id\":\"https:\/\/gr-100.com\/#website\"},\"primaryImageOfPage\":{\"@id\":\"https:\/\/gr-100.com\/pt-pt\/producto\/specialized-turbo-vado-sl-2-5-0-step-through-2026\/#primaryimage\"},\"image\":{\"@id\":\"https:\/\/gr-100.com\/pt-pt\/producto\/specialized-turbo-vado-sl-2-5-0-step-through-2026\/#primaryimage\"},\"thumbnailUrl\":\"https:\/\/gr-100.com\/wp-content\/uploads\/2025\/03\/Diseno-sin-titulo-2025-03-26T130502.723.jpg\",\"datePublished\":\"2025-03-26T11:03:08+00:00\",\"description\":\"Nada ofrece m\u00e1s potencia, velocidad y autonom\u00eda con tan poco peso como la Turbo Vado SL 2. Es una m\u00e1quina de alto rendimiento, dise\u00f1ada para que te diviertas en tus entrenos o tus trayectos al trabajo.\",\"breadcrumb\":{\"@id\":\"https:\/\/gr-100.com\/pt-pt\/producto\/specialized-turbo-vado-sl-2-5-0-step-through-2026\/#breadcrumb\"},\"inLanguage\":\"pt-PT\",\"potentialAction\":[{\"@type\":\"ReadAction\",\"target\":[\"https:\/\/gr-100.com\/pt-pt\/producto\/specialized-turbo-vado-sl-2-5-0-step-through-2026\/\"]}]},{\"@type\":\"ImageObject\",\"inLanguage\":\"pt-PT\",\"@id\":\"https:\/\/gr-100.com\/pt-pt\/producto\/specialized-turbo-vado-sl-2-5-0-step-through-2026\/#primaryimage\",\"url\":\"https:\/\/gr-100.com\/wp-content\/uploads\/2025\/03\/Diseno-sin-titulo-2025-03-26T130502.723.jpg\",\"contentUrl\":\"https:\/\/gr-100.com\/wp-content\/uploads\/2025\/03\/Diseno-sin-titulo-2025-03-26T130502.723.jpg\",\"width\":1000,\"height\":1000},{\"@type\":\"BreadcrumbList\",\"@id\":\"https:\/\/gr-100.com\/pt-pt\/producto\/specialized-turbo-vado-sl-2-5-0-step-through-2026\/#breadcrumb\",\"itemListElement\":[{\"@type\":\"ListItem\",\"position\":1,\"name\":\"Portada\",\"item\":\"https:\/\/gr-100.com\/en\/\"},{\"@type\":\"ListItem\",\"position\":2,\"name\":\"Productos\",\"item\":\"https:\/\/gr-100.com\/?post_type=product\"},{\"@type\":\"ListItem\",\"position\":3,\"name\":\"Specialized Turbo Vado SL 2 5.0 Step-Through 2026\"}]},{\"@type\":\"WebSite\",\"@id\":\"https:\/\/gr-100.com\/#website\",\"url\":\"https:\/\/gr-100.com\/\",\"name\":\"Gr-100 Tienda de ciclismo Specialized\",\"description\":\"GR-100 tenemos todas las gamas de bicicletas Specialized al mejor precio.\",\"publisher\":{\"@id\":\"https:\/\/gr-100.com\/#organization\"},\"alternateName\":\"Gr-100 Bikes\",\"potentialAction\":[{\"@type\":\"SearchAction\",\"target\":{\"@type\":\"EntryPoint\",\"urlTemplate\":\"https:\/\/gr-100.com\/?s={search_term_string}\"},\"query-input\":{\"@type\":\"PropertyValueSpecification\",\"valueRequired\":true,\"valueName\":\"search_term_string\"}}],\"inLanguage\":\"pt-PT\"},{\"@type\":\"Organization\",\"@id\":\"https:\/\/gr-100.com\/#organization\",\"name\":\"Gr-100\",\"url\":\"https:\/\/gr-100.com\/\",\"logo\":{\"@type\":\"ImageObject\",\"inLanguage\":\"pt-PT\",\"@id\":\"https:\/\/gr-100.com\/#\/schema\/logo\/image\/\",\"url\":\"https:\/\/gr-100.com\/wp-content\/uploads\/2023\/08\/logo-gr-100-bikes.png\",\"contentUrl\":\"https:\/\/gr-100.com\/wp-content\/uploads\/2023\/08\/logo-gr-100-bikes.png\",\"width\":707,\"height\":284,\"caption\":\"Gr-100\"},\"image\":{\"@id\":\"https:\/\/gr-100.com\/#\/schema\/logo\/image\/\"},\"sameAs\":[\"https:\/\/www.facebook.com\/Gr100Bikes\",\"https:\/\/www.instagram.com\/gr100bikes\/\",\"https:\/\/www.tiktok.com\/@gr100bikes\",\"https:\/\/twitter.com\/gr100mtbteam\",\"https:\/\/www.youtube.com\/c\/GR100Specialized\"]}]}<\/script>\n<!-- \/ Yoast SEO Premium plugin. -->","yoast_head_json":{"title":"Specialized Turbo Vado SL 2 5.0 Step-Through 2026 GR-100","description":"Nada ofrece m\u00e1s potencia, velocidad y autonom\u00eda con tan poco peso como la Turbo Vado SL 2. Es una m\u00e1quina de alto rendimiento, dise\u00f1ada para que te diviertas en tus entrenos o tus trayectos al trabajo.","robots":{"index":"index","follow":"follow","max-snippet":"max-snippet:-1","max-image-preview":"max-image-preview:large","max-video-preview":"max-video-preview:-1"},"canonical":"https:\/\/gr-100.com\/pt-pt\/producto\/specialized-turbo-vado-sl-2-5-0-step-through-2026\/","og_locale":"pt_PT","og_type":"article","og_title":"Specialized Turbo Vado SL 2 5.0 Step-Through 2026","og_description":"Nada ofrece m\u00e1s potencia, velocidad y autonom\u00eda con tan poco peso como la Turbo Vado SL 2. Es una m\u00e1quina de alto rendimiento, dise\u00f1ada para que te diviertas en tus entrenos o tus trayectos al trabajo.","og_url":"https:\/\/gr-100.com\/pt-pt\/producto\/specialized-turbo-vado-sl-2-5-0-step-through-2026\/","og_site_name":"Gr-100 Tienda de ciclismo Specialized","article_publisher":"https:\/\/www.facebook.com\/Gr100Bikes","og_image":[{"width":1000,"height":1000,"url":"https:\/\/gr-100.com\/wp-content\/uploads\/2025\/03\/Diseno-sin-titulo-2025-03-26T130502.723.jpg","type":"image\/jpeg"}],"twitter_card":"summary_large_image","twitter_misc":{"Tempo estimado de leitura":"2 minutos"},"schema":{"@context":"https:\/\/schema.org","@graph":[{"@type":"WebPage","@id":"https:\/\/gr-100.com\/pt-pt\/producto\/specialized-turbo-vado-sl-2-5-0-step-through-2026\/","url":"https:\/\/gr-100.com\/pt-pt\/producto\/specialized-turbo-vado-sl-2-5-0-step-through-2026\/","name":"Specialized Turbo Vado SL 2 5.0 Step-Through 2026 GR-100","isPartOf":{"@id":"https:\/\/gr-100.com\/#website"},"primaryImageOfPage":{"@id":"https:\/\/gr-100.com\/pt-pt\/producto\/specialized-turbo-vado-sl-2-5-0-step-through-2026\/#primaryimage"},"image":{"@id":"https:\/\/gr-100.com\/pt-pt\/producto\/specialized-turbo-vado-sl-2-5-0-step-through-2026\/#primaryimage"},"thumbnailUrl":"https:\/\/gr-100.com\/wp-content\/uploads\/2025\/03\/Diseno-sin-titulo-2025-03-26T130502.723.jpg","datePublished":"2025-03-26T11:03:08+00:00","description":"Nada ofrece m\u00e1s potencia, velocidad y autonom\u00eda con tan poco peso como la Turbo Vado SL 2. Es una m\u00e1quina de alto rendimiento, dise\u00f1ada para que te diviertas en tus entrenos o tus trayectos al trabajo.","breadcrumb":{"@id":"https:\/\/gr-100.com\/pt-pt\/producto\/specialized-turbo-vado-sl-2-5-0-step-through-2026\/#breadcrumb"},"inLanguage":"pt-PT","potentialAction":[{"@type":"ReadAction","target":["https:\/\/gr-100.com\/pt-pt\/producto\/specialized-turbo-vado-sl-2-5-0-step-through-2026\/"]}]},{"@type":"ImageObject","inLanguage":"pt-PT","@id":"https:\/\/gr-100.com\/pt-pt\/producto\/specialized-turbo-vado-sl-2-5-0-step-through-2026\/#primaryimage","url":"https:\/\/gr-100.com\/wp-content\/uploads\/2025\/03\/Diseno-sin-titulo-2025-03-26T130502.723.jpg","contentUrl":"https:\/\/gr-100.com\/wp-content\/uploads\/2025\/03\/Diseno-sin-titulo-2025-03-26T130502.723.jpg","width":1000,"height":1000},{"@type":"BreadcrumbList","@id":"https:\/\/gr-100.com\/pt-pt\/producto\/specialized-turbo-vado-sl-2-5-0-step-through-2026\/#breadcrumb","itemListElement":[{"@type":"ListItem","position":1,"name":"Portada","item":"https:\/\/gr-100.com\/en\/"},{"@type":"ListItem","position":2,"name":"Productos","item":"https:\/\/gr-100.com\/?post_type=product"},{"@type":"ListItem","position":3,"name":"Specialized Turbo Vado SL 2 5.0 Step-Through 2026"}]},{"@type":"WebSite","@id":"https:\/\/gr-100.com\/#website","url":"https:\/\/gr-100.com\/","name":"Gr-100 Tienda de ciclismo Specialized","description":"GR-100 tenemos todas las gamas de bicicletas Specialized al mejor precio.","publisher":{"@id":"https:\/\/gr-100.com\/#organization"},"alternateName":"Gr-100 Bikes","potentialAction":[{"@type":"SearchAction","target":{"@type":"EntryPoint","urlTemplate":"https:\/\/gr-100.com\/?s={search_term_string}"},"query-input":{"@type":"PropertyValueSpecification","valueRequired":true,"valueName":"search_term_string"}}],"inLanguage":"pt-PT"},{"@type":"Organization","@id":"https:\/\/gr-100.com\/#organization","name":"Gr-100","url":"https:\/\/gr-100.com\/","logo":{"@type":"ImageObject","inLanguage":"pt-PT","@id":"https:\/\/gr-100.com\/#\/schema\/logo\/image\/","url":"https:\/\/gr-100.com\/wp-content\/uploads\/2023\/08\/logo-gr-100-bikes.png","contentUrl":"https:\/\/gr-100.com\/wp-content\/uploads\/2023\/08\/logo-gr-100-bikes.png","width":707,"height":284,"caption":"Gr-100"},"image":{"@id":"https:\/\/gr-100.com\/#\/schema\/logo\/image\/"},"sameAs":["https:\/\/www.facebook.com\/Gr100Bikes","https:\/\/www.instagram.com\/gr100bikes\/","https:\/\/www.tiktok.com\/@gr100bikes","https:\/\/twitter.com\/gr100mtbteam","https:\/\/www.youtube.com\/c\/GR100Specialized"]}]}},"_links":{"self":[{"href":"https:\/\/gr-100.com\/pt-pt\/wp-json\/wp\/v2\/product\/428992","targetHints":{"allow":["GET"]}}],"collection":[{"href":"https:\/\/gr-100.com\/pt-pt\/wp-json\/wp\/v2\/product"}],"about":[{"href":"https:\/\/gr-100.com\/pt-pt\/wp-json\/wp\/v2\/types\/product"}],"replies":[{"embeddable":true,"href":"https:\/\/gr-100.com\/pt-pt\/wp-json\/wp\/v2\/comments?post=428992"}],"wp:featuredmedia":[{"embeddable":true,"href":"https:\/\/gr-100.com\/pt-pt\/wp-json\/wp\/v2\/media\/404511"}],"wp:attachment":[{"href":"https:\/\/gr-100.com\/pt-pt\/wp-json\/wp\/v2\/media?parent=428992"}],"wp:term":[{"taxonomy":"product_brand","embeddable":true,"href":"https:\/\/gr-100.com\/pt-pt\/wp-json\/wp\/v2\/product_brand?post=428992"},{"taxonomy":"product_cat","embeddable":true,"href":"https:\/\/gr-100.com\/pt-pt\/wp-json\/wp\/v2\/product_cat?post=428992"},{"taxonomy":"product_tag","embeddable":true,"href":"https:\/\/gr-100.com\/pt-pt\/wp-json\/wp\/v2\/product_tag?post=428992"}],"curies":[{"name":"wp","href":"https:\/\/api.w.org\/{rel}","templated":true}]}}