{"id":429102,"date":"2024-10-22T11:08:46","date_gmt":"2024-10-22T10:08:46","guid":{"rendered":"https:\/\/gr-100.com\/producto\/specialized-s-works-torch-lace-2024\/"},"modified":"2024-10-22T11:08:46","modified_gmt":"2024-10-22T09:08:46","slug":"specialized-s-works-torch-lace-2024","status":"publish","type":"product","link":"https:\/\/gr-100.com\/pt-pt\/producto\/specialized-s-works-torch-lace-2024\/","title":{"rendered":"Specialized S-Works Torch Lace 2024"},"content":{"rendered":"<p>Como cada zapatilla que fabricamos, las S-Works Torch Lace incorporan la tecnologia Body Geometry &#8211; identificar un problema, resolverlo con el dise\u00f1o, validarlo con la ciencia &#8211; para mejorar la comodidad, aumentar el rendimiento y reducir la posibilidad de lesiones para cada ciclista.<br \/>\nComodidad: Las S-Works Torch Lace utilizan nuestra nueva horma 4 mm m\u00e1s ancha que la S-Works 7, basada en exhaustivos escaneados 3D del pie y datos de Ret\u00fcl. La parte superior presenta capas zonales reasignadas. Se mantiene incre\u00edblemente flexible para adaptarse a diferentes formas de pie, pero no cede ni se estira durante rutas largas para garantizar un ajuste seguro y consistente. El tal\u00f3n asim\u00e9trico reduce los puntos de contacto con el tobillo y proporciona una estabilidad de rodilla validada por nuestro equipo de Rendimiento Humano.<br \/>\nEficiencia: Cada zapatilla Body Geometry optimiza la alineaci\u00f3n del tobillo, la rodilla y la cadera para una carrera estable y pedaleable con nuestra cu\u00f1a de \u00e1ngulo Varo patentada, una inclinaci\u00f3n de 1,5 mm hacia el exterior de la suela. Gracias a la ligereza de los cordones y al cuidado de cada gramo, desde la suela exterior de carbono hasta el material superior, las S-Works Torch Lace pesan 200 gramos en la talla 42. Con un &#8216;I-Beam&#8217; interno, la suela de carbono proporciona la relaci\u00f3n rigidez-peso ideal para grandes esfuerzos sin a\u00f1adir exceso de gramos, optimizada trabajando con los mejores ciclistas del mundo.<br \/>\nEstilo: El estilo no se negocia, y aquellos que vean las S-Works Torch Lace podr\u00e1n admirarlas siempre que puedan manterse en tu rueda. Con l\u00edneas cl\u00e1sicas y colores sobrios, las S-Works Torch Lace son perfectas tanto si persigues las l\u00edneas de meta como las cimas de las monta\u00f1as antes de la puesta de sol.      <\/p>\n<ul>\n<li>Nuevas caracter\u00edsticas en el tejido superior que incluyen un refuerzo en zonas espec\u00edficas que tambi\u00e9n ofrece zonas m\u00e1s adaptables para aumentar la comodidad y el ajuste.<\/li>\n<li>Basado en datos recogidos de escaneos de Retul, la base de la planta del pie es 4mm m\u00e1s ancha a la altura de los dedos que la anterior generaci\u00f3n.<\/li>\n<li>Al optimizar su construcci\u00f3n, la nueva placa de carbono es 20 gramos m\u00e1s ligera que la de las S-Works 7. Una viga inerna a la que llamamos &#8220;I-Beam&#8221; se asegura de mantener la misma rigidez que la edici\u00f3n anterior. <\/li>\n<li>Una horma actualizada gracias a los datos recogidos con Ret\u00fcl para adaptarse mejor a la forma de los pies de los ciclistas, inclin\u00e1ndose m\u00e1s hacia el lateral para ofrecer un ajuste ce\u00f1ido y ce\u00f1ido al pie.<\/li>\n<li>Tal\u00f3n asim\u00e9trico para mejor apoyo del tobillo.<\/li>\n<li>Ajuste de cordones permite un ajuste perfecto para cada pie.<\/li>\n<li>Soporte para la placa de titanio permite que las calas roten y se muevan hasta 5mm. Ajuste de tres tornillos que sirve para la mayor\u00eda de calas de carretera. <\/li>\n<li>Tac\u00f3n intercambiable anti-deslizante con ajuste con tornillos internos.<\/li>\n<li>Peso aproximado: 200g (por zapatilla en talla 42)<\/li>\n<\/ul>\n","protected":false},"excerpt":{"rendered":"<p>S-Works Torch Lace ofrecen el estilo atemporal y refinado de una zapatilla de cordones con un nivel de eficiencia, ligereza y comodidad sin precedentes gracias a nuestra tecnolog\u00eda Body Geometry. Todo ello da como resultado una zapatilla que desaparece en tu pie, pero que pide ser vista. <\/p>\n","protected":false},"featured_media":393661,"comment_status":"closed","ping_status":"closed","template":"","meta":{"_acf_changed":false,"_et_pb_use_builder":"","_et_pb_old_content":"","_et_gb_content_width":"","inline_featured_image":false},"product_brand":[],"product_cat":[361,371,2953],"product_tag":[],"class_list":{"0":"post-429102","1":"product","2":"type-product","3":"status-publish","4":"has-post-thumbnail","6":"product_cat-acessorios","7":"product_cat-sapatilhas","8":"product_cat-super-ofertas-pt-pt","9":"product_shipping_class-acessorios","11":"first","12":"instock","13":"taxable","14":"shipping-taxable","15":"purchasable","16":"product-type-variable","17":"wvs-archive-product-wrapper"},"acf":[],"yoast_head":"<!-- This site is optimized with the Yoast SEO Premium plugin v26.7 (Yoast SEO v26.7) - https:\/\/yoast.com\/wordpress\/plugins\/seo\/ -->\n<title>Specialized S-Works Torch Lace 2024 GR-100 Bicicletas<\/title>\n<meta name=\"description\" content=\"Tecnologia Body Geometry - mejora la comodidad, aumenta el rendimiento y reduce la posibilidad de lesiones para cada ciclista.\" \/>\n<meta name=\"robots\" content=\"index, follow, max-snippet:-1, max-image-preview:large, max-video-preview:-1\" \/>\n<link rel=\"canonical\" href=\"https:\/\/gr-100.com\/pt-pt\/producto\/specialized-s-works-torch-lace-2024\/\" \/>\n<meta property=\"og:locale\" content=\"pt_PT\" \/>\n<meta property=\"og:type\" content=\"article\" \/>\n<meta property=\"og:title\" content=\"Specialized S-Works Torch Lace 2024\" \/>\n<meta property=\"og:description\" content=\"Tecnologia Body Geometry - mejora la comodidad, aumenta el rendimiento y reduce la posibilidad de lesiones para cada ciclista.\" \/>\n<meta property=\"og:url\" content=\"https:\/\/gr-100.com\/pt-pt\/producto\/specialized-s-works-torch-lace-2024\/\" \/>\n<meta property=\"og:site_name\" content=\"Gr-100 Tienda de ciclismo Specialized\" \/>\n<meta property=\"article:publisher\" content=\"https:\/\/www.facebook.com\/Gr100Bikes\" \/>\n<meta property=\"og:image\" content=\"https:\/\/gr-100.com\/wp-content\/uploads\/2024\/10\/S-Works-Torch-Lace-2024-3.jpg\" \/>\n\t<meta property=\"og:image:width\" content=\"1000\" \/>\n\t<meta property=\"og:image:height\" content=\"1000\" \/>\n\t<meta property=\"og:image:type\" content=\"image\/jpeg\" \/>\n<meta name=\"twitter:card\" content=\"summary_large_image\" \/>\n<meta name=\"twitter:label1\" content=\"Tempo estimado de leitura\" \/>\n\t<meta name=\"twitter:data1\" content=\"3 minutos\" \/>\n<script type=\"application\/ld+json\" class=\"yoast-schema-graph\">{\"@context\":\"https:\/\/schema.org\",\"@graph\":[{\"@type\":\"WebPage\",\"@id\":\"https:\/\/gr-100.com\/pt-pt\/producto\/specialized-s-works-torch-lace-2024\/\",\"url\":\"https:\/\/gr-100.com\/pt-pt\/producto\/specialized-s-works-torch-lace-2024\/\",\"name\":\"Specialized S-Works Torch Lace 2024 GR-100 Bicicletas\",\"isPartOf\":{\"@id\":\"https:\/\/gr-100.com\/#website\"},\"primaryImageOfPage\":{\"@id\":\"https:\/\/gr-100.com\/pt-pt\/producto\/specialized-s-works-torch-lace-2024\/#primaryimage\"},\"image\":{\"@id\":\"https:\/\/gr-100.com\/pt-pt\/producto\/specialized-s-works-torch-lace-2024\/#primaryimage\"},\"thumbnailUrl\":\"https:\/\/gr-100.com\/wp-content\/uploads\/2024\/10\/S-Works-Torch-Lace-2024-3.jpg\",\"datePublished\":\"2024-10-22T10:08:46+00:00\",\"description\":\"Tecnologia Body Geometry - mejora la comodidad, aumenta el rendimiento y reduce la posibilidad de lesiones para cada ciclista.\",\"breadcrumb\":{\"@id\":\"https:\/\/gr-100.com\/pt-pt\/producto\/specialized-s-works-torch-lace-2024\/#breadcrumb\"},\"inLanguage\":\"pt-PT\",\"potentialAction\":[{\"@type\":\"ReadAction\",\"target\":[\"https:\/\/gr-100.com\/pt-pt\/producto\/specialized-s-works-torch-lace-2024\/\"]}]},{\"@type\":\"ImageObject\",\"inLanguage\":\"pt-PT\",\"@id\":\"https:\/\/gr-100.com\/pt-pt\/producto\/specialized-s-works-torch-lace-2024\/#primaryimage\",\"url\":\"https:\/\/gr-100.com\/wp-content\/uploads\/2024\/10\/S-Works-Torch-Lace-2024-3.jpg\",\"contentUrl\":\"https:\/\/gr-100.com\/wp-content\/uploads\/2024\/10\/S-Works-Torch-Lace-2024-3.jpg\",\"width\":1000,\"height\":1000},{\"@type\":\"BreadcrumbList\",\"@id\":\"https:\/\/gr-100.com\/pt-pt\/producto\/specialized-s-works-torch-lace-2024\/#breadcrumb\",\"itemListElement\":[{\"@type\":\"ListItem\",\"position\":1,\"name\":\"Portada\",\"item\":\"https:\/\/gr-100.com\/en\/\"},{\"@type\":\"ListItem\",\"position\":2,\"name\":\"Productos\",\"item\":\"https:\/\/gr-100.com\/?post_type=product\"},{\"@type\":\"ListItem\",\"position\":3,\"name\":\"Specialized S-Works Torch Lace 2024\"}]},{\"@type\":\"WebSite\",\"@id\":\"https:\/\/gr-100.com\/#website\",\"url\":\"https:\/\/gr-100.com\/\",\"name\":\"Gr-100 Tienda de ciclismo Specialized\",\"description\":\"GR-100 tenemos todas las gamas de bicicletas Specialized al mejor precio.\",\"publisher\":{\"@id\":\"https:\/\/gr-100.com\/#organization\"},\"alternateName\":\"Gr-100 Bikes\",\"potentialAction\":[{\"@type\":\"SearchAction\",\"target\":{\"@type\":\"EntryPoint\",\"urlTemplate\":\"https:\/\/gr-100.com\/?s={search_term_string}\"},\"query-input\":{\"@type\":\"PropertyValueSpecification\",\"valueRequired\":true,\"valueName\":\"search_term_string\"}}],\"inLanguage\":\"pt-PT\"},{\"@type\":\"Organization\",\"@id\":\"https:\/\/gr-100.com\/#organization\",\"name\":\"Gr-100\",\"url\":\"https:\/\/gr-100.com\/\",\"logo\":{\"@type\":\"ImageObject\",\"inLanguage\":\"pt-PT\",\"@id\":\"https:\/\/gr-100.com\/#\/schema\/logo\/image\/\",\"url\":\"https:\/\/gr-100.com\/wp-content\/uploads\/2023\/08\/logo-gr-100-bikes.png\",\"contentUrl\":\"https:\/\/gr-100.com\/wp-content\/uploads\/2023\/08\/logo-gr-100-bikes.png\",\"width\":707,\"height\":284,\"caption\":\"Gr-100\"},\"image\":{\"@id\":\"https:\/\/gr-100.com\/#\/schema\/logo\/image\/\"},\"sameAs\":[\"https:\/\/www.facebook.com\/Gr100Bikes\",\"https:\/\/www.instagram.com\/gr100bikes\/\",\"https:\/\/www.tiktok.com\/@gr100bikes\",\"https:\/\/twitter.com\/gr100mtbteam\",\"https:\/\/www.youtube.com\/c\/GR100Specialized\"]}]}<\/script>\n<!-- \/ Yoast SEO Premium plugin. -->","yoast_head_json":{"title":"Specialized S-Works Torch Lace 2024 GR-100 Bicicletas","description":"Tecnologia Body Geometry - mejora la comodidad, aumenta el rendimiento y reduce la posibilidad de lesiones para cada ciclista.","robots":{"index":"index","follow":"follow","max-snippet":"max-snippet:-1","max-image-preview":"max-image-preview:large","max-video-preview":"max-video-preview:-1"},"canonical":"https:\/\/gr-100.com\/pt-pt\/producto\/specialized-s-works-torch-lace-2024\/","og_locale":"pt_PT","og_type":"article","og_title":"Specialized S-Works Torch Lace 2024","og_description":"Tecnologia Body Geometry - mejora la comodidad, aumenta el rendimiento y reduce la posibilidad de lesiones para cada ciclista.","og_url":"https:\/\/gr-100.com\/pt-pt\/producto\/specialized-s-works-torch-lace-2024\/","og_site_name":"Gr-100 Tienda de ciclismo Specialized","article_publisher":"https:\/\/www.facebook.com\/Gr100Bikes","og_image":[{"width":1000,"height":1000,"url":"https:\/\/gr-100.com\/wp-content\/uploads\/2024\/10\/S-Works-Torch-Lace-2024-3.jpg","type":"image\/jpeg"}],"twitter_card":"summary_large_image","twitter_misc":{"Tempo estimado de leitura":"3 minutos"},"schema":{"@context":"https:\/\/schema.org","@graph":[{"@type":"WebPage","@id":"https:\/\/gr-100.com\/pt-pt\/producto\/specialized-s-works-torch-lace-2024\/","url":"https:\/\/gr-100.com\/pt-pt\/producto\/specialized-s-works-torch-lace-2024\/","name":"Specialized S-Works Torch Lace 2024 GR-100 Bicicletas","isPartOf":{"@id":"https:\/\/gr-100.com\/#website"},"primaryImageOfPage":{"@id":"https:\/\/gr-100.com\/pt-pt\/producto\/specialized-s-works-torch-lace-2024\/#primaryimage"},"image":{"@id":"https:\/\/gr-100.com\/pt-pt\/producto\/specialized-s-works-torch-lace-2024\/#primaryimage"},"thumbnailUrl":"https:\/\/gr-100.com\/wp-content\/uploads\/2024\/10\/S-Works-Torch-Lace-2024-3.jpg","datePublished":"2024-10-22T10:08:46+00:00","description":"Tecnologia Body Geometry - mejora la comodidad, aumenta el rendimiento y reduce la posibilidad de lesiones para cada ciclista.","breadcrumb":{"@id":"https:\/\/gr-100.com\/pt-pt\/producto\/specialized-s-works-torch-lace-2024\/#breadcrumb"},"inLanguage":"pt-PT","potentialAction":[{"@type":"ReadAction","target":["https:\/\/gr-100.com\/pt-pt\/producto\/specialized-s-works-torch-lace-2024\/"]}]},{"@type":"ImageObject","inLanguage":"pt-PT","@id":"https:\/\/gr-100.com\/pt-pt\/producto\/specialized-s-works-torch-lace-2024\/#primaryimage","url":"https:\/\/gr-100.com\/wp-content\/uploads\/2024\/10\/S-Works-Torch-Lace-2024-3.jpg","contentUrl":"https:\/\/gr-100.com\/wp-content\/uploads\/2024\/10\/S-Works-Torch-Lace-2024-3.jpg","width":1000,"height":1000},{"@type":"BreadcrumbList","@id":"https:\/\/gr-100.com\/pt-pt\/producto\/specialized-s-works-torch-lace-2024\/#breadcrumb","itemListElement":[{"@type":"ListItem","position":1,"name":"Portada","item":"https:\/\/gr-100.com\/en\/"},{"@type":"ListItem","position":2,"name":"Productos","item":"https:\/\/gr-100.com\/?post_type=product"},{"@type":"ListItem","position":3,"name":"Specialized S-Works Torch Lace 2024"}]},{"@type":"WebSite","@id":"https:\/\/gr-100.com\/#website","url":"https:\/\/gr-100.com\/","name":"Gr-100 Tienda de ciclismo Specialized","description":"GR-100 tenemos todas las gamas de bicicletas Specialized al mejor precio.","publisher":{"@id":"https:\/\/gr-100.com\/#organization"},"alternateName":"Gr-100 Bikes","potentialAction":[{"@type":"SearchAction","target":{"@type":"EntryPoint","urlTemplate":"https:\/\/gr-100.com\/?s={search_term_string}"},"query-input":{"@type":"PropertyValueSpecification","valueRequired":true,"valueName":"search_term_string"}}],"inLanguage":"pt-PT"},{"@type":"Organization","@id":"https:\/\/gr-100.com\/#organization","name":"Gr-100","url":"https:\/\/gr-100.com\/","logo":{"@type":"ImageObject","inLanguage":"pt-PT","@id":"https:\/\/gr-100.com\/#\/schema\/logo\/image\/","url":"https:\/\/gr-100.com\/wp-content\/uploads\/2023\/08\/logo-gr-100-bikes.png","contentUrl":"https:\/\/gr-100.com\/wp-content\/uploads\/2023\/08\/logo-gr-100-bikes.png","width":707,"height":284,"caption":"Gr-100"},"image":{"@id":"https:\/\/gr-100.com\/#\/schema\/logo\/image\/"},"sameAs":["https:\/\/www.facebook.com\/Gr100Bikes","https:\/\/www.instagram.com\/gr100bikes\/","https:\/\/www.tiktok.com\/@gr100bikes","https:\/\/twitter.com\/gr100mtbteam","https:\/\/www.youtube.com\/c\/GR100Specialized"]}]}},"_links":{"self":[{"href":"https:\/\/gr-100.com\/pt-pt\/wp-json\/wp\/v2\/product\/429102","targetHints":{"allow":["GET"]}}],"collection":[{"href":"https:\/\/gr-100.com\/pt-pt\/wp-json\/wp\/v2\/product"}],"about":[{"href":"https:\/\/gr-100.com\/pt-pt\/wp-json\/wp\/v2\/types\/product"}],"replies":[{"embeddable":true,"href":"https:\/\/gr-100.com\/pt-pt\/wp-json\/wp\/v2\/comments?post=429102"}],"wp:featuredmedia":[{"embeddable":true,"href":"https:\/\/gr-100.com\/pt-pt\/wp-json\/wp\/v2\/media\/393661"}],"wp:attachment":[{"href":"https:\/\/gr-100.com\/pt-pt\/wp-json\/wp\/v2\/media?parent=429102"}],"wp:term":[{"taxonomy":"product_brand","embeddable":true,"href":"https:\/\/gr-100.com\/pt-pt\/wp-json\/wp\/v2\/product_brand?post=429102"},{"taxonomy":"product_cat","embeddable":true,"href":"https:\/\/gr-100.com\/pt-pt\/wp-json\/wp\/v2\/product_cat?post=429102"},{"taxonomy":"product_tag","embeddable":true,"href":"https:\/\/gr-100.com\/pt-pt\/wp-json\/wp\/v2\/product_tag?post=429102"}],"curies":[{"name":"wp","href":"https:\/\/api.w.org\/{rel}","templated":true}]}}