{"id":429154,"date":"2024-10-16T11:59:30","date_gmt":"2024-10-16T10:59:30","guid":{"rendered":"https:\/\/gr-100.com\/producto\/specialized-vado-5-0-nb-2025\/"},"modified":"2024-10-16T11:59:30","modified_gmt":"2024-10-16T09:59:30","slug":"specialized-vado-5-0-nb-2025","status":"publish","type":"product","link":"https:\/\/gr-100.com\/pt-pt\/producto\/specialized-vado-5-0-nb-2025\/","title":{"rendered":"Specialized Vado 5.0 NB 2025"},"content":{"rendered":"<p>El motor Turbo Full Power 2.2 y la bater\u00eda de 710 Wh ofrecen una experiencia de conducci\u00f3n incomparable, brindando una amplificaci\u00f3n suave, fluida y sorprendentemente silenciosa de tus esfuerzos, hasta 28 mph. El controlador integrado responde a las entradas de tu pedal, lo que da como resultado una amplificaci\u00f3n intuitiva de tus esfuerzos con una sensaci\u00f3n incre\u00edblemente natural.<br \/>\n<strong>MasterMind y aplicaci\u00f3n Specialized:<\/strong> la pantalla MasterMind revela toda la informaci\u00f3n relevante sobre su viaje y permite ajustar los niveles de soporte en tiempo real. MasterMind se integra perfectamente con la aplicaci\u00f3n Specialized para herramientas de optimizaci\u00f3n de alcance, ajuste avanzado, diagn\u00f3stico durante el viaje y m\u00e1s.<br \/>\n<strong>Eficiencia suave comprobada:<\/strong> dise\u00f1amos un mecanismo de prueba personalizado para analizar golpes incluso en la frecuencia m\u00e1s peque\u00f1a para aumentar la comodidad y la visi\u00f3n. Esa precisi\u00f3n, combinada con una tija de sill\u00edn suspendida, neum\u00e1ticos de mayor volumen y una horquilla de suspensi\u00f3n de 80 mm, allanar\u00e1 las carreteras ante tus ojos.<br \/>\nBloqueo del sistema Turbo: use la aplicaci\u00f3n Specialized para desactivar el motor de su bicicleta y activar la alarma del sensor de movimiento. Una vez bloqueado, el motor no puede volver a habilitarse excepto por el propietario.<br \/>\n<strong>Radar Garmin:<\/strong> un sensor de radar Garmin integrado te permite saber cu\u00e1ndo hay tr\u00e1fico detr\u00e1s de ti. La tecnolog\u00eda Radar de Garmin puede detectar coches a una distancia de hasta 140 metros. MasterMind brindar\u00e1 a los pasajeros una alerta visual, audible y t\u00e1ctil de la distancia relativa y la velocidad de un veh\u00edculo que se aproxima.<br \/>\nBater\u00eda del tubo diagonal totalmente integrada, extra\u00edble y bloqueable: f\u00e1cil de cargar y f\u00e1cil de asegurar.<br \/>\nEquipado con guardabarros DRYTECH, luces LED delanteras y traseras y portaequipajes HD trasero con capacidad de 27 kg. El portaequipajes trasero es compatible con asientos de bicicleta para ni\u00f1os y la bicicleta tambi\u00e9n est\u00e1 clasificada para arrastrar un remolque de eje pasante.<br \/>\nLargo alcance: con un alcance para viajar a cualquier lugar, recorra hasta 75 millas (120 km) o 5,5 horas con una sola carga (modo ecol\u00f3gico).   <\/p>\n<p>ESPECIFICA\u00c7\u00d5ES<\/p>\n<ul>\n<li>E-bike<\/li>\n<li>Specialized de 2.2<br \/>\n, torque de 90Nm, motor ajustado personalizado, classifica\u00e7\u00e3o de 250W<\/li>\n<li>UI \/ REMOTE<br \/>\nMasterMind TCD, w \/ guid\u00e3o remoto, built-in recurso antirroubo, conectividade Bluetooth\u00ae, p\u00e1ginas de exibi\u00e7\u00e3o personaliz\u00e1veis<\/li>\n<li>Specialized<br \/>\n especializada U2-710, inv\u00f3lucro de liga, display de estado de carga, 710Wh<\/li>\n<li>CARGADOR<br \/>\nCustom charger, 42V4A w\/ Rosenberger plug, 100-240V<br \/>\nCuadro<\/li>\n<li>Alum\u00ednio E5 FRAME<br \/>\n, suporte inferior do motor, bateria downtube totalmente integrada e bloque\u00e1vel, roteamento de cabos internos, bloqueio e montagem em rack frontal, desist\u00eancia deslizante<\/li>\n<li>ABRA\u00c7O. SILL\u00cdN<br \/>\nSpecialized Alloy 34.9, Steel Bolt<\/li>\n<li>Rockshox Recon Silver RL FORK,<br \/>\n curso de 80mm, controle de movimento, suportes para para-lamas<\/li>\n<li>Freio dianteiro de 4 pist\u00f5es Shimano, CUES, BL-U8000, Br-U8020, Sm-Ma-F180P\/P2Shimano\n<\/li>\n<li>FREIO TRASEIRO<br \/>\nShimano 4 pist\u00f5es, CUES, BL-U8000, Br-U8020<\/li>\n<li>CAMBIO<br \/>\nShimano, RD-U8000, CUES, Gs 11-Speed, Top Normal, Shadow Plus Design, Direct Attachment<\/li>\n<li>MANDOS DE CAMBIO<br \/>\nShimano, SL-U8000-11IR, CUES, Right, 11-Speed Rapidfire, W\/O Optical Gear Display, I-Spec Ii<\/li>\n<li>CASETE<br \/>\nShimano, CS-LG400-11, CUES, 11-Speed, 11-50T<\/li>\n<li>CADENA<br \/>\nShimano LG500<\/li>\n<li>Manivelas forjadas de liga personalizada SUPORTE INFERIOR,<br \/>\n 170mm<\/li>\n<li>PLATOS<br \/>\n48T<\/li>\n<li>Protetor de corrente de cobertura de corrente<br \/>\npersonalizado<\/li>\n<li>RIMS<br \/>\n650b disco, liga de parede dupla, fixado, 32h<\/li>\n<li>CUBO DIANTEIRO<br \/>\n Disco de cubo dianteiroSpecialized rolamentos de mingau selados, 6 parafusos, eixo thru de 15x110mm, 32h<\/li>\n<li>CUBO TRASEIRO<br \/>\nSpecialized , rolamentos de cardridge selados, 6-parafuso, 12X148mm Thru-Axle, 32H, Hd Steel Fhb<\/li>\n<li>DT Ind\u00fastria Su\u00ed\u00e7a R\u00c1DIOS\n<\/li>\n<li>PNEU.<br \/>\nDesbravador Sport Reflect, 650Bx2.3<\/li>\n<li>Pneu traseiro Pathfinder Sport Reflect,<br \/>\n650Bx2.3<\/li>\n<li>C\u00c2MARAS<br \/>\nStandard 40mm SV 650Bx1.75-2.4<\/li>\n<li>Conjunto de fluxoSpecialized STEM<br \/>\n, liga forjada em 3D, eleva\u00e7\u00e3o de 20 graus, bra\u00e7adeira de 31,8 mm<\/li>\n<li>GUID\u00c3O<br \/>\nSpecialized, liga, varredura traseira de 15 graus, eleva\u00e7\u00e3o de 46 mm, 31,8 mm<\/li>\n<li>ERGON GRIPS, GA30-S personalizado,<br \/>\n comprimento de 134,8 mm<\/li>\n<li>Ponte Sport Sela<br \/>\n, Trilhos de a\u00e7o, 155mm<\/li>\n<li>SEATPOST<br \/>\nCane Creek, Thudbuster St 30,9 mil\u00edmetros<\/li>\n<li>Specialized para Passageiros c\/ fita<br \/>\n adesiva e refletores<\/li>\n<li>Radar Garmin Integrado por Radar<br \/>\n, com informa\u00e7\u00f5es personalizadas exibidas diretamente no Mastermind TCD<\/li>\n<li>LEZYNE Power StVZO E500+ LUZ FRONTAL<br \/>\n, 500 Lumens<\/li>\n<li>LUZ TRASEIRA<br \/>\nSpanninga, Stvzo, Commuter Glow With Brake XEr<\/li>\n<li>KICKSTAND Kickstand<br \/>\nSpecialized , montagem de 40mm<\/li>\n<li>Specialized,<br \/>\n interface MIK HD, suportes pannier integrados, carga m\u00e1xima de 27 kg<\/li>\n<li>Para-lamasSpecialized, largura de<br \/>\n65mm, para-lamas de alum\u00ednio<\/li>\n<li>Bloqueio do sistema turbo PADLOCK\n<\/li>\n<li>\nSpecialized de lat\u00e3o especializado<\/li>\n<\/ul>\n","protected":false},"excerpt":{"rendered":"<p>Specialized Vado tiene todo lo que necesitas para el transporte con el mejor rendimiento. Aporta una naturaleza equilibrada a la forma en que se maneja y niveles superiores de comodidad. <\/p>\n","protected":false},"featured_media":393138,"comment_status":"open","ping_status":"closed","template":"","meta":{"_acf_changed":false,"_et_pb_use_builder":"","_et_pb_old_content":"","_et_gb_content_width":"","inline_featured_image":false},"product_brand":[],"product_cat":[4353,5284,391,5280,5282,5260,5283,5281,403],"product_tag":[],"class_list":{"0":"post-429154","1":"product","2":"type-product","3":"status-publish","4":"has-post-thumbnail","6":"product_cat-liquidacion-specialized","7":"product_cat-bicicletas-urbanas-pt-pt","8":"product_cat-eletricas","9":"product_cat-bicicletas-electricas-aluminio-pt-pt","10":"product_cat-bicicletas-electricas-paseo-pt-pt","11":"product_cat-bicicletas-electricas-specialized-pt-pt","12":"product_cat-bicicletas-electricas-trekking-pt-pt","13":"product_cat-bicicletas-electricas-urbanas-pt-pt","14":"product_cat-outlet-pt-pt","15":"product_shipping_class-bicicletas-pt-pt","17":"first","18":"instock","19":"sale","20":"taxable","21":"shipping-taxable","22":"purchasable","23":"product-type-variable","24":"wvs-archive-product-wrapper"},"acf":[],"yoast_head":"<!-- This site is optimized with the Yoast SEO Premium plugin v26.7 (Yoast SEO v26.7) - https:\/\/yoast.com\/wordpress\/plugins\/seo\/ -->\n<title>Specialized Vado 5.0 NB 2025 GR-100<\/title>\n<meta name=\"description\" content=\"Tiene todo lo que necesitas para el transporte el\u00e9ctrico. Aporta una naturaleza equilibrada a la forma en que se maneja y niveles superiores de comodidad.\" \/>\n<meta name=\"robots\" content=\"index, follow, max-snippet:-1, max-image-preview:large, max-video-preview:-1\" \/>\n<link rel=\"canonical\" href=\"https:\/\/gr-100.com\/pt-pt\/producto\/specialized-vado-5-0-nb-2025\/\" \/>\n<meta property=\"og:locale\" content=\"pt_PT\" \/>\n<meta property=\"og:type\" content=\"article\" \/>\n<meta property=\"og:title\" content=\"Specialized Vado 5.0 NB 2025\" \/>\n<meta property=\"og:description\" content=\"Tiene todo lo que necesitas para el transporte el\u00e9ctrico. Aporta una naturaleza equilibrada a la forma en que se maneja y niveles superiores de comodidad.\" \/>\n<meta property=\"og:url\" content=\"https:\/\/gr-100.com\/pt-pt\/producto\/specialized-vado-5-0-nb-2025\/\" \/>\n<meta property=\"og:site_name\" content=\"Gr-100 Tienda de ciclismo Specialized\" \/>\n<meta property=\"article:publisher\" content=\"https:\/\/www.facebook.com\/Gr100Bikes\" \/>\n<meta property=\"og:image\" content=\"https:\/\/gr-100.com\/wp-content\/uploads\/2024\/10\/Vado-5.0-NB-2025-1.jpg\" \/>\n\t<meta property=\"og:image:width\" content=\"1000\" \/>\n\t<meta property=\"og:image:height\" content=\"1000\" \/>\n\t<meta property=\"og:image:type\" content=\"image\/jpeg\" \/>\n<meta name=\"twitter:card\" content=\"summary_large_image\" \/>\n<meta name=\"twitter:label1\" content=\"Tempo estimado de leitura\" \/>\n\t<meta name=\"twitter:data1\" content=\"4 minutos\" \/>\n<script type=\"application\/ld+json\" class=\"yoast-schema-graph\">{\"@context\":\"https:\/\/schema.org\",\"@graph\":[{\"@type\":\"WebPage\",\"@id\":\"https:\/\/gr-100.com\/pt-pt\/producto\/specialized-vado-5-0-nb-2025\/\",\"url\":\"https:\/\/gr-100.com\/pt-pt\/producto\/specialized-vado-5-0-nb-2025\/\",\"name\":\"Specialized Vado 5.0 NB 2025 GR-100\",\"isPartOf\":{\"@id\":\"https:\/\/gr-100.com\/#website\"},\"primaryImageOfPage\":{\"@id\":\"https:\/\/gr-100.com\/pt-pt\/producto\/specialized-vado-5-0-nb-2025\/#primaryimage\"},\"image\":{\"@id\":\"https:\/\/gr-100.com\/pt-pt\/producto\/specialized-vado-5-0-nb-2025\/#primaryimage\"},\"thumbnailUrl\":\"https:\/\/gr-100.com\/wp-content\/uploads\/2024\/10\/Vado-5.0-NB-2025-1.jpg\",\"datePublished\":\"2024-10-16T10:59:30+00:00\",\"description\":\"Tiene todo lo que necesitas para el transporte el\u00e9ctrico. Aporta una naturaleza equilibrada a la forma en que se maneja y niveles superiores de comodidad.\",\"breadcrumb\":{\"@id\":\"https:\/\/gr-100.com\/pt-pt\/producto\/specialized-vado-5-0-nb-2025\/#breadcrumb\"},\"inLanguage\":\"pt-PT\",\"potentialAction\":[{\"@type\":\"ReadAction\",\"target\":[\"https:\/\/gr-100.com\/pt-pt\/producto\/specialized-vado-5-0-nb-2025\/\"]}]},{\"@type\":\"ImageObject\",\"inLanguage\":\"pt-PT\",\"@id\":\"https:\/\/gr-100.com\/pt-pt\/producto\/specialized-vado-5-0-nb-2025\/#primaryimage\",\"url\":\"https:\/\/gr-100.com\/wp-content\/uploads\/2024\/10\/Vado-5.0-NB-2025-1.jpg\",\"contentUrl\":\"https:\/\/gr-100.com\/wp-content\/uploads\/2024\/10\/Vado-5.0-NB-2025-1.jpg\",\"width\":1000,\"height\":1000},{\"@type\":\"BreadcrumbList\",\"@id\":\"https:\/\/gr-100.com\/pt-pt\/producto\/specialized-vado-5-0-nb-2025\/#breadcrumb\",\"itemListElement\":[{\"@type\":\"ListItem\",\"position\":1,\"name\":\"Portada\",\"item\":\"https:\/\/gr-100.com\/en\/\"},{\"@type\":\"ListItem\",\"position\":2,\"name\":\"Productos\",\"item\":\"https:\/\/gr-100.com\/?post_type=product\"},{\"@type\":\"ListItem\",\"position\":3,\"name\":\"Specialized Vado 5.0 NB 2025\"}]},{\"@type\":\"WebSite\",\"@id\":\"https:\/\/gr-100.com\/#website\",\"url\":\"https:\/\/gr-100.com\/\",\"name\":\"Gr-100 Tienda de ciclismo Specialized\",\"description\":\"GR-100 tenemos todas las gamas de bicicletas Specialized al mejor precio.\",\"publisher\":{\"@id\":\"https:\/\/gr-100.com\/#organization\"},\"alternateName\":\"Gr-100 Bikes\",\"potentialAction\":[{\"@type\":\"SearchAction\",\"target\":{\"@type\":\"EntryPoint\",\"urlTemplate\":\"https:\/\/gr-100.com\/?s={search_term_string}\"},\"query-input\":{\"@type\":\"PropertyValueSpecification\",\"valueRequired\":true,\"valueName\":\"search_term_string\"}}],\"inLanguage\":\"pt-PT\"},{\"@type\":\"Organization\",\"@id\":\"https:\/\/gr-100.com\/#organization\",\"name\":\"Gr-100\",\"url\":\"https:\/\/gr-100.com\/\",\"logo\":{\"@type\":\"ImageObject\",\"inLanguage\":\"pt-PT\",\"@id\":\"https:\/\/gr-100.com\/#\/schema\/logo\/image\/\",\"url\":\"https:\/\/gr-100.com\/wp-content\/uploads\/2023\/08\/logo-gr-100-bikes.png\",\"contentUrl\":\"https:\/\/gr-100.com\/wp-content\/uploads\/2023\/08\/logo-gr-100-bikes.png\",\"width\":707,\"height\":284,\"caption\":\"Gr-100\"},\"image\":{\"@id\":\"https:\/\/gr-100.com\/#\/schema\/logo\/image\/\"},\"sameAs\":[\"https:\/\/www.facebook.com\/Gr100Bikes\",\"https:\/\/www.instagram.com\/gr100bikes\/\",\"https:\/\/www.tiktok.com\/@gr100bikes\",\"https:\/\/twitter.com\/gr100mtbteam\",\"https:\/\/www.youtube.com\/c\/GR100Specialized\"]}]}<\/script>\n<!-- \/ Yoast SEO Premium plugin. -->","yoast_head_json":{"title":"Specialized Vado 5.0 NB 2025 GR-100","description":"Tiene todo lo que necesitas para el transporte el\u00e9ctrico. Aporta una naturaleza equilibrada a la forma en que se maneja y niveles superiores de comodidad.","robots":{"index":"index","follow":"follow","max-snippet":"max-snippet:-1","max-image-preview":"max-image-preview:large","max-video-preview":"max-video-preview:-1"},"canonical":"https:\/\/gr-100.com\/pt-pt\/producto\/specialized-vado-5-0-nb-2025\/","og_locale":"pt_PT","og_type":"article","og_title":"Specialized Vado 5.0 NB 2025","og_description":"Tiene todo lo que necesitas para el transporte el\u00e9ctrico. Aporta una naturaleza equilibrada a la forma en que se maneja y niveles superiores de comodidad.","og_url":"https:\/\/gr-100.com\/pt-pt\/producto\/specialized-vado-5-0-nb-2025\/","og_site_name":"Gr-100 Tienda de ciclismo Specialized","article_publisher":"https:\/\/www.facebook.com\/Gr100Bikes","og_image":[{"width":1000,"height":1000,"url":"https:\/\/gr-100.com\/wp-content\/uploads\/2024\/10\/Vado-5.0-NB-2025-1.jpg","type":"image\/jpeg"}],"twitter_card":"summary_large_image","twitter_misc":{"Tempo estimado de leitura":"4 minutos"},"schema":{"@context":"https:\/\/schema.org","@graph":[{"@type":"WebPage","@id":"https:\/\/gr-100.com\/pt-pt\/producto\/specialized-vado-5-0-nb-2025\/","url":"https:\/\/gr-100.com\/pt-pt\/producto\/specialized-vado-5-0-nb-2025\/","name":"Specialized Vado 5.0 NB 2025 GR-100","isPartOf":{"@id":"https:\/\/gr-100.com\/#website"},"primaryImageOfPage":{"@id":"https:\/\/gr-100.com\/pt-pt\/producto\/specialized-vado-5-0-nb-2025\/#primaryimage"},"image":{"@id":"https:\/\/gr-100.com\/pt-pt\/producto\/specialized-vado-5-0-nb-2025\/#primaryimage"},"thumbnailUrl":"https:\/\/gr-100.com\/wp-content\/uploads\/2024\/10\/Vado-5.0-NB-2025-1.jpg","datePublished":"2024-10-16T10:59:30+00:00","description":"Tiene todo lo que necesitas para el transporte el\u00e9ctrico. Aporta una naturaleza equilibrada a la forma en que se maneja y niveles superiores de comodidad.","breadcrumb":{"@id":"https:\/\/gr-100.com\/pt-pt\/producto\/specialized-vado-5-0-nb-2025\/#breadcrumb"},"inLanguage":"pt-PT","potentialAction":[{"@type":"ReadAction","target":["https:\/\/gr-100.com\/pt-pt\/producto\/specialized-vado-5-0-nb-2025\/"]}]},{"@type":"ImageObject","inLanguage":"pt-PT","@id":"https:\/\/gr-100.com\/pt-pt\/producto\/specialized-vado-5-0-nb-2025\/#primaryimage","url":"https:\/\/gr-100.com\/wp-content\/uploads\/2024\/10\/Vado-5.0-NB-2025-1.jpg","contentUrl":"https:\/\/gr-100.com\/wp-content\/uploads\/2024\/10\/Vado-5.0-NB-2025-1.jpg","width":1000,"height":1000},{"@type":"BreadcrumbList","@id":"https:\/\/gr-100.com\/pt-pt\/producto\/specialized-vado-5-0-nb-2025\/#breadcrumb","itemListElement":[{"@type":"ListItem","position":1,"name":"Portada","item":"https:\/\/gr-100.com\/en\/"},{"@type":"ListItem","position":2,"name":"Productos","item":"https:\/\/gr-100.com\/?post_type=product"},{"@type":"ListItem","position":3,"name":"Specialized Vado 5.0 NB 2025"}]},{"@type":"WebSite","@id":"https:\/\/gr-100.com\/#website","url":"https:\/\/gr-100.com\/","name":"Gr-100 Tienda de ciclismo Specialized","description":"GR-100 tenemos todas las gamas de bicicletas Specialized al mejor precio.","publisher":{"@id":"https:\/\/gr-100.com\/#organization"},"alternateName":"Gr-100 Bikes","potentialAction":[{"@type":"SearchAction","target":{"@type":"EntryPoint","urlTemplate":"https:\/\/gr-100.com\/?s={search_term_string}"},"query-input":{"@type":"PropertyValueSpecification","valueRequired":true,"valueName":"search_term_string"}}],"inLanguage":"pt-PT"},{"@type":"Organization","@id":"https:\/\/gr-100.com\/#organization","name":"Gr-100","url":"https:\/\/gr-100.com\/","logo":{"@type":"ImageObject","inLanguage":"pt-PT","@id":"https:\/\/gr-100.com\/#\/schema\/logo\/image\/","url":"https:\/\/gr-100.com\/wp-content\/uploads\/2023\/08\/logo-gr-100-bikes.png","contentUrl":"https:\/\/gr-100.com\/wp-content\/uploads\/2023\/08\/logo-gr-100-bikes.png","width":707,"height":284,"caption":"Gr-100"},"image":{"@id":"https:\/\/gr-100.com\/#\/schema\/logo\/image\/"},"sameAs":["https:\/\/www.facebook.com\/Gr100Bikes","https:\/\/www.instagram.com\/gr100bikes\/","https:\/\/www.tiktok.com\/@gr100bikes","https:\/\/twitter.com\/gr100mtbteam","https:\/\/www.youtube.com\/c\/GR100Specialized"]}]}},"_links":{"self":[{"href":"https:\/\/gr-100.com\/pt-pt\/wp-json\/wp\/v2\/product\/429154","targetHints":{"allow":["GET"]}}],"collection":[{"href":"https:\/\/gr-100.com\/pt-pt\/wp-json\/wp\/v2\/product"}],"about":[{"href":"https:\/\/gr-100.com\/pt-pt\/wp-json\/wp\/v2\/types\/product"}],"replies":[{"embeddable":true,"href":"https:\/\/gr-100.com\/pt-pt\/wp-json\/wp\/v2\/comments?post=429154"}],"wp:featuredmedia":[{"embeddable":true,"href":"https:\/\/gr-100.com\/pt-pt\/wp-json\/wp\/v2\/media\/393138"}],"wp:attachment":[{"href":"https:\/\/gr-100.com\/pt-pt\/wp-json\/wp\/v2\/media?parent=429154"}],"wp:term":[{"taxonomy":"product_brand","embeddable":true,"href":"https:\/\/gr-100.com\/pt-pt\/wp-json\/wp\/v2\/product_brand?post=429154"},{"taxonomy":"product_cat","embeddable":true,"href":"https:\/\/gr-100.com\/pt-pt\/wp-json\/wp\/v2\/product_cat?post=429154"},{"taxonomy":"product_tag","embeddable":true,"href":"https:\/\/gr-100.com\/pt-pt\/wp-json\/wp\/v2\/product_tag?post=429154"}],"curies":[{"name":"wp","href":"https:\/\/api.w.org\/{rel}","templated":true}]}}