{"id":429169,"date":"2024-12-26T11:20:36","date_gmt":"2024-12-26T10:20:36","guid":{"rendered":"https:\/\/gr-100.com\/producto\/specialized-turbo-porto-2025\/"},"modified":"2026-01-19T15:04:21","modified_gmt":"2026-01-19T13:04:21","slug":"specialized-turbo-porto-2025","status":"publish","type":"product","link":"https:\/\/gr-100.com\/pt-pt\/producto\/specialized-turbo-porto-2025\/","title":{"rendered":"Specialized Turbo Porto 2025"},"content":{"rendered":"<p>AMPLIFICACI\u00d3N SUPERNATURAL &#8211; Conduce como un profesional, vayas donde vayas. Con 90 Nm de par motor y una bater\u00eda de 710 vatios, ninguna bicicleta el\u00e9ctrica de su categor\u00eda tiene m\u00e1s potencia. Eso significa que puedes ir a velocidad de crucero f\u00e1cilmente y mantenerte ah\u00ed todo el tiempo que haga falta. No importa si el colegio de tus hijos es la cima del Alpe d&#8217;Huez, toda esa potencia combinada con la legendaria suavidad del sistema Turbo e-bike significa que puedes cargarlos y subir sin esfuerzo.   <\/p>\n<p>RENDIMIENTO CON PROP\u00d3SITO &#8211; \u00c1gil en cualquier carretera, con cualquier carga. La Porto inspira confianza al conductor desde el primer d\u00eda. La baja distancia entre ejes significa que arrancar, parar, subir y bajar de la bici, incluso cuando est\u00e1 cargada, es una brisa, al igual que el viaje. Puede que sea larga, y a menudo cargada de gente y equipo, pero se conduce como una bici normal (o mejor). Al implementar una larga cola para la carga, en lugar de una gran cesta de carga frontal, tambi\u00e9n se puede aparcar como una bicicleta normal.    <\/p>\n<p>Creemos que la Porto ofrece la conducci\u00f3n m\u00e1s segura y estable del mercado, independientemente de la carga (\u00a1hasta 200 kg!), para usuarios de cualquier nivel. Y, como cualquier otro medio de transporte de primera calidad, la Porto se adapta perfectamente a ti, de modo que los ciclistas de 155 cm a 195 cm disfrutan de la misma seguridad y comodidad. <\/p>\n<p>FUNCI\u00d3N FAMILIAR &#8211; Hemos pensado en todo, para que puedas hacer cualquier cosa. La Porto no es un transport\u00edn de carga simplificado&#8230; Viene cargado con un portaequipajes delantero incluido y un portaequipajes trasero de cola larga, preparado para asientos infantiles, asientos de pasajero, maletas e innumerables accesorios. Est\u00e1 construida pensando en tu familia, dise\u00f1ada para una conducci\u00f3n estable y \u00e1gil cuando llevas lo m\u00e1s preciado, sin sacrificar un \u00e1pice de estilo. Todas las e-bikes de carga pueden transportar personas, pero la Porto est\u00e1 hecha para transportar personas. Cuando es tu familia la que va detr\u00e1s, la diferencia importa.     <\/p>\n<p>\u2022 90 Nm de par.<\/p>\n<p>\u2022 Bater\u00eda de 710 vatios para una autonom\u00eda de hasta 5 horas.<\/p>\n<p>\u2022 L\u00edmite de velocidad con asistencia el\u00e9ctrica de 25 km\/h, la velocidad est\u00e1 sujeta a lanormativa del pa\u00eds.<\/p>\n<p>\u2022 M\u00e1xima capacidad de ajuste para una conducci\u00f3n c\u00f3moda para cualquier ciclista deentre 155 cm y 195 cm.<\/p>\n<p>\u2022 Larga cola para pasajeros, equipo y cualquier otra cosa que se te ocurra.<\/p>\n<p>\u2022 Incluye parrillas delanteras y traseras.<\/p>\n<p>\u2022 Cerradura interior y antirrobo.<\/p>\n<p>\u2022 TCU en las barras, infinitamente personalizable con la App Specialized.<\/p>\n<p>\u2022 Incluye bolsa personalizada Porto Frame Bag.<\/p>\n<p>\u2022 La Federaci\u00f3n Europea de Ciclistas ofrece casi 300 opciones de incentivos fiscales y primas de compra para la adquisici\u00f3n de bicicletas el\u00e9ctricas. Se anima a los ciclistas a investigar estas opciones. <\/p>\n","protected":false},"excerpt":{"rendered":"<p>La nueva Turbo Porto es m\u00e1s que la bicicleta el\u00e9ctrica de carga m\u00e1s \u00fatil y potente de su categor\u00eda. Est\u00e1 meticulosamente dise\u00f1ada para que usted, su familia y sus cosas se desplacen de la forma m\u00e1s eficiente, refinada y bella&#8230; porque lo que usted monta significa algo&#8230; <\/p>\n","protected":false},"featured_media":399672,"comment_status":"open","ping_status":"closed","template":"","meta":{"_acf_changed":false,"_et_pb_use_builder":"","_et_pb_old_content":"","_et_gb_content_width":"","inline_featured_image":false},"product_brand":[],"product_cat":[2459,5284,391,5280,5282,5260,5281,2483,2696],"product_tag":[],"class_list":{"0":"post-429169","1":"product","2":"type-product","3":"status-publish","4":"has-post-thumbnail","6":"product_cat-bicicletas-pt-pt-2","7":"product_cat-bicicletas-urbanas-pt-pt","8":"product_cat-eletricas","9":"product_cat-bicicletas-electricas-aluminio-pt-pt","10":"product_cat-bicicletas-electricas-paseo-pt-pt","11":"product_cat-bicicletas-electricas-specialized-pt-pt","12":"product_cat-bicicletas-electricas-urbanas-pt-pt","13":"product_cat-bicicletas-especializadas","14":"product_cat-ofertas-especializadas","16":"first","17":"instock","18":"sale","19":"taxable","20":"shipping-taxable","21":"purchasable","22":"product-type-simple"},"acf":[],"yoast_head":"<!-- This site is optimized with the Yoast SEO Premium plugin v26.7 (Yoast SEO v26.7) - https:\/\/yoast.com\/wordpress\/plugins\/seo\/ -->\n<title>Specialized Turbo Porto 2025 GR-100<\/title>\n<meta name=\"description\" content=\"M\u00e1s que la ebike de carga m\u00e1s \u00fatil, potente de su categor\u00eda. Dise\u00f1ada para ti, tu familia y sus cosas se desplacen de forma m\u00e1s eficiente, refinada y bella\" \/>\n<meta name=\"robots\" content=\"index, follow, max-snippet:-1, max-image-preview:large, max-video-preview:-1\" \/>\n<link rel=\"canonical\" href=\"https:\/\/gr-100.com\/pt-pt\/producto\/specialized-turbo-porto-2025\/\" \/>\n<meta property=\"og:locale\" content=\"pt_PT\" \/>\n<meta property=\"og:type\" content=\"article\" \/>\n<meta property=\"og:title\" content=\"Specialized Turbo Porto 2025\" \/>\n<meta property=\"og:description\" content=\"M\u00e1s que la ebike de carga m\u00e1s \u00fatil, potente de su categor\u00eda. Dise\u00f1ada para ti, tu familia y sus cosas se desplacen de forma m\u00e1s eficiente, refinada y bella\" \/>\n<meta property=\"og:url\" content=\"https:\/\/gr-100.com\/pt-pt\/producto\/specialized-turbo-porto-2025\/\" \/>\n<meta property=\"og:site_name\" content=\"Gr-100 Tienda de ciclismo Specialized\" \/>\n<meta property=\"article:publisher\" content=\"https:\/\/www.facebook.com\/Gr100Bikes\" \/>\n<meta property=\"article:modified_time\" content=\"2026-01-19T13:04:21+00:00\" \/>\n<meta property=\"og:image\" content=\"https:\/\/gr-100.com\/wp-content\/uploads\/2024\/12\/Diseno-sin-titulo-2024-12-26T120658.690.jpg\" \/>\n\t<meta property=\"og:image:width\" content=\"1000\" \/>\n\t<meta property=\"og:image:height\" content=\"1000\" \/>\n\t<meta property=\"og:image:type\" content=\"image\/jpeg\" \/>\n<meta name=\"twitter:card\" content=\"summary_large_image\" \/>\n<meta name=\"twitter:label1\" content=\"Tempo estimado de leitura\" \/>\n\t<meta name=\"twitter:data1\" content=\"2 minutos\" \/>\n<script type=\"application\/ld+json\" class=\"yoast-schema-graph\">{\"@context\":\"https:\/\/schema.org\",\"@graph\":[{\"@type\":\"WebPage\",\"@id\":\"https:\/\/gr-100.com\/pt-pt\/producto\/specialized-turbo-porto-2025\/\",\"url\":\"https:\/\/gr-100.com\/pt-pt\/producto\/specialized-turbo-porto-2025\/\",\"name\":\"Specialized Turbo Porto 2025 GR-100\",\"isPartOf\":{\"@id\":\"https:\/\/gr-100.com\/#website\"},\"primaryImageOfPage\":{\"@id\":\"https:\/\/gr-100.com\/pt-pt\/producto\/specialized-turbo-porto-2025\/#primaryimage\"},\"image\":{\"@id\":\"https:\/\/gr-100.com\/pt-pt\/producto\/specialized-turbo-porto-2025\/#primaryimage\"},\"thumbnailUrl\":\"https:\/\/gr-100.com\/wp-content\/uploads\/2024\/12\/Diseno-sin-titulo-2024-12-26T120658.690.jpg\",\"datePublished\":\"2024-12-26T10:20:36+00:00\",\"dateModified\":\"2026-01-19T13:04:21+00:00\",\"description\":\"M\u00e1s que la ebike de carga m\u00e1s \u00fatil, potente de su categor\u00eda. Dise\u00f1ada para ti, tu familia y sus cosas se desplacen de forma m\u00e1s eficiente, refinada y bella\",\"breadcrumb\":{\"@id\":\"https:\/\/gr-100.com\/pt-pt\/producto\/specialized-turbo-porto-2025\/#breadcrumb\"},\"inLanguage\":\"pt-PT\",\"potentialAction\":[{\"@type\":\"ReadAction\",\"target\":[\"https:\/\/gr-100.com\/pt-pt\/producto\/specialized-turbo-porto-2025\/\"]}]},{\"@type\":\"ImageObject\",\"inLanguage\":\"pt-PT\",\"@id\":\"https:\/\/gr-100.com\/pt-pt\/producto\/specialized-turbo-porto-2025\/#primaryimage\",\"url\":\"https:\/\/gr-100.com\/wp-content\/uploads\/2024\/12\/Diseno-sin-titulo-2024-12-26T120658.690.jpg\",\"contentUrl\":\"https:\/\/gr-100.com\/wp-content\/uploads\/2024\/12\/Diseno-sin-titulo-2024-12-26T120658.690.jpg\",\"width\":1000,\"height\":1000},{\"@type\":\"BreadcrumbList\",\"@id\":\"https:\/\/gr-100.com\/pt-pt\/producto\/specialized-turbo-porto-2025\/#breadcrumb\",\"itemListElement\":[{\"@type\":\"ListItem\",\"position\":1,\"name\":\"Portada\",\"item\":\"https:\/\/gr-100.com\/en\/\"},{\"@type\":\"ListItem\",\"position\":2,\"name\":\"Productos\",\"item\":\"https:\/\/gr-100.com\/?post_type=product\"},{\"@type\":\"ListItem\",\"position\":3,\"name\":\"Specialized Turbo Porto 2025\"}]},{\"@type\":\"WebSite\",\"@id\":\"https:\/\/gr-100.com\/#website\",\"url\":\"https:\/\/gr-100.com\/\",\"name\":\"Gr-100 Tienda de ciclismo Specialized\",\"description\":\"GR-100 tenemos todas las gamas de bicicletas Specialized al mejor precio.\",\"publisher\":{\"@id\":\"https:\/\/gr-100.com\/#organization\"},\"alternateName\":\"Gr-100 Bikes\",\"potentialAction\":[{\"@type\":\"SearchAction\",\"target\":{\"@type\":\"EntryPoint\",\"urlTemplate\":\"https:\/\/gr-100.com\/?s={search_term_string}\"},\"query-input\":{\"@type\":\"PropertyValueSpecification\",\"valueRequired\":true,\"valueName\":\"search_term_string\"}}],\"inLanguage\":\"pt-PT\"},{\"@type\":\"Organization\",\"@id\":\"https:\/\/gr-100.com\/#organization\",\"name\":\"Gr-100\",\"url\":\"https:\/\/gr-100.com\/\",\"logo\":{\"@type\":\"ImageObject\",\"inLanguage\":\"pt-PT\",\"@id\":\"https:\/\/gr-100.com\/#\/schema\/logo\/image\/\",\"url\":\"https:\/\/gr-100.com\/wp-content\/uploads\/2023\/08\/logo-gr-100-bikes.png\",\"contentUrl\":\"https:\/\/gr-100.com\/wp-content\/uploads\/2023\/08\/logo-gr-100-bikes.png\",\"width\":707,\"height\":284,\"caption\":\"Gr-100\"},\"image\":{\"@id\":\"https:\/\/gr-100.com\/#\/schema\/logo\/image\/\"},\"sameAs\":[\"https:\/\/www.facebook.com\/Gr100Bikes\",\"https:\/\/www.instagram.com\/gr100bikes\/\",\"https:\/\/www.tiktok.com\/@gr100bikes\",\"https:\/\/twitter.com\/gr100mtbteam\",\"https:\/\/www.youtube.com\/c\/GR100Specialized\"]}]}<\/script>\n<!-- \/ Yoast SEO Premium plugin. -->","yoast_head_json":{"title":"Specialized Turbo Porto 2025 GR-100","description":"M\u00e1s que la ebike de carga m\u00e1s \u00fatil, potente de su categor\u00eda. Dise\u00f1ada para ti, tu familia y sus cosas se desplacen de forma m\u00e1s eficiente, refinada y bella","robots":{"index":"index","follow":"follow","max-snippet":"max-snippet:-1","max-image-preview":"max-image-preview:large","max-video-preview":"max-video-preview:-1"},"canonical":"https:\/\/gr-100.com\/pt-pt\/producto\/specialized-turbo-porto-2025\/","og_locale":"pt_PT","og_type":"article","og_title":"Specialized Turbo Porto 2025","og_description":"M\u00e1s que la ebike de carga m\u00e1s \u00fatil, potente de su categor\u00eda. Dise\u00f1ada para ti, tu familia y sus cosas se desplacen de forma m\u00e1s eficiente, refinada y bella","og_url":"https:\/\/gr-100.com\/pt-pt\/producto\/specialized-turbo-porto-2025\/","og_site_name":"Gr-100 Tienda de ciclismo Specialized","article_publisher":"https:\/\/www.facebook.com\/Gr100Bikes","article_modified_time":"2026-01-19T13:04:21+00:00","og_image":[{"width":1000,"height":1000,"url":"https:\/\/gr-100.com\/wp-content\/uploads\/2024\/12\/Diseno-sin-titulo-2024-12-26T120658.690.jpg","type":"image\/jpeg"}],"twitter_card":"summary_large_image","twitter_misc":{"Tempo estimado de leitura":"2 minutos"},"schema":{"@context":"https:\/\/schema.org","@graph":[{"@type":"WebPage","@id":"https:\/\/gr-100.com\/pt-pt\/producto\/specialized-turbo-porto-2025\/","url":"https:\/\/gr-100.com\/pt-pt\/producto\/specialized-turbo-porto-2025\/","name":"Specialized Turbo Porto 2025 GR-100","isPartOf":{"@id":"https:\/\/gr-100.com\/#website"},"primaryImageOfPage":{"@id":"https:\/\/gr-100.com\/pt-pt\/producto\/specialized-turbo-porto-2025\/#primaryimage"},"image":{"@id":"https:\/\/gr-100.com\/pt-pt\/producto\/specialized-turbo-porto-2025\/#primaryimage"},"thumbnailUrl":"https:\/\/gr-100.com\/wp-content\/uploads\/2024\/12\/Diseno-sin-titulo-2024-12-26T120658.690.jpg","datePublished":"2024-12-26T10:20:36+00:00","dateModified":"2026-01-19T13:04:21+00:00","description":"M\u00e1s que la ebike de carga m\u00e1s \u00fatil, potente de su categor\u00eda. Dise\u00f1ada para ti, tu familia y sus cosas se desplacen de forma m\u00e1s eficiente, refinada y bella","breadcrumb":{"@id":"https:\/\/gr-100.com\/pt-pt\/producto\/specialized-turbo-porto-2025\/#breadcrumb"},"inLanguage":"pt-PT","potentialAction":[{"@type":"ReadAction","target":["https:\/\/gr-100.com\/pt-pt\/producto\/specialized-turbo-porto-2025\/"]}]},{"@type":"ImageObject","inLanguage":"pt-PT","@id":"https:\/\/gr-100.com\/pt-pt\/producto\/specialized-turbo-porto-2025\/#primaryimage","url":"https:\/\/gr-100.com\/wp-content\/uploads\/2024\/12\/Diseno-sin-titulo-2024-12-26T120658.690.jpg","contentUrl":"https:\/\/gr-100.com\/wp-content\/uploads\/2024\/12\/Diseno-sin-titulo-2024-12-26T120658.690.jpg","width":1000,"height":1000},{"@type":"BreadcrumbList","@id":"https:\/\/gr-100.com\/pt-pt\/producto\/specialized-turbo-porto-2025\/#breadcrumb","itemListElement":[{"@type":"ListItem","position":1,"name":"Portada","item":"https:\/\/gr-100.com\/en\/"},{"@type":"ListItem","position":2,"name":"Productos","item":"https:\/\/gr-100.com\/?post_type=product"},{"@type":"ListItem","position":3,"name":"Specialized Turbo Porto 2025"}]},{"@type":"WebSite","@id":"https:\/\/gr-100.com\/#website","url":"https:\/\/gr-100.com\/","name":"Gr-100 Tienda de ciclismo Specialized","description":"GR-100 tenemos todas las gamas de bicicletas Specialized al mejor precio.","publisher":{"@id":"https:\/\/gr-100.com\/#organization"},"alternateName":"Gr-100 Bikes","potentialAction":[{"@type":"SearchAction","target":{"@type":"EntryPoint","urlTemplate":"https:\/\/gr-100.com\/?s={search_term_string}"},"query-input":{"@type":"PropertyValueSpecification","valueRequired":true,"valueName":"search_term_string"}}],"inLanguage":"pt-PT"},{"@type":"Organization","@id":"https:\/\/gr-100.com\/#organization","name":"Gr-100","url":"https:\/\/gr-100.com\/","logo":{"@type":"ImageObject","inLanguage":"pt-PT","@id":"https:\/\/gr-100.com\/#\/schema\/logo\/image\/","url":"https:\/\/gr-100.com\/wp-content\/uploads\/2023\/08\/logo-gr-100-bikes.png","contentUrl":"https:\/\/gr-100.com\/wp-content\/uploads\/2023\/08\/logo-gr-100-bikes.png","width":707,"height":284,"caption":"Gr-100"},"image":{"@id":"https:\/\/gr-100.com\/#\/schema\/logo\/image\/"},"sameAs":["https:\/\/www.facebook.com\/Gr100Bikes","https:\/\/www.instagram.com\/gr100bikes\/","https:\/\/www.tiktok.com\/@gr100bikes","https:\/\/twitter.com\/gr100mtbteam","https:\/\/www.youtube.com\/c\/GR100Specialized"]}]}},"_links":{"self":[{"href":"https:\/\/gr-100.com\/pt-pt\/wp-json\/wp\/v2\/product\/429169","targetHints":{"allow":["GET"]}}],"collection":[{"href":"https:\/\/gr-100.com\/pt-pt\/wp-json\/wp\/v2\/product"}],"about":[{"href":"https:\/\/gr-100.com\/pt-pt\/wp-json\/wp\/v2\/types\/product"}],"replies":[{"embeddable":true,"href":"https:\/\/gr-100.com\/pt-pt\/wp-json\/wp\/v2\/comments?post=429169"}],"wp:featuredmedia":[{"embeddable":true,"href":"https:\/\/gr-100.com\/pt-pt\/wp-json\/wp\/v2\/media\/399672"}],"wp:attachment":[{"href":"https:\/\/gr-100.com\/pt-pt\/wp-json\/wp\/v2\/media?parent=429169"}],"wp:term":[{"taxonomy":"product_brand","embeddable":true,"href":"https:\/\/gr-100.com\/pt-pt\/wp-json\/wp\/v2\/product_brand?post=429169"},{"taxonomy":"product_cat","embeddable":true,"href":"https:\/\/gr-100.com\/pt-pt\/wp-json\/wp\/v2\/product_cat?post=429169"},{"taxonomy":"product_tag","embeddable":true,"href":"https:\/\/gr-100.com\/pt-pt\/wp-json\/wp\/v2\/product_tag?post=429169"}],"curies":[{"name":"wp","href":"https:\/\/api.w.org\/{rel}","templated":true}]}}