{"id":429264,"date":"2024-12-23T12:14:16","date_gmt":"2024-12-23T11:14:16","guid":{"rendered":"https:\/\/gr-100.com\/producto\/specialized-creo-sl-expert-carbon-2025\/"},"modified":"2024-12-23T12:14:16","modified_gmt":"2024-12-23T10:14:16","slug":"specialized-creo-sl-expert-carbon-2025","status":"publish","type":"product","link":"https:\/\/gr-100.com\/pt-pt\/producto\/specialized-creo-sl-expert-carbon-2025\/","title":{"rendered":"Specialized Creo SL Expert Carbon 2025"},"content":{"rendered":"<ul>\n<li>Cuadro FACT 11r carbon, front\/rear thru-axles, fully integrated down tube battery, internal cable routing, fender\/rack mounts, 12x142mm<\/li>\n<li>Horquilla Future Shock 3.3 w\/ Smooth Boot, 12x100mm thru-axle, flat-mount disc<\/li>\n<li>Frenos SRAM Rival eTAP AXS, hydraulic disc<\/li>\n<li>Ruedas Roval Terra C, 25mm internal width carbon rim, 32mm depth, DT 370 hub, 24h, DT Swiss Comp Race spokes<\/li>\n<li>Cambio SRAM GX Eagle AXS<\/li>\n<li>Motor New Specialized 1.2 SL Custom Lightweight Motor<\/li>\n<li>Bater\u00eda Specialized SL1-320, fully integrated, 320Wh<\/li>\n<li>Cadena SRAM GX Eagle<\/li>\n<li>Pi\u00f1\u00f3n SRAM PG1230, 12-Speed, 11-50t<\/li>\n<li>Potencia Future Stem Pro<\/li>\n<li>Platos y bielas SRAM Alloy DUB Crank Arms \/ SRAM X-Sync Eagle, 107 BCD, 44T<\/li>\n<li>Sillin Body Geometry Power Expert<\/li>\n<li>Tija de sillin Trans-X Dropper, 50mm Travel<\/li>\n<li>Cubiertas Tracer Pro, 700x47c<\/li>\n<li>Manillar Specialized Adventure Gear Hover, 103mm drop x 70mm reach x 12\u00ba flare<\/li>\n<li>Temporada 2025<\/li>\n<li>Cinta de manillar Supacaz Super Sticky Kush<\/li>\n<li>Mandos SRAM Rival eTap AXS, hydraulic disc<\/li>\n<li>Material Carbono<\/li>\n<li>Motor Specialized<\/li>\n<li>Bateria 320<\/li>\n<li>Disco de trav\u00e3o<\/li>\n<li>Di\u00e1metro 700<\/li>\n<li>N\u00ba Rodas dentadas 12V<\/li>\n<li>Tipo Transmisi\u00f3n Electr\u00f3nica<\/li>\n<li>N\u00ba de Pratos 1<\/li>\n<li>Dropper Post Sim<\/li>\n<li>Ancho Buje 12x142mm<\/li>\n<\/ul>\n","protected":false},"excerpt":{"rendered":"<p>Disfruta de m\u00e1s potencia, una gran autonom\u00eda, ligereza, un enorme espacio para las cubiertas y el sistema de absorci\u00f3n de vibraciones Future Shock 3.0 con una bicicleta que hace posibles salidas que antes eran imposibles y redefine su categor\u00eda: la Specialized Creo SL Expert Carbon 25.<\/p>\n","protected":false},"featured_media":399361,"comment_status":"open","ping_status":"closed","template":"","meta":{"_acf_changed":false,"_et_pb_use_builder":"","_et_pb_old_content":"","_et_gb_content_width":"","inline_featured_image":false},"product_brand":[],"product_cat":[2459,391,5261,5359,5273,5260,2483],"product_tag":[],"class_list":{"0":"post-429264","1":"product","2":"type-product","3":"status-publish","4":"has-post-thumbnail","6":"product_cat-bicicletas-pt-pt-2","7":"product_cat-eletricas","8":"product_cat-bicicletas-electricas-de-carbono","9":"product_cat-bicicletas-electricas-carretera-pt-pt","10":"product_cat-bicicletas-electricas-de-cascalho","11":"product_cat-bicicletas-electricas-specialized-pt-pt","12":"product_cat-bicicletas-especializadas","14":"first","15":"instock","16":"sale","17":"taxable","18":"shipping-taxable","19":"purchasable","20":"product-type-variable","21":"wvs-archive-product-wrapper"},"acf":[],"yoast_head":"<!-- This site is optimized with the Yoast SEO Premium plugin v26.7 (Yoast SEO v26.7) - https:\/\/yoast.com\/wordpress\/plugins\/seo\/ -->\n<title>Specialized Creo SL Expert Carbon 2025 GR-100<\/title>\n<meta name=\"description\" content=\"Disfruta de m\u00e1s potencia, una gran autonom\u00eda, ligereza, un enorme espacio para las cubiertas y el sistema de absorci\u00f3n de vibraciones Future Shock 3.0 con una bicicleta que hace posibles salidas que antes eran imposibles y redefine su categor\u00eda: la Specialized Creo SL Expert Carbon 25.\" \/>\n<meta name=\"robots\" content=\"index, follow, max-snippet:-1, max-image-preview:large, max-video-preview:-1\" \/>\n<link rel=\"canonical\" href=\"https:\/\/gr-100.com\/pt-pt\/producto\/specialized-creo-sl-expert-carbon-2025\/\" \/>\n<meta property=\"og:locale\" content=\"pt_PT\" \/>\n<meta property=\"og:type\" content=\"article\" \/>\n<meta property=\"og:title\" content=\"Specialized Creo SL Expert Carbon 2025\" \/>\n<meta property=\"og:description\" content=\"Disfruta de m\u00e1s potencia, una gran autonom\u00eda, ligereza, un enorme espacio para las cubiertas y el sistema de absorci\u00f3n de vibraciones Future Shock 3.0 con una bicicleta que hace posibles salidas que antes eran imposibles y redefine su categor\u00eda: la Specialized Creo SL Expert Carbon 25.\" \/>\n<meta property=\"og:url\" content=\"https:\/\/gr-100.com\/pt-pt\/producto\/specialized-creo-sl-expert-carbon-2025\/\" \/>\n<meta property=\"og:site_name\" content=\"Gr-100 Tienda de ciclismo Specialized\" \/>\n<meta property=\"article:publisher\" content=\"https:\/\/www.facebook.com\/Gr100Bikes\" \/>\n<meta property=\"og:image\" content=\"https:\/\/gr-100.com\/wp-content\/uploads\/2024\/12\/Diseno-sin-titulo-2024-12-23T122624.142.jpg\" \/>\n\t<meta property=\"og:image:width\" content=\"1000\" \/>\n\t<meta property=\"og:image:height\" content=\"1000\" \/>\n\t<meta property=\"og:image:type\" content=\"image\/jpeg\" \/>\n<meta name=\"twitter:card\" content=\"summary_large_image\" \/>\n<meta name=\"twitter:label1\" content=\"Tempo estimado de leitura\" \/>\n\t<meta name=\"twitter:data1\" content=\"1 minuto\" \/>\n<script type=\"application\/ld+json\" class=\"yoast-schema-graph\">{\"@context\":\"https:\/\/schema.org\",\"@graph\":[{\"@type\":\"WebPage\",\"@id\":\"https:\/\/gr-100.com\/pt-pt\/producto\/specialized-creo-sl-expert-carbon-2025\/\",\"url\":\"https:\/\/gr-100.com\/pt-pt\/producto\/specialized-creo-sl-expert-carbon-2025\/\",\"name\":\"Specialized Creo SL Expert Carbon 2025 GR-100\",\"isPartOf\":{\"@id\":\"https:\/\/gr-100.com\/#website\"},\"primaryImageOfPage\":{\"@id\":\"https:\/\/gr-100.com\/pt-pt\/producto\/specialized-creo-sl-expert-carbon-2025\/#primaryimage\"},\"image\":{\"@id\":\"https:\/\/gr-100.com\/pt-pt\/producto\/specialized-creo-sl-expert-carbon-2025\/#primaryimage\"},\"thumbnailUrl\":\"https:\/\/gr-100.com\/wp-content\/uploads\/2024\/12\/Diseno-sin-titulo-2024-12-23T122624.142.jpg\",\"datePublished\":\"2024-12-23T11:14:16+00:00\",\"description\":\"Disfruta de m\u00e1s potencia, una gran autonom\u00eda, ligereza, un enorme espacio para las cubiertas y el sistema de absorci\u00f3n de vibraciones Future Shock 3.0 con una bicicleta que hace posibles salidas que antes eran imposibles y redefine su categor\u00eda: la Specialized Creo SL Expert Carbon 25.\",\"breadcrumb\":{\"@id\":\"https:\/\/gr-100.com\/pt-pt\/producto\/specialized-creo-sl-expert-carbon-2025\/#breadcrumb\"},\"inLanguage\":\"pt-PT\",\"potentialAction\":[{\"@type\":\"ReadAction\",\"target\":[\"https:\/\/gr-100.com\/pt-pt\/producto\/specialized-creo-sl-expert-carbon-2025\/\"]}]},{\"@type\":\"ImageObject\",\"inLanguage\":\"pt-PT\",\"@id\":\"https:\/\/gr-100.com\/pt-pt\/producto\/specialized-creo-sl-expert-carbon-2025\/#primaryimage\",\"url\":\"https:\/\/gr-100.com\/wp-content\/uploads\/2024\/12\/Diseno-sin-titulo-2024-12-23T122624.142.jpg\",\"contentUrl\":\"https:\/\/gr-100.com\/wp-content\/uploads\/2024\/12\/Diseno-sin-titulo-2024-12-23T122624.142.jpg\",\"width\":1000,\"height\":1000},{\"@type\":\"BreadcrumbList\",\"@id\":\"https:\/\/gr-100.com\/pt-pt\/producto\/specialized-creo-sl-expert-carbon-2025\/#breadcrumb\",\"itemListElement\":[{\"@type\":\"ListItem\",\"position\":1,\"name\":\"Portada\",\"item\":\"https:\/\/gr-100.com\/en\/\"},{\"@type\":\"ListItem\",\"position\":2,\"name\":\"Productos\",\"item\":\"https:\/\/gr-100.com\/?post_type=product\"},{\"@type\":\"ListItem\",\"position\":3,\"name\":\"Specialized Creo SL Expert Carbon 2025\"}]},{\"@type\":\"WebSite\",\"@id\":\"https:\/\/gr-100.com\/#website\",\"url\":\"https:\/\/gr-100.com\/\",\"name\":\"Gr-100 Tienda de ciclismo Specialized\",\"description\":\"GR-100 tenemos todas las gamas de bicicletas Specialized al mejor precio.\",\"publisher\":{\"@id\":\"https:\/\/gr-100.com\/#organization\"},\"alternateName\":\"Gr-100 Bikes\",\"potentialAction\":[{\"@type\":\"SearchAction\",\"target\":{\"@type\":\"EntryPoint\",\"urlTemplate\":\"https:\/\/gr-100.com\/?s={search_term_string}\"},\"query-input\":{\"@type\":\"PropertyValueSpecification\",\"valueRequired\":true,\"valueName\":\"search_term_string\"}}],\"inLanguage\":\"pt-PT\"},{\"@type\":\"Organization\",\"@id\":\"https:\/\/gr-100.com\/#organization\",\"name\":\"Gr-100\",\"url\":\"https:\/\/gr-100.com\/\",\"logo\":{\"@type\":\"ImageObject\",\"inLanguage\":\"pt-PT\",\"@id\":\"https:\/\/gr-100.com\/#\/schema\/logo\/image\/\",\"url\":\"https:\/\/gr-100.com\/wp-content\/uploads\/2023\/08\/logo-gr-100-bikes.png\",\"contentUrl\":\"https:\/\/gr-100.com\/wp-content\/uploads\/2023\/08\/logo-gr-100-bikes.png\",\"width\":707,\"height\":284,\"caption\":\"Gr-100\"},\"image\":{\"@id\":\"https:\/\/gr-100.com\/#\/schema\/logo\/image\/\"},\"sameAs\":[\"https:\/\/www.facebook.com\/Gr100Bikes\",\"https:\/\/www.instagram.com\/gr100bikes\/\",\"https:\/\/www.tiktok.com\/@gr100bikes\",\"https:\/\/twitter.com\/gr100mtbteam\",\"https:\/\/www.youtube.com\/c\/GR100Specialized\"]}]}<\/script>\n<!-- \/ Yoast SEO Premium plugin. -->","yoast_head_json":{"title":"Specialized Creo SL Expert Carbon 2025 GR-100","description":"Disfruta de m\u00e1s potencia, una gran autonom\u00eda, ligereza, un enorme espacio para las cubiertas y el sistema de absorci\u00f3n de vibraciones Future Shock 3.0 con una bicicleta que hace posibles salidas que antes eran imposibles y redefine su categor\u00eda: la Specialized Creo SL Expert Carbon 25.","robots":{"index":"index","follow":"follow","max-snippet":"max-snippet:-1","max-image-preview":"max-image-preview:large","max-video-preview":"max-video-preview:-1"},"canonical":"https:\/\/gr-100.com\/pt-pt\/producto\/specialized-creo-sl-expert-carbon-2025\/","og_locale":"pt_PT","og_type":"article","og_title":"Specialized Creo SL Expert Carbon 2025","og_description":"Disfruta de m\u00e1s potencia, una gran autonom\u00eda, ligereza, un enorme espacio para las cubiertas y el sistema de absorci\u00f3n de vibraciones Future Shock 3.0 con una bicicleta que hace posibles salidas que antes eran imposibles y redefine su categor\u00eda: la Specialized Creo SL Expert Carbon 25.","og_url":"https:\/\/gr-100.com\/pt-pt\/producto\/specialized-creo-sl-expert-carbon-2025\/","og_site_name":"Gr-100 Tienda de ciclismo Specialized","article_publisher":"https:\/\/www.facebook.com\/Gr100Bikes","og_image":[{"width":1000,"height":1000,"url":"https:\/\/gr-100.com\/wp-content\/uploads\/2024\/12\/Diseno-sin-titulo-2024-12-23T122624.142.jpg","type":"image\/jpeg"}],"twitter_card":"summary_large_image","twitter_misc":{"Tempo estimado de leitura":"1 minuto"},"schema":{"@context":"https:\/\/schema.org","@graph":[{"@type":"WebPage","@id":"https:\/\/gr-100.com\/pt-pt\/producto\/specialized-creo-sl-expert-carbon-2025\/","url":"https:\/\/gr-100.com\/pt-pt\/producto\/specialized-creo-sl-expert-carbon-2025\/","name":"Specialized Creo SL Expert Carbon 2025 GR-100","isPartOf":{"@id":"https:\/\/gr-100.com\/#website"},"primaryImageOfPage":{"@id":"https:\/\/gr-100.com\/pt-pt\/producto\/specialized-creo-sl-expert-carbon-2025\/#primaryimage"},"image":{"@id":"https:\/\/gr-100.com\/pt-pt\/producto\/specialized-creo-sl-expert-carbon-2025\/#primaryimage"},"thumbnailUrl":"https:\/\/gr-100.com\/wp-content\/uploads\/2024\/12\/Diseno-sin-titulo-2024-12-23T122624.142.jpg","datePublished":"2024-12-23T11:14:16+00:00","description":"Disfruta de m\u00e1s potencia, una gran autonom\u00eda, ligereza, un enorme espacio para las cubiertas y el sistema de absorci\u00f3n de vibraciones Future Shock 3.0 con una bicicleta que hace posibles salidas que antes eran imposibles y redefine su categor\u00eda: la Specialized Creo SL Expert Carbon 25.","breadcrumb":{"@id":"https:\/\/gr-100.com\/pt-pt\/producto\/specialized-creo-sl-expert-carbon-2025\/#breadcrumb"},"inLanguage":"pt-PT","potentialAction":[{"@type":"ReadAction","target":["https:\/\/gr-100.com\/pt-pt\/producto\/specialized-creo-sl-expert-carbon-2025\/"]}]},{"@type":"ImageObject","inLanguage":"pt-PT","@id":"https:\/\/gr-100.com\/pt-pt\/producto\/specialized-creo-sl-expert-carbon-2025\/#primaryimage","url":"https:\/\/gr-100.com\/wp-content\/uploads\/2024\/12\/Diseno-sin-titulo-2024-12-23T122624.142.jpg","contentUrl":"https:\/\/gr-100.com\/wp-content\/uploads\/2024\/12\/Diseno-sin-titulo-2024-12-23T122624.142.jpg","width":1000,"height":1000},{"@type":"BreadcrumbList","@id":"https:\/\/gr-100.com\/pt-pt\/producto\/specialized-creo-sl-expert-carbon-2025\/#breadcrumb","itemListElement":[{"@type":"ListItem","position":1,"name":"Portada","item":"https:\/\/gr-100.com\/en\/"},{"@type":"ListItem","position":2,"name":"Productos","item":"https:\/\/gr-100.com\/?post_type=product"},{"@type":"ListItem","position":3,"name":"Specialized Creo SL Expert Carbon 2025"}]},{"@type":"WebSite","@id":"https:\/\/gr-100.com\/#website","url":"https:\/\/gr-100.com\/","name":"Gr-100 Tienda de ciclismo Specialized","description":"GR-100 tenemos todas las gamas de bicicletas Specialized al mejor precio.","publisher":{"@id":"https:\/\/gr-100.com\/#organization"},"alternateName":"Gr-100 Bikes","potentialAction":[{"@type":"SearchAction","target":{"@type":"EntryPoint","urlTemplate":"https:\/\/gr-100.com\/?s={search_term_string}"},"query-input":{"@type":"PropertyValueSpecification","valueRequired":true,"valueName":"search_term_string"}}],"inLanguage":"pt-PT"},{"@type":"Organization","@id":"https:\/\/gr-100.com\/#organization","name":"Gr-100","url":"https:\/\/gr-100.com\/","logo":{"@type":"ImageObject","inLanguage":"pt-PT","@id":"https:\/\/gr-100.com\/#\/schema\/logo\/image\/","url":"https:\/\/gr-100.com\/wp-content\/uploads\/2023\/08\/logo-gr-100-bikes.png","contentUrl":"https:\/\/gr-100.com\/wp-content\/uploads\/2023\/08\/logo-gr-100-bikes.png","width":707,"height":284,"caption":"Gr-100"},"image":{"@id":"https:\/\/gr-100.com\/#\/schema\/logo\/image\/"},"sameAs":["https:\/\/www.facebook.com\/Gr100Bikes","https:\/\/www.instagram.com\/gr100bikes\/","https:\/\/www.tiktok.com\/@gr100bikes","https:\/\/twitter.com\/gr100mtbteam","https:\/\/www.youtube.com\/c\/GR100Specialized"]}]}},"_links":{"self":[{"href":"https:\/\/gr-100.com\/pt-pt\/wp-json\/wp\/v2\/product\/429264","targetHints":{"allow":["GET"]}}],"collection":[{"href":"https:\/\/gr-100.com\/pt-pt\/wp-json\/wp\/v2\/product"}],"about":[{"href":"https:\/\/gr-100.com\/pt-pt\/wp-json\/wp\/v2\/types\/product"}],"replies":[{"embeddable":true,"href":"https:\/\/gr-100.com\/pt-pt\/wp-json\/wp\/v2\/comments?post=429264"}],"wp:featuredmedia":[{"embeddable":true,"href":"https:\/\/gr-100.com\/pt-pt\/wp-json\/wp\/v2\/media\/399361"}],"wp:attachment":[{"href":"https:\/\/gr-100.com\/pt-pt\/wp-json\/wp\/v2\/media?parent=429264"}],"wp:term":[{"taxonomy":"product_brand","embeddable":true,"href":"https:\/\/gr-100.com\/pt-pt\/wp-json\/wp\/v2\/product_brand?post=429264"},{"taxonomy":"product_cat","embeddable":true,"href":"https:\/\/gr-100.com\/pt-pt\/wp-json\/wp\/v2\/product_cat?post=429264"},{"taxonomy":"product_tag","embeddable":true,"href":"https:\/\/gr-100.com\/pt-pt\/wp-json\/wp\/v2\/product_tag?post=429264"}],"curies":[{"name":"wp","href":"https:\/\/api.w.org\/{rel}","templated":true}]}}