{"id":429311,"date":"2024-11-18T11:43:01","date_gmt":"2024-11-18T10:43:01","guid":{"rendered":"https:\/\/gr-100.com\/producto\/specialized-vado-sl-6-0-carbono-2-2025\/"},"modified":"2024-11-18T11:43:01","modified_gmt":"2024-11-18T09:43:01","slug":"specialized-vado-sl-6-0-carbono-2-2025","status":"publish","type":"product","link":"https:\/\/gr-100.com\/pt-pt\/producto\/specialized-vado-sl-6-0-carbono-2-2025\/","title":{"rendered":"Specialized Vado SL 6.0 Carbono 2 2025"},"content":{"rendered":"<ul>\n<li>Utiliza\u00e7\u00e3o: movimento r\u00e1pido, fitness e explora\u00e7\u00e3o<\/li>\n<li>Sistema de bicicleta el\u00e9ctrica: Specialized SL 1.2 \/ 320 watts \/ at\u00e9 5 horas de autonomia<\/li>\n<li>Quadro: quadro e forqueta em carbono FACT ultra-leve<\/li>\n<li>Suspens\u00e3o: Future Shock 3.2<\/li>\n<li>Peso da bicicleta: apenas 15,9 kg \/ 35,2 lbs.<\/li>\n<li>Personaliza\u00e7\u00e3o e seguran\u00e7a: m\u00e9tricas de fitness, Apple Find My, sistema de bloqueio Turbo, luzes e muito mais.<\/li>\n<li>ESPECIFICA\u00c7\u00d5ES<br \/>\nE-bike<br \/>\nCABLAGEM<br \/>\nCablagem personalizada Specialized com porta de carregamento<br \/>\nCARREGADOR<br \/>\nCarregador personalizado, sistema de 48V com ficha de carregador do sistema SL<br \/>\nUI\/REMOTO<br \/>\nMastermind H3, com controlo remoto no guiador, Ant+\/BIKE\u00ae, fun\u00e7\u00e3o de bloqueio do sistema integrado, Apple Find My integrado, p\u00e1ginas do ecr\u00e3 a cores personaliz\u00e1veis, 2,1&#8243;<br \/>\nMOTOR<br \/>\nSpecialized 1.2 SL Custom Rx Trail Tuned<br \/>\nBATERIA<br \/>\nSpecialized SL2-520, totalmente integrada, 520 Wh<br \/>\nQUADRO<br \/>\nQUADRO<br \/>\n2024 Vado SL<br \/>\nCLAMP. SELIM<br \/>\nSpecialized integrado<br \/>\nSuspens\u00e3o<br \/>\nGARFO<br \/>\nSpecialized Vado SL2 Carbon, suportes de rack dianteiro Tubus at\u00e9 14kg<br \/>\nTrav\u00f5es<br \/>\nTRAV\u00c3O DIANTEIRO<br \/>\nTRP HD-R803, disco hidr\u00e1ulico<br \/>\nTRAV\u00c3O TRASEIRO<br \/>\nTRP HD-R803, disco hidr\u00e1ulico<br \/>\nTransmiss\u00e3o<br \/>\nPRATOS<br \/>\nPraxis, Cl 49,8 mm, NW, 44T, Bcd 104 mm<br \/>\nPEDAIS<br \/>\nSRAM FC S996 Carbono, S-165mm \/ M-L-170mm \/ XL-175mm<br \/>\nCONTROLOS DE MUDAN\u00c7A DE VELOCIDADE<br \/>\nShimano Deore XT, SL-M8100-IR, , direita, 12 velocidades r\u00e1pidas, sem visor \u00f3tico de mudan\u00e7as, I-Spec<br \/>\nMUDAN\u00c7A<br \/>\nShimano Deore XT 8100, 12 velocidades<br \/>\nCASETE<br \/>\nShimano SLX, CS-M7100, 12 velocidades, 10-51t<br \/>\nCADEIA<br \/>\nShimano SLX, M7100, 12-speed<br \/>\nRodas e Pneus<br \/>\nRODA FRONTAL<br \/>\nDT SWISS G540 Disc 24h &#8211; 700c X 24mm<br \/>\nRODA TRASEIRA<br \/>\nDT SWISS G540 Disc 24h &#8211; 700c X 24mm DEL TYRE.<br \/>\nProte\u00e7\u00e3o anti-furo Specialized Hemisphere, flancos reflectores, arame serrilhado, pneu todo-o-terreno, 700x47c<br \/>\nPNEU TRASEIRO<br \/>\nProte\u00e7\u00e3o anti-furo Specialized Hemisphere, flancos reflectores, arame serrilhado, pneu todo-o-terreno, 700x47c<br \/>\nC\u00c2MARAS<br \/>\nSpecialized Turbo Tube 29X1.75-2.4<br \/>\nCabine de pilotagem<br \/>\nSELIM<br \/>\nPonte Sport, carris ocos em cr-mo, 155 mm<br \/>\nESPIG\u00c3O ASSENTO<br \/>\nFibra de carbono, 30,9 mm, deslocamento 21 mm<br \/>\nPUNHOS<br \/>\nERGON, GA30-S Custom, 134,8 mm de comprimento<br \/>\nHaste<br \/>\nHaste Specialized Stealth, liga, 31,8 mm, luz integrada e suporte de ecr\u00e3, tamanho S: 60 mm 17 graus, M\/L\/Xl: 75 mm 15,5 graus<br \/>\nCABO<br \/>\nLiga Specialized, riser, 31,8 mm, 9 graus B-SWP, 15 mm de subida, 5 graus U-SWP, 680 mm.<br \/>\nAcess\u00f3rios<br \/>\nLUZ FRONTAL<br \/>\nLezyne, Ebike Fusion Stvzo E500+, 500 l\u00famens, cabo de 50 cm, com refletor<br \/>\nPEDAIS<br \/>\nSpecialized Commuter com fita adesiva e reflectores<br \/>\nTIMBRE<br \/>\nTimbre de lat\u00f3n Specialized<br \/>\nLANTERNA TRASEIRA<br \/>\nSuporte de selim integrado Specialized, tecnologia LED, 12V<\/li>\n<\/ul>\n","protected":false},"excerpt":{"rendered":"<p>Nada oferece mais pot\u00eancia, velocidade e autonomia com um peso t\u00e3o leve como a Turbo Vado SL 2 Carbon. \u00c9 uma m\u00e1quina premium de alto desempenho cuidadosamente concebida para tornar o exerc\u00edcio divertido e as tuas desloca\u00e7\u00f5es di\u00e1rias el\u00e9ctricas. <\/p>\n","protected":false},"featured_media":396318,"comment_status":"open","ping_status":"closed","template":"","meta":{"_acf_changed":false,"_et_pb_use_builder":"","_et_pb_old_content":"","_et_gb_content_width":"","inline_featured_image":false},"product_brand":[],"product_cat":[4353,5284,391,5261,5282,5260,5283,5281,2483],"product_tag":[],"class_list":{"0":"post-429311","1":"product","2":"type-product","3":"status-publish","4":"has-post-thumbnail","6":"product_cat-liquidacion-specialized","7":"product_cat-bicicletas-urbanas-pt-pt","8":"product_cat-eletricas","9":"product_cat-bicicletas-electricas-de-carbono","10":"product_cat-bicicletas-electricas-paseo-pt-pt","11":"product_cat-bicicletas-electricas-specialized-pt-pt","12":"product_cat-bicicletas-electricas-trekking-pt-pt","13":"product_cat-bicicletas-electricas-urbanas-pt-pt","14":"product_cat-bicicletas-especializadas","15":"product_shipping_class-bicicletas-pt-pt","17":"first","18":"instock","19":"sale","20":"taxable","21":"shipping-taxable","22":"purchasable","23":"product-type-variable","24":"wvs-archive-product-wrapper"},"acf":[],"yoast_head":"<!-- This site is optimized with the Yoast SEO Premium plugin v26.7 (Yoast SEO v26.7) - https:\/\/yoast.com\/wordpress\/plugins\/seo\/ -->\n<title>Specialized Vado SL 6.0 Carbono 2 2025 GR-100<\/title>\n<meta name=\"description\" content=\"Nada oferece mais pot\u00eancia, velocidade e autonomia com um peso t\u00e3o leve como a Turbo Vado SL 2 Carbon. \u00c9 uma m\u00e1quina premium de alto desempenho, cuidadosamente concebida para tornar o exerc\u00edcio divertido e as tuas desloca\u00e7\u00f5es di\u00e1rias el\u00e9ctricas.\" \/>\n<meta name=\"robots\" content=\"index, follow, max-snippet:-1, max-image-preview:large, max-video-preview:-1\" \/>\n<link rel=\"canonical\" href=\"https:\/\/gr-100.com\/pt-pt\/producto\/specialized-vado-sl-6-0-carbono-2-2025\/\" \/>\n<meta property=\"og:locale\" content=\"pt_PT\" \/>\n<meta property=\"og:type\" content=\"article\" \/>\n<meta property=\"og:title\" content=\"Specialized Vado SL 6.0 Carbono 2 2025\" \/>\n<meta property=\"og:description\" content=\"Nada oferece mais pot\u00eancia, velocidade e autonomia com um peso t\u00e3o leve como a Turbo Vado SL 2 Carbon. \u00c9 uma m\u00e1quina premium de alto desempenho, cuidadosamente concebida para tornar o exerc\u00edcio divertido e as tuas desloca\u00e7\u00f5es di\u00e1rias el\u00e9ctricas.\" \/>\n<meta property=\"og:url\" content=\"https:\/\/gr-100.com\/pt-pt\/producto\/specialized-vado-sl-6-0-carbono-2-2025\/\" \/>\n<meta property=\"og:site_name\" content=\"Gr-100 Tienda de ciclismo Specialized\" \/>\n<meta property=\"article:publisher\" content=\"https:\/\/www.facebook.com\/Gr100Bikes\" \/>\n<meta property=\"og:image\" content=\"https:\/\/gr-100.com\/wp-content\/uploads\/2024\/11\/Sin-titulo-40.jpeg\" \/>\n\t<meta property=\"og:image:width\" content=\"1000\" \/>\n\t<meta property=\"og:image:height\" content=\"1000\" \/>\n\t<meta property=\"og:image:type\" content=\"image\/jpeg\" \/>\n<meta name=\"twitter:card\" content=\"summary_large_image\" \/>\n<meta name=\"twitter:label1\" content=\"Tempo estimado de leitura\" \/>\n\t<meta name=\"twitter:data1\" content=\"2 minutos\" \/>\n<script type=\"application\/ld+json\" class=\"yoast-schema-graph\">{\"@context\":\"https:\/\/schema.org\",\"@graph\":[{\"@type\":\"WebPage\",\"@id\":\"https:\/\/gr-100.com\/pt-pt\/producto\/specialized-vado-sl-6-0-carbono-2-2025\/\",\"url\":\"https:\/\/gr-100.com\/pt-pt\/producto\/specialized-vado-sl-6-0-carbono-2-2025\/\",\"name\":\"Specialized Vado SL 6.0 Carbono 2 2025 GR-100\",\"isPartOf\":{\"@id\":\"https:\/\/gr-100.com\/#website\"},\"primaryImageOfPage\":{\"@id\":\"https:\/\/gr-100.com\/pt-pt\/producto\/specialized-vado-sl-6-0-carbono-2-2025\/#primaryimage\"},\"image\":{\"@id\":\"https:\/\/gr-100.com\/pt-pt\/producto\/specialized-vado-sl-6-0-carbono-2-2025\/#primaryimage\"},\"thumbnailUrl\":\"https:\/\/gr-100.com\/wp-content\/uploads\/2024\/11\/Sin-titulo-40.jpeg\",\"datePublished\":\"2024-11-18T10:43:01+00:00\",\"description\":\"Nada oferece mais pot\u00eancia, velocidade e autonomia com um peso t\u00e3o leve como a Turbo Vado SL 2 Carbon. \u00c9 uma m\u00e1quina premium de alto desempenho, cuidadosamente concebida para tornar o exerc\u00edcio divertido e as tuas desloca\u00e7\u00f5es di\u00e1rias el\u00e9ctricas.\",\"breadcrumb\":{\"@id\":\"https:\/\/gr-100.com\/pt-pt\/producto\/specialized-vado-sl-6-0-carbono-2-2025\/#breadcrumb\"},\"inLanguage\":\"pt-PT\",\"potentialAction\":[{\"@type\":\"ReadAction\",\"target\":[\"https:\/\/gr-100.com\/pt-pt\/producto\/specialized-vado-sl-6-0-carbono-2-2025\/\"]}]},{\"@type\":\"ImageObject\",\"inLanguage\":\"pt-PT\",\"@id\":\"https:\/\/gr-100.com\/pt-pt\/producto\/specialized-vado-sl-6-0-carbono-2-2025\/#primaryimage\",\"url\":\"https:\/\/gr-100.com\/wp-content\/uploads\/2024\/11\/Sin-titulo-40.jpeg\",\"contentUrl\":\"https:\/\/gr-100.com\/wp-content\/uploads\/2024\/11\/Sin-titulo-40.jpeg\",\"width\":1000,\"height\":1000},{\"@type\":\"BreadcrumbList\",\"@id\":\"https:\/\/gr-100.com\/pt-pt\/producto\/specialized-vado-sl-6-0-carbono-2-2025\/#breadcrumb\",\"itemListElement\":[{\"@type\":\"ListItem\",\"position\":1,\"name\":\"Portada\",\"item\":\"https:\/\/gr-100.com\/en\/\"},{\"@type\":\"ListItem\",\"position\":2,\"name\":\"Productos\",\"item\":\"https:\/\/gr-100.com\/?post_type=product\"},{\"@type\":\"ListItem\",\"position\":3,\"name\":\"Specialized Vado SL 6.0 Carbono 2 2025\"}]},{\"@type\":\"WebSite\",\"@id\":\"https:\/\/gr-100.com\/#website\",\"url\":\"https:\/\/gr-100.com\/\",\"name\":\"Gr-100 Tienda de ciclismo Specialized\",\"description\":\"GR-100 tenemos todas las gamas de bicicletas Specialized al mejor precio.\",\"publisher\":{\"@id\":\"https:\/\/gr-100.com\/#organization\"},\"alternateName\":\"Gr-100 Bikes\",\"potentialAction\":[{\"@type\":\"SearchAction\",\"target\":{\"@type\":\"EntryPoint\",\"urlTemplate\":\"https:\/\/gr-100.com\/?s={search_term_string}\"},\"query-input\":{\"@type\":\"PropertyValueSpecification\",\"valueRequired\":true,\"valueName\":\"search_term_string\"}}],\"inLanguage\":\"pt-PT\"},{\"@type\":\"Organization\",\"@id\":\"https:\/\/gr-100.com\/#organization\",\"name\":\"Gr-100\",\"url\":\"https:\/\/gr-100.com\/\",\"logo\":{\"@type\":\"ImageObject\",\"inLanguage\":\"pt-PT\",\"@id\":\"https:\/\/gr-100.com\/#\/schema\/logo\/image\/\",\"url\":\"https:\/\/gr-100.com\/wp-content\/uploads\/2023\/08\/logo-gr-100-bikes.png\",\"contentUrl\":\"https:\/\/gr-100.com\/wp-content\/uploads\/2023\/08\/logo-gr-100-bikes.png\",\"width\":707,\"height\":284,\"caption\":\"Gr-100\"},\"image\":{\"@id\":\"https:\/\/gr-100.com\/#\/schema\/logo\/image\/\"},\"sameAs\":[\"https:\/\/www.facebook.com\/Gr100Bikes\",\"https:\/\/www.instagram.com\/gr100bikes\/\",\"https:\/\/www.tiktok.com\/@gr100bikes\",\"https:\/\/twitter.com\/gr100mtbteam\",\"https:\/\/www.youtube.com\/c\/GR100Specialized\"]}]}<\/script>\n<!-- \/ Yoast SEO Premium plugin. -->","yoast_head_json":{"title":"Specialized Vado SL 6.0 Carbono 2 2025 GR-100","description":"Nada oferece mais pot\u00eancia, velocidade e autonomia com um peso t\u00e3o leve como a Turbo Vado SL 2 Carbon. \u00c9 uma m\u00e1quina premium de alto desempenho, cuidadosamente concebida para tornar o exerc\u00edcio divertido e as tuas desloca\u00e7\u00f5es di\u00e1rias el\u00e9ctricas.","robots":{"index":"index","follow":"follow","max-snippet":"max-snippet:-1","max-image-preview":"max-image-preview:large","max-video-preview":"max-video-preview:-1"},"canonical":"https:\/\/gr-100.com\/pt-pt\/producto\/specialized-vado-sl-6-0-carbono-2-2025\/","og_locale":"pt_PT","og_type":"article","og_title":"Specialized Vado SL 6.0 Carbono 2 2025","og_description":"Nada oferece mais pot\u00eancia, velocidade e autonomia com um peso t\u00e3o leve como a Turbo Vado SL 2 Carbon. \u00c9 uma m\u00e1quina premium de alto desempenho, cuidadosamente concebida para tornar o exerc\u00edcio divertido e as tuas desloca\u00e7\u00f5es di\u00e1rias el\u00e9ctricas.","og_url":"https:\/\/gr-100.com\/pt-pt\/producto\/specialized-vado-sl-6-0-carbono-2-2025\/","og_site_name":"Gr-100 Tienda de ciclismo Specialized","article_publisher":"https:\/\/www.facebook.com\/Gr100Bikes","og_image":[{"width":1000,"height":1000,"url":"https:\/\/gr-100.com\/wp-content\/uploads\/2024\/11\/Sin-titulo-40.jpeg","type":"image\/jpeg"}],"twitter_card":"summary_large_image","twitter_misc":{"Tempo estimado de leitura":"2 minutos"},"schema":{"@context":"https:\/\/schema.org","@graph":[{"@type":"WebPage","@id":"https:\/\/gr-100.com\/pt-pt\/producto\/specialized-vado-sl-6-0-carbono-2-2025\/","url":"https:\/\/gr-100.com\/pt-pt\/producto\/specialized-vado-sl-6-0-carbono-2-2025\/","name":"Specialized Vado SL 6.0 Carbono 2 2025 GR-100","isPartOf":{"@id":"https:\/\/gr-100.com\/#website"},"primaryImageOfPage":{"@id":"https:\/\/gr-100.com\/pt-pt\/producto\/specialized-vado-sl-6-0-carbono-2-2025\/#primaryimage"},"image":{"@id":"https:\/\/gr-100.com\/pt-pt\/producto\/specialized-vado-sl-6-0-carbono-2-2025\/#primaryimage"},"thumbnailUrl":"https:\/\/gr-100.com\/wp-content\/uploads\/2024\/11\/Sin-titulo-40.jpeg","datePublished":"2024-11-18T10:43:01+00:00","description":"Nada oferece mais pot\u00eancia, velocidade e autonomia com um peso t\u00e3o leve como a Turbo Vado SL 2 Carbon. \u00c9 uma m\u00e1quina premium de alto desempenho, cuidadosamente concebida para tornar o exerc\u00edcio divertido e as tuas desloca\u00e7\u00f5es di\u00e1rias el\u00e9ctricas.","breadcrumb":{"@id":"https:\/\/gr-100.com\/pt-pt\/producto\/specialized-vado-sl-6-0-carbono-2-2025\/#breadcrumb"},"inLanguage":"pt-PT","potentialAction":[{"@type":"ReadAction","target":["https:\/\/gr-100.com\/pt-pt\/producto\/specialized-vado-sl-6-0-carbono-2-2025\/"]}]},{"@type":"ImageObject","inLanguage":"pt-PT","@id":"https:\/\/gr-100.com\/pt-pt\/producto\/specialized-vado-sl-6-0-carbono-2-2025\/#primaryimage","url":"https:\/\/gr-100.com\/wp-content\/uploads\/2024\/11\/Sin-titulo-40.jpeg","contentUrl":"https:\/\/gr-100.com\/wp-content\/uploads\/2024\/11\/Sin-titulo-40.jpeg","width":1000,"height":1000},{"@type":"BreadcrumbList","@id":"https:\/\/gr-100.com\/pt-pt\/producto\/specialized-vado-sl-6-0-carbono-2-2025\/#breadcrumb","itemListElement":[{"@type":"ListItem","position":1,"name":"Portada","item":"https:\/\/gr-100.com\/en\/"},{"@type":"ListItem","position":2,"name":"Productos","item":"https:\/\/gr-100.com\/?post_type=product"},{"@type":"ListItem","position":3,"name":"Specialized Vado SL 6.0 Carbono 2 2025"}]},{"@type":"WebSite","@id":"https:\/\/gr-100.com\/#website","url":"https:\/\/gr-100.com\/","name":"Gr-100 Tienda de ciclismo Specialized","description":"GR-100 tenemos todas las gamas de bicicletas Specialized al mejor precio.","publisher":{"@id":"https:\/\/gr-100.com\/#organization"},"alternateName":"Gr-100 Bikes","potentialAction":[{"@type":"SearchAction","target":{"@type":"EntryPoint","urlTemplate":"https:\/\/gr-100.com\/?s={search_term_string}"},"query-input":{"@type":"PropertyValueSpecification","valueRequired":true,"valueName":"search_term_string"}}],"inLanguage":"pt-PT"},{"@type":"Organization","@id":"https:\/\/gr-100.com\/#organization","name":"Gr-100","url":"https:\/\/gr-100.com\/","logo":{"@type":"ImageObject","inLanguage":"pt-PT","@id":"https:\/\/gr-100.com\/#\/schema\/logo\/image\/","url":"https:\/\/gr-100.com\/wp-content\/uploads\/2023\/08\/logo-gr-100-bikes.png","contentUrl":"https:\/\/gr-100.com\/wp-content\/uploads\/2023\/08\/logo-gr-100-bikes.png","width":707,"height":284,"caption":"Gr-100"},"image":{"@id":"https:\/\/gr-100.com\/#\/schema\/logo\/image\/"},"sameAs":["https:\/\/www.facebook.com\/Gr100Bikes","https:\/\/www.instagram.com\/gr100bikes\/","https:\/\/www.tiktok.com\/@gr100bikes","https:\/\/twitter.com\/gr100mtbteam","https:\/\/www.youtube.com\/c\/GR100Specialized"]}]}},"_links":{"self":[{"href":"https:\/\/gr-100.com\/pt-pt\/wp-json\/wp\/v2\/product\/429311","targetHints":{"allow":["GET"]}}],"collection":[{"href":"https:\/\/gr-100.com\/pt-pt\/wp-json\/wp\/v2\/product"}],"about":[{"href":"https:\/\/gr-100.com\/pt-pt\/wp-json\/wp\/v2\/types\/product"}],"replies":[{"embeddable":true,"href":"https:\/\/gr-100.com\/pt-pt\/wp-json\/wp\/v2\/comments?post=429311"}],"wp:featuredmedia":[{"embeddable":true,"href":"https:\/\/gr-100.com\/pt-pt\/wp-json\/wp\/v2\/media\/396318"}],"wp:attachment":[{"href":"https:\/\/gr-100.com\/pt-pt\/wp-json\/wp\/v2\/media?parent=429311"}],"wp:term":[{"taxonomy":"product_brand","embeddable":true,"href":"https:\/\/gr-100.com\/pt-pt\/wp-json\/wp\/v2\/product_brand?post=429311"},{"taxonomy":"product_cat","embeddable":true,"href":"https:\/\/gr-100.com\/pt-pt\/wp-json\/wp\/v2\/product_cat?post=429311"},{"taxonomy":"product_tag","embeddable":true,"href":"https:\/\/gr-100.com\/pt-pt\/wp-json\/wp\/v2\/product_tag?post=429311"}],"curies":[{"name":"wp","href":"https:\/\/api.w.org\/{rel}","templated":true}]}}