{"id":429383,"date":"2025-04-02T12:01:51","date_gmt":"2025-04-02T11:01:51","guid":{"rendered":"https:\/\/gr-100.com\/producto\/specialized-neumatico-pathfinder-tlr-de-fast-gravel-2025\/"},"modified":"2025-04-02T12:01:51","modified_gmt":"2025-04-02T10:01:51","slug":"specialized-neumatico-pathfinder-tlr-de-fast-gravel-2025","status":"publish","type":"product","link":"https:\/\/gr-100.com\/pt-pt\/producto\/specialized-neumatico-pathfinder-tlr-de-fast-gravel-2025\/","title":{"rendered":"Specialized Neum\u00e1tico Pathfinder TLR de Fast Gravel 2025"},"content":{"rendered":"<ul>\n<li>Usos &#8211; Competici\u00f3n de gravel en terrenos compactos<\/li>\n<li>Terreno &#8211; Gravel compacto y medio suelto<\/li>\n<li>Carcasa &#8211; Carcasa TLR de 3 capas 60TPI, tubeless<\/li>\n<li>Compuesto &#8211; GRIPTON T2\/T5<\/li>\n<li>Combinaci\u00f3n de ruedas recomendada &#8211; Roval Terra<\/li>\n<li>Peso aproximado &#8211; 700x35c, 380g, 700x40c, 470g, 700x45c, 520g.<\/li>\n<\/ul>\n","protected":false},"excerpt":{"rendered":"<p>El nuevo Pathfinder TLR es un 19 % m\u00e1s r\u00e1pido, 25 g m\u00e1s ligero y un 30 % m\u00e1s resistente a cortes que su predecesor, lo que hace a\u00fan mejor el neum\u00e1tico de gravel con m\u00e1s victorias. Su banda de rodadura r\u00e1pida y el compuesto T2 en el centro aseguran una m\u00e1xima velocidad en l\u00ednea recta, mientras que el compuesto T5, m\u00e1s adherente en los tacos laterales, mejora la tracci\u00f3n en las curvas. La robusta carcasa TLR de rodado r\u00e1pido ofrece una aceleraci\u00f3n m\u00e1xima y un excelente rendimiento en subidas, adem\u00e1s de prevenir pinchazos. Para velocidad que desaf\u00eda los l\u00edmites, elige Pathfinder.   <\/p>\n","protected":false},"featured_media":405536,"comment_status":"open","ping_status":"closed","template":"","meta":{"_acf_changed":false,"_et_pb_use_builder":"","_et_pb_old_content":"","_et_gb_content_width":"","inline_featured_image":false},"product_brand":[],"product_cat":[379,381],"product_tag":[],"class_list":{"0":"post-429383","1":"product","2":"type-product","3":"status-publish","4":"has-post-thumbnail","6":"product_cat-componentes-pt-pt","7":"product_cat-pneus-e-camaras-de-ar","8":"pa_tamanos-700-x-40-pt-pt","9":"pa_tamanos-700x35-pt-pt","10":"pa_tamanos-700x45-pt-pt","11":"pa_tamanos-700x50-pt-pt","13":"first","14":"instock","15":"taxable","16":"shipping-taxable","17":"purchasable","18":"product-type-variable","19":"wvs-archive-product-wrapper"},"acf":[],"yoast_head":"<!-- This site is optimized with the Yoast SEO Premium plugin v26.7 (Yoast SEO v26.7) - https:\/\/yoast.com\/wordpress\/plugins\/seo\/ -->\n<title>Specialized Neum\u00e1tico Pathfinder TLR de Fast Gravel 2025 GR-100 Specialized<\/title>\n<meta name=\"description\" content=\"El nuevo Pathfinder TLR es un 19 % m\u00e1s r\u00e1pido, 25 g m\u00e1s ligero y un 30 % m\u00e1s resistente a cortes que su predecesor, lo que hace a\u00fan mejor el neum\u00e1tico de gravel con m\u00e1s victorias. Su banda de rodadura r\u00e1pida y el compuesto T2 en el centro aseguran una m\u00e1xima velocidad en l\u00ednea recta, mientras que el compuesto T5, m\u00e1s adherente en los tacos laterales, mejora la tracci\u00f3n en las curvas. La robusta carcasa TLR de rodado r\u00e1pido ofrece una aceleraci\u00f3n m\u00e1xima y un excelente rendimiento en subidas, adem\u00e1s de prevenir pinchazos. Para velocidad que desaf\u00eda los l\u00edmites, elige Pathfinder.\" \/>\n<meta name=\"robots\" content=\"index, follow, max-snippet:-1, max-image-preview:large, max-video-preview:-1\" \/>\n<link rel=\"canonical\" href=\"https:\/\/gr-100.com\/pt-pt\/producto\/specialized-neumatico-pathfinder-tlr-de-fast-gravel-2025\/\" \/>\n<meta property=\"og:locale\" content=\"pt_PT\" \/>\n<meta property=\"og:type\" content=\"article\" \/>\n<meta property=\"og:title\" content=\"Specialized Neum\u00e1tico Pathfinder TLR de Fast Gravel 2025\" \/>\n<meta property=\"og:description\" content=\"El nuevo Pathfinder TLR es un 19 % m\u00e1s r\u00e1pido, 25 g m\u00e1s ligero y un 30 % m\u00e1s resistente a cortes que su predecesor, lo que hace a\u00fan mejor el neum\u00e1tico de gravel con m\u00e1s victorias. Su banda de rodadura r\u00e1pida y el compuesto T2 en el centro aseguran una m\u00e1xima velocidad en l\u00ednea recta, mientras que el compuesto T5, m\u00e1s adherente en los tacos laterales, mejora la tracci\u00f3n en las curvas. La robusta carcasa TLR de rodado r\u00e1pido ofrece una aceleraci\u00f3n m\u00e1xima y un excelente rendimiento en subidas, adem\u00e1s de prevenir pinchazos. Para velocidad que desaf\u00eda los l\u00edmites, elige Pathfinder.\" \/>\n<meta property=\"og:url\" content=\"https:\/\/gr-100.com\/pt-pt\/producto\/specialized-neumatico-pathfinder-tlr-de-fast-gravel-2025\/\" \/>\n<meta property=\"og:site_name\" content=\"Gr-100 Tienda de ciclismo Specialized\" \/>\n<meta property=\"article:publisher\" content=\"https:\/\/www.facebook.com\/Gr100Bikes\" \/>\n<meta property=\"og:image\" content=\"https:\/\/gr-100.com\/wp-content\/uploads\/2025\/04\/Diseno-sin-titulo-2025-04-02T134932.589.jpg\" \/>\n\t<meta property=\"og:image:width\" content=\"1000\" \/>\n\t<meta property=\"og:image:height\" content=\"1000\" \/>\n\t<meta property=\"og:image:type\" content=\"image\/jpeg\" \/>\n<meta name=\"twitter:card\" content=\"summary_large_image\" \/>\n<script type=\"application\/ld+json\" class=\"yoast-schema-graph\">{\"@context\":\"https:\/\/schema.org\",\"@graph\":[{\"@type\":\"WebPage\",\"@id\":\"https:\/\/gr-100.com\/pt-pt\/producto\/specialized-neumatico-pathfinder-tlr-de-fast-gravel-2025\/\",\"url\":\"https:\/\/gr-100.com\/pt-pt\/producto\/specialized-neumatico-pathfinder-tlr-de-fast-gravel-2025\/\",\"name\":\"Specialized Neum\u00e1tico Pathfinder TLR de Fast Gravel 2025 GR-100 Specialized\",\"isPartOf\":{\"@id\":\"https:\/\/gr-100.com\/#website\"},\"primaryImageOfPage\":{\"@id\":\"https:\/\/gr-100.com\/pt-pt\/producto\/specialized-neumatico-pathfinder-tlr-de-fast-gravel-2025\/#primaryimage\"},\"image\":{\"@id\":\"https:\/\/gr-100.com\/pt-pt\/producto\/specialized-neumatico-pathfinder-tlr-de-fast-gravel-2025\/#primaryimage\"},\"thumbnailUrl\":\"https:\/\/gr-100.com\/wp-content\/uploads\/2025\/04\/Diseno-sin-titulo-2025-04-02T134932.589.jpg\",\"datePublished\":\"2025-04-02T11:01:51+00:00\",\"description\":\"El nuevo Pathfinder TLR es un 19 % m\u00e1s r\u00e1pido, 25 g m\u00e1s ligero y un 30 % m\u00e1s resistente a cortes que su predecesor, lo que hace a\u00fan mejor el neum\u00e1tico de gravel con m\u00e1s victorias. Su banda de rodadura r\u00e1pida y el compuesto T2 en el centro aseguran una m\u00e1xima velocidad en l\u00ednea recta, mientras que el compuesto T5, m\u00e1s adherente en los tacos laterales, mejora la tracci\u00f3n en las curvas. La robusta carcasa TLR de rodado r\u00e1pido ofrece una aceleraci\u00f3n m\u00e1xima y un excelente rendimiento en subidas, adem\u00e1s de prevenir pinchazos. Para velocidad que desaf\u00eda los l\u00edmites, elige Pathfinder.\",\"breadcrumb\":{\"@id\":\"https:\/\/gr-100.com\/pt-pt\/producto\/specialized-neumatico-pathfinder-tlr-de-fast-gravel-2025\/#breadcrumb\"},\"inLanguage\":\"pt-PT\",\"potentialAction\":[{\"@type\":\"ReadAction\",\"target\":[\"https:\/\/gr-100.com\/pt-pt\/producto\/specialized-neumatico-pathfinder-tlr-de-fast-gravel-2025\/\"]}]},{\"@type\":\"ImageObject\",\"inLanguage\":\"pt-PT\",\"@id\":\"https:\/\/gr-100.com\/pt-pt\/producto\/specialized-neumatico-pathfinder-tlr-de-fast-gravel-2025\/#primaryimage\",\"url\":\"https:\/\/gr-100.com\/wp-content\/uploads\/2025\/04\/Diseno-sin-titulo-2025-04-02T134932.589.jpg\",\"contentUrl\":\"https:\/\/gr-100.com\/wp-content\/uploads\/2025\/04\/Diseno-sin-titulo-2025-04-02T134932.589.jpg\",\"width\":1000,\"height\":1000},{\"@type\":\"BreadcrumbList\",\"@id\":\"https:\/\/gr-100.com\/pt-pt\/producto\/specialized-neumatico-pathfinder-tlr-de-fast-gravel-2025\/#breadcrumb\",\"itemListElement\":[{\"@type\":\"ListItem\",\"position\":1,\"name\":\"Portada\",\"item\":\"https:\/\/gr-100.com\/en\/\"},{\"@type\":\"ListItem\",\"position\":2,\"name\":\"Productos\",\"item\":\"https:\/\/gr-100.com\/?post_type=product\"},{\"@type\":\"ListItem\",\"position\":3,\"name\":\"Specialized Neum\u00e1tico Pathfinder TLR de Fast Gravel 2025\"}]},{\"@type\":\"WebSite\",\"@id\":\"https:\/\/gr-100.com\/#website\",\"url\":\"https:\/\/gr-100.com\/\",\"name\":\"Gr-100 Tienda de ciclismo Specialized\",\"description\":\"GR-100 tenemos todas las gamas de bicicletas Specialized al mejor precio.\",\"publisher\":{\"@id\":\"https:\/\/gr-100.com\/#organization\"},\"alternateName\":\"Gr-100 Bikes\",\"potentialAction\":[{\"@type\":\"SearchAction\",\"target\":{\"@type\":\"EntryPoint\",\"urlTemplate\":\"https:\/\/gr-100.com\/?s={search_term_string}\"},\"query-input\":{\"@type\":\"PropertyValueSpecification\",\"valueRequired\":true,\"valueName\":\"search_term_string\"}}],\"inLanguage\":\"pt-PT\"},{\"@type\":\"Organization\",\"@id\":\"https:\/\/gr-100.com\/#organization\",\"name\":\"Gr-100\",\"url\":\"https:\/\/gr-100.com\/\",\"logo\":{\"@type\":\"ImageObject\",\"inLanguage\":\"pt-PT\",\"@id\":\"https:\/\/gr-100.com\/#\/schema\/logo\/image\/\",\"url\":\"https:\/\/gr-100.com\/wp-content\/uploads\/2023\/08\/logo-gr-100-bikes.png\",\"contentUrl\":\"https:\/\/gr-100.com\/wp-content\/uploads\/2023\/08\/logo-gr-100-bikes.png\",\"width\":707,\"height\":284,\"caption\":\"Gr-100\"},\"image\":{\"@id\":\"https:\/\/gr-100.com\/#\/schema\/logo\/image\/\"},\"sameAs\":[\"https:\/\/www.facebook.com\/Gr100Bikes\",\"https:\/\/www.instagram.com\/gr100bikes\/\",\"https:\/\/www.tiktok.com\/@gr100bikes\",\"https:\/\/twitter.com\/gr100mtbteam\",\"https:\/\/www.youtube.com\/c\/GR100Specialized\"]}]}<\/script>\n<!-- \/ Yoast SEO Premium plugin. -->","yoast_head_json":{"title":"Specialized Neum\u00e1tico Pathfinder TLR de Fast Gravel 2025 GR-100 Specialized","description":"El nuevo Pathfinder TLR es un 19 % m\u00e1s r\u00e1pido, 25 g m\u00e1s ligero y un 30 % m\u00e1s resistente a cortes que su predecesor, lo que hace a\u00fan mejor el neum\u00e1tico de gravel con m\u00e1s victorias. Su banda de rodadura r\u00e1pida y el compuesto T2 en el centro aseguran una m\u00e1xima velocidad en l\u00ednea recta, mientras que el compuesto T5, m\u00e1s adherente en los tacos laterales, mejora la tracci\u00f3n en las curvas. La robusta carcasa TLR de rodado r\u00e1pido ofrece una aceleraci\u00f3n m\u00e1xima y un excelente rendimiento en subidas, adem\u00e1s de prevenir pinchazos. Para velocidad que desaf\u00eda los l\u00edmites, elige Pathfinder.","robots":{"index":"index","follow":"follow","max-snippet":"max-snippet:-1","max-image-preview":"max-image-preview:large","max-video-preview":"max-video-preview:-1"},"canonical":"https:\/\/gr-100.com\/pt-pt\/producto\/specialized-neumatico-pathfinder-tlr-de-fast-gravel-2025\/","og_locale":"pt_PT","og_type":"article","og_title":"Specialized Neum\u00e1tico Pathfinder TLR de Fast Gravel 2025","og_description":"El nuevo Pathfinder TLR es un 19 % m\u00e1s r\u00e1pido, 25 g m\u00e1s ligero y un 30 % m\u00e1s resistente a cortes que su predecesor, lo que hace a\u00fan mejor el neum\u00e1tico de gravel con m\u00e1s victorias. Su banda de rodadura r\u00e1pida y el compuesto T2 en el centro aseguran una m\u00e1xima velocidad en l\u00ednea recta, mientras que el compuesto T5, m\u00e1s adherente en los tacos laterales, mejora la tracci\u00f3n en las curvas. La robusta carcasa TLR de rodado r\u00e1pido ofrece una aceleraci\u00f3n m\u00e1xima y un excelente rendimiento en subidas, adem\u00e1s de prevenir pinchazos. Para velocidad que desaf\u00eda los l\u00edmites, elige Pathfinder.","og_url":"https:\/\/gr-100.com\/pt-pt\/producto\/specialized-neumatico-pathfinder-tlr-de-fast-gravel-2025\/","og_site_name":"Gr-100 Tienda de ciclismo Specialized","article_publisher":"https:\/\/www.facebook.com\/Gr100Bikes","og_image":[{"width":1000,"height":1000,"url":"https:\/\/gr-100.com\/wp-content\/uploads\/2025\/04\/Diseno-sin-titulo-2025-04-02T134932.589.jpg","type":"image\/jpeg"}],"twitter_card":"summary_large_image","schema":{"@context":"https:\/\/schema.org","@graph":[{"@type":"WebPage","@id":"https:\/\/gr-100.com\/pt-pt\/producto\/specialized-neumatico-pathfinder-tlr-de-fast-gravel-2025\/","url":"https:\/\/gr-100.com\/pt-pt\/producto\/specialized-neumatico-pathfinder-tlr-de-fast-gravel-2025\/","name":"Specialized Neum\u00e1tico Pathfinder TLR de Fast Gravel 2025 GR-100 Specialized","isPartOf":{"@id":"https:\/\/gr-100.com\/#website"},"primaryImageOfPage":{"@id":"https:\/\/gr-100.com\/pt-pt\/producto\/specialized-neumatico-pathfinder-tlr-de-fast-gravel-2025\/#primaryimage"},"image":{"@id":"https:\/\/gr-100.com\/pt-pt\/producto\/specialized-neumatico-pathfinder-tlr-de-fast-gravel-2025\/#primaryimage"},"thumbnailUrl":"https:\/\/gr-100.com\/wp-content\/uploads\/2025\/04\/Diseno-sin-titulo-2025-04-02T134932.589.jpg","datePublished":"2025-04-02T11:01:51+00:00","description":"El nuevo Pathfinder TLR es un 19 % m\u00e1s r\u00e1pido, 25 g m\u00e1s ligero y un 30 % m\u00e1s resistente a cortes que su predecesor, lo que hace a\u00fan mejor el neum\u00e1tico de gravel con m\u00e1s victorias. Su banda de rodadura r\u00e1pida y el compuesto T2 en el centro aseguran una m\u00e1xima velocidad en l\u00ednea recta, mientras que el compuesto T5, m\u00e1s adherente en los tacos laterales, mejora la tracci\u00f3n en las curvas. La robusta carcasa TLR de rodado r\u00e1pido ofrece una aceleraci\u00f3n m\u00e1xima y un excelente rendimiento en subidas, adem\u00e1s de prevenir pinchazos. Para velocidad que desaf\u00eda los l\u00edmites, elige Pathfinder.","breadcrumb":{"@id":"https:\/\/gr-100.com\/pt-pt\/producto\/specialized-neumatico-pathfinder-tlr-de-fast-gravel-2025\/#breadcrumb"},"inLanguage":"pt-PT","potentialAction":[{"@type":"ReadAction","target":["https:\/\/gr-100.com\/pt-pt\/producto\/specialized-neumatico-pathfinder-tlr-de-fast-gravel-2025\/"]}]},{"@type":"ImageObject","inLanguage":"pt-PT","@id":"https:\/\/gr-100.com\/pt-pt\/producto\/specialized-neumatico-pathfinder-tlr-de-fast-gravel-2025\/#primaryimage","url":"https:\/\/gr-100.com\/wp-content\/uploads\/2025\/04\/Diseno-sin-titulo-2025-04-02T134932.589.jpg","contentUrl":"https:\/\/gr-100.com\/wp-content\/uploads\/2025\/04\/Diseno-sin-titulo-2025-04-02T134932.589.jpg","width":1000,"height":1000},{"@type":"BreadcrumbList","@id":"https:\/\/gr-100.com\/pt-pt\/producto\/specialized-neumatico-pathfinder-tlr-de-fast-gravel-2025\/#breadcrumb","itemListElement":[{"@type":"ListItem","position":1,"name":"Portada","item":"https:\/\/gr-100.com\/en\/"},{"@type":"ListItem","position":2,"name":"Productos","item":"https:\/\/gr-100.com\/?post_type=product"},{"@type":"ListItem","position":3,"name":"Specialized Neum\u00e1tico Pathfinder TLR de Fast Gravel 2025"}]},{"@type":"WebSite","@id":"https:\/\/gr-100.com\/#website","url":"https:\/\/gr-100.com\/","name":"Gr-100 Tienda de ciclismo Specialized","description":"GR-100 tenemos todas las gamas de bicicletas Specialized al mejor precio.","publisher":{"@id":"https:\/\/gr-100.com\/#organization"},"alternateName":"Gr-100 Bikes","potentialAction":[{"@type":"SearchAction","target":{"@type":"EntryPoint","urlTemplate":"https:\/\/gr-100.com\/?s={search_term_string}"},"query-input":{"@type":"PropertyValueSpecification","valueRequired":true,"valueName":"search_term_string"}}],"inLanguage":"pt-PT"},{"@type":"Organization","@id":"https:\/\/gr-100.com\/#organization","name":"Gr-100","url":"https:\/\/gr-100.com\/","logo":{"@type":"ImageObject","inLanguage":"pt-PT","@id":"https:\/\/gr-100.com\/#\/schema\/logo\/image\/","url":"https:\/\/gr-100.com\/wp-content\/uploads\/2023\/08\/logo-gr-100-bikes.png","contentUrl":"https:\/\/gr-100.com\/wp-content\/uploads\/2023\/08\/logo-gr-100-bikes.png","width":707,"height":284,"caption":"Gr-100"},"image":{"@id":"https:\/\/gr-100.com\/#\/schema\/logo\/image\/"},"sameAs":["https:\/\/www.facebook.com\/Gr100Bikes","https:\/\/www.instagram.com\/gr100bikes\/","https:\/\/www.tiktok.com\/@gr100bikes","https:\/\/twitter.com\/gr100mtbteam","https:\/\/www.youtube.com\/c\/GR100Specialized"]}]}},"_links":{"self":[{"href":"https:\/\/gr-100.com\/pt-pt\/wp-json\/wp\/v2\/product\/429383","targetHints":{"allow":["GET"]}}],"collection":[{"href":"https:\/\/gr-100.com\/pt-pt\/wp-json\/wp\/v2\/product"}],"about":[{"href":"https:\/\/gr-100.com\/pt-pt\/wp-json\/wp\/v2\/types\/product"}],"replies":[{"embeddable":true,"href":"https:\/\/gr-100.com\/pt-pt\/wp-json\/wp\/v2\/comments?post=429383"}],"wp:featuredmedia":[{"embeddable":true,"href":"https:\/\/gr-100.com\/pt-pt\/wp-json\/wp\/v2\/media\/405536"}],"wp:attachment":[{"href":"https:\/\/gr-100.com\/pt-pt\/wp-json\/wp\/v2\/media?parent=429383"}],"wp:term":[{"taxonomy":"product_brand","embeddable":true,"href":"https:\/\/gr-100.com\/pt-pt\/wp-json\/wp\/v2\/product_brand?post=429383"},{"taxonomy":"product_cat","embeddable":true,"href":"https:\/\/gr-100.com\/pt-pt\/wp-json\/wp\/v2\/product_cat?post=429383"},{"taxonomy":"product_tag","embeddable":true,"href":"https:\/\/gr-100.com\/pt-pt\/wp-json\/wp\/v2\/product_tag?post=429383"}],"curies":[{"name":"wp","href":"https:\/\/api.w.org\/{rel}","templated":true}]}}