{"id":429415,"date":"2025-04-01T10:35:11","date_gmt":"2025-04-01T08:35:11","guid":{"rendered":"https:\/\/gr-100.com\/producto\/capacete-fox-speedframe-solid\/"},"modified":"2025-04-01T10:35:11","modified_gmt":"2025-04-01T08:35:11","slug":"capacete-fox-speedframe-solid","status":"publish","type":"product","link":"https:\/\/gr-100.com\/pt-pt\/producto\/capacete-fox-speedframe-solid\/","title":{"rendered":"Capacete Fox Speedframe Solid"},"content":{"rendered":"<p>O capacete Speedframe Solid apresenta o estilo ic\u00f3nico da Fox, mais Mips\u00ae para te manter protegido nos trilhos, ventila\u00e7\u00e3o optimizada para te manter fresco e o sistema 360\u00b0 Fit para um ajuste perfeito. Adiciona o lend\u00e1rio ADN de design agressivo da Fox e o resultado \u00e9 um dos capacetes de MTB mais preparados para os trilhos no mercado atual. <\/p>\n<p>Especifica\u00e7\u00f5es<\/p>\n<ul>\n<li>Quando integrado num capacete, o sistema de prote\u00e7\u00e3o adicional Mips\u00ae demonstrou reduzir o movimento rotacional, absorvendo e redireccionando energias e for\u00e7as que, de outra forma, seriam transmitidas ao c\u00e9rebro.<\/li>\n<li>A ventila\u00e7\u00e3o optimizada com EPS moldado com canais proporciona um arrefecimento eficiente<\/li>\n<li>Forro amov\u00edvel e lav\u00e1vel que absorve a humidade<\/li>\n<li>O sistema 360\u00b0 Fit d\u00e1-te o ajuste perfeito para cada passeio.<\/li>\n<li>O escudo ajust\u00e1vel com uma m\u00e3o \u00e9 compat\u00edvel com \u00f3culos de sol ou \u00f3culos de prote\u00e7\u00e3o.<\/li>\n<li>Solu\u00e7\u00e3o espec\u00edfica para guardar \u00f3culos de sol<\/li>\n<li>Tamanhos: pequeno, m\u00e9dio e grande<\/li>\n<li>Ajuste da regula\u00e7\u00e3o<\/li>\n<li>Sistema de ajuste de 360\u00b0: roda a roda no sentido contr\u00e1rio ao dos ponteiros do rel\u00f3gio para desapertar e no sentido dos ponteiros do rel\u00f3gio para apertar; permite um ajuste preciso. Ajusta o capacete enquanto o usa <\/li>\n<li>Suporte traseiro: quatro pontos de ajuste movem o suporte para cima ou para baixo na tua cabe\u00e7a para garantir o melhor ajuste poss\u00edvel<\/li>\n<li>Como refer\u00eancia adequada, os novos capacetes Speedframe RS, Speedframe Pro e Speedframe partilham a mesma forma de cabe\u00e7a da gera\u00e7\u00e3o anterior.<\/li>\n<\/ul>\n","protected":false},"excerpt":{"rendered":"<p>Prote\u00e7\u00e3o essencial, capacete de desempenho aberto<\/p>\n","protected":false},"featured_media":405299,"comment_status":"open","ping_status":"closed","template":"","meta":{"_acf_changed":false,"_et_pb_use_builder":"","_et_pb_old_content":"","_et_gb_content_width":"","inline_featured_image":false},"product_brand":[],"product_cat":[361,363],"product_tag":[],"class_list":{"0":"post-429415","1":"product","2":"type-product","3":"status-publish","4":"has-post-thumbnail","6":"product_cat-acessorios","7":"product_cat-capacetes","9":"first","10":"outofstock","11":"taxable","12":"shipping-taxable","13":"purchasable","14":"product-type-variable","15":"wvs-archive-product-wrapper"},"acf":[],"yoast_head":"<!-- This site is optimized with the Yoast SEO Premium plugin v26.7 (Yoast SEO v26.7) - https:\/\/yoast.com\/wordpress\/plugins\/seo\/ -->\n<title>Capacete Fox Speedframe Solid Gr-100 Fox Speedframe Solid Helmet<\/title>\n<meta name=\"description\" content=\"O capacete Speedframe Solid apresenta o estilo ic\u00f3nico da Fox, mais Mips\u00ae para te manter protegido nos trilhos, ventila\u00e7\u00e3o optimizada\" \/>\n<meta name=\"robots\" content=\"index, follow, max-snippet:-1, max-image-preview:large, max-video-preview:-1\" \/>\n<link rel=\"canonical\" href=\"https:\/\/gr-100.com\/pt-pt\/producto\/capacete-fox-speedframe-solid\/\" \/>\n<meta property=\"og:locale\" content=\"pt_PT\" \/>\n<meta property=\"og:type\" content=\"article\" \/>\n<meta property=\"og:title\" content=\"Capacete Fox Speedframe Solid\" \/>\n<meta property=\"og:description\" content=\"O capacete Speedframe Solid apresenta o estilo ic\u00f3nico da Fox, mais Mips\u00ae para te manter protegido nos trilhos, ventila\u00e7\u00e3o optimizada\" \/>\n<meta property=\"og:url\" content=\"https:\/\/gr-100.com\/pt-pt\/producto\/capacete-fox-speedframe-solid\/\" \/>\n<meta property=\"og:site_name\" content=\"Gr-100 Tienda de ciclismo Specialized\" \/>\n<meta property=\"article:publisher\" content=\"https:\/\/www.facebook.com\/Gr100Bikes\" \/>\n<meta property=\"og:image\" content=\"https:\/\/gr-100.com\/wp-content\/uploads\/2025\/04\/33497001_1-CASCO-FOX-1.jpg\" \/>\n\t<meta property=\"og:image:width\" content=\"1500\" \/>\n\t<meta property=\"og:image:height\" content=\"1500\" \/>\n\t<meta property=\"og:image:type\" content=\"image\/jpeg\" \/>\n<meta name=\"twitter:card\" content=\"summary_large_image\" \/>\n<meta name=\"twitter:label1\" content=\"Tempo estimado de leitura\" \/>\n\t<meta name=\"twitter:data1\" content=\"1 minuto\" \/>\n<script type=\"application\/ld+json\" class=\"yoast-schema-graph\">{\"@context\":\"https:\/\/schema.org\",\"@graph\":[{\"@type\":\"WebPage\",\"@id\":\"https:\/\/gr-100.com\/pt-pt\/producto\/capacete-fox-speedframe-solid\/\",\"url\":\"https:\/\/gr-100.com\/pt-pt\/producto\/capacete-fox-speedframe-solid\/\",\"name\":\"Capacete Fox Speedframe Solid Gr-100 Fox Speedframe Solid Helmet\",\"isPartOf\":{\"@id\":\"https:\/\/gr-100.com\/#website\"},\"primaryImageOfPage\":{\"@id\":\"https:\/\/gr-100.com\/pt-pt\/producto\/capacete-fox-speedframe-solid\/#primaryimage\"},\"image\":{\"@id\":\"https:\/\/gr-100.com\/pt-pt\/producto\/capacete-fox-speedframe-solid\/#primaryimage\"},\"thumbnailUrl\":\"https:\/\/gr-100.com\/wp-content\/uploads\/2025\/04\/33497001_1-CASCO-FOX-1.jpg\",\"datePublished\":\"2025-04-01T08:35:11+00:00\",\"description\":\"O capacete Speedframe Solid apresenta o estilo ic\u00f3nico da Fox, mais Mips\u00ae para te manter protegido nos trilhos, ventila\u00e7\u00e3o optimizada\",\"breadcrumb\":{\"@id\":\"https:\/\/gr-100.com\/pt-pt\/producto\/capacete-fox-speedframe-solid\/#breadcrumb\"},\"inLanguage\":\"pt-PT\",\"potentialAction\":[{\"@type\":\"ReadAction\",\"target\":[\"https:\/\/gr-100.com\/pt-pt\/producto\/capacete-fox-speedframe-solid\/\"]}]},{\"@type\":\"ImageObject\",\"inLanguage\":\"pt-PT\",\"@id\":\"https:\/\/gr-100.com\/pt-pt\/producto\/capacete-fox-speedframe-solid\/#primaryimage\",\"url\":\"https:\/\/gr-100.com\/wp-content\/uploads\/2025\/04\/33497001_1-CASCO-FOX-1.jpg\",\"contentUrl\":\"https:\/\/gr-100.com\/wp-content\/uploads\/2025\/04\/33497001_1-CASCO-FOX-1.jpg\",\"width\":1500,\"height\":1500},{\"@type\":\"BreadcrumbList\",\"@id\":\"https:\/\/gr-100.com\/pt-pt\/producto\/capacete-fox-speedframe-solid\/#breadcrumb\",\"itemListElement\":[{\"@type\":\"ListItem\",\"position\":1,\"name\":\"Portada\",\"item\":\"https:\/\/gr-100.com\/en\/\"},{\"@type\":\"ListItem\",\"position\":2,\"name\":\"Productos\",\"item\":\"https:\/\/gr-100.com\/?post_type=product\"},{\"@type\":\"ListItem\",\"position\":3,\"name\":\"Capacete Fox Speedframe Solid\"}]},{\"@type\":\"WebSite\",\"@id\":\"https:\/\/gr-100.com\/#website\",\"url\":\"https:\/\/gr-100.com\/\",\"name\":\"Gr-100 Tienda de ciclismo Specialized\",\"description\":\"GR-100 tenemos todas las gamas de bicicletas Specialized al mejor precio.\",\"publisher\":{\"@id\":\"https:\/\/gr-100.com\/#organization\"},\"alternateName\":\"Gr-100 Bikes\",\"potentialAction\":[{\"@type\":\"SearchAction\",\"target\":{\"@type\":\"EntryPoint\",\"urlTemplate\":\"https:\/\/gr-100.com\/?s={search_term_string}\"},\"query-input\":{\"@type\":\"PropertyValueSpecification\",\"valueRequired\":true,\"valueName\":\"search_term_string\"}}],\"inLanguage\":\"pt-PT\"},{\"@type\":\"Organization\",\"@id\":\"https:\/\/gr-100.com\/#organization\",\"name\":\"Gr-100\",\"url\":\"https:\/\/gr-100.com\/\",\"logo\":{\"@type\":\"ImageObject\",\"inLanguage\":\"pt-PT\",\"@id\":\"https:\/\/gr-100.com\/#\/schema\/logo\/image\/\",\"url\":\"https:\/\/gr-100.com\/wp-content\/uploads\/2023\/08\/logo-gr-100-bikes.png\",\"contentUrl\":\"https:\/\/gr-100.com\/wp-content\/uploads\/2023\/08\/logo-gr-100-bikes.png\",\"width\":707,\"height\":284,\"caption\":\"Gr-100\"},\"image\":{\"@id\":\"https:\/\/gr-100.com\/#\/schema\/logo\/image\/\"},\"sameAs\":[\"https:\/\/www.facebook.com\/Gr100Bikes\",\"https:\/\/www.instagram.com\/gr100bikes\/\",\"https:\/\/www.tiktok.com\/@gr100bikes\",\"https:\/\/twitter.com\/gr100mtbteam\",\"https:\/\/www.youtube.com\/c\/GR100Specialized\"]}]}<\/script>\n<!-- \/ Yoast SEO Premium plugin. -->","yoast_head_json":{"title":"Capacete Fox Speedframe Solid Gr-100 Fox Speedframe Solid Helmet","description":"O capacete Speedframe Solid apresenta o estilo ic\u00f3nico da Fox, mais Mips\u00ae para te manter protegido nos trilhos, ventila\u00e7\u00e3o optimizada","robots":{"index":"index","follow":"follow","max-snippet":"max-snippet:-1","max-image-preview":"max-image-preview:large","max-video-preview":"max-video-preview:-1"},"canonical":"https:\/\/gr-100.com\/pt-pt\/producto\/capacete-fox-speedframe-solid\/","og_locale":"pt_PT","og_type":"article","og_title":"Capacete Fox Speedframe Solid","og_description":"O capacete Speedframe Solid apresenta o estilo ic\u00f3nico da Fox, mais Mips\u00ae para te manter protegido nos trilhos, ventila\u00e7\u00e3o optimizada","og_url":"https:\/\/gr-100.com\/pt-pt\/producto\/capacete-fox-speedframe-solid\/","og_site_name":"Gr-100 Tienda de ciclismo Specialized","article_publisher":"https:\/\/www.facebook.com\/Gr100Bikes","og_image":[{"width":1500,"height":1500,"url":"https:\/\/gr-100.com\/wp-content\/uploads\/2025\/04\/33497001_1-CASCO-FOX-1.jpg","type":"image\/jpeg"}],"twitter_card":"summary_large_image","twitter_misc":{"Tempo estimado de leitura":"1 minuto"},"schema":{"@context":"https:\/\/schema.org","@graph":[{"@type":"WebPage","@id":"https:\/\/gr-100.com\/pt-pt\/producto\/capacete-fox-speedframe-solid\/","url":"https:\/\/gr-100.com\/pt-pt\/producto\/capacete-fox-speedframe-solid\/","name":"Capacete Fox Speedframe Solid Gr-100 Fox Speedframe Solid Helmet","isPartOf":{"@id":"https:\/\/gr-100.com\/#website"},"primaryImageOfPage":{"@id":"https:\/\/gr-100.com\/pt-pt\/producto\/capacete-fox-speedframe-solid\/#primaryimage"},"image":{"@id":"https:\/\/gr-100.com\/pt-pt\/producto\/capacete-fox-speedframe-solid\/#primaryimage"},"thumbnailUrl":"https:\/\/gr-100.com\/wp-content\/uploads\/2025\/04\/33497001_1-CASCO-FOX-1.jpg","datePublished":"2025-04-01T08:35:11+00:00","description":"O capacete Speedframe Solid apresenta o estilo ic\u00f3nico da Fox, mais Mips\u00ae para te manter protegido nos trilhos, ventila\u00e7\u00e3o optimizada","breadcrumb":{"@id":"https:\/\/gr-100.com\/pt-pt\/producto\/capacete-fox-speedframe-solid\/#breadcrumb"},"inLanguage":"pt-PT","potentialAction":[{"@type":"ReadAction","target":["https:\/\/gr-100.com\/pt-pt\/producto\/capacete-fox-speedframe-solid\/"]}]},{"@type":"ImageObject","inLanguage":"pt-PT","@id":"https:\/\/gr-100.com\/pt-pt\/producto\/capacete-fox-speedframe-solid\/#primaryimage","url":"https:\/\/gr-100.com\/wp-content\/uploads\/2025\/04\/33497001_1-CASCO-FOX-1.jpg","contentUrl":"https:\/\/gr-100.com\/wp-content\/uploads\/2025\/04\/33497001_1-CASCO-FOX-1.jpg","width":1500,"height":1500},{"@type":"BreadcrumbList","@id":"https:\/\/gr-100.com\/pt-pt\/producto\/capacete-fox-speedframe-solid\/#breadcrumb","itemListElement":[{"@type":"ListItem","position":1,"name":"Portada","item":"https:\/\/gr-100.com\/en\/"},{"@type":"ListItem","position":2,"name":"Productos","item":"https:\/\/gr-100.com\/?post_type=product"},{"@type":"ListItem","position":3,"name":"Capacete Fox Speedframe Solid"}]},{"@type":"WebSite","@id":"https:\/\/gr-100.com\/#website","url":"https:\/\/gr-100.com\/","name":"Gr-100 Tienda de ciclismo Specialized","description":"GR-100 tenemos todas las gamas de bicicletas Specialized al mejor precio.","publisher":{"@id":"https:\/\/gr-100.com\/#organization"},"alternateName":"Gr-100 Bikes","potentialAction":[{"@type":"SearchAction","target":{"@type":"EntryPoint","urlTemplate":"https:\/\/gr-100.com\/?s={search_term_string}"},"query-input":{"@type":"PropertyValueSpecification","valueRequired":true,"valueName":"search_term_string"}}],"inLanguage":"pt-PT"},{"@type":"Organization","@id":"https:\/\/gr-100.com\/#organization","name":"Gr-100","url":"https:\/\/gr-100.com\/","logo":{"@type":"ImageObject","inLanguage":"pt-PT","@id":"https:\/\/gr-100.com\/#\/schema\/logo\/image\/","url":"https:\/\/gr-100.com\/wp-content\/uploads\/2023\/08\/logo-gr-100-bikes.png","contentUrl":"https:\/\/gr-100.com\/wp-content\/uploads\/2023\/08\/logo-gr-100-bikes.png","width":707,"height":284,"caption":"Gr-100"},"image":{"@id":"https:\/\/gr-100.com\/#\/schema\/logo\/image\/"},"sameAs":["https:\/\/www.facebook.com\/Gr100Bikes","https:\/\/www.instagram.com\/gr100bikes\/","https:\/\/www.tiktok.com\/@gr100bikes","https:\/\/twitter.com\/gr100mtbteam","https:\/\/www.youtube.com\/c\/GR100Specialized"]}]}},"_links":{"self":[{"href":"https:\/\/gr-100.com\/pt-pt\/wp-json\/wp\/v2\/product\/429415","targetHints":{"allow":["GET"]}}],"collection":[{"href":"https:\/\/gr-100.com\/pt-pt\/wp-json\/wp\/v2\/product"}],"about":[{"href":"https:\/\/gr-100.com\/pt-pt\/wp-json\/wp\/v2\/types\/product"}],"replies":[{"embeddable":true,"href":"https:\/\/gr-100.com\/pt-pt\/wp-json\/wp\/v2\/comments?post=429415"}],"wp:featuredmedia":[{"embeddable":true,"href":"https:\/\/gr-100.com\/pt-pt\/wp-json\/wp\/v2\/media\/405299"}],"wp:attachment":[{"href":"https:\/\/gr-100.com\/pt-pt\/wp-json\/wp\/v2\/media?parent=429415"}],"wp:term":[{"taxonomy":"product_brand","embeddable":true,"href":"https:\/\/gr-100.com\/pt-pt\/wp-json\/wp\/v2\/product_brand?post=429415"},{"taxonomy":"product_cat","embeddable":true,"href":"https:\/\/gr-100.com\/pt-pt\/wp-json\/wp\/v2\/product_cat?post=429415"},{"taxonomy":"product_tag","embeddable":true,"href":"https:\/\/gr-100.com\/pt-pt\/wp-json\/wp\/v2\/product_tag?post=429415"}],"curies":[{"name":"wp","href":"https:\/\/api.w.org\/{rel}","templated":true}]}}