{"id":429426,"date":"2025-03-25T12:18:33","date_gmt":"2025-03-25T11:18:33","guid":{"rendered":"https:\/\/gr-100.com\/producto\/specialized-mio-2-criancas\/"},"modified":"2025-03-25T12:18:33","modified_gmt":"2025-03-25T10:18:33","slug":"specialized-mio-2-criancas","status":"publish","type":"product","link":"https:\/\/gr-100.com\/pt-pt\/producto\/specialized-mio-2-criancas\/","title":{"rendered":"Specialized Mio 2 crian\u00e7as"},"content":{"rendered":"<ul>\n<li>Equipado com Mips.<\/li>\n<li>Sistema de encaixe de auriculares SX com um ajuste orientado para o tamanho mais pequeno, concebido para um ajuste f\u00e1cil e preciso.<\/li>\n<li>Concha injectada para maior resist\u00eancia e peso reduzido.<\/li>\n<li>Espa\u00e7ador de correia Tri-Fix para maior conforto e facilidade de ajuste.<\/li>\n<li>Correia reflectora e autocolante traseiro para maior visibilidade em condi\u00e7\u00f5es de pouca luz.<\/li>\n<li>46-51 cm Tamanho de crian\u00e7a OSFM, aproximadamente at\u00e9 aos 3 anos.<\/li>\n<\/ul>\n","protected":false},"excerpt":{"rendered":"<p>Gra\u00e7as a uma colabora\u00e7\u00e3o exclusiva com o KTH Royal Institute of Technology (KTH) e a Mips, partilh\u00e1mos os desenhos CAD dos nossos capacetes e estud\u00e1mos os cr\u00e2nios male\u00e1veis dos mais pequenos utilizando a An\u00e1lise de Elementos Finitos (FEA). Como as cabe\u00e7as das crian\u00e7as s\u00e3o mais macias e ainda est\u00e3o a desenvolver-se, o resultado desta colabora\u00e7\u00e3o foi a utiliza\u00e7\u00e3o de espuma de baixa densidade.  <\/p>\n","protected":false},"featured_media":404161,"comment_status":"open","ping_status":"closed","template":"","meta":{"_acf_changed":false,"_et_pb_use_builder":"","_et_pb_old_content":"","_et_gb_content_width":"","inline_featured_image":false},"product_brand":[],"product_cat":[361,363],"product_tag":[],"class_list":{"0":"post-429426","1":"product","2":"type-product","3":"status-publish","4":"has-post-thumbnail","6":"product_cat-acessorios","7":"product_cat-capacetes","9":"first","10":"instock","11":"taxable","12":"shipping-taxable","13":"purchasable","14":"product-type-variable","15":"wvs-archive-product-wrapper"},"acf":[],"yoast_head":"<!-- This site is optimized with the Yoast SEO Premium plugin v26.7 (Yoast SEO v26.7) - https:\/\/yoast.com\/wordpress\/plugins\/seo\/ -->\n<title>Specialized Mio 2 crian\u00e7as GR-100<\/title>\n<meta name=\"description\" content=\"Mant\u00e9m o teu pequeno ciclista no caminho da liberdade sobre 2 rodas. Gra\u00e7as \u00e0 colabora\u00e7\u00e3o com o KTH Royal Institute of Technology (KTH) e a Mips\" \/>\n<meta name=\"robots\" content=\"index, follow, max-snippet:-1, max-image-preview:large, max-video-preview:-1\" \/>\n<link rel=\"canonical\" href=\"https:\/\/gr-100.com\/pt-pt\/producto\/specialized-mio-2-criancas\/\" \/>\n<meta property=\"og:locale\" content=\"pt_PT\" \/>\n<meta property=\"og:type\" content=\"article\" \/>\n<meta property=\"og:title\" content=\"Specialized Mio 2 crian\u00e7as\" \/>\n<meta property=\"og:description\" content=\"Mant\u00e9m o teu pequeno ciclista no caminho da liberdade sobre 2 rodas. Gra\u00e7as \u00e0 colabora\u00e7\u00e3o com o KTH Royal Institute of Technology (KTH) e a Mips\" \/>\n<meta property=\"og:url\" content=\"https:\/\/gr-100.com\/pt-pt\/producto\/specialized-mio-2-criancas\/\" \/>\n<meta property=\"og:site_name\" content=\"Gr-100 Tienda de ciclismo Specialized\" \/>\n<meta property=\"article:publisher\" content=\"https:\/\/www.facebook.com\/Gr100Bikes\" \/>\n<meta property=\"og:image\" content=\"https:\/\/gr-100.com\/wp-content\/uploads\/2025\/03\/Diseno-sin-titulo-2025-03-25T125215.568.jpg\" \/>\n\t<meta property=\"og:image:width\" content=\"1000\" \/>\n\t<meta property=\"og:image:height\" content=\"1000\" \/>\n\t<meta property=\"og:image:type\" content=\"image\/jpeg\" \/>\n<meta name=\"twitter:card\" content=\"summary_large_image\" \/>\n<script type=\"application\/ld+json\" class=\"yoast-schema-graph\">{\"@context\":\"https:\/\/schema.org\",\"@graph\":[{\"@type\":\"WebPage\",\"@id\":\"https:\/\/gr-100.com\/pt-pt\/producto\/specialized-mio-2-criancas\/\",\"url\":\"https:\/\/gr-100.com\/pt-pt\/producto\/specialized-mio-2-criancas\/\",\"name\":\"Specialized Mio 2 crian\u00e7as GR-100\",\"isPartOf\":{\"@id\":\"https:\/\/gr-100.com\/#website\"},\"primaryImageOfPage\":{\"@id\":\"https:\/\/gr-100.com\/pt-pt\/producto\/specialized-mio-2-criancas\/#primaryimage\"},\"image\":{\"@id\":\"https:\/\/gr-100.com\/pt-pt\/producto\/specialized-mio-2-criancas\/#primaryimage\"},\"thumbnailUrl\":\"https:\/\/gr-100.com\/wp-content\/uploads\/2025\/03\/Diseno-sin-titulo-2025-03-25T125215.568.jpg\",\"datePublished\":\"2025-03-25T11:18:33+00:00\",\"description\":\"Mant\u00e9m o teu pequeno ciclista no caminho da liberdade sobre 2 rodas. Gra\u00e7as \u00e0 colabora\u00e7\u00e3o com o KTH Royal Institute of Technology (KTH) e a Mips\",\"breadcrumb\":{\"@id\":\"https:\/\/gr-100.com\/pt-pt\/producto\/specialized-mio-2-criancas\/#breadcrumb\"},\"inLanguage\":\"pt-PT\",\"potentialAction\":[{\"@type\":\"ReadAction\",\"target\":[\"https:\/\/gr-100.com\/pt-pt\/producto\/specialized-mio-2-criancas\/\"]}]},{\"@type\":\"ImageObject\",\"inLanguage\":\"pt-PT\",\"@id\":\"https:\/\/gr-100.com\/pt-pt\/producto\/specialized-mio-2-criancas\/#primaryimage\",\"url\":\"https:\/\/gr-100.com\/wp-content\/uploads\/2025\/03\/Diseno-sin-titulo-2025-03-25T125215.568.jpg\",\"contentUrl\":\"https:\/\/gr-100.com\/wp-content\/uploads\/2025\/03\/Diseno-sin-titulo-2025-03-25T125215.568.jpg\",\"width\":1000,\"height\":1000},{\"@type\":\"BreadcrumbList\",\"@id\":\"https:\/\/gr-100.com\/pt-pt\/producto\/specialized-mio-2-criancas\/#breadcrumb\",\"itemListElement\":[{\"@type\":\"ListItem\",\"position\":1,\"name\":\"Portada\",\"item\":\"https:\/\/gr-100.com\/en\/\"},{\"@type\":\"ListItem\",\"position\":2,\"name\":\"Productos\",\"item\":\"https:\/\/gr-100.com\/?post_type=product\"},{\"@type\":\"ListItem\",\"position\":3,\"name\":\"Specialized Mio 2 crian\u00e7as\"}]},{\"@type\":\"WebSite\",\"@id\":\"https:\/\/gr-100.com\/#website\",\"url\":\"https:\/\/gr-100.com\/\",\"name\":\"Gr-100 Tienda de ciclismo Specialized\",\"description\":\"GR-100 tenemos todas las gamas de bicicletas Specialized al mejor precio.\",\"publisher\":{\"@id\":\"https:\/\/gr-100.com\/#organization\"},\"alternateName\":\"Gr-100 Bikes\",\"potentialAction\":[{\"@type\":\"SearchAction\",\"target\":{\"@type\":\"EntryPoint\",\"urlTemplate\":\"https:\/\/gr-100.com\/?s={search_term_string}\"},\"query-input\":{\"@type\":\"PropertyValueSpecification\",\"valueRequired\":true,\"valueName\":\"search_term_string\"}}],\"inLanguage\":\"pt-PT\"},{\"@type\":\"Organization\",\"@id\":\"https:\/\/gr-100.com\/#organization\",\"name\":\"Gr-100\",\"url\":\"https:\/\/gr-100.com\/\",\"logo\":{\"@type\":\"ImageObject\",\"inLanguage\":\"pt-PT\",\"@id\":\"https:\/\/gr-100.com\/#\/schema\/logo\/image\/\",\"url\":\"https:\/\/gr-100.com\/wp-content\/uploads\/2023\/08\/logo-gr-100-bikes.png\",\"contentUrl\":\"https:\/\/gr-100.com\/wp-content\/uploads\/2023\/08\/logo-gr-100-bikes.png\",\"width\":707,\"height\":284,\"caption\":\"Gr-100\"},\"image\":{\"@id\":\"https:\/\/gr-100.com\/#\/schema\/logo\/image\/\"},\"sameAs\":[\"https:\/\/www.facebook.com\/Gr100Bikes\",\"https:\/\/www.instagram.com\/gr100bikes\/\",\"https:\/\/www.tiktok.com\/@gr100bikes\",\"https:\/\/twitter.com\/gr100mtbteam\",\"https:\/\/www.youtube.com\/c\/GR100Specialized\"]}]}<\/script>\n<!-- \/ Yoast SEO Premium plugin. -->","yoast_head_json":{"title":"Specialized Mio 2 crian\u00e7as GR-100","description":"Mant\u00e9m o teu pequeno ciclista no caminho da liberdade sobre 2 rodas. Gra\u00e7as \u00e0 colabora\u00e7\u00e3o com o KTH Royal Institute of Technology (KTH) e a Mips","robots":{"index":"index","follow":"follow","max-snippet":"max-snippet:-1","max-image-preview":"max-image-preview:large","max-video-preview":"max-video-preview:-1"},"canonical":"https:\/\/gr-100.com\/pt-pt\/producto\/specialized-mio-2-criancas\/","og_locale":"pt_PT","og_type":"article","og_title":"Specialized Mio 2 crian\u00e7as","og_description":"Mant\u00e9m o teu pequeno ciclista no caminho da liberdade sobre 2 rodas. Gra\u00e7as \u00e0 colabora\u00e7\u00e3o com o KTH Royal Institute of Technology (KTH) e a Mips","og_url":"https:\/\/gr-100.com\/pt-pt\/producto\/specialized-mio-2-criancas\/","og_site_name":"Gr-100 Tienda de ciclismo Specialized","article_publisher":"https:\/\/www.facebook.com\/Gr100Bikes","og_image":[{"width":1000,"height":1000,"url":"https:\/\/gr-100.com\/wp-content\/uploads\/2025\/03\/Diseno-sin-titulo-2025-03-25T125215.568.jpg","type":"image\/jpeg"}],"twitter_card":"summary_large_image","schema":{"@context":"https:\/\/schema.org","@graph":[{"@type":"WebPage","@id":"https:\/\/gr-100.com\/pt-pt\/producto\/specialized-mio-2-criancas\/","url":"https:\/\/gr-100.com\/pt-pt\/producto\/specialized-mio-2-criancas\/","name":"Specialized Mio 2 crian\u00e7as GR-100","isPartOf":{"@id":"https:\/\/gr-100.com\/#website"},"primaryImageOfPage":{"@id":"https:\/\/gr-100.com\/pt-pt\/producto\/specialized-mio-2-criancas\/#primaryimage"},"image":{"@id":"https:\/\/gr-100.com\/pt-pt\/producto\/specialized-mio-2-criancas\/#primaryimage"},"thumbnailUrl":"https:\/\/gr-100.com\/wp-content\/uploads\/2025\/03\/Diseno-sin-titulo-2025-03-25T125215.568.jpg","datePublished":"2025-03-25T11:18:33+00:00","description":"Mant\u00e9m o teu pequeno ciclista no caminho da liberdade sobre 2 rodas. Gra\u00e7as \u00e0 colabora\u00e7\u00e3o com o KTH Royal Institute of Technology (KTH) e a Mips","breadcrumb":{"@id":"https:\/\/gr-100.com\/pt-pt\/producto\/specialized-mio-2-criancas\/#breadcrumb"},"inLanguage":"pt-PT","potentialAction":[{"@type":"ReadAction","target":["https:\/\/gr-100.com\/pt-pt\/producto\/specialized-mio-2-criancas\/"]}]},{"@type":"ImageObject","inLanguage":"pt-PT","@id":"https:\/\/gr-100.com\/pt-pt\/producto\/specialized-mio-2-criancas\/#primaryimage","url":"https:\/\/gr-100.com\/wp-content\/uploads\/2025\/03\/Diseno-sin-titulo-2025-03-25T125215.568.jpg","contentUrl":"https:\/\/gr-100.com\/wp-content\/uploads\/2025\/03\/Diseno-sin-titulo-2025-03-25T125215.568.jpg","width":1000,"height":1000},{"@type":"BreadcrumbList","@id":"https:\/\/gr-100.com\/pt-pt\/producto\/specialized-mio-2-criancas\/#breadcrumb","itemListElement":[{"@type":"ListItem","position":1,"name":"Portada","item":"https:\/\/gr-100.com\/en\/"},{"@type":"ListItem","position":2,"name":"Productos","item":"https:\/\/gr-100.com\/?post_type=product"},{"@type":"ListItem","position":3,"name":"Specialized Mio 2 crian\u00e7as"}]},{"@type":"WebSite","@id":"https:\/\/gr-100.com\/#website","url":"https:\/\/gr-100.com\/","name":"Gr-100 Tienda de ciclismo Specialized","description":"GR-100 tenemos todas las gamas de bicicletas Specialized al mejor precio.","publisher":{"@id":"https:\/\/gr-100.com\/#organization"},"alternateName":"Gr-100 Bikes","potentialAction":[{"@type":"SearchAction","target":{"@type":"EntryPoint","urlTemplate":"https:\/\/gr-100.com\/?s={search_term_string}"},"query-input":{"@type":"PropertyValueSpecification","valueRequired":true,"valueName":"search_term_string"}}],"inLanguage":"pt-PT"},{"@type":"Organization","@id":"https:\/\/gr-100.com\/#organization","name":"Gr-100","url":"https:\/\/gr-100.com\/","logo":{"@type":"ImageObject","inLanguage":"pt-PT","@id":"https:\/\/gr-100.com\/#\/schema\/logo\/image\/","url":"https:\/\/gr-100.com\/wp-content\/uploads\/2023\/08\/logo-gr-100-bikes.png","contentUrl":"https:\/\/gr-100.com\/wp-content\/uploads\/2023\/08\/logo-gr-100-bikes.png","width":707,"height":284,"caption":"Gr-100"},"image":{"@id":"https:\/\/gr-100.com\/#\/schema\/logo\/image\/"},"sameAs":["https:\/\/www.facebook.com\/Gr100Bikes","https:\/\/www.instagram.com\/gr100bikes\/","https:\/\/www.tiktok.com\/@gr100bikes","https:\/\/twitter.com\/gr100mtbteam","https:\/\/www.youtube.com\/c\/GR100Specialized"]}]}},"_links":{"self":[{"href":"https:\/\/gr-100.com\/pt-pt\/wp-json\/wp\/v2\/product\/429426","targetHints":{"allow":["GET"]}}],"collection":[{"href":"https:\/\/gr-100.com\/pt-pt\/wp-json\/wp\/v2\/product"}],"about":[{"href":"https:\/\/gr-100.com\/pt-pt\/wp-json\/wp\/v2\/types\/product"}],"replies":[{"embeddable":true,"href":"https:\/\/gr-100.com\/pt-pt\/wp-json\/wp\/v2\/comments?post=429426"}],"wp:featuredmedia":[{"embeddable":true,"href":"https:\/\/gr-100.com\/pt-pt\/wp-json\/wp\/v2\/media\/404161"}],"wp:attachment":[{"href":"https:\/\/gr-100.com\/pt-pt\/wp-json\/wp\/v2\/media?parent=429426"}],"wp:term":[{"taxonomy":"product_brand","embeddable":true,"href":"https:\/\/gr-100.com\/pt-pt\/wp-json\/wp\/v2\/product_brand?post=429426"},{"taxonomy":"product_cat","embeddable":true,"href":"https:\/\/gr-100.com\/pt-pt\/wp-json\/wp\/v2\/product_cat?post=429426"},{"taxonomy":"product_tag","embeddable":true,"href":"https:\/\/gr-100.com\/pt-pt\/wp-json\/wp\/v2\/product_tag?post=429426"}],"curies":[{"name":"wp","href":"https:\/\/api.w.org\/{rel}","templated":true}]}}