{"id":429514,"date":"2024-11-29T12:13:47","date_gmt":"2024-11-29T11:13:47","guid":{"rendered":"https:\/\/gr-100.com\/producto\/specialized-loma-2026\/"},"modified":"2024-11-29T12:13:47","modified_gmt":"2024-11-29T10:13:47","slug":"specialized-loma-2026","status":"publish","type":"product","link":"https:\/\/gr-100.com\/pt-pt\/producto\/specialized-loma-2026\/","title":{"rendered":"Specialized Loma 2026"},"content":{"rendered":"<ul>\n<li>O Mips Essential Core \u00e9 uma camada de baixa fric\u00e7\u00e3o que permite um movimento de deslizamento de 10 a 15 mm em todas as direc\u00e7\u00f5es. Estudos indicam que isto ajuda a reduzir algumas das for\u00e7as de rota\u00e7\u00e3o transmitidas ao c\u00e9rebro durante impactos angulares. <\/li>\n<li>Caixa em policarbonato e revestimento total para maior durabilidade e um acabamento de primeira qualidade.<\/li>\n<li>O sistema de ajuste FS3 e o ajustador da base occipital personalizam o ajuste para maior conforto e permitem que o \u00e2ngulo do capacete seja ajustado para garantir que o capacete e os \u00f3culos permanecem perfeitamente sincronizados.<\/li>\n<li>O capacete Loma incorpora a nossa tecnologia 4D Brow Cooling, bem como grandes aberturas de ventila\u00e7\u00e3o traseiras para melhorar o fluxo de ar e aumentar a ventila\u00e7\u00e3o.<\/li>\n<li>Divisor de correias Tri-Fix ajust\u00e1vel combinado com correias finas de 10 mm para maior conforto.<\/li>\n<li>O Capacete Loma recebeu a classifica\u00e7\u00e3o mais elevada de 5 estrelas do Capacete Virginia Tech\u00ae do Instituto Polit\u00e9cnico e Universidade Estatal da Virg\u00ednia, de renome internacional.<\/li>\n<li>Peso: 290 g (M\u00e9dio)<\/li>\n<\/ul>\n","protected":false},"excerpt":{"rendered":"<p>Concebido para proporcionar conforto, estilo intemporal e confian\u00e7a, o capacete Loma partilha muitas das carater\u00edsticas de conforto e ventila\u00e7\u00e3o dos nossos capacetes S-Works topo de gama e do sistema Mips Essential Core. O Loma tamb\u00e9m recebeu a classifica\u00e7\u00e3o m\u00e1xima de 5 estrelas do capacete Virginia Tech\u00ae do internacionalmente famoso Instituto Polit\u00e9cnico e Universidade Estadual da Virg\u00ednia. Descobre o novo Loma, o capacete perfeito para ciclistas de estrada e de gravel que procuram combinar carater\u00edsticas de alto desempenho com conforto e funcionalidade.  <\/p>\n","protected":false},"featured_media":420881,"comment_status":"open","ping_status":"closed","template":"","meta":{"_acf_changed":false,"_et_pb_use_builder":"","_et_pb_old_content":"","_et_gb_content_width":"","inline_featured_image":false},"product_brand":[],"product_cat":[361,363],"product_tag":[],"class_list":{"0":"post-429514","1":"product","2":"type-product","3":"status-publish","4":"has-post-thumbnail","6":"product_cat-acessorios","7":"product_cat-capacetes","9":"first","10":"instock","11":"taxable","12":"shipping-taxable","13":"purchasable","14":"product-type-variable","15":"wvs-archive-product-wrapper"},"acf":[],"yoast_head":"<!-- This site is optimized with the Yoast SEO Premium plugin v26.7 (Yoast SEO v26.7) - https:\/\/yoast.com\/wordpress\/plugins\/seo\/ -->\n<title>Specialized Loma 2026 GR-100 Bicicletas<\/title>\n<meta name=\"description\" content=\"Concebido para o conforto, partilha muitas das carater\u00edsticas de conforto e ventila\u00e7\u00e3o dos nossos capacetes topo de gama S-Works e do sistema Mips\" \/>\n<meta name=\"robots\" content=\"index, follow, max-snippet:-1, max-image-preview:large, max-video-preview:-1\" \/>\n<link rel=\"canonical\" href=\"https:\/\/gr-100.com\/pt-pt\/producto\/specialized-loma-2026\/\" \/>\n<meta property=\"og:locale\" content=\"pt_PT\" \/>\n<meta property=\"og:type\" content=\"article\" \/>\n<meta property=\"og:title\" content=\"Specialized Loma 2026\" \/>\n<meta property=\"og:description\" content=\"Concebido para o conforto, partilha muitas das carater\u00edsticas de conforto e ventila\u00e7\u00e3o dos nossos capacetes topo de gama S-Works e do sistema Mips\" \/>\n<meta property=\"og:url\" content=\"https:\/\/gr-100.com\/pt-pt\/producto\/specialized-loma-2026\/\" \/>\n<meta property=\"og:site_name\" content=\"Gr-100 Tienda de ciclismo Specialized\" \/>\n<meta property=\"article:publisher\" content=\"https:\/\/www.facebook.com\/Gr100Bikes\" \/>\n<meta property=\"og:image\" content=\"https:\/\/gr-100.com\/wp-content\/uploads\/2024\/11\/Diseno-sin-titulo-2025-11-10T130214.149.jpg\" \/>\n\t<meta property=\"og:image:width\" content=\"1000\" \/>\n\t<meta property=\"og:image:height\" content=\"1000\" \/>\n\t<meta property=\"og:image:type\" content=\"image\/jpeg\" \/>\n<meta name=\"twitter:card\" content=\"summary_large_image\" \/>\n<meta name=\"twitter:label1\" content=\"Tempo estimado de leitura\" \/>\n\t<meta name=\"twitter:data1\" content=\"1 minuto\" \/>\n<script type=\"application\/ld+json\" class=\"yoast-schema-graph\">{\"@context\":\"https:\/\/schema.org\",\"@graph\":[{\"@type\":\"WebPage\",\"@id\":\"https:\/\/gr-100.com\/pt-pt\/producto\/specialized-loma-2026\/\",\"url\":\"https:\/\/gr-100.com\/pt-pt\/producto\/specialized-loma-2026\/\",\"name\":\"Specialized Loma 2026 GR-100 Bicicletas\",\"isPartOf\":{\"@id\":\"https:\/\/gr-100.com\/#website\"},\"primaryImageOfPage\":{\"@id\":\"https:\/\/gr-100.com\/pt-pt\/producto\/specialized-loma-2026\/#primaryimage\"},\"image\":{\"@id\":\"https:\/\/gr-100.com\/pt-pt\/producto\/specialized-loma-2026\/#primaryimage\"},\"thumbnailUrl\":\"https:\/\/gr-100.com\/wp-content\/uploads\/2024\/11\/Diseno-sin-titulo-2025-11-10T130214.149.jpg\",\"datePublished\":\"2024-11-29T11:13:47+00:00\",\"description\":\"Concebido para o conforto, partilha muitas das carater\u00edsticas de conforto e ventila\u00e7\u00e3o dos nossos capacetes topo de gama S-Works e do sistema Mips\",\"breadcrumb\":{\"@id\":\"https:\/\/gr-100.com\/pt-pt\/producto\/specialized-loma-2026\/#breadcrumb\"},\"inLanguage\":\"pt-PT\",\"potentialAction\":[{\"@type\":\"ReadAction\",\"target\":[\"https:\/\/gr-100.com\/pt-pt\/producto\/specialized-loma-2026\/\"]}]},{\"@type\":\"ImageObject\",\"inLanguage\":\"pt-PT\",\"@id\":\"https:\/\/gr-100.com\/pt-pt\/producto\/specialized-loma-2026\/#primaryimage\",\"url\":\"https:\/\/gr-100.com\/wp-content\/uploads\/2024\/11\/Diseno-sin-titulo-2025-11-10T130214.149.jpg\",\"contentUrl\":\"https:\/\/gr-100.com\/wp-content\/uploads\/2024\/11\/Diseno-sin-titulo-2025-11-10T130214.149.jpg\",\"width\":1000,\"height\":1000},{\"@type\":\"BreadcrumbList\",\"@id\":\"https:\/\/gr-100.com\/pt-pt\/producto\/specialized-loma-2026\/#breadcrumb\",\"itemListElement\":[{\"@type\":\"ListItem\",\"position\":1,\"name\":\"Portada\",\"item\":\"https:\/\/gr-100.com\/en\/\"},{\"@type\":\"ListItem\",\"position\":2,\"name\":\"Productos\",\"item\":\"https:\/\/gr-100.com\/?post_type=product\"},{\"@type\":\"ListItem\",\"position\":3,\"name\":\"Specialized Loma 2026\"}]},{\"@type\":\"WebSite\",\"@id\":\"https:\/\/gr-100.com\/#website\",\"url\":\"https:\/\/gr-100.com\/\",\"name\":\"Gr-100 Tienda de ciclismo Specialized\",\"description\":\"GR-100 tenemos todas las gamas de bicicletas Specialized al mejor precio.\",\"publisher\":{\"@id\":\"https:\/\/gr-100.com\/#organization\"},\"alternateName\":\"Gr-100 Bikes\",\"potentialAction\":[{\"@type\":\"SearchAction\",\"target\":{\"@type\":\"EntryPoint\",\"urlTemplate\":\"https:\/\/gr-100.com\/?s={search_term_string}\"},\"query-input\":{\"@type\":\"PropertyValueSpecification\",\"valueRequired\":true,\"valueName\":\"search_term_string\"}}],\"inLanguage\":\"pt-PT\"},{\"@type\":\"Organization\",\"@id\":\"https:\/\/gr-100.com\/#organization\",\"name\":\"Gr-100\",\"url\":\"https:\/\/gr-100.com\/\",\"logo\":{\"@type\":\"ImageObject\",\"inLanguage\":\"pt-PT\",\"@id\":\"https:\/\/gr-100.com\/#\/schema\/logo\/image\/\",\"url\":\"https:\/\/gr-100.com\/wp-content\/uploads\/2023\/08\/logo-gr-100-bikes.png\",\"contentUrl\":\"https:\/\/gr-100.com\/wp-content\/uploads\/2023\/08\/logo-gr-100-bikes.png\",\"width\":707,\"height\":284,\"caption\":\"Gr-100\"},\"image\":{\"@id\":\"https:\/\/gr-100.com\/#\/schema\/logo\/image\/\"},\"sameAs\":[\"https:\/\/www.facebook.com\/Gr100Bikes\",\"https:\/\/www.instagram.com\/gr100bikes\/\",\"https:\/\/www.tiktok.com\/@gr100bikes\",\"https:\/\/twitter.com\/gr100mtbteam\",\"https:\/\/www.youtube.com\/c\/GR100Specialized\"]}]}<\/script>\n<!-- \/ Yoast SEO Premium plugin. -->","yoast_head_json":{"title":"Specialized Loma 2026 GR-100 Bicicletas","description":"Concebido para o conforto, partilha muitas das carater\u00edsticas de conforto e ventila\u00e7\u00e3o dos nossos capacetes topo de gama S-Works e do sistema Mips","robots":{"index":"index","follow":"follow","max-snippet":"max-snippet:-1","max-image-preview":"max-image-preview:large","max-video-preview":"max-video-preview:-1"},"canonical":"https:\/\/gr-100.com\/pt-pt\/producto\/specialized-loma-2026\/","og_locale":"pt_PT","og_type":"article","og_title":"Specialized Loma 2026","og_description":"Concebido para o conforto, partilha muitas das carater\u00edsticas de conforto e ventila\u00e7\u00e3o dos nossos capacetes topo de gama S-Works e do sistema Mips","og_url":"https:\/\/gr-100.com\/pt-pt\/producto\/specialized-loma-2026\/","og_site_name":"Gr-100 Tienda de ciclismo Specialized","article_publisher":"https:\/\/www.facebook.com\/Gr100Bikes","og_image":[{"width":1000,"height":1000,"url":"https:\/\/gr-100.com\/wp-content\/uploads\/2024\/11\/Diseno-sin-titulo-2025-11-10T130214.149.jpg","type":"image\/jpeg"}],"twitter_card":"summary_large_image","twitter_misc":{"Tempo estimado de leitura":"1 minuto"},"schema":{"@context":"https:\/\/schema.org","@graph":[{"@type":"WebPage","@id":"https:\/\/gr-100.com\/pt-pt\/producto\/specialized-loma-2026\/","url":"https:\/\/gr-100.com\/pt-pt\/producto\/specialized-loma-2026\/","name":"Specialized Loma 2026 GR-100 Bicicletas","isPartOf":{"@id":"https:\/\/gr-100.com\/#website"},"primaryImageOfPage":{"@id":"https:\/\/gr-100.com\/pt-pt\/producto\/specialized-loma-2026\/#primaryimage"},"image":{"@id":"https:\/\/gr-100.com\/pt-pt\/producto\/specialized-loma-2026\/#primaryimage"},"thumbnailUrl":"https:\/\/gr-100.com\/wp-content\/uploads\/2024\/11\/Diseno-sin-titulo-2025-11-10T130214.149.jpg","datePublished":"2024-11-29T11:13:47+00:00","description":"Concebido para o conforto, partilha muitas das carater\u00edsticas de conforto e ventila\u00e7\u00e3o dos nossos capacetes topo de gama S-Works e do sistema Mips","breadcrumb":{"@id":"https:\/\/gr-100.com\/pt-pt\/producto\/specialized-loma-2026\/#breadcrumb"},"inLanguage":"pt-PT","potentialAction":[{"@type":"ReadAction","target":["https:\/\/gr-100.com\/pt-pt\/producto\/specialized-loma-2026\/"]}]},{"@type":"ImageObject","inLanguage":"pt-PT","@id":"https:\/\/gr-100.com\/pt-pt\/producto\/specialized-loma-2026\/#primaryimage","url":"https:\/\/gr-100.com\/wp-content\/uploads\/2024\/11\/Diseno-sin-titulo-2025-11-10T130214.149.jpg","contentUrl":"https:\/\/gr-100.com\/wp-content\/uploads\/2024\/11\/Diseno-sin-titulo-2025-11-10T130214.149.jpg","width":1000,"height":1000},{"@type":"BreadcrumbList","@id":"https:\/\/gr-100.com\/pt-pt\/producto\/specialized-loma-2026\/#breadcrumb","itemListElement":[{"@type":"ListItem","position":1,"name":"Portada","item":"https:\/\/gr-100.com\/en\/"},{"@type":"ListItem","position":2,"name":"Productos","item":"https:\/\/gr-100.com\/?post_type=product"},{"@type":"ListItem","position":3,"name":"Specialized Loma 2026"}]},{"@type":"WebSite","@id":"https:\/\/gr-100.com\/#website","url":"https:\/\/gr-100.com\/","name":"Gr-100 Tienda de ciclismo Specialized","description":"GR-100 tenemos todas las gamas de bicicletas Specialized al mejor precio.","publisher":{"@id":"https:\/\/gr-100.com\/#organization"},"alternateName":"Gr-100 Bikes","potentialAction":[{"@type":"SearchAction","target":{"@type":"EntryPoint","urlTemplate":"https:\/\/gr-100.com\/?s={search_term_string}"},"query-input":{"@type":"PropertyValueSpecification","valueRequired":true,"valueName":"search_term_string"}}],"inLanguage":"pt-PT"},{"@type":"Organization","@id":"https:\/\/gr-100.com\/#organization","name":"Gr-100","url":"https:\/\/gr-100.com\/","logo":{"@type":"ImageObject","inLanguage":"pt-PT","@id":"https:\/\/gr-100.com\/#\/schema\/logo\/image\/","url":"https:\/\/gr-100.com\/wp-content\/uploads\/2023\/08\/logo-gr-100-bikes.png","contentUrl":"https:\/\/gr-100.com\/wp-content\/uploads\/2023\/08\/logo-gr-100-bikes.png","width":707,"height":284,"caption":"Gr-100"},"image":{"@id":"https:\/\/gr-100.com\/#\/schema\/logo\/image\/"},"sameAs":["https:\/\/www.facebook.com\/Gr100Bikes","https:\/\/www.instagram.com\/gr100bikes\/","https:\/\/www.tiktok.com\/@gr100bikes","https:\/\/twitter.com\/gr100mtbteam","https:\/\/www.youtube.com\/c\/GR100Specialized"]}]}},"_links":{"self":[{"href":"https:\/\/gr-100.com\/pt-pt\/wp-json\/wp\/v2\/product\/429514","targetHints":{"allow":["GET"]}}],"collection":[{"href":"https:\/\/gr-100.com\/pt-pt\/wp-json\/wp\/v2\/product"}],"about":[{"href":"https:\/\/gr-100.com\/pt-pt\/wp-json\/wp\/v2\/types\/product"}],"replies":[{"embeddable":true,"href":"https:\/\/gr-100.com\/pt-pt\/wp-json\/wp\/v2\/comments?post=429514"}],"wp:featuredmedia":[{"embeddable":true,"href":"https:\/\/gr-100.com\/pt-pt\/wp-json\/wp\/v2\/media\/420881"}],"wp:attachment":[{"href":"https:\/\/gr-100.com\/pt-pt\/wp-json\/wp\/v2\/media?parent=429514"}],"wp:term":[{"taxonomy":"product_brand","embeddable":true,"href":"https:\/\/gr-100.com\/pt-pt\/wp-json\/wp\/v2\/product_brand?post=429514"},{"taxonomy":"product_cat","embeddable":true,"href":"https:\/\/gr-100.com\/pt-pt\/wp-json\/wp\/v2\/product_cat?post=429514"},{"taxonomy":"product_tag","embeddable":true,"href":"https:\/\/gr-100.com\/pt-pt\/wp-json\/wp\/v2\/product_tag?post=429514"}],"curies":[{"name":"wp","href":"https:\/\/api.w.org\/{rel}","templated":true}]}}