{"id":429586,"date":"2024-10-21T15:13:02","date_gmt":"2024-10-21T13:13:02","guid":{"rendered":"https:\/\/gr-100.com\/producto\/specialized-chamonix-3\/"},"modified":"2024-10-21T15:13:02","modified_gmt":"2024-10-21T13:13:02","slug":"specialized-chamonix-3","status":"publish","type":"product","link":"https:\/\/gr-100.com\/pt-pt\/producto\/specialized-chamonix-3\/","title":{"rendered":"Specialized Chamonix 3"},"content":{"rendered":"<p>Hemos dise\u00f1ado el casco Chamonix espec\u00edficamente para los ciclistas que viven un estilo de vida que da prioridad a la bicicleta y que buscan diversi\u00f3n en cada salida. Con la tecnolog\u00eda Mips, una visera extra\u00edble y un dise\u00f1o elegante, adem\u00e1s de obtener la m\u00e1xima calificaci\u00f3n de Virginia Tech\u00ae Helmet de 5 estrellas, te ver\u00e1s y sentir\u00e1s bien sobre tu bici. El Chamonix ofrece una comodidad de primera clase, una ventilaci\u00f3n orientada al rendimiento y un lenguaje de dise\u00f1o inspirado en los modelos S-Works, todo ello en un modelo accesible.<br \/>\n<strong>Ventilaci\u00f3n:<\/strong> Tomado directamente de nuestro S-Works Evade 3 y S-Works Prevail 3 de primera calidad, nuestro sistema 4D Brow Cooling deja un espacio entre el casco y la frente, dirigiendo el flujo de aire hacia los canales de aire internos. Esto hace que puedas sentir el flujo de aire a trav\u00e9s del casco a bajas velocidades, manteni\u00e9ndote muy fresco cuando la intensidad aumenta.<br \/>\n<strong>Personalizaci\u00f3n:<\/strong> La visera es muy \u00fatil para los d\u00edas m\u00e1s soleados, pero si eso no es lo tuyo, qu\u00edtala f\u00e1cilmente para adaptar tu look como prefieras.<br \/>\n<strong>Mips:<\/strong> El Chamonix viene equipado con Mips Essential Core, una capa de baja fricci\u00f3n que permite un movimiento de deslizamiento de 10 a 15 mm en todas las direcciones. Los estudios indican que esto reduce algunas de las fuerzas de rotaci\u00f3n transmitidas al cerebro durante los impactos en \u00e1ngulo.<br \/>\n<strong>Calificaci\u00f3n de Virginia Tech\u00ae Helmet de 5 estrellas:<\/strong> El Chamonix ha obtenido la m\u00e1xima calificaci\u00f3n de 5 estrellas Virginia Tech\u00ae Helmet por parte del Instituto Polit\u00e9cnico y Universidad Estatal de Virginia, de renombre internacional.<\/p>\n<ul>\n<li>Sistema de ajuste Headset SX con dial microajustable para un ajuste f\u00e1cil, seguro y preciso.<\/li>\n<li>Divisor de cintas Tri-Fix para mejorar la comodidad y facilitar el ajuste.<\/li>\n<li>Sistema Mips Essential Core para mejorar la protecci\u00f3n de los impactos con rotaci\u00f3n.<\/li>\n<li>El casco Chamonix obtuvo la calificaci\u00f3n m\u00e1s alta de 5 estrellas Virginia Tech\u00ae Helmet del Instituto Polit\u00e9cnico y Universidad Estatal de Virginia, de renombre internacional.<\/li>\n<li>El Chamonix viene con una visera f\u00e1cil de quitar y volver a instalar.<\/li>\n<li>El sistema de refrigeraci\u00f3n 4th Dimension Cooling System optimiza la ventilaci\u00f3n.<\/li>\n<li>Peso: 330g (Medium)<\/li>\n<\/ul>\n","protected":false},"excerpt":{"rendered":"<p>la elecci\u00f3n perfecta para el d\u00eda a d\u00eda en carretera. Con elementos de dise\u00f1o extra\u00eddos de nuestros cascos S-Works, adem\u00e1s de una comodidad y ventilaci\u00f3n de alto rendimiento, el Chamonix es la elecci\u00f3n perfecta para tus aventuras en carretera, gravel o desplazamientos urbanos. <\/p>\n","protected":false},"featured_media":393484,"comment_status":"closed","ping_status":"closed","template":"","meta":{"_acf_changed":false,"_et_pb_use_builder":"","_et_pb_old_content":"","_et_gb_content_width":"","inline_featured_image":false},"product_brand":[],"product_cat":[361,363,403],"product_tag":[],"class_list":{"0":"post-429586","1":"product","2":"type-product","3":"status-publish","4":"has-post-thumbnail","6":"product_cat-acessorios","7":"product_cat-capacetes","8":"product_cat-outlet-pt-pt","9":"product_shipping_class-acessorios","11":"first","12":"instock","13":"taxable","14":"shipping-taxable","15":"purchasable","16":"product-type-variable","17":"wvs-archive-product-wrapper"},"acf":[],"yoast_head":"<!-- This site is optimized with the Yoast SEO Premium plugin v26.7 (Yoast SEO v26.7) - https:\/\/yoast.com\/wordpress\/plugins\/seo\/ -->\n<title>Specialized Chamonix 3 GR-100 Bicicletas<\/title>\n<meta name=\"description\" content=\"La elecci\u00f3n perfecta para el d\u00eda a d\u00eda en carretera. Con elementos de dise\u00f1o extra\u00eddos de nuestros cascos S-Works. Tecnolog\u00eda Mips\" \/>\n<meta name=\"robots\" content=\"index, follow, max-snippet:-1, max-image-preview:large, max-video-preview:-1\" \/>\n<link rel=\"canonical\" href=\"https:\/\/gr-100.com\/pt-pt\/producto\/specialized-chamonix-3\/\" \/>\n<meta property=\"og:locale\" content=\"pt_PT\" \/>\n<meta property=\"og:type\" content=\"article\" \/>\n<meta property=\"og:title\" content=\"Specialized Chamonix 3\" \/>\n<meta property=\"og:description\" content=\"La elecci\u00f3n perfecta para el d\u00eda a d\u00eda en carretera. Con elementos de dise\u00f1o extra\u00eddos de nuestros cascos S-Works. Tecnolog\u00eda Mips\" \/>\n<meta property=\"og:url\" content=\"https:\/\/gr-100.com\/pt-pt\/producto\/specialized-chamonix-3\/\" \/>\n<meta property=\"og:site_name\" content=\"Gr-100 Tienda de ciclismo Specialized\" \/>\n<meta property=\"article:publisher\" content=\"https:\/\/www.facebook.com\/Gr100Bikes\" \/>\n<meta property=\"og:image\" content=\"https:\/\/gr-100.com\/wp-content\/uploads\/2024\/10\/Specialized-Chamonix-3-7.jpg\" \/>\n\t<meta property=\"og:image:width\" content=\"1000\" \/>\n\t<meta property=\"og:image:height\" content=\"1000\" \/>\n\t<meta property=\"og:image:type\" content=\"image\/jpeg\" \/>\n<meta name=\"twitter:card\" content=\"summary_large_image\" \/>\n<meta name=\"twitter:label1\" content=\"Tempo estimado de leitura\" \/>\n\t<meta name=\"twitter:data1\" content=\"2 minutos\" \/>\n<script type=\"application\/ld+json\" class=\"yoast-schema-graph\">{\"@context\":\"https:\/\/schema.org\",\"@graph\":[{\"@type\":\"WebPage\",\"@id\":\"https:\/\/gr-100.com\/pt-pt\/producto\/specialized-chamonix-3\/\",\"url\":\"https:\/\/gr-100.com\/pt-pt\/producto\/specialized-chamonix-3\/\",\"name\":\"Specialized Chamonix 3 GR-100 Bicicletas\",\"isPartOf\":{\"@id\":\"https:\/\/gr-100.com\/#website\"},\"primaryImageOfPage\":{\"@id\":\"https:\/\/gr-100.com\/pt-pt\/producto\/specialized-chamonix-3\/#primaryimage\"},\"image\":{\"@id\":\"https:\/\/gr-100.com\/pt-pt\/producto\/specialized-chamonix-3\/#primaryimage\"},\"thumbnailUrl\":\"https:\/\/gr-100.com\/wp-content\/uploads\/2024\/10\/Specialized-Chamonix-3-7.jpg\",\"datePublished\":\"2024-10-21T13:13:02+00:00\",\"description\":\"La elecci\u00f3n perfecta para el d\u00eda a d\u00eda en carretera. Con elementos de dise\u00f1o extra\u00eddos de nuestros cascos S-Works. Tecnolog\u00eda Mips\",\"breadcrumb\":{\"@id\":\"https:\/\/gr-100.com\/pt-pt\/producto\/specialized-chamonix-3\/#breadcrumb\"},\"inLanguage\":\"pt-PT\",\"potentialAction\":[{\"@type\":\"ReadAction\",\"target\":[\"https:\/\/gr-100.com\/pt-pt\/producto\/specialized-chamonix-3\/\"]}]},{\"@type\":\"ImageObject\",\"inLanguage\":\"pt-PT\",\"@id\":\"https:\/\/gr-100.com\/pt-pt\/producto\/specialized-chamonix-3\/#primaryimage\",\"url\":\"https:\/\/gr-100.com\/wp-content\/uploads\/2024\/10\/Specialized-Chamonix-3-7.jpg\",\"contentUrl\":\"https:\/\/gr-100.com\/wp-content\/uploads\/2024\/10\/Specialized-Chamonix-3-7.jpg\",\"width\":1000,\"height\":1000},{\"@type\":\"BreadcrumbList\",\"@id\":\"https:\/\/gr-100.com\/pt-pt\/producto\/specialized-chamonix-3\/#breadcrumb\",\"itemListElement\":[{\"@type\":\"ListItem\",\"position\":1,\"name\":\"Portada\",\"item\":\"https:\/\/gr-100.com\/en\/\"},{\"@type\":\"ListItem\",\"position\":2,\"name\":\"Productos\",\"item\":\"https:\/\/gr-100.com\/?post_type=product\"},{\"@type\":\"ListItem\",\"position\":3,\"name\":\"Specialized Chamonix 3\"}]},{\"@type\":\"WebSite\",\"@id\":\"https:\/\/gr-100.com\/#website\",\"url\":\"https:\/\/gr-100.com\/\",\"name\":\"Gr-100 Tienda de ciclismo Specialized\",\"description\":\"GR-100 tenemos todas las gamas de bicicletas Specialized al mejor precio.\",\"publisher\":{\"@id\":\"https:\/\/gr-100.com\/#organization\"},\"alternateName\":\"Gr-100 Bikes\",\"potentialAction\":[{\"@type\":\"SearchAction\",\"target\":{\"@type\":\"EntryPoint\",\"urlTemplate\":\"https:\/\/gr-100.com\/?s={search_term_string}\"},\"query-input\":{\"@type\":\"PropertyValueSpecification\",\"valueRequired\":true,\"valueName\":\"search_term_string\"}}],\"inLanguage\":\"pt-PT\"},{\"@type\":\"Organization\",\"@id\":\"https:\/\/gr-100.com\/#organization\",\"name\":\"Gr-100\",\"url\":\"https:\/\/gr-100.com\/\",\"logo\":{\"@type\":\"ImageObject\",\"inLanguage\":\"pt-PT\",\"@id\":\"https:\/\/gr-100.com\/#\/schema\/logo\/image\/\",\"url\":\"https:\/\/gr-100.com\/wp-content\/uploads\/2023\/08\/logo-gr-100-bikes.png\",\"contentUrl\":\"https:\/\/gr-100.com\/wp-content\/uploads\/2023\/08\/logo-gr-100-bikes.png\",\"width\":707,\"height\":284,\"caption\":\"Gr-100\"},\"image\":{\"@id\":\"https:\/\/gr-100.com\/#\/schema\/logo\/image\/\"},\"sameAs\":[\"https:\/\/www.facebook.com\/Gr100Bikes\",\"https:\/\/www.instagram.com\/gr100bikes\/\",\"https:\/\/www.tiktok.com\/@gr100bikes\",\"https:\/\/twitter.com\/gr100mtbteam\",\"https:\/\/www.youtube.com\/c\/GR100Specialized\"]}]}<\/script>\n<!-- \/ Yoast SEO Premium plugin. -->","yoast_head_json":{"title":"Specialized Chamonix 3 GR-100 Bicicletas","description":"La elecci\u00f3n perfecta para el d\u00eda a d\u00eda en carretera. Con elementos de dise\u00f1o extra\u00eddos de nuestros cascos S-Works. Tecnolog\u00eda Mips","robots":{"index":"index","follow":"follow","max-snippet":"max-snippet:-1","max-image-preview":"max-image-preview:large","max-video-preview":"max-video-preview:-1"},"canonical":"https:\/\/gr-100.com\/pt-pt\/producto\/specialized-chamonix-3\/","og_locale":"pt_PT","og_type":"article","og_title":"Specialized Chamonix 3","og_description":"La elecci\u00f3n perfecta para el d\u00eda a d\u00eda en carretera. Con elementos de dise\u00f1o extra\u00eddos de nuestros cascos S-Works. Tecnolog\u00eda Mips","og_url":"https:\/\/gr-100.com\/pt-pt\/producto\/specialized-chamonix-3\/","og_site_name":"Gr-100 Tienda de ciclismo Specialized","article_publisher":"https:\/\/www.facebook.com\/Gr100Bikes","og_image":[{"width":1000,"height":1000,"url":"https:\/\/gr-100.com\/wp-content\/uploads\/2024\/10\/Specialized-Chamonix-3-7.jpg","type":"image\/jpeg"}],"twitter_card":"summary_large_image","twitter_misc":{"Tempo estimado de leitura":"2 minutos"},"schema":{"@context":"https:\/\/schema.org","@graph":[{"@type":"WebPage","@id":"https:\/\/gr-100.com\/pt-pt\/producto\/specialized-chamonix-3\/","url":"https:\/\/gr-100.com\/pt-pt\/producto\/specialized-chamonix-3\/","name":"Specialized Chamonix 3 GR-100 Bicicletas","isPartOf":{"@id":"https:\/\/gr-100.com\/#website"},"primaryImageOfPage":{"@id":"https:\/\/gr-100.com\/pt-pt\/producto\/specialized-chamonix-3\/#primaryimage"},"image":{"@id":"https:\/\/gr-100.com\/pt-pt\/producto\/specialized-chamonix-3\/#primaryimage"},"thumbnailUrl":"https:\/\/gr-100.com\/wp-content\/uploads\/2024\/10\/Specialized-Chamonix-3-7.jpg","datePublished":"2024-10-21T13:13:02+00:00","description":"La elecci\u00f3n perfecta para el d\u00eda a d\u00eda en carretera. Con elementos de dise\u00f1o extra\u00eddos de nuestros cascos S-Works. Tecnolog\u00eda Mips","breadcrumb":{"@id":"https:\/\/gr-100.com\/pt-pt\/producto\/specialized-chamonix-3\/#breadcrumb"},"inLanguage":"pt-PT","potentialAction":[{"@type":"ReadAction","target":["https:\/\/gr-100.com\/pt-pt\/producto\/specialized-chamonix-3\/"]}]},{"@type":"ImageObject","inLanguage":"pt-PT","@id":"https:\/\/gr-100.com\/pt-pt\/producto\/specialized-chamonix-3\/#primaryimage","url":"https:\/\/gr-100.com\/wp-content\/uploads\/2024\/10\/Specialized-Chamonix-3-7.jpg","contentUrl":"https:\/\/gr-100.com\/wp-content\/uploads\/2024\/10\/Specialized-Chamonix-3-7.jpg","width":1000,"height":1000},{"@type":"BreadcrumbList","@id":"https:\/\/gr-100.com\/pt-pt\/producto\/specialized-chamonix-3\/#breadcrumb","itemListElement":[{"@type":"ListItem","position":1,"name":"Portada","item":"https:\/\/gr-100.com\/en\/"},{"@type":"ListItem","position":2,"name":"Productos","item":"https:\/\/gr-100.com\/?post_type=product"},{"@type":"ListItem","position":3,"name":"Specialized Chamonix 3"}]},{"@type":"WebSite","@id":"https:\/\/gr-100.com\/#website","url":"https:\/\/gr-100.com\/","name":"Gr-100 Tienda de ciclismo Specialized","description":"GR-100 tenemos todas las gamas de bicicletas Specialized al mejor precio.","publisher":{"@id":"https:\/\/gr-100.com\/#organization"},"alternateName":"Gr-100 Bikes","potentialAction":[{"@type":"SearchAction","target":{"@type":"EntryPoint","urlTemplate":"https:\/\/gr-100.com\/?s={search_term_string}"},"query-input":{"@type":"PropertyValueSpecification","valueRequired":true,"valueName":"search_term_string"}}],"inLanguage":"pt-PT"},{"@type":"Organization","@id":"https:\/\/gr-100.com\/#organization","name":"Gr-100","url":"https:\/\/gr-100.com\/","logo":{"@type":"ImageObject","inLanguage":"pt-PT","@id":"https:\/\/gr-100.com\/#\/schema\/logo\/image\/","url":"https:\/\/gr-100.com\/wp-content\/uploads\/2023\/08\/logo-gr-100-bikes.png","contentUrl":"https:\/\/gr-100.com\/wp-content\/uploads\/2023\/08\/logo-gr-100-bikes.png","width":707,"height":284,"caption":"Gr-100"},"image":{"@id":"https:\/\/gr-100.com\/#\/schema\/logo\/image\/"},"sameAs":["https:\/\/www.facebook.com\/Gr100Bikes","https:\/\/www.instagram.com\/gr100bikes\/","https:\/\/www.tiktok.com\/@gr100bikes","https:\/\/twitter.com\/gr100mtbteam","https:\/\/www.youtube.com\/c\/GR100Specialized"]}]}},"_links":{"self":[{"href":"https:\/\/gr-100.com\/pt-pt\/wp-json\/wp\/v2\/product\/429586","targetHints":{"allow":["GET"]}}],"collection":[{"href":"https:\/\/gr-100.com\/pt-pt\/wp-json\/wp\/v2\/product"}],"about":[{"href":"https:\/\/gr-100.com\/pt-pt\/wp-json\/wp\/v2\/types\/product"}],"replies":[{"embeddable":true,"href":"https:\/\/gr-100.com\/pt-pt\/wp-json\/wp\/v2\/comments?post=429586"}],"wp:featuredmedia":[{"embeddable":true,"href":"https:\/\/gr-100.com\/pt-pt\/wp-json\/wp\/v2\/media\/393484"}],"wp:attachment":[{"href":"https:\/\/gr-100.com\/pt-pt\/wp-json\/wp\/v2\/media?parent=429586"}],"wp:term":[{"taxonomy":"product_brand","embeddable":true,"href":"https:\/\/gr-100.com\/pt-pt\/wp-json\/wp\/v2\/product_brand?post=429586"},{"taxonomy":"product_cat","embeddable":true,"href":"https:\/\/gr-100.com\/pt-pt\/wp-json\/wp\/v2\/product_cat?post=429586"},{"taxonomy":"product_tag","embeddable":true,"href":"https:\/\/gr-100.com\/pt-pt\/wp-json\/wp\/v2\/product_tag?post=429586"}],"curies":[{"name":"wp","href":"https:\/\/api.w.org\/{rel}","templated":true}]}}