{"id":429842,"date":"2025-12-17T13:50:34","date_gmt":"2025-12-17T12:50:34","guid":{"rendered":"https:\/\/gr-100.com\/producto\/specialized-neumatico-mondo-tlr-de-endurance\/"},"modified":"2025-12-17T13:50:34","modified_gmt":"2025-12-17T11:50:34","slug":"specialized-neumatico-mondo-tlr-de-endurance","status":"publish","type":"product","link":"https:\/\/gr-100.com\/pt-pt\/producto\/specialized-neumatico-mondo-tlr-de-endurance\/","title":{"rendered":"Specialized Neum\u00e1tico Mondo TLR de Endurance"},"content":{"rendered":"<ul>\n<li>Utiliza<\/li>\n<li>Endurance para todo tipo de carreteras<\/li>\n<li>Pisa<\/li>\n<li>Banda de rodadura r\u00e1pida, lateral GRIPTON T5<\/li>\n<li>Composto<\/li>\n<li>GRIPTON T2\/T5 para velocidade em rectas e curvas<\/li>\n<li>Habita\u00e7\u00e3o<\/li>\n<li>Bandas antipinchazos de 3 capas 120TPI, Tubeless<\/li>\n<li>Combina\u00e7\u00e3o de rodas recomendada<\/li>\n<li>Roval Rapid, Alpinist y Terra<\/li>\n<li>Peso aproximado<\/li>\n<li>700x28c, 310g&lt;br&gt;700x32c, 330g&lt;br&gt;700x35c, 360g<\/li>\n<\/ul>\n","protected":false},"excerpt":{"rendered":"<p>El Mondo es el neum\u00e1tico endurance m\u00e1s r\u00e1pido y ligero del mundo, capaz de batir r\u00e9cords y ganar la Par\u00eds-Roubaix. Su banda de rodadura r\u00e1pida de doble compuesto GRIPTON T2\/T5 permite afrontar el asfalto rugoso y la grava compacta con facilidad. <\/p>\n","protected":false},"featured_media":422984,"comment_status":"open","ping_status":"closed","template":"","meta":{"_acf_changed":false,"_et_pb_use_builder":"","_et_pb_old_content":"","_et_gb_content_width":"","inline_featured_image":false},"product_brand":[],"product_cat":[379,381],"product_tag":[],"class_list":{"0":"post-429842","1":"product","2":"type-product","3":"status-publish","4":"has-post-thumbnail","6":"product_cat-componentes-pt-pt","7":"product_cat-pneus-e-camaras-de-ar","8":"pa_tamanos-700x28-pt-pt","9":"pa_tamanos-700x32-pt-pt","10":"pa_tamanos-700x35-pt-pt","12":"first","13":"instock","14":"taxable","15":"shipping-taxable","16":"purchasable","17":"product-type-variable","18":"wvs-archive-product-wrapper"},"acf":[],"yoast_head":"<!-- This site is optimized with the Yoast SEO Premium plugin v26.7 (Yoast SEO v26.7) - https:\/\/yoast.com\/wordpress\/plugins\/seo\/ -->\n<title>Specialized Neum\u00e1tico Mondo TLR de Endurance GR-100<\/title>\n<meta name=\"description\" content=\"El Mondo es el neum\u00e1tico endurance m\u00e1s r\u00e1pido y ligero del mundo, capaz de batir r\u00e9cords y ganar la Par\u00eds-Roubaix. Su banda de rodadura r\u00e1pida de doble compuesto GRIPTON T2\/T5 permite afrontar el asfalto rugoso y la grava compacta con facilidad.\" \/>\n<meta name=\"robots\" content=\"index, follow, max-snippet:-1, max-image-preview:large, max-video-preview:-1\" \/>\n<link rel=\"canonical\" href=\"https:\/\/gr-100.com\/pt-pt\/producto\/specialized-neumatico-mondo-tlr-de-endurance\/\" \/>\n<meta property=\"og:locale\" content=\"pt_PT\" \/>\n<meta property=\"og:type\" content=\"article\" \/>\n<meta property=\"og:title\" content=\"Specialized Neum\u00e1tico Mondo TLR de Endurance\" \/>\n<meta property=\"og:description\" content=\"El Mondo es el neum\u00e1tico endurance m\u00e1s r\u00e1pido y ligero del mundo, capaz de batir r\u00e9cords y ganar la Par\u00eds-Roubaix. Su banda de rodadura r\u00e1pida de doble compuesto GRIPTON T2\/T5 permite afrontar el asfalto rugoso y la grava compacta con facilidad.\" \/>\n<meta property=\"og:url\" content=\"https:\/\/gr-100.com\/pt-pt\/producto\/specialized-neumatico-mondo-tlr-de-endurance\/\" \/>\n<meta property=\"og:site_name\" content=\"Gr-100 Tienda de ciclismo Specialized\" \/>\n<meta property=\"article:publisher\" content=\"https:\/\/www.facebook.com\/Gr100Bikes\" \/>\n<meta property=\"og:image\" content=\"https:\/\/gr-100.com\/wp-content\/uploads\/2025\/12\/Diseno-sin-titulo-2025-12-17T123242.053.jpg\" \/>\n\t<meta property=\"og:image:width\" content=\"1000\" \/>\n\t<meta property=\"og:image:height\" content=\"1000\" \/>\n\t<meta property=\"og:image:type\" content=\"image\/jpeg\" \/>\n<meta name=\"twitter:card\" content=\"summary_large_image\" \/>\n<script type=\"application\/ld+json\" class=\"yoast-schema-graph\">{\"@context\":\"https:\/\/schema.org\",\"@graph\":[{\"@type\":\"WebPage\",\"@id\":\"https:\/\/gr-100.com\/pt-pt\/producto\/specialized-neumatico-mondo-tlr-de-endurance\/\",\"url\":\"https:\/\/gr-100.com\/pt-pt\/producto\/specialized-neumatico-mondo-tlr-de-endurance\/\",\"name\":\"Specialized Neum\u00e1tico Mondo TLR de Endurance GR-100\",\"isPartOf\":{\"@id\":\"https:\/\/gr-100.com\/#website\"},\"primaryImageOfPage\":{\"@id\":\"https:\/\/gr-100.com\/pt-pt\/producto\/specialized-neumatico-mondo-tlr-de-endurance\/#primaryimage\"},\"image\":{\"@id\":\"https:\/\/gr-100.com\/pt-pt\/producto\/specialized-neumatico-mondo-tlr-de-endurance\/#primaryimage\"},\"thumbnailUrl\":\"https:\/\/gr-100.com\/wp-content\/uploads\/2025\/12\/Diseno-sin-titulo-2025-12-17T123242.053.jpg\",\"datePublished\":\"2025-12-17T12:50:34+00:00\",\"description\":\"El Mondo es el neum\u00e1tico endurance m\u00e1s r\u00e1pido y ligero del mundo, capaz de batir r\u00e9cords y ganar la Par\u00eds-Roubaix. Su banda de rodadura r\u00e1pida de doble compuesto GRIPTON T2\/T5 permite afrontar el asfalto rugoso y la grava compacta con facilidad.\",\"breadcrumb\":{\"@id\":\"https:\/\/gr-100.com\/pt-pt\/producto\/specialized-neumatico-mondo-tlr-de-endurance\/#breadcrumb\"},\"inLanguage\":\"pt-PT\",\"potentialAction\":[{\"@type\":\"ReadAction\",\"target\":[\"https:\/\/gr-100.com\/pt-pt\/producto\/specialized-neumatico-mondo-tlr-de-endurance\/\"]}]},{\"@type\":\"ImageObject\",\"inLanguage\":\"pt-PT\",\"@id\":\"https:\/\/gr-100.com\/pt-pt\/producto\/specialized-neumatico-mondo-tlr-de-endurance\/#primaryimage\",\"url\":\"https:\/\/gr-100.com\/wp-content\/uploads\/2025\/12\/Diseno-sin-titulo-2025-12-17T123242.053.jpg\",\"contentUrl\":\"https:\/\/gr-100.com\/wp-content\/uploads\/2025\/12\/Diseno-sin-titulo-2025-12-17T123242.053.jpg\",\"width\":1000,\"height\":1000},{\"@type\":\"BreadcrumbList\",\"@id\":\"https:\/\/gr-100.com\/pt-pt\/producto\/specialized-neumatico-mondo-tlr-de-endurance\/#breadcrumb\",\"itemListElement\":[{\"@type\":\"ListItem\",\"position\":1,\"name\":\"Portada\",\"item\":\"https:\/\/gr-100.com\/en\/\"},{\"@type\":\"ListItem\",\"position\":2,\"name\":\"Productos\",\"item\":\"https:\/\/gr-100.com\/?post_type=product\"},{\"@type\":\"ListItem\",\"position\":3,\"name\":\"Specialized Neum\u00e1tico Mondo TLR de Endurance\"}]},{\"@type\":\"WebSite\",\"@id\":\"https:\/\/gr-100.com\/#website\",\"url\":\"https:\/\/gr-100.com\/\",\"name\":\"Gr-100 Tienda de ciclismo Specialized\",\"description\":\"GR-100 tenemos todas las gamas de bicicletas Specialized al mejor precio.\",\"publisher\":{\"@id\":\"https:\/\/gr-100.com\/#organization\"},\"alternateName\":\"Gr-100 Bikes\",\"potentialAction\":[{\"@type\":\"SearchAction\",\"target\":{\"@type\":\"EntryPoint\",\"urlTemplate\":\"https:\/\/gr-100.com\/?s={search_term_string}\"},\"query-input\":{\"@type\":\"PropertyValueSpecification\",\"valueRequired\":true,\"valueName\":\"search_term_string\"}}],\"inLanguage\":\"pt-PT\"},{\"@type\":\"Organization\",\"@id\":\"https:\/\/gr-100.com\/#organization\",\"name\":\"Gr-100\",\"url\":\"https:\/\/gr-100.com\/\",\"logo\":{\"@type\":\"ImageObject\",\"inLanguage\":\"pt-PT\",\"@id\":\"https:\/\/gr-100.com\/#\/schema\/logo\/image\/\",\"url\":\"https:\/\/gr-100.com\/wp-content\/uploads\/2023\/08\/logo-gr-100-bikes.png\",\"contentUrl\":\"https:\/\/gr-100.com\/wp-content\/uploads\/2023\/08\/logo-gr-100-bikes.png\",\"width\":707,\"height\":284,\"caption\":\"Gr-100\"},\"image\":{\"@id\":\"https:\/\/gr-100.com\/#\/schema\/logo\/image\/\"},\"sameAs\":[\"https:\/\/www.facebook.com\/Gr100Bikes\",\"https:\/\/www.instagram.com\/gr100bikes\/\",\"https:\/\/www.tiktok.com\/@gr100bikes\",\"https:\/\/twitter.com\/gr100mtbteam\",\"https:\/\/www.youtube.com\/c\/GR100Specialized\"]}]}<\/script>\n<!-- \/ Yoast SEO Premium plugin. -->","yoast_head_json":{"title":"Specialized Neum\u00e1tico Mondo TLR de Endurance GR-100","description":"El Mondo es el neum\u00e1tico endurance m\u00e1s r\u00e1pido y ligero del mundo, capaz de batir r\u00e9cords y ganar la Par\u00eds-Roubaix. Su banda de rodadura r\u00e1pida de doble compuesto GRIPTON T2\/T5 permite afrontar el asfalto rugoso y la grava compacta con facilidad.","robots":{"index":"index","follow":"follow","max-snippet":"max-snippet:-1","max-image-preview":"max-image-preview:large","max-video-preview":"max-video-preview:-1"},"canonical":"https:\/\/gr-100.com\/pt-pt\/producto\/specialized-neumatico-mondo-tlr-de-endurance\/","og_locale":"pt_PT","og_type":"article","og_title":"Specialized Neum\u00e1tico Mondo TLR de Endurance","og_description":"El Mondo es el neum\u00e1tico endurance m\u00e1s r\u00e1pido y ligero del mundo, capaz de batir r\u00e9cords y ganar la Par\u00eds-Roubaix. Su banda de rodadura r\u00e1pida de doble compuesto GRIPTON T2\/T5 permite afrontar el asfalto rugoso y la grava compacta con facilidad.","og_url":"https:\/\/gr-100.com\/pt-pt\/producto\/specialized-neumatico-mondo-tlr-de-endurance\/","og_site_name":"Gr-100 Tienda de ciclismo Specialized","article_publisher":"https:\/\/www.facebook.com\/Gr100Bikes","og_image":[{"width":1000,"height":1000,"url":"https:\/\/gr-100.com\/wp-content\/uploads\/2025\/12\/Diseno-sin-titulo-2025-12-17T123242.053.jpg","type":"image\/jpeg"}],"twitter_card":"summary_large_image","schema":{"@context":"https:\/\/schema.org","@graph":[{"@type":"WebPage","@id":"https:\/\/gr-100.com\/pt-pt\/producto\/specialized-neumatico-mondo-tlr-de-endurance\/","url":"https:\/\/gr-100.com\/pt-pt\/producto\/specialized-neumatico-mondo-tlr-de-endurance\/","name":"Specialized Neum\u00e1tico Mondo TLR de Endurance GR-100","isPartOf":{"@id":"https:\/\/gr-100.com\/#website"},"primaryImageOfPage":{"@id":"https:\/\/gr-100.com\/pt-pt\/producto\/specialized-neumatico-mondo-tlr-de-endurance\/#primaryimage"},"image":{"@id":"https:\/\/gr-100.com\/pt-pt\/producto\/specialized-neumatico-mondo-tlr-de-endurance\/#primaryimage"},"thumbnailUrl":"https:\/\/gr-100.com\/wp-content\/uploads\/2025\/12\/Diseno-sin-titulo-2025-12-17T123242.053.jpg","datePublished":"2025-12-17T12:50:34+00:00","description":"El Mondo es el neum\u00e1tico endurance m\u00e1s r\u00e1pido y ligero del mundo, capaz de batir r\u00e9cords y ganar la Par\u00eds-Roubaix. Su banda de rodadura r\u00e1pida de doble compuesto GRIPTON T2\/T5 permite afrontar el asfalto rugoso y la grava compacta con facilidad.","breadcrumb":{"@id":"https:\/\/gr-100.com\/pt-pt\/producto\/specialized-neumatico-mondo-tlr-de-endurance\/#breadcrumb"},"inLanguage":"pt-PT","potentialAction":[{"@type":"ReadAction","target":["https:\/\/gr-100.com\/pt-pt\/producto\/specialized-neumatico-mondo-tlr-de-endurance\/"]}]},{"@type":"ImageObject","inLanguage":"pt-PT","@id":"https:\/\/gr-100.com\/pt-pt\/producto\/specialized-neumatico-mondo-tlr-de-endurance\/#primaryimage","url":"https:\/\/gr-100.com\/wp-content\/uploads\/2025\/12\/Diseno-sin-titulo-2025-12-17T123242.053.jpg","contentUrl":"https:\/\/gr-100.com\/wp-content\/uploads\/2025\/12\/Diseno-sin-titulo-2025-12-17T123242.053.jpg","width":1000,"height":1000},{"@type":"BreadcrumbList","@id":"https:\/\/gr-100.com\/pt-pt\/producto\/specialized-neumatico-mondo-tlr-de-endurance\/#breadcrumb","itemListElement":[{"@type":"ListItem","position":1,"name":"Portada","item":"https:\/\/gr-100.com\/en\/"},{"@type":"ListItem","position":2,"name":"Productos","item":"https:\/\/gr-100.com\/?post_type=product"},{"@type":"ListItem","position":3,"name":"Specialized Neum\u00e1tico Mondo TLR de Endurance"}]},{"@type":"WebSite","@id":"https:\/\/gr-100.com\/#website","url":"https:\/\/gr-100.com\/","name":"Gr-100 Tienda de ciclismo Specialized","description":"GR-100 tenemos todas las gamas de bicicletas Specialized al mejor precio.","publisher":{"@id":"https:\/\/gr-100.com\/#organization"},"alternateName":"Gr-100 Bikes","potentialAction":[{"@type":"SearchAction","target":{"@type":"EntryPoint","urlTemplate":"https:\/\/gr-100.com\/?s={search_term_string}"},"query-input":{"@type":"PropertyValueSpecification","valueRequired":true,"valueName":"search_term_string"}}],"inLanguage":"pt-PT"},{"@type":"Organization","@id":"https:\/\/gr-100.com\/#organization","name":"Gr-100","url":"https:\/\/gr-100.com\/","logo":{"@type":"ImageObject","inLanguage":"pt-PT","@id":"https:\/\/gr-100.com\/#\/schema\/logo\/image\/","url":"https:\/\/gr-100.com\/wp-content\/uploads\/2023\/08\/logo-gr-100-bikes.png","contentUrl":"https:\/\/gr-100.com\/wp-content\/uploads\/2023\/08\/logo-gr-100-bikes.png","width":707,"height":284,"caption":"Gr-100"},"image":{"@id":"https:\/\/gr-100.com\/#\/schema\/logo\/image\/"},"sameAs":["https:\/\/www.facebook.com\/Gr100Bikes","https:\/\/www.instagram.com\/gr100bikes\/","https:\/\/www.tiktok.com\/@gr100bikes","https:\/\/twitter.com\/gr100mtbteam","https:\/\/www.youtube.com\/c\/GR100Specialized"]}]}},"_links":{"self":[{"href":"https:\/\/gr-100.com\/pt-pt\/wp-json\/wp\/v2\/product\/429842","targetHints":{"allow":["GET"]}}],"collection":[{"href":"https:\/\/gr-100.com\/pt-pt\/wp-json\/wp\/v2\/product"}],"about":[{"href":"https:\/\/gr-100.com\/pt-pt\/wp-json\/wp\/v2\/types\/product"}],"replies":[{"embeddable":true,"href":"https:\/\/gr-100.com\/pt-pt\/wp-json\/wp\/v2\/comments?post=429842"}],"wp:featuredmedia":[{"embeddable":true,"href":"https:\/\/gr-100.com\/pt-pt\/wp-json\/wp\/v2\/media\/422984"}],"wp:attachment":[{"href":"https:\/\/gr-100.com\/pt-pt\/wp-json\/wp\/v2\/media?parent=429842"}],"wp:term":[{"taxonomy":"product_brand","embeddable":true,"href":"https:\/\/gr-100.com\/pt-pt\/wp-json\/wp\/v2\/product_brand?post=429842"},{"taxonomy":"product_cat","embeddable":true,"href":"https:\/\/gr-100.com\/pt-pt\/wp-json\/wp\/v2\/product_cat?post=429842"},{"taxonomy":"product_tag","embeddable":true,"href":"https:\/\/gr-100.com\/pt-pt\/wp-json\/wp\/v2\/product_tag?post=429842"}],"curies":[{"name":"wp","href":"https:\/\/api.w.org\/{rel}","templated":true}]}}