{"id":429974,"date":"2025-12-16T13:55:11","date_gmt":"2025-12-16T12:55:11","guid":{"rendered":"https:\/\/gr-100.com\/producto\/pneu-de-competicao-specialized-rapidair-tlr\/"},"modified":"2025-12-16T13:55:11","modified_gmt":"2025-12-16T11:55:11","slug":"pneu-de-competicao-specialized-rapidair-tlr","status":"publish","type":"product","link":"https:\/\/gr-100.com\/pt-pt\/producto\/pneu-de-competicao-specialized-rapidair-tlr\/","title":{"rendered":"Pneu de competi\u00e7\u00e3o Specialized RapidAir TLR"},"content":{"rendered":"<ul>\n<li>Utiliza<\/li>\n<li>Concursos de estrada<\/li>\n<li>Pisa<\/li>\n<li>Piso de tra\u00e7\u00e3o aerodin\u00e2mico e vers\u00e1til.<\/li>\n<li>Composto<\/li>\n<li>GRIPTON T2\/T5 para velocidade em rectas e curvas<\/li>\n<li>Habita\u00e7\u00e3o<\/li>\n<li>RapidAir 120TPI, estrutura sem c\u00e2mara de ar<\/li>\n<li>Combina\u00e7\u00e3o de rodas recomendada<\/li>\n<li>Roval Rapidair e Alpinist<\/li>\n<li>Peso aproximado<\/li>\n<li>700x26c, 220 g&lt;br&gt;700x28c, 230 g<\/li>\n<\/ul>\n","protected":false},"excerpt":{"rendered":"<p>O RapidAir TLR \u00e9 o pneu de corrida mais r\u00e1pido no asfalto. Pesando 220 g e com o piso mais r\u00e1pido que j\u00e1 test\u00e1mos, o RapidAir TLR \u00e9 33 segundos mais r\u00e1pido do que o seu antecessor, ao mesmo tempo que reduz a resist\u00eancia aerodin\u00e2mica em 2 watts e a resist\u00eancia ao rolamento em 3 watts, resultando no pneu mais r\u00e1pido que j\u00e1 fabric\u00e1mos. Quando a velocidade \u00e9 tudo o que importa, o RapidAir \u00e9 a escolha perfeita.  <\/p>\n","protected":false},"featured_media":422919,"comment_status":"open","ping_status":"closed","template":"","meta":{"_acf_changed":false,"_et_pb_use_builder":"","_et_pb_old_content":"","_et_gb_content_width":"","inline_featured_image":false},"product_brand":[],"product_cat":[379,381],"product_tag":[],"class_list":{"0":"post-429974","1":"product","2":"type-product","3":"status-publish","4":"has-post-thumbnail","6":"product_cat-componentes-pt-pt","7":"product_cat-pneus-e-camaras-de-ar","8":"pa_tamanos-700x26-pt-pt","9":"pa_tamanos-700x28-pt-pt","11":"first","12":"instock","13":"taxable","14":"shipping-taxable","15":"purchasable","16":"product-type-variable","17":"wvs-archive-product-wrapper"},"acf":[],"yoast_head":"<!-- This site is optimized with the Yoast SEO Premium plugin v26.7 (Yoast SEO v26.7) - https:\/\/yoast.com\/wordpress\/plugins\/seo\/ -->\n<title>Specialized Turbo Levo 4 Expert<\/title>\n<meta name=\"description\" content=\"O RapidAir TLR \u00e9 o pneu de corrida mais r\u00e1pido no asfalto. Pesando 220 g e com o piso mais r\u00e1pido que j\u00e1 test\u00e1mos, o RapidAir TLR \u00e9 33 segundos mais r\u00e1pido do que o seu antecessor, ao mesmo tempo que reduz a resist\u00eancia aerodin\u00e2mica em 2 watts e a resist\u00eancia ao rolamento em 3 watts, resultando no pneu mais r\u00e1pido que j\u00e1 fabric\u00e1mos. Quando a velocidade \u00e9 tudo o que importa, o RapidAir \u00e9 a escolha perfeita.\" \/>\n<meta name=\"robots\" content=\"index, follow, max-snippet:-1, max-image-preview:large, max-video-preview:-1\" \/>\n<link rel=\"canonical\" href=\"https:\/\/gr-100.com\/pt-pt\/producto\/pneu-de-competicao-specialized-rapidair-tlr\/\" \/>\n<meta property=\"og:locale\" content=\"pt_PT\" \/>\n<meta property=\"og:type\" content=\"article\" \/>\n<meta property=\"og:title\" content=\"Pneu de competi\u00e7\u00e3o Specialized RapidAir TLR\" \/>\n<meta property=\"og:description\" content=\"O RapidAir TLR \u00e9 o pneu de corrida mais r\u00e1pido no asfalto. Pesando 220 g e com o piso mais r\u00e1pido que j\u00e1 test\u00e1mos, o RapidAir TLR \u00e9 33 segundos mais r\u00e1pido do que o seu antecessor, ao mesmo tempo que reduz a resist\u00eancia aerodin\u00e2mica em 2 watts e a resist\u00eancia ao rolamento em 3 watts, resultando no pneu mais r\u00e1pido que j\u00e1 fabric\u00e1mos. Quando a velocidade \u00e9 tudo o que importa, o RapidAir \u00e9 a escolha perfeita.\" \/>\n<meta property=\"og:url\" content=\"https:\/\/gr-100.com\/pt-pt\/producto\/pneu-de-competicao-specialized-rapidair-tlr\/\" \/>\n<meta property=\"og:site_name\" content=\"Gr-100 Tienda de ciclismo Specialized\" \/>\n<meta property=\"article:publisher\" content=\"https:\/\/www.facebook.com\/Gr100Bikes\" \/>\n<meta property=\"og:image\" content=\"https:\/\/gr-100.com\/wp-content\/uploads\/2025\/12\/Diseno-sin-titulo-2025-12-16T123353.149-1.jpg\" \/>\n\t<meta property=\"og:image:width\" content=\"1000\" \/>\n\t<meta property=\"og:image:height\" content=\"1000\" \/>\n\t<meta property=\"og:image:type\" content=\"image\/jpeg\" \/>\n<meta name=\"twitter:card\" content=\"summary_large_image\" \/>\n<script type=\"application\/ld+json\" class=\"yoast-schema-graph\">{\"@context\":\"https:\/\/schema.org\",\"@graph\":[{\"@type\":\"WebPage\",\"@id\":\"https:\/\/gr-100.com\/pt-pt\/producto\/pneu-de-competicao-specialized-rapidair-tlr\/\",\"url\":\"https:\/\/gr-100.com\/pt-pt\/producto\/pneu-de-competicao-specialized-rapidair-tlr\/\",\"name\":\"Specialized Turbo Levo 4 Expert\",\"isPartOf\":{\"@id\":\"https:\/\/gr-100.com\/#website\"},\"primaryImageOfPage\":{\"@id\":\"https:\/\/gr-100.com\/pt-pt\/producto\/pneu-de-competicao-specialized-rapidair-tlr\/#primaryimage\"},\"image\":{\"@id\":\"https:\/\/gr-100.com\/pt-pt\/producto\/pneu-de-competicao-specialized-rapidair-tlr\/#primaryimage\"},\"thumbnailUrl\":\"https:\/\/gr-100.com\/wp-content\/uploads\/2025\/12\/Diseno-sin-titulo-2025-12-16T123353.149-1.jpg\",\"datePublished\":\"2025-12-16T12:55:11+00:00\",\"description\":\"O RapidAir TLR \u00e9 o pneu de corrida mais r\u00e1pido no asfalto. Pesando 220 g e com o piso mais r\u00e1pido que j\u00e1 test\u00e1mos, o RapidAir TLR \u00e9 33 segundos mais r\u00e1pido do que o seu antecessor, ao mesmo tempo que reduz a resist\u00eancia aerodin\u00e2mica em 2 watts e a resist\u00eancia ao rolamento em 3 watts, resultando no pneu mais r\u00e1pido que j\u00e1 fabric\u00e1mos. Quando a velocidade \u00e9 tudo o que importa, o RapidAir \u00e9 a escolha perfeita.\",\"breadcrumb\":{\"@id\":\"https:\/\/gr-100.com\/pt-pt\/producto\/pneu-de-competicao-specialized-rapidair-tlr\/#breadcrumb\"},\"inLanguage\":\"pt-PT\",\"potentialAction\":[{\"@type\":\"ReadAction\",\"target\":[\"https:\/\/gr-100.com\/pt-pt\/producto\/pneu-de-competicao-specialized-rapidair-tlr\/\"]}]},{\"@type\":\"ImageObject\",\"inLanguage\":\"pt-PT\",\"@id\":\"https:\/\/gr-100.com\/pt-pt\/producto\/pneu-de-competicao-specialized-rapidair-tlr\/#primaryimage\",\"url\":\"https:\/\/gr-100.com\/wp-content\/uploads\/2025\/12\/Diseno-sin-titulo-2025-12-16T123353.149-1.jpg\",\"contentUrl\":\"https:\/\/gr-100.com\/wp-content\/uploads\/2025\/12\/Diseno-sin-titulo-2025-12-16T123353.149-1.jpg\",\"width\":1000,\"height\":1000},{\"@type\":\"BreadcrumbList\",\"@id\":\"https:\/\/gr-100.com\/pt-pt\/producto\/pneu-de-competicao-specialized-rapidair-tlr\/#breadcrumb\",\"itemListElement\":[{\"@type\":\"ListItem\",\"position\":1,\"name\":\"Portada\",\"item\":\"https:\/\/gr-100.com\/en\/\"},{\"@type\":\"ListItem\",\"position\":2,\"name\":\"Productos\",\"item\":\"https:\/\/gr-100.com\/?post_type=product\"},{\"@type\":\"ListItem\",\"position\":3,\"name\":\"Pneu de competi\u00e7\u00e3o Specialized RapidAir TLR\"}]},{\"@type\":\"WebSite\",\"@id\":\"https:\/\/gr-100.com\/#website\",\"url\":\"https:\/\/gr-100.com\/\",\"name\":\"Gr-100 Tienda de ciclismo Specialized\",\"description\":\"GR-100 tenemos todas las gamas de bicicletas Specialized al mejor precio.\",\"publisher\":{\"@id\":\"https:\/\/gr-100.com\/#organization\"},\"alternateName\":\"Gr-100 Bikes\",\"potentialAction\":[{\"@type\":\"SearchAction\",\"target\":{\"@type\":\"EntryPoint\",\"urlTemplate\":\"https:\/\/gr-100.com\/?s={search_term_string}\"},\"query-input\":{\"@type\":\"PropertyValueSpecification\",\"valueRequired\":true,\"valueName\":\"search_term_string\"}}],\"inLanguage\":\"pt-PT\"},{\"@type\":\"Organization\",\"@id\":\"https:\/\/gr-100.com\/#organization\",\"name\":\"Gr-100\",\"url\":\"https:\/\/gr-100.com\/\",\"logo\":{\"@type\":\"ImageObject\",\"inLanguage\":\"pt-PT\",\"@id\":\"https:\/\/gr-100.com\/#\/schema\/logo\/image\/\",\"url\":\"https:\/\/gr-100.com\/wp-content\/uploads\/2023\/08\/logo-gr-100-bikes.png\",\"contentUrl\":\"https:\/\/gr-100.com\/wp-content\/uploads\/2023\/08\/logo-gr-100-bikes.png\",\"width\":707,\"height\":284,\"caption\":\"Gr-100\"},\"image\":{\"@id\":\"https:\/\/gr-100.com\/#\/schema\/logo\/image\/\"},\"sameAs\":[\"https:\/\/www.facebook.com\/Gr100Bikes\",\"https:\/\/www.instagram.com\/gr100bikes\/\",\"https:\/\/www.tiktok.com\/@gr100bikes\",\"https:\/\/twitter.com\/gr100mtbteam\",\"https:\/\/www.youtube.com\/c\/GR100Specialized\"]}]}<\/script>\n<!-- \/ Yoast SEO Premium plugin. -->","yoast_head_json":{"title":"Specialized Turbo Levo 4 Expert","description":"O RapidAir TLR \u00e9 o pneu de corrida mais r\u00e1pido no asfalto. Pesando 220 g e com o piso mais r\u00e1pido que j\u00e1 test\u00e1mos, o RapidAir TLR \u00e9 33 segundos mais r\u00e1pido do que o seu antecessor, ao mesmo tempo que reduz a resist\u00eancia aerodin\u00e2mica em 2 watts e a resist\u00eancia ao rolamento em 3 watts, resultando no pneu mais r\u00e1pido que j\u00e1 fabric\u00e1mos. Quando a velocidade \u00e9 tudo o que importa, o RapidAir \u00e9 a escolha perfeita.","robots":{"index":"index","follow":"follow","max-snippet":"max-snippet:-1","max-image-preview":"max-image-preview:large","max-video-preview":"max-video-preview:-1"},"canonical":"https:\/\/gr-100.com\/pt-pt\/producto\/pneu-de-competicao-specialized-rapidair-tlr\/","og_locale":"pt_PT","og_type":"article","og_title":"Pneu de competi\u00e7\u00e3o Specialized RapidAir TLR","og_description":"O RapidAir TLR \u00e9 o pneu de corrida mais r\u00e1pido no asfalto. Pesando 220 g e com o piso mais r\u00e1pido que j\u00e1 test\u00e1mos, o RapidAir TLR \u00e9 33 segundos mais r\u00e1pido do que o seu antecessor, ao mesmo tempo que reduz a resist\u00eancia aerodin\u00e2mica em 2 watts e a resist\u00eancia ao rolamento em 3 watts, resultando no pneu mais r\u00e1pido que j\u00e1 fabric\u00e1mos. Quando a velocidade \u00e9 tudo o que importa, o RapidAir \u00e9 a escolha perfeita.","og_url":"https:\/\/gr-100.com\/pt-pt\/producto\/pneu-de-competicao-specialized-rapidair-tlr\/","og_site_name":"Gr-100 Tienda de ciclismo Specialized","article_publisher":"https:\/\/www.facebook.com\/Gr100Bikes","og_image":[{"width":1000,"height":1000,"url":"https:\/\/gr-100.com\/wp-content\/uploads\/2025\/12\/Diseno-sin-titulo-2025-12-16T123353.149-1.jpg","type":"image\/jpeg"}],"twitter_card":"summary_large_image","schema":{"@context":"https:\/\/schema.org","@graph":[{"@type":"WebPage","@id":"https:\/\/gr-100.com\/pt-pt\/producto\/pneu-de-competicao-specialized-rapidair-tlr\/","url":"https:\/\/gr-100.com\/pt-pt\/producto\/pneu-de-competicao-specialized-rapidair-tlr\/","name":"Specialized Turbo Levo 4 Expert","isPartOf":{"@id":"https:\/\/gr-100.com\/#website"},"primaryImageOfPage":{"@id":"https:\/\/gr-100.com\/pt-pt\/producto\/pneu-de-competicao-specialized-rapidair-tlr\/#primaryimage"},"image":{"@id":"https:\/\/gr-100.com\/pt-pt\/producto\/pneu-de-competicao-specialized-rapidair-tlr\/#primaryimage"},"thumbnailUrl":"https:\/\/gr-100.com\/wp-content\/uploads\/2025\/12\/Diseno-sin-titulo-2025-12-16T123353.149-1.jpg","datePublished":"2025-12-16T12:55:11+00:00","description":"O RapidAir TLR \u00e9 o pneu de corrida mais r\u00e1pido no asfalto. Pesando 220 g e com o piso mais r\u00e1pido que j\u00e1 test\u00e1mos, o RapidAir TLR \u00e9 33 segundos mais r\u00e1pido do que o seu antecessor, ao mesmo tempo que reduz a resist\u00eancia aerodin\u00e2mica em 2 watts e a resist\u00eancia ao rolamento em 3 watts, resultando no pneu mais r\u00e1pido que j\u00e1 fabric\u00e1mos. Quando a velocidade \u00e9 tudo o que importa, o RapidAir \u00e9 a escolha perfeita.","breadcrumb":{"@id":"https:\/\/gr-100.com\/pt-pt\/producto\/pneu-de-competicao-specialized-rapidair-tlr\/#breadcrumb"},"inLanguage":"pt-PT","potentialAction":[{"@type":"ReadAction","target":["https:\/\/gr-100.com\/pt-pt\/producto\/pneu-de-competicao-specialized-rapidair-tlr\/"]}]},{"@type":"ImageObject","inLanguage":"pt-PT","@id":"https:\/\/gr-100.com\/pt-pt\/producto\/pneu-de-competicao-specialized-rapidair-tlr\/#primaryimage","url":"https:\/\/gr-100.com\/wp-content\/uploads\/2025\/12\/Diseno-sin-titulo-2025-12-16T123353.149-1.jpg","contentUrl":"https:\/\/gr-100.com\/wp-content\/uploads\/2025\/12\/Diseno-sin-titulo-2025-12-16T123353.149-1.jpg","width":1000,"height":1000},{"@type":"BreadcrumbList","@id":"https:\/\/gr-100.com\/pt-pt\/producto\/pneu-de-competicao-specialized-rapidair-tlr\/#breadcrumb","itemListElement":[{"@type":"ListItem","position":1,"name":"Portada","item":"https:\/\/gr-100.com\/en\/"},{"@type":"ListItem","position":2,"name":"Productos","item":"https:\/\/gr-100.com\/?post_type=product"},{"@type":"ListItem","position":3,"name":"Pneu de competi\u00e7\u00e3o Specialized RapidAir TLR"}]},{"@type":"WebSite","@id":"https:\/\/gr-100.com\/#website","url":"https:\/\/gr-100.com\/","name":"Gr-100 Tienda de ciclismo Specialized","description":"GR-100 tenemos todas las gamas de bicicletas Specialized al mejor precio.","publisher":{"@id":"https:\/\/gr-100.com\/#organization"},"alternateName":"Gr-100 Bikes","potentialAction":[{"@type":"SearchAction","target":{"@type":"EntryPoint","urlTemplate":"https:\/\/gr-100.com\/?s={search_term_string}"},"query-input":{"@type":"PropertyValueSpecification","valueRequired":true,"valueName":"search_term_string"}}],"inLanguage":"pt-PT"},{"@type":"Organization","@id":"https:\/\/gr-100.com\/#organization","name":"Gr-100","url":"https:\/\/gr-100.com\/","logo":{"@type":"ImageObject","inLanguage":"pt-PT","@id":"https:\/\/gr-100.com\/#\/schema\/logo\/image\/","url":"https:\/\/gr-100.com\/wp-content\/uploads\/2023\/08\/logo-gr-100-bikes.png","contentUrl":"https:\/\/gr-100.com\/wp-content\/uploads\/2023\/08\/logo-gr-100-bikes.png","width":707,"height":284,"caption":"Gr-100"},"image":{"@id":"https:\/\/gr-100.com\/#\/schema\/logo\/image\/"},"sameAs":["https:\/\/www.facebook.com\/Gr100Bikes","https:\/\/www.instagram.com\/gr100bikes\/","https:\/\/www.tiktok.com\/@gr100bikes","https:\/\/twitter.com\/gr100mtbteam","https:\/\/www.youtube.com\/c\/GR100Specialized"]}]}},"_links":{"self":[{"href":"https:\/\/gr-100.com\/pt-pt\/wp-json\/wp\/v2\/product\/429974","targetHints":{"allow":["GET"]}}],"collection":[{"href":"https:\/\/gr-100.com\/pt-pt\/wp-json\/wp\/v2\/product"}],"about":[{"href":"https:\/\/gr-100.com\/pt-pt\/wp-json\/wp\/v2\/types\/product"}],"replies":[{"embeddable":true,"href":"https:\/\/gr-100.com\/pt-pt\/wp-json\/wp\/v2\/comments?post=429974"}],"wp:featuredmedia":[{"embeddable":true,"href":"https:\/\/gr-100.com\/pt-pt\/wp-json\/wp\/v2\/media\/422919"}],"wp:attachment":[{"href":"https:\/\/gr-100.com\/pt-pt\/wp-json\/wp\/v2\/media?parent=429974"}],"wp:term":[{"taxonomy":"product_brand","embeddable":true,"href":"https:\/\/gr-100.com\/pt-pt\/wp-json\/wp\/v2\/product_brand?post=429974"},{"taxonomy":"product_cat","embeddable":true,"href":"https:\/\/gr-100.com\/pt-pt\/wp-json\/wp\/v2\/product_cat?post=429974"},{"taxonomy":"product_tag","embeddable":true,"href":"https:\/\/gr-100.com\/pt-pt\/wp-json\/wp\/v2\/product_tag?post=429974"}],"curies":[{"name":"wp","href":"https:\/\/api.w.org\/{rel}","templated":true}]}}