{"id":429995,"date":"2024-07-01T15:16:29","date_gmt":"2024-07-01T14:16:29","guid":{"rendered":"https:\/\/gr-100.com\/producto\/shimano-s-phyre-sh-xc903\/"},"modified":"2024-07-01T15:16:29","modified_gmt":"2024-07-01T13:16:29","slug":"shimano-s-phyre-sh-xc903","status":"publish","type":"product","link":"https:\/\/gr-100.com\/pt-pt\/producto\/shimano-s-phyre-sh-xc903\/","title":{"rendered":"Shimano S-PHYRE SH-XC903"},"content":{"rendered":"<p><strong>\u30fbCARACTER\u00cdSTICAS<\/strong><br \/>\n\u00bbEl empeine ligero ajustado para carreras de CX y ciclocross ofrece comodidad transpirable en condiciones meteorol\u00f3gicas y terrenos adversos.<br \/>\n\u00bbRefuerzo del tal\u00f3n con estabilizaci\u00f3n antigiro que garantiza el posicionamiento \u00f3ptimo del pie para una aceleraci\u00f3n intensa y altas cadencias.<br \/>\n\u00bbEl doble dial BOA\u00ae Li2 de perfil bajo permite un microajuste preciso, y adem\u00e1s el dial inferior blindado est\u00e1 protegido contra el desprendimiento accidental por impactos.<br \/>\n\u00bbEl estilizado patr\u00f3n de cordones cruzados de perfil bajo asegura con elegancia la parte delantera del pie.<br \/>\n\u00bbLa ligera suela de goma SHIMANO ULTREAD XC con un patr\u00f3n de dibujo muy t\u00e9cnico crea un excelente agarre para competici\u00f3n.<br \/>\n\u00bbCon los tacos en forma de garra incluidos, los corredores pueden elegir entre un rendimiento ligero o una tracci\u00f3n \u00f3ptima.<br \/>\n\u00bbEmpeine envolvente con zonas espec\u00edficas seg\u00fan su funci\u00f3n y materiales optimizados cient\u00edficamente que maximizan el ajuste y el rendimiento de pedaleo.<br \/>\n\u00bbLa entre suela de altura de perfil bajo estabiliza el pie y maximiza la eficiencia de transferencia de potencia.<\/p>\n","protected":false},"excerpt":{"rendered":"<p>Las zapatillas de competici\u00f3n S-PHYRE XC se adaptan a las condiciones dif\u00edciles gracias a su dise\u00f1o refinado y profesional.<\/p>\n","protected":false},"featured_media":362299,"comment_status":"closed","ping_status":"closed","template":"","meta":{"_acf_changed":false,"_et_pb_use_builder":"","_et_pb_old_content":"","_et_gb_content_width":"","inline_featured_image":false},"product_brand":[],"product_cat":[361,371],"product_tag":[],"class_list":{"0":"post-429995","1":"product","2":"type-product","3":"status-publish","4":"has-post-thumbnail","6":"product_cat-acessorios","7":"product_cat-sapatilhas","8":"product_shipping_class-acessorios","10":"first","11":"instock","12":"sale","13":"taxable","14":"shipping-taxable","15":"purchasable","16":"product-type-variable","17":"wvs-archive-product-wrapper"},"acf":[],"yoast_head":"<!-- This site is optimized with the Yoast SEO Premium plugin v26.7 (Yoast SEO v26.7) - https:\/\/yoast.com\/wordpress\/plugins\/seo\/ -->\n<title>Specialized Turbo Levo 4 Expert<\/title>\n<meta name=\"description\" content=\"Las zapatillas de competici\u00f3n S-PHYRE XC se adaptan a las condiciones dif\u00edciles gracias a su dise\u00f1o refinado y profesional.\" \/>\n<meta name=\"robots\" content=\"index, follow, max-snippet:-1, max-image-preview:large, max-video-preview:-1\" \/>\n<link rel=\"canonical\" href=\"https:\/\/gr-100.com\/producto\/shimano-s-phyre-sh-xc903\/\" \/>\n<meta property=\"og:locale\" content=\"pt_PT\" \/>\n<meta property=\"og:type\" content=\"article\" \/>\n<meta property=\"og:title\" content=\"Shimano S-PHYRE SH-XC903\" \/>\n<meta property=\"og:description\" content=\"Las zapatillas de competici\u00f3n S-PHYRE XC se adaptan a las condiciones dif\u00edciles gracias a su dise\u00f1o refinado y profesional.\" \/>\n<meta property=\"og:url\" content=\"https:\/\/gr-100.com\/producto\/shimano-s-phyre-sh-xc903\/\" \/>\n<meta property=\"og:site_name\" content=\"Gr-100 Tienda de ciclismo Specialized\" \/>\n<meta property=\"article:publisher\" content=\"https:\/\/www.facebook.com\/Gr100Bikes\" \/>\n<meta property=\"og:image\" content=\"https:\/\/gr-100.com\/wp-content\/uploads\/2024\/06\/Shimano-XC903-white.jpg\" \/>\n\t<meta property=\"og:image:width\" content=\"1000\" \/>\n\t<meta property=\"og:image:height\" content=\"1000\" \/>\n\t<meta property=\"og:image:type\" content=\"image\/jpeg\" \/>\n<meta name=\"twitter:card\" content=\"summary_large_image\" \/>\n<meta name=\"twitter:label1\" content=\"Tempo estimado de leitura\" \/>\n\t<meta name=\"twitter:data1\" content=\"1 minuto\" \/>\n<script type=\"application\/ld+json\" class=\"yoast-schema-graph\">{\"@context\":\"https:\/\/schema.org\",\"@graph\":[{\"@type\":\"WebPage\",\"@id\":\"https:\/\/gr-100.com\/producto\/shimano-s-phyre-sh-xc903\/\",\"url\":\"https:\/\/gr-100.com\/producto\/shimano-s-phyre-sh-xc903\/\",\"name\":\"Specialized Turbo Levo 4 Expert\",\"isPartOf\":{\"@id\":\"https:\/\/gr-100.com\/#website\"},\"primaryImageOfPage\":{\"@id\":\"https:\/\/gr-100.com\/producto\/shimano-s-phyre-sh-xc903\/#primaryimage\"},\"image\":{\"@id\":\"https:\/\/gr-100.com\/producto\/shimano-s-phyre-sh-xc903\/#primaryimage\"},\"thumbnailUrl\":\"https:\/\/gr-100.com\/wp-content\/uploads\/2024\/06\/Shimano-XC903-white.jpg\",\"datePublished\":\"2024-07-01T14:16:29+00:00\",\"description\":\"Las zapatillas de competici\u00f3n S-PHYRE XC se adaptan a las condiciones dif\u00edciles gracias a su dise\u00f1o refinado y profesional.\",\"breadcrumb\":{\"@id\":\"https:\/\/gr-100.com\/producto\/shimano-s-phyre-sh-xc903\/#breadcrumb\"},\"inLanguage\":\"pt-PT\",\"potentialAction\":[{\"@type\":\"ReadAction\",\"target\":[\"https:\/\/gr-100.com\/producto\/shimano-s-phyre-sh-xc903\/\"]}]},{\"@type\":\"ImageObject\",\"inLanguage\":\"pt-PT\",\"@id\":\"https:\/\/gr-100.com\/producto\/shimano-s-phyre-sh-xc903\/#primaryimage\",\"url\":\"https:\/\/gr-100.com\/wp-content\/uploads\/2024\/06\/Shimano-XC903-white.jpg\",\"contentUrl\":\"https:\/\/gr-100.com\/wp-content\/uploads\/2024\/06\/Shimano-XC903-white.jpg\",\"width\":1000,\"height\":1000},{\"@type\":\"BreadcrumbList\",\"@id\":\"https:\/\/gr-100.com\/producto\/shimano-s-phyre-sh-xc903\/#breadcrumb\",\"itemListElement\":[{\"@type\":\"ListItem\",\"position\":1,\"name\":\"Portada\",\"item\":\"https:\/\/gr-100.com\/en\/\"},{\"@type\":\"ListItem\",\"position\":2,\"name\":\"Productos\",\"item\":\"https:\/\/gr-100.com\/?post_type=product\"},{\"@type\":\"ListItem\",\"position\":3,\"name\":\"Shimano S-PHYRE SH-XC903\"}]},{\"@type\":\"WebSite\",\"@id\":\"https:\/\/gr-100.com\/#website\",\"url\":\"https:\/\/gr-100.com\/\",\"name\":\"Gr-100 Tienda de ciclismo Specialized\",\"description\":\"GR-100 tenemos todas las gamas de bicicletas Specialized al mejor precio.\",\"publisher\":{\"@id\":\"https:\/\/gr-100.com\/#organization\"},\"alternateName\":\"Gr-100 Bikes\",\"potentialAction\":[{\"@type\":\"SearchAction\",\"target\":{\"@type\":\"EntryPoint\",\"urlTemplate\":\"https:\/\/gr-100.com\/?s={search_term_string}\"},\"query-input\":{\"@type\":\"PropertyValueSpecification\",\"valueRequired\":true,\"valueName\":\"search_term_string\"}}],\"inLanguage\":\"pt-PT\"},{\"@type\":\"Organization\",\"@id\":\"https:\/\/gr-100.com\/#organization\",\"name\":\"Gr-100\",\"url\":\"https:\/\/gr-100.com\/\",\"logo\":{\"@type\":\"ImageObject\",\"inLanguage\":\"pt-PT\",\"@id\":\"https:\/\/gr-100.com\/#\/schema\/logo\/image\/\",\"url\":\"https:\/\/gr-100.com\/wp-content\/uploads\/2023\/08\/logo-gr-100-bikes.png\",\"contentUrl\":\"https:\/\/gr-100.com\/wp-content\/uploads\/2023\/08\/logo-gr-100-bikes.png\",\"width\":707,\"height\":284,\"caption\":\"Gr-100\"},\"image\":{\"@id\":\"https:\/\/gr-100.com\/#\/schema\/logo\/image\/\"},\"sameAs\":[\"https:\/\/www.facebook.com\/Gr100Bikes\",\"https:\/\/www.instagram.com\/gr100bikes\/\",\"https:\/\/www.tiktok.com\/@gr100bikes\",\"https:\/\/twitter.com\/gr100mtbteam\",\"https:\/\/www.youtube.com\/c\/GR100Specialized\"]}]}<\/script>\n<!-- \/ Yoast SEO Premium plugin. -->","yoast_head_json":{"title":"Specialized Turbo Levo 4 Expert","description":"Las zapatillas de competici\u00f3n S-PHYRE XC se adaptan a las condiciones dif\u00edciles gracias a su dise\u00f1o refinado y profesional.","robots":{"index":"index","follow":"follow","max-snippet":"max-snippet:-1","max-image-preview":"max-image-preview:large","max-video-preview":"max-video-preview:-1"},"canonical":"https:\/\/gr-100.com\/producto\/shimano-s-phyre-sh-xc903\/","og_locale":"pt_PT","og_type":"article","og_title":"Shimano S-PHYRE SH-XC903","og_description":"Las zapatillas de competici\u00f3n S-PHYRE XC se adaptan a las condiciones dif\u00edciles gracias a su dise\u00f1o refinado y profesional.","og_url":"https:\/\/gr-100.com\/producto\/shimano-s-phyre-sh-xc903\/","og_site_name":"Gr-100 Tienda de ciclismo Specialized","article_publisher":"https:\/\/www.facebook.com\/Gr100Bikes","og_image":[{"width":1000,"height":1000,"url":"https:\/\/gr-100.com\/wp-content\/uploads\/2024\/06\/Shimano-XC903-white.jpg","type":"image\/jpeg"}],"twitter_card":"summary_large_image","twitter_misc":{"Tempo estimado de leitura":"1 minuto"},"schema":{"@context":"https:\/\/schema.org","@graph":[{"@type":"WebPage","@id":"https:\/\/gr-100.com\/producto\/shimano-s-phyre-sh-xc903\/","url":"https:\/\/gr-100.com\/producto\/shimano-s-phyre-sh-xc903\/","name":"Specialized Turbo Levo 4 Expert","isPartOf":{"@id":"https:\/\/gr-100.com\/#website"},"primaryImageOfPage":{"@id":"https:\/\/gr-100.com\/producto\/shimano-s-phyre-sh-xc903\/#primaryimage"},"image":{"@id":"https:\/\/gr-100.com\/producto\/shimano-s-phyre-sh-xc903\/#primaryimage"},"thumbnailUrl":"https:\/\/gr-100.com\/wp-content\/uploads\/2024\/06\/Shimano-XC903-white.jpg","datePublished":"2024-07-01T14:16:29+00:00","description":"Las zapatillas de competici\u00f3n S-PHYRE XC se adaptan a las condiciones dif\u00edciles gracias a su dise\u00f1o refinado y profesional.","breadcrumb":{"@id":"https:\/\/gr-100.com\/producto\/shimano-s-phyre-sh-xc903\/#breadcrumb"},"inLanguage":"pt-PT","potentialAction":[{"@type":"ReadAction","target":["https:\/\/gr-100.com\/producto\/shimano-s-phyre-sh-xc903\/"]}]},{"@type":"ImageObject","inLanguage":"pt-PT","@id":"https:\/\/gr-100.com\/producto\/shimano-s-phyre-sh-xc903\/#primaryimage","url":"https:\/\/gr-100.com\/wp-content\/uploads\/2024\/06\/Shimano-XC903-white.jpg","contentUrl":"https:\/\/gr-100.com\/wp-content\/uploads\/2024\/06\/Shimano-XC903-white.jpg","width":1000,"height":1000},{"@type":"BreadcrumbList","@id":"https:\/\/gr-100.com\/producto\/shimano-s-phyre-sh-xc903\/#breadcrumb","itemListElement":[{"@type":"ListItem","position":1,"name":"Portada","item":"https:\/\/gr-100.com\/en\/"},{"@type":"ListItem","position":2,"name":"Productos","item":"https:\/\/gr-100.com\/?post_type=product"},{"@type":"ListItem","position":3,"name":"Shimano S-PHYRE SH-XC903"}]},{"@type":"WebSite","@id":"https:\/\/gr-100.com\/#website","url":"https:\/\/gr-100.com\/","name":"Gr-100 Tienda de ciclismo Specialized","description":"GR-100 tenemos todas las gamas de bicicletas Specialized al mejor precio.","publisher":{"@id":"https:\/\/gr-100.com\/#organization"},"alternateName":"Gr-100 Bikes","potentialAction":[{"@type":"SearchAction","target":{"@type":"EntryPoint","urlTemplate":"https:\/\/gr-100.com\/?s={search_term_string}"},"query-input":{"@type":"PropertyValueSpecification","valueRequired":true,"valueName":"search_term_string"}}],"inLanguage":"pt-PT"},{"@type":"Organization","@id":"https:\/\/gr-100.com\/#organization","name":"Gr-100","url":"https:\/\/gr-100.com\/","logo":{"@type":"ImageObject","inLanguage":"pt-PT","@id":"https:\/\/gr-100.com\/#\/schema\/logo\/image\/","url":"https:\/\/gr-100.com\/wp-content\/uploads\/2023\/08\/logo-gr-100-bikes.png","contentUrl":"https:\/\/gr-100.com\/wp-content\/uploads\/2023\/08\/logo-gr-100-bikes.png","width":707,"height":284,"caption":"Gr-100"},"image":{"@id":"https:\/\/gr-100.com\/#\/schema\/logo\/image\/"},"sameAs":["https:\/\/www.facebook.com\/Gr100Bikes","https:\/\/www.instagram.com\/gr100bikes\/","https:\/\/www.tiktok.com\/@gr100bikes","https:\/\/twitter.com\/gr100mtbteam","https:\/\/www.youtube.com\/c\/GR100Specialized"]}]}},"_links":{"self":[{"href":"https:\/\/gr-100.com\/pt-pt\/wp-json\/wp\/v2\/product\/429995","targetHints":{"allow":["GET"]}}],"collection":[{"href":"https:\/\/gr-100.com\/pt-pt\/wp-json\/wp\/v2\/product"}],"about":[{"href":"https:\/\/gr-100.com\/pt-pt\/wp-json\/wp\/v2\/types\/product"}],"replies":[{"embeddable":true,"href":"https:\/\/gr-100.com\/pt-pt\/wp-json\/wp\/v2\/comments?post=429995"}],"wp:featuredmedia":[{"embeddable":true,"href":"https:\/\/gr-100.com\/pt-pt\/wp-json\/wp\/v2\/media\/362299"}],"wp:attachment":[{"href":"https:\/\/gr-100.com\/pt-pt\/wp-json\/wp\/v2\/media?parent=429995"}],"wp:term":[{"taxonomy":"product_brand","embeddable":true,"href":"https:\/\/gr-100.com\/pt-pt\/wp-json\/wp\/v2\/product_brand?post=429995"},{"taxonomy":"product_cat","embeddable":true,"href":"https:\/\/gr-100.com\/pt-pt\/wp-json\/wp\/v2\/product_cat?post=429995"},{"taxonomy":"product_tag","embeddable":true,"href":"https:\/\/gr-100.com\/pt-pt\/wp-json\/wp\/v2\/product_tag?post=429995"}],"curies":[{"name":"wp","href":"https:\/\/api.w.org\/{rel}","templated":true}]}}