{"id":430041,"date":"2024-07-01T15:00:41","date_gmt":"2024-07-01T14:00:41","guid":{"rendered":"https:\/\/gr-100.com\/producto\/specialized-recon-2-0-2025\/"},"modified":"2024-07-01T15:00:41","modified_gmt":"2024-07-01T13:00:41","slug":"specialized-recon-2-0-2025","status":"publish","type":"product","link":"https:\/\/gr-100.com\/pt-pt\/producto\/specialized-recon-2-0-2025\/","title":{"rendered":"Specialized Recon 2.0 2025"},"content":{"rendered":"<div>\n<p>Quer montes uma Diverge ou uma Creo para andar com o teu grupo de gravel, ou subas para a tua epic para embarcar numa sess\u00e3o de trail durante todo o dia, a Recon 2.0 \u00e9 a tua parceira de crime para dias passados a pedalar na terra.<br \/>\nBody Geometry: Tal como todos os sapatos Body Geometry, o Recon 2.0 foi concebido ergonomicamente e testado cientificamente para melhorar o conforto, aumentar o desempenho e reduzir a possibilidade de les\u00f5es em todos os ciclistas com tecnologia patenteada, ao mesmo tempo que melhora a pot\u00eancia em 7 watts &#8211; validado pela ci\u00eancia.<br \/>\nTecnologia Stride: A tecnologia Stride proporciona uma sola exterior flex\u00edvel e uma parte superior \u00e0 volta do dedo do p\u00e9, combinada com uma bolsa r\u00edgida para o taco, permitindo que o sapato se flexione facilmente ao caminhar e permane\u00e7a r\u00edgido e eficiente ao pedalar.<br \/>\nEfici\u00eancia: O Recon 2.0 possui um bot\u00e3o Li2 Boa para ajuste em movimento, tornando f\u00e1cil cal\u00e7ar e descal\u00e7ar o sapato. Os cabos BOA de renda macia fabricados com fio Dyneema permitem dispensar as guias r\u00edgidas moldadas para um ajuste mais confort\u00e1vel. A correia do antep\u00e9 acima dos dedos ajuda os ciclistas a ajustarem o volume \u00e0 volta dos dedos para se adaptarem ao seu p\u00e9, ligando-te \u00e0 bicicleta para que te sintas seguro quando enfrentas um trial ou gravilha t\u00e9cnica solta.  <\/p>\n<\/div>\n<ul>\n<li>A tecnologia Body Geometry permite-te fornecer a m\u00e1xima pot\u00eancia, aumentar a efici\u00eancia e reduzir o risco de les\u00f5es, alinhando o eixo da anca, do joelho e do p\u00e9.<\/li>\n<li>A tecnologia STRIDE toe-flex d\u00e1 ao p\u00e9 liberdade de movimento ao caminhar e mant\u00e9m a rigidez ao pedalar. \u00cdndice de rigidez: 6.0 <\/li>\n<li>A parte superior do sapato tem menos costuras para maior conforto.<\/li>\n<li>Fecho BOA\u00ae Li2 para um micro-ajuste em tempo real.<\/li>\n<li>Sola exterior de borracha SlipNot\u2122 para uma tra\u00e7\u00e3o superior em todos os terrenos.<\/li>\n<li>Grampos de dois parafusos que se adaptam \u00e0 maioria dos pedais de montanha.<\/li>\n<li>Peso aproximado: 357 gramas (tamanho 42)<\/li>\n<\/ul>\n","protected":false},"excerpt":{"rendered":"<p>O Recon 2.0 foi concebido para ciclistas que procuram estradas de terra e trilhos acidentados em busca de um sapato que ofere\u00e7a conforto e efici\u00eancia num modelo dur\u00e1vel, com os benef\u00edcios de desempenho cientificamente comprovados da Body Geometry.<\/p>\n","protected":false},"featured_media":405174,"comment_status":"closed","ping_status":"closed","template":"","meta":{"_acf_changed":false,"_et_pb_use_builder":"","_et_pb_old_content":"","_et_gb_content_width":"","inline_featured_image":false},"product_brand":[],"product_cat":[361,371,2696],"product_tag":[],"class_list":{"0":"post-430041","1":"product","2":"type-product","3":"status-publish","4":"has-post-thumbnail","6":"product_cat-acessorios","7":"product_cat-sapatilhas","8":"product_cat-ofertas-especializadas","9":"product_shipping_class-acessorios","11":"first","12":"instock","13":"taxable","14":"shipping-taxable","15":"purchasable","16":"product-type-variable","17":"wvs-archive-product-wrapper"},"acf":[],"yoast_head":"<!-- This site is optimized with the Yoast SEO Premium plugin v26.7 (Yoast SEO v26.7) - https:\/\/yoast.com\/wordpress\/plugins\/seo\/ -->\n<title>Specialized Turbo Levo 4 Expert<\/title>\n<meta name=\"description\" content=\"Sola e palmilha Body Geometry, tecnologia STRIDE toe-flex, BOA\u00ae Li2, pit\u00f5es de dois parafusos adequados a todos os principais pedais de MTB.\" \/>\n<meta name=\"robots\" content=\"index, follow, max-snippet:-1, max-image-preview:large, max-video-preview:-1\" \/>\n<link rel=\"canonical\" href=\"https:\/\/gr-100.com\/pt-pt\/producto\/specialized-recon-2-0-2025\/\" \/>\n<meta property=\"og:locale\" content=\"pt_PT\" \/>\n<meta property=\"og:type\" content=\"article\" \/>\n<meta property=\"og:title\" content=\"Specialized Recon 2.0 2025\" \/>\n<meta property=\"og:description\" content=\"Sola e palmilha Body Geometry, tecnologia STRIDE toe-flex, BOA\u00ae Li2, pit\u00f5es de dois parafusos adequados a todos os principais pedais de MTB.\" \/>\n<meta property=\"og:url\" content=\"https:\/\/gr-100.com\/pt-pt\/producto\/specialized-recon-2-0-2025\/\" \/>\n<meta property=\"og:site_name\" content=\"Gr-100 Tienda de ciclismo Specialized\" \/>\n<meta property=\"article:publisher\" content=\"https:\/\/www.facebook.com\/Gr100Bikes\" \/>\n<meta property=\"og:image\" content=\"https:\/\/gr-100.com\/wp-content\/uploads\/2024\/07\/Diseno-sin-titulo-2025-03-31T131223.650.jpg\" \/>\n\t<meta property=\"og:image:width\" content=\"1000\" \/>\n\t<meta property=\"og:image:height\" content=\"1000\" \/>\n\t<meta property=\"og:image:type\" content=\"image\/jpeg\" \/>\n<meta name=\"twitter:card\" content=\"summary_large_image\" \/>\n<meta name=\"twitter:label1\" content=\"Tempo estimado de leitura\" \/>\n\t<meta name=\"twitter:data1\" content=\"2 minutos\" \/>\n<script type=\"application\/ld+json\" class=\"yoast-schema-graph\">{\"@context\":\"https:\/\/schema.org\",\"@graph\":[{\"@type\":\"WebPage\",\"@id\":\"https:\/\/gr-100.com\/pt-pt\/producto\/specialized-recon-2-0-2025\/\",\"url\":\"https:\/\/gr-100.com\/pt-pt\/producto\/specialized-recon-2-0-2025\/\",\"name\":\"Specialized Turbo Levo 4 Expert\",\"isPartOf\":{\"@id\":\"https:\/\/gr-100.com\/#website\"},\"primaryImageOfPage\":{\"@id\":\"https:\/\/gr-100.com\/pt-pt\/producto\/specialized-recon-2-0-2025\/#primaryimage\"},\"image\":{\"@id\":\"https:\/\/gr-100.com\/pt-pt\/producto\/specialized-recon-2-0-2025\/#primaryimage\"},\"thumbnailUrl\":\"https:\/\/gr-100.com\/wp-content\/uploads\/2024\/07\/Diseno-sin-titulo-2025-03-31T131223.650.jpg\",\"datePublished\":\"2024-07-01T14:00:41+00:00\",\"description\":\"Sola e palmilha Body Geometry, tecnologia STRIDE toe-flex, BOA\u00ae Li2, pit\u00f5es de dois parafusos adequados a todos os principais pedais de MTB.\",\"breadcrumb\":{\"@id\":\"https:\/\/gr-100.com\/pt-pt\/producto\/specialized-recon-2-0-2025\/#breadcrumb\"},\"inLanguage\":\"pt-PT\",\"potentialAction\":[{\"@type\":\"ReadAction\",\"target\":[\"https:\/\/gr-100.com\/pt-pt\/producto\/specialized-recon-2-0-2025\/\"]}]},{\"@type\":\"ImageObject\",\"inLanguage\":\"pt-PT\",\"@id\":\"https:\/\/gr-100.com\/pt-pt\/producto\/specialized-recon-2-0-2025\/#primaryimage\",\"url\":\"https:\/\/gr-100.com\/wp-content\/uploads\/2024\/07\/Diseno-sin-titulo-2025-03-31T131223.650.jpg\",\"contentUrl\":\"https:\/\/gr-100.com\/wp-content\/uploads\/2024\/07\/Diseno-sin-titulo-2025-03-31T131223.650.jpg\",\"width\":1000,\"height\":1000},{\"@type\":\"BreadcrumbList\",\"@id\":\"https:\/\/gr-100.com\/pt-pt\/producto\/specialized-recon-2-0-2025\/#breadcrumb\",\"itemListElement\":[{\"@type\":\"ListItem\",\"position\":1,\"name\":\"Portada\",\"item\":\"https:\/\/gr-100.com\/en\/\"},{\"@type\":\"ListItem\",\"position\":2,\"name\":\"Productos\",\"item\":\"https:\/\/gr-100.com\/?post_type=product\"},{\"@type\":\"ListItem\",\"position\":3,\"name\":\"Specialized Recon 2.0 2025\"}]},{\"@type\":\"WebSite\",\"@id\":\"https:\/\/gr-100.com\/#website\",\"url\":\"https:\/\/gr-100.com\/\",\"name\":\"Gr-100 Tienda de ciclismo Specialized\",\"description\":\"GR-100 tenemos todas las gamas de bicicletas Specialized al mejor precio.\",\"publisher\":{\"@id\":\"https:\/\/gr-100.com\/#organization\"},\"alternateName\":\"Gr-100 Bikes\",\"potentialAction\":[{\"@type\":\"SearchAction\",\"target\":{\"@type\":\"EntryPoint\",\"urlTemplate\":\"https:\/\/gr-100.com\/?s={search_term_string}\"},\"query-input\":{\"@type\":\"PropertyValueSpecification\",\"valueRequired\":true,\"valueName\":\"search_term_string\"}}],\"inLanguage\":\"pt-PT\"},{\"@type\":\"Organization\",\"@id\":\"https:\/\/gr-100.com\/#organization\",\"name\":\"Gr-100\",\"url\":\"https:\/\/gr-100.com\/\",\"logo\":{\"@type\":\"ImageObject\",\"inLanguage\":\"pt-PT\",\"@id\":\"https:\/\/gr-100.com\/#\/schema\/logo\/image\/\",\"url\":\"https:\/\/gr-100.com\/wp-content\/uploads\/2023\/08\/logo-gr-100-bikes.png\",\"contentUrl\":\"https:\/\/gr-100.com\/wp-content\/uploads\/2023\/08\/logo-gr-100-bikes.png\",\"width\":707,\"height\":284,\"caption\":\"Gr-100\"},\"image\":{\"@id\":\"https:\/\/gr-100.com\/#\/schema\/logo\/image\/\"},\"sameAs\":[\"https:\/\/www.facebook.com\/Gr100Bikes\",\"https:\/\/www.instagram.com\/gr100bikes\/\",\"https:\/\/www.tiktok.com\/@gr100bikes\",\"https:\/\/twitter.com\/gr100mtbteam\",\"https:\/\/www.youtube.com\/c\/GR100Specialized\"]}]}<\/script>\n<!-- \/ Yoast SEO Premium plugin. -->","yoast_head_json":{"title":"Specialized Turbo Levo 4 Expert","description":"Sola e palmilha Body Geometry, tecnologia STRIDE toe-flex, BOA\u00ae Li2, pit\u00f5es de dois parafusos adequados a todos os principais pedais de MTB.","robots":{"index":"index","follow":"follow","max-snippet":"max-snippet:-1","max-image-preview":"max-image-preview:large","max-video-preview":"max-video-preview:-1"},"canonical":"https:\/\/gr-100.com\/pt-pt\/producto\/specialized-recon-2-0-2025\/","og_locale":"pt_PT","og_type":"article","og_title":"Specialized Recon 2.0 2025","og_description":"Sola e palmilha Body Geometry, tecnologia STRIDE toe-flex, BOA\u00ae Li2, pit\u00f5es de dois parafusos adequados a todos os principais pedais de MTB.","og_url":"https:\/\/gr-100.com\/pt-pt\/producto\/specialized-recon-2-0-2025\/","og_site_name":"Gr-100 Tienda de ciclismo Specialized","article_publisher":"https:\/\/www.facebook.com\/Gr100Bikes","og_image":[{"width":1000,"height":1000,"url":"https:\/\/gr-100.com\/wp-content\/uploads\/2024\/07\/Diseno-sin-titulo-2025-03-31T131223.650.jpg","type":"image\/jpeg"}],"twitter_card":"summary_large_image","twitter_misc":{"Tempo estimado de leitura":"2 minutos"},"schema":{"@context":"https:\/\/schema.org","@graph":[{"@type":"WebPage","@id":"https:\/\/gr-100.com\/pt-pt\/producto\/specialized-recon-2-0-2025\/","url":"https:\/\/gr-100.com\/pt-pt\/producto\/specialized-recon-2-0-2025\/","name":"Specialized Turbo Levo 4 Expert","isPartOf":{"@id":"https:\/\/gr-100.com\/#website"},"primaryImageOfPage":{"@id":"https:\/\/gr-100.com\/pt-pt\/producto\/specialized-recon-2-0-2025\/#primaryimage"},"image":{"@id":"https:\/\/gr-100.com\/pt-pt\/producto\/specialized-recon-2-0-2025\/#primaryimage"},"thumbnailUrl":"https:\/\/gr-100.com\/wp-content\/uploads\/2024\/07\/Diseno-sin-titulo-2025-03-31T131223.650.jpg","datePublished":"2024-07-01T14:00:41+00:00","description":"Sola e palmilha Body Geometry, tecnologia STRIDE toe-flex, BOA\u00ae Li2, pit\u00f5es de dois parafusos adequados a todos os principais pedais de MTB.","breadcrumb":{"@id":"https:\/\/gr-100.com\/pt-pt\/producto\/specialized-recon-2-0-2025\/#breadcrumb"},"inLanguage":"pt-PT","potentialAction":[{"@type":"ReadAction","target":["https:\/\/gr-100.com\/pt-pt\/producto\/specialized-recon-2-0-2025\/"]}]},{"@type":"ImageObject","inLanguage":"pt-PT","@id":"https:\/\/gr-100.com\/pt-pt\/producto\/specialized-recon-2-0-2025\/#primaryimage","url":"https:\/\/gr-100.com\/wp-content\/uploads\/2024\/07\/Diseno-sin-titulo-2025-03-31T131223.650.jpg","contentUrl":"https:\/\/gr-100.com\/wp-content\/uploads\/2024\/07\/Diseno-sin-titulo-2025-03-31T131223.650.jpg","width":1000,"height":1000},{"@type":"BreadcrumbList","@id":"https:\/\/gr-100.com\/pt-pt\/producto\/specialized-recon-2-0-2025\/#breadcrumb","itemListElement":[{"@type":"ListItem","position":1,"name":"Portada","item":"https:\/\/gr-100.com\/en\/"},{"@type":"ListItem","position":2,"name":"Productos","item":"https:\/\/gr-100.com\/?post_type=product"},{"@type":"ListItem","position":3,"name":"Specialized Recon 2.0 2025"}]},{"@type":"WebSite","@id":"https:\/\/gr-100.com\/#website","url":"https:\/\/gr-100.com\/","name":"Gr-100 Tienda de ciclismo Specialized","description":"GR-100 tenemos todas las gamas de bicicletas Specialized al mejor precio.","publisher":{"@id":"https:\/\/gr-100.com\/#organization"},"alternateName":"Gr-100 Bikes","potentialAction":[{"@type":"SearchAction","target":{"@type":"EntryPoint","urlTemplate":"https:\/\/gr-100.com\/?s={search_term_string}"},"query-input":{"@type":"PropertyValueSpecification","valueRequired":true,"valueName":"search_term_string"}}],"inLanguage":"pt-PT"},{"@type":"Organization","@id":"https:\/\/gr-100.com\/#organization","name":"Gr-100","url":"https:\/\/gr-100.com\/","logo":{"@type":"ImageObject","inLanguage":"pt-PT","@id":"https:\/\/gr-100.com\/#\/schema\/logo\/image\/","url":"https:\/\/gr-100.com\/wp-content\/uploads\/2023\/08\/logo-gr-100-bikes.png","contentUrl":"https:\/\/gr-100.com\/wp-content\/uploads\/2023\/08\/logo-gr-100-bikes.png","width":707,"height":284,"caption":"Gr-100"},"image":{"@id":"https:\/\/gr-100.com\/#\/schema\/logo\/image\/"},"sameAs":["https:\/\/www.facebook.com\/Gr100Bikes","https:\/\/www.instagram.com\/gr100bikes\/","https:\/\/www.tiktok.com\/@gr100bikes","https:\/\/twitter.com\/gr100mtbteam","https:\/\/www.youtube.com\/c\/GR100Specialized"]}]}},"_links":{"self":[{"href":"https:\/\/gr-100.com\/pt-pt\/wp-json\/wp\/v2\/product\/430041","targetHints":{"allow":["GET"]}}],"collection":[{"href":"https:\/\/gr-100.com\/pt-pt\/wp-json\/wp\/v2\/product"}],"about":[{"href":"https:\/\/gr-100.com\/pt-pt\/wp-json\/wp\/v2\/types\/product"}],"replies":[{"embeddable":true,"href":"https:\/\/gr-100.com\/pt-pt\/wp-json\/wp\/v2\/comments?post=430041"}],"wp:featuredmedia":[{"embeddable":true,"href":"https:\/\/gr-100.com\/pt-pt\/wp-json\/wp\/v2\/media\/405174"}],"wp:attachment":[{"href":"https:\/\/gr-100.com\/pt-pt\/wp-json\/wp\/v2\/media?parent=430041"}],"wp:term":[{"taxonomy":"product_brand","embeddable":true,"href":"https:\/\/gr-100.com\/pt-pt\/wp-json\/wp\/v2\/product_brand?post=430041"},{"taxonomy":"product_cat","embeddable":true,"href":"https:\/\/gr-100.com\/pt-pt\/wp-json\/wp\/v2\/product_cat?post=430041"},{"taxonomy":"product_tag","embeddable":true,"href":"https:\/\/gr-100.com\/pt-pt\/wp-json\/wp\/v2\/product_tag?post=430041"}],"curies":[{"name":"wp","href":"https:\/\/api.w.org\/{rel}","templated":true}]}}