{"id":430072,"date":"2025-04-03T09:43:30","date_gmt":"2025-04-03T08:43:30","guid":{"rendered":"https:\/\/gr-100.com\/producto\/specialized-tracer-tlr-pneu-todo-o-terreno-para-gravilha\/"},"modified":"2025-04-03T09:43:30","modified_gmt":"2025-04-03T07:43:30","slug":"specialized-tracer-tlr-pneu-todo-o-terreno-para-gravilha","status":"publish","type":"product","link":"https:\/\/gr-100.com\/pt-pt\/producto\/specialized-tracer-tlr-pneu-todo-o-terreno-para-gravilha\/","title":{"rendered":"Specialized Tracer TLR Pneu todo-o-terreno para gravilha"},"content":{"rendered":"<p>Para corridas em terreno compacto ou para explorar trilhos de gravilha soltos, o Tracer tem tudo o que precisas. O seu conjunto de bot\u00f5es centrais compactos e de rolamento r\u00e1pido, juntamente com as agressivas sali\u00eancias T5 de espa\u00e7amento largo, melhoram a tra\u00e7\u00e3o e a estabilidade em gravilha de terreno misto. A nossa carca\u00e7a TLR resistente e de rolamento r\u00e1pido proporciona uma acelera\u00e7\u00e3o rel\u00e2mpago e um excelente desempenho em subidas sem furos. Quando a velocidade e o controlo s\u00e3o mais importantes, o Tracer \u00e9 a escolha perfeita para corridas em terreno compacto ou para explorar trilhos de gravilha soltos. O seu conjunto de bot\u00f5es centrais compactos e de rolamento r\u00e1pido, juntamente com os agressivos ressaltos T5 de espa\u00e7amento largo, melhoram a tra\u00e7\u00e3o e a estabilidade em gravilha de terreno misto. A nossa carca\u00e7a TLR resistente e de rolamento r\u00e1pido proporciona uma acelera\u00e7\u00e3o rel\u00e2mpago e um excelente desempenho em subidas sem furos. Quando a velocidade e o controlo s\u00e3o mais importantes, o Tracer \u00e9 a escolha perfeita.      <\/p>\n<ul>\n<li>Utiliza\u00e7\u00f5es &#8211; Cascalho em terrenos mistos<\/li>\n<li>Terreno &#8211; Gravel compacto y medio suelto<\/li>\n<li>Carca\u00e7a Carca\u00e7a TLR 60TPI de 3 camadas, sem c\u00e2mara de ar<\/li>\n<li>Comp\u00f3sito &#8211; GRIPTON T5<\/li>\n<li>Combinaci\u00f3n de ruedas recomendada &#8211; Roval Terra<\/li>\n<li>Peso aproximado &#8211; 700x40c, 460g, 700x45c, 530g, 700x50c, 550g.<\/li>\n<\/ul>\n","protected":false},"excerpt":{"rendered":"<p>Para correres em terrenos compactos ou explorares trilhos de gravilha solta, a Tracer tem tudo o que precisas.<\/p>\n","protected":false},"featured_media":405565,"comment_status":"open","ping_status":"closed","template":"","meta":{"_acf_changed":false,"_et_pb_use_builder":"","_et_pb_old_content":"","_et_gb_content_width":"","inline_featured_image":false},"product_brand":[],"product_cat":[379,381],"product_tag":[],"class_list":{"0":"post-430072","1":"product","2":"type-product","3":"status-publish","4":"has-post-thumbnail","6":"product_cat-componentes-pt-pt","7":"product_cat-pneus-e-camaras-de-ar","8":"pa_tamanos-700x45-pt-pt","9":"pa_tamanos-700x50-pt-pt","11":"first","12":"instock","13":"taxable","14":"shipping-taxable","15":"purchasable","16":"product-type-variable","17":"wvs-archive-product-wrapper"},"acf":[],"yoast_head":"<!-- This site is optimized with the Yoast SEO Premium plugin v26.7 (Yoast SEO v26.7) - https:\/\/yoast.com\/wordpress\/plugins\/seo\/ -->\n<title>Specialized Tracer TLR Pneu todo-o-terreno para gravilha Gr-100<\/title>\n<meta name=\"description\" content=\"Para corridas em terreno compacto ou para explorar trilhos de gravilha soltos, a Tracer tem tudo o que precisas. O seu grupo de man\u00edpulos centrais compactos de\" \/>\n<meta name=\"robots\" content=\"index, follow, max-snippet:-1, max-image-preview:large, max-video-preview:-1\" \/>\n<link rel=\"canonical\" href=\"https:\/\/gr-100.com\/pt-pt\/producto\/specialized-tracer-tlr-pneu-todo-o-terreno-para-gravilha\/\" \/>\n<meta property=\"og:locale\" content=\"pt_PT\" \/>\n<meta property=\"og:type\" content=\"article\" \/>\n<meta property=\"og:title\" content=\"Specialized Tracer TLR Pneu todo-o-terreno para gravilha\" \/>\n<meta property=\"og:description\" content=\"Para corridas em terreno compacto ou para explorar trilhos de gravilha soltos, a Tracer tem tudo o que precisas. O seu grupo de man\u00edpulos centrais compactos de\" \/>\n<meta property=\"og:url\" content=\"https:\/\/gr-100.com\/pt-pt\/producto\/specialized-tracer-tlr-pneu-todo-o-terreno-para-gravilha\/\" \/>\n<meta property=\"og:site_name\" content=\"Gr-100 Tienda de ciclismo Specialized\" \/>\n<meta property=\"article:publisher\" content=\"https:\/\/www.facebook.com\/Gr100Bikes\" \/>\n<meta property=\"og:image\" content=\"https:\/\/gr-100.com\/wp-content\/uploads\/2025\/04\/00025-434_TRACER-TLR-TIRE-T.jpg\" \/>\n\t<meta property=\"og:image:width\" content=\"1000\" \/>\n\t<meta property=\"og:image:height\" content=\"1000\" \/>\n\t<meta property=\"og:image:type\" content=\"image\/jpeg\" \/>\n<meta name=\"twitter:card\" content=\"summary_large_image\" \/>\n<meta name=\"twitter:label1\" content=\"Tempo estimado de leitura\" \/>\n\t<meta name=\"twitter:data1\" content=\"1 minuto\" \/>\n<script type=\"application\/ld+json\" class=\"yoast-schema-graph\">{\"@context\":\"https:\/\/schema.org\",\"@graph\":[{\"@type\":\"WebPage\",\"@id\":\"https:\/\/gr-100.com\/pt-pt\/producto\/specialized-tracer-tlr-pneu-todo-o-terreno-para-gravilha\/\",\"url\":\"https:\/\/gr-100.com\/pt-pt\/producto\/specialized-tracer-tlr-pneu-todo-o-terreno-para-gravilha\/\",\"name\":\"Specialized Tracer TLR Pneu todo-o-terreno para gravilha Gr-100\",\"isPartOf\":{\"@id\":\"https:\/\/gr-100.com\/#website\"},\"primaryImageOfPage\":{\"@id\":\"https:\/\/gr-100.com\/pt-pt\/producto\/specialized-tracer-tlr-pneu-todo-o-terreno-para-gravilha\/#primaryimage\"},\"image\":{\"@id\":\"https:\/\/gr-100.com\/pt-pt\/producto\/specialized-tracer-tlr-pneu-todo-o-terreno-para-gravilha\/#primaryimage\"},\"thumbnailUrl\":\"https:\/\/gr-100.com\/wp-content\/uploads\/2025\/04\/00025-434_TRACER-TLR-TIRE-T.jpg\",\"datePublished\":\"2025-04-03T08:43:30+00:00\",\"description\":\"Para corridas em terreno compacto ou para explorar trilhos de gravilha soltos, a Tracer tem tudo o que precisas. O seu grupo de man\u00edpulos centrais compactos de\",\"breadcrumb\":{\"@id\":\"https:\/\/gr-100.com\/pt-pt\/producto\/specialized-tracer-tlr-pneu-todo-o-terreno-para-gravilha\/#breadcrumb\"},\"inLanguage\":\"pt-PT\",\"potentialAction\":[{\"@type\":\"ReadAction\",\"target\":[\"https:\/\/gr-100.com\/pt-pt\/producto\/specialized-tracer-tlr-pneu-todo-o-terreno-para-gravilha\/\"]}]},{\"@type\":\"ImageObject\",\"inLanguage\":\"pt-PT\",\"@id\":\"https:\/\/gr-100.com\/pt-pt\/producto\/specialized-tracer-tlr-pneu-todo-o-terreno-para-gravilha\/#primaryimage\",\"url\":\"https:\/\/gr-100.com\/wp-content\/uploads\/2025\/04\/00025-434_TRACER-TLR-TIRE-T.jpg\",\"contentUrl\":\"https:\/\/gr-100.com\/wp-content\/uploads\/2025\/04\/00025-434_TRACER-TLR-TIRE-T.jpg\",\"width\":1000,\"height\":1000},{\"@type\":\"BreadcrumbList\",\"@id\":\"https:\/\/gr-100.com\/pt-pt\/producto\/specialized-tracer-tlr-pneu-todo-o-terreno-para-gravilha\/#breadcrumb\",\"itemListElement\":[{\"@type\":\"ListItem\",\"position\":1,\"name\":\"Portada\",\"item\":\"https:\/\/gr-100.com\/en\/\"},{\"@type\":\"ListItem\",\"position\":2,\"name\":\"Productos\",\"item\":\"https:\/\/gr-100.com\/?post_type=product\"},{\"@type\":\"ListItem\",\"position\":3,\"name\":\"Specialized Tracer TLR Pneu todo-o-terreno para gravilha\"}]},{\"@type\":\"WebSite\",\"@id\":\"https:\/\/gr-100.com\/#website\",\"url\":\"https:\/\/gr-100.com\/\",\"name\":\"Gr-100 Tienda de ciclismo Specialized\",\"description\":\"GR-100 tenemos todas las gamas de bicicletas Specialized al mejor precio.\",\"publisher\":{\"@id\":\"https:\/\/gr-100.com\/#organization\"},\"alternateName\":\"Gr-100 Bikes\",\"potentialAction\":[{\"@type\":\"SearchAction\",\"target\":{\"@type\":\"EntryPoint\",\"urlTemplate\":\"https:\/\/gr-100.com\/?s={search_term_string}\"},\"query-input\":{\"@type\":\"PropertyValueSpecification\",\"valueRequired\":true,\"valueName\":\"search_term_string\"}}],\"inLanguage\":\"pt-PT\"},{\"@type\":\"Organization\",\"@id\":\"https:\/\/gr-100.com\/#organization\",\"name\":\"Gr-100\",\"url\":\"https:\/\/gr-100.com\/\",\"logo\":{\"@type\":\"ImageObject\",\"inLanguage\":\"pt-PT\",\"@id\":\"https:\/\/gr-100.com\/#\/schema\/logo\/image\/\",\"url\":\"https:\/\/gr-100.com\/wp-content\/uploads\/2023\/08\/logo-gr-100-bikes.png\",\"contentUrl\":\"https:\/\/gr-100.com\/wp-content\/uploads\/2023\/08\/logo-gr-100-bikes.png\",\"width\":707,\"height\":284,\"caption\":\"Gr-100\"},\"image\":{\"@id\":\"https:\/\/gr-100.com\/#\/schema\/logo\/image\/\"},\"sameAs\":[\"https:\/\/www.facebook.com\/Gr100Bikes\",\"https:\/\/www.instagram.com\/gr100bikes\/\",\"https:\/\/www.tiktok.com\/@gr100bikes\",\"https:\/\/twitter.com\/gr100mtbteam\",\"https:\/\/www.youtube.com\/c\/GR100Specialized\"]}]}<\/script>\n<!-- \/ Yoast SEO Premium plugin. -->","yoast_head_json":{"title":"Specialized Tracer TLR Pneu todo-o-terreno para gravilha Gr-100","description":"Para corridas em terreno compacto ou para explorar trilhos de gravilha soltos, a Tracer tem tudo o que precisas. O seu grupo de man\u00edpulos centrais compactos de","robots":{"index":"index","follow":"follow","max-snippet":"max-snippet:-1","max-image-preview":"max-image-preview:large","max-video-preview":"max-video-preview:-1"},"canonical":"https:\/\/gr-100.com\/pt-pt\/producto\/specialized-tracer-tlr-pneu-todo-o-terreno-para-gravilha\/","og_locale":"pt_PT","og_type":"article","og_title":"Specialized Tracer TLR Pneu todo-o-terreno para gravilha","og_description":"Para corridas em terreno compacto ou para explorar trilhos de gravilha soltos, a Tracer tem tudo o que precisas. O seu grupo de man\u00edpulos centrais compactos de","og_url":"https:\/\/gr-100.com\/pt-pt\/producto\/specialized-tracer-tlr-pneu-todo-o-terreno-para-gravilha\/","og_site_name":"Gr-100 Tienda de ciclismo Specialized","article_publisher":"https:\/\/www.facebook.com\/Gr100Bikes","og_image":[{"width":1000,"height":1000,"url":"https:\/\/gr-100.com\/wp-content\/uploads\/2025\/04\/00025-434_TRACER-TLR-TIRE-T.jpg","type":"image\/jpeg"}],"twitter_card":"summary_large_image","twitter_misc":{"Tempo estimado de leitura":"1 minuto"},"schema":{"@context":"https:\/\/schema.org","@graph":[{"@type":"WebPage","@id":"https:\/\/gr-100.com\/pt-pt\/producto\/specialized-tracer-tlr-pneu-todo-o-terreno-para-gravilha\/","url":"https:\/\/gr-100.com\/pt-pt\/producto\/specialized-tracer-tlr-pneu-todo-o-terreno-para-gravilha\/","name":"Specialized Tracer TLR Pneu todo-o-terreno para gravilha Gr-100","isPartOf":{"@id":"https:\/\/gr-100.com\/#website"},"primaryImageOfPage":{"@id":"https:\/\/gr-100.com\/pt-pt\/producto\/specialized-tracer-tlr-pneu-todo-o-terreno-para-gravilha\/#primaryimage"},"image":{"@id":"https:\/\/gr-100.com\/pt-pt\/producto\/specialized-tracer-tlr-pneu-todo-o-terreno-para-gravilha\/#primaryimage"},"thumbnailUrl":"https:\/\/gr-100.com\/wp-content\/uploads\/2025\/04\/00025-434_TRACER-TLR-TIRE-T.jpg","datePublished":"2025-04-03T08:43:30+00:00","description":"Para corridas em terreno compacto ou para explorar trilhos de gravilha soltos, a Tracer tem tudo o que precisas. O seu grupo de man\u00edpulos centrais compactos de","breadcrumb":{"@id":"https:\/\/gr-100.com\/pt-pt\/producto\/specialized-tracer-tlr-pneu-todo-o-terreno-para-gravilha\/#breadcrumb"},"inLanguage":"pt-PT","potentialAction":[{"@type":"ReadAction","target":["https:\/\/gr-100.com\/pt-pt\/producto\/specialized-tracer-tlr-pneu-todo-o-terreno-para-gravilha\/"]}]},{"@type":"ImageObject","inLanguage":"pt-PT","@id":"https:\/\/gr-100.com\/pt-pt\/producto\/specialized-tracer-tlr-pneu-todo-o-terreno-para-gravilha\/#primaryimage","url":"https:\/\/gr-100.com\/wp-content\/uploads\/2025\/04\/00025-434_TRACER-TLR-TIRE-T.jpg","contentUrl":"https:\/\/gr-100.com\/wp-content\/uploads\/2025\/04\/00025-434_TRACER-TLR-TIRE-T.jpg","width":1000,"height":1000},{"@type":"BreadcrumbList","@id":"https:\/\/gr-100.com\/pt-pt\/producto\/specialized-tracer-tlr-pneu-todo-o-terreno-para-gravilha\/#breadcrumb","itemListElement":[{"@type":"ListItem","position":1,"name":"Portada","item":"https:\/\/gr-100.com\/en\/"},{"@type":"ListItem","position":2,"name":"Productos","item":"https:\/\/gr-100.com\/?post_type=product"},{"@type":"ListItem","position":3,"name":"Specialized Tracer TLR Pneu todo-o-terreno para gravilha"}]},{"@type":"WebSite","@id":"https:\/\/gr-100.com\/#website","url":"https:\/\/gr-100.com\/","name":"Gr-100 Tienda de ciclismo Specialized","description":"GR-100 tenemos todas las gamas de bicicletas Specialized al mejor precio.","publisher":{"@id":"https:\/\/gr-100.com\/#organization"},"alternateName":"Gr-100 Bikes","potentialAction":[{"@type":"SearchAction","target":{"@type":"EntryPoint","urlTemplate":"https:\/\/gr-100.com\/?s={search_term_string}"},"query-input":{"@type":"PropertyValueSpecification","valueRequired":true,"valueName":"search_term_string"}}],"inLanguage":"pt-PT"},{"@type":"Organization","@id":"https:\/\/gr-100.com\/#organization","name":"Gr-100","url":"https:\/\/gr-100.com\/","logo":{"@type":"ImageObject","inLanguage":"pt-PT","@id":"https:\/\/gr-100.com\/#\/schema\/logo\/image\/","url":"https:\/\/gr-100.com\/wp-content\/uploads\/2023\/08\/logo-gr-100-bikes.png","contentUrl":"https:\/\/gr-100.com\/wp-content\/uploads\/2023\/08\/logo-gr-100-bikes.png","width":707,"height":284,"caption":"Gr-100"},"image":{"@id":"https:\/\/gr-100.com\/#\/schema\/logo\/image\/"},"sameAs":["https:\/\/www.facebook.com\/Gr100Bikes","https:\/\/www.instagram.com\/gr100bikes\/","https:\/\/www.tiktok.com\/@gr100bikes","https:\/\/twitter.com\/gr100mtbteam","https:\/\/www.youtube.com\/c\/GR100Specialized"]}]}},"_links":{"self":[{"href":"https:\/\/gr-100.com\/pt-pt\/wp-json\/wp\/v2\/product\/430072","targetHints":{"allow":["GET"]}}],"collection":[{"href":"https:\/\/gr-100.com\/pt-pt\/wp-json\/wp\/v2\/product"}],"about":[{"href":"https:\/\/gr-100.com\/pt-pt\/wp-json\/wp\/v2\/types\/product"}],"replies":[{"embeddable":true,"href":"https:\/\/gr-100.com\/pt-pt\/wp-json\/wp\/v2\/comments?post=430072"}],"wp:featuredmedia":[{"embeddable":true,"href":"https:\/\/gr-100.com\/pt-pt\/wp-json\/wp\/v2\/media\/405565"}],"wp:attachment":[{"href":"https:\/\/gr-100.com\/pt-pt\/wp-json\/wp\/v2\/media?parent=430072"}],"wp:term":[{"taxonomy":"product_brand","embeddable":true,"href":"https:\/\/gr-100.com\/pt-pt\/wp-json\/wp\/v2\/product_brand?post=430072"},{"taxonomy":"product_cat","embeddable":true,"href":"https:\/\/gr-100.com\/pt-pt\/wp-json\/wp\/v2\/product_cat?post=430072"},{"taxonomy":"product_tag","embeddable":true,"href":"https:\/\/gr-100.com\/pt-pt\/wp-json\/wp\/v2\/product_tag?post=430072"}],"curies":[{"name":"wp","href":"https:\/\/api.w.org\/{rel}","templated":true}]}}