{"id":430101,"date":"2024-07-01T14:59:52","date_gmt":"2024-07-01T13:59:52","guid":{"rendered":"https:\/\/gr-100.com\/producto\/zapatillas-gravel-mtb-recon-3-0-2025\/"},"modified":"2024-07-01T14:59:52","modified_gmt":"2024-07-01T12:59:52","slug":"zapatillas-gravel-mtb-recon-3-0-2025","status":"publish","type":"product","link":"https:\/\/gr-100.com\/pt-pt\/producto\/zapatillas-gravel-mtb-recon-3-0-2025\/","title":{"rendered":"Zapatillas Gravel \/ MTB Recon 3.0 2025"},"content":{"rendered":"<p>Los perseguidores de KOM\/QOM, los aspirantes al podio y todos los devotos de la velocidad no tienen por qu\u00e9 sacrificar la comodidad, la durabilidad o la capacidad fuera de la bicicleta cuando buscan una zapatilla eficiente preparada para la competici\u00f3n y con las ventajas de rendimiento cient\u00edficamente probadas de Body Geometry. Unas zapatillas muy atractivas, que se ajusten bien, y sean ligeras, pero capaces en todos los terrenos pueden ser dif\u00edciles de encontrar &#8211; bueno, sol\u00edan serlo. Te presentamos la nueva Recon 3.0, un pariente no tan lejano de su hom\u00f3loga S-Works: fabricada para ofrecer velocidad, durabilidad y comodidad, y ahora m\u00e1s ligera que nunca.  <\/p>\n<p>Body Geometry: Como todas las zapatillas Body Geometry, la Recon 3.0 est\u00e1 ergon\u00f3micamente dise\u00f1ada y cient\u00edficamente probada para mejorar la comodidad, aumentar el rendimiento y reducir la posibilidad de lesiones para cada ciclista con tecnolog\u00eda patentada, al tiempo que mejora la potencia en 7 vatios &#8211; validada por la ciencia.<\/p>\n<p>Tecnologia Stride: A tecnologia Stride proporciona uma sola exterior flex\u00edvel e uma parte superior \u00e0 volta do dedo do p\u00e9, combinada com uma bolsa r\u00edgida para o taco, permitindo que o sapato se flexione facilmente ao caminhar e permane\u00e7a r\u00edgido e eficiente ao pedalar.<\/p>\n<p>Alto rendimiento y eficiencia: La Recon 3.0 hereda su cableado, la colocaci\u00f3n del dial Boa y la placa de carbono directamente de nuestra S-Works Recon. Los dos diales Boa Li2 de primera calidad ofrecen un ajuste y una adaptabilidad optimizados, mientras que el cableado garantiza una sensaci\u00f3n de bloqueo, minimizando el movimiento dentro de la zapatilla. La placa de carbono mantiene la Recon 3.0 ligera y r\u00edgida para una potencia \u00f3ptima sobre el pedal, por no mencionar el ahorro de 10 gramos respecto a nuestra generaci\u00f3n anterior.  <\/p>\n<p>A tecnologia Body Geometry permite-te fornecer a m\u00e1xima pot\u00eancia, aumentar a efici\u00eancia e reduzir o risco de les\u00f5es, alinhando o eixo da anca, do joelho e do p\u00e9.<\/p>\n<p>La tecnolog\u00eda STRIDE toe-flex da una libertad de movimiento al pie al caminar y mantiene la rigidez al pedalear. \u00cdndice de rigidez: 10.0 <\/p>\n<p>A parte superior do sapato tem menos costuras para maior conforto.<\/p>\n<p>Fecho BOA\u00ae Li2 para um micro-ajuste em tempo real.<\/p>\n<p>Sola exterior de borracha SlipNot\u2122 para uma tra\u00e7\u00e3o superior em todos os terrenos.<\/p>\n<p>Grampos de dois parafusos que se adaptam \u00e0 maioria dos pedais de montanha.<\/p>\n<p>Peso aproximado: 345 gramos (Talla 42)<\/p>\n","protected":false},"excerpt":{"rendered":"<p>La Recon 3.0 ha sido dise\u00f1ada teniendo en cuenta el rendimiento de la legendaria S-Works Recon- transferencia de potencia, comodidad, ligereza y dise\u00f1o- todo ello en un pack perfecto para ciclistas de XC o gravel.<\/p>\n","protected":false},"featured_media":307842,"comment_status":"closed","ping_status":"closed","template":"","meta":{"_acf_changed":false,"_et_pb_use_builder":"","_et_pb_old_content":"","_et_gb_content_width":"","inline_featured_image":false},"product_brand":[],"product_cat":[361,371,2460],"product_tag":[],"class_list":{"0":"post-430101","1":"product","2":"type-product","3":"status-publish","4":"has-post-thumbnail","6":"product_cat-acessorios","7":"product_cat-sapatilhas","8":"product_cat-ofertas-pt-pt","9":"product_shipping_class-acessorios","11":"first","12":"instock","13":"taxable","14":"shipping-taxable","15":"purchasable","16":"product-type-variable","17":"wvs-archive-product-wrapper"},"acf":[],"yoast_head":"<!-- This site is optimized with the Yoast SEO Premium plugin v26.7 (Yoast SEO v26.7) - https:\/\/yoast.com\/wordpress\/plugins\/seo\/ -->\n<title>Specialized Turbo Levo 4 Expert<\/title>\n<meta name=\"description\" content=\"Alto rendimiento y eficiencia: La Recon 3.0 hereda su cableado, la colocaci\u00f3n del dial Boa y la placa de carbono directamente de nuestra S-Works Recon.\" \/>\n<meta name=\"robots\" content=\"index, follow, max-snippet:-1, max-image-preview:large, max-video-preview:-1\" \/>\n<link rel=\"canonical\" href=\"https:\/\/gr-100.com\/pt-pt\/producto\/zapatillas-gravel-mtb-recon-3-0-2025\/\" \/>\n<meta property=\"og:locale\" content=\"pt_PT\" \/>\n<meta property=\"og:type\" content=\"article\" \/>\n<meta property=\"og:title\" content=\"Zapatillas Gravel \/ MTB Recon 3.0 2025\" \/>\n<meta property=\"og:description\" content=\"Alto rendimiento y eficiencia: La Recon 3.0 hereda su cableado, la colocaci\u00f3n del dial Boa y la placa de carbono directamente de nuestra S-Works Recon.\" \/>\n<meta property=\"og:url\" content=\"https:\/\/gr-100.com\/pt-pt\/producto\/zapatillas-gravel-mtb-recon-3-0-2025\/\" \/>\n<meta property=\"og:site_name\" content=\"Gr-100 Tienda de ciclismo Specialized\" \/>\n<meta property=\"article:publisher\" content=\"https:\/\/www.facebook.com\/Gr100Bikes\" \/>\n<meta property=\"og:image\" content=\"https:\/\/gr-100.com\/wp-content\/uploads\/2024\/05\/recon-3.0-2024.jpg\" \/>\n\t<meta property=\"og:image:width\" content=\"1000\" \/>\n\t<meta property=\"og:image:height\" content=\"1000\" \/>\n\t<meta property=\"og:image:type\" content=\"image\/jpeg\" \/>\n<meta name=\"twitter:card\" content=\"summary_large_image\" \/>\n<meta name=\"twitter:label1\" content=\"Tempo estimado de leitura\" \/>\n\t<meta name=\"twitter:data1\" content=\"2 minutos\" \/>\n<script type=\"application\/ld+json\" class=\"yoast-schema-graph\">{\"@context\":\"https:\/\/schema.org\",\"@graph\":[{\"@type\":\"WebPage\",\"@id\":\"https:\/\/gr-100.com\/pt-pt\/producto\/zapatillas-gravel-mtb-recon-3-0-2025\/\",\"url\":\"https:\/\/gr-100.com\/pt-pt\/producto\/zapatillas-gravel-mtb-recon-3-0-2025\/\",\"name\":\"Specialized Turbo Levo 4 Expert\",\"isPartOf\":{\"@id\":\"https:\/\/gr-100.com\/#website\"},\"primaryImageOfPage\":{\"@id\":\"https:\/\/gr-100.com\/pt-pt\/producto\/zapatillas-gravel-mtb-recon-3-0-2025\/#primaryimage\"},\"image\":{\"@id\":\"https:\/\/gr-100.com\/pt-pt\/producto\/zapatillas-gravel-mtb-recon-3-0-2025\/#primaryimage\"},\"thumbnailUrl\":\"https:\/\/gr-100.com\/wp-content\/uploads\/2024\/05\/recon-3.0-2024.jpg\",\"datePublished\":\"2024-07-01T13:59:52+00:00\",\"description\":\"Alto rendimiento y eficiencia: La Recon 3.0 hereda su cableado, la colocaci\u00f3n del dial Boa y la placa de carbono directamente de nuestra S-Works Recon.\",\"breadcrumb\":{\"@id\":\"https:\/\/gr-100.com\/pt-pt\/producto\/zapatillas-gravel-mtb-recon-3-0-2025\/#breadcrumb\"},\"inLanguage\":\"pt-PT\",\"potentialAction\":[{\"@type\":\"ReadAction\",\"target\":[\"https:\/\/gr-100.com\/pt-pt\/producto\/zapatillas-gravel-mtb-recon-3-0-2025\/\"]}]},{\"@type\":\"ImageObject\",\"inLanguage\":\"pt-PT\",\"@id\":\"https:\/\/gr-100.com\/pt-pt\/producto\/zapatillas-gravel-mtb-recon-3-0-2025\/#primaryimage\",\"url\":\"https:\/\/gr-100.com\/wp-content\/uploads\/2024\/05\/recon-3.0-2024.jpg\",\"contentUrl\":\"https:\/\/gr-100.com\/wp-content\/uploads\/2024\/05\/recon-3.0-2024.jpg\",\"width\":1000,\"height\":1000},{\"@type\":\"BreadcrumbList\",\"@id\":\"https:\/\/gr-100.com\/pt-pt\/producto\/zapatillas-gravel-mtb-recon-3-0-2025\/#breadcrumb\",\"itemListElement\":[{\"@type\":\"ListItem\",\"position\":1,\"name\":\"Portada\",\"item\":\"https:\/\/gr-100.com\/en\/\"},{\"@type\":\"ListItem\",\"position\":2,\"name\":\"Productos\",\"item\":\"https:\/\/gr-100.com\/?post_type=product\"},{\"@type\":\"ListItem\",\"position\":3,\"name\":\"Zapatillas Gravel \/ MTB Recon 3.0 2025\"}]},{\"@type\":\"WebSite\",\"@id\":\"https:\/\/gr-100.com\/#website\",\"url\":\"https:\/\/gr-100.com\/\",\"name\":\"Gr-100 Tienda de ciclismo Specialized\",\"description\":\"GR-100 tenemos todas las gamas de bicicletas Specialized al mejor precio.\",\"publisher\":{\"@id\":\"https:\/\/gr-100.com\/#organization\"},\"alternateName\":\"Gr-100 Bikes\",\"potentialAction\":[{\"@type\":\"SearchAction\",\"target\":{\"@type\":\"EntryPoint\",\"urlTemplate\":\"https:\/\/gr-100.com\/?s={search_term_string}\"},\"query-input\":{\"@type\":\"PropertyValueSpecification\",\"valueRequired\":true,\"valueName\":\"search_term_string\"}}],\"inLanguage\":\"pt-PT\"},{\"@type\":\"Organization\",\"@id\":\"https:\/\/gr-100.com\/#organization\",\"name\":\"Gr-100\",\"url\":\"https:\/\/gr-100.com\/\",\"logo\":{\"@type\":\"ImageObject\",\"inLanguage\":\"pt-PT\",\"@id\":\"https:\/\/gr-100.com\/#\/schema\/logo\/image\/\",\"url\":\"https:\/\/gr-100.com\/wp-content\/uploads\/2023\/08\/logo-gr-100-bikes.png\",\"contentUrl\":\"https:\/\/gr-100.com\/wp-content\/uploads\/2023\/08\/logo-gr-100-bikes.png\",\"width\":707,\"height\":284,\"caption\":\"Gr-100\"},\"image\":{\"@id\":\"https:\/\/gr-100.com\/#\/schema\/logo\/image\/\"},\"sameAs\":[\"https:\/\/www.facebook.com\/Gr100Bikes\",\"https:\/\/www.instagram.com\/gr100bikes\/\",\"https:\/\/www.tiktok.com\/@gr100bikes\",\"https:\/\/twitter.com\/gr100mtbteam\",\"https:\/\/www.youtube.com\/c\/GR100Specialized\"]}]}<\/script>\n<!-- \/ Yoast SEO Premium plugin. -->","yoast_head_json":{"title":"Specialized Turbo Levo 4 Expert","description":"Alto rendimiento y eficiencia: La Recon 3.0 hereda su cableado, la colocaci\u00f3n del dial Boa y la placa de carbono directamente de nuestra S-Works Recon.","robots":{"index":"index","follow":"follow","max-snippet":"max-snippet:-1","max-image-preview":"max-image-preview:large","max-video-preview":"max-video-preview:-1"},"canonical":"https:\/\/gr-100.com\/pt-pt\/producto\/zapatillas-gravel-mtb-recon-3-0-2025\/","og_locale":"pt_PT","og_type":"article","og_title":"Zapatillas Gravel \/ MTB Recon 3.0 2025","og_description":"Alto rendimiento y eficiencia: La Recon 3.0 hereda su cableado, la colocaci\u00f3n del dial Boa y la placa de carbono directamente de nuestra S-Works Recon.","og_url":"https:\/\/gr-100.com\/pt-pt\/producto\/zapatillas-gravel-mtb-recon-3-0-2025\/","og_site_name":"Gr-100 Tienda de ciclismo Specialized","article_publisher":"https:\/\/www.facebook.com\/Gr100Bikes","og_image":[{"width":1000,"height":1000,"url":"https:\/\/gr-100.com\/wp-content\/uploads\/2024\/05\/recon-3.0-2024.jpg","type":"image\/jpeg"}],"twitter_card":"summary_large_image","twitter_misc":{"Tempo estimado de leitura":"2 minutos"},"schema":{"@context":"https:\/\/schema.org","@graph":[{"@type":"WebPage","@id":"https:\/\/gr-100.com\/pt-pt\/producto\/zapatillas-gravel-mtb-recon-3-0-2025\/","url":"https:\/\/gr-100.com\/pt-pt\/producto\/zapatillas-gravel-mtb-recon-3-0-2025\/","name":"Specialized Turbo Levo 4 Expert","isPartOf":{"@id":"https:\/\/gr-100.com\/#website"},"primaryImageOfPage":{"@id":"https:\/\/gr-100.com\/pt-pt\/producto\/zapatillas-gravel-mtb-recon-3-0-2025\/#primaryimage"},"image":{"@id":"https:\/\/gr-100.com\/pt-pt\/producto\/zapatillas-gravel-mtb-recon-3-0-2025\/#primaryimage"},"thumbnailUrl":"https:\/\/gr-100.com\/wp-content\/uploads\/2024\/05\/recon-3.0-2024.jpg","datePublished":"2024-07-01T13:59:52+00:00","description":"Alto rendimiento y eficiencia: La Recon 3.0 hereda su cableado, la colocaci\u00f3n del dial Boa y la placa de carbono directamente de nuestra S-Works Recon.","breadcrumb":{"@id":"https:\/\/gr-100.com\/pt-pt\/producto\/zapatillas-gravel-mtb-recon-3-0-2025\/#breadcrumb"},"inLanguage":"pt-PT","potentialAction":[{"@type":"ReadAction","target":["https:\/\/gr-100.com\/pt-pt\/producto\/zapatillas-gravel-mtb-recon-3-0-2025\/"]}]},{"@type":"ImageObject","inLanguage":"pt-PT","@id":"https:\/\/gr-100.com\/pt-pt\/producto\/zapatillas-gravel-mtb-recon-3-0-2025\/#primaryimage","url":"https:\/\/gr-100.com\/wp-content\/uploads\/2024\/05\/recon-3.0-2024.jpg","contentUrl":"https:\/\/gr-100.com\/wp-content\/uploads\/2024\/05\/recon-3.0-2024.jpg","width":1000,"height":1000},{"@type":"BreadcrumbList","@id":"https:\/\/gr-100.com\/pt-pt\/producto\/zapatillas-gravel-mtb-recon-3-0-2025\/#breadcrumb","itemListElement":[{"@type":"ListItem","position":1,"name":"Portada","item":"https:\/\/gr-100.com\/en\/"},{"@type":"ListItem","position":2,"name":"Productos","item":"https:\/\/gr-100.com\/?post_type=product"},{"@type":"ListItem","position":3,"name":"Zapatillas Gravel \/ MTB Recon 3.0 2025"}]},{"@type":"WebSite","@id":"https:\/\/gr-100.com\/#website","url":"https:\/\/gr-100.com\/","name":"Gr-100 Tienda de ciclismo Specialized","description":"GR-100 tenemos todas las gamas de bicicletas Specialized al mejor precio.","publisher":{"@id":"https:\/\/gr-100.com\/#organization"},"alternateName":"Gr-100 Bikes","potentialAction":[{"@type":"SearchAction","target":{"@type":"EntryPoint","urlTemplate":"https:\/\/gr-100.com\/?s={search_term_string}"},"query-input":{"@type":"PropertyValueSpecification","valueRequired":true,"valueName":"search_term_string"}}],"inLanguage":"pt-PT"},{"@type":"Organization","@id":"https:\/\/gr-100.com\/#organization","name":"Gr-100","url":"https:\/\/gr-100.com\/","logo":{"@type":"ImageObject","inLanguage":"pt-PT","@id":"https:\/\/gr-100.com\/#\/schema\/logo\/image\/","url":"https:\/\/gr-100.com\/wp-content\/uploads\/2023\/08\/logo-gr-100-bikes.png","contentUrl":"https:\/\/gr-100.com\/wp-content\/uploads\/2023\/08\/logo-gr-100-bikes.png","width":707,"height":284,"caption":"Gr-100"},"image":{"@id":"https:\/\/gr-100.com\/#\/schema\/logo\/image\/"},"sameAs":["https:\/\/www.facebook.com\/Gr100Bikes","https:\/\/www.instagram.com\/gr100bikes\/","https:\/\/www.tiktok.com\/@gr100bikes","https:\/\/twitter.com\/gr100mtbteam","https:\/\/www.youtube.com\/c\/GR100Specialized"]}]}},"_links":{"self":[{"href":"https:\/\/gr-100.com\/pt-pt\/wp-json\/wp\/v2\/product\/430101","targetHints":{"allow":["GET"]}}],"collection":[{"href":"https:\/\/gr-100.com\/pt-pt\/wp-json\/wp\/v2\/product"}],"about":[{"href":"https:\/\/gr-100.com\/pt-pt\/wp-json\/wp\/v2\/types\/product"}],"replies":[{"embeddable":true,"href":"https:\/\/gr-100.com\/pt-pt\/wp-json\/wp\/v2\/comments?post=430101"}],"wp:featuredmedia":[{"embeddable":true,"href":"https:\/\/gr-100.com\/pt-pt\/wp-json\/wp\/v2\/media\/307842"}],"wp:attachment":[{"href":"https:\/\/gr-100.com\/pt-pt\/wp-json\/wp\/v2\/media?parent=430101"}],"wp:term":[{"taxonomy":"product_brand","embeddable":true,"href":"https:\/\/gr-100.com\/pt-pt\/wp-json\/wp\/v2\/product_brand?post=430101"},{"taxonomy":"product_cat","embeddable":true,"href":"https:\/\/gr-100.com\/pt-pt\/wp-json\/wp\/v2\/product_cat?post=430101"},{"taxonomy":"product_tag","embeddable":true,"href":"https:\/\/gr-100.com\/pt-pt\/wp-json\/wp\/v2\/product_tag?post=430101"}],"curies":[{"name":"wp","href":"https:\/\/api.w.org\/{rel}","templated":true}]}}