{"id":430229,"date":"2025-04-02T11:44:57","date_gmt":"2025-04-02T10:44:57","guid":{"rendered":"https:\/\/gr-100.com\/producto\/pneu-specialized-air-trak-flex-lite-t5-t7-tlr-xc-2\/"},"modified":"2025-04-02T11:44:57","modified_gmt":"2025-04-02T09:44:57","slug":"pneu-specialized-air-trak-flex-lite-t5-t7-tlr-xc-2","status":"publish","type":"product","link":"https:\/\/gr-100.com\/pt-pt\/producto\/pneu-specialized-air-trak-flex-lite-t5-t7-tlr-xc-2\/","title":{"rendered":"Pneu Specialized Air Trak Flex Lite T5\/T7 TLR XC"},"content":{"rendered":"<ul>\n<li>Usa<br \/>\nXC Competition<\/li>\n<li>Piso<br \/>\nCentro: blocos r\u00e1pidos Exterior: bloco sobre bloco<\/li>\n<li>Componente<br \/>\nGRIPTON Composto duplo T5\/T7 para velocidade nas rectas e curvas<\/li>\n<li>Pneu<br \/>\n60TPI Flex Lite para velocidade<\/li>\n<li>Tipo<br \/>\nTubeless<\/li>\n<li>Peso aproximado<br \/>\n29&#215;2.2, 575g<br \/>\n29&#215;2.35, 585g<\/li>\n<\/ul>\n","protected":false},"excerpt":{"rendered":"<p>O nosso pneu XC mais leve e mais r\u00e1pido para terrenos compactos<br \/>\nPara a derradeira velocidade XC em terrenos compactos, o pneu Air Trak \u00e9 o que precisas. O piso de rolamento r\u00e1pido e o composto T5 no centro garantem a m\u00e1xima velocidade em linha reta, enquanto o composto T7 nas paredes laterais melhora a tra\u00e7\u00e3o para manter a velocidade em curva. A nossa carca\u00e7a Flex Lite mais leve reduz o pneu para 575 g, oferecendo velocidade m\u00e1xima e desempenho superior em subidas. Quando a velocidade \u00e9 a prioridade, escolhe o Air Trak.   <\/p>\n","protected":false},"featured_media":405528,"comment_status":"open","ping_status":"closed","template":"","meta":{"_acf_changed":false,"_et_pb_use_builder":"","_et_pb_old_content":"","_et_gb_content_width":"","inline_featured_image":false},"product_brand":[],"product_cat":[379,381],"product_tag":[],"class_list":{"0":"post-430229","1":"product","2":"type-product","3":"status-publish","4":"has-post-thumbnail","6":"product_cat-componentes-pt-pt","7":"product_cat-pneus-e-camaras-de-ar","8":"pa_tamanos-29x220-pt-pt","9":"pa_tamanos-29x235-pt-pt","11":"first","12":"instock","13":"sale","14":"taxable","15":"shipping-taxable","16":"purchasable","17":"product-type-variable","18":"wvs-archive-product-wrapper"},"acf":[],"yoast_head":"<!-- This site is optimized with the Yoast SEO Premium plugin v26.7 (Yoast SEO v26.7) - https:\/\/yoast.com\/wordpress\/plugins\/seo\/ -->\n<title>Specialized Turbo Levo 4 Expert<\/title>\n<meta name=\"description\" content=\"O nosso pneu XC mais leve e mais r\u00e1pido em terreno compactoPara a m\u00e1xima velocidade XC em terreno compacto, o pneu Air Trak \u00e9 o que precisas. O piso de rolamento r\u00e1pido e o composto T5 no centro garantem a m\u00e1xima velocidade em linha reta, enquanto o composto T7 nas paredes laterais melhora a tra\u00e7\u00e3o para manter a velocidade em curva. A nossa carca\u00e7a Flex Lite mais leve reduz o pneu para 575 g, oferecendo velocidade m\u00e1xima e desempenho superior em subidas. Quando a velocidade \u00e9 a prioridade, escolhe o Air Trak.\" \/>\n<meta name=\"robots\" content=\"index, follow, max-snippet:-1, max-image-preview:large, max-video-preview:-1\" \/>\n<link rel=\"canonical\" href=\"https:\/\/gr-100.com\/pt-pt\/producto\/pneu-specialized-air-trak-flex-lite-t5-t7-tlr-xc-2\/\" \/>\n<meta property=\"og:locale\" content=\"pt_PT\" \/>\n<meta property=\"og:type\" content=\"article\" \/>\n<meta property=\"og:title\" content=\"Pneu Specialized Air Trak Flex Lite T5\/T7 TLR XC\" \/>\n<meta property=\"og:description\" content=\"O nosso pneu XC mais leve e mais r\u00e1pido em terreno compactoPara a m\u00e1xima velocidade XC em terreno compacto, o pneu Air Trak \u00e9 o que precisas. O piso de rolamento r\u00e1pido e o composto T5 no centro garantem a m\u00e1xima velocidade em linha reta, enquanto o composto T7 nas paredes laterais melhora a tra\u00e7\u00e3o para manter a velocidade em curva. A nossa carca\u00e7a Flex Lite mais leve reduz o pneu para 575 g, oferecendo velocidade m\u00e1xima e desempenho superior em subidas. Quando a velocidade \u00e9 a prioridade, escolhe o Air Trak.\" \/>\n<meta property=\"og:url\" content=\"https:\/\/gr-100.com\/pt-pt\/producto\/pneu-specialized-air-trak-flex-lite-t5-t7-tlr-xc-2\/\" \/>\n<meta property=\"og:site_name\" content=\"Gr-100 Tienda de ciclismo Specialized\" \/>\n<meta property=\"article:publisher\" content=\"https:\/\/www.facebook.com\/Gr100Bikes\" \/>\n<meta property=\"og:image\" content=\"https:\/\/gr-100.com\/wp-content\/uploads\/2025\/04\/Diseno-sin-titulo-2025-04-02T133314.638.jpg\" \/>\n\t<meta property=\"og:image:width\" content=\"1000\" \/>\n\t<meta property=\"og:image:height\" content=\"1000\" \/>\n\t<meta property=\"og:image:type\" content=\"image\/jpeg\" \/>\n<meta name=\"twitter:card\" content=\"summary_large_image\" \/>\n<script type=\"application\/ld+json\" class=\"yoast-schema-graph\">{\"@context\":\"https:\/\/schema.org\",\"@graph\":[{\"@type\":\"WebPage\",\"@id\":\"https:\/\/gr-100.com\/pt-pt\/producto\/pneu-specialized-air-trak-flex-lite-t5-t7-tlr-xc-2\/\",\"url\":\"https:\/\/gr-100.com\/pt-pt\/producto\/pneu-specialized-air-trak-flex-lite-t5-t7-tlr-xc-2\/\",\"name\":\"Specialized Turbo Levo 4 Expert\",\"isPartOf\":{\"@id\":\"https:\/\/gr-100.com\/#website\"},\"primaryImageOfPage\":{\"@id\":\"https:\/\/gr-100.com\/pt-pt\/producto\/pneu-specialized-air-trak-flex-lite-t5-t7-tlr-xc-2\/#primaryimage\"},\"image\":{\"@id\":\"https:\/\/gr-100.com\/pt-pt\/producto\/pneu-specialized-air-trak-flex-lite-t5-t7-tlr-xc-2\/#primaryimage\"},\"thumbnailUrl\":\"https:\/\/gr-100.com\/wp-content\/uploads\/2025\/04\/Diseno-sin-titulo-2025-04-02T133314.638.jpg\",\"datePublished\":\"2025-04-02T10:44:57+00:00\",\"description\":\"O nosso pneu XC mais leve e mais r\u00e1pido em terreno compactoPara a m\u00e1xima velocidade XC em terreno compacto, o pneu Air Trak \u00e9 o que precisas. O piso de rolamento r\u00e1pido e o composto T5 no centro garantem a m\u00e1xima velocidade em linha reta, enquanto o composto T7 nas paredes laterais melhora a tra\u00e7\u00e3o para manter a velocidade em curva. A nossa carca\u00e7a Flex Lite mais leve reduz o pneu para 575 g, oferecendo velocidade m\u00e1xima e desempenho superior em subidas. Quando a velocidade \u00e9 a prioridade, escolhe o Air Trak.\",\"breadcrumb\":{\"@id\":\"https:\/\/gr-100.com\/pt-pt\/producto\/pneu-specialized-air-trak-flex-lite-t5-t7-tlr-xc-2\/#breadcrumb\"},\"inLanguage\":\"pt-PT\",\"potentialAction\":[{\"@type\":\"ReadAction\",\"target\":[\"https:\/\/gr-100.com\/pt-pt\/producto\/pneu-specialized-air-trak-flex-lite-t5-t7-tlr-xc-2\/\"]}]},{\"@type\":\"ImageObject\",\"inLanguage\":\"pt-PT\",\"@id\":\"https:\/\/gr-100.com\/pt-pt\/producto\/pneu-specialized-air-trak-flex-lite-t5-t7-tlr-xc-2\/#primaryimage\",\"url\":\"https:\/\/gr-100.com\/wp-content\/uploads\/2025\/04\/Diseno-sin-titulo-2025-04-02T133314.638.jpg\",\"contentUrl\":\"https:\/\/gr-100.com\/wp-content\/uploads\/2025\/04\/Diseno-sin-titulo-2025-04-02T133314.638.jpg\",\"width\":1000,\"height\":1000},{\"@type\":\"BreadcrumbList\",\"@id\":\"https:\/\/gr-100.com\/pt-pt\/producto\/pneu-specialized-air-trak-flex-lite-t5-t7-tlr-xc-2\/#breadcrumb\",\"itemListElement\":[{\"@type\":\"ListItem\",\"position\":1,\"name\":\"Portada\",\"item\":\"https:\/\/gr-100.com\/en\/\"},{\"@type\":\"ListItem\",\"position\":2,\"name\":\"Productos\",\"item\":\"https:\/\/gr-100.com\/?post_type=product\"},{\"@type\":\"ListItem\",\"position\":3,\"name\":\"Pneu Specialized Air Trak Flex Lite T5\/T7 TLR XC\"}]},{\"@type\":\"WebSite\",\"@id\":\"https:\/\/gr-100.com\/#website\",\"url\":\"https:\/\/gr-100.com\/\",\"name\":\"Gr-100 Tienda de ciclismo Specialized\",\"description\":\"GR-100 tenemos todas las gamas de bicicletas Specialized al mejor precio.\",\"publisher\":{\"@id\":\"https:\/\/gr-100.com\/#organization\"},\"alternateName\":\"Gr-100 Bikes\",\"potentialAction\":[{\"@type\":\"SearchAction\",\"target\":{\"@type\":\"EntryPoint\",\"urlTemplate\":\"https:\/\/gr-100.com\/?s={search_term_string}\"},\"query-input\":{\"@type\":\"PropertyValueSpecification\",\"valueRequired\":true,\"valueName\":\"search_term_string\"}}],\"inLanguage\":\"pt-PT\"},{\"@type\":\"Organization\",\"@id\":\"https:\/\/gr-100.com\/#organization\",\"name\":\"Gr-100\",\"url\":\"https:\/\/gr-100.com\/\",\"logo\":{\"@type\":\"ImageObject\",\"inLanguage\":\"pt-PT\",\"@id\":\"https:\/\/gr-100.com\/#\/schema\/logo\/image\/\",\"url\":\"https:\/\/gr-100.com\/wp-content\/uploads\/2023\/08\/logo-gr-100-bikes.png\",\"contentUrl\":\"https:\/\/gr-100.com\/wp-content\/uploads\/2023\/08\/logo-gr-100-bikes.png\",\"width\":707,\"height\":284,\"caption\":\"Gr-100\"},\"image\":{\"@id\":\"https:\/\/gr-100.com\/#\/schema\/logo\/image\/\"},\"sameAs\":[\"https:\/\/www.facebook.com\/Gr100Bikes\",\"https:\/\/www.instagram.com\/gr100bikes\/\",\"https:\/\/www.tiktok.com\/@gr100bikes\",\"https:\/\/twitter.com\/gr100mtbteam\",\"https:\/\/www.youtube.com\/c\/GR100Specialized\"]}]}<\/script>\n<!-- \/ Yoast SEO Premium plugin. -->","yoast_head_json":{"title":"Specialized Turbo Levo 4 Expert","description":"O nosso pneu XC mais leve e mais r\u00e1pido em terreno compactoPara a m\u00e1xima velocidade XC em terreno compacto, o pneu Air Trak \u00e9 o que precisas. O piso de rolamento r\u00e1pido e o composto T5 no centro garantem a m\u00e1xima velocidade em linha reta, enquanto o composto T7 nas paredes laterais melhora a tra\u00e7\u00e3o para manter a velocidade em curva. A nossa carca\u00e7a Flex Lite mais leve reduz o pneu para 575 g, oferecendo velocidade m\u00e1xima e desempenho superior em subidas. Quando a velocidade \u00e9 a prioridade, escolhe o Air Trak.","robots":{"index":"index","follow":"follow","max-snippet":"max-snippet:-1","max-image-preview":"max-image-preview:large","max-video-preview":"max-video-preview:-1"},"canonical":"https:\/\/gr-100.com\/pt-pt\/producto\/pneu-specialized-air-trak-flex-lite-t5-t7-tlr-xc-2\/","og_locale":"pt_PT","og_type":"article","og_title":"Pneu Specialized Air Trak Flex Lite T5\/T7 TLR XC","og_description":"O nosso pneu XC mais leve e mais r\u00e1pido em terreno compactoPara a m\u00e1xima velocidade XC em terreno compacto, o pneu Air Trak \u00e9 o que precisas. O piso de rolamento r\u00e1pido e o composto T5 no centro garantem a m\u00e1xima velocidade em linha reta, enquanto o composto T7 nas paredes laterais melhora a tra\u00e7\u00e3o para manter a velocidade em curva. A nossa carca\u00e7a Flex Lite mais leve reduz o pneu para 575 g, oferecendo velocidade m\u00e1xima e desempenho superior em subidas. Quando a velocidade \u00e9 a prioridade, escolhe o Air Trak.","og_url":"https:\/\/gr-100.com\/pt-pt\/producto\/pneu-specialized-air-trak-flex-lite-t5-t7-tlr-xc-2\/","og_site_name":"Gr-100 Tienda de ciclismo Specialized","article_publisher":"https:\/\/www.facebook.com\/Gr100Bikes","og_image":[{"width":1000,"height":1000,"url":"https:\/\/gr-100.com\/wp-content\/uploads\/2025\/04\/Diseno-sin-titulo-2025-04-02T133314.638.jpg","type":"image\/jpeg"}],"twitter_card":"summary_large_image","schema":{"@context":"https:\/\/schema.org","@graph":[{"@type":"WebPage","@id":"https:\/\/gr-100.com\/pt-pt\/producto\/pneu-specialized-air-trak-flex-lite-t5-t7-tlr-xc-2\/","url":"https:\/\/gr-100.com\/pt-pt\/producto\/pneu-specialized-air-trak-flex-lite-t5-t7-tlr-xc-2\/","name":"Specialized Turbo Levo 4 Expert","isPartOf":{"@id":"https:\/\/gr-100.com\/#website"},"primaryImageOfPage":{"@id":"https:\/\/gr-100.com\/pt-pt\/producto\/pneu-specialized-air-trak-flex-lite-t5-t7-tlr-xc-2\/#primaryimage"},"image":{"@id":"https:\/\/gr-100.com\/pt-pt\/producto\/pneu-specialized-air-trak-flex-lite-t5-t7-tlr-xc-2\/#primaryimage"},"thumbnailUrl":"https:\/\/gr-100.com\/wp-content\/uploads\/2025\/04\/Diseno-sin-titulo-2025-04-02T133314.638.jpg","datePublished":"2025-04-02T10:44:57+00:00","description":"O nosso pneu XC mais leve e mais r\u00e1pido em terreno compactoPara a m\u00e1xima velocidade XC em terreno compacto, o pneu Air Trak \u00e9 o que precisas. O piso de rolamento r\u00e1pido e o composto T5 no centro garantem a m\u00e1xima velocidade em linha reta, enquanto o composto T7 nas paredes laterais melhora a tra\u00e7\u00e3o para manter a velocidade em curva. A nossa carca\u00e7a Flex Lite mais leve reduz o pneu para 575 g, oferecendo velocidade m\u00e1xima e desempenho superior em subidas. Quando a velocidade \u00e9 a prioridade, escolhe o Air Trak.","breadcrumb":{"@id":"https:\/\/gr-100.com\/pt-pt\/producto\/pneu-specialized-air-trak-flex-lite-t5-t7-tlr-xc-2\/#breadcrumb"},"inLanguage":"pt-PT","potentialAction":[{"@type":"ReadAction","target":["https:\/\/gr-100.com\/pt-pt\/producto\/pneu-specialized-air-trak-flex-lite-t5-t7-tlr-xc-2\/"]}]},{"@type":"ImageObject","inLanguage":"pt-PT","@id":"https:\/\/gr-100.com\/pt-pt\/producto\/pneu-specialized-air-trak-flex-lite-t5-t7-tlr-xc-2\/#primaryimage","url":"https:\/\/gr-100.com\/wp-content\/uploads\/2025\/04\/Diseno-sin-titulo-2025-04-02T133314.638.jpg","contentUrl":"https:\/\/gr-100.com\/wp-content\/uploads\/2025\/04\/Diseno-sin-titulo-2025-04-02T133314.638.jpg","width":1000,"height":1000},{"@type":"BreadcrumbList","@id":"https:\/\/gr-100.com\/pt-pt\/producto\/pneu-specialized-air-trak-flex-lite-t5-t7-tlr-xc-2\/#breadcrumb","itemListElement":[{"@type":"ListItem","position":1,"name":"Portada","item":"https:\/\/gr-100.com\/en\/"},{"@type":"ListItem","position":2,"name":"Productos","item":"https:\/\/gr-100.com\/?post_type=product"},{"@type":"ListItem","position":3,"name":"Pneu Specialized Air Trak Flex Lite T5\/T7 TLR XC"}]},{"@type":"WebSite","@id":"https:\/\/gr-100.com\/#website","url":"https:\/\/gr-100.com\/","name":"Gr-100 Tienda de ciclismo Specialized","description":"GR-100 tenemos todas las gamas de bicicletas Specialized al mejor precio.","publisher":{"@id":"https:\/\/gr-100.com\/#organization"},"alternateName":"Gr-100 Bikes","potentialAction":[{"@type":"SearchAction","target":{"@type":"EntryPoint","urlTemplate":"https:\/\/gr-100.com\/?s={search_term_string}"},"query-input":{"@type":"PropertyValueSpecification","valueRequired":true,"valueName":"search_term_string"}}],"inLanguage":"pt-PT"},{"@type":"Organization","@id":"https:\/\/gr-100.com\/#organization","name":"Gr-100","url":"https:\/\/gr-100.com\/","logo":{"@type":"ImageObject","inLanguage":"pt-PT","@id":"https:\/\/gr-100.com\/#\/schema\/logo\/image\/","url":"https:\/\/gr-100.com\/wp-content\/uploads\/2023\/08\/logo-gr-100-bikes.png","contentUrl":"https:\/\/gr-100.com\/wp-content\/uploads\/2023\/08\/logo-gr-100-bikes.png","width":707,"height":284,"caption":"Gr-100"},"image":{"@id":"https:\/\/gr-100.com\/#\/schema\/logo\/image\/"},"sameAs":["https:\/\/www.facebook.com\/Gr100Bikes","https:\/\/www.instagram.com\/gr100bikes\/","https:\/\/www.tiktok.com\/@gr100bikes","https:\/\/twitter.com\/gr100mtbteam","https:\/\/www.youtube.com\/c\/GR100Specialized"]}]}},"_links":{"self":[{"href":"https:\/\/gr-100.com\/pt-pt\/wp-json\/wp\/v2\/product\/430229","targetHints":{"allow":["GET"]}}],"collection":[{"href":"https:\/\/gr-100.com\/pt-pt\/wp-json\/wp\/v2\/product"}],"about":[{"href":"https:\/\/gr-100.com\/pt-pt\/wp-json\/wp\/v2\/types\/product"}],"replies":[{"embeddable":true,"href":"https:\/\/gr-100.com\/pt-pt\/wp-json\/wp\/v2\/comments?post=430229"}],"wp:featuredmedia":[{"embeddable":true,"href":"https:\/\/gr-100.com\/pt-pt\/wp-json\/wp\/v2\/media\/405528"}],"wp:attachment":[{"href":"https:\/\/gr-100.com\/pt-pt\/wp-json\/wp\/v2\/media?parent=430229"}],"wp:term":[{"taxonomy":"product_brand","embeddable":true,"href":"https:\/\/gr-100.com\/pt-pt\/wp-json\/wp\/v2\/product_brand?post=430229"},{"taxonomy":"product_cat","embeddable":true,"href":"https:\/\/gr-100.com\/pt-pt\/wp-json\/wp\/v2\/product_cat?post=430229"},{"taxonomy":"product_tag","embeddable":true,"href":"https:\/\/gr-100.com\/pt-pt\/wp-json\/wp\/v2\/product_tag?post=430229"}],"curies":[{"name":"wp","href":"https:\/\/api.w.org\/{rel}","templated":true}]}}