{"id":430235,"date":"2025-04-02T10:32:25","date_gmt":"2025-04-02T09:32:25","guid":{"rendered":"https:\/\/gr-100.com\/producto\/specialized-neumatico-de-gravel-y-trail-terra-tlr\/"},"modified":"2025-04-02T10:32:25","modified_gmt":"2025-04-02T08:32:25","slug":"specialized-neumatico-de-gravel-y-trail-terra-tlr","status":"publish","type":"product","link":"https:\/\/gr-100.com\/pt-pt\/producto\/specialized-neumatico-de-gravel-y-trail-terra-tlr\/","title":{"rendered":"Specialized Neum\u00e1tico de gravel y trail Terra TLR"},"content":{"rendered":"<p>Para controlar en los senderos m\u00e1s exigentes, el Terra TLR es ideal. Su banda central compacta de rodaje r\u00e1pido garantiza eficiencia y velocidad, y los tacos laterales m\u00e1s anchos ofrecen una conducci\u00f3n y agarre predecible en terrenos exigentes.  El compuesto T5 adherente equilibra velocidad y tracci\u00f3n, y la resistente carcasa TLR de rodaje r\u00e1pido acelera como un rel\u00e1mpago con mejor rendimiento en ascensos, mientras se olvida de los pinchazos. Para senderos menos explorados, el Terra es la opci\u00f3n perfecta. <\/p>\n<ul>\n<li>Uso &#8211; Gravel todoterreno<\/li>\n<li>Terreno &#8211; Gravel con terreno suelto y rocoso<\/li>\n<li>Carca\u00e7a Carca\u00e7a TLR 60TPI de 3 camadas, sem c\u00e2mara de ar<\/li>\n<li>Comp\u00f3sito &#8211; GRIPTON T5<\/li>\n<li>Combina\u00e7\u00e3o de rodas recomendadaRoval Terra<\/li>\n<li>Peso aproximado &#8211; 700x45c, 500g, 700x50c, 560g.<\/li>\n<\/ul>\n","protected":false},"excerpt":{"rendered":"<p>Para controlar en los senderos m\u00e1s exigentes, el Terra TLR es ideal. Su banda central compacta de rodaje r\u00e1pido garantiza eficiencia y velocidad, y los tacos laterales m\u00e1s anchos ofrecen una conducci\u00f3n y agarre predecible en terrenos exigentes. <\/p>\n","protected":false},"featured_media":405496,"comment_status":"open","ping_status":"closed","template":"","meta":{"_acf_changed":false,"_et_pb_use_builder":"","_et_pb_old_content":"","_et_gb_content_width":"","inline_featured_image":false},"product_brand":[],"product_cat":[379,381],"product_tag":[],"class_list":{"0":"post-430235","1":"product","2":"type-product","3":"status-publish","4":"has-post-thumbnail","6":"product_cat-componentes-pt-pt","7":"product_cat-pneus-e-camaras-de-ar","8":"pa_tamanos-700x45-pt-pt","9":"pa_tamanos-700x50-pt-pt","11":"first","12":"instock","13":"taxable","14":"shipping-taxable","15":"purchasable","16":"product-type-variable","17":"wvs-archive-product-wrapper"},"acf":[],"yoast_head":"<!-- This site is optimized with the Yoast SEO Premium plugin v26.7 (Yoast SEO v26.7) - https:\/\/yoast.com\/wordpress\/plugins\/seo\/ -->\n<title>Specialized Neum\u00e1tico de gravel y trail Terra TLR Gr-100<\/title>\n<meta name=\"description\" content=\"Para controlar en los senderos m\u00e1s exigentes, el Terra TLR es ideal. Su banda central compacta de rodaje r\u00e1pido garantiza eficiencia y velocidad,\" \/>\n<meta name=\"robots\" content=\"index, follow, max-snippet:-1, max-image-preview:large, max-video-preview:-1\" \/>\n<link rel=\"canonical\" href=\"https:\/\/gr-100.com\/pt-pt\/producto\/specialized-neumatico-de-gravel-y-trail-terra-tlr\/\" \/>\n<meta property=\"og:locale\" content=\"pt_PT\" \/>\n<meta property=\"og:type\" content=\"article\" \/>\n<meta property=\"og:title\" content=\"Specialized Neum\u00e1tico de gravel y trail Terra TLR\" \/>\n<meta property=\"og:description\" content=\"Para controlar en los senderos m\u00e1s exigentes, el Terra TLR es ideal. Su banda central compacta de rodaje r\u00e1pido garantiza eficiencia y velocidad,\" \/>\n<meta property=\"og:url\" content=\"https:\/\/gr-100.com\/pt-pt\/producto\/specialized-neumatico-de-gravel-y-trail-terra-tlr\/\" \/>\n<meta property=\"og:site_name\" content=\"Gr-100 Tienda de ciclismo Specialized\" \/>\n<meta property=\"article:publisher\" content=\"https:\/\/www.facebook.com\/Gr100Bikes\" \/>\n<meta property=\"og:image\" content=\"https:\/\/gr-100.com\/wp-content\/uploads\/2025\/04\/gravel-y-trail-terra-2-2.jpg\" \/>\n\t<meta property=\"og:image:width\" content=\"1000\" \/>\n\t<meta property=\"og:image:height\" content=\"1000\" \/>\n\t<meta property=\"og:image:type\" content=\"image\/jpeg\" \/>\n<meta name=\"twitter:card\" content=\"summary_large_image\" \/>\n<meta name=\"twitter:label1\" content=\"Tempo estimado de leitura\" \/>\n\t<meta name=\"twitter:data1\" content=\"1 minuto\" \/>\n<script type=\"application\/ld+json\" class=\"yoast-schema-graph\">{\"@context\":\"https:\/\/schema.org\",\"@graph\":[{\"@type\":\"WebPage\",\"@id\":\"https:\/\/gr-100.com\/pt-pt\/producto\/specialized-neumatico-de-gravel-y-trail-terra-tlr\/\",\"url\":\"https:\/\/gr-100.com\/pt-pt\/producto\/specialized-neumatico-de-gravel-y-trail-terra-tlr\/\",\"name\":\"Specialized Neum\u00e1tico de gravel y trail Terra TLR Gr-100\",\"isPartOf\":{\"@id\":\"https:\/\/gr-100.com\/#website\"},\"primaryImageOfPage\":{\"@id\":\"https:\/\/gr-100.com\/pt-pt\/producto\/specialized-neumatico-de-gravel-y-trail-terra-tlr\/#primaryimage\"},\"image\":{\"@id\":\"https:\/\/gr-100.com\/pt-pt\/producto\/specialized-neumatico-de-gravel-y-trail-terra-tlr\/#primaryimage\"},\"thumbnailUrl\":\"https:\/\/gr-100.com\/wp-content\/uploads\/2025\/04\/gravel-y-trail-terra-2-2.jpg\",\"datePublished\":\"2025-04-02T09:32:25+00:00\",\"description\":\"Para controlar en los senderos m\u00e1s exigentes, el Terra TLR es ideal. Su banda central compacta de rodaje r\u00e1pido garantiza eficiencia y velocidad,\",\"breadcrumb\":{\"@id\":\"https:\/\/gr-100.com\/pt-pt\/producto\/specialized-neumatico-de-gravel-y-trail-terra-tlr\/#breadcrumb\"},\"inLanguage\":\"pt-PT\",\"potentialAction\":[{\"@type\":\"ReadAction\",\"target\":[\"https:\/\/gr-100.com\/pt-pt\/producto\/specialized-neumatico-de-gravel-y-trail-terra-tlr\/\"]}]},{\"@type\":\"ImageObject\",\"inLanguage\":\"pt-PT\",\"@id\":\"https:\/\/gr-100.com\/pt-pt\/producto\/specialized-neumatico-de-gravel-y-trail-terra-tlr\/#primaryimage\",\"url\":\"https:\/\/gr-100.com\/wp-content\/uploads\/2025\/04\/gravel-y-trail-terra-2-2.jpg\",\"contentUrl\":\"https:\/\/gr-100.com\/wp-content\/uploads\/2025\/04\/gravel-y-trail-terra-2-2.jpg\",\"width\":1000,\"height\":1000},{\"@type\":\"BreadcrumbList\",\"@id\":\"https:\/\/gr-100.com\/pt-pt\/producto\/specialized-neumatico-de-gravel-y-trail-terra-tlr\/#breadcrumb\",\"itemListElement\":[{\"@type\":\"ListItem\",\"position\":1,\"name\":\"Portada\",\"item\":\"https:\/\/gr-100.com\/en\/\"},{\"@type\":\"ListItem\",\"position\":2,\"name\":\"Productos\",\"item\":\"https:\/\/gr-100.com\/?post_type=product\"},{\"@type\":\"ListItem\",\"position\":3,\"name\":\"Specialized Neum\u00e1tico de gravel y trail Terra TLR\"}]},{\"@type\":\"WebSite\",\"@id\":\"https:\/\/gr-100.com\/#website\",\"url\":\"https:\/\/gr-100.com\/\",\"name\":\"Gr-100 Tienda de ciclismo Specialized\",\"description\":\"GR-100 tenemos todas las gamas de bicicletas Specialized al mejor precio.\",\"publisher\":{\"@id\":\"https:\/\/gr-100.com\/#organization\"},\"alternateName\":\"Gr-100 Bikes\",\"potentialAction\":[{\"@type\":\"SearchAction\",\"target\":{\"@type\":\"EntryPoint\",\"urlTemplate\":\"https:\/\/gr-100.com\/?s={search_term_string}\"},\"query-input\":{\"@type\":\"PropertyValueSpecification\",\"valueRequired\":true,\"valueName\":\"search_term_string\"}}],\"inLanguage\":\"pt-PT\"},{\"@type\":\"Organization\",\"@id\":\"https:\/\/gr-100.com\/#organization\",\"name\":\"Gr-100\",\"url\":\"https:\/\/gr-100.com\/\",\"logo\":{\"@type\":\"ImageObject\",\"inLanguage\":\"pt-PT\",\"@id\":\"https:\/\/gr-100.com\/#\/schema\/logo\/image\/\",\"url\":\"https:\/\/gr-100.com\/wp-content\/uploads\/2023\/08\/logo-gr-100-bikes.png\",\"contentUrl\":\"https:\/\/gr-100.com\/wp-content\/uploads\/2023\/08\/logo-gr-100-bikes.png\",\"width\":707,\"height\":284,\"caption\":\"Gr-100\"},\"image\":{\"@id\":\"https:\/\/gr-100.com\/#\/schema\/logo\/image\/\"},\"sameAs\":[\"https:\/\/www.facebook.com\/Gr100Bikes\",\"https:\/\/www.instagram.com\/gr100bikes\/\",\"https:\/\/www.tiktok.com\/@gr100bikes\",\"https:\/\/twitter.com\/gr100mtbteam\",\"https:\/\/www.youtube.com\/c\/GR100Specialized\"]}]}<\/script>\n<!-- \/ Yoast SEO Premium plugin. -->","yoast_head_json":{"title":"Specialized Neum\u00e1tico de gravel y trail Terra TLR Gr-100","description":"Para controlar en los senderos m\u00e1s exigentes, el Terra TLR es ideal. Su banda central compacta de rodaje r\u00e1pido garantiza eficiencia y velocidad,","robots":{"index":"index","follow":"follow","max-snippet":"max-snippet:-1","max-image-preview":"max-image-preview:large","max-video-preview":"max-video-preview:-1"},"canonical":"https:\/\/gr-100.com\/pt-pt\/producto\/specialized-neumatico-de-gravel-y-trail-terra-tlr\/","og_locale":"pt_PT","og_type":"article","og_title":"Specialized Neum\u00e1tico de gravel y trail Terra TLR","og_description":"Para controlar en los senderos m\u00e1s exigentes, el Terra TLR es ideal. Su banda central compacta de rodaje r\u00e1pido garantiza eficiencia y velocidad,","og_url":"https:\/\/gr-100.com\/pt-pt\/producto\/specialized-neumatico-de-gravel-y-trail-terra-tlr\/","og_site_name":"Gr-100 Tienda de ciclismo Specialized","article_publisher":"https:\/\/www.facebook.com\/Gr100Bikes","og_image":[{"width":1000,"height":1000,"url":"https:\/\/gr-100.com\/wp-content\/uploads\/2025\/04\/gravel-y-trail-terra-2-2.jpg","type":"image\/jpeg"}],"twitter_card":"summary_large_image","twitter_misc":{"Tempo estimado de leitura":"1 minuto"},"schema":{"@context":"https:\/\/schema.org","@graph":[{"@type":"WebPage","@id":"https:\/\/gr-100.com\/pt-pt\/producto\/specialized-neumatico-de-gravel-y-trail-terra-tlr\/","url":"https:\/\/gr-100.com\/pt-pt\/producto\/specialized-neumatico-de-gravel-y-trail-terra-tlr\/","name":"Specialized Neum\u00e1tico de gravel y trail Terra TLR Gr-100","isPartOf":{"@id":"https:\/\/gr-100.com\/#website"},"primaryImageOfPage":{"@id":"https:\/\/gr-100.com\/pt-pt\/producto\/specialized-neumatico-de-gravel-y-trail-terra-tlr\/#primaryimage"},"image":{"@id":"https:\/\/gr-100.com\/pt-pt\/producto\/specialized-neumatico-de-gravel-y-trail-terra-tlr\/#primaryimage"},"thumbnailUrl":"https:\/\/gr-100.com\/wp-content\/uploads\/2025\/04\/gravel-y-trail-terra-2-2.jpg","datePublished":"2025-04-02T09:32:25+00:00","description":"Para controlar en los senderos m\u00e1s exigentes, el Terra TLR es ideal. Su banda central compacta de rodaje r\u00e1pido garantiza eficiencia y velocidad,","breadcrumb":{"@id":"https:\/\/gr-100.com\/pt-pt\/producto\/specialized-neumatico-de-gravel-y-trail-terra-tlr\/#breadcrumb"},"inLanguage":"pt-PT","potentialAction":[{"@type":"ReadAction","target":["https:\/\/gr-100.com\/pt-pt\/producto\/specialized-neumatico-de-gravel-y-trail-terra-tlr\/"]}]},{"@type":"ImageObject","inLanguage":"pt-PT","@id":"https:\/\/gr-100.com\/pt-pt\/producto\/specialized-neumatico-de-gravel-y-trail-terra-tlr\/#primaryimage","url":"https:\/\/gr-100.com\/wp-content\/uploads\/2025\/04\/gravel-y-trail-terra-2-2.jpg","contentUrl":"https:\/\/gr-100.com\/wp-content\/uploads\/2025\/04\/gravel-y-trail-terra-2-2.jpg","width":1000,"height":1000},{"@type":"BreadcrumbList","@id":"https:\/\/gr-100.com\/pt-pt\/producto\/specialized-neumatico-de-gravel-y-trail-terra-tlr\/#breadcrumb","itemListElement":[{"@type":"ListItem","position":1,"name":"Portada","item":"https:\/\/gr-100.com\/en\/"},{"@type":"ListItem","position":2,"name":"Productos","item":"https:\/\/gr-100.com\/?post_type=product"},{"@type":"ListItem","position":3,"name":"Specialized Neum\u00e1tico de gravel y trail Terra TLR"}]},{"@type":"WebSite","@id":"https:\/\/gr-100.com\/#website","url":"https:\/\/gr-100.com\/","name":"Gr-100 Tienda de ciclismo Specialized","description":"GR-100 tenemos todas las gamas de bicicletas Specialized al mejor precio.","publisher":{"@id":"https:\/\/gr-100.com\/#organization"},"alternateName":"Gr-100 Bikes","potentialAction":[{"@type":"SearchAction","target":{"@type":"EntryPoint","urlTemplate":"https:\/\/gr-100.com\/?s={search_term_string}"},"query-input":{"@type":"PropertyValueSpecification","valueRequired":true,"valueName":"search_term_string"}}],"inLanguage":"pt-PT"},{"@type":"Organization","@id":"https:\/\/gr-100.com\/#organization","name":"Gr-100","url":"https:\/\/gr-100.com\/","logo":{"@type":"ImageObject","inLanguage":"pt-PT","@id":"https:\/\/gr-100.com\/#\/schema\/logo\/image\/","url":"https:\/\/gr-100.com\/wp-content\/uploads\/2023\/08\/logo-gr-100-bikes.png","contentUrl":"https:\/\/gr-100.com\/wp-content\/uploads\/2023\/08\/logo-gr-100-bikes.png","width":707,"height":284,"caption":"Gr-100"},"image":{"@id":"https:\/\/gr-100.com\/#\/schema\/logo\/image\/"},"sameAs":["https:\/\/www.facebook.com\/Gr100Bikes","https:\/\/www.instagram.com\/gr100bikes\/","https:\/\/www.tiktok.com\/@gr100bikes","https:\/\/twitter.com\/gr100mtbteam","https:\/\/www.youtube.com\/c\/GR100Specialized"]}]}},"_links":{"self":[{"href":"https:\/\/gr-100.com\/pt-pt\/wp-json\/wp\/v2\/product\/430235","targetHints":{"allow":["GET"]}}],"collection":[{"href":"https:\/\/gr-100.com\/pt-pt\/wp-json\/wp\/v2\/product"}],"about":[{"href":"https:\/\/gr-100.com\/pt-pt\/wp-json\/wp\/v2\/types\/product"}],"replies":[{"embeddable":true,"href":"https:\/\/gr-100.com\/pt-pt\/wp-json\/wp\/v2\/comments?post=430235"}],"wp:featuredmedia":[{"embeddable":true,"href":"https:\/\/gr-100.com\/pt-pt\/wp-json\/wp\/v2\/media\/405496"}],"wp:attachment":[{"href":"https:\/\/gr-100.com\/pt-pt\/wp-json\/wp\/v2\/media?parent=430235"}],"wp:term":[{"taxonomy":"product_brand","embeddable":true,"href":"https:\/\/gr-100.com\/pt-pt\/wp-json\/wp\/v2\/product_brand?post=430235"},{"taxonomy":"product_cat","embeddable":true,"href":"https:\/\/gr-100.com\/pt-pt\/wp-json\/wp\/v2\/product_cat?post=430235"},{"taxonomy":"product_tag","embeddable":true,"href":"https:\/\/gr-100.com\/pt-pt\/wp-json\/wp\/v2\/product_tag?post=430235"}],"curies":[{"name":"wp","href":"https:\/\/api.w.org\/{rel}","templated":true}]}}