{"id":430344,"date":"2024-07-01T14:28:32","date_gmt":"2024-07-01T13:28:32","guid":{"rendered":"https:\/\/gr-100.com\/producto\/specialized-2fo-roost-flat-canvas\/"},"modified":"2024-07-01T14:28:32","modified_gmt":"2024-07-01T12:28:32","slug":"specialized-2fo-roost-flat-canvas","status":"publish","type":"product","link":"https:\/\/gr-100.com\/pt-pt\/producto\/specialized-2fo-roost-flat-canvas\/","title":{"rendered":"Specialized 2FO Roost Flat Canvas"},"content":{"rendered":"<ul>\n<li>O nosso arco longitudinal Body Geometry, o bot\u00e3o metat\u00e1rsico e a cunha em varo trabalham em conjunto para aumentar a efici\u00eancia, otimizar o alinhamento da anca, do joelho e do p\u00e9 e reduzir o risco de les\u00f5es.<\/li>\n<li>Sola exterior de borracha SlipNot\u2122 ST para uma boa ader\u00eancia e sensa\u00e7\u00e3o nos pedais de plataforma.<\/li>\n<li>A parte superior em lona \u00e9 confort\u00e1vel nos dias quentes nos trilhos e foi concebida para durar.<\/li>\n<li>Sola interm\u00e9dia em EVA para conforto, absor\u00e7\u00e3o de choques e estabilidade.<\/li>\n<li>Ajuste descontra\u00eddo para encontrar um bom equil\u00edbrio entre a sensa\u00e7\u00e3o de pedalar e o conforto quando sais da bicicleta.<\/li>\n<li>Peso aprox. 360 g (1\/2 par, tamanho 42)<\/li>\n<\/ul>\n","protected":false},"excerpt":{"rendered":"<p>N\u00e3o h\u00e1 nada como a lona para manter os teus p\u00e9s frescos durante as rondas de fogo ou para os pendurares depois de andares. Os 2FO Roost Canvas combinam uma parte superior em lona dur\u00e1vel com uma entressola em espuma EVA almofadada e um ajuste descontra\u00eddo para criar umas sapatilhas altamente ventiladas. A nossa sola exterior de borracha SlipNot\u2122 ST oferece uma ader\u00eancia inigual\u00e1vel e um compromisso com o pedal para te manter em pleno controlo nos jardins de pedra mais dif\u00edceis, fazendo das 2FO Roost Canvas umas sapatilhas de trail confort\u00e1veis, mas com estilo, fora da bicicleta.  <\/p>\n","protected":false},"featured_media":306170,"comment_status":"closed","ping_status":"closed","template":"","meta":{"_acf_changed":false,"_et_pb_use_builder":"","_et_pb_old_content":"","_et_gb_content_width":"","inline_featured_image":false},"product_brand":[],"product_cat":[4353,361,371,392,5067,2696,403],"product_tag":[],"class_list":{"0":"post-430344","1":"product","2":"type-product","3":"status-publish","4":"has-post-thumbnail","6":"product_cat-liquidacion-specialized","7":"product_cat-acessorios","8":"product_cat-sapatilhas","9":"product_cat-equipamento","10":"product_cat-equipamento-de-saida","11":"product_cat-ofertas-especializadas","12":"product_cat-outlet-pt-pt","13":"product_shipping_class-acessorios","15":"first","16":"instock","17":"sale","18":"taxable","19":"shipping-taxable","20":"purchasable","21":"product-type-variable","22":"wvs-archive-product-wrapper"},"acf":[],"yoast_head":"<!-- This site is optimized with the Yoast SEO Premium plugin v26.7 (Yoast SEO v26.7) - https:\/\/yoast.com\/wordpress\/plugins\/seo\/ -->\n<title>Specialized 2FO Roost Flat Canvas GR-100 Bicicletas<\/title>\n<meta name=\"description\" content=\"Combinam uma parte superior em lona dur\u00e1vel com uma sola interm\u00e9dia em EVA almofadada e um ajuste descontra\u00eddo para criar um sapato altamente ventilado.\" \/>\n<meta name=\"robots\" content=\"index, follow, max-snippet:-1, max-image-preview:large, max-video-preview:-1\" \/>\n<link rel=\"canonical\" href=\"https:\/\/gr-100.com\/pt-pt\/producto\/specialized-2fo-roost-flat-canvas\/\" \/>\n<meta property=\"og:locale\" content=\"pt_PT\" \/>\n<meta property=\"og:type\" content=\"article\" \/>\n<meta property=\"og:title\" content=\"Specialized 2FO Roost Flat Canvas\" \/>\n<meta property=\"og:description\" content=\"Combinam uma parte superior em lona dur\u00e1vel com uma sola interm\u00e9dia em EVA almofadada e um ajuste descontra\u00eddo para criar um sapato altamente ventilado.\" \/>\n<meta property=\"og:url\" content=\"https:\/\/gr-100.com\/pt-pt\/producto\/specialized-2fo-roost-flat-canvas\/\" \/>\n<meta property=\"og:site_name\" content=\"Gr-100 Tienda de ciclismo Specialized\" \/>\n<meta property=\"article:publisher\" content=\"https:\/\/www.facebook.com\/Gr100Bikes\" \/>\n<meta property=\"og:image\" content=\"https:\/\/gr-100.com\/wp-content\/uploads\/2024\/05\/My-project-2024-01-25T114107.906.jpeg\" \/>\n\t<meta property=\"og:image:width\" content=\"1000\" \/>\n\t<meta property=\"og:image:height\" content=\"1000\" \/>\n\t<meta property=\"og:image:type\" content=\"image\/jpeg\" \/>\n<meta name=\"twitter:card\" content=\"summary_large_image\" \/>\n<meta name=\"twitter:label1\" content=\"Tempo estimado de leitura\" \/>\n\t<meta name=\"twitter:data1\" content=\"1 minuto\" \/>\n<script type=\"application\/ld+json\" class=\"yoast-schema-graph\">{\"@context\":\"https:\/\/schema.org\",\"@graph\":[{\"@type\":\"WebPage\",\"@id\":\"https:\/\/gr-100.com\/pt-pt\/producto\/specialized-2fo-roost-flat-canvas\/\",\"url\":\"https:\/\/gr-100.com\/pt-pt\/producto\/specialized-2fo-roost-flat-canvas\/\",\"name\":\"Specialized 2FO Roost Flat Canvas GR-100 Bicicletas\",\"isPartOf\":{\"@id\":\"https:\/\/gr-100.com\/#website\"},\"primaryImageOfPage\":{\"@id\":\"https:\/\/gr-100.com\/pt-pt\/producto\/specialized-2fo-roost-flat-canvas\/#primaryimage\"},\"image\":{\"@id\":\"https:\/\/gr-100.com\/pt-pt\/producto\/specialized-2fo-roost-flat-canvas\/#primaryimage\"},\"thumbnailUrl\":\"https:\/\/gr-100.com\/wp-content\/uploads\/2024\/05\/My-project-2024-01-25T114107.906.jpeg\",\"datePublished\":\"2024-07-01T13:28:32+00:00\",\"description\":\"Combinam uma parte superior em lona dur\u00e1vel com uma sola interm\u00e9dia em EVA almofadada e um ajuste descontra\u00eddo para criar um sapato altamente ventilado.\",\"breadcrumb\":{\"@id\":\"https:\/\/gr-100.com\/pt-pt\/producto\/specialized-2fo-roost-flat-canvas\/#breadcrumb\"},\"inLanguage\":\"pt-PT\",\"potentialAction\":[{\"@type\":\"ReadAction\",\"target\":[\"https:\/\/gr-100.com\/pt-pt\/producto\/specialized-2fo-roost-flat-canvas\/\"]}]},{\"@type\":\"ImageObject\",\"inLanguage\":\"pt-PT\",\"@id\":\"https:\/\/gr-100.com\/pt-pt\/producto\/specialized-2fo-roost-flat-canvas\/#primaryimage\",\"url\":\"https:\/\/gr-100.com\/wp-content\/uploads\/2024\/05\/My-project-2024-01-25T114107.906.jpeg\",\"contentUrl\":\"https:\/\/gr-100.com\/wp-content\/uploads\/2024\/05\/My-project-2024-01-25T114107.906.jpeg\",\"width\":1000,\"height\":1000},{\"@type\":\"BreadcrumbList\",\"@id\":\"https:\/\/gr-100.com\/pt-pt\/producto\/specialized-2fo-roost-flat-canvas\/#breadcrumb\",\"itemListElement\":[{\"@type\":\"ListItem\",\"position\":1,\"name\":\"Portada\",\"item\":\"https:\/\/gr-100.com\/en\/\"},{\"@type\":\"ListItem\",\"position\":2,\"name\":\"Productos\",\"item\":\"https:\/\/gr-100.com\/?post_type=product\"},{\"@type\":\"ListItem\",\"position\":3,\"name\":\"Specialized 2FO Roost Flat Canvas\"}]},{\"@type\":\"WebSite\",\"@id\":\"https:\/\/gr-100.com\/#website\",\"url\":\"https:\/\/gr-100.com\/\",\"name\":\"Gr-100 Tienda de ciclismo Specialized\",\"description\":\"GR-100 tenemos todas las gamas de bicicletas Specialized al mejor precio.\",\"publisher\":{\"@id\":\"https:\/\/gr-100.com\/#organization\"},\"alternateName\":\"Gr-100 Bikes\",\"potentialAction\":[{\"@type\":\"SearchAction\",\"target\":{\"@type\":\"EntryPoint\",\"urlTemplate\":\"https:\/\/gr-100.com\/?s={search_term_string}\"},\"query-input\":{\"@type\":\"PropertyValueSpecification\",\"valueRequired\":true,\"valueName\":\"search_term_string\"}}],\"inLanguage\":\"pt-PT\"},{\"@type\":\"Organization\",\"@id\":\"https:\/\/gr-100.com\/#organization\",\"name\":\"Gr-100\",\"url\":\"https:\/\/gr-100.com\/\",\"logo\":{\"@type\":\"ImageObject\",\"inLanguage\":\"pt-PT\",\"@id\":\"https:\/\/gr-100.com\/#\/schema\/logo\/image\/\",\"url\":\"https:\/\/gr-100.com\/wp-content\/uploads\/2023\/08\/logo-gr-100-bikes.png\",\"contentUrl\":\"https:\/\/gr-100.com\/wp-content\/uploads\/2023\/08\/logo-gr-100-bikes.png\",\"width\":707,\"height\":284,\"caption\":\"Gr-100\"},\"image\":{\"@id\":\"https:\/\/gr-100.com\/#\/schema\/logo\/image\/\"},\"sameAs\":[\"https:\/\/www.facebook.com\/Gr100Bikes\",\"https:\/\/www.instagram.com\/gr100bikes\/\",\"https:\/\/www.tiktok.com\/@gr100bikes\",\"https:\/\/twitter.com\/gr100mtbteam\",\"https:\/\/www.youtube.com\/c\/GR100Specialized\"]}]}<\/script>\n<!-- \/ Yoast SEO Premium plugin. -->","yoast_head_json":{"title":"Specialized 2FO Roost Flat Canvas GR-100 Bicicletas","description":"Combinam uma parte superior em lona dur\u00e1vel com uma sola interm\u00e9dia em EVA almofadada e um ajuste descontra\u00eddo para criar um sapato altamente ventilado.","robots":{"index":"index","follow":"follow","max-snippet":"max-snippet:-1","max-image-preview":"max-image-preview:large","max-video-preview":"max-video-preview:-1"},"canonical":"https:\/\/gr-100.com\/pt-pt\/producto\/specialized-2fo-roost-flat-canvas\/","og_locale":"pt_PT","og_type":"article","og_title":"Specialized 2FO Roost Flat Canvas","og_description":"Combinam uma parte superior em lona dur\u00e1vel com uma sola interm\u00e9dia em EVA almofadada e um ajuste descontra\u00eddo para criar um sapato altamente ventilado.","og_url":"https:\/\/gr-100.com\/pt-pt\/producto\/specialized-2fo-roost-flat-canvas\/","og_site_name":"Gr-100 Tienda de ciclismo Specialized","article_publisher":"https:\/\/www.facebook.com\/Gr100Bikes","og_image":[{"width":1000,"height":1000,"url":"https:\/\/gr-100.com\/wp-content\/uploads\/2024\/05\/My-project-2024-01-25T114107.906.jpeg","type":"image\/jpeg"}],"twitter_card":"summary_large_image","twitter_misc":{"Tempo estimado de leitura":"1 minuto"},"schema":{"@context":"https:\/\/schema.org","@graph":[{"@type":"WebPage","@id":"https:\/\/gr-100.com\/pt-pt\/producto\/specialized-2fo-roost-flat-canvas\/","url":"https:\/\/gr-100.com\/pt-pt\/producto\/specialized-2fo-roost-flat-canvas\/","name":"Specialized 2FO Roost Flat Canvas GR-100 Bicicletas","isPartOf":{"@id":"https:\/\/gr-100.com\/#website"},"primaryImageOfPage":{"@id":"https:\/\/gr-100.com\/pt-pt\/producto\/specialized-2fo-roost-flat-canvas\/#primaryimage"},"image":{"@id":"https:\/\/gr-100.com\/pt-pt\/producto\/specialized-2fo-roost-flat-canvas\/#primaryimage"},"thumbnailUrl":"https:\/\/gr-100.com\/wp-content\/uploads\/2024\/05\/My-project-2024-01-25T114107.906.jpeg","datePublished":"2024-07-01T13:28:32+00:00","description":"Combinam uma parte superior em lona dur\u00e1vel com uma sola interm\u00e9dia em EVA almofadada e um ajuste descontra\u00eddo para criar um sapato altamente ventilado.","breadcrumb":{"@id":"https:\/\/gr-100.com\/pt-pt\/producto\/specialized-2fo-roost-flat-canvas\/#breadcrumb"},"inLanguage":"pt-PT","potentialAction":[{"@type":"ReadAction","target":["https:\/\/gr-100.com\/pt-pt\/producto\/specialized-2fo-roost-flat-canvas\/"]}]},{"@type":"ImageObject","inLanguage":"pt-PT","@id":"https:\/\/gr-100.com\/pt-pt\/producto\/specialized-2fo-roost-flat-canvas\/#primaryimage","url":"https:\/\/gr-100.com\/wp-content\/uploads\/2024\/05\/My-project-2024-01-25T114107.906.jpeg","contentUrl":"https:\/\/gr-100.com\/wp-content\/uploads\/2024\/05\/My-project-2024-01-25T114107.906.jpeg","width":1000,"height":1000},{"@type":"BreadcrumbList","@id":"https:\/\/gr-100.com\/pt-pt\/producto\/specialized-2fo-roost-flat-canvas\/#breadcrumb","itemListElement":[{"@type":"ListItem","position":1,"name":"Portada","item":"https:\/\/gr-100.com\/en\/"},{"@type":"ListItem","position":2,"name":"Productos","item":"https:\/\/gr-100.com\/?post_type=product"},{"@type":"ListItem","position":3,"name":"Specialized 2FO Roost Flat Canvas"}]},{"@type":"WebSite","@id":"https:\/\/gr-100.com\/#website","url":"https:\/\/gr-100.com\/","name":"Gr-100 Tienda de ciclismo Specialized","description":"GR-100 tenemos todas las gamas de bicicletas Specialized al mejor precio.","publisher":{"@id":"https:\/\/gr-100.com\/#organization"},"alternateName":"Gr-100 Bikes","potentialAction":[{"@type":"SearchAction","target":{"@type":"EntryPoint","urlTemplate":"https:\/\/gr-100.com\/?s={search_term_string}"},"query-input":{"@type":"PropertyValueSpecification","valueRequired":true,"valueName":"search_term_string"}}],"inLanguage":"pt-PT"},{"@type":"Organization","@id":"https:\/\/gr-100.com\/#organization","name":"Gr-100","url":"https:\/\/gr-100.com\/","logo":{"@type":"ImageObject","inLanguage":"pt-PT","@id":"https:\/\/gr-100.com\/#\/schema\/logo\/image\/","url":"https:\/\/gr-100.com\/wp-content\/uploads\/2023\/08\/logo-gr-100-bikes.png","contentUrl":"https:\/\/gr-100.com\/wp-content\/uploads\/2023\/08\/logo-gr-100-bikes.png","width":707,"height":284,"caption":"Gr-100"},"image":{"@id":"https:\/\/gr-100.com\/#\/schema\/logo\/image\/"},"sameAs":["https:\/\/www.facebook.com\/Gr100Bikes","https:\/\/www.instagram.com\/gr100bikes\/","https:\/\/www.tiktok.com\/@gr100bikes","https:\/\/twitter.com\/gr100mtbteam","https:\/\/www.youtube.com\/c\/GR100Specialized"]}]}},"_links":{"self":[{"href":"https:\/\/gr-100.com\/pt-pt\/wp-json\/wp\/v2\/product\/430344","targetHints":{"allow":["GET"]}}],"collection":[{"href":"https:\/\/gr-100.com\/pt-pt\/wp-json\/wp\/v2\/product"}],"about":[{"href":"https:\/\/gr-100.com\/pt-pt\/wp-json\/wp\/v2\/types\/product"}],"replies":[{"embeddable":true,"href":"https:\/\/gr-100.com\/pt-pt\/wp-json\/wp\/v2\/comments?post=430344"}],"wp:featuredmedia":[{"embeddable":true,"href":"https:\/\/gr-100.com\/pt-pt\/wp-json\/wp\/v2\/media\/306170"}],"wp:attachment":[{"href":"https:\/\/gr-100.com\/pt-pt\/wp-json\/wp\/v2\/media?parent=430344"}],"wp:term":[{"taxonomy":"product_brand","embeddable":true,"href":"https:\/\/gr-100.com\/pt-pt\/wp-json\/wp\/v2\/product_brand?post=430344"},{"taxonomy":"product_cat","embeddable":true,"href":"https:\/\/gr-100.com\/pt-pt\/wp-json\/wp\/v2\/product_cat?post=430344"},{"taxonomy":"product_tag","embeddable":true,"href":"https:\/\/gr-100.com\/pt-pt\/wp-json\/wp\/v2\/product_tag?post=430344"}],"curies":[{"name":"wp","href":"https:\/\/api.w.org\/{rel}","templated":true}]}}