{"id":430351,"date":"2024-07-01T14:02:36","date_gmt":"2024-07-01T12:02:36","guid":{"rendered":"https:\/\/gr-100.com\/producto\/bicicleta-de-montanha-specialized-rime-flat\/"},"modified":"2026-01-22T14:34:43","modified_gmt":"2026-01-22T12:34:43","slug":"bicicleta-de-montanha-specialized-rime-flat","status":"publish","type":"product","link":"https:\/\/gr-100.com\/pt-pt\/producto\/bicicleta-de-montanha-specialized-rime-flat\/","title":{"rendered":"Bicicleta de montanha Specialized Rime Flat"},"content":{"rendered":"<ul class=\"bullet_points\">\n<li class=\"bullet_item\">Constru\u00eddo com um objetivo. Apoiado pela ci\u00eancia.  O nosso arco longitudinal Body Geometry, o bot\u00e3o metat\u00e1rsico e a cunha em varo trabalham em conjunto para aumentar a efici\u00eancia, otimizar o alinhamento da anca, do joelho e do p\u00e9 e reduzir o risco de les\u00f5es.<\/li>\n<li class=\"bullet_item\">A parte superior em malha soldada e TPU elimina as costuras e foi concebida para ser dur\u00e1vel.<\/li>\n<li class=\"bullet_item\">Sola exterior de borracha SlipNot\u2122 ST para maior ader\u00eancia em pedais planos.<\/li>\n<li class=\"bullet_item\">O tecido X-PEL\u2122 repelente de \u00e1gua reduz a absor\u00e7\u00e3o de \u00e1gua e melhora significativamente o tempo de secagem.<\/li>\n<li class=\"bullet_item\">Sola interm\u00e9dia almofadada em EVA para conforto, absor\u00e7\u00e3o de choques e estabilidade.<\/li>\n<li class=\"bullet_item\">Ajuste descontra\u00eddo para encontrar um bom equil\u00edbrio entre a sensa\u00e7\u00e3o de pedalar e o conforto quando sais da bicicleta.<\/li>\n<li class=\"bullet_item\">Peso aproximado: 386,5 gramas<\/li>\n<\/ul>\n","protected":false},"excerpt":{"rendered":"<p>Ciclista de montanha, alpinista, guia, explorador. Para aqueles que andam de bicicleta e caminham, ou caminham e andam de bicicleta, ou simplesmente v\u00e3o para fora da estrada, cri\u00e1mos o Rime Flat. Um sapato de aproxima\u00e7\u00e3o especificamente para o ciclista de trail, concebido para o desempenho tanto a p\u00e9 como de bicicleta.  <\/p>\n<p>A sola de borracha patenteada SlipNot\u2122 SuperTacky\u2122 foi desenvolvida para atingir o equil\u00edbrio perfeito entre a ader\u00eancia ao pedal e a marcha. Para te ajudar a subir trilhos \u00edngremes ou complicados, inclu\u00edmos uma sec\u00e7\u00e3o flex\u00edvel na biqueira que facilita a marcha, permitindo-te colocar o p\u00e9 no ch\u00e3o para empurrar a bicicleta. <\/p>\n","protected":false},"featured_media":305060,"comment_status":"closed","ping_status":"closed","template":"","meta":{"_acf_changed":false,"_et_pb_use_builder":"","_et_pb_old_content":"","_et_gb_content_width":"","inline_featured_image":false},"product_brand":[],"product_cat":[361,371,2460,403],"product_tag":[],"class_list":{"0":"post-430351","1":"product","2":"type-product","3":"status-publish","4":"has-post-thumbnail","6":"product_cat-acessorios","7":"product_cat-sapatilhas","8":"product_cat-ofertas-pt-pt","9":"product_cat-outlet-pt-pt","10":"product_shipping_class-acessorios","12":"first","13":"outofstock","14":"taxable","15":"shipping-taxable","16":"product-type-variable","17":"wvs-archive-product-wrapper"},"acf":[],"yoast_head":"<!-- This site is optimized with the Yoast SEO Premium plugin v26.7 (Yoast SEO v26.7) - https:\/\/yoast.com\/wordpress\/plugins\/seo\/ -->\n<title>Specialized Turbo Levo 4 Expert<\/title>\n<meta name=\"description\" content=\"Um sapato de aproxima\u00e7\u00e3o espec\u00edfico para o ciclista de trail, concebido para um desempenho tanto a p\u00e9 como de bicicleta.\" \/>\n<meta name=\"robots\" content=\"index, follow, max-snippet:-1, max-image-preview:large, max-video-preview:-1\" \/>\n<link rel=\"canonical\" href=\"https:\/\/gr-100.com\/pt-pt\/producto\/bicicleta-de-montanha-specialized-rime-flat\/\" \/>\n<meta property=\"og:locale\" content=\"pt_PT\" \/>\n<meta property=\"og:type\" content=\"article\" \/>\n<meta property=\"og:title\" content=\"Bicicleta de montanha Specialized Rime Flat\" \/>\n<meta property=\"og:description\" content=\"Um sapato de aproxima\u00e7\u00e3o espec\u00edfico para o ciclista de trail, concebido para um desempenho tanto a p\u00e9 como de bicicleta.\" \/>\n<meta property=\"og:url\" content=\"https:\/\/gr-100.com\/pt-pt\/producto\/bicicleta-de-montanha-specialized-rime-flat\/\" \/>\n<meta property=\"og:site_name\" content=\"Gr-100 Tienda de ciclismo Specialized\" \/>\n<meta property=\"article:publisher\" content=\"https:\/\/www.facebook.com\/Gr100Bikes\" \/>\n<meta property=\"article:modified_time\" content=\"2026-01-22T12:34:43+00:00\" \/>\n<meta property=\"og:image\" content=\"https:\/\/gr-100.com\/wp-content\/uploads\/2024\/05\/My-project-18.jpeg\" \/>\n\t<meta property=\"og:image:width\" content=\"1000\" \/>\n\t<meta property=\"og:image:height\" content=\"1000\" \/>\n\t<meta property=\"og:image:type\" content=\"image\/jpeg\" \/>\n<meta name=\"twitter:card\" content=\"summary_large_image\" \/>\n<meta name=\"twitter:label1\" content=\"Tempo estimado de leitura\" \/>\n\t<meta name=\"twitter:data1\" content=\"1 minuto\" \/>\n<script type=\"application\/ld+json\" class=\"yoast-schema-graph\">{\"@context\":\"https:\/\/schema.org\",\"@graph\":[{\"@type\":\"WebPage\",\"@id\":\"https:\/\/gr-100.com\/pt-pt\/producto\/bicicleta-de-montanha-specialized-rime-flat\/\",\"url\":\"https:\/\/gr-100.com\/pt-pt\/producto\/bicicleta-de-montanha-specialized-rime-flat\/\",\"name\":\"Specialized Turbo Levo 4 Expert\",\"isPartOf\":{\"@id\":\"https:\/\/gr-100.com\/#website\"},\"primaryImageOfPage\":{\"@id\":\"https:\/\/gr-100.com\/pt-pt\/producto\/bicicleta-de-montanha-specialized-rime-flat\/#primaryimage\"},\"image\":{\"@id\":\"https:\/\/gr-100.com\/pt-pt\/producto\/bicicleta-de-montanha-specialized-rime-flat\/#primaryimage\"},\"thumbnailUrl\":\"https:\/\/gr-100.com\/wp-content\/uploads\/2024\/05\/My-project-18.jpeg\",\"datePublished\":\"2024-07-01T12:02:36+00:00\",\"dateModified\":\"2026-01-22T12:34:43+00:00\",\"description\":\"Um sapato de aproxima\u00e7\u00e3o espec\u00edfico para o ciclista de trail, concebido para um desempenho tanto a p\u00e9 como de bicicleta.\",\"breadcrumb\":{\"@id\":\"https:\/\/gr-100.com\/pt-pt\/producto\/bicicleta-de-montanha-specialized-rime-flat\/#breadcrumb\"},\"inLanguage\":\"pt-PT\",\"potentialAction\":[{\"@type\":\"ReadAction\",\"target\":[\"https:\/\/gr-100.com\/pt-pt\/producto\/bicicleta-de-montanha-specialized-rime-flat\/\"]}]},{\"@type\":\"ImageObject\",\"inLanguage\":\"pt-PT\",\"@id\":\"https:\/\/gr-100.com\/pt-pt\/producto\/bicicleta-de-montanha-specialized-rime-flat\/#primaryimage\",\"url\":\"https:\/\/gr-100.com\/wp-content\/uploads\/2024\/05\/My-project-18.jpeg\",\"contentUrl\":\"https:\/\/gr-100.com\/wp-content\/uploads\/2024\/05\/My-project-18.jpeg\",\"width\":1000,\"height\":1000},{\"@type\":\"BreadcrumbList\",\"@id\":\"https:\/\/gr-100.com\/pt-pt\/producto\/bicicleta-de-montanha-specialized-rime-flat\/#breadcrumb\",\"itemListElement\":[{\"@type\":\"ListItem\",\"position\":1,\"name\":\"Portada\",\"item\":\"https:\/\/gr-100.com\/en\/\"},{\"@type\":\"ListItem\",\"position\":2,\"name\":\"Productos\",\"item\":\"https:\/\/gr-100.com\/?post_type=product\"},{\"@type\":\"ListItem\",\"position\":3,\"name\":\"Bicicleta de montanha Specialized Rime Flat\"}]},{\"@type\":\"WebSite\",\"@id\":\"https:\/\/gr-100.com\/#website\",\"url\":\"https:\/\/gr-100.com\/\",\"name\":\"Gr-100 Tienda de ciclismo Specialized\",\"description\":\"GR-100 tenemos todas las gamas de bicicletas Specialized al mejor precio.\",\"publisher\":{\"@id\":\"https:\/\/gr-100.com\/#organization\"},\"alternateName\":\"Gr-100 Bikes\",\"potentialAction\":[{\"@type\":\"SearchAction\",\"target\":{\"@type\":\"EntryPoint\",\"urlTemplate\":\"https:\/\/gr-100.com\/?s={search_term_string}\"},\"query-input\":{\"@type\":\"PropertyValueSpecification\",\"valueRequired\":true,\"valueName\":\"search_term_string\"}}],\"inLanguage\":\"pt-PT\"},{\"@type\":\"Organization\",\"@id\":\"https:\/\/gr-100.com\/#organization\",\"name\":\"Gr-100\",\"url\":\"https:\/\/gr-100.com\/\",\"logo\":{\"@type\":\"ImageObject\",\"inLanguage\":\"pt-PT\",\"@id\":\"https:\/\/gr-100.com\/#\/schema\/logo\/image\/\",\"url\":\"https:\/\/gr-100.com\/wp-content\/uploads\/2023\/08\/logo-gr-100-bikes.png\",\"contentUrl\":\"https:\/\/gr-100.com\/wp-content\/uploads\/2023\/08\/logo-gr-100-bikes.png\",\"width\":707,\"height\":284,\"caption\":\"Gr-100\"},\"image\":{\"@id\":\"https:\/\/gr-100.com\/#\/schema\/logo\/image\/\"},\"sameAs\":[\"https:\/\/www.facebook.com\/Gr100Bikes\",\"https:\/\/www.instagram.com\/gr100bikes\/\",\"https:\/\/www.tiktok.com\/@gr100bikes\",\"https:\/\/twitter.com\/gr100mtbteam\",\"https:\/\/www.youtube.com\/c\/GR100Specialized\"]}]}<\/script>\n<!-- \/ Yoast SEO Premium plugin. -->","yoast_head_json":{"title":"Specialized Turbo Levo 4 Expert","description":"Um sapato de aproxima\u00e7\u00e3o espec\u00edfico para o ciclista de trail, concebido para um desempenho tanto a p\u00e9 como de bicicleta.","robots":{"index":"index","follow":"follow","max-snippet":"max-snippet:-1","max-image-preview":"max-image-preview:large","max-video-preview":"max-video-preview:-1"},"canonical":"https:\/\/gr-100.com\/pt-pt\/producto\/bicicleta-de-montanha-specialized-rime-flat\/","og_locale":"pt_PT","og_type":"article","og_title":"Bicicleta de montanha Specialized Rime Flat","og_description":"Um sapato de aproxima\u00e7\u00e3o espec\u00edfico para o ciclista de trail, concebido para um desempenho tanto a p\u00e9 como de bicicleta.","og_url":"https:\/\/gr-100.com\/pt-pt\/producto\/bicicleta-de-montanha-specialized-rime-flat\/","og_site_name":"Gr-100 Tienda de ciclismo Specialized","article_publisher":"https:\/\/www.facebook.com\/Gr100Bikes","article_modified_time":"2026-01-22T12:34:43+00:00","og_image":[{"width":1000,"height":1000,"url":"https:\/\/gr-100.com\/wp-content\/uploads\/2024\/05\/My-project-18.jpeg","type":"image\/jpeg"}],"twitter_card":"summary_large_image","twitter_misc":{"Tempo estimado de leitura":"1 minuto"},"schema":{"@context":"https:\/\/schema.org","@graph":[{"@type":"WebPage","@id":"https:\/\/gr-100.com\/pt-pt\/producto\/bicicleta-de-montanha-specialized-rime-flat\/","url":"https:\/\/gr-100.com\/pt-pt\/producto\/bicicleta-de-montanha-specialized-rime-flat\/","name":"Specialized Turbo Levo 4 Expert","isPartOf":{"@id":"https:\/\/gr-100.com\/#website"},"primaryImageOfPage":{"@id":"https:\/\/gr-100.com\/pt-pt\/producto\/bicicleta-de-montanha-specialized-rime-flat\/#primaryimage"},"image":{"@id":"https:\/\/gr-100.com\/pt-pt\/producto\/bicicleta-de-montanha-specialized-rime-flat\/#primaryimage"},"thumbnailUrl":"https:\/\/gr-100.com\/wp-content\/uploads\/2024\/05\/My-project-18.jpeg","datePublished":"2024-07-01T12:02:36+00:00","dateModified":"2026-01-22T12:34:43+00:00","description":"Um sapato de aproxima\u00e7\u00e3o espec\u00edfico para o ciclista de trail, concebido para um desempenho tanto a p\u00e9 como de bicicleta.","breadcrumb":{"@id":"https:\/\/gr-100.com\/pt-pt\/producto\/bicicleta-de-montanha-specialized-rime-flat\/#breadcrumb"},"inLanguage":"pt-PT","potentialAction":[{"@type":"ReadAction","target":["https:\/\/gr-100.com\/pt-pt\/producto\/bicicleta-de-montanha-specialized-rime-flat\/"]}]},{"@type":"ImageObject","inLanguage":"pt-PT","@id":"https:\/\/gr-100.com\/pt-pt\/producto\/bicicleta-de-montanha-specialized-rime-flat\/#primaryimage","url":"https:\/\/gr-100.com\/wp-content\/uploads\/2024\/05\/My-project-18.jpeg","contentUrl":"https:\/\/gr-100.com\/wp-content\/uploads\/2024\/05\/My-project-18.jpeg","width":1000,"height":1000},{"@type":"BreadcrumbList","@id":"https:\/\/gr-100.com\/pt-pt\/producto\/bicicleta-de-montanha-specialized-rime-flat\/#breadcrumb","itemListElement":[{"@type":"ListItem","position":1,"name":"Portada","item":"https:\/\/gr-100.com\/en\/"},{"@type":"ListItem","position":2,"name":"Productos","item":"https:\/\/gr-100.com\/?post_type=product"},{"@type":"ListItem","position":3,"name":"Bicicleta de montanha Specialized Rime Flat"}]},{"@type":"WebSite","@id":"https:\/\/gr-100.com\/#website","url":"https:\/\/gr-100.com\/","name":"Gr-100 Tienda de ciclismo Specialized","description":"GR-100 tenemos todas las gamas de bicicletas Specialized al mejor precio.","publisher":{"@id":"https:\/\/gr-100.com\/#organization"},"alternateName":"Gr-100 Bikes","potentialAction":[{"@type":"SearchAction","target":{"@type":"EntryPoint","urlTemplate":"https:\/\/gr-100.com\/?s={search_term_string}"},"query-input":{"@type":"PropertyValueSpecification","valueRequired":true,"valueName":"search_term_string"}}],"inLanguage":"pt-PT"},{"@type":"Organization","@id":"https:\/\/gr-100.com\/#organization","name":"Gr-100","url":"https:\/\/gr-100.com\/","logo":{"@type":"ImageObject","inLanguage":"pt-PT","@id":"https:\/\/gr-100.com\/#\/schema\/logo\/image\/","url":"https:\/\/gr-100.com\/wp-content\/uploads\/2023\/08\/logo-gr-100-bikes.png","contentUrl":"https:\/\/gr-100.com\/wp-content\/uploads\/2023\/08\/logo-gr-100-bikes.png","width":707,"height":284,"caption":"Gr-100"},"image":{"@id":"https:\/\/gr-100.com\/#\/schema\/logo\/image\/"},"sameAs":["https:\/\/www.facebook.com\/Gr100Bikes","https:\/\/www.instagram.com\/gr100bikes\/","https:\/\/www.tiktok.com\/@gr100bikes","https:\/\/twitter.com\/gr100mtbteam","https:\/\/www.youtube.com\/c\/GR100Specialized"]}]}},"_links":{"self":[{"href":"https:\/\/gr-100.com\/pt-pt\/wp-json\/wp\/v2\/product\/430351","targetHints":{"allow":["GET"]}}],"collection":[{"href":"https:\/\/gr-100.com\/pt-pt\/wp-json\/wp\/v2\/product"}],"about":[{"href":"https:\/\/gr-100.com\/pt-pt\/wp-json\/wp\/v2\/types\/product"}],"replies":[{"embeddable":true,"href":"https:\/\/gr-100.com\/pt-pt\/wp-json\/wp\/v2\/comments?post=430351"}],"wp:featuredmedia":[{"embeddable":true,"href":"https:\/\/gr-100.com\/pt-pt\/wp-json\/wp\/v2\/media\/305060"}],"wp:attachment":[{"href":"https:\/\/gr-100.com\/pt-pt\/wp-json\/wp\/v2\/media?parent=430351"}],"wp:term":[{"taxonomy":"product_brand","embeddable":true,"href":"https:\/\/gr-100.com\/pt-pt\/wp-json\/wp\/v2\/product_brand?post=430351"},{"taxonomy":"product_cat","embeddable":true,"href":"https:\/\/gr-100.com\/pt-pt\/wp-json\/wp\/v2\/product_cat?post=430351"},{"taxonomy":"product_tag","embeddable":true,"href":"https:\/\/gr-100.com\/pt-pt\/wp-json\/wp\/v2\/product_tag?post=430351"}],"curies":[{"name":"wp","href":"https:\/\/api.w.org\/{rel}","templated":true}]}}