{"id":430422,"date":"2024-07-01T12:58:01","date_gmt":"2024-07-01T11:58:01","guid":{"rendered":"https:\/\/gr-100.com\/producto\/sapato-specialized-2fo-method\/"},"modified":"2024-07-01T12:58:01","modified_gmt":"2024-07-01T10:58:01","slug":"sapato-specialized-2fo-method","status":"publish","type":"product","link":"https:\/\/gr-100.com\/pt-pt\/producto\/sapato-specialized-2fo-method\/","title":{"rendered":"Sapato Specialized 2FO Method"},"content":{"rendered":"<ul>\n<li>Ader\u00eancia: A sola exterior SlipNot proporciona tra\u00e7\u00e3o e ader\u00eancia.<\/li>\n<li>Estilo: A sola tem uma parte superior em lona, o que resulta num perfil baixo e numa melhor sensa\u00e7\u00e3o ao pedalar.<\/li>\n<li>Conforto: a lona \u00e9 dur\u00e1vel, permitindo ao mesmo tempo a respira\u00e7\u00e3o do p\u00e9.<\/li>\n<li>Absor\u00e7\u00e3o das vibra\u00e7\u00f5es: a sola interm\u00e9dia de espuma absorve as vibra\u00e7\u00f5es.<\/li>\n<li>Apoio: o calcanhar interior apoia o p\u00e9 sem ser excessivamente volumoso.<\/li>\n<li>Body Geometry: A constru\u00e7\u00e3o de acordo com os crit\u00e9rios da Body Geometry \u00e9 sin\u00f3nimo de desempenho e efic\u00e1cia. Gra\u00e7as ao alinhamento correto da anca, do joelho e do p\u00e9, as les\u00f5es desportivas s\u00e3o evitadas. <\/li>\n<\/ul>\n","protected":false},"excerpt":{"rendered":"<p>Os sapatos Specialized 2FO Method combinam a ader\u00eancia incompar\u00e1vel dos pedais SlipNot com o estilo de uma parte superior em lona. Com um estilo casual, s\u00e3o as sapatilhas perfeitas para quem percorre trilhos ou bombeia cami\u00f5es e depois quer sair logo de casa. <\/p>\n","protected":false},"featured_media":301727,"comment_status":"closed","ping_status":"closed","template":"","meta":{"_acf_changed":false,"_et_pb_use_builder":"","_et_pb_old_content":"","_et_gb_content_width":"","inline_featured_image":false},"product_brand":[],"product_cat":[5374,4353,361,371,403],"product_tag":[],"class_list":{"0":"post-430422","1":"product","2":"type-product","3":"status-publish","4":"has-post-thumbnail","6":"product_cat-descontos","7":"product_cat-liquidacion-specialized","8":"product_cat-acessorios","9":"product_cat-sapatilhas","10":"product_cat-outlet-pt-pt","11":"product_shipping_class-acessorios","13":"first","14":"instock","15":"sale","16":"taxable","17":"shipping-taxable","18":"purchasable","19":"product-type-variable","20":"wvs-archive-product-wrapper"},"acf":[],"yoast_head":"<!-- This site is optimized with the Yoast SEO Premium plugin v26.7 (Yoast SEO v26.7) - https:\/\/yoast.com\/wordpress\/plugins\/seo\/ -->\n<title>Sapato Specialized 2FO Method<\/title>\n<meta name=\"robots\" content=\"index, follow, max-snippet:-1, max-image-preview:large, max-video-preview:-1\" \/>\n<link rel=\"canonical\" href=\"https:\/\/gr-100.com\/pt-pt\/producto\/sapato-specialized-2fo-method\/\" \/>\n<meta property=\"og:locale\" content=\"pt_PT\" \/>\n<meta property=\"og:type\" content=\"article\" \/>\n<meta property=\"og:title\" content=\"Sapato Specialized 2FO Method\" \/>\n<meta property=\"og:description\" content=\"Os sapatos Specialized 2FO Method combinam a ader\u00eancia incompar\u00e1vel dos pedais SlipNot com o estilo de uma parte superior em lona. Com um estilo casual, s\u00e3o as sapatilhas perfeitas para quem percorre trilhos ou bombeia cami\u00f5es e depois quer sair logo de casa.\" \/>\n<meta property=\"og:url\" content=\"https:\/\/gr-100.com\/pt-pt\/producto\/sapato-specialized-2fo-method\/\" \/>\n<meta property=\"og:site_name\" content=\"Gr-100 Tienda de ciclismo Specialized\" \/>\n<meta property=\"article:publisher\" content=\"https:\/\/www.facebook.com\/Gr100Bikes\" \/>\n<meta property=\"og:image\" content=\"https:\/\/gr-100.com\/wp-content\/uploads\/2024\/05\/2FO-method-Specialized-blk-.jpg\" \/>\n\t<meta property=\"og:image:width\" content=\"1000\" \/>\n\t<meta property=\"og:image:height\" content=\"1000\" \/>\n\t<meta property=\"og:image:type\" content=\"image\/jpeg\" \/>\n<meta name=\"twitter:card\" content=\"summary_large_image\" \/>\n<meta name=\"twitter:label1\" content=\"Tempo estimado de leitura\" \/>\n\t<meta name=\"twitter:data1\" content=\"1 minuto\" \/>\n<script type=\"application\/ld+json\" class=\"yoast-schema-graph\">{\"@context\":\"https:\/\/schema.org\",\"@graph\":[{\"@type\":\"WebPage\",\"@id\":\"https:\/\/gr-100.com\/pt-pt\/producto\/sapato-specialized-2fo-method\/\",\"url\":\"https:\/\/gr-100.com\/pt-pt\/producto\/sapato-specialized-2fo-method\/\",\"name\":\"Sapato Specialized 2FO Method\",\"isPartOf\":{\"@id\":\"https:\/\/gr-100.com\/#website\"},\"primaryImageOfPage\":{\"@id\":\"https:\/\/gr-100.com\/pt-pt\/producto\/sapato-specialized-2fo-method\/#primaryimage\"},\"image\":{\"@id\":\"https:\/\/gr-100.com\/pt-pt\/producto\/sapato-specialized-2fo-method\/#primaryimage\"},\"thumbnailUrl\":\"https:\/\/gr-100.com\/wp-content\/uploads\/2024\/05\/2FO-method-Specialized-blk-.jpg\",\"datePublished\":\"2024-07-01T11:58:01+00:00\",\"breadcrumb\":{\"@id\":\"https:\/\/gr-100.com\/pt-pt\/producto\/sapato-specialized-2fo-method\/#breadcrumb\"},\"inLanguage\":\"pt-PT\",\"potentialAction\":[{\"@type\":\"ReadAction\",\"target\":[\"https:\/\/gr-100.com\/pt-pt\/producto\/sapato-specialized-2fo-method\/\"]}]},{\"@type\":\"ImageObject\",\"inLanguage\":\"pt-PT\",\"@id\":\"https:\/\/gr-100.com\/pt-pt\/producto\/sapato-specialized-2fo-method\/#primaryimage\",\"url\":\"https:\/\/gr-100.com\/wp-content\/uploads\/2024\/05\/2FO-method-Specialized-blk-.jpg\",\"contentUrl\":\"https:\/\/gr-100.com\/wp-content\/uploads\/2024\/05\/2FO-method-Specialized-blk-.jpg\",\"width\":1000,\"height\":1000},{\"@type\":\"BreadcrumbList\",\"@id\":\"https:\/\/gr-100.com\/pt-pt\/producto\/sapato-specialized-2fo-method\/#breadcrumb\",\"itemListElement\":[{\"@type\":\"ListItem\",\"position\":1,\"name\":\"Portada\",\"item\":\"https:\/\/gr-100.com\/en\/\"},{\"@type\":\"ListItem\",\"position\":2,\"name\":\"Productos\",\"item\":\"https:\/\/gr-100.com\/?post_type=product\"},{\"@type\":\"ListItem\",\"position\":3,\"name\":\"Sapato Specialized 2FO Method\"}]},{\"@type\":\"WebSite\",\"@id\":\"https:\/\/gr-100.com\/#website\",\"url\":\"https:\/\/gr-100.com\/\",\"name\":\"Gr-100 Tienda de ciclismo Specialized\",\"description\":\"GR-100 tenemos todas las gamas de bicicletas Specialized al mejor precio.\",\"publisher\":{\"@id\":\"https:\/\/gr-100.com\/#organization\"},\"alternateName\":\"Gr-100 Bikes\",\"potentialAction\":[{\"@type\":\"SearchAction\",\"target\":{\"@type\":\"EntryPoint\",\"urlTemplate\":\"https:\/\/gr-100.com\/?s={search_term_string}\"},\"query-input\":{\"@type\":\"PropertyValueSpecification\",\"valueRequired\":true,\"valueName\":\"search_term_string\"}}],\"inLanguage\":\"pt-PT\"},{\"@type\":\"Organization\",\"@id\":\"https:\/\/gr-100.com\/#organization\",\"name\":\"Gr-100\",\"url\":\"https:\/\/gr-100.com\/\",\"logo\":{\"@type\":\"ImageObject\",\"inLanguage\":\"pt-PT\",\"@id\":\"https:\/\/gr-100.com\/#\/schema\/logo\/image\/\",\"url\":\"https:\/\/gr-100.com\/wp-content\/uploads\/2023\/08\/logo-gr-100-bikes.png\",\"contentUrl\":\"https:\/\/gr-100.com\/wp-content\/uploads\/2023\/08\/logo-gr-100-bikes.png\",\"width\":707,\"height\":284,\"caption\":\"Gr-100\"},\"image\":{\"@id\":\"https:\/\/gr-100.com\/#\/schema\/logo\/image\/\"},\"sameAs\":[\"https:\/\/www.facebook.com\/Gr100Bikes\",\"https:\/\/www.instagram.com\/gr100bikes\/\",\"https:\/\/www.tiktok.com\/@gr100bikes\",\"https:\/\/twitter.com\/gr100mtbteam\",\"https:\/\/www.youtube.com\/c\/GR100Specialized\"]}]}<\/script>\n<!-- \/ Yoast SEO Premium plugin. -->","yoast_head_json":{"title":"Sapato Specialized 2FO Method","robots":{"index":"index","follow":"follow","max-snippet":"max-snippet:-1","max-image-preview":"max-image-preview:large","max-video-preview":"max-video-preview:-1"},"canonical":"https:\/\/gr-100.com\/pt-pt\/producto\/sapato-specialized-2fo-method\/","og_locale":"pt_PT","og_type":"article","og_title":"Sapato Specialized 2FO Method","og_description":"Os sapatos Specialized 2FO Method combinam a ader\u00eancia incompar\u00e1vel dos pedais SlipNot com o estilo de uma parte superior em lona. Com um estilo casual, s\u00e3o as sapatilhas perfeitas para quem percorre trilhos ou bombeia cami\u00f5es e depois quer sair logo de casa.","og_url":"https:\/\/gr-100.com\/pt-pt\/producto\/sapato-specialized-2fo-method\/","og_site_name":"Gr-100 Tienda de ciclismo Specialized","article_publisher":"https:\/\/www.facebook.com\/Gr100Bikes","og_image":[{"width":1000,"height":1000,"url":"https:\/\/gr-100.com\/wp-content\/uploads\/2024\/05\/2FO-method-Specialized-blk-.jpg","type":"image\/jpeg"}],"twitter_card":"summary_large_image","twitter_misc":{"Tempo estimado de leitura":"1 minuto"},"schema":{"@context":"https:\/\/schema.org","@graph":[{"@type":"WebPage","@id":"https:\/\/gr-100.com\/pt-pt\/producto\/sapato-specialized-2fo-method\/","url":"https:\/\/gr-100.com\/pt-pt\/producto\/sapato-specialized-2fo-method\/","name":"Sapato Specialized 2FO Method","isPartOf":{"@id":"https:\/\/gr-100.com\/#website"},"primaryImageOfPage":{"@id":"https:\/\/gr-100.com\/pt-pt\/producto\/sapato-specialized-2fo-method\/#primaryimage"},"image":{"@id":"https:\/\/gr-100.com\/pt-pt\/producto\/sapato-specialized-2fo-method\/#primaryimage"},"thumbnailUrl":"https:\/\/gr-100.com\/wp-content\/uploads\/2024\/05\/2FO-method-Specialized-blk-.jpg","datePublished":"2024-07-01T11:58:01+00:00","breadcrumb":{"@id":"https:\/\/gr-100.com\/pt-pt\/producto\/sapato-specialized-2fo-method\/#breadcrumb"},"inLanguage":"pt-PT","potentialAction":[{"@type":"ReadAction","target":["https:\/\/gr-100.com\/pt-pt\/producto\/sapato-specialized-2fo-method\/"]}]},{"@type":"ImageObject","inLanguage":"pt-PT","@id":"https:\/\/gr-100.com\/pt-pt\/producto\/sapato-specialized-2fo-method\/#primaryimage","url":"https:\/\/gr-100.com\/wp-content\/uploads\/2024\/05\/2FO-method-Specialized-blk-.jpg","contentUrl":"https:\/\/gr-100.com\/wp-content\/uploads\/2024\/05\/2FO-method-Specialized-blk-.jpg","width":1000,"height":1000},{"@type":"BreadcrumbList","@id":"https:\/\/gr-100.com\/pt-pt\/producto\/sapato-specialized-2fo-method\/#breadcrumb","itemListElement":[{"@type":"ListItem","position":1,"name":"Portada","item":"https:\/\/gr-100.com\/en\/"},{"@type":"ListItem","position":2,"name":"Productos","item":"https:\/\/gr-100.com\/?post_type=product"},{"@type":"ListItem","position":3,"name":"Sapato Specialized 2FO Method"}]},{"@type":"WebSite","@id":"https:\/\/gr-100.com\/#website","url":"https:\/\/gr-100.com\/","name":"Gr-100 Tienda de ciclismo Specialized","description":"GR-100 tenemos todas las gamas de bicicletas Specialized al mejor precio.","publisher":{"@id":"https:\/\/gr-100.com\/#organization"},"alternateName":"Gr-100 Bikes","potentialAction":[{"@type":"SearchAction","target":{"@type":"EntryPoint","urlTemplate":"https:\/\/gr-100.com\/?s={search_term_string}"},"query-input":{"@type":"PropertyValueSpecification","valueRequired":true,"valueName":"search_term_string"}}],"inLanguage":"pt-PT"},{"@type":"Organization","@id":"https:\/\/gr-100.com\/#organization","name":"Gr-100","url":"https:\/\/gr-100.com\/","logo":{"@type":"ImageObject","inLanguage":"pt-PT","@id":"https:\/\/gr-100.com\/#\/schema\/logo\/image\/","url":"https:\/\/gr-100.com\/wp-content\/uploads\/2023\/08\/logo-gr-100-bikes.png","contentUrl":"https:\/\/gr-100.com\/wp-content\/uploads\/2023\/08\/logo-gr-100-bikes.png","width":707,"height":284,"caption":"Gr-100"},"image":{"@id":"https:\/\/gr-100.com\/#\/schema\/logo\/image\/"},"sameAs":["https:\/\/www.facebook.com\/Gr100Bikes","https:\/\/www.instagram.com\/gr100bikes\/","https:\/\/www.tiktok.com\/@gr100bikes","https:\/\/twitter.com\/gr100mtbteam","https:\/\/www.youtube.com\/c\/GR100Specialized"]}]}},"_links":{"self":[{"href":"https:\/\/gr-100.com\/pt-pt\/wp-json\/wp\/v2\/product\/430422","targetHints":{"allow":["GET"]}}],"collection":[{"href":"https:\/\/gr-100.com\/pt-pt\/wp-json\/wp\/v2\/product"}],"about":[{"href":"https:\/\/gr-100.com\/pt-pt\/wp-json\/wp\/v2\/types\/product"}],"replies":[{"embeddable":true,"href":"https:\/\/gr-100.com\/pt-pt\/wp-json\/wp\/v2\/comments?post=430422"}],"wp:featuredmedia":[{"embeddable":true,"href":"https:\/\/gr-100.com\/pt-pt\/wp-json\/wp\/v2\/media\/301727"}],"wp:attachment":[{"href":"https:\/\/gr-100.com\/pt-pt\/wp-json\/wp\/v2\/media?parent=430422"}],"wp:term":[{"taxonomy":"product_brand","embeddable":true,"href":"https:\/\/gr-100.com\/pt-pt\/wp-json\/wp\/v2\/product_brand?post=430422"},{"taxonomy":"product_cat","embeddable":true,"href":"https:\/\/gr-100.com\/pt-pt\/wp-json\/wp\/v2\/product_cat?post=430422"},{"taxonomy":"product_tag","embeddable":true,"href":"https:\/\/gr-100.com\/pt-pt\/wp-json\/wp\/v2\/product_tag?post=430422"}],"curies":[{"name":"wp","href":"https:\/\/api.w.org\/{rel}","templated":true}]}}