{"id":430462,"date":"2024-07-01T14:53:02","date_gmt":"2024-07-01T13:53:02","guid":{"rendered":"https:\/\/gr-100.com\/producto\/vittoria-rubino-ridearmor-tubeless-ready\/"},"modified":"2024-07-01T14:53:02","modified_gmt":"2024-07-01T12:53:02","slug":"vittoria-rubino-ridearmor-tubeless-ready","status":"publish","type":"product","link":"https:\/\/gr-100.com\/pt-pt\/producto\/vittoria-rubino-ridearmor-tubeless-ready\/","title":{"rendered":"Vittoria Rubino RideArmor Tubeless-ready"},"content":{"rendered":"<p>Fiel ao seu nome, o RideArmor foi desenvolvido para ser um pneu para todas as esta\u00e7\u00f5es, adequado para treinos e passeios durante todo o ano em todas as superf\u00edcies de estrada e em todas as condi\u00e7\u00f5es climat\u00e9ricas. O resultado \u00e9 uma verdadeira armadura concebida para te proteger do teu inimigo mais odiado: os furos. <\/p>\n<ul>\n<li><strong>01 Revestimento dos flancos<\/strong><br \/>\nO revestimento ArmorSkin dos flancos garante uma prote\u00e7\u00e3o m\u00e1xima contra os cortes e a abras\u00e3o.<br \/>\nEste tecido de poliamida de alta qualidade, que se distingue pela sua cor acobreada, oferece-te uma prote\u00e7\u00e3o suplementar em qualquer tipo de piso e em todas as condi\u00e7\u00f5es climat\u00e9ricas.<\/li>\n<li><strong>02 Graphene + Silica<\/strong><br \/>\nComposto 2C<br \/>\nBorracha, evolu\u00edda com grafeno e refor\u00e7ada com s\u00edlica num programa de quatro compostos graduados. Resist\u00eancia ao rolamento minimizada e forte capacidade de resposta no centro da banda de rodagem, elevada ader\u00eancia e estabilidade de ancoragem nos ombros e refor\u00e7o contra cortes nos flancos. <\/li>\n<li><strong>03 100 TPI nylon.<\/strong><br \/>\nDurabilidade. Longevidade. Fiabilidade. Uma plataforma fi\u00e1vel e resistente a furos, concebida tanto para corridas como para longos quil\u00f3metros de treino, com fios mais espessos que suportam melhor o desgaste dos intervalos di\u00e1rios enquanto transitam para a velocidade dos conjuntos semanais cr\u00edticos.   <\/li>\n<li><strong>04 Prote\u00e7\u00e3o de tal\u00e3o a tal\u00e3o de Kevlar\u00ae<\/strong><br \/>\nLayer<br \/>\nExperimenta uma durabilidade inigual\u00e1vel com a nossa camada flex\u00edvel e resistente a furos de \u00faltima gera\u00e7\u00e3o,<br \/>\nConcebida para oferecer uma resist\u00eancia superior aos furos.<br \/>\nDiz adeus \u00e0s preocupa\u00e7\u00f5es e ol\u00e1 \u00e0s viagens suaves e ininterruptas!<\/li>\n<li><strong>05 Escudo interior<\/strong><br \/>\nUma pel\u00edcula adicional para uma prote\u00e7\u00e3o refor\u00e7ada garante tranquilidade onde quer que a estrada te leve.<br \/>\nAplica-se aos tamanhos 26 a 32.<br \/>\n06 Escudo com rebordo<br \/>\nUma camada extra no rebordo proporciona uma prote\u00e7\u00e3o adicional.<\/li>\n<\/ul>\n","protected":false},"excerpt":{"rendered":"<p>M\u00e1xima resist\u00eancia aos furos e durabilidade. O pneu de estrada mais resistente dispon\u00edvel, para as condi\u00e7\u00f5es de estrada mais dif\u00edceis.  O RideArmor oferece durabilidade e longa vida \u00fatil com foco no conforto e na ader\u00eancia em todos os tipos de asfalto e em todas as condi\u00e7\u00f5es climat\u00e9ricas.<\/p>\n","protected":false},"featured_media":307408,"comment_status":"closed","ping_status":"closed","template":"","meta":{"_acf_changed":false,"_et_pb_use_builder":"","_et_pb_old_content":"","_et_gb_content_width":"","inline_featured_image":false},"product_brand":[],"product_cat":[379,381],"product_tag":[],"class_list":{"0":"post-430462","1":"product","2":"type-product","3":"status-publish","4":"has-post-thumbnail","6":"product_cat-componentes-pt-pt","7":"product_cat-pneus-e-camaras-de-ar","8":"product_shipping_class-componentes-pt-pt","10":"first","11":"instock","12":"sale","13":"taxable","14":"shipping-taxable","15":"purchasable","16":"product-type-variable","17":"wvs-archive-product-wrapper"},"acf":[],"yoast_head":"<!-- This site is optimized with the Yoast SEO Premium plugin v26.7 (Yoast SEO v26.7) - https:\/\/yoast.com\/wordpress\/plugins\/seo\/ -->\n<title>Vittoria Rubino RideArmor Tubeless-ready% Vittoria<\/title>\n<meta name=\"description\" content=\"M\u00e1xima resist\u00eancia aos furos e durabilidade. O pneu de estrada mais resistente dispon\u00edvel, para as condi\u00e7\u00f5es de estrada mais dif\u00edceis.\" \/>\n<meta name=\"robots\" content=\"index, follow, max-snippet:-1, max-image-preview:large, max-video-preview:-1\" \/>\n<link rel=\"canonical\" href=\"https:\/\/gr-100.com\/pt-pt\/producto\/vittoria-rubino-ridearmor-tubeless-ready\/\" \/>\n<meta property=\"og:locale\" content=\"pt_PT\" \/>\n<meta property=\"og:type\" content=\"article\" \/>\n<meta property=\"og:title\" content=\"Vittoria Rubino RideArmor Tubeless-ready\" \/>\n<meta property=\"og:description\" content=\"M\u00e1xima resist\u00eancia aos furos e durabilidade. O pneu de estrada mais resistente dispon\u00edvel, para as condi\u00e7\u00f5es de estrada mais dif\u00edceis.\" \/>\n<meta property=\"og:url\" content=\"https:\/\/gr-100.com\/pt-pt\/producto\/vittoria-rubino-ridearmor-tubeless-ready\/\" \/>\n<meta property=\"og:site_name\" content=\"Gr-100 Tienda de ciclismo Specialized\" \/>\n<meta property=\"article:publisher\" content=\"https:\/\/www.facebook.com\/Gr100Bikes\" \/>\n<meta property=\"og:image\" content=\"https:\/\/gr-100.com\/wp-content\/uploads\/2024\/05\/Vittoria_RideArmor-Tubeless-ready.jpg\" \/>\n\t<meta property=\"og:image:width\" content=\"1080\" \/>\n\t<meta property=\"og:image:height\" content=\"1080\" \/>\n\t<meta property=\"og:image:type\" content=\"image\/jpeg\" \/>\n<meta name=\"twitter:card\" content=\"summary_large_image\" \/>\n<meta name=\"twitter:label1\" content=\"Tempo estimado de leitura\" \/>\n\t<meta name=\"twitter:data1\" content=\"1 minuto\" \/>\n<script type=\"application\/ld+json\" class=\"yoast-schema-graph\">{\"@context\":\"https:\/\/schema.org\",\"@graph\":[{\"@type\":\"WebPage\",\"@id\":\"https:\/\/gr-100.com\/pt-pt\/producto\/vittoria-rubino-ridearmor-tubeless-ready\/\",\"url\":\"https:\/\/gr-100.com\/pt-pt\/producto\/vittoria-rubino-ridearmor-tubeless-ready\/\",\"name\":\"Vittoria Rubino RideArmor Tubeless-ready% Vittoria\",\"isPartOf\":{\"@id\":\"https:\/\/gr-100.com\/#website\"},\"primaryImageOfPage\":{\"@id\":\"https:\/\/gr-100.com\/pt-pt\/producto\/vittoria-rubino-ridearmor-tubeless-ready\/#primaryimage\"},\"image\":{\"@id\":\"https:\/\/gr-100.com\/pt-pt\/producto\/vittoria-rubino-ridearmor-tubeless-ready\/#primaryimage\"},\"thumbnailUrl\":\"https:\/\/gr-100.com\/wp-content\/uploads\/2024\/05\/Vittoria_RideArmor-Tubeless-ready.jpg\",\"datePublished\":\"2024-07-01T13:53:02+00:00\",\"description\":\"M\u00e1xima resist\u00eancia aos furos e durabilidade. O pneu de estrada mais resistente dispon\u00edvel, para as condi\u00e7\u00f5es de estrada mais dif\u00edceis.\",\"breadcrumb\":{\"@id\":\"https:\/\/gr-100.com\/pt-pt\/producto\/vittoria-rubino-ridearmor-tubeless-ready\/#breadcrumb\"},\"inLanguage\":\"pt-PT\",\"potentialAction\":[{\"@type\":\"ReadAction\",\"target\":[\"https:\/\/gr-100.com\/pt-pt\/producto\/vittoria-rubino-ridearmor-tubeless-ready\/\"]}]},{\"@type\":\"ImageObject\",\"inLanguage\":\"pt-PT\",\"@id\":\"https:\/\/gr-100.com\/pt-pt\/producto\/vittoria-rubino-ridearmor-tubeless-ready\/#primaryimage\",\"url\":\"https:\/\/gr-100.com\/wp-content\/uploads\/2024\/05\/Vittoria_RideArmor-Tubeless-ready.jpg\",\"contentUrl\":\"https:\/\/gr-100.com\/wp-content\/uploads\/2024\/05\/Vittoria_RideArmor-Tubeless-ready.jpg\",\"width\":1080,\"height\":1080},{\"@type\":\"BreadcrumbList\",\"@id\":\"https:\/\/gr-100.com\/pt-pt\/producto\/vittoria-rubino-ridearmor-tubeless-ready\/#breadcrumb\",\"itemListElement\":[{\"@type\":\"ListItem\",\"position\":1,\"name\":\"Portada\",\"item\":\"https:\/\/gr-100.com\/en\/\"},{\"@type\":\"ListItem\",\"position\":2,\"name\":\"Productos\",\"item\":\"https:\/\/gr-100.com\/?post_type=product\"},{\"@type\":\"ListItem\",\"position\":3,\"name\":\"Vittoria Rubino RideArmor Tubeless-ready\"}]},{\"@type\":\"WebSite\",\"@id\":\"https:\/\/gr-100.com\/#website\",\"url\":\"https:\/\/gr-100.com\/\",\"name\":\"Gr-100 Tienda de ciclismo Specialized\",\"description\":\"GR-100 tenemos todas las gamas de bicicletas Specialized al mejor precio.\",\"publisher\":{\"@id\":\"https:\/\/gr-100.com\/#organization\"},\"alternateName\":\"Gr-100 Bikes\",\"potentialAction\":[{\"@type\":\"SearchAction\",\"target\":{\"@type\":\"EntryPoint\",\"urlTemplate\":\"https:\/\/gr-100.com\/?s={search_term_string}\"},\"query-input\":{\"@type\":\"PropertyValueSpecification\",\"valueRequired\":true,\"valueName\":\"search_term_string\"}}],\"inLanguage\":\"pt-PT\"},{\"@type\":\"Organization\",\"@id\":\"https:\/\/gr-100.com\/#organization\",\"name\":\"Gr-100\",\"url\":\"https:\/\/gr-100.com\/\",\"logo\":{\"@type\":\"ImageObject\",\"inLanguage\":\"pt-PT\",\"@id\":\"https:\/\/gr-100.com\/#\/schema\/logo\/image\/\",\"url\":\"https:\/\/gr-100.com\/wp-content\/uploads\/2023\/08\/logo-gr-100-bikes.png\",\"contentUrl\":\"https:\/\/gr-100.com\/wp-content\/uploads\/2023\/08\/logo-gr-100-bikes.png\",\"width\":707,\"height\":284,\"caption\":\"Gr-100\"},\"image\":{\"@id\":\"https:\/\/gr-100.com\/#\/schema\/logo\/image\/\"},\"sameAs\":[\"https:\/\/www.facebook.com\/Gr100Bikes\",\"https:\/\/www.instagram.com\/gr100bikes\/\",\"https:\/\/www.tiktok.com\/@gr100bikes\",\"https:\/\/twitter.com\/gr100mtbteam\",\"https:\/\/www.youtube.com\/c\/GR100Specialized\"]}]}<\/script>\n<!-- \/ Yoast SEO Premium plugin. -->","yoast_head_json":{"title":"Vittoria Rubino RideArmor Tubeless-ready% Vittoria","description":"M\u00e1xima resist\u00eancia aos furos e durabilidade. O pneu de estrada mais resistente dispon\u00edvel, para as condi\u00e7\u00f5es de estrada mais dif\u00edceis.","robots":{"index":"index","follow":"follow","max-snippet":"max-snippet:-1","max-image-preview":"max-image-preview:large","max-video-preview":"max-video-preview:-1"},"canonical":"https:\/\/gr-100.com\/pt-pt\/producto\/vittoria-rubino-ridearmor-tubeless-ready\/","og_locale":"pt_PT","og_type":"article","og_title":"Vittoria Rubino RideArmor Tubeless-ready","og_description":"M\u00e1xima resist\u00eancia aos furos e durabilidade. O pneu de estrada mais resistente dispon\u00edvel, para as condi\u00e7\u00f5es de estrada mais dif\u00edceis.","og_url":"https:\/\/gr-100.com\/pt-pt\/producto\/vittoria-rubino-ridearmor-tubeless-ready\/","og_site_name":"Gr-100 Tienda de ciclismo Specialized","article_publisher":"https:\/\/www.facebook.com\/Gr100Bikes","og_image":[{"width":1080,"height":1080,"url":"https:\/\/gr-100.com\/wp-content\/uploads\/2024\/05\/Vittoria_RideArmor-Tubeless-ready.jpg","type":"image\/jpeg"}],"twitter_card":"summary_large_image","twitter_misc":{"Tempo estimado de leitura":"1 minuto"},"schema":{"@context":"https:\/\/schema.org","@graph":[{"@type":"WebPage","@id":"https:\/\/gr-100.com\/pt-pt\/producto\/vittoria-rubino-ridearmor-tubeless-ready\/","url":"https:\/\/gr-100.com\/pt-pt\/producto\/vittoria-rubino-ridearmor-tubeless-ready\/","name":"Vittoria Rubino RideArmor Tubeless-ready% Vittoria","isPartOf":{"@id":"https:\/\/gr-100.com\/#website"},"primaryImageOfPage":{"@id":"https:\/\/gr-100.com\/pt-pt\/producto\/vittoria-rubino-ridearmor-tubeless-ready\/#primaryimage"},"image":{"@id":"https:\/\/gr-100.com\/pt-pt\/producto\/vittoria-rubino-ridearmor-tubeless-ready\/#primaryimage"},"thumbnailUrl":"https:\/\/gr-100.com\/wp-content\/uploads\/2024\/05\/Vittoria_RideArmor-Tubeless-ready.jpg","datePublished":"2024-07-01T13:53:02+00:00","description":"M\u00e1xima resist\u00eancia aos furos e durabilidade. O pneu de estrada mais resistente dispon\u00edvel, para as condi\u00e7\u00f5es de estrada mais dif\u00edceis.","breadcrumb":{"@id":"https:\/\/gr-100.com\/pt-pt\/producto\/vittoria-rubino-ridearmor-tubeless-ready\/#breadcrumb"},"inLanguage":"pt-PT","potentialAction":[{"@type":"ReadAction","target":["https:\/\/gr-100.com\/pt-pt\/producto\/vittoria-rubino-ridearmor-tubeless-ready\/"]}]},{"@type":"ImageObject","inLanguage":"pt-PT","@id":"https:\/\/gr-100.com\/pt-pt\/producto\/vittoria-rubino-ridearmor-tubeless-ready\/#primaryimage","url":"https:\/\/gr-100.com\/wp-content\/uploads\/2024\/05\/Vittoria_RideArmor-Tubeless-ready.jpg","contentUrl":"https:\/\/gr-100.com\/wp-content\/uploads\/2024\/05\/Vittoria_RideArmor-Tubeless-ready.jpg","width":1080,"height":1080},{"@type":"BreadcrumbList","@id":"https:\/\/gr-100.com\/pt-pt\/producto\/vittoria-rubino-ridearmor-tubeless-ready\/#breadcrumb","itemListElement":[{"@type":"ListItem","position":1,"name":"Portada","item":"https:\/\/gr-100.com\/en\/"},{"@type":"ListItem","position":2,"name":"Productos","item":"https:\/\/gr-100.com\/?post_type=product"},{"@type":"ListItem","position":3,"name":"Vittoria Rubino RideArmor Tubeless-ready"}]},{"@type":"WebSite","@id":"https:\/\/gr-100.com\/#website","url":"https:\/\/gr-100.com\/","name":"Gr-100 Tienda de ciclismo Specialized","description":"GR-100 tenemos todas las gamas de bicicletas Specialized al mejor precio.","publisher":{"@id":"https:\/\/gr-100.com\/#organization"},"alternateName":"Gr-100 Bikes","potentialAction":[{"@type":"SearchAction","target":{"@type":"EntryPoint","urlTemplate":"https:\/\/gr-100.com\/?s={search_term_string}"},"query-input":{"@type":"PropertyValueSpecification","valueRequired":true,"valueName":"search_term_string"}}],"inLanguage":"pt-PT"},{"@type":"Organization","@id":"https:\/\/gr-100.com\/#organization","name":"Gr-100","url":"https:\/\/gr-100.com\/","logo":{"@type":"ImageObject","inLanguage":"pt-PT","@id":"https:\/\/gr-100.com\/#\/schema\/logo\/image\/","url":"https:\/\/gr-100.com\/wp-content\/uploads\/2023\/08\/logo-gr-100-bikes.png","contentUrl":"https:\/\/gr-100.com\/wp-content\/uploads\/2023\/08\/logo-gr-100-bikes.png","width":707,"height":284,"caption":"Gr-100"},"image":{"@id":"https:\/\/gr-100.com\/#\/schema\/logo\/image\/"},"sameAs":["https:\/\/www.facebook.com\/Gr100Bikes","https:\/\/www.instagram.com\/gr100bikes\/","https:\/\/www.tiktok.com\/@gr100bikes","https:\/\/twitter.com\/gr100mtbteam","https:\/\/www.youtube.com\/c\/GR100Specialized"]}]}},"_links":{"self":[{"href":"https:\/\/gr-100.com\/pt-pt\/wp-json\/wp\/v2\/product\/430462","targetHints":{"allow":["GET"]}}],"collection":[{"href":"https:\/\/gr-100.com\/pt-pt\/wp-json\/wp\/v2\/product"}],"about":[{"href":"https:\/\/gr-100.com\/pt-pt\/wp-json\/wp\/v2\/types\/product"}],"replies":[{"embeddable":true,"href":"https:\/\/gr-100.com\/pt-pt\/wp-json\/wp\/v2\/comments?post=430462"}],"wp:featuredmedia":[{"embeddable":true,"href":"https:\/\/gr-100.com\/pt-pt\/wp-json\/wp\/v2\/media\/307408"}],"wp:attachment":[{"href":"https:\/\/gr-100.com\/pt-pt\/wp-json\/wp\/v2\/media?parent=430462"}],"wp:term":[{"taxonomy":"product_brand","embeddable":true,"href":"https:\/\/gr-100.com\/pt-pt\/wp-json\/wp\/v2\/product_brand?post=430462"},{"taxonomy":"product_cat","embeddable":true,"href":"https:\/\/gr-100.com\/pt-pt\/wp-json\/wp\/v2\/product_cat?post=430462"},{"taxonomy":"product_tag","embeddable":true,"href":"https:\/\/gr-100.com\/pt-pt\/wp-json\/wp\/v2\/product_tag?post=430462"}],"curies":[{"name":"wp","href":"https:\/\/api.w.org\/{rel}","templated":true}]}}