{"id":430811,"date":"2025-08-21T13:11:40","date_gmt":"2025-08-21T12:11:40","guid":{"rendered":"https:\/\/gr-100.com\/producto\/specialized-tarmac-sl8-quadro-2026\/"},"modified":"2025-08-21T13:11:40","modified_gmt":"2025-08-21T11:11:40","slug":"specialized-tarmac-sl8-quadro-2026","status":"publish","type":"product","link":"https:\/\/gr-100.com\/pt-pt\/producto\/specialized-tarmac-sl8-quadro-2026\/","title":{"rendered":"Specialized Tarmac SL8 Quadro 2026"},"content":{"rendered":"<ul>\n<li>100% AERO: coloc\u00e1mos elementos aerodin\u00e2micos onde s\u00e3o realmente necess\u00e1rios, n\u00e3o apenas onde t\u00eam bom aspeto. E foi assim que conseguimos a nossa bicicleta de estrada mais aerodin\u00e2mica de sempre. Sim, mais do que a Venge. Com o Speed Sniffer, o novo cone da Tarmac, o ar limpo \u00e9 optimizado para obteres a m\u00e1xima vantagem. Ao moveres o tubo da cabe\u00e7a para tr\u00e1s (que determina o \u00e2ngulo do tubo da cabe\u00e7a), o bordo de ataque do tubo da cabe\u00e7a \u00e9 muito mais n\u00edtido e a forma criada tem muito menos resist\u00eancia aerodin\u00e2mica. Tirando partido das novas regras da FABRIC, a Tarmac SL8 tem o espig\u00e3o de selim mais estreito e aerodin\u00e2mico que alguma vez fabric\u00e1mos. Isto permite que o ar sujo \u00e0 volta das pernas flua de forma mais limpa para a traseira. As vit\u00f3rias t\u00eam um sabor doce, n\u00e3o achas?      <\/li>\n<li>PESO M\u00cdNIMO, AERODIN\u00c2MICA M\u00c1XIMA: Com base nas li\u00e7\u00f5es aprendidas com a Aethos, a Tarmac SL8 foi concebida para cumprir os requisitos m\u00ednimos da UCI e oferecer uma constru\u00e7\u00e3o 100% aerodin\u00e2mica. A equipa criou um quadro incr\u00edvel de 685 gramas, 15% mais leve do que a Tarmac SL7 e mais leve do que qualquer outro quadro do World Tour*. Tamb\u00e9m aplic\u00e1mos o que aprendemos com a Aethos para dar prioridade \u00e0 leveza do tubo inferior, do tubo do selim e da parte traseira da bicicleta. A forma do quadro transporta a carga de forma t\u00e3o eficiente que n\u00e3o h\u00e1 necessidade de adicionar camadas extra de carbono. *A n\u00e3o ser que contes com a vez em que Kasper Asgreen pedalou o nosso quadro Aethos de 585 g numa etapa da Volta \u00e0 Fran\u00e7a.   <\/li>\n<li>CONDUZ COMO UM COQUETE, CONDUZ COMO UM LUXO: Com uma rela\u00e7\u00e3o rigidez\/peso otimizada (33% melhor do que a SL7), a Tarmac SL8 oferece um comportamento lend\u00e1rio, uma resposta agressiva e uma geometria comprovada em campeonatos mundiais que \u00e9 de outro mundo. A bicicleta \u00e9 mais r\u00edgida nos pedais, mais precisa no guiador e mais confort\u00e1vel no selim &#8211; de tal forma que estabelece um novo padr\u00e3o para o conforto das bicicletas de corrida. Gra\u00e7as \u00e0 nossa engenharia Rider-First, todos os ciclistas, independentemente do tamanho, podem desfrutar de uma qualidade de condu\u00e7\u00e3o e de um controlo nunca antes vistos. No selim, a Tarmac SL8 oferece 6% mais conforto: flutua sobre terrenos acidentados e oferece uma suavidade que \u00e9 rara no exigente mundo das bicicletas de competi\u00e7\u00e3o. A geometria da Tarmac e a folga para os pneus de 32 mm s\u00e3o id\u00eanticas \u00e0s da SL7, assegurando um ajuste f\u00e1cil e a capacidade de usar pneus maiores quando necess\u00e1rio.    <\/li>\n<li>PARA AL\u00c9M DO G\u00c9NERO: Podemos encontrar mais diferen\u00e7as entre dois ciclistas do sexo masculino do que entre um homem e uma mulher. O g\u00e9nero, por si s\u00f3, n\u00e3o fornece dados suficientes para ser o \u00fanico fator na conce\u00e7\u00e3o de uma bicicleta. \u00c9 por isso que criar bicicletas s\u00f3 para homens ou mulheres \u00e9 coisa do passado. Todos os ciclistas podem desfrutar dos benef\u00edcios da Tarmac SL8. Est\u00e1 na hora de ir al\u00e9m do g\u00e9nero.<br \/>\nSuporte inferior roscado de 68 mm, trav\u00f5es de disco Flat Mount e integra\u00e7\u00e3o perfeita: o quadro Tarmac SL8 \u00e9 o melhor ponto de partida para a configura\u00e7\u00e3o com que sempre sonhaste.    <\/li>\n<li>Especifica\u00e7\u00f5es t\u00e9cnicas<\/li>\n<li>Cuadro<br \/>\nCuadro<br \/>\nTarmac SL8 FACT 10r Carbon, Rider First Engineered\u2122, Win Tunnel Engineered, Clean Routing, Threaded BB, 12x142mm thru-axle, flat-mount disc<\/li>\n<li>Suspensi\u00f3n<br \/>\nHorquilla<br \/>\nFACT 10r Carbon, 12x100mm thru-axle, flat-mount disc<\/li>\n<li>Cockpit<br \/>\nEspig\u00e3o de selim<br \/>\nEspig\u00e3o de selim em carbono S-Works Tarmac SL8, carbono FACT, 15 mm de desvio<\/li>\n<li>avan\u00e7o<br \/>\nAvan\u00e7o integrado Tarmac, 6 graus<br \/>\nBra\u00e7adeira de selim<br \/>\nCunha integrada Tarmac<\/li>\n<li>Acess\u00f3rios<br \/>\nSWAT<br \/>\nRapidair Capas para cabos de guiador<\/li>\n<li>Detalhes do produto<br \/>\nIdentificador do produto<br \/>\n221552<\/li>\n<li>Peso<br \/>\nPeso<br \/>\n1,69 kg (3 lb, 11,6 oz)<br \/>\nTamanho<br \/>\n56<\/li>\n<\/ul>\n","protected":false},"excerpt":{"rendered":"<p>No hay nada m\u00e1s r\u00e1pido que la Tarmac SL8. \u00bfLa raz\u00f3n?  La combinaci\u00f3n que hemos conseguido entre aerodin\u00e1mica, ligereza y una calidad de conducci\u00f3n que hasta hace poco parec\u00eda imposible. Ocho generaciones despu\u00e9s y tras m\u00e1s de dos d\u00e9cadas de desarrollo, no es solo la Tarmac m\u00e1s r\u00e1pida de la historia: es tambi\u00e9n la bicicleta de carreras m\u00e1s r\u00e1pida del mundo.<\/p>\n","protected":false},"featured_media":413585,"comment_status":"open","ping_status":"closed","template":"","meta":{"_acf_changed":false,"_et_pb_use_builder":"","_et_pb_old_content":"","_et_gb_content_width":"","inline_featured_image":false},"product_brand":[],"product_cat":[4353,2459,378,5315,5314,5316,5313],"product_tag":[],"class_list":{"0":"post-430811","1":"product","2":"type-product","3":"status-publish","4":"has-post-thumbnail","6":"product_cat-liquidacion-specialized","7":"product_cat-bicicletas-pt-pt-2","8":"product_cat-estrada","9":"product_cat-bicicletas-carretera-aero-pt-pt","10":"product_cat-bicicletas-carretera-carbono-pt-pt","11":"product_cat-bicicletas-carretera-cuadros-pt-pt","12":"product_cat-bicicletas-carretera-specialized-pt-pt","13":"product_shipping_class-bicicletas-pt-pt","15":"first","16":"instock","17":"sale","18":"taxable","19":"shipping-taxable","20":"purchasable","21":"product-type-variable","22":"wvs-archive-product-wrapper"},"acf":[],"yoast_head":"<!-- This site is optimized with the Yoast SEO Premium plugin v26.7 (Yoast SEO v26.7) - https:\/\/yoast.com\/wordpress\/plugins\/seo\/ -->\n<title>Specialized Turbo Levo 4 Expert<\/title>\n<meta name=\"description\" content=\"No hay nada m\u00e1s r\u00e1pido que la Tarmac SL8. \u00bfLa raz\u00f3n? La combinaci\u00f3n que hemos conseguido entre aerodin\u00e1mica, ligereza y una calidad de conducci\u00f3n\" \/>\n<meta name=\"robots\" content=\"index, follow, max-snippet:-1, max-image-preview:large, max-video-preview:-1\" \/>\n<link rel=\"canonical\" href=\"https:\/\/gr-100.com\/pt-pt\/producto\/specialized-tarmac-sl8-quadro-2026\/\" \/>\n<meta property=\"og:locale\" content=\"pt_PT\" \/>\n<meta property=\"og:type\" content=\"article\" \/>\n<meta property=\"og:title\" content=\"Specialized Tarmac SL8 Quadro 2026\" \/>\n<meta property=\"og:description\" content=\"No hay nada m\u00e1s r\u00e1pido que la Tarmac SL8. \u00bfLa raz\u00f3n? La combinaci\u00f3n que hemos conseguido entre aerodin\u00e1mica, ligereza y una calidad de conducci\u00f3n\" \/>\n<meta property=\"og:url\" content=\"https:\/\/gr-100.com\/pt-pt\/producto\/specialized-tarmac-sl8-quadro-2026\/\" \/>\n<meta property=\"og:site_name\" content=\"Gr-100 Tienda de ciclismo Specialized\" \/>\n<meta property=\"article:publisher\" content=\"https:\/\/www.facebook.com\/Gr100Bikes\" \/>\n<meta property=\"og:image\" content=\"https:\/\/gr-100.com\/wp-content\/uploads\/2025\/08\/Diseno-sin-titulo-2025-08-21T120644.092.jpg\" \/>\n\t<meta property=\"og:image:width\" content=\"1000\" \/>\n\t<meta property=\"og:image:height\" content=\"1000\" \/>\n\t<meta property=\"og:image:type\" content=\"image\/jpeg\" \/>\n<meta name=\"twitter:card\" content=\"summary_large_image\" \/>\n<meta name=\"twitter:label1\" content=\"Tempo estimado de leitura\" \/>\n\t<meta name=\"twitter:data1\" content=\"3 minutos\" \/>\n<script type=\"application\/ld+json\" class=\"yoast-schema-graph\">{\"@context\":\"https:\/\/schema.org\",\"@graph\":[{\"@type\":\"WebPage\",\"@id\":\"https:\/\/gr-100.com\/pt-pt\/producto\/specialized-tarmac-sl8-quadro-2026\/\",\"url\":\"https:\/\/gr-100.com\/pt-pt\/producto\/specialized-tarmac-sl8-quadro-2026\/\",\"name\":\"Specialized Turbo Levo 4 Expert\",\"isPartOf\":{\"@id\":\"https:\/\/gr-100.com\/#website\"},\"primaryImageOfPage\":{\"@id\":\"https:\/\/gr-100.com\/pt-pt\/producto\/specialized-tarmac-sl8-quadro-2026\/#primaryimage\"},\"image\":{\"@id\":\"https:\/\/gr-100.com\/pt-pt\/producto\/specialized-tarmac-sl8-quadro-2026\/#primaryimage\"},\"thumbnailUrl\":\"https:\/\/gr-100.com\/wp-content\/uploads\/2025\/08\/Diseno-sin-titulo-2025-08-21T120644.092.jpg\",\"datePublished\":\"2025-08-21T12:11:40+00:00\",\"description\":\"No hay nada m\u00e1s r\u00e1pido que la Tarmac SL8. \u00bfLa raz\u00f3n? La combinaci\u00f3n que hemos conseguido entre aerodin\u00e1mica, ligereza y una calidad de conducci\u00f3n\",\"breadcrumb\":{\"@id\":\"https:\/\/gr-100.com\/pt-pt\/producto\/specialized-tarmac-sl8-quadro-2026\/#breadcrumb\"},\"inLanguage\":\"pt-PT\",\"potentialAction\":[{\"@type\":\"ReadAction\",\"target\":[\"https:\/\/gr-100.com\/pt-pt\/producto\/specialized-tarmac-sl8-quadro-2026\/\"]}]},{\"@type\":\"ImageObject\",\"inLanguage\":\"pt-PT\",\"@id\":\"https:\/\/gr-100.com\/pt-pt\/producto\/specialized-tarmac-sl8-quadro-2026\/#primaryimage\",\"url\":\"https:\/\/gr-100.com\/wp-content\/uploads\/2025\/08\/Diseno-sin-titulo-2025-08-21T120644.092.jpg\",\"contentUrl\":\"https:\/\/gr-100.com\/wp-content\/uploads\/2025\/08\/Diseno-sin-titulo-2025-08-21T120644.092.jpg\",\"width\":1000,\"height\":1000},{\"@type\":\"BreadcrumbList\",\"@id\":\"https:\/\/gr-100.com\/pt-pt\/producto\/specialized-tarmac-sl8-quadro-2026\/#breadcrumb\",\"itemListElement\":[{\"@type\":\"ListItem\",\"position\":1,\"name\":\"Portada\",\"item\":\"https:\/\/gr-100.com\/en\/\"},{\"@type\":\"ListItem\",\"position\":2,\"name\":\"Productos\",\"item\":\"https:\/\/gr-100.com\/?post_type=product\"},{\"@type\":\"ListItem\",\"position\":3,\"name\":\"Specialized Tarmac SL8 Quadro 2026\"}]},{\"@type\":\"WebSite\",\"@id\":\"https:\/\/gr-100.com\/#website\",\"url\":\"https:\/\/gr-100.com\/\",\"name\":\"Gr-100 Tienda de ciclismo Specialized\",\"description\":\"GR-100 tenemos todas las gamas de bicicletas Specialized al mejor precio.\",\"publisher\":{\"@id\":\"https:\/\/gr-100.com\/#organization\"},\"alternateName\":\"Gr-100 Bikes\",\"potentialAction\":[{\"@type\":\"SearchAction\",\"target\":{\"@type\":\"EntryPoint\",\"urlTemplate\":\"https:\/\/gr-100.com\/?s={search_term_string}\"},\"query-input\":{\"@type\":\"PropertyValueSpecification\",\"valueRequired\":true,\"valueName\":\"search_term_string\"}}],\"inLanguage\":\"pt-PT\"},{\"@type\":\"Organization\",\"@id\":\"https:\/\/gr-100.com\/#organization\",\"name\":\"Gr-100\",\"url\":\"https:\/\/gr-100.com\/\",\"logo\":{\"@type\":\"ImageObject\",\"inLanguage\":\"pt-PT\",\"@id\":\"https:\/\/gr-100.com\/#\/schema\/logo\/image\/\",\"url\":\"https:\/\/gr-100.com\/wp-content\/uploads\/2023\/08\/logo-gr-100-bikes.png\",\"contentUrl\":\"https:\/\/gr-100.com\/wp-content\/uploads\/2023\/08\/logo-gr-100-bikes.png\",\"width\":707,\"height\":284,\"caption\":\"Gr-100\"},\"image\":{\"@id\":\"https:\/\/gr-100.com\/#\/schema\/logo\/image\/\"},\"sameAs\":[\"https:\/\/www.facebook.com\/Gr100Bikes\",\"https:\/\/www.instagram.com\/gr100bikes\/\",\"https:\/\/www.tiktok.com\/@gr100bikes\",\"https:\/\/twitter.com\/gr100mtbteam\",\"https:\/\/www.youtube.com\/c\/GR100Specialized\"]}]}<\/script>\n<!-- \/ Yoast SEO Premium plugin. -->","yoast_head_json":{"title":"Specialized Turbo Levo 4 Expert","description":"No hay nada m\u00e1s r\u00e1pido que la Tarmac SL8. \u00bfLa raz\u00f3n? La combinaci\u00f3n que hemos conseguido entre aerodin\u00e1mica, ligereza y una calidad de conducci\u00f3n","robots":{"index":"index","follow":"follow","max-snippet":"max-snippet:-1","max-image-preview":"max-image-preview:large","max-video-preview":"max-video-preview:-1"},"canonical":"https:\/\/gr-100.com\/pt-pt\/producto\/specialized-tarmac-sl8-quadro-2026\/","og_locale":"pt_PT","og_type":"article","og_title":"Specialized Tarmac SL8 Quadro 2026","og_description":"No hay nada m\u00e1s r\u00e1pido que la Tarmac SL8. \u00bfLa raz\u00f3n? La combinaci\u00f3n que hemos conseguido entre aerodin\u00e1mica, ligereza y una calidad de conducci\u00f3n","og_url":"https:\/\/gr-100.com\/pt-pt\/producto\/specialized-tarmac-sl8-quadro-2026\/","og_site_name":"Gr-100 Tienda de ciclismo Specialized","article_publisher":"https:\/\/www.facebook.com\/Gr100Bikes","og_image":[{"width":1000,"height":1000,"url":"https:\/\/gr-100.com\/wp-content\/uploads\/2025\/08\/Diseno-sin-titulo-2025-08-21T120644.092.jpg","type":"image\/jpeg"}],"twitter_card":"summary_large_image","twitter_misc":{"Tempo estimado de leitura":"3 minutos"},"schema":{"@context":"https:\/\/schema.org","@graph":[{"@type":"WebPage","@id":"https:\/\/gr-100.com\/pt-pt\/producto\/specialized-tarmac-sl8-quadro-2026\/","url":"https:\/\/gr-100.com\/pt-pt\/producto\/specialized-tarmac-sl8-quadro-2026\/","name":"Specialized Turbo Levo 4 Expert","isPartOf":{"@id":"https:\/\/gr-100.com\/#website"},"primaryImageOfPage":{"@id":"https:\/\/gr-100.com\/pt-pt\/producto\/specialized-tarmac-sl8-quadro-2026\/#primaryimage"},"image":{"@id":"https:\/\/gr-100.com\/pt-pt\/producto\/specialized-tarmac-sl8-quadro-2026\/#primaryimage"},"thumbnailUrl":"https:\/\/gr-100.com\/wp-content\/uploads\/2025\/08\/Diseno-sin-titulo-2025-08-21T120644.092.jpg","datePublished":"2025-08-21T12:11:40+00:00","description":"No hay nada m\u00e1s r\u00e1pido que la Tarmac SL8. \u00bfLa raz\u00f3n? La combinaci\u00f3n que hemos conseguido entre aerodin\u00e1mica, ligereza y una calidad de conducci\u00f3n","breadcrumb":{"@id":"https:\/\/gr-100.com\/pt-pt\/producto\/specialized-tarmac-sl8-quadro-2026\/#breadcrumb"},"inLanguage":"pt-PT","potentialAction":[{"@type":"ReadAction","target":["https:\/\/gr-100.com\/pt-pt\/producto\/specialized-tarmac-sl8-quadro-2026\/"]}]},{"@type":"ImageObject","inLanguage":"pt-PT","@id":"https:\/\/gr-100.com\/pt-pt\/producto\/specialized-tarmac-sl8-quadro-2026\/#primaryimage","url":"https:\/\/gr-100.com\/wp-content\/uploads\/2025\/08\/Diseno-sin-titulo-2025-08-21T120644.092.jpg","contentUrl":"https:\/\/gr-100.com\/wp-content\/uploads\/2025\/08\/Diseno-sin-titulo-2025-08-21T120644.092.jpg","width":1000,"height":1000},{"@type":"BreadcrumbList","@id":"https:\/\/gr-100.com\/pt-pt\/producto\/specialized-tarmac-sl8-quadro-2026\/#breadcrumb","itemListElement":[{"@type":"ListItem","position":1,"name":"Portada","item":"https:\/\/gr-100.com\/en\/"},{"@type":"ListItem","position":2,"name":"Productos","item":"https:\/\/gr-100.com\/?post_type=product"},{"@type":"ListItem","position":3,"name":"Specialized Tarmac SL8 Quadro 2026"}]},{"@type":"WebSite","@id":"https:\/\/gr-100.com\/#website","url":"https:\/\/gr-100.com\/","name":"Gr-100 Tienda de ciclismo Specialized","description":"GR-100 tenemos todas las gamas de bicicletas Specialized al mejor precio.","publisher":{"@id":"https:\/\/gr-100.com\/#organization"},"alternateName":"Gr-100 Bikes","potentialAction":[{"@type":"SearchAction","target":{"@type":"EntryPoint","urlTemplate":"https:\/\/gr-100.com\/?s={search_term_string}"},"query-input":{"@type":"PropertyValueSpecification","valueRequired":true,"valueName":"search_term_string"}}],"inLanguage":"pt-PT"},{"@type":"Organization","@id":"https:\/\/gr-100.com\/#organization","name":"Gr-100","url":"https:\/\/gr-100.com\/","logo":{"@type":"ImageObject","inLanguage":"pt-PT","@id":"https:\/\/gr-100.com\/#\/schema\/logo\/image\/","url":"https:\/\/gr-100.com\/wp-content\/uploads\/2023\/08\/logo-gr-100-bikes.png","contentUrl":"https:\/\/gr-100.com\/wp-content\/uploads\/2023\/08\/logo-gr-100-bikes.png","width":707,"height":284,"caption":"Gr-100"},"image":{"@id":"https:\/\/gr-100.com\/#\/schema\/logo\/image\/"},"sameAs":["https:\/\/www.facebook.com\/Gr100Bikes","https:\/\/www.instagram.com\/gr100bikes\/","https:\/\/www.tiktok.com\/@gr100bikes","https:\/\/twitter.com\/gr100mtbteam","https:\/\/www.youtube.com\/c\/GR100Specialized"]}]}},"_links":{"self":[{"href":"https:\/\/gr-100.com\/pt-pt\/wp-json\/wp\/v2\/product\/430811","targetHints":{"allow":["GET"]}}],"collection":[{"href":"https:\/\/gr-100.com\/pt-pt\/wp-json\/wp\/v2\/product"}],"about":[{"href":"https:\/\/gr-100.com\/pt-pt\/wp-json\/wp\/v2\/types\/product"}],"replies":[{"embeddable":true,"href":"https:\/\/gr-100.com\/pt-pt\/wp-json\/wp\/v2\/comments?post=430811"}],"wp:featuredmedia":[{"embeddable":true,"href":"https:\/\/gr-100.com\/pt-pt\/wp-json\/wp\/v2\/media\/413585"}],"wp:attachment":[{"href":"https:\/\/gr-100.com\/pt-pt\/wp-json\/wp\/v2\/media?parent=430811"}],"wp:term":[{"taxonomy":"product_brand","embeddable":true,"href":"https:\/\/gr-100.com\/pt-pt\/wp-json\/wp\/v2\/product_brand?post=430811"},{"taxonomy":"product_cat","embeddable":true,"href":"https:\/\/gr-100.com\/pt-pt\/wp-json\/wp\/v2\/product_cat?post=430811"},{"taxonomy":"product_tag","embeddable":true,"href":"https:\/\/gr-100.com\/pt-pt\/wp-json\/wp\/v2\/product_tag?post=430811"}],"curies":[{"name":"wp","href":"https:\/\/api.w.org\/{rel}","templated":true}]}}