{"id":431194,"date":"2025-09-30T17:59:28","date_gmt":"2025-09-30T16:59:28","guid":{"rendered":"https:\/\/gr-100.com\/producto\/roval-alpinist-cockpit-ii-2027\/"},"modified":"2025-09-30T17:59:28","modified_gmt":"2025-09-30T15:59:28","slug":"roval-alpinist-cockpit-ii-2027","status":"publish","type":"product","link":"https:\/\/gr-100.com\/pt-pt\/producto\/roval-alpinist-cockpit-ii-2027\/","title":{"rendered":"Roval Alpinist Cockpit II 2027"},"content":{"rendered":"<ul>\n<li>Pesando solo 270\u202fg, el <strong data-start=\"23\" data-end=\"46\">Alpinist Cockpit II<\/strong> es el m\u00e1s c\u00f3modo que hemos creado hasta ahora: ligero, sensible y dise\u00f1ado a partir de datos de <strong data-start=\"143\" data-end=\"152\">Ret\u00fcl<\/strong> y <strong data-start=\"155\" data-end=\"172\">Body Geometry<\/strong> para ayudar a reducir la fatiga en las manos.<\/li>\n<li>Uso<br \/>\nCiclismo de ruta ligero<\/li>\n<li>Peso<br \/>\n270 g (400&#215;100)<\/li>\n<li>Ergonom\u00eda<br \/>\nPerfeccionada a partir de miles de estudios de ajuste Body Geometry<\/li>\n<li>Dimensiones<br \/>\nAbertura de 4 grados en los drops<\/li>\n<li>Amortiguaci\u00f3n<br \/>\n28,3\u202f% m\u00e1s amortiguaci\u00f3n en comparaci\u00f3n con el modelo Rapide<\/li>\n<li>Enrutamiento de cables<br \/>\nCompatible con Shimano, SRAM y Campagnolo<\/li>\n<\/ul>\n","protected":false},"excerpt":{"rendered":"<p>Una nueva forma en D reduce la presi\u00f3n sobre las manos y aumenta la superficie de apoyo en la parte superior en un 12\u202f% en comparaci\u00f3n con la generaci\u00f3n anterior, al mismo tiempo que ofrece un 28,3\u202f% m\u00e1s de amortiguaci\u00f3n que el cockpit Rapide, proporcionando una comodidad inigualable en recorridos largos.<br \/>\nIntegrado elegantemente en bicicletas Specialized, pero compatible con cualquier marca, ofrece un rendimiento y control de nivel profesional.<\/p>\n","protected":false},"featured_media":418005,"comment_status":"open","ping_status":"closed","template":"","meta":{"_acf_changed":false,"_et_pb_use_builder":"","_et_pb_old_content":"","_et_gb_content_width":"","inline_featured_image":false},"product_brand":[],"product_cat":[379,5146],"product_tag":[],"class_list":{"0":"post-431194","1":"product","2":"type-product","3":"status-publish","4":"has-post-thumbnail","6":"product_cat-componentes-pt-pt","7":"product_cat-guiador","8":"pa_tamanos-100mm-x-380mm-4-flare-pt-pt","9":"pa_tamanos-100mm-x-400mm-4-flare-pt-pt","10":"pa_tamanos-100mm-x-420mm-4-flare-pt-pt","11":"pa_tamanos-110mm-x-380mm-4-flare-pt-pt","12":"pa_tamanos-110mm-x-400mm-4-flare-pt-pt","13":"pa_tamanos-110mm-x-420mm-4-flare-pt-pt","14":"pa_tamanos-110mm-x-440mm-4-flare-pt-pt","15":"pa_tamanos-120mm-x-400mm-4-flare-pt-pt","16":"pa_tamanos-120mm-x-420mm-4-flare-pt-pt","17":"pa_tamanos-120mm-x-440mm-4-flare-pt-pt","18":"pa_tamanos-130mm-x-400mm-4-flare-pt-pt","19":"pa_tamanos-80mm-x-380mm-4-flare-pt-pt","20":"pa_tamanos-90mm-x-380mm-4-flare-pt-pt","21":"pa_tamanos-90mm-x-400mm-4-flare-pt-pt","22":"pa_tamanos-90mm-x-420mm-4-flare-pt-pt","24":"first","25":"instock","26":"taxable","27":"shipping-taxable","28":"purchasable","29":"product-type-variable","30":"wvs-archive-product-wrapper"},"acf":[],"yoast_head":"<!-- This site is optimized with the Yoast SEO Premium plugin v26.7 (Yoast SEO v26.7) - https:\/\/yoast.com\/wordpress\/plugins\/seo\/ -->\n<title>Specialized Turbo Levo 4 Expert<\/title>\n<meta name=\"description\" content=\"Una nueva forma en D reduce la presi\u00f3n sobre las manos y aumenta la superficie de apoyo en la parte superior en un 12\u202f% en comparaci\u00f3n con la generaci\u00f3n anterior, al mismo tiempo que ofrece un 28,3\u202f% m\u00e1s de amortiguaci\u00f3n que el cockpit Rapide, proporcionando una comodidad inigualable en recorridos largos.Integrado elegantemente en bicicletas Specialized, pero compatible con cualquier marca, ofrece un rendimiento y control de nivel profesional.\" \/>\n<meta name=\"robots\" content=\"index, follow, max-snippet:-1, max-image-preview:large, max-video-preview:-1\" \/>\n<link rel=\"canonical\" href=\"https:\/\/gr-100.com\/pt-pt\/producto\/roval-alpinist-cockpit-ii-2027\/\" \/>\n<meta property=\"og:locale\" content=\"pt_PT\" \/>\n<meta property=\"og:type\" content=\"article\" \/>\n<meta property=\"og:title\" content=\"Roval Alpinist Cockpit II 2027\" \/>\n<meta property=\"og:description\" content=\"Una nueva forma en D reduce la presi\u00f3n sobre las manos y aumenta la superficie de apoyo en la parte superior en un 12\u202f% en comparaci\u00f3n con la generaci\u00f3n anterior, al mismo tiempo que ofrece un 28,3\u202f% m\u00e1s de amortiguaci\u00f3n que el cockpit Rapide, proporcionando una comodidad inigualable en recorridos largos.Integrado elegantemente en bicicletas Specialized, pero compatible con cualquier marca, ofrece un rendimiento y control de nivel profesional.\" \/>\n<meta property=\"og:url\" content=\"https:\/\/gr-100.com\/pt-pt\/producto\/roval-alpinist-cockpit-ii-2027\/\" \/>\n<meta property=\"og:site_name\" content=\"Gr-100 Tienda de ciclismo Specialized\" \/>\n<meta property=\"article:publisher\" content=\"https:\/\/www.facebook.com\/Gr100Bikes\" \/>\n<meta property=\"og:image\" content=\"https:\/\/gr-100.com\/wp-content\/uploads\/2025\/09\/Roval-Alpinist-Cockpit-II.jpg\" \/>\n\t<meta property=\"og:image:width\" content=\"1000\" \/>\n\t<meta property=\"og:image:height\" content=\"1000\" \/>\n\t<meta property=\"og:image:type\" content=\"image\/jpeg\" \/>\n<meta name=\"twitter:card\" content=\"summary_large_image\" \/>\n<script type=\"application\/ld+json\" class=\"yoast-schema-graph\">{\"@context\":\"https:\/\/schema.org\",\"@graph\":[{\"@type\":\"WebPage\",\"@id\":\"https:\/\/gr-100.com\/pt-pt\/producto\/roval-alpinist-cockpit-ii-2027\/\",\"url\":\"https:\/\/gr-100.com\/pt-pt\/producto\/roval-alpinist-cockpit-ii-2027\/\",\"name\":\"Specialized Turbo Levo 4 Expert\",\"isPartOf\":{\"@id\":\"https:\/\/gr-100.com\/#website\"},\"primaryImageOfPage\":{\"@id\":\"https:\/\/gr-100.com\/pt-pt\/producto\/roval-alpinist-cockpit-ii-2027\/#primaryimage\"},\"image\":{\"@id\":\"https:\/\/gr-100.com\/pt-pt\/producto\/roval-alpinist-cockpit-ii-2027\/#primaryimage\"},\"thumbnailUrl\":\"https:\/\/gr-100.com\/wp-content\/uploads\/2025\/09\/Roval-Alpinist-Cockpit-II.jpg\",\"datePublished\":\"2025-09-30T16:59:28+00:00\",\"description\":\"Una nueva forma en D reduce la presi\u00f3n sobre las manos y aumenta la superficie de apoyo en la parte superior en un 12\u202f% en comparaci\u00f3n con la generaci\u00f3n anterior, al mismo tiempo que ofrece un 28,3\u202f% m\u00e1s de amortiguaci\u00f3n que el cockpit Rapide, proporcionando una comodidad inigualable en recorridos largos.Integrado elegantemente en bicicletas Specialized, pero compatible con cualquier marca, ofrece un rendimiento y control de nivel profesional.\",\"breadcrumb\":{\"@id\":\"https:\/\/gr-100.com\/pt-pt\/producto\/roval-alpinist-cockpit-ii-2027\/#breadcrumb\"},\"inLanguage\":\"pt-PT\",\"potentialAction\":[{\"@type\":\"ReadAction\",\"target\":[\"https:\/\/gr-100.com\/pt-pt\/producto\/roval-alpinist-cockpit-ii-2027\/\"]}]},{\"@type\":\"ImageObject\",\"inLanguage\":\"pt-PT\",\"@id\":\"https:\/\/gr-100.com\/pt-pt\/producto\/roval-alpinist-cockpit-ii-2027\/#primaryimage\",\"url\":\"https:\/\/gr-100.com\/wp-content\/uploads\/2025\/09\/Roval-Alpinist-Cockpit-II.jpg\",\"contentUrl\":\"https:\/\/gr-100.com\/wp-content\/uploads\/2025\/09\/Roval-Alpinist-Cockpit-II.jpg\",\"width\":1000,\"height\":1000},{\"@type\":\"BreadcrumbList\",\"@id\":\"https:\/\/gr-100.com\/pt-pt\/producto\/roval-alpinist-cockpit-ii-2027\/#breadcrumb\",\"itemListElement\":[{\"@type\":\"ListItem\",\"position\":1,\"name\":\"Portada\",\"item\":\"https:\/\/gr-100.com\/en\/\"},{\"@type\":\"ListItem\",\"position\":2,\"name\":\"Productos\",\"item\":\"https:\/\/gr-100.com\/?post_type=product\"},{\"@type\":\"ListItem\",\"position\":3,\"name\":\"Roval Alpinist Cockpit II 2027\"}]},{\"@type\":\"WebSite\",\"@id\":\"https:\/\/gr-100.com\/#website\",\"url\":\"https:\/\/gr-100.com\/\",\"name\":\"Gr-100 Tienda de ciclismo Specialized\",\"description\":\"GR-100 tenemos todas las gamas de bicicletas Specialized al mejor precio.\",\"publisher\":{\"@id\":\"https:\/\/gr-100.com\/#organization\"},\"alternateName\":\"Gr-100 Bikes\",\"potentialAction\":[{\"@type\":\"SearchAction\",\"target\":{\"@type\":\"EntryPoint\",\"urlTemplate\":\"https:\/\/gr-100.com\/?s={search_term_string}\"},\"query-input\":{\"@type\":\"PropertyValueSpecification\",\"valueRequired\":true,\"valueName\":\"search_term_string\"}}],\"inLanguage\":\"pt-PT\"},{\"@type\":\"Organization\",\"@id\":\"https:\/\/gr-100.com\/#organization\",\"name\":\"Gr-100\",\"url\":\"https:\/\/gr-100.com\/\",\"logo\":{\"@type\":\"ImageObject\",\"inLanguage\":\"pt-PT\",\"@id\":\"https:\/\/gr-100.com\/#\/schema\/logo\/image\/\",\"url\":\"https:\/\/gr-100.com\/wp-content\/uploads\/2023\/08\/logo-gr-100-bikes.png\",\"contentUrl\":\"https:\/\/gr-100.com\/wp-content\/uploads\/2023\/08\/logo-gr-100-bikes.png\",\"width\":707,\"height\":284,\"caption\":\"Gr-100\"},\"image\":{\"@id\":\"https:\/\/gr-100.com\/#\/schema\/logo\/image\/\"},\"sameAs\":[\"https:\/\/www.facebook.com\/Gr100Bikes\",\"https:\/\/www.instagram.com\/gr100bikes\/\",\"https:\/\/www.tiktok.com\/@gr100bikes\",\"https:\/\/twitter.com\/gr100mtbteam\",\"https:\/\/www.youtube.com\/c\/GR100Specialized\"]}]}<\/script>\n<!-- \/ Yoast SEO Premium plugin. -->","yoast_head_json":{"title":"Specialized Turbo Levo 4 Expert","description":"Una nueva forma en D reduce la presi\u00f3n sobre las manos y aumenta la superficie de apoyo en la parte superior en un 12\u202f% en comparaci\u00f3n con la generaci\u00f3n anterior, al mismo tiempo que ofrece un 28,3\u202f% m\u00e1s de amortiguaci\u00f3n que el cockpit Rapide, proporcionando una comodidad inigualable en recorridos largos.Integrado elegantemente en bicicletas Specialized, pero compatible con cualquier marca, ofrece un rendimiento y control de nivel profesional.","robots":{"index":"index","follow":"follow","max-snippet":"max-snippet:-1","max-image-preview":"max-image-preview:large","max-video-preview":"max-video-preview:-1"},"canonical":"https:\/\/gr-100.com\/pt-pt\/producto\/roval-alpinist-cockpit-ii-2027\/","og_locale":"pt_PT","og_type":"article","og_title":"Roval Alpinist Cockpit II 2027","og_description":"Una nueva forma en D reduce la presi\u00f3n sobre las manos y aumenta la superficie de apoyo en la parte superior en un 12\u202f% en comparaci\u00f3n con la generaci\u00f3n anterior, al mismo tiempo que ofrece un 28,3\u202f% m\u00e1s de amortiguaci\u00f3n que el cockpit Rapide, proporcionando una comodidad inigualable en recorridos largos.Integrado elegantemente en bicicletas Specialized, pero compatible con cualquier marca, ofrece un rendimiento y control de nivel profesional.","og_url":"https:\/\/gr-100.com\/pt-pt\/producto\/roval-alpinist-cockpit-ii-2027\/","og_site_name":"Gr-100 Tienda de ciclismo Specialized","article_publisher":"https:\/\/www.facebook.com\/Gr100Bikes","og_image":[{"width":1000,"height":1000,"url":"https:\/\/gr-100.com\/wp-content\/uploads\/2025\/09\/Roval-Alpinist-Cockpit-II.jpg","type":"image\/jpeg"}],"twitter_card":"summary_large_image","schema":{"@context":"https:\/\/schema.org","@graph":[{"@type":"WebPage","@id":"https:\/\/gr-100.com\/pt-pt\/producto\/roval-alpinist-cockpit-ii-2027\/","url":"https:\/\/gr-100.com\/pt-pt\/producto\/roval-alpinist-cockpit-ii-2027\/","name":"Specialized Turbo Levo 4 Expert","isPartOf":{"@id":"https:\/\/gr-100.com\/#website"},"primaryImageOfPage":{"@id":"https:\/\/gr-100.com\/pt-pt\/producto\/roval-alpinist-cockpit-ii-2027\/#primaryimage"},"image":{"@id":"https:\/\/gr-100.com\/pt-pt\/producto\/roval-alpinist-cockpit-ii-2027\/#primaryimage"},"thumbnailUrl":"https:\/\/gr-100.com\/wp-content\/uploads\/2025\/09\/Roval-Alpinist-Cockpit-II.jpg","datePublished":"2025-09-30T16:59:28+00:00","description":"Una nueva forma en D reduce la presi\u00f3n sobre las manos y aumenta la superficie de apoyo en la parte superior en un 12\u202f% en comparaci\u00f3n con la generaci\u00f3n anterior, al mismo tiempo que ofrece un 28,3\u202f% m\u00e1s de amortiguaci\u00f3n que el cockpit Rapide, proporcionando una comodidad inigualable en recorridos largos.Integrado elegantemente en bicicletas Specialized, pero compatible con cualquier marca, ofrece un rendimiento y control de nivel profesional.","breadcrumb":{"@id":"https:\/\/gr-100.com\/pt-pt\/producto\/roval-alpinist-cockpit-ii-2027\/#breadcrumb"},"inLanguage":"pt-PT","potentialAction":[{"@type":"ReadAction","target":["https:\/\/gr-100.com\/pt-pt\/producto\/roval-alpinist-cockpit-ii-2027\/"]}]},{"@type":"ImageObject","inLanguage":"pt-PT","@id":"https:\/\/gr-100.com\/pt-pt\/producto\/roval-alpinist-cockpit-ii-2027\/#primaryimage","url":"https:\/\/gr-100.com\/wp-content\/uploads\/2025\/09\/Roval-Alpinist-Cockpit-II.jpg","contentUrl":"https:\/\/gr-100.com\/wp-content\/uploads\/2025\/09\/Roval-Alpinist-Cockpit-II.jpg","width":1000,"height":1000},{"@type":"BreadcrumbList","@id":"https:\/\/gr-100.com\/pt-pt\/producto\/roval-alpinist-cockpit-ii-2027\/#breadcrumb","itemListElement":[{"@type":"ListItem","position":1,"name":"Portada","item":"https:\/\/gr-100.com\/en\/"},{"@type":"ListItem","position":2,"name":"Productos","item":"https:\/\/gr-100.com\/?post_type=product"},{"@type":"ListItem","position":3,"name":"Roval Alpinist Cockpit II 2027"}]},{"@type":"WebSite","@id":"https:\/\/gr-100.com\/#website","url":"https:\/\/gr-100.com\/","name":"Gr-100 Tienda de ciclismo Specialized","description":"GR-100 tenemos todas las gamas de bicicletas Specialized al mejor precio.","publisher":{"@id":"https:\/\/gr-100.com\/#organization"},"alternateName":"Gr-100 Bikes","potentialAction":[{"@type":"SearchAction","target":{"@type":"EntryPoint","urlTemplate":"https:\/\/gr-100.com\/?s={search_term_string}"},"query-input":{"@type":"PropertyValueSpecification","valueRequired":true,"valueName":"search_term_string"}}],"inLanguage":"pt-PT"},{"@type":"Organization","@id":"https:\/\/gr-100.com\/#organization","name":"Gr-100","url":"https:\/\/gr-100.com\/","logo":{"@type":"ImageObject","inLanguage":"pt-PT","@id":"https:\/\/gr-100.com\/#\/schema\/logo\/image\/","url":"https:\/\/gr-100.com\/wp-content\/uploads\/2023\/08\/logo-gr-100-bikes.png","contentUrl":"https:\/\/gr-100.com\/wp-content\/uploads\/2023\/08\/logo-gr-100-bikes.png","width":707,"height":284,"caption":"Gr-100"},"image":{"@id":"https:\/\/gr-100.com\/#\/schema\/logo\/image\/"},"sameAs":["https:\/\/www.facebook.com\/Gr100Bikes","https:\/\/www.instagram.com\/gr100bikes\/","https:\/\/www.tiktok.com\/@gr100bikes","https:\/\/twitter.com\/gr100mtbteam","https:\/\/www.youtube.com\/c\/GR100Specialized"]}]}},"_links":{"self":[{"href":"https:\/\/gr-100.com\/pt-pt\/wp-json\/wp\/v2\/product\/431194","targetHints":{"allow":["GET"]}}],"collection":[{"href":"https:\/\/gr-100.com\/pt-pt\/wp-json\/wp\/v2\/product"}],"about":[{"href":"https:\/\/gr-100.com\/pt-pt\/wp-json\/wp\/v2\/types\/product"}],"replies":[{"embeddable":true,"href":"https:\/\/gr-100.com\/pt-pt\/wp-json\/wp\/v2\/comments?post=431194"}],"wp:featuredmedia":[{"embeddable":true,"href":"https:\/\/gr-100.com\/pt-pt\/wp-json\/wp\/v2\/media\/418005"}],"wp:attachment":[{"href":"https:\/\/gr-100.com\/pt-pt\/wp-json\/wp\/v2\/media?parent=431194"}],"wp:term":[{"taxonomy":"product_brand","embeddable":true,"href":"https:\/\/gr-100.com\/pt-pt\/wp-json\/wp\/v2\/product_brand?post=431194"},{"taxonomy":"product_cat","embeddable":true,"href":"https:\/\/gr-100.com\/pt-pt\/wp-json\/wp\/v2\/product_cat?post=431194"},{"taxonomy":"product_tag","embeddable":true,"href":"https:\/\/gr-100.com\/pt-pt\/wp-json\/wp\/v2\/product_tag?post=431194"}],"curies":[{"name":"wp","href":"https:\/\/api.w.org\/{rel}","templated":true}]}}