{"id":431645,"date":"2026-01-26T13:52:04","date_gmt":"2026-01-26T11:52:04","guid":{"rendered":"https:\/\/gr-100.com\/?post_type=product&#038;p=431645"},"modified":"2026-01-26T13:52:05","modified_gmt":"2026-01-26T11:52:05","slug":"specialized-levo-4-extensor-de-potencia-total-280wh","status":"publish","type":"product","link":"https:\/\/gr-100.com\/pt-pt\/producto\/specialized-levo-4-extensor-de-potencia-total-280wh\/","title":{"rendered":"Specialized Levo 4 Extensor de pot\u00eancia total 280Wh"},"content":{"rendered":"<ul>\n<li>Mais pot\u00eancia. Mais alcance. Mais aventura. Diverte-te mais.   <\/li>\n<li>Queres sempre mais? N\u00f3s compreendemos-te. Liga-o e continua a pedalar.  <\/li>\n<li>O Range Extender 3.1 conecta-se perfeitamente ao sistema de alimenta\u00e7\u00e3o completo da Levo 4. Simplesmente prende-o ao porta-garrafas e liga-o para obteres 280Wh extra. Isso significa at\u00e9 90 minutos mais de divers\u00e3o, dependendo do consumo, peso e terreno. <\/li>\n<\/ul>\n","protected":false},"excerpt":{"rendered":"<p>O Range Extender 3.1 conecta-se perfeitamente ao sistema de alimenta\u00e7\u00e3o completo da Levo 4. Simplesmente prende-o ao porta-garrafas e liga-o para obteres 280Wh extra. Isso significa at\u00e9 90 minutos mais de divers\u00e3o, dependendo do consumo, peso e terreno. <\/p>\n","protected":false},"featured_media":431643,"comment_status":"open","ping_status":"closed","template":"","meta":{"_acf_changed":false,"_et_pb_use_builder":"","_et_pb_old_content":"","_et_gb_content_width":"","inline_featured_image":false},"product_brand":[],"product_cat":[361,3669],"product_tag":[],"class_list":{"0":"post-431645","1":"product","2":"type-product","3":"status-publish","4":"has-post-thumbnail","6":"product_cat-acessorios","7":"product_cat-acessorios-acessorios-2","9":"first","10":"instock","11":"taxable","12":"shipping-taxable","13":"purchasable","14":"product-type-simple"},"acf":[],"yoast_head":"<!-- This site is optimized with the Yoast SEO Premium plugin v26.7 (Yoast SEO v26.7) - https:\/\/yoast.com\/wordpress\/plugins\/seo\/ -->\n<title>Specialized Turbo Levo 4 Expert<\/title>\n<meta name=\"description\" content=\"O Range Extender 3.1 liga-se perfeitamente ao sistema de pot\u00eancia total da Levo 4. Basta fix\u00e1-lo ao porta-garrafas e lig\u00e1-lo para obteres 280Wh extra. Equivale a at\u00e9 90 minutos mais de divers\u00e3o, dependendo do consumo, peso e terreno.\" \/>\n<meta name=\"robots\" content=\"index, follow, max-snippet:-1, max-image-preview:large, max-video-preview:-1\" \/>\n<link rel=\"canonical\" href=\"https:\/\/gr-100.com\/pt-pt\/producto\/specialized-levo-4-extensor-de-potencia-total-280wh\/\" \/>\n<meta property=\"og:locale\" content=\"pt_PT\" \/>\n<meta property=\"og:type\" content=\"article\" \/>\n<meta property=\"og:title\" content=\"Specialized Levo 4 Extensor de pot\u00eancia total 280Wh\" \/>\n<meta property=\"og:description\" content=\"O Range Extender 3.1 liga-se perfeitamente ao sistema de pot\u00eancia total da Levo 4. Basta fix\u00e1-lo ao porta-garrafas e lig\u00e1-lo para obteres 280Wh extra. Equivale a at\u00e9 90 minutos mais de divers\u00e3o, dependendo do consumo, peso e terreno.\" \/>\n<meta property=\"og:url\" content=\"https:\/\/gr-100.com\/pt-pt\/producto\/specialized-levo-4-extensor-de-potencia-total-280wh\/\" \/>\n<meta property=\"og:site_name\" content=\"Gr-100 Tienda de ciclismo Specialized\" \/>\n<meta property=\"article:publisher\" content=\"https:\/\/www.facebook.com\/Gr100Bikes\" \/>\n<meta property=\"article:modified_time\" content=\"2026-01-26T11:52:05+00:00\" \/>\n<meta property=\"og:image\" content=\"https:\/\/gr-100.com\/wp-content\/uploads\/2026\/01\/Diseno-sin-titulo-2026-01-26T124450.663.jpg\" \/>\n\t<meta property=\"og:image:width\" content=\"1000\" \/>\n\t<meta property=\"og:image:height\" content=\"1000\" \/>\n\t<meta property=\"og:image:type\" content=\"image\/jpeg\" \/>\n<meta name=\"twitter:card\" content=\"summary_large_image\" \/>\n<script type=\"application\/ld+json\" class=\"yoast-schema-graph\">{\"@context\":\"https:\/\/schema.org\",\"@graph\":[{\"@type\":\"WebPage\",\"@id\":\"https:\/\/gr-100.com\/pt-pt\/producto\/specialized-levo-4-extensor-de-potencia-total-280wh\/\",\"url\":\"https:\/\/gr-100.com\/pt-pt\/producto\/specialized-levo-4-extensor-de-potencia-total-280wh\/\",\"name\":\"Specialized Turbo Levo 4 Expert\",\"isPartOf\":{\"@id\":\"https:\/\/gr-100.com\/#website\"},\"primaryImageOfPage\":{\"@id\":\"https:\/\/gr-100.com\/pt-pt\/producto\/specialized-levo-4-extensor-de-potencia-total-280wh\/#primaryimage\"},\"image\":{\"@id\":\"https:\/\/gr-100.com\/pt-pt\/producto\/specialized-levo-4-extensor-de-potencia-total-280wh\/#primaryimage\"},\"thumbnailUrl\":\"https:\/\/gr-100.com\/wp-content\/uploads\/2026\/01\/Diseno-sin-titulo-2026-01-26T124450.663.jpg\",\"datePublished\":\"2026-01-26T11:52:04+00:00\",\"dateModified\":\"2026-01-26T11:52:05+00:00\",\"description\":\"O Range Extender 3.1 liga-se perfeitamente ao sistema de pot\u00eancia total da Levo 4. Basta fix\u00e1-lo ao porta-garrafas e lig\u00e1-lo para obteres 280Wh extra. Equivale a at\u00e9 90 minutos mais de divers\u00e3o, dependendo do consumo, peso e terreno.\",\"breadcrumb\":{\"@id\":\"https:\/\/gr-100.com\/pt-pt\/producto\/specialized-levo-4-extensor-de-potencia-total-280wh\/#breadcrumb\"},\"inLanguage\":\"pt-PT\",\"potentialAction\":[{\"@type\":\"ReadAction\",\"target\":[\"https:\/\/gr-100.com\/pt-pt\/producto\/specialized-levo-4-extensor-de-potencia-total-280wh\/\"]}]},{\"@type\":\"ImageObject\",\"inLanguage\":\"pt-PT\",\"@id\":\"https:\/\/gr-100.com\/pt-pt\/producto\/specialized-levo-4-extensor-de-potencia-total-280wh\/#primaryimage\",\"url\":\"https:\/\/gr-100.com\/wp-content\/uploads\/2026\/01\/Diseno-sin-titulo-2026-01-26T124450.663.jpg\",\"contentUrl\":\"https:\/\/gr-100.com\/wp-content\/uploads\/2026\/01\/Diseno-sin-titulo-2026-01-26T124450.663.jpg\",\"width\":1000,\"height\":1000},{\"@type\":\"BreadcrumbList\",\"@id\":\"https:\/\/gr-100.com\/pt-pt\/producto\/specialized-levo-4-extensor-de-potencia-total-280wh\/#breadcrumb\",\"itemListElement\":[{\"@type\":\"ListItem\",\"position\":1,\"name\":\"Portada\",\"item\":\"https:\/\/gr-100.com\/en\/\"},{\"@type\":\"ListItem\",\"position\":2,\"name\":\"Productos\",\"item\":\"https:\/\/gr-100.com\/?post_type=product\"},{\"@type\":\"ListItem\",\"position\":3,\"name\":\"Specialized Levo 4 Extensor de pot\u00eancia total 280Wh\"}]},{\"@type\":\"WebSite\",\"@id\":\"https:\/\/gr-100.com\/#website\",\"url\":\"https:\/\/gr-100.com\/\",\"name\":\"Gr-100 Tienda de ciclismo Specialized\",\"description\":\"GR-100 tenemos todas las gamas de bicicletas Specialized al mejor precio.\",\"publisher\":{\"@id\":\"https:\/\/gr-100.com\/#organization\"},\"alternateName\":\"Gr-100 Bikes\",\"potentialAction\":[{\"@type\":\"SearchAction\",\"target\":{\"@type\":\"EntryPoint\",\"urlTemplate\":\"https:\/\/gr-100.com\/?s={search_term_string}\"},\"query-input\":{\"@type\":\"PropertyValueSpecification\",\"valueRequired\":true,\"valueName\":\"search_term_string\"}}],\"inLanguage\":\"pt-PT\"},{\"@type\":\"Organization\",\"@id\":\"https:\/\/gr-100.com\/#organization\",\"name\":\"Gr-100\",\"url\":\"https:\/\/gr-100.com\/\",\"logo\":{\"@type\":\"ImageObject\",\"inLanguage\":\"pt-PT\",\"@id\":\"https:\/\/gr-100.com\/#\/schema\/logo\/image\/\",\"url\":\"https:\/\/gr-100.com\/wp-content\/uploads\/2023\/08\/logo-gr-100-bikes.png\",\"contentUrl\":\"https:\/\/gr-100.com\/wp-content\/uploads\/2023\/08\/logo-gr-100-bikes.png\",\"width\":707,\"height\":284,\"caption\":\"Gr-100\"},\"image\":{\"@id\":\"https:\/\/gr-100.com\/#\/schema\/logo\/image\/\"},\"sameAs\":[\"https:\/\/www.facebook.com\/Gr100Bikes\",\"https:\/\/www.instagram.com\/gr100bikes\/\",\"https:\/\/www.tiktok.com\/@gr100bikes\",\"https:\/\/twitter.com\/gr100mtbteam\",\"https:\/\/www.youtube.com\/c\/GR100Specialized\"]}]}<\/script>\n<!-- \/ Yoast SEO Premium plugin. -->","yoast_head_json":{"title":"Specialized Turbo Levo 4 Expert","description":"O Range Extender 3.1 liga-se perfeitamente ao sistema de pot\u00eancia total da Levo 4. Basta fix\u00e1-lo ao porta-garrafas e lig\u00e1-lo para obteres 280Wh extra. Equivale a at\u00e9 90 minutos mais de divers\u00e3o, dependendo do consumo, peso e terreno.","robots":{"index":"index","follow":"follow","max-snippet":"max-snippet:-1","max-image-preview":"max-image-preview:large","max-video-preview":"max-video-preview:-1"},"canonical":"https:\/\/gr-100.com\/pt-pt\/producto\/specialized-levo-4-extensor-de-potencia-total-280wh\/","og_locale":"pt_PT","og_type":"article","og_title":"Specialized Levo 4 Extensor de pot\u00eancia total 280Wh","og_description":"O Range Extender 3.1 liga-se perfeitamente ao sistema de pot\u00eancia total da Levo 4. Basta fix\u00e1-lo ao porta-garrafas e lig\u00e1-lo para obteres 280Wh extra. Equivale a at\u00e9 90 minutos mais de divers\u00e3o, dependendo do consumo, peso e terreno.","og_url":"https:\/\/gr-100.com\/pt-pt\/producto\/specialized-levo-4-extensor-de-potencia-total-280wh\/","og_site_name":"Gr-100 Tienda de ciclismo Specialized","article_publisher":"https:\/\/www.facebook.com\/Gr100Bikes","article_modified_time":"2026-01-26T11:52:05+00:00","og_image":[{"width":1000,"height":1000,"url":"https:\/\/gr-100.com\/wp-content\/uploads\/2026\/01\/Diseno-sin-titulo-2026-01-26T124450.663.jpg","type":"image\/jpeg"}],"twitter_card":"summary_large_image","schema":{"@context":"https:\/\/schema.org","@graph":[{"@type":"WebPage","@id":"https:\/\/gr-100.com\/pt-pt\/producto\/specialized-levo-4-extensor-de-potencia-total-280wh\/","url":"https:\/\/gr-100.com\/pt-pt\/producto\/specialized-levo-4-extensor-de-potencia-total-280wh\/","name":"Specialized Turbo Levo 4 Expert","isPartOf":{"@id":"https:\/\/gr-100.com\/#website"},"primaryImageOfPage":{"@id":"https:\/\/gr-100.com\/pt-pt\/producto\/specialized-levo-4-extensor-de-potencia-total-280wh\/#primaryimage"},"image":{"@id":"https:\/\/gr-100.com\/pt-pt\/producto\/specialized-levo-4-extensor-de-potencia-total-280wh\/#primaryimage"},"thumbnailUrl":"https:\/\/gr-100.com\/wp-content\/uploads\/2026\/01\/Diseno-sin-titulo-2026-01-26T124450.663.jpg","datePublished":"2026-01-26T11:52:04+00:00","dateModified":"2026-01-26T11:52:05+00:00","description":"O Range Extender 3.1 liga-se perfeitamente ao sistema de pot\u00eancia total da Levo 4. Basta fix\u00e1-lo ao porta-garrafas e lig\u00e1-lo para obteres 280Wh extra. Equivale a at\u00e9 90 minutos mais de divers\u00e3o, dependendo do consumo, peso e terreno.","breadcrumb":{"@id":"https:\/\/gr-100.com\/pt-pt\/producto\/specialized-levo-4-extensor-de-potencia-total-280wh\/#breadcrumb"},"inLanguage":"pt-PT","potentialAction":[{"@type":"ReadAction","target":["https:\/\/gr-100.com\/pt-pt\/producto\/specialized-levo-4-extensor-de-potencia-total-280wh\/"]}]},{"@type":"ImageObject","inLanguage":"pt-PT","@id":"https:\/\/gr-100.com\/pt-pt\/producto\/specialized-levo-4-extensor-de-potencia-total-280wh\/#primaryimage","url":"https:\/\/gr-100.com\/wp-content\/uploads\/2026\/01\/Diseno-sin-titulo-2026-01-26T124450.663.jpg","contentUrl":"https:\/\/gr-100.com\/wp-content\/uploads\/2026\/01\/Diseno-sin-titulo-2026-01-26T124450.663.jpg","width":1000,"height":1000},{"@type":"BreadcrumbList","@id":"https:\/\/gr-100.com\/pt-pt\/producto\/specialized-levo-4-extensor-de-potencia-total-280wh\/#breadcrumb","itemListElement":[{"@type":"ListItem","position":1,"name":"Portada","item":"https:\/\/gr-100.com\/en\/"},{"@type":"ListItem","position":2,"name":"Productos","item":"https:\/\/gr-100.com\/?post_type=product"},{"@type":"ListItem","position":3,"name":"Specialized Levo 4 Extensor de pot\u00eancia total 280Wh"}]},{"@type":"WebSite","@id":"https:\/\/gr-100.com\/#website","url":"https:\/\/gr-100.com\/","name":"Gr-100 Tienda de ciclismo Specialized","description":"GR-100 tenemos todas las gamas de bicicletas Specialized al mejor precio.","publisher":{"@id":"https:\/\/gr-100.com\/#organization"},"alternateName":"Gr-100 Bikes","potentialAction":[{"@type":"SearchAction","target":{"@type":"EntryPoint","urlTemplate":"https:\/\/gr-100.com\/?s={search_term_string}"},"query-input":{"@type":"PropertyValueSpecification","valueRequired":true,"valueName":"search_term_string"}}],"inLanguage":"pt-PT"},{"@type":"Organization","@id":"https:\/\/gr-100.com\/#organization","name":"Gr-100","url":"https:\/\/gr-100.com\/","logo":{"@type":"ImageObject","inLanguage":"pt-PT","@id":"https:\/\/gr-100.com\/#\/schema\/logo\/image\/","url":"https:\/\/gr-100.com\/wp-content\/uploads\/2023\/08\/logo-gr-100-bikes.png","contentUrl":"https:\/\/gr-100.com\/wp-content\/uploads\/2023\/08\/logo-gr-100-bikes.png","width":707,"height":284,"caption":"Gr-100"},"image":{"@id":"https:\/\/gr-100.com\/#\/schema\/logo\/image\/"},"sameAs":["https:\/\/www.facebook.com\/Gr100Bikes","https:\/\/www.instagram.com\/gr100bikes\/","https:\/\/www.tiktok.com\/@gr100bikes","https:\/\/twitter.com\/gr100mtbteam","https:\/\/www.youtube.com\/c\/GR100Specialized"]}]}},"_links":{"self":[{"href":"https:\/\/gr-100.com\/pt-pt\/wp-json\/wp\/v2\/product\/431645","targetHints":{"allow":["GET"]}}],"collection":[{"href":"https:\/\/gr-100.com\/pt-pt\/wp-json\/wp\/v2\/product"}],"about":[{"href":"https:\/\/gr-100.com\/pt-pt\/wp-json\/wp\/v2\/types\/product"}],"replies":[{"embeddable":true,"href":"https:\/\/gr-100.com\/pt-pt\/wp-json\/wp\/v2\/comments?post=431645"}],"wp:featuredmedia":[{"embeddable":true,"href":"https:\/\/gr-100.com\/pt-pt\/wp-json\/wp\/v2\/media\/431643"}],"wp:attachment":[{"href":"https:\/\/gr-100.com\/pt-pt\/wp-json\/wp\/v2\/media?parent=431645"}],"wp:term":[{"taxonomy":"product_brand","embeddable":true,"href":"https:\/\/gr-100.com\/pt-pt\/wp-json\/wp\/v2\/product_brand?post=431645"},{"taxonomy":"product_cat","embeddable":true,"href":"https:\/\/gr-100.com\/pt-pt\/wp-json\/wp\/v2\/product_cat?post=431645"},{"taxonomy":"product_tag","embeddable":true,"href":"https:\/\/gr-100.com\/pt-pt\/wp-json\/wp\/v2\/product_tag?post=431645"}],"curies":[{"name":"wp","href":"https:\/\/api.w.org\/{rel}","templated":true}]}}