{"id":431652,"date":"2024-07-01T09:19:34","date_gmt":"2024-07-01T07:19:34","guid":{"rendered":"https:\/\/gr-100.com\/producto\/specialized-romin-evo-comp-gel-blk\/"},"modified":"2026-03-18T15:49:03","modified_gmt":"2026-03-18T14:49:03","slug":"specialized-romin-evo-comp-gel-blk","status":"publish","type":"product","link":"https:\/\/gr-100.com\/pt-pt\/producto\/specialized-romin-evo-comp-gel-blk\/","title":{"rendered":"Specialized Romin Evo Comp Gel Blk"},"content":{"rendered":"<ul>\n<li>Design Body Geometry patenteado e testado em laborat\u00f3rio para garantir um fluxo sangu\u00edneo adequado nas art\u00e9rias sens\u00edveis.<\/li>\n<li>Concha r\u00edgida refor\u00e7ada com carbono para maior durabilidade e efici\u00eancia em passeios durante todo o dia.<\/li>\n<li>Espuma de PU leve com inser\u00e7\u00f5es de gel para maior conforto em percursos mais longos.<\/li>\n<li>Carris Cr-Mo leves e resistentes.<\/li>\n<li>Cobertura Micromatrix\u2122 duradoura, leve e imperme\u00e1vel.<\/li>\n<li>N\u00edvel de acolchoamento 2: acolchoamento de densidade m\u00e9dia, boa sensa\u00e7\u00e3o na bicicleta e a quantidade certa de acolchoamento.<\/li>\n<li>Compat\u00edvel com montagem SWAT\u2122, com roscas localizadas na base do selim para integra\u00e7\u00e3o total em solu\u00e7\u00f5es de armazenamento.<\/li>\n<li>Tamanho 143 mm \/ Peso 273 g<\/li>\n<li>Tamanho 155 mm \/ Peso 285 g<\/li>\n<li>Tamanho 168 mm \/ Peso 285 g<\/li>\n<\/ul>\n","protected":false},"excerpt":{"rendered":"<p>Mant\u00e9m o peso e a aerodin\u00e2mica sem sacrificar o conforto. O leve Romin EVO Comp Gel, com carris de liga leve, \u00e9 um selim de estrada com contornos que te permite alcan\u00e7ar uma posi\u00e7\u00e3o ideal para a transfer\u00eancia de pot\u00eancia e desfrutar de conforto quando d\u00e1s o teu melhor em competi\u00e7\u00e3o. As inser\u00e7\u00f5es de gel e a espuma de apoio aumentam o conforto, permitindo uma posi\u00e7\u00e3o de corrida mais aerodin\u00e2mica, enquanto o canal Body Geometry foi concebido para maximizar o fluxo sangu\u00edneo durante as tuas pedaladas.  <\/p>\n","protected":false},"featured_media":269721,"comment_status":"closed","ping_status":"closed","template":"","meta":{"_acf_changed":false,"_et_pb_use_builder":"","_et_pb_old_content":"","_et_gb_content_width":"","inline_featured_image":false},"product_brand":[],"product_cat":[379,388],"product_tag":[],"class_list":{"0":"post-431652","1":"product","2":"type-product","3":"status-publish","4":"has-post-thumbnail","6":"product_cat-componentes-pt-pt","7":"product_cat-selins","8":"product_shipping_class-componentes-pt-pt","10":"first","11":"instock","12":"taxable","13":"shipping-taxable","14":"purchasable","15":"product-type-variable","16":"wvs-archive-product-wrapper"},"acf":[],"yoast_head":"<!-- This site is optimized with the Yoast SEO Premium plugin v26.7 (Yoast SEO v26.7) - https:\/\/yoast.com\/wordpress\/plugins\/seo\/ -->\n<title>Specialized Romin Evo Comp Gel Blk - GR-100<\/title>\n<meta name=\"description\" content=\"SPECIALIZED ROMIN EVO COMP GEL SADDLE BLK 155, Mant\u00e9m o peso e a aerodin\u00e2mica sem sacrificar o conforto, com carris de liga leve.\" \/>\n<meta name=\"robots\" content=\"index, follow, max-snippet:-1, max-image-preview:large, max-video-preview:-1\" \/>\n<link rel=\"canonical\" href=\"https:\/\/gr-100.com\/pt-pt\/producto\/specialized-romin-evo-comp-gel-blk\/\" \/>\n<meta property=\"og:locale\" content=\"pt_PT\" \/>\n<meta property=\"og:type\" content=\"article\" \/>\n<meta property=\"og:title\" content=\"Specialized Romin Evo Comp Gel Blk\" \/>\n<meta property=\"og:description\" content=\"SPECIALIZED ROMIN EVO COMP GEL SADDLE BLK 155, Mant\u00e9m o peso e a aerodin\u00e2mica sem sacrificar o conforto, com carris de liga leve.\" \/>\n<meta property=\"og:url\" content=\"https:\/\/gr-100.com\/pt-pt\/producto\/specialized-romin-evo-comp-gel-blk\/\" \/>\n<meta property=\"og:site_name\" content=\"Gr-100 Tienda de ciclismo Specialized\" \/>\n<meta property=\"article:publisher\" content=\"https:\/\/www.facebook.com\/Gr100Bikes\" \/>\n<meta property=\"article:modified_time\" content=\"2026-03-18T14:49:03+00:00\" \/>\n<meta property=\"og:image\" content=\"https:\/\/gr-100.com\/wp-content\/uploads\/2024\/05\/00-27116-720_SDDL_ROMIN-EVO.jpg\" \/>\n\t<meta property=\"og:image:width\" content=\"1000\" \/>\n\t<meta property=\"og:image:height\" content=\"1000\" \/>\n\t<meta property=\"og:image:type\" content=\"image\/jpeg\" \/>\n<meta name=\"twitter:card\" content=\"summary_large_image\" \/>\n<meta name=\"twitter:label1\" content=\"Tempo estimado de leitura\" \/>\n\t<meta name=\"twitter:data1\" content=\"1 minuto\" \/>\n<script type=\"application\/ld+json\" class=\"yoast-schema-graph\">{\"@context\":\"https:\/\/schema.org\",\"@graph\":[{\"@type\":\"WebPage\",\"@id\":\"https:\/\/gr-100.com\/pt-pt\/producto\/specialized-romin-evo-comp-gel-blk\/\",\"url\":\"https:\/\/gr-100.com\/pt-pt\/producto\/specialized-romin-evo-comp-gel-blk\/\",\"name\":\"Specialized Romin Evo Comp Gel Blk - GR-100\",\"isPartOf\":{\"@id\":\"https:\/\/gr-100.com\/#website\"},\"primaryImageOfPage\":{\"@id\":\"https:\/\/gr-100.com\/pt-pt\/producto\/specialized-romin-evo-comp-gel-blk\/#primaryimage\"},\"image\":{\"@id\":\"https:\/\/gr-100.com\/pt-pt\/producto\/specialized-romin-evo-comp-gel-blk\/#primaryimage\"},\"thumbnailUrl\":\"https:\/\/gr-100.com\/wp-content\/uploads\/2024\/05\/00-27116-720_SDDL_ROMIN-EVO.jpg\",\"datePublished\":\"2024-07-01T07:19:34+00:00\",\"dateModified\":\"2026-03-18T14:49:03+00:00\",\"description\":\"SPECIALIZED ROMIN EVO COMP GEL SADDLE BLK 155, Mant\u00e9m o peso e a aerodin\u00e2mica sem sacrificar o conforto, com carris de liga leve.\",\"breadcrumb\":{\"@id\":\"https:\/\/gr-100.com\/pt-pt\/producto\/specialized-romin-evo-comp-gel-blk\/#breadcrumb\"},\"inLanguage\":\"pt-PT\",\"potentialAction\":[{\"@type\":\"ReadAction\",\"target\":[\"https:\/\/gr-100.com\/pt-pt\/producto\/specialized-romin-evo-comp-gel-blk\/\"]}]},{\"@type\":\"ImageObject\",\"inLanguage\":\"pt-PT\",\"@id\":\"https:\/\/gr-100.com\/pt-pt\/producto\/specialized-romin-evo-comp-gel-blk\/#primaryimage\",\"url\":\"https:\/\/gr-100.com\/wp-content\/uploads\/2024\/05\/00-27116-720_SDDL_ROMIN-EVO.jpg\",\"contentUrl\":\"https:\/\/gr-100.com\/wp-content\/uploads\/2024\/05\/00-27116-720_SDDL_ROMIN-EVO.jpg\",\"width\":1000,\"height\":1000},{\"@type\":\"BreadcrumbList\",\"@id\":\"https:\/\/gr-100.com\/pt-pt\/producto\/specialized-romin-evo-comp-gel-blk\/#breadcrumb\",\"itemListElement\":[{\"@type\":\"ListItem\",\"position\":1,\"name\":\"Portada\",\"item\":\"https:\/\/gr-100.com\/en\/\"},{\"@type\":\"ListItem\",\"position\":2,\"name\":\"Productos\",\"item\":\"https:\/\/gr-100.com\/?post_type=product\"},{\"@type\":\"ListItem\",\"position\":3,\"name\":\"Specialized Romin Evo Comp Gel Blk\"}]},{\"@type\":\"WebSite\",\"@id\":\"https:\/\/gr-100.com\/#website\",\"url\":\"https:\/\/gr-100.com\/\",\"name\":\"Gr-100 Tienda de ciclismo Specialized\",\"description\":\"GR-100 tenemos todas las gamas de bicicletas Specialized al mejor precio.\",\"publisher\":{\"@id\":\"https:\/\/gr-100.com\/#organization\"},\"alternateName\":\"Gr-100 Bikes\",\"potentialAction\":[{\"@type\":\"SearchAction\",\"target\":{\"@type\":\"EntryPoint\",\"urlTemplate\":\"https:\/\/gr-100.com\/?s={search_term_string}\"},\"query-input\":{\"@type\":\"PropertyValueSpecification\",\"valueRequired\":true,\"valueName\":\"search_term_string\"}}],\"inLanguage\":\"pt-PT\"},{\"@type\":\"Organization\",\"@id\":\"https:\/\/gr-100.com\/#organization\",\"name\":\"Gr-100\",\"url\":\"https:\/\/gr-100.com\/\",\"logo\":{\"@type\":\"ImageObject\",\"inLanguage\":\"pt-PT\",\"@id\":\"https:\/\/gr-100.com\/#\/schema\/logo\/image\/\",\"url\":\"https:\/\/gr-100.com\/wp-content\/uploads\/2023\/08\/logo-gr-100-bikes.png\",\"contentUrl\":\"https:\/\/gr-100.com\/wp-content\/uploads\/2023\/08\/logo-gr-100-bikes.png\",\"width\":707,\"height\":284,\"caption\":\"Gr-100\"},\"image\":{\"@id\":\"https:\/\/gr-100.com\/#\/schema\/logo\/image\/\"},\"sameAs\":[\"https:\/\/www.facebook.com\/Gr100Bikes\",\"https:\/\/www.instagram.com\/gr100bikes\/\",\"https:\/\/www.tiktok.com\/@gr100bikes\",\"https:\/\/twitter.com\/gr100mtbteam\",\"https:\/\/www.youtube.com\/c\/GR100Specialized\"]}]}<\/script>\n<!-- \/ Yoast SEO Premium plugin. -->","yoast_head_json":{"title":"Specialized Romin Evo Comp Gel Blk - GR-100","description":"SPECIALIZED ROMIN EVO COMP GEL SADDLE BLK 155, Mant\u00e9m o peso e a aerodin\u00e2mica sem sacrificar o conforto, com carris de liga leve.","robots":{"index":"index","follow":"follow","max-snippet":"max-snippet:-1","max-image-preview":"max-image-preview:large","max-video-preview":"max-video-preview:-1"},"canonical":"https:\/\/gr-100.com\/pt-pt\/producto\/specialized-romin-evo-comp-gel-blk\/","og_locale":"pt_PT","og_type":"article","og_title":"Specialized Romin Evo Comp Gel Blk","og_description":"SPECIALIZED ROMIN EVO COMP GEL SADDLE BLK 155, Mant\u00e9m o peso e a aerodin\u00e2mica sem sacrificar o conforto, com carris de liga leve.","og_url":"https:\/\/gr-100.com\/pt-pt\/producto\/specialized-romin-evo-comp-gel-blk\/","og_site_name":"Gr-100 Tienda de ciclismo Specialized","article_publisher":"https:\/\/www.facebook.com\/Gr100Bikes","article_modified_time":"2026-03-18T14:49:03+00:00","og_image":[{"width":1000,"height":1000,"url":"https:\/\/gr-100.com\/wp-content\/uploads\/2024\/05\/00-27116-720_SDDL_ROMIN-EVO.jpg","type":"image\/jpeg"}],"twitter_card":"summary_large_image","twitter_misc":{"Tempo estimado de leitura":"1 minuto"},"schema":{"@context":"https:\/\/schema.org","@graph":[{"@type":"WebPage","@id":"https:\/\/gr-100.com\/pt-pt\/producto\/specialized-romin-evo-comp-gel-blk\/","url":"https:\/\/gr-100.com\/pt-pt\/producto\/specialized-romin-evo-comp-gel-blk\/","name":"Specialized Romin Evo Comp Gel Blk - GR-100","isPartOf":{"@id":"https:\/\/gr-100.com\/#website"},"primaryImageOfPage":{"@id":"https:\/\/gr-100.com\/pt-pt\/producto\/specialized-romin-evo-comp-gel-blk\/#primaryimage"},"image":{"@id":"https:\/\/gr-100.com\/pt-pt\/producto\/specialized-romin-evo-comp-gel-blk\/#primaryimage"},"thumbnailUrl":"https:\/\/gr-100.com\/wp-content\/uploads\/2024\/05\/00-27116-720_SDDL_ROMIN-EVO.jpg","datePublished":"2024-07-01T07:19:34+00:00","dateModified":"2026-03-18T14:49:03+00:00","description":"SPECIALIZED ROMIN EVO COMP GEL SADDLE BLK 155, Mant\u00e9m o peso e a aerodin\u00e2mica sem sacrificar o conforto, com carris de liga leve.","breadcrumb":{"@id":"https:\/\/gr-100.com\/pt-pt\/producto\/specialized-romin-evo-comp-gel-blk\/#breadcrumb"},"inLanguage":"pt-PT","potentialAction":[{"@type":"ReadAction","target":["https:\/\/gr-100.com\/pt-pt\/producto\/specialized-romin-evo-comp-gel-blk\/"]}]},{"@type":"ImageObject","inLanguage":"pt-PT","@id":"https:\/\/gr-100.com\/pt-pt\/producto\/specialized-romin-evo-comp-gel-blk\/#primaryimage","url":"https:\/\/gr-100.com\/wp-content\/uploads\/2024\/05\/00-27116-720_SDDL_ROMIN-EVO.jpg","contentUrl":"https:\/\/gr-100.com\/wp-content\/uploads\/2024\/05\/00-27116-720_SDDL_ROMIN-EVO.jpg","width":1000,"height":1000},{"@type":"BreadcrumbList","@id":"https:\/\/gr-100.com\/pt-pt\/producto\/specialized-romin-evo-comp-gel-blk\/#breadcrumb","itemListElement":[{"@type":"ListItem","position":1,"name":"Portada","item":"https:\/\/gr-100.com\/en\/"},{"@type":"ListItem","position":2,"name":"Productos","item":"https:\/\/gr-100.com\/?post_type=product"},{"@type":"ListItem","position":3,"name":"Specialized Romin Evo Comp Gel Blk"}]},{"@type":"WebSite","@id":"https:\/\/gr-100.com\/#website","url":"https:\/\/gr-100.com\/","name":"Gr-100 Tienda de ciclismo Specialized","description":"GR-100 tenemos todas las gamas de bicicletas Specialized al mejor precio.","publisher":{"@id":"https:\/\/gr-100.com\/#organization"},"alternateName":"Gr-100 Bikes","potentialAction":[{"@type":"SearchAction","target":{"@type":"EntryPoint","urlTemplate":"https:\/\/gr-100.com\/?s={search_term_string}"},"query-input":{"@type":"PropertyValueSpecification","valueRequired":true,"valueName":"search_term_string"}}],"inLanguage":"pt-PT"},{"@type":"Organization","@id":"https:\/\/gr-100.com\/#organization","name":"Gr-100","url":"https:\/\/gr-100.com\/","logo":{"@type":"ImageObject","inLanguage":"pt-PT","@id":"https:\/\/gr-100.com\/#\/schema\/logo\/image\/","url":"https:\/\/gr-100.com\/wp-content\/uploads\/2023\/08\/logo-gr-100-bikes.png","contentUrl":"https:\/\/gr-100.com\/wp-content\/uploads\/2023\/08\/logo-gr-100-bikes.png","width":707,"height":284,"caption":"Gr-100"},"image":{"@id":"https:\/\/gr-100.com\/#\/schema\/logo\/image\/"},"sameAs":["https:\/\/www.facebook.com\/Gr100Bikes","https:\/\/www.instagram.com\/gr100bikes\/","https:\/\/www.tiktok.com\/@gr100bikes","https:\/\/twitter.com\/gr100mtbteam","https:\/\/www.youtube.com\/c\/GR100Specialized"]}]}},"_links":{"self":[{"href":"https:\/\/gr-100.com\/pt-pt\/wp-json\/wp\/v2\/product\/431652","targetHints":{"allow":["GET"]}}],"collection":[{"href":"https:\/\/gr-100.com\/pt-pt\/wp-json\/wp\/v2\/product"}],"about":[{"href":"https:\/\/gr-100.com\/pt-pt\/wp-json\/wp\/v2\/types\/product"}],"replies":[{"embeddable":true,"href":"https:\/\/gr-100.com\/pt-pt\/wp-json\/wp\/v2\/comments?post=431652"}],"wp:featuredmedia":[{"embeddable":true,"href":"https:\/\/gr-100.com\/pt-pt\/wp-json\/wp\/v2\/media\/269721"}],"wp:attachment":[{"href":"https:\/\/gr-100.com\/pt-pt\/wp-json\/wp\/v2\/media?parent=431652"}],"wp:term":[{"taxonomy":"product_brand","embeddable":true,"href":"https:\/\/gr-100.com\/pt-pt\/wp-json\/wp\/v2\/product_brand?post=431652"},{"taxonomy":"product_cat","embeddable":true,"href":"https:\/\/gr-100.com\/pt-pt\/wp-json\/wp\/v2\/product_cat?post=431652"},{"taxonomy":"product_tag","embeddable":true,"href":"https:\/\/gr-100.com\/pt-pt\/wp-json\/wp\/v2\/product_tag?post=431652"}],"curies":[{"name":"wp","href":"https:\/\/api.w.org\/{rel}","templated":true}]}}