{"id":431658,"date":"2025-12-18T14:48:19","date_gmt":"2025-12-18T12:48:19","guid":{"rendered":"https:\/\/gr-100.com\/producto\/punhos-specialized-supacaz-diamond-kush\/"},"modified":"2026-01-26T14:14:30","modified_gmt":"2026-01-26T12:14:30","slug":"punhos-specialized-supacaz-diamond-kush","status":"publish","type":"product","link":"https:\/\/gr-100.com\/pt-pt\/producto\/punhos-specialized-supacaz-diamond-kush\/","title":{"rendered":"Punhos Specialized Supacaz Diamond Kush"},"content":{"rendered":"<ul>\n<li>Composto de dupla densidade de alto desempenho.<\/li>\n<li>Di\u00e2metro de 30,0 mm<\/li>\n<li>Anel de bloqueio gravado 100% Alum\u00ednio; Anodizado<\/li>\n<\/ul>\n","protected":false},"excerpt":{"rendered":"<p>O padr\u00e3o de diamante da OG oferece um controlo perfeito com a quantidade certa de sensibilidade para manter as tuas m\u00e3os frescas. Termina nas extremidades com as bonitas pin\u00e7as de alum\u00ednio lisas tipo \u00f3leo. O grip \u00e9 como nenhum outro e \u00e9 uma necessidade absoluta para todos os ciclistas.  <\/p>\n","protected":false},"featured_media":423274,"comment_status":"open","ping_status":"closed","template":"","meta":{"_acf_changed":false,"_et_pb_use_builder":"","_et_pb_old_content":"","_et_gb_content_width":"","inline_featured_image":false},"product_brand":[],"product_cat":[361,3666],"product_tag":[],"class_list":{"0":"post-431658","1":"product","2":"type-product","3":"status-publish","4":"has-post-thumbnail","6":"product_cat-acessorios","7":"product_cat-punhos-e-fitas","9":"first","10":"instock","11":"taxable","12":"shipping-taxable","13":"purchasable","14":"product-type-simple"},"acf":[],"yoast_head":"<!-- This site is optimized with the Yoast SEO Premium plugin v26.7 (Yoast SEO v26.7) - https:\/\/yoast.com\/wordpress\/plugins\/seo\/ -->\n<title>Specialized Turbo Levo 4 Expert<\/title>\n<meta name=\"description\" content=\"O padr\u00e3o de diamante da OG oferece um controlo perfeito com a quantidade certa de sensibilidade para manter as tuas m\u00e3os frescas. Termina nas extremidades com as bonitas pin\u00e7as de alum\u00ednio lisas tipo \u00f3leo. O grip \u00e9 como nenhum outro e \u00e9 uma necessidade absoluta para todos os ciclistas.\" \/>\n<meta name=\"robots\" content=\"index, follow, max-snippet:-1, max-image-preview:large, max-video-preview:-1\" \/>\n<link rel=\"canonical\" href=\"https:\/\/gr-100.com\/pt-pt\/producto\/punhos-specialized-supacaz-diamond-kush\/\" \/>\n<meta property=\"og:locale\" content=\"pt_PT\" \/>\n<meta property=\"og:type\" content=\"article\" \/>\n<meta property=\"og:title\" content=\"Punhos Specialized Supacaz Diamond Kush\" \/>\n<meta property=\"og:description\" content=\"O padr\u00e3o de diamante da OG oferece um controlo perfeito com a quantidade certa de sensibilidade para manter as tuas m\u00e3os frescas. Termina nas extremidades com as bonitas pin\u00e7as de alum\u00ednio lisas tipo \u00f3leo. O grip \u00e9 como nenhum outro e \u00e9 uma necessidade absoluta para todos os ciclistas.\" \/>\n<meta property=\"og:url\" content=\"https:\/\/gr-100.com\/pt-pt\/producto\/punhos-specialized-supacaz-diamond-kush\/\" \/>\n<meta property=\"og:site_name\" content=\"Gr-100 Tienda de ciclismo Specialized\" \/>\n<meta property=\"article:publisher\" content=\"https:\/\/www.facebook.com\/Gr100Bikes\" \/>\n<meta property=\"article:modified_time\" content=\"2026-01-26T12:14:30+00:00\" \/>\n<meta property=\"og:image\" content=\"https:\/\/gr-100.com\/wp-content\/uploads\/2025\/12\/Diseno-sin-titulo-2025-12-18T134302.521.jpg\" \/>\n\t<meta property=\"og:image:width\" content=\"1000\" \/>\n\t<meta property=\"og:image:height\" content=\"1000\" \/>\n\t<meta property=\"og:image:type\" content=\"image\/jpeg\" \/>\n<meta name=\"twitter:card\" content=\"summary_large_image\" \/>\n<script type=\"application\/ld+json\" class=\"yoast-schema-graph\">{\"@context\":\"https:\/\/schema.org\",\"@graph\":[{\"@type\":\"WebPage\",\"@id\":\"https:\/\/gr-100.com\/pt-pt\/producto\/punhos-specialized-supacaz-diamond-kush\/\",\"url\":\"https:\/\/gr-100.com\/pt-pt\/producto\/punhos-specialized-supacaz-diamond-kush\/\",\"name\":\"Specialized Turbo Levo 4 Expert\",\"isPartOf\":{\"@id\":\"https:\/\/gr-100.com\/#website\"},\"primaryImageOfPage\":{\"@id\":\"https:\/\/gr-100.com\/pt-pt\/producto\/punhos-specialized-supacaz-diamond-kush\/#primaryimage\"},\"image\":{\"@id\":\"https:\/\/gr-100.com\/pt-pt\/producto\/punhos-specialized-supacaz-diamond-kush\/#primaryimage\"},\"thumbnailUrl\":\"https:\/\/gr-100.com\/wp-content\/uploads\/2025\/12\/Diseno-sin-titulo-2025-12-18T134302.521.jpg\",\"datePublished\":\"2025-12-18T12:48:19+00:00\",\"dateModified\":\"2026-01-26T12:14:30+00:00\",\"description\":\"O padr\u00e3o de diamante da OG oferece um controlo perfeito com a quantidade certa de sensibilidade para manter as tuas m\u00e3os frescas. Termina nas extremidades com as bonitas pin\u00e7as de alum\u00ednio lisas tipo \u00f3leo. O grip \u00e9 como nenhum outro e \u00e9 uma necessidade absoluta para todos os ciclistas.\",\"breadcrumb\":{\"@id\":\"https:\/\/gr-100.com\/pt-pt\/producto\/punhos-specialized-supacaz-diamond-kush\/#breadcrumb\"},\"inLanguage\":\"pt-PT\",\"potentialAction\":[{\"@type\":\"ReadAction\",\"target\":[\"https:\/\/gr-100.com\/pt-pt\/producto\/punhos-specialized-supacaz-diamond-kush\/\"]}]},{\"@type\":\"ImageObject\",\"inLanguage\":\"pt-PT\",\"@id\":\"https:\/\/gr-100.com\/pt-pt\/producto\/punhos-specialized-supacaz-diamond-kush\/#primaryimage\",\"url\":\"https:\/\/gr-100.com\/wp-content\/uploads\/2025\/12\/Diseno-sin-titulo-2025-12-18T134302.521.jpg\",\"contentUrl\":\"https:\/\/gr-100.com\/wp-content\/uploads\/2025\/12\/Diseno-sin-titulo-2025-12-18T134302.521.jpg\",\"width\":1000,\"height\":1000},{\"@type\":\"BreadcrumbList\",\"@id\":\"https:\/\/gr-100.com\/pt-pt\/producto\/punhos-specialized-supacaz-diamond-kush\/#breadcrumb\",\"itemListElement\":[{\"@type\":\"ListItem\",\"position\":1,\"name\":\"Portada\",\"item\":\"https:\/\/gr-100.com\/en\/\"},{\"@type\":\"ListItem\",\"position\":2,\"name\":\"Productos\",\"item\":\"https:\/\/gr-100.com\/?post_type=product\"},{\"@type\":\"ListItem\",\"position\":3,\"name\":\"Punhos Specialized Supacaz Diamond Kush\"}]},{\"@type\":\"WebSite\",\"@id\":\"https:\/\/gr-100.com\/#website\",\"url\":\"https:\/\/gr-100.com\/\",\"name\":\"Gr-100 Tienda de ciclismo Specialized\",\"description\":\"GR-100 tenemos todas las gamas de bicicletas Specialized al mejor precio.\",\"publisher\":{\"@id\":\"https:\/\/gr-100.com\/#organization\"},\"alternateName\":\"Gr-100 Bikes\",\"potentialAction\":[{\"@type\":\"SearchAction\",\"target\":{\"@type\":\"EntryPoint\",\"urlTemplate\":\"https:\/\/gr-100.com\/?s={search_term_string}\"},\"query-input\":{\"@type\":\"PropertyValueSpecification\",\"valueRequired\":true,\"valueName\":\"search_term_string\"}}],\"inLanguage\":\"pt-PT\"},{\"@type\":\"Organization\",\"@id\":\"https:\/\/gr-100.com\/#organization\",\"name\":\"Gr-100\",\"url\":\"https:\/\/gr-100.com\/\",\"logo\":{\"@type\":\"ImageObject\",\"inLanguage\":\"pt-PT\",\"@id\":\"https:\/\/gr-100.com\/#\/schema\/logo\/image\/\",\"url\":\"https:\/\/gr-100.com\/wp-content\/uploads\/2023\/08\/logo-gr-100-bikes.png\",\"contentUrl\":\"https:\/\/gr-100.com\/wp-content\/uploads\/2023\/08\/logo-gr-100-bikes.png\",\"width\":707,\"height\":284,\"caption\":\"Gr-100\"},\"image\":{\"@id\":\"https:\/\/gr-100.com\/#\/schema\/logo\/image\/\"},\"sameAs\":[\"https:\/\/www.facebook.com\/Gr100Bikes\",\"https:\/\/www.instagram.com\/gr100bikes\/\",\"https:\/\/www.tiktok.com\/@gr100bikes\",\"https:\/\/twitter.com\/gr100mtbteam\",\"https:\/\/www.youtube.com\/c\/GR100Specialized\"]}]}<\/script>\n<!-- \/ Yoast SEO Premium plugin. -->","yoast_head_json":{"title":"Specialized Turbo Levo 4 Expert","description":"O padr\u00e3o de diamante da OG oferece um controlo perfeito com a quantidade certa de sensibilidade para manter as tuas m\u00e3os frescas. Termina nas extremidades com as bonitas pin\u00e7as de alum\u00ednio lisas tipo \u00f3leo. O grip \u00e9 como nenhum outro e \u00e9 uma necessidade absoluta para todos os ciclistas.","robots":{"index":"index","follow":"follow","max-snippet":"max-snippet:-1","max-image-preview":"max-image-preview:large","max-video-preview":"max-video-preview:-1"},"canonical":"https:\/\/gr-100.com\/pt-pt\/producto\/punhos-specialized-supacaz-diamond-kush\/","og_locale":"pt_PT","og_type":"article","og_title":"Punhos Specialized Supacaz Diamond Kush","og_description":"O padr\u00e3o de diamante da OG oferece um controlo perfeito com a quantidade certa de sensibilidade para manter as tuas m\u00e3os frescas. Termina nas extremidades com as bonitas pin\u00e7as de alum\u00ednio lisas tipo \u00f3leo. O grip \u00e9 como nenhum outro e \u00e9 uma necessidade absoluta para todos os ciclistas.","og_url":"https:\/\/gr-100.com\/pt-pt\/producto\/punhos-specialized-supacaz-diamond-kush\/","og_site_name":"Gr-100 Tienda de ciclismo Specialized","article_publisher":"https:\/\/www.facebook.com\/Gr100Bikes","article_modified_time":"2026-01-26T12:14:30+00:00","og_image":[{"width":1000,"height":1000,"url":"https:\/\/gr-100.com\/wp-content\/uploads\/2025\/12\/Diseno-sin-titulo-2025-12-18T134302.521.jpg","type":"image\/jpeg"}],"twitter_card":"summary_large_image","schema":{"@context":"https:\/\/schema.org","@graph":[{"@type":"WebPage","@id":"https:\/\/gr-100.com\/pt-pt\/producto\/punhos-specialized-supacaz-diamond-kush\/","url":"https:\/\/gr-100.com\/pt-pt\/producto\/punhos-specialized-supacaz-diamond-kush\/","name":"Specialized Turbo Levo 4 Expert","isPartOf":{"@id":"https:\/\/gr-100.com\/#website"},"primaryImageOfPage":{"@id":"https:\/\/gr-100.com\/pt-pt\/producto\/punhos-specialized-supacaz-diamond-kush\/#primaryimage"},"image":{"@id":"https:\/\/gr-100.com\/pt-pt\/producto\/punhos-specialized-supacaz-diamond-kush\/#primaryimage"},"thumbnailUrl":"https:\/\/gr-100.com\/wp-content\/uploads\/2025\/12\/Diseno-sin-titulo-2025-12-18T134302.521.jpg","datePublished":"2025-12-18T12:48:19+00:00","dateModified":"2026-01-26T12:14:30+00:00","description":"O padr\u00e3o de diamante da OG oferece um controlo perfeito com a quantidade certa de sensibilidade para manter as tuas m\u00e3os frescas. Termina nas extremidades com as bonitas pin\u00e7as de alum\u00ednio lisas tipo \u00f3leo. O grip \u00e9 como nenhum outro e \u00e9 uma necessidade absoluta para todos os ciclistas.","breadcrumb":{"@id":"https:\/\/gr-100.com\/pt-pt\/producto\/punhos-specialized-supacaz-diamond-kush\/#breadcrumb"},"inLanguage":"pt-PT","potentialAction":[{"@type":"ReadAction","target":["https:\/\/gr-100.com\/pt-pt\/producto\/punhos-specialized-supacaz-diamond-kush\/"]}]},{"@type":"ImageObject","inLanguage":"pt-PT","@id":"https:\/\/gr-100.com\/pt-pt\/producto\/punhos-specialized-supacaz-diamond-kush\/#primaryimage","url":"https:\/\/gr-100.com\/wp-content\/uploads\/2025\/12\/Diseno-sin-titulo-2025-12-18T134302.521.jpg","contentUrl":"https:\/\/gr-100.com\/wp-content\/uploads\/2025\/12\/Diseno-sin-titulo-2025-12-18T134302.521.jpg","width":1000,"height":1000},{"@type":"BreadcrumbList","@id":"https:\/\/gr-100.com\/pt-pt\/producto\/punhos-specialized-supacaz-diamond-kush\/#breadcrumb","itemListElement":[{"@type":"ListItem","position":1,"name":"Portada","item":"https:\/\/gr-100.com\/en\/"},{"@type":"ListItem","position":2,"name":"Productos","item":"https:\/\/gr-100.com\/?post_type=product"},{"@type":"ListItem","position":3,"name":"Punhos Specialized Supacaz Diamond Kush"}]},{"@type":"WebSite","@id":"https:\/\/gr-100.com\/#website","url":"https:\/\/gr-100.com\/","name":"Gr-100 Tienda de ciclismo Specialized","description":"GR-100 tenemos todas las gamas de bicicletas Specialized al mejor precio.","publisher":{"@id":"https:\/\/gr-100.com\/#organization"},"alternateName":"Gr-100 Bikes","potentialAction":[{"@type":"SearchAction","target":{"@type":"EntryPoint","urlTemplate":"https:\/\/gr-100.com\/?s={search_term_string}"},"query-input":{"@type":"PropertyValueSpecification","valueRequired":true,"valueName":"search_term_string"}}],"inLanguage":"pt-PT"},{"@type":"Organization","@id":"https:\/\/gr-100.com\/#organization","name":"Gr-100","url":"https:\/\/gr-100.com\/","logo":{"@type":"ImageObject","inLanguage":"pt-PT","@id":"https:\/\/gr-100.com\/#\/schema\/logo\/image\/","url":"https:\/\/gr-100.com\/wp-content\/uploads\/2023\/08\/logo-gr-100-bikes.png","contentUrl":"https:\/\/gr-100.com\/wp-content\/uploads\/2023\/08\/logo-gr-100-bikes.png","width":707,"height":284,"caption":"Gr-100"},"image":{"@id":"https:\/\/gr-100.com\/#\/schema\/logo\/image\/"},"sameAs":["https:\/\/www.facebook.com\/Gr100Bikes","https:\/\/www.instagram.com\/gr100bikes\/","https:\/\/www.tiktok.com\/@gr100bikes","https:\/\/twitter.com\/gr100mtbteam","https:\/\/www.youtube.com\/c\/GR100Specialized"]}]}},"_links":{"self":[{"href":"https:\/\/gr-100.com\/pt-pt\/wp-json\/wp\/v2\/product\/431658","targetHints":{"allow":["GET"]}}],"collection":[{"href":"https:\/\/gr-100.com\/pt-pt\/wp-json\/wp\/v2\/product"}],"about":[{"href":"https:\/\/gr-100.com\/pt-pt\/wp-json\/wp\/v2\/types\/product"}],"replies":[{"embeddable":true,"href":"https:\/\/gr-100.com\/pt-pt\/wp-json\/wp\/v2\/comments?post=431658"}],"wp:featuredmedia":[{"embeddable":true,"href":"https:\/\/gr-100.com\/pt-pt\/wp-json\/wp\/v2\/media\/423274"}],"wp:attachment":[{"href":"https:\/\/gr-100.com\/pt-pt\/wp-json\/wp\/v2\/media?parent=431658"}],"wp:term":[{"taxonomy":"product_brand","embeddable":true,"href":"https:\/\/gr-100.com\/pt-pt\/wp-json\/wp\/v2\/product_brand?post=431658"},{"taxonomy":"product_cat","embeddable":true,"href":"https:\/\/gr-100.com\/pt-pt\/wp-json\/wp\/v2\/product_cat?post=431658"},{"taxonomy":"product_tag","embeddable":true,"href":"https:\/\/gr-100.com\/pt-pt\/wp-json\/wp\/v2\/product_tag?post=431658"}],"curies":[{"name":"wp","href":"https:\/\/api.w.org\/{rel}","templated":true}]}}