{"id":431804,"date":"2025-12-15T14:16:27","date_gmt":"2025-12-15T12:16:27","guid":{"rendered":"https:\/\/gr-100.com\/producto\/bomba-de-pe-para-mtb-specialized-air-tool\/"},"modified":"2026-01-27T12:19:09","modified_gmt":"2026-01-27T10:19:09","slug":"bomba-de-pe-para-mtb-specialized-air-tool","status":"publish","type":"product","link":"https:\/\/gr-100.com\/pt-pt\/producto\/bomba-de-pe-para-mtb-specialized-air-tool\/","title":{"rendered":"Bomba de p\u00e9 para MTB Specialized Air Tool"},"content":{"rendered":"<ul>\n<li>O grande man\u00f3metro de 3&#8243; (76 mm) tem uma gama de 0-40 PSI para uma resolu\u00e7\u00e3o m\u00e1xima ao encher pneus grandes.<\/li>\n<li>C\u00e2mara de ar de grande volume 508cc para pneus sem c\u00e2mara.<\/li>\n<li>Pega ergon\u00f3mica em forma de asa com v\u00e1lvula de al\u00edvio de press\u00e3o.<\/li>\n<li>Sele\u00e7\u00e3o autom\u00e1tica da v\u00e1lvula com a tecnologia SwitchHitter II.<\/li>\n<li>Inclui uma junta de borracha de substitui\u00e7\u00e3o para a cabe\u00e7a.<\/li>\n<li>Press\u00e3o m\u00e1xima: 40 PSI (2,7 bar)<\/li>\n<li>Volume por curso: 508 cc<\/li>\n<\/ul>\n","protected":false},"excerpt":{"rendered":"<p>De volta devido \u00e0 procura popular, a bomba de p\u00e9 Air Tool MTB est\u00e1 melhor do que nunca. Concebida para pneus de baixa press\u00e3o e alto volume, fornece uma press\u00e3o precisa para garantir que os teus pneus est\u00e3o preparados para tudo o que a estrada lhes oferecer. <\/p>\n","protected":false},"featured_media":422841,"comment_status":"open","ping_status":"closed","template":"","meta":{"_acf_changed":false,"_et_pb_use_builder":"","_et_pb_old_content":"","_et_gb_content_width":"","inline_featured_image":false},"product_brand":[],"product_cat":[361,362],"product_tag":[],"class_list":{"0":"post-431804","1":"product","2":"type-product","3":"status-publish","4":"has-post-thumbnail","6":"product_cat-acessorios","7":"product_cat-bombas-pt-pt","9":"first","10":"instock","11":"taxable","12":"shipping-taxable","13":"purchasable","14":"product-type-simple"},"acf":[],"yoast_head":"<!-- This site is optimized with the Yoast SEO Premium plugin v26.7 (Yoast SEO v26.7) - https:\/\/yoast.com\/wordpress\/plugins\/seo\/ -->\n<title>Specialized Turbo Levo 4 Expert<\/title>\n<meta name=\"description\" content=\"De volta devido \u00e0 procura popular, a bomba de p\u00e9 Air Tool MTB est\u00e1 melhor do que nunca. Concebida para pneus de baixa press\u00e3o e alto volume, fornece uma press\u00e3o precisa para garantir que os teus pneus est\u00e3o preparados para tudo o que a estrada lhes oferecer.\" \/>\n<meta name=\"robots\" content=\"index, follow, max-snippet:-1, max-image-preview:large, max-video-preview:-1\" \/>\n<link rel=\"canonical\" href=\"https:\/\/gr-100.com\/pt-pt\/producto\/bomba-de-pe-para-mtb-specialized-air-tool\/\" \/>\n<meta property=\"og:locale\" content=\"pt_PT\" \/>\n<meta property=\"og:type\" content=\"article\" \/>\n<meta property=\"og:title\" content=\"Bomba de p\u00e9 para MTB Specialized Air Tool\" \/>\n<meta property=\"og:description\" content=\"De volta devido \u00e0 procura popular, a bomba de p\u00e9 Air Tool MTB est\u00e1 melhor do que nunca. Concebida para pneus de baixa press\u00e3o e alto volume, fornece uma press\u00e3o precisa para garantir que os teus pneus est\u00e3o preparados para tudo o que a estrada lhes oferecer.\" \/>\n<meta property=\"og:url\" content=\"https:\/\/gr-100.com\/pt-pt\/producto\/bomba-de-pe-para-mtb-specialized-air-tool\/\" \/>\n<meta property=\"og:site_name\" content=\"Gr-100 Tienda de ciclismo Specialized\" \/>\n<meta property=\"article:publisher\" content=\"https:\/\/www.facebook.com\/Gr100Bikes\" \/>\n<meta property=\"article:modified_time\" content=\"2026-01-27T10:19:09+00:00\" \/>\n<meta property=\"og:image\" content=\"https:\/\/gr-100.com\/wp-content\/uploads\/2025\/12\/Considera-la-Vado-como-tu-bicicleta-de-transporte-de-alto-rendimiento-que-te-lleva-a-donde-quieras-con-una-combinacion-inigualable-de-velocidad-fiabilidad-y-confianza.-Ya-sea-que-la-cargues-con-25.jpg\" \/>\n\t<meta property=\"og:image:width\" content=\"1000\" \/>\n\t<meta property=\"og:image:height\" content=\"1000\" \/>\n\t<meta property=\"og:image:type\" content=\"image\/jpeg\" \/>\n<meta name=\"twitter:card\" content=\"summary_large_image\" \/>\n<script type=\"application\/ld+json\" class=\"yoast-schema-graph\">{\"@context\":\"https:\/\/schema.org\",\"@graph\":[{\"@type\":\"WebPage\",\"@id\":\"https:\/\/gr-100.com\/pt-pt\/producto\/bomba-de-pe-para-mtb-specialized-air-tool\/\",\"url\":\"https:\/\/gr-100.com\/pt-pt\/producto\/bomba-de-pe-para-mtb-specialized-air-tool\/\",\"name\":\"Specialized Turbo Levo 4 Expert\",\"isPartOf\":{\"@id\":\"https:\/\/gr-100.com\/#website\"},\"primaryImageOfPage\":{\"@id\":\"https:\/\/gr-100.com\/pt-pt\/producto\/bomba-de-pe-para-mtb-specialized-air-tool\/#primaryimage\"},\"image\":{\"@id\":\"https:\/\/gr-100.com\/pt-pt\/producto\/bomba-de-pe-para-mtb-specialized-air-tool\/#primaryimage\"},\"thumbnailUrl\":\"https:\/\/gr-100.com\/wp-content\/uploads\/2025\/12\/Considera-la-Vado-como-tu-bicicleta-de-transporte-de-alto-rendimiento-que-te-lleva-a-donde-quieras-con-una-combinacion-inigualable-de-velocidad-fiabilidad-y-confianza.-Ya-sea-que-la-cargues-con-25.jpg\",\"datePublished\":\"2025-12-15T12:16:27+00:00\",\"dateModified\":\"2026-01-27T10:19:09+00:00\",\"description\":\"De volta devido \u00e0 procura popular, a bomba de p\u00e9 Air Tool MTB est\u00e1 melhor do que nunca. Concebida para pneus de baixa press\u00e3o e alto volume, fornece uma press\u00e3o precisa para garantir que os teus pneus est\u00e3o preparados para tudo o que a estrada lhes oferecer.\",\"breadcrumb\":{\"@id\":\"https:\/\/gr-100.com\/pt-pt\/producto\/bomba-de-pe-para-mtb-specialized-air-tool\/#breadcrumb\"},\"inLanguage\":\"pt-PT\",\"potentialAction\":[{\"@type\":\"ReadAction\",\"target\":[\"https:\/\/gr-100.com\/pt-pt\/producto\/bomba-de-pe-para-mtb-specialized-air-tool\/\"]}]},{\"@type\":\"ImageObject\",\"inLanguage\":\"pt-PT\",\"@id\":\"https:\/\/gr-100.com\/pt-pt\/producto\/bomba-de-pe-para-mtb-specialized-air-tool\/#primaryimage\",\"url\":\"https:\/\/gr-100.com\/wp-content\/uploads\/2025\/12\/Considera-la-Vado-como-tu-bicicleta-de-transporte-de-alto-rendimiento-que-te-lleva-a-donde-quieras-con-una-combinacion-inigualable-de-velocidad-fiabilidad-y-confianza.-Ya-sea-que-la-cargues-con-25.jpg\",\"contentUrl\":\"https:\/\/gr-100.com\/wp-content\/uploads\/2025\/12\/Considera-la-Vado-como-tu-bicicleta-de-transporte-de-alto-rendimiento-que-te-lleva-a-donde-quieras-con-una-combinacion-inigualable-de-velocidad-fiabilidad-y-confianza.-Ya-sea-que-la-cargues-con-25.jpg\",\"width\":1000,\"height\":1000},{\"@type\":\"BreadcrumbList\",\"@id\":\"https:\/\/gr-100.com\/pt-pt\/producto\/bomba-de-pe-para-mtb-specialized-air-tool\/#breadcrumb\",\"itemListElement\":[{\"@type\":\"ListItem\",\"position\":1,\"name\":\"Portada\",\"item\":\"https:\/\/gr-100.com\/en\/\"},{\"@type\":\"ListItem\",\"position\":2,\"name\":\"Productos\",\"item\":\"https:\/\/gr-100.com\/?post_type=product\"},{\"@type\":\"ListItem\",\"position\":3,\"name\":\"Bomba de p\u00e9 para MTB Specialized Air Tool\"}]},{\"@type\":\"WebSite\",\"@id\":\"https:\/\/gr-100.com\/#website\",\"url\":\"https:\/\/gr-100.com\/\",\"name\":\"Gr-100 Tienda de ciclismo Specialized\",\"description\":\"GR-100 tenemos todas las gamas de bicicletas Specialized al mejor precio.\",\"publisher\":{\"@id\":\"https:\/\/gr-100.com\/#organization\"},\"alternateName\":\"Gr-100 Bikes\",\"potentialAction\":[{\"@type\":\"SearchAction\",\"target\":{\"@type\":\"EntryPoint\",\"urlTemplate\":\"https:\/\/gr-100.com\/?s={search_term_string}\"},\"query-input\":{\"@type\":\"PropertyValueSpecification\",\"valueRequired\":true,\"valueName\":\"search_term_string\"}}],\"inLanguage\":\"pt-PT\"},{\"@type\":\"Organization\",\"@id\":\"https:\/\/gr-100.com\/#organization\",\"name\":\"Gr-100\",\"url\":\"https:\/\/gr-100.com\/\",\"logo\":{\"@type\":\"ImageObject\",\"inLanguage\":\"pt-PT\",\"@id\":\"https:\/\/gr-100.com\/#\/schema\/logo\/image\/\",\"url\":\"https:\/\/gr-100.com\/wp-content\/uploads\/2023\/08\/logo-gr-100-bikes.png\",\"contentUrl\":\"https:\/\/gr-100.com\/wp-content\/uploads\/2023\/08\/logo-gr-100-bikes.png\",\"width\":707,\"height\":284,\"caption\":\"Gr-100\"},\"image\":{\"@id\":\"https:\/\/gr-100.com\/#\/schema\/logo\/image\/\"},\"sameAs\":[\"https:\/\/www.facebook.com\/Gr100Bikes\",\"https:\/\/www.instagram.com\/gr100bikes\/\",\"https:\/\/www.tiktok.com\/@gr100bikes\",\"https:\/\/twitter.com\/gr100mtbteam\",\"https:\/\/www.youtube.com\/c\/GR100Specialized\"]}]}<\/script>\n<!-- \/ Yoast SEO Premium plugin. -->","yoast_head_json":{"title":"Specialized Turbo Levo 4 Expert","description":"De volta devido \u00e0 procura popular, a bomba de p\u00e9 Air Tool MTB est\u00e1 melhor do que nunca. Concebida para pneus de baixa press\u00e3o e alto volume, fornece uma press\u00e3o precisa para garantir que os teus pneus est\u00e3o preparados para tudo o que a estrada lhes oferecer.","robots":{"index":"index","follow":"follow","max-snippet":"max-snippet:-1","max-image-preview":"max-image-preview:large","max-video-preview":"max-video-preview:-1"},"canonical":"https:\/\/gr-100.com\/pt-pt\/producto\/bomba-de-pe-para-mtb-specialized-air-tool\/","og_locale":"pt_PT","og_type":"article","og_title":"Bomba de p\u00e9 para MTB Specialized Air Tool","og_description":"De volta devido \u00e0 procura popular, a bomba de p\u00e9 Air Tool MTB est\u00e1 melhor do que nunca. Concebida para pneus de baixa press\u00e3o e alto volume, fornece uma press\u00e3o precisa para garantir que os teus pneus est\u00e3o preparados para tudo o que a estrada lhes oferecer.","og_url":"https:\/\/gr-100.com\/pt-pt\/producto\/bomba-de-pe-para-mtb-specialized-air-tool\/","og_site_name":"Gr-100 Tienda de ciclismo Specialized","article_publisher":"https:\/\/www.facebook.com\/Gr100Bikes","article_modified_time":"2026-01-27T10:19:09+00:00","og_image":[{"width":1000,"height":1000,"url":"https:\/\/gr-100.com\/wp-content\/uploads\/2025\/12\/Considera-la-Vado-como-tu-bicicleta-de-transporte-de-alto-rendimiento-que-te-lleva-a-donde-quieras-con-una-combinacion-inigualable-de-velocidad-fiabilidad-y-confianza.-Ya-sea-que-la-cargues-con-25.jpg","type":"image\/jpeg"}],"twitter_card":"summary_large_image","schema":{"@context":"https:\/\/schema.org","@graph":[{"@type":"WebPage","@id":"https:\/\/gr-100.com\/pt-pt\/producto\/bomba-de-pe-para-mtb-specialized-air-tool\/","url":"https:\/\/gr-100.com\/pt-pt\/producto\/bomba-de-pe-para-mtb-specialized-air-tool\/","name":"Specialized Turbo Levo 4 Expert","isPartOf":{"@id":"https:\/\/gr-100.com\/#website"},"primaryImageOfPage":{"@id":"https:\/\/gr-100.com\/pt-pt\/producto\/bomba-de-pe-para-mtb-specialized-air-tool\/#primaryimage"},"image":{"@id":"https:\/\/gr-100.com\/pt-pt\/producto\/bomba-de-pe-para-mtb-specialized-air-tool\/#primaryimage"},"thumbnailUrl":"https:\/\/gr-100.com\/wp-content\/uploads\/2025\/12\/Considera-la-Vado-como-tu-bicicleta-de-transporte-de-alto-rendimiento-que-te-lleva-a-donde-quieras-con-una-combinacion-inigualable-de-velocidad-fiabilidad-y-confianza.-Ya-sea-que-la-cargues-con-25.jpg","datePublished":"2025-12-15T12:16:27+00:00","dateModified":"2026-01-27T10:19:09+00:00","description":"De volta devido \u00e0 procura popular, a bomba de p\u00e9 Air Tool MTB est\u00e1 melhor do que nunca. Concebida para pneus de baixa press\u00e3o e alto volume, fornece uma press\u00e3o precisa para garantir que os teus pneus est\u00e3o preparados para tudo o que a estrada lhes oferecer.","breadcrumb":{"@id":"https:\/\/gr-100.com\/pt-pt\/producto\/bomba-de-pe-para-mtb-specialized-air-tool\/#breadcrumb"},"inLanguage":"pt-PT","potentialAction":[{"@type":"ReadAction","target":["https:\/\/gr-100.com\/pt-pt\/producto\/bomba-de-pe-para-mtb-specialized-air-tool\/"]}]},{"@type":"ImageObject","inLanguage":"pt-PT","@id":"https:\/\/gr-100.com\/pt-pt\/producto\/bomba-de-pe-para-mtb-specialized-air-tool\/#primaryimage","url":"https:\/\/gr-100.com\/wp-content\/uploads\/2025\/12\/Considera-la-Vado-como-tu-bicicleta-de-transporte-de-alto-rendimiento-que-te-lleva-a-donde-quieras-con-una-combinacion-inigualable-de-velocidad-fiabilidad-y-confianza.-Ya-sea-que-la-cargues-con-25.jpg","contentUrl":"https:\/\/gr-100.com\/wp-content\/uploads\/2025\/12\/Considera-la-Vado-como-tu-bicicleta-de-transporte-de-alto-rendimiento-que-te-lleva-a-donde-quieras-con-una-combinacion-inigualable-de-velocidad-fiabilidad-y-confianza.-Ya-sea-que-la-cargues-con-25.jpg","width":1000,"height":1000},{"@type":"BreadcrumbList","@id":"https:\/\/gr-100.com\/pt-pt\/producto\/bomba-de-pe-para-mtb-specialized-air-tool\/#breadcrumb","itemListElement":[{"@type":"ListItem","position":1,"name":"Portada","item":"https:\/\/gr-100.com\/en\/"},{"@type":"ListItem","position":2,"name":"Productos","item":"https:\/\/gr-100.com\/?post_type=product"},{"@type":"ListItem","position":3,"name":"Bomba de p\u00e9 para MTB Specialized Air Tool"}]},{"@type":"WebSite","@id":"https:\/\/gr-100.com\/#website","url":"https:\/\/gr-100.com\/","name":"Gr-100 Tienda de ciclismo Specialized","description":"GR-100 tenemos todas las gamas de bicicletas Specialized al mejor precio.","publisher":{"@id":"https:\/\/gr-100.com\/#organization"},"alternateName":"Gr-100 Bikes","potentialAction":[{"@type":"SearchAction","target":{"@type":"EntryPoint","urlTemplate":"https:\/\/gr-100.com\/?s={search_term_string}"},"query-input":{"@type":"PropertyValueSpecification","valueRequired":true,"valueName":"search_term_string"}}],"inLanguage":"pt-PT"},{"@type":"Organization","@id":"https:\/\/gr-100.com\/#organization","name":"Gr-100","url":"https:\/\/gr-100.com\/","logo":{"@type":"ImageObject","inLanguage":"pt-PT","@id":"https:\/\/gr-100.com\/#\/schema\/logo\/image\/","url":"https:\/\/gr-100.com\/wp-content\/uploads\/2023\/08\/logo-gr-100-bikes.png","contentUrl":"https:\/\/gr-100.com\/wp-content\/uploads\/2023\/08\/logo-gr-100-bikes.png","width":707,"height":284,"caption":"Gr-100"},"image":{"@id":"https:\/\/gr-100.com\/#\/schema\/logo\/image\/"},"sameAs":["https:\/\/www.facebook.com\/Gr100Bikes","https:\/\/www.instagram.com\/gr100bikes\/","https:\/\/www.tiktok.com\/@gr100bikes","https:\/\/twitter.com\/gr100mtbteam","https:\/\/www.youtube.com\/c\/GR100Specialized"]}]}},"_links":{"self":[{"href":"https:\/\/gr-100.com\/pt-pt\/wp-json\/wp\/v2\/product\/431804","targetHints":{"allow":["GET"]}}],"collection":[{"href":"https:\/\/gr-100.com\/pt-pt\/wp-json\/wp\/v2\/product"}],"about":[{"href":"https:\/\/gr-100.com\/pt-pt\/wp-json\/wp\/v2\/types\/product"}],"replies":[{"embeddable":true,"href":"https:\/\/gr-100.com\/pt-pt\/wp-json\/wp\/v2\/comments?post=431804"}],"wp:featuredmedia":[{"embeddable":true,"href":"https:\/\/gr-100.com\/pt-pt\/wp-json\/wp\/v2\/media\/422841"}],"wp:attachment":[{"href":"https:\/\/gr-100.com\/pt-pt\/wp-json\/wp\/v2\/media?parent=431804"}],"wp:term":[{"taxonomy":"product_brand","embeddable":true,"href":"https:\/\/gr-100.com\/pt-pt\/wp-json\/wp\/v2\/product_brand?post=431804"},{"taxonomy":"product_cat","embeddable":true,"href":"https:\/\/gr-100.com\/pt-pt\/wp-json\/wp\/v2\/product_cat?post=431804"},{"taxonomy":"product_tag","embeddable":true,"href":"https:\/\/gr-100.com\/pt-pt\/wp-json\/wp\/v2\/product_tag?post=431804"}],"curies":[{"name":"wp","href":"https:\/\/api.w.org\/{rel}","templated":true}]}}