{"id":431806,"date":"2025-12-15T14:46:48","date_gmt":"2025-12-15T12:46:48","guid":{"rendered":"https:\/\/gr-100.com\/producto\/specialized-mini-bomba-air-tool-mtb\/"},"modified":"2025-12-15T14:46:48","modified_gmt":"2025-12-15T12:46:48","slug":"specialized-mini-bomba-air-tool-mtb","status":"publish","type":"product","link":"https:\/\/gr-100.com\/pt-pt\/producto\/specialized-mini-bomba-air-tool-mtb\/","title":{"rendered":"Specialized Mini Bomba Air Tool MTB"},"content":{"rendered":"<ul>\n<li>El dise\u00f1o de doble c\u00e1mara invertida es m\u00e1s peque\u00f1o pero mueve un 20 % m\u00e1s de aire por carrera en comparaci\u00f3n con nuestro dise\u00f1o anterior, lo que reduce el tiempo de bombeo hasta en dos minutos.<\/li>\n<li>El cabezal de bloqueo giratorio se convierte f\u00e1cilmente para adaptarse a las v\u00e1lvulas Presta o Schrader.<\/li>\n<li>Superf\u00edcie maquinada para uma melhor ader\u00eancia.<\/li>\n<li>C\u00e1mara interior y exterior de aluminio para un rendimiento duradero.<\/li>\n<li>Inclui suporte de montagem na gaiola da garrafa.<\/li>\n<li>Presi\u00f3n m\u00e1xima: 60 PSI (4,1 bar)<\/li>\n<li>Volumen por carrera: 55 cc<\/li>\n<\/ul>\n","protected":false},"excerpt":{"rendered":"<p>Peque\u00f1a, eficiente y fiable: las tres caracter\u00edsticas clave de la minibomba Air Tool MTB. Con el dise\u00f1o de doble c\u00e1mara invertida, esta bomba mueve un 20 % m\u00e1s de aire por carrera que la unidad a la que reemplaz\u00f3, pero es un 10 % m\u00e1s peque\u00f1a. <\/p>\n","protected":false},"featured_media":422851,"comment_status":"open","ping_status":"closed","template":"","meta":{"_acf_changed":false,"_et_pb_use_builder":"","_et_pb_old_content":"","_et_gb_content_width":"","inline_featured_image":false},"product_brand":[],"product_cat":[361,362],"product_tag":[],"class_list":{"0":"post-431806","1":"product","2":"type-product","3":"status-publish","4":"has-post-thumbnail","6":"product_cat-acessorios","7":"product_cat-bombas-pt-pt","9":"first","10":"instock","11":"taxable","12":"shipping-taxable","13":"purchasable","14":"product-type-simple"},"acf":[],"yoast_head":"<!-- This site is optimized with the Yoast SEO Premium plugin v26.7 (Yoast SEO v26.7) - https:\/\/yoast.com\/wordpress\/plugins\/seo\/ -->\n<title>Specialized Turbo Levo 4 Expert<\/title>\n<meta name=\"description\" content=\"Peque\u00f1a, eficiente y fiable: las tres caracter\u00edsticas clave de la minibomba Air Tool MTB. Con el dise\u00f1o de doble c\u00e1mara invertida, esta bomba mueve un 20 % m\u00e1s de aire por carrera que la unidad a la que reemplaz\u00f3, pero es un 10 % m\u00e1s peque\u00f1a.\" \/>\n<meta name=\"robots\" content=\"index, follow, max-snippet:-1, max-image-preview:large, max-video-preview:-1\" \/>\n<link rel=\"canonical\" href=\"https:\/\/gr-100.com\/pt-pt\/producto\/specialized-mini-bomba-air-tool-mtb\/\" \/>\n<meta property=\"og:locale\" content=\"pt_PT\" \/>\n<meta property=\"og:type\" content=\"article\" \/>\n<meta property=\"og:title\" content=\"Specialized Mini Bomba Air Tool MTB\" \/>\n<meta property=\"og:description\" content=\"Peque\u00f1a, eficiente y fiable: las tres caracter\u00edsticas clave de la minibomba Air Tool MTB. Con el dise\u00f1o de doble c\u00e1mara invertida, esta bomba mueve un 20 % m\u00e1s de aire por carrera que la unidad a la que reemplaz\u00f3, pero es un 10 % m\u00e1s peque\u00f1a.\" \/>\n<meta property=\"og:url\" content=\"https:\/\/gr-100.com\/pt-pt\/producto\/specialized-mini-bomba-air-tool-mtb\/\" \/>\n<meta property=\"og:site_name\" content=\"Gr-100 Tienda de ciclismo Specialized\" \/>\n<meta property=\"article:publisher\" content=\"https:\/\/www.facebook.com\/Gr100Bikes\" \/>\n<meta property=\"og:image\" content=\"https:\/\/gr-100.com\/wp-content\/uploads\/2025\/12\/Diseno-sin-titulo-2025-12-15T134126.095.jpg\" \/>\n\t<meta property=\"og:image:width\" content=\"1000\" \/>\n\t<meta property=\"og:image:height\" content=\"1000\" \/>\n\t<meta property=\"og:image:type\" content=\"image\/jpeg\" \/>\n<meta name=\"twitter:card\" content=\"summary_large_image\" \/>\n<script type=\"application\/ld+json\" class=\"yoast-schema-graph\">{\"@context\":\"https:\/\/schema.org\",\"@graph\":[{\"@type\":\"WebPage\",\"@id\":\"https:\/\/gr-100.com\/pt-pt\/producto\/specialized-mini-bomba-air-tool-mtb\/\",\"url\":\"https:\/\/gr-100.com\/pt-pt\/producto\/specialized-mini-bomba-air-tool-mtb\/\",\"name\":\"Specialized Turbo Levo 4 Expert\",\"isPartOf\":{\"@id\":\"https:\/\/gr-100.com\/#website\"},\"primaryImageOfPage\":{\"@id\":\"https:\/\/gr-100.com\/pt-pt\/producto\/specialized-mini-bomba-air-tool-mtb\/#primaryimage\"},\"image\":{\"@id\":\"https:\/\/gr-100.com\/pt-pt\/producto\/specialized-mini-bomba-air-tool-mtb\/#primaryimage\"},\"thumbnailUrl\":\"https:\/\/gr-100.com\/wp-content\/uploads\/2025\/12\/Diseno-sin-titulo-2025-12-15T134126.095.jpg\",\"datePublished\":\"2025-12-15T12:46:48+00:00\",\"description\":\"Peque\u00f1a, eficiente y fiable: las tres caracter\u00edsticas clave de la minibomba Air Tool MTB. Con el dise\u00f1o de doble c\u00e1mara invertida, esta bomba mueve un 20 % m\u00e1s de aire por carrera que la unidad a la que reemplaz\u00f3, pero es un 10 % m\u00e1s peque\u00f1a.\",\"breadcrumb\":{\"@id\":\"https:\/\/gr-100.com\/pt-pt\/producto\/specialized-mini-bomba-air-tool-mtb\/#breadcrumb\"},\"inLanguage\":\"pt-PT\",\"potentialAction\":[{\"@type\":\"ReadAction\",\"target\":[\"https:\/\/gr-100.com\/pt-pt\/producto\/specialized-mini-bomba-air-tool-mtb\/\"]}]},{\"@type\":\"ImageObject\",\"inLanguage\":\"pt-PT\",\"@id\":\"https:\/\/gr-100.com\/pt-pt\/producto\/specialized-mini-bomba-air-tool-mtb\/#primaryimage\",\"url\":\"https:\/\/gr-100.com\/wp-content\/uploads\/2025\/12\/Diseno-sin-titulo-2025-12-15T134126.095.jpg\",\"contentUrl\":\"https:\/\/gr-100.com\/wp-content\/uploads\/2025\/12\/Diseno-sin-titulo-2025-12-15T134126.095.jpg\",\"width\":1000,\"height\":1000},{\"@type\":\"BreadcrumbList\",\"@id\":\"https:\/\/gr-100.com\/pt-pt\/producto\/specialized-mini-bomba-air-tool-mtb\/#breadcrumb\",\"itemListElement\":[{\"@type\":\"ListItem\",\"position\":1,\"name\":\"Portada\",\"item\":\"https:\/\/gr-100.com\/en\/\"},{\"@type\":\"ListItem\",\"position\":2,\"name\":\"Productos\",\"item\":\"https:\/\/gr-100.com\/?post_type=product\"},{\"@type\":\"ListItem\",\"position\":3,\"name\":\"Specialized Mini Bomba Air Tool MTB\"}]},{\"@type\":\"WebSite\",\"@id\":\"https:\/\/gr-100.com\/#website\",\"url\":\"https:\/\/gr-100.com\/\",\"name\":\"Gr-100 Tienda de ciclismo Specialized\",\"description\":\"GR-100 tenemos todas las gamas de bicicletas Specialized al mejor precio.\",\"publisher\":{\"@id\":\"https:\/\/gr-100.com\/#organization\"},\"alternateName\":\"Gr-100 Bikes\",\"potentialAction\":[{\"@type\":\"SearchAction\",\"target\":{\"@type\":\"EntryPoint\",\"urlTemplate\":\"https:\/\/gr-100.com\/?s={search_term_string}\"},\"query-input\":{\"@type\":\"PropertyValueSpecification\",\"valueRequired\":true,\"valueName\":\"search_term_string\"}}],\"inLanguage\":\"pt-PT\"},{\"@type\":\"Organization\",\"@id\":\"https:\/\/gr-100.com\/#organization\",\"name\":\"Gr-100\",\"url\":\"https:\/\/gr-100.com\/\",\"logo\":{\"@type\":\"ImageObject\",\"inLanguage\":\"pt-PT\",\"@id\":\"https:\/\/gr-100.com\/#\/schema\/logo\/image\/\",\"url\":\"https:\/\/gr-100.com\/wp-content\/uploads\/2023\/08\/logo-gr-100-bikes.png\",\"contentUrl\":\"https:\/\/gr-100.com\/wp-content\/uploads\/2023\/08\/logo-gr-100-bikes.png\",\"width\":707,\"height\":284,\"caption\":\"Gr-100\"},\"image\":{\"@id\":\"https:\/\/gr-100.com\/#\/schema\/logo\/image\/\"},\"sameAs\":[\"https:\/\/www.facebook.com\/Gr100Bikes\",\"https:\/\/www.instagram.com\/gr100bikes\/\",\"https:\/\/www.tiktok.com\/@gr100bikes\",\"https:\/\/twitter.com\/gr100mtbteam\",\"https:\/\/www.youtube.com\/c\/GR100Specialized\"]}]}<\/script>\n<!-- \/ Yoast SEO Premium plugin. -->","yoast_head_json":{"title":"Specialized Turbo Levo 4 Expert","description":"Peque\u00f1a, eficiente y fiable: las tres caracter\u00edsticas clave de la minibomba Air Tool MTB. Con el dise\u00f1o de doble c\u00e1mara invertida, esta bomba mueve un 20 % m\u00e1s de aire por carrera que la unidad a la que reemplaz\u00f3, pero es un 10 % m\u00e1s peque\u00f1a.","robots":{"index":"index","follow":"follow","max-snippet":"max-snippet:-1","max-image-preview":"max-image-preview:large","max-video-preview":"max-video-preview:-1"},"canonical":"https:\/\/gr-100.com\/pt-pt\/producto\/specialized-mini-bomba-air-tool-mtb\/","og_locale":"pt_PT","og_type":"article","og_title":"Specialized Mini Bomba Air Tool MTB","og_description":"Peque\u00f1a, eficiente y fiable: las tres caracter\u00edsticas clave de la minibomba Air Tool MTB. Con el dise\u00f1o de doble c\u00e1mara invertida, esta bomba mueve un 20 % m\u00e1s de aire por carrera que la unidad a la que reemplaz\u00f3, pero es un 10 % m\u00e1s peque\u00f1a.","og_url":"https:\/\/gr-100.com\/pt-pt\/producto\/specialized-mini-bomba-air-tool-mtb\/","og_site_name":"Gr-100 Tienda de ciclismo Specialized","article_publisher":"https:\/\/www.facebook.com\/Gr100Bikes","og_image":[{"width":1000,"height":1000,"url":"https:\/\/gr-100.com\/wp-content\/uploads\/2025\/12\/Diseno-sin-titulo-2025-12-15T134126.095.jpg","type":"image\/jpeg"}],"twitter_card":"summary_large_image","schema":{"@context":"https:\/\/schema.org","@graph":[{"@type":"WebPage","@id":"https:\/\/gr-100.com\/pt-pt\/producto\/specialized-mini-bomba-air-tool-mtb\/","url":"https:\/\/gr-100.com\/pt-pt\/producto\/specialized-mini-bomba-air-tool-mtb\/","name":"Specialized Turbo Levo 4 Expert","isPartOf":{"@id":"https:\/\/gr-100.com\/#website"},"primaryImageOfPage":{"@id":"https:\/\/gr-100.com\/pt-pt\/producto\/specialized-mini-bomba-air-tool-mtb\/#primaryimage"},"image":{"@id":"https:\/\/gr-100.com\/pt-pt\/producto\/specialized-mini-bomba-air-tool-mtb\/#primaryimage"},"thumbnailUrl":"https:\/\/gr-100.com\/wp-content\/uploads\/2025\/12\/Diseno-sin-titulo-2025-12-15T134126.095.jpg","datePublished":"2025-12-15T12:46:48+00:00","description":"Peque\u00f1a, eficiente y fiable: las tres caracter\u00edsticas clave de la minibomba Air Tool MTB. Con el dise\u00f1o de doble c\u00e1mara invertida, esta bomba mueve un 20 % m\u00e1s de aire por carrera que la unidad a la que reemplaz\u00f3, pero es un 10 % m\u00e1s peque\u00f1a.","breadcrumb":{"@id":"https:\/\/gr-100.com\/pt-pt\/producto\/specialized-mini-bomba-air-tool-mtb\/#breadcrumb"},"inLanguage":"pt-PT","potentialAction":[{"@type":"ReadAction","target":["https:\/\/gr-100.com\/pt-pt\/producto\/specialized-mini-bomba-air-tool-mtb\/"]}]},{"@type":"ImageObject","inLanguage":"pt-PT","@id":"https:\/\/gr-100.com\/pt-pt\/producto\/specialized-mini-bomba-air-tool-mtb\/#primaryimage","url":"https:\/\/gr-100.com\/wp-content\/uploads\/2025\/12\/Diseno-sin-titulo-2025-12-15T134126.095.jpg","contentUrl":"https:\/\/gr-100.com\/wp-content\/uploads\/2025\/12\/Diseno-sin-titulo-2025-12-15T134126.095.jpg","width":1000,"height":1000},{"@type":"BreadcrumbList","@id":"https:\/\/gr-100.com\/pt-pt\/producto\/specialized-mini-bomba-air-tool-mtb\/#breadcrumb","itemListElement":[{"@type":"ListItem","position":1,"name":"Portada","item":"https:\/\/gr-100.com\/en\/"},{"@type":"ListItem","position":2,"name":"Productos","item":"https:\/\/gr-100.com\/?post_type=product"},{"@type":"ListItem","position":3,"name":"Specialized Mini Bomba Air Tool MTB"}]},{"@type":"WebSite","@id":"https:\/\/gr-100.com\/#website","url":"https:\/\/gr-100.com\/","name":"Gr-100 Tienda de ciclismo Specialized","description":"GR-100 tenemos todas las gamas de bicicletas Specialized al mejor precio.","publisher":{"@id":"https:\/\/gr-100.com\/#organization"},"alternateName":"Gr-100 Bikes","potentialAction":[{"@type":"SearchAction","target":{"@type":"EntryPoint","urlTemplate":"https:\/\/gr-100.com\/?s={search_term_string}"},"query-input":{"@type":"PropertyValueSpecification","valueRequired":true,"valueName":"search_term_string"}}],"inLanguage":"pt-PT"},{"@type":"Organization","@id":"https:\/\/gr-100.com\/#organization","name":"Gr-100","url":"https:\/\/gr-100.com\/","logo":{"@type":"ImageObject","inLanguage":"pt-PT","@id":"https:\/\/gr-100.com\/#\/schema\/logo\/image\/","url":"https:\/\/gr-100.com\/wp-content\/uploads\/2023\/08\/logo-gr-100-bikes.png","contentUrl":"https:\/\/gr-100.com\/wp-content\/uploads\/2023\/08\/logo-gr-100-bikes.png","width":707,"height":284,"caption":"Gr-100"},"image":{"@id":"https:\/\/gr-100.com\/#\/schema\/logo\/image\/"},"sameAs":["https:\/\/www.facebook.com\/Gr100Bikes","https:\/\/www.instagram.com\/gr100bikes\/","https:\/\/www.tiktok.com\/@gr100bikes","https:\/\/twitter.com\/gr100mtbteam","https:\/\/www.youtube.com\/c\/GR100Specialized"]}]}},"_links":{"self":[{"href":"https:\/\/gr-100.com\/pt-pt\/wp-json\/wp\/v2\/product\/431806","targetHints":{"allow":["GET"]}}],"collection":[{"href":"https:\/\/gr-100.com\/pt-pt\/wp-json\/wp\/v2\/product"}],"about":[{"href":"https:\/\/gr-100.com\/pt-pt\/wp-json\/wp\/v2\/types\/product"}],"replies":[{"embeddable":true,"href":"https:\/\/gr-100.com\/pt-pt\/wp-json\/wp\/v2\/comments?post=431806"}],"wp:featuredmedia":[{"embeddable":true,"href":"https:\/\/gr-100.com\/pt-pt\/wp-json\/wp\/v2\/media\/422851"}],"wp:attachment":[{"href":"https:\/\/gr-100.com\/pt-pt\/wp-json\/wp\/v2\/media?parent=431806"}],"wp:term":[{"taxonomy":"product_brand","embeddable":true,"href":"https:\/\/gr-100.com\/pt-pt\/wp-json\/wp\/v2\/product_brand?post=431806"},{"taxonomy":"product_cat","embeddable":true,"href":"https:\/\/gr-100.com\/pt-pt\/wp-json\/wp\/v2\/product_cat?post=431806"},{"taxonomy":"product_tag","embeddable":true,"href":"https:\/\/gr-100.com\/pt-pt\/wp-json\/wp\/v2\/product_tag?post=431806"}],"curies":[{"name":"wp","href":"https:\/\/api.w.org\/{rel}","templated":true}]}}