{"id":432262,"date":"2024-07-01T09:02:31","date_gmt":"2024-07-01T07:02:31","guid":{"rendered":"https:\/\/gr-100.com\/producto\/specialized-s-works-power\/"},"modified":"2024-07-01T09:02:31","modified_gmt":"2024-07-01T07:02:31","slug":"specialized-s-works-power","status":"publish","type":"product","link":"https:\/\/gr-100.com\/pt-pt\/producto\/specialized-s-works-power\/","title":{"rendered":"Specialized S-Works Power"},"content":{"rendered":"<p>O selim S-Works Power, extremamente leve, apresenta uma estrutura e trilhos r\u00edgidos em carbono FACT e oferece um design de alto desempenho para te ajudar a atingir o teu n\u00edvel m\u00e1ximo. O seu design Body Geometry, com o nosso n\u00edvel mais leve de acolchoamento, adapta-se tanto a homens como a mulheres e ajuda-te a alcan\u00e7ar um desempenho superior em todas as posi\u00e7\u00f5es de apoio. Testado atrav\u00e9s de controlos do fluxo sangu\u00edneo e dos pontos de press\u00e3o, o canal Body Geometry extra largo e alongado e o suporte isqui\u00e1tico adequado oferecem conforto durante todo o dia.  <\/p>\n<ul>\n<li>O design Body Geometry testado em laborat\u00f3rio garante o fluxo sangu\u00edneo para as art\u00e9rias sens\u00edveis, tanto para homens como para mulheres.<\/li>\n<li>Estrutura r\u00edgida em carbono FACT ajustada para manter a posi\u00e7\u00e3o do condutor.<\/li>\n<li>Forro em PU super leve para conforto e apoio em percursos longos.<\/li>\n<li>Trilhos de carbono ultra-leves e de grandes dimens\u00f5es.<\/li>\n<li>Capa dur\u00e1vel, leve e imperme\u00e1vel.<\/li>\n<li>N\u00edvel 1 de acolchoamento. O n\u00edvel mais leve de acolchoamento, a liga\u00e7\u00e3o mais direta \u00e0 bicicleta. <\/li>\n<li>Compat\u00edvel com montagem SWAT\u2122, com roscas localizadas na base do selim para integra\u00e7\u00e3o total em solu\u00e7\u00f5es de armazenamento.<\/li>\n<li>NOTA: As calhas de carbono de 7&#215;9 mm n\u00e3o s\u00e3o compat\u00edveis com espig\u00f5es de selim de calha redonda de 7 mm.<\/li>\n<li>Tamanho 143 mm \/ Peso 159 g<\/li>\n<li>Tamanho 155 mm \/ Peso 161 g<\/li>\n<\/ul>\n","protected":false},"excerpt":{"rendered":"<p>O selim S-Works Power, extremamente leve, apresenta uma estrutura e carris r\u00edgidos em carbono FACT e oferece um design de alto desempenho para te ajudar a atingir o teu n\u00edvel m\u00e1ximo.<\/p>\n","protected":false},"featured_media":284197,"comment_status":"closed","ping_status":"closed","template":"","meta":{"_acf_changed":false,"_et_pb_use_builder":"","_et_pb_old_content":"","_et_gb_content_width":"","inline_featured_image":false},"product_brand":[],"product_cat":[379,388],"product_tag":[],"class_list":{"0":"post-432262","1":"product","2":"type-product","3":"status-publish","4":"has-post-thumbnail","6":"product_cat-componentes-pt-pt","7":"product_cat-selins","8":"product_shipping_class-componentes-pt-pt","10":"first","11":"instock","12":"taxable","13":"shipping-taxable","14":"purchasable","15":"product-type-variable","16":"wvs-archive-product-wrapper"},"acf":[],"yoast_head":"<!-- This site is optimized with the Yoast SEO Premium plugin v26.7 (Yoast SEO v26.7) - https:\/\/yoast.com\/wordpress\/plugins\/seo\/ -->\n<title>Specialized S-Works Power GR-100 SPECIALIZED<\/title>\n<meta name=\"description\" content=\"O selim S-Works Power, extremamente leve, apresenta uma estrutura r\u00edgida em carbono FACT e carris, e oferece um design de alto desempenho para\" \/>\n<meta name=\"robots\" content=\"index, follow, max-snippet:-1, max-image-preview:large, max-video-preview:-1\" \/>\n<link rel=\"canonical\" href=\"https:\/\/gr-100.com\/pt-pt\/producto\/specialized-s-works-power\/\" \/>\n<meta property=\"og:locale\" content=\"pt_PT\" \/>\n<meta property=\"og:type\" content=\"article\" \/>\n<meta property=\"og:title\" content=\"Specialized S-Works Power\" \/>\n<meta property=\"og:description\" content=\"O selim S-Works Power, extremamente leve, apresenta uma estrutura r\u00edgida em carbono FACT e carris, e oferece um design de alto desempenho para\" \/>\n<meta property=\"og:url\" content=\"https:\/\/gr-100.com\/pt-pt\/producto\/specialized-s-works-power\/\" \/>\n<meta property=\"og:site_name\" content=\"Gr-100 Tienda de ciclismo Specialized\" \/>\n<meta property=\"article:publisher\" content=\"https:\/\/www.facebook.com\/Gr100Bikes\" \/>\n<meta property=\"og:image\" content=\"https:\/\/gr-100.com\/wp-content\/uploads\/2024\/05\/44-Screenshot-of-S-Works-Po.jpg\" \/>\n\t<meta property=\"og:image:width\" content=\"1000\" \/>\n\t<meta property=\"og:image:height\" content=\"1000\" \/>\n\t<meta property=\"og:image:type\" content=\"image\/jpeg\" \/>\n<meta name=\"twitter:card\" content=\"summary_large_image\" \/>\n<meta name=\"twitter:label1\" content=\"Tempo estimado de leitura\" \/>\n\t<meta name=\"twitter:data1\" content=\"1 minuto\" \/>\n<script type=\"application\/ld+json\" class=\"yoast-schema-graph\">{\"@context\":\"https:\/\/schema.org\",\"@graph\":[{\"@type\":\"WebPage\",\"@id\":\"https:\/\/gr-100.com\/pt-pt\/producto\/specialized-s-works-power\/\",\"url\":\"https:\/\/gr-100.com\/pt-pt\/producto\/specialized-s-works-power\/\",\"name\":\"Specialized S-Works Power GR-100 SPECIALIZED\",\"isPartOf\":{\"@id\":\"https:\/\/gr-100.com\/#website\"},\"primaryImageOfPage\":{\"@id\":\"https:\/\/gr-100.com\/pt-pt\/producto\/specialized-s-works-power\/#primaryimage\"},\"image\":{\"@id\":\"https:\/\/gr-100.com\/pt-pt\/producto\/specialized-s-works-power\/#primaryimage\"},\"thumbnailUrl\":\"https:\/\/gr-100.com\/wp-content\/uploads\/2024\/05\/44-Screenshot-of-S-Works-Po.jpg\",\"datePublished\":\"2024-07-01T07:02:31+00:00\",\"description\":\"O selim S-Works Power, extremamente leve, apresenta uma estrutura r\u00edgida em carbono FACT e carris, e oferece um design de alto desempenho para\",\"breadcrumb\":{\"@id\":\"https:\/\/gr-100.com\/pt-pt\/producto\/specialized-s-works-power\/#breadcrumb\"},\"inLanguage\":\"pt-PT\",\"potentialAction\":[{\"@type\":\"ReadAction\",\"target\":[\"https:\/\/gr-100.com\/pt-pt\/producto\/specialized-s-works-power\/\"]}]},{\"@type\":\"ImageObject\",\"inLanguage\":\"pt-PT\",\"@id\":\"https:\/\/gr-100.com\/pt-pt\/producto\/specialized-s-works-power\/#primaryimage\",\"url\":\"https:\/\/gr-100.com\/wp-content\/uploads\/2024\/05\/44-Screenshot-of-S-Works-Po.jpg\",\"contentUrl\":\"https:\/\/gr-100.com\/wp-content\/uploads\/2024\/05\/44-Screenshot-of-S-Works-Po.jpg\",\"width\":1000,\"height\":1000},{\"@type\":\"BreadcrumbList\",\"@id\":\"https:\/\/gr-100.com\/pt-pt\/producto\/specialized-s-works-power\/#breadcrumb\",\"itemListElement\":[{\"@type\":\"ListItem\",\"position\":1,\"name\":\"Portada\",\"item\":\"https:\/\/gr-100.com\/en\/\"},{\"@type\":\"ListItem\",\"position\":2,\"name\":\"Productos\",\"item\":\"https:\/\/gr-100.com\/?post_type=product\"},{\"@type\":\"ListItem\",\"position\":3,\"name\":\"Specialized S-Works Power\"}]},{\"@type\":\"WebSite\",\"@id\":\"https:\/\/gr-100.com\/#website\",\"url\":\"https:\/\/gr-100.com\/\",\"name\":\"Gr-100 Tienda de ciclismo Specialized\",\"description\":\"GR-100 tenemos todas las gamas de bicicletas Specialized al mejor precio.\",\"publisher\":{\"@id\":\"https:\/\/gr-100.com\/#organization\"},\"alternateName\":\"Gr-100 Bikes\",\"potentialAction\":[{\"@type\":\"SearchAction\",\"target\":{\"@type\":\"EntryPoint\",\"urlTemplate\":\"https:\/\/gr-100.com\/?s={search_term_string}\"},\"query-input\":{\"@type\":\"PropertyValueSpecification\",\"valueRequired\":true,\"valueName\":\"search_term_string\"}}],\"inLanguage\":\"pt-PT\"},{\"@type\":\"Organization\",\"@id\":\"https:\/\/gr-100.com\/#organization\",\"name\":\"Gr-100\",\"url\":\"https:\/\/gr-100.com\/\",\"logo\":{\"@type\":\"ImageObject\",\"inLanguage\":\"pt-PT\",\"@id\":\"https:\/\/gr-100.com\/#\/schema\/logo\/image\/\",\"url\":\"https:\/\/gr-100.com\/wp-content\/uploads\/2023\/08\/logo-gr-100-bikes.png\",\"contentUrl\":\"https:\/\/gr-100.com\/wp-content\/uploads\/2023\/08\/logo-gr-100-bikes.png\",\"width\":707,\"height\":284,\"caption\":\"Gr-100\"},\"image\":{\"@id\":\"https:\/\/gr-100.com\/#\/schema\/logo\/image\/\"},\"sameAs\":[\"https:\/\/www.facebook.com\/Gr100Bikes\",\"https:\/\/www.instagram.com\/gr100bikes\/\",\"https:\/\/www.tiktok.com\/@gr100bikes\",\"https:\/\/twitter.com\/gr100mtbteam\",\"https:\/\/www.youtube.com\/c\/GR100Specialized\"]}]}<\/script>\n<!-- \/ Yoast SEO Premium plugin. -->","yoast_head_json":{"title":"Specialized S-Works Power GR-100 SPECIALIZED","description":"O selim S-Works Power, extremamente leve, apresenta uma estrutura r\u00edgida em carbono FACT e carris, e oferece um design de alto desempenho para","robots":{"index":"index","follow":"follow","max-snippet":"max-snippet:-1","max-image-preview":"max-image-preview:large","max-video-preview":"max-video-preview:-1"},"canonical":"https:\/\/gr-100.com\/pt-pt\/producto\/specialized-s-works-power\/","og_locale":"pt_PT","og_type":"article","og_title":"Specialized S-Works Power","og_description":"O selim S-Works Power, extremamente leve, apresenta uma estrutura r\u00edgida em carbono FACT e carris, e oferece um design de alto desempenho para","og_url":"https:\/\/gr-100.com\/pt-pt\/producto\/specialized-s-works-power\/","og_site_name":"Gr-100 Tienda de ciclismo Specialized","article_publisher":"https:\/\/www.facebook.com\/Gr100Bikes","og_image":[{"width":1000,"height":1000,"url":"https:\/\/gr-100.com\/wp-content\/uploads\/2024\/05\/44-Screenshot-of-S-Works-Po.jpg","type":"image\/jpeg"}],"twitter_card":"summary_large_image","twitter_misc":{"Tempo estimado de leitura":"1 minuto"},"schema":{"@context":"https:\/\/schema.org","@graph":[{"@type":"WebPage","@id":"https:\/\/gr-100.com\/pt-pt\/producto\/specialized-s-works-power\/","url":"https:\/\/gr-100.com\/pt-pt\/producto\/specialized-s-works-power\/","name":"Specialized S-Works Power GR-100 SPECIALIZED","isPartOf":{"@id":"https:\/\/gr-100.com\/#website"},"primaryImageOfPage":{"@id":"https:\/\/gr-100.com\/pt-pt\/producto\/specialized-s-works-power\/#primaryimage"},"image":{"@id":"https:\/\/gr-100.com\/pt-pt\/producto\/specialized-s-works-power\/#primaryimage"},"thumbnailUrl":"https:\/\/gr-100.com\/wp-content\/uploads\/2024\/05\/44-Screenshot-of-S-Works-Po.jpg","datePublished":"2024-07-01T07:02:31+00:00","description":"O selim S-Works Power, extremamente leve, apresenta uma estrutura r\u00edgida em carbono FACT e carris, e oferece um design de alto desempenho para","breadcrumb":{"@id":"https:\/\/gr-100.com\/pt-pt\/producto\/specialized-s-works-power\/#breadcrumb"},"inLanguage":"pt-PT","potentialAction":[{"@type":"ReadAction","target":["https:\/\/gr-100.com\/pt-pt\/producto\/specialized-s-works-power\/"]}]},{"@type":"ImageObject","inLanguage":"pt-PT","@id":"https:\/\/gr-100.com\/pt-pt\/producto\/specialized-s-works-power\/#primaryimage","url":"https:\/\/gr-100.com\/wp-content\/uploads\/2024\/05\/44-Screenshot-of-S-Works-Po.jpg","contentUrl":"https:\/\/gr-100.com\/wp-content\/uploads\/2024\/05\/44-Screenshot-of-S-Works-Po.jpg","width":1000,"height":1000},{"@type":"BreadcrumbList","@id":"https:\/\/gr-100.com\/pt-pt\/producto\/specialized-s-works-power\/#breadcrumb","itemListElement":[{"@type":"ListItem","position":1,"name":"Portada","item":"https:\/\/gr-100.com\/en\/"},{"@type":"ListItem","position":2,"name":"Productos","item":"https:\/\/gr-100.com\/?post_type=product"},{"@type":"ListItem","position":3,"name":"Specialized S-Works Power"}]},{"@type":"WebSite","@id":"https:\/\/gr-100.com\/#website","url":"https:\/\/gr-100.com\/","name":"Gr-100 Tienda de ciclismo Specialized","description":"GR-100 tenemos todas las gamas de bicicletas Specialized al mejor precio.","publisher":{"@id":"https:\/\/gr-100.com\/#organization"},"alternateName":"Gr-100 Bikes","potentialAction":[{"@type":"SearchAction","target":{"@type":"EntryPoint","urlTemplate":"https:\/\/gr-100.com\/?s={search_term_string}"},"query-input":{"@type":"PropertyValueSpecification","valueRequired":true,"valueName":"search_term_string"}}],"inLanguage":"pt-PT"},{"@type":"Organization","@id":"https:\/\/gr-100.com\/#organization","name":"Gr-100","url":"https:\/\/gr-100.com\/","logo":{"@type":"ImageObject","inLanguage":"pt-PT","@id":"https:\/\/gr-100.com\/#\/schema\/logo\/image\/","url":"https:\/\/gr-100.com\/wp-content\/uploads\/2023\/08\/logo-gr-100-bikes.png","contentUrl":"https:\/\/gr-100.com\/wp-content\/uploads\/2023\/08\/logo-gr-100-bikes.png","width":707,"height":284,"caption":"Gr-100"},"image":{"@id":"https:\/\/gr-100.com\/#\/schema\/logo\/image\/"},"sameAs":["https:\/\/www.facebook.com\/Gr100Bikes","https:\/\/www.instagram.com\/gr100bikes\/","https:\/\/www.tiktok.com\/@gr100bikes","https:\/\/twitter.com\/gr100mtbteam","https:\/\/www.youtube.com\/c\/GR100Specialized"]}]}},"_links":{"self":[{"href":"https:\/\/gr-100.com\/pt-pt\/wp-json\/wp\/v2\/product\/432262","targetHints":{"allow":["GET"]}}],"collection":[{"href":"https:\/\/gr-100.com\/pt-pt\/wp-json\/wp\/v2\/product"}],"about":[{"href":"https:\/\/gr-100.com\/pt-pt\/wp-json\/wp\/v2\/types\/product"}],"replies":[{"embeddable":true,"href":"https:\/\/gr-100.com\/pt-pt\/wp-json\/wp\/v2\/comments?post=432262"}],"wp:featuredmedia":[{"embeddable":true,"href":"https:\/\/gr-100.com\/pt-pt\/wp-json\/wp\/v2\/media\/284197"}],"wp:attachment":[{"href":"https:\/\/gr-100.com\/pt-pt\/wp-json\/wp\/v2\/media?parent=432262"}],"wp:term":[{"taxonomy":"product_brand","embeddable":true,"href":"https:\/\/gr-100.com\/pt-pt\/wp-json\/wp\/v2\/product_brand?post=432262"},{"taxonomy":"product_cat","embeddable":true,"href":"https:\/\/gr-100.com\/pt-pt\/wp-json\/wp\/v2\/product_cat?post=432262"},{"taxonomy":"product_tag","embeddable":true,"href":"https:\/\/gr-100.com\/pt-pt\/wp-json\/wp\/v2\/product_tag?post=432262"}],"curies":[{"name":"wp","href":"https:\/\/api.w.org\/{rel}","templated":true}]}}