{"id":432281,"date":"2026-01-27T14:00:08","date_gmt":"2026-01-27T13:00:08","guid":{"rendered":"https:\/\/gr-100.com\/?post_type=product&#038;p=432281"},"modified":"2026-01-27T14:00:09","modified_gmt":"2026-01-27T12:00:09","slug":"specialized-sillin-s-works-romin-evo-with-mirror","status":"publish","type":"product","link":"https:\/\/gr-100.com\/pt-pt\/producto\/specialized-sillin-s-works-romin-evo-with-mirror\/","title":{"rendered":"Specialized Sill\u00edn S-Works Romin EVO with Mirror"},"content":{"rendered":"<ul>\n<li>Dise\u00f1o Body Geometry probada en el laboratorio asegura el flujo sangu\u00edneo a las arterias sensibles, tanto en hombres como mujeres.<\/li>\n<li>La tecnolog\u00eda Mirror utiliza la impresi\u00f3n 3D a partir de un pol\u00edmero l\u00edquido para crear una estructura de panal \u00fanica en su tipo que ofrece tanto soporte y comodidad.<\/li>\n<li>Carcasa de carbono FACT ajustada para mantener la posici\u00f3n del ciclista.<\/li>\n<li>Ra\u00edles de carbono FACT sobredimensionados, ultra ligeros y resistentes.<\/li>\n<li>Compat\u00edvel com montagem SWAT\u2122, com roscas localizadas na base do selim para integra\u00e7\u00e3o total em solu\u00e7\u00f5es de armazenamento.<\/li>\n<li>NOTA: As calhas de carbono de 7&#215;9 mm n\u00e3o s\u00e3o compat\u00edveis com espig\u00f5es de selim de calha redonda de 7 mm.<\/li>\n<li>Talla 143 mm\/Peso 190 g<\/li>\n<li>Talla 155 mm\/Peso 198 g<\/li>\n<\/ul>\n","protected":false},"excerpt":{"rendered":"<p>La tecnolog\u00eda S-works Power con Mirror es el reflejo perfecto de tu cuerpo. Estamos redefiniendo la comodidad y el rendimiento con la tecnolog\u00eda Mirror para llevar el Body Geometry al futuro. La \u00faltima gran innovaci\u00f3n en materia de dise\u00f1o de sillines fue ya hace d\u00e9cadas con la introducci\u00f3n de la espuma.  <\/p>\n","protected":false},"featured_media":432272,"comment_status":"open","ping_status":"closed","template":"","meta":{"_acf_changed":false,"_et_pb_use_builder":"","_et_pb_old_content":"","_et_gb_content_width":"","inline_featured_image":false},"product_brand":[],"product_cat":[379,388],"product_tag":[],"class_list":{"0":"post-432281","1":"product","2":"type-product","3":"status-publish","4":"has-post-thumbnail","6":"product_cat-componentes-pt-pt","7":"product_cat-selins","9":"first","10":"instock","11":"taxable","12":"shipping-taxable","13":"purchasable","14":"product-type-variable","15":"wvs-archive-product-wrapper"},"acf":[],"yoast_head":"<!-- This site is optimized with the Yoast SEO Premium plugin v26.7 (Yoast SEO v26.7) - https:\/\/yoast.com\/wordpress\/plugins\/seo\/ -->\n<title>Specialized Sill\u00edn S-Works Romin EVO with Mirror<\/title>\n<meta name=\"description\" content=\"La tecnolog\u00eda S-works Power con Mirror es el reflejo perfecto de tu cuerpo. Estamos redefiniendo la comodidad y el rendimiento con la tecnolog\u00eda Mirror para llevar el Body Geometry al futuro. La \u00faltima gran innovaci\u00f3n en materia de dise\u00f1o de sillines fue ya hace d\u00e9cadas con la introducci\u00f3n de la espuma.\" \/>\n<meta name=\"robots\" content=\"index, follow, max-snippet:-1, max-image-preview:large, max-video-preview:-1\" \/>\n<link rel=\"canonical\" href=\"https:\/\/gr-100.com\/pt-pt\/producto\/specialized-sillin-s-works-romin-evo-with-mirror\/\" \/>\n<meta property=\"og:locale\" content=\"pt_PT\" \/>\n<meta property=\"og:type\" content=\"article\" \/>\n<meta property=\"og:title\" content=\"Specialized Sill\u00edn S-Works Romin EVO with Mirror\" \/>\n<meta property=\"og:description\" content=\"La tecnolog\u00eda S-works Power con Mirror es el reflejo perfecto de tu cuerpo. Estamos redefiniendo la comodidad y el rendimiento con la tecnolog\u00eda Mirror para llevar el Body Geometry al futuro. La \u00faltima gran innovaci\u00f3n en materia de dise\u00f1o de sillines fue ya hace d\u00e9cadas con la introducci\u00f3n de la espuma.\" \/>\n<meta property=\"og:url\" content=\"https:\/\/gr-100.com\/pt-pt\/producto\/specialized-sillin-s-works-romin-evo-with-mirror\/\" \/>\n<meta property=\"og:site_name\" content=\"Gr-100 Tienda de ciclismo Specialized\" \/>\n<meta property=\"article:publisher\" content=\"https:\/\/www.facebook.com\/Gr100Bikes\" \/>\n<meta property=\"og:image\" content=\"https:\/\/gr-100.com\/wp-content\/uploads\/2026\/01\/Diseno-sin-titulo-2026-01-27T125138.365.jpg\" \/>\n\t<meta property=\"og:image:width\" content=\"1000\" \/>\n\t<meta property=\"og:image:height\" content=\"1000\" \/>\n\t<meta property=\"og:image:type\" content=\"image\/jpeg\" \/>\n<meta name=\"twitter:card\" content=\"summary_large_image\" \/>\n<meta name=\"twitter:label1\" content=\"Tempo estimado de leitura\" \/>\n\t<meta name=\"twitter:data1\" content=\"1 minuto\" \/>\n<script type=\"application\/ld+json\" class=\"yoast-schema-graph\">{\"@context\":\"https:\/\/schema.org\",\"@graph\":[{\"@type\":\"WebPage\",\"@id\":\"https:\/\/gr-100.com\/pt-pt\/producto\/specialized-sillin-s-works-romin-evo-with-mirror\/\",\"url\":\"https:\/\/gr-100.com\/pt-pt\/producto\/specialized-sillin-s-works-romin-evo-with-mirror\/\",\"name\":\"Specialized Sill\u00edn S-Works Romin EVO with Mirror\",\"isPartOf\":{\"@id\":\"https:\/\/gr-100.com\/#website\"},\"primaryImageOfPage\":{\"@id\":\"https:\/\/gr-100.com\/pt-pt\/producto\/specialized-sillin-s-works-romin-evo-with-mirror\/#primaryimage\"},\"image\":{\"@id\":\"https:\/\/gr-100.com\/pt-pt\/producto\/specialized-sillin-s-works-romin-evo-with-mirror\/#primaryimage\"},\"thumbnailUrl\":\"https:\/\/gr-100.com\/wp-content\/uploads\/2026\/01\/Diseno-sin-titulo-2026-01-27T125138.365.jpg\",\"datePublished\":\"2026-01-27T13:00:08+00:00\",\"description\":\"La tecnolog\u00eda S-works Power con Mirror es el reflejo perfecto de tu cuerpo. Estamos redefiniendo la comodidad y el rendimiento con la tecnolog\u00eda Mirror para llevar el Body Geometry al futuro. La \u00faltima gran innovaci\u00f3n en materia de dise\u00f1o de sillines fue ya hace d\u00e9cadas con la introducci\u00f3n de la espuma.\",\"breadcrumb\":{\"@id\":\"https:\/\/gr-100.com\/pt-pt\/producto\/specialized-sillin-s-works-romin-evo-with-mirror\/#breadcrumb\"},\"inLanguage\":\"pt-PT\",\"potentialAction\":[{\"@type\":\"ReadAction\",\"target\":[\"https:\/\/gr-100.com\/pt-pt\/producto\/specialized-sillin-s-works-romin-evo-with-mirror\/\"]}]},{\"@type\":\"ImageObject\",\"inLanguage\":\"pt-PT\",\"@id\":\"https:\/\/gr-100.com\/pt-pt\/producto\/specialized-sillin-s-works-romin-evo-with-mirror\/#primaryimage\",\"url\":\"https:\/\/gr-100.com\/wp-content\/uploads\/2026\/01\/Diseno-sin-titulo-2026-01-27T125138.365.jpg\",\"contentUrl\":\"https:\/\/gr-100.com\/wp-content\/uploads\/2026\/01\/Diseno-sin-titulo-2026-01-27T125138.365.jpg\",\"width\":1000,\"height\":1000},{\"@type\":\"BreadcrumbList\",\"@id\":\"https:\/\/gr-100.com\/pt-pt\/producto\/specialized-sillin-s-works-romin-evo-with-mirror\/#breadcrumb\",\"itemListElement\":[{\"@type\":\"ListItem\",\"position\":1,\"name\":\"Portada\",\"item\":\"https:\/\/gr-100.com\/en\/\"},{\"@type\":\"ListItem\",\"position\":2,\"name\":\"Productos\",\"item\":\"https:\/\/gr-100.com\/?post_type=product\"},{\"@type\":\"ListItem\",\"position\":3,\"name\":\"Specialized Sill\u00edn S-Works Romin EVO with Mirror\"}]},{\"@type\":\"WebSite\",\"@id\":\"https:\/\/gr-100.com\/#website\",\"url\":\"https:\/\/gr-100.com\/\",\"name\":\"Gr-100 Tienda de ciclismo Specialized\",\"description\":\"GR-100 tenemos todas las gamas de bicicletas Specialized al mejor precio.\",\"publisher\":{\"@id\":\"https:\/\/gr-100.com\/#organization\"},\"alternateName\":\"Gr-100 Bikes\",\"potentialAction\":[{\"@type\":\"SearchAction\",\"target\":{\"@type\":\"EntryPoint\",\"urlTemplate\":\"https:\/\/gr-100.com\/?s={search_term_string}\"},\"query-input\":{\"@type\":\"PropertyValueSpecification\",\"valueRequired\":true,\"valueName\":\"search_term_string\"}}],\"inLanguage\":\"pt-PT\"},{\"@type\":\"Organization\",\"@id\":\"https:\/\/gr-100.com\/#organization\",\"name\":\"Gr-100\",\"url\":\"https:\/\/gr-100.com\/\",\"logo\":{\"@type\":\"ImageObject\",\"inLanguage\":\"pt-PT\",\"@id\":\"https:\/\/gr-100.com\/#\/schema\/logo\/image\/\",\"url\":\"https:\/\/gr-100.com\/wp-content\/uploads\/2023\/08\/logo-gr-100-bikes.png\",\"contentUrl\":\"https:\/\/gr-100.com\/wp-content\/uploads\/2023\/08\/logo-gr-100-bikes.png\",\"width\":707,\"height\":284,\"caption\":\"Gr-100\"},\"image\":{\"@id\":\"https:\/\/gr-100.com\/#\/schema\/logo\/image\/\"},\"sameAs\":[\"https:\/\/www.facebook.com\/Gr100Bikes\",\"https:\/\/www.instagram.com\/gr100bikes\/\",\"https:\/\/www.tiktok.com\/@gr100bikes\",\"https:\/\/twitter.com\/gr100mtbteam\",\"https:\/\/www.youtube.com\/c\/GR100Specialized\"]}]}<\/script>\n<!-- \/ Yoast SEO Premium plugin. -->","yoast_head_json":{"title":"Specialized Sill\u00edn S-Works Romin EVO with Mirror","description":"La tecnolog\u00eda S-works Power con Mirror es el reflejo perfecto de tu cuerpo. Estamos redefiniendo la comodidad y el rendimiento con la tecnolog\u00eda Mirror para llevar el Body Geometry al futuro. La \u00faltima gran innovaci\u00f3n en materia de dise\u00f1o de sillines fue ya hace d\u00e9cadas con la introducci\u00f3n de la espuma.","robots":{"index":"index","follow":"follow","max-snippet":"max-snippet:-1","max-image-preview":"max-image-preview:large","max-video-preview":"max-video-preview:-1"},"canonical":"https:\/\/gr-100.com\/pt-pt\/producto\/specialized-sillin-s-works-romin-evo-with-mirror\/","og_locale":"pt_PT","og_type":"article","og_title":"Specialized Sill\u00edn S-Works Romin EVO with Mirror","og_description":"La tecnolog\u00eda S-works Power con Mirror es el reflejo perfecto de tu cuerpo. Estamos redefiniendo la comodidad y el rendimiento con la tecnolog\u00eda Mirror para llevar el Body Geometry al futuro. La \u00faltima gran innovaci\u00f3n en materia de dise\u00f1o de sillines fue ya hace d\u00e9cadas con la introducci\u00f3n de la espuma.","og_url":"https:\/\/gr-100.com\/pt-pt\/producto\/specialized-sillin-s-works-romin-evo-with-mirror\/","og_site_name":"Gr-100 Tienda de ciclismo Specialized","article_publisher":"https:\/\/www.facebook.com\/Gr100Bikes","og_image":[{"width":1000,"height":1000,"url":"https:\/\/gr-100.com\/wp-content\/uploads\/2026\/01\/Diseno-sin-titulo-2026-01-27T125138.365.jpg","type":"image\/jpeg"}],"twitter_card":"summary_large_image","twitter_misc":{"Tempo estimado de leitura":"1 minuto"},"schema":{"@context":"https:\/\/schema.org","@graph":[{"@type":"WebPage","@id":"https:\/\/gr-100.com\/pt-pt\/producto\/specialized-sillin-s-works-romin-evo-with-mirror\/","url":"https:\/\/gr-100.com\/pt-pt\/producto\/specialized-sillin-s-works-romin-evo-with-mirror\/","name":"Specialized Sill\u00edn S-Works Romin EVO with Mirror","isPartOf":{"@id":"https:\/\/gr-100.com\/#website"},"primaryImageOfPage":{"@id":"https:\/\/gr-100.com\/pt-pt\/producto\/specialized-sillin-s-works-romin-evo-with-mirror\/#primaryimage"},"image":{"@id":"https:\/\/gr-100.com\/pt-pt\/producto\/specialized-sillin-s-works-romin-evo-with-mirror\/#primaryimage"},"thumbnailUrl":"https:\/\/gr-100.com\/wp-content\/uploads\/2026\/01\/Diseno-sin-titulo-2026-01-27T125138.365.jpg","datePublished":"2026-01-27T13:00:08+00:00","description":"La tecnolog\u00eda S-works Power con Mirror es el reflejo perfecto de tu cuerpo. Estamos redefiniendo la comodidad y el rendimiento con la tecnolog\u00eda Mirror para llevar el Body Geometry al futuro. La \u00faltima gran innovaci\u00f3n en materia de dise\u00f1o de sillines fue ya hace d\u00e9cadas con la introducci\u00f3n de la espuma.","breadcrumb":{"@id":"https:\/\/gr-100.com\/pt-pt\/producto\/specialized-sillin-s-works-romin-evo-with-mirror\/#breadcrumb"},"inLanguage":"pt-PT","potentialAction":[{"@type":"ReadAction","target":["https:\/\/gr-100.com\/pt-pt\/producto\/specialized-sillin-s-works-romin-evo-with-mirror\/"]}]},{"@type":"ImageObject","inLanguage":"pt-PT","@id":"https:\/\/gr-100.com\/pt-pt\/producto\/specialized-sillin-s-works-romin-evo-with-mirror\/#primaryimage","url":"https:\/\/gr-100.com\/wp-content\/uploads\/2026\/01\/Diseno-sin-titulo-2026-01-27T125138.365.jpg","contentUrl":"https:\/\/gr-100.com\/wp-content\/uploads\/2026\/01\/Diseno-sin-titulo-2026-01-27T125138.365.jpg","width":1000,"height":1000},{"@type":"BreadcrumbList","@id":"https:\/\/gr-100.com\/pt-pt\/producto\/specialized-sillin-s-works-romin-evo-with-mirror\/#breadcrumb","itemListElement":[{"@type":"ListItem","position":1,"name":"Portada","item":"https:\/\/gr-100.com\/en\/"},{"@type":"ListItem","position":2,"name":"Productos","item":"https:\/\/gr-100.com\/?post_type=product"},{"@type":"ListItem","position":3,"name":"Specialized Sill\u00edn S-Works Romin EVO with Mirror"}]},{"@type":"WebSite","@id":"https:\/\/gr-100.com\/#website","url":"https:\/\/gr-100.com\/","name":"Gr-100 Tienda de ciclismo Specialized","description":"GR-100 tenemos todas las gamas de bicicletas Specialized al mejor precio.","publisher":{"@id":"https:\/\/gr-100.com\/#organization"},"alternateName":"Gr-100 Bikes","potentialAction":[{"@type":"SearchAction","target":{"@type":"EntryPoint","urlTemplate":"https:\/\/gr-100.com\/?s={search_term_string}"},"query-input":{"@type":"PropertyValueSpecification","valueRequired":true,"valueName":"search_term_string"}}],"inLanguage":"pt-PT"},{"@type":"Organization","@id":"https:\/\/gr-100.com\/#organization","name":"Gr-100","url":"https:\/\/gr-100.com\/","logo":{"@type":"ImageObject","inLanguage":"pt-PT","@id":"https:\/\/gr-100.com\/#\/schema\/logo\/image\/","url":"https:\/\/gr-100.com\/wp-content\/uploads\/2023\/08\/logo-gr-100-bikes.png","contentUrl":"https:\/\/gr-100.com\/wp-content\/uploads\/2023\/08\/logo-gr-100-bikes.png","width":707,"height":284,"caption":"Gr-100"},"image":{"@id":"https:\/\/gr-100.com\/#\/schema\/logo\/image\/"},"sameAs":["https:\/\/www.facebook.com\/Gr100Bikes","https:\/\/www.instagram.com\/gr100bikes\/","https:\/\/www.tiktok.com\/@gr100bikes","https:\/\/twitter.com\/gr100mtbteam","https:\/\/www.youtube.com\/c\/GR100Specialized"]}]}},"_links":{"self":[{"href":"https:\/\/gr-100.com\/pt-pt\/wp-json\/wp\/v2\/product\/432281","targetHints":{"allow":["GET"]}}],"collection":[{"href":"https:\/\/gr-100.com\/pt-pt\/wp-json\/wp\/v2\/product"}],"about":[{"href":"https:\/\/gr-100.com\/pt-pt\/wp-json\/wp\/v2\/types\/product"}],"replies":[{"embeddable":true,"href":"https:\/\/gr-100.com\/pt-pt\/wp-json\/wp\/v2\/comments?post=432281"}],"wp:featuredmedia":[{"embeddable":true,"href":"https:\/\/gr-100.com\/pt-pt\/wp-json\/wp\/v2\/media\/432272"}],"wp:attachment":[{"href":"https:\/\/gr-100.com\/pt-pt\/wp-json\/wp\/v2\/media?parent=432281"}],"wp:term":[{"taxonomy":"product_brand","embeddable":true,"href":"https:\/\/gr-100.com\/pt-pt\/wp-json\/wp\/v2\/product_brand?post=432281"},{"taxonomy":"product_cat","embeddable":true,"href":"https:\/\/gr-100.com\/pt-pt\/wp-json\/wp\/v2\/product_cat?post=432281"},{"taxonomy":"product_tag","embeddable":true,"href":"https:\/\/gr-100.com\/pt-pt\/wp-json\/wp\/v2\/product_tag?post=432281"}],"curies":[{"name":"wp","href":"https:\/\/api.w.org\/{rel}","templated":true}]}}