{"id":432291,"date":"2024-07-01T09:04:09","date_gmt":"2024-07-01T07:04:09","guid":{"rendered":"https:\/\/gr-100.com\/producto\/farol-stix-elite-2-da-specialized\/"},"modified":"2026-01-27T14:24:29","modified_gmt":"2026-01-27T12:24:29","slug":"farol-stix-elite-2-da-specialized","status":"publish","type":"product","link":"https:\/\/gr-100.com\/pt-pt\/producto\/farol-stix-elite-2-da-specialized\/","title":{"rendered":"Farol Stix Elite 2 da Specialized"},"content":{"rendered":"<p>Uma luz para ser vista, s\u00f3lida e brilhante, tanto para uso diurno como noturno. Com a sua lente esf\u00e9rica, que direciona os l\u00famens para mais de 800 metros sob a luz solar mais intensa, a luz traseira Stix Elite \u00e9 a luz traseira que usamos no nosso popular Lunch Ride. Trata-se de conduzir com tranquilidade e, gra\u00e7as aos seus seis modos de ilumina\u00e7\u00e3o, tem v\u00e1rias op\u00e7\u00f5es para que sejas visto de dia e de noite. E, dependendo do modo escolhido, esta luz traseira funciona durante 77 horas e \u00e9 facilmente carregada atrav\u00e9s do USB incorporado, eliminando a necessidade de um cabo.   <\/p>\n<p>CARACTER\u00cdSTICAS:<\/p>\n<ul>\n<li>As lentes Done concentram a sa\u00edda do LED CREE XBD P4 para 800 metros de visibilidade total ao sol. As lentes Fresnel dos LEDs secund\u00e1rios proporcionam uma ampla gama de visibilidade. <\/li>\n<li>Bateria recarreg\u00e1vel de 540 mAh via USB em 2 horas.<\/li>\n<li>Bra\u00e7adeira flex\u00edvel para utiliza\u00e7\u00e3o com todos os espig\u00f5es de selim com sec\u00e7\u00e3o circular (bra\u00e7adeira Aero dispon\u00edvel em separado)<\/li>\n<li>Modo Alto est\u00e1vel: 50 l\u00famenes durante 2:30 horas.<\/li>\n<li>Modo baixo constante: 18 l\u00famenes durante 9 horas.<\/li>\n<li>Modo Power Surge: 37 l\u00famenes durante 8:30 horas.<\/li>\n<li>Modo Power Flash: 100 l\u00famenes durante 10 horas.<\/li>\n<li>Modo de disco flash: 40 l\u00famenes durante 22 horas.<\/li>\n<li>Modo Eco Flash: 12 l\u00famenes durante 77:00 horas<\/li>\n<li>Indicador vermelho\/verde do n\u00edvel de carga da bateria.<\/li>\n<\/ul>\n","protected":false},"excerpt":{"rendered":"<p>Uma luz para ser vista, s\u00f3lida e brilhante, tanto para uso diurno como noturno.<\/p>\n","protected":false},"featured_media":284336,"comment_status":"closed","ping_status":"closed","template":"","meta":{"_acf_changed":false,"_et_pb_use_builder":"","_et_pb_old_content":"","_et_gb_content_width":"","inline_featured_image":false},"product_brand":[],"product_cat":[361,366,3670],"product_tag":[],"class_list":{"0":"post-432291","1":"product","2":"type-product","3":"status-publish","4":"has-post-thumbnail","6":"product_cat-acessorios","7":"product_cat-luzes","8":"product_cat-novos-acessorios","10":"first","11":"instock","12":"sale","13":"taxable","14":"shipping-taxable","15":"purchasable","16":"product-type-simple"},"acf":[],"yoast_head":"<!-- This site is optimized with the Yoast SEO Premium plugin v26.7 (Yoast SEO v26.7) - https:\/\/yoast.com\/wordpress\/plugins\/seo\/ -->\n<title>Farol Stix Elite 2 da Specialized - GR-100<\/title>\n<meta name=\"description\" content=\"Uma luz para ser vista, s\u00f3lida e brilhante, tanto para uso diurno como noturno. Com a sua lente esf\u00e9rica,\" \/>\n<meta name=\"robots\" content=\"index, follow, max-snippet:-1, max-image-preview:large, max-video-preview:-1\" \/>\n<link rel=\"canonical\" href=\"https:\/\/gr-100.com\/pt-pt\/producto\/farol-stix-elite-2-da-specialized\/\" \/>\n<meta property=\"og:locale\" content=\"pt_PT\" \/>\n<meta property=\"og:type\" content=\"article\" \/>\n<meta property=\"og:title\" content=\"Farol Stix Elite 2 da Specialized\" \/>\n<meta property=\"og:description\" content=\"Uma luz para ser vista, s\u00f3lida e brilhante, tanto para uso diurno como noturno. Com a sua lente esf\u00e9rica,\" \/>\n<meta property=\"og:url\" content=\"https:\/\/gr-100.com\/pt-pt\/producto\/farol-stix-elite-2-da-specialized\/\" \/>\n<meta property=\"og:site_name\" content=\"Gr-100 Tienda de ciclismo Specialized\" \/>\n<meta property=\"article:publisher\" content=\"https:\/\/www.facebook.com\/Gr100Bikes\" \/>\n<meta property=\"article:modified_time\" content=\"2026-01-27T12:24:29+00:00\" \/>\n<meta property=\"og:image\" content=\"https:\/\/gr-100.com\/wp-content\/uploads\/2024\/05\/11-Screenshot-of-Stix-Elite-1.jpg\" \/>\n\t<meta property=\"og:image:width\" content=\"1000\" \/>\n\t<meta property=\"og:image:height\" content=\"1000\" \/>\n\t<meta property=\"og:image:type\" content=\"image\/jpeg\" \/>\n<meta name=\"twitter:card\" content=\"summary_large_image\" \/>\n<meta name=\"twitter:label1\" content=\"Tempo estimado de leitura\" \/>\n\t<meta name=\"twitter:data1\" content=\"1 minuto\" \/>\n<script type=\"application\/ld+json\" class=\"yoast-schema-graph\">{\"@context\":\"https:\/\/schema.org\",\"@graph\":[{\"@type\":\"WebPage\",\"@id\":\"https:\/\/gr-100.com\/pt-pt\/producto\/farol-stix-elite-2-da-specialized\/\",\"url\":\"https:\/\/gr-100.com\/pt-pt\/producto\/farol-stix-elite-2-da-specialized\/\",\"name\":\"Farol Stix Elite 2 da Specialized - GR-100\",\"isPartOf\":{\"@id\":\"https:\/\/gr-100.com\/#website\"},\"primaryImageOfPage\":{\"@id\":\"https:\/\/gr-100.com\/pt-pt\/producto\/farol-stix-elite-2-da-specialized\/#primaryimage\"},\"image\":{\"@id\":\"https:\/\/gr-100.com\/pt-pt\/producto\/farol-stix-elite-2-da-specialized\/#primaryimage\"},\"thumbnailUrl\":\"https:\/\/gr-100.com\/wp-content\/uploads\/2024\/05\/11-Screenshot-of-Stix-Elite-1.jpg\",\"datePublished\":\"2024-07-01T07:04:09+00:00\",\"dateModified\":\"2026-01-27T12:24:29+00:00\",\"description\":\"Uma luz para ser vista, s\u00f3lida e brilhante, tanto para uso diurno como noturno. Com a sua lente esf\u00e9rica,\",\"breadcrumb\":{\"@id\":\"https:\/\/gr-100.com\/pt-pt\/producto\/farol-stix-elite-2-da-specialized\/#breadcrumb\"},\"inLanguage\":\"pt-PT\",\"potentialAction\":[{\"@type\":\"ReadAction\",\"target\":[\"https:\/\/gr-100.com\/pt-pt\/producto\/farol-stix-elite-2-da-specialized\/\"]}]},{\"@type\":\"ImageObject\",\"inLanguage\":\"pt-PT\",\"@id\":\"https:\/\/gr-100.com\/pt-pt\/producto\/farol-stix-elite-2-da-specialized\/#primaryimage\",\"url\":\"https:\/\/gr-100.com\/wp-content\/uploads\/2024\/05\/11-Screenshot-of-Stix-Elite-1.jpg\",\"contentUrl\":\"https:\/\/gr-100.com\/wp-content\/uploads\/2024\/05\/11-Screenshot-of-Stix-Elite-1.jpg\",\"width\":1000,\"height\":1000},{\"@type\":\"BreadcrumbList\",\"@id\":\"https:\/\/gr-100.com\/pt-pt\/producto\/farol-stix-elite-2-da-specialized\/#breadcrumb\",\"itemListElement\":[{\"@type\":\"ListItem\",\"position\":1,\"name\":\"Portada\",\"item\":\"https:\/\/gr-100.com\/en\/\"},{\"@type\":\"ListItem\",\"position\":2,\"name\":\"Productos\",\"item\":\"https:\/\/gr-100.com\/?post_type=product\"},{\"@type\":\"ListItem\",\"position\":3,\"name\":\"Farol Stix Elite 2 da Specialized\"}]},{\"@type\":\"WebSite\",\"@id\":\"https:\/\/gr-100.com\/#website\",\"url\":\"https:\/\/gr-100.com\/\",\"name\":\"Gr-100 Tienda de ciclismo Specialized\",\"description\":\"GR-100 tenemos todas las gamas de bicicletas Specialized al mejor precio.\",\"publisher\":{\"@id\":\"https:\/\/gr-100.com\/#organization\"},\"alternateName\":\"Gr-100 Bikes\",\"potentialAction\":[{\"@type\":\"SearchAction\",\"target\":{\"@type\":\"EntryPoint\",\"urlTemplate\":\"https:\/\/gr-100.com\/?s={search_term_string}\"},\"query-input\":{\"@type\":\"PropertyValueSpecification\",\"valueRequired\":true,\"valueName\":\"search_term_string\"}}],\"inLanguage\":\"pt-PT\"},{\"@type\":\"Organization\",\"@id\":\"https:\/\/gr-100.com\/#organization\",\"name\":\"Gr-100\",\"url\":\"https:\/\/gr-100.com\/\",\"logo\":{\"@type\":\"ImageObject\",\"inLanguage\":\"pt-PT\",\"@id\":\"https:\/\/gr-100.com\/#\/schema\/logo\/image\/\",\"url\":\"https:\/\/gr-100.com\/wp-content\/uploads\/2023\/08\/logo-gr-100-bikes.png\",\"contentUrl\":\"https:\/\/gr-100.com\/wp-content\/uploads\/2023\/08\/logo-gr-100-bikes.png\",\"width\":707,\"height\":284,\"caption\":\"Gr-100\"},\"image\":{\"@id\":\"https:\/\/gr-100.com\/#\/schema\/logo\/image\/\"},\"sameAs\":[\"https:\/\/www.facebook.com\/Gr100Bikes\",\"https:\/\/www.instagram.com\/gr100bikes\/\",\"https:\/\/www.tiktok.com\/@gr100bikes\",\"https:\/\/twitter.com\/gr100mtbteam\",\"https:\/\/www.youtube.com\/c\/GR100Specialized\"]}]}<\/script>\n<!-- \/ Yoast SEO Premium plugin. -->","yoast_head_json":{"title":"Farol Stix Elite 2 da Specialized - GR-100","description":"Uma luz para ser vista, s\u00f3lida e brilhante, tanto para uso diurno como noturno. Com a sua lente esf\u00e9rica,","robots":{"index":"index","follow":"follow","max-snippet":"max-snippet:-1","max-image-preview":"max-image-preview:large","max-video-preview":"max-video-preview:-1"},"canonical":"https:\/\/gr-100.com\/pt-pt\/producto\/farol-stix-elite-2-da-specialized\/","og_locale":"pt_PT","og_type":"article","og_title":"Farol Stix Elite 2 da Specialized","og_description":"Uma luz para ser vista, s\u00f3lida e brilhante, tanto para uso diurno como noturno. Com a sua lente esf\u00e9rica,","og_url":"https:\/\/gr-100.com\/pt-pt\/producto\/farol-stix-elite-2-da-specialized\/","og_site_name":"Gr-100 Tienda de ciclismo Specialized","article_publisher":"https:\/\/www.facebook.com\/Gr100Bikes","article_modified_time":"2026-01-27T12:24:29+00:00","og_image":[{"width":1000,"height":1000,"url":"https:\/\/gr-100.com\/wp-content\/uploads\/2024\/05\/11-Screenshot-of-Stix-Elite-1.jpg","type":"image\/jpeg"}],"twitter_card":"summary_large_image","twitter_misc":{"Tempo estimado de leitura":"1 minuto"},"schema":{"@context":"https:\/\/schema.org","@graph":[{"@type":"WebPage","@id":"https:\/\/gr-100.com\/pt-pt\/producto\/farol-stix-elite-2-da-specialized\/","url":"https:\/\/gr-100.com\/pt-pt\/producto\/farol-stix-elite-2-da-specialized\/","name":"Farol Stix Elite 2 da Specialized - GR-100","isPartOf":{"@id":"https:\/\/gr-100.com\/#website"},"primaryImageOfPage":{"@id":"https:\/\/gr-100.com\/pt-pt\/producto\/farol-stix-elite-2-da-specialized\/#primaryimage"},"image":{"@id":"https:\/\/gr-100.com\/pt-pt\/producto\/farol-stix-elite-2-da-specialized\/#primaryimage"},"thumbnailUrl":"https:\/\/gr-100.com\/wp-content\/uploads\/2024\/05\/11-Screenshot-of-Stix-Elite-1.jpg","datePublished":"2024-07-01T07:04:09+00:00","dateModified":"2026-01-27T12:24:29+00:00","description":"Uma luz para ser vista, s\u00f3lida e brilhante, tanto para uso diurno como noturno. Com a sua lente esf\u00e9rica,","breadcrumb":{"@id":"https:\/\/gr-100.com\/pt-pt\/producto\/farol-stix-elite-2-da-specialized\/#breadcrumb"},"inLanguage":"pt-PT","potentialAction":[{"@type":"ReadAction","target":["https:\/\/gr-100.com\/pt-pt\/producto\/farol-stix-elite-2-da-specialized\/"]}]},{"@type":"ImageObject","inLanguage":"pt-PT","@id":"https:\/\/gr-100.com\/pt-pt\/producto\/farol-stix-elite-2-da-specialized\/#primaryimage","url":"https:\/\/gr-100.com\/wp-content\/uploads\/2024\/05\/11-Screenshot-of-Stix-Elite-1.jpg","contentUrl":"https:\/\/gr-100.com\/wp-content\/uploads\/2024\/05\/11-Screenshot-of-Stix-Elite-1.jpg","width":1000,"height":1000},{"@type":"BreadcrumbList","@id":"https:\/\/gr-100.com\/pt-pt\/producto\/farol-stix-elite-2-da-specialized\/#breadcrumb","itemListElement":[{"@type":"ListItem","position":1,"name":"Portada","item":"https:\/\/gr-100.com\/en\/"},{"@type":"ListItem","position":2,"name":"Productos","item":"https:\/\/gr-100.com\/?post_type=product"},{"@type":"ListItem","position":3,"name":"Farol Stix Elite 2 da Specialized"}]},{"@type":"WebSite","@id":"https:\/\/gr-100.com\/#website","url":"https:\/\/gr-100.com\/","name":"Gr-100 Tienda de ciclismo Specialized","description":"GR-100 tenemos todas las gamas de bicicletas Specialized al mejor precio.","publisher":{"@id":"https:\/\/gr-100.com\/#organization"},"alternateName":"Gr-100 Bikes","potentialAction":[{"@type":"SearchAction","target":{"@type":"EntryPoint","urlTemplate":"https:\/\/gr-100.com\/?s={search_term_string}"},"query-input":{"@type":"PropertyValueSpecification","valueRequired":true,"valueName":"search_term_string"}}],"inLanguage":"pt-PT"},{"@type":"Organization","@id":"https:\/\/gr-100.com\/#organization","name":"Gr-100","url":"https:\/\/gr-100.com\/","logo":{"@type":"ImageObject","inLanguage":"pt-PT","@id":"https:\/\/gr-100.com\/#\/schema\/logo\/image\/","url":"https:\/\/gr-100.com\/wp-content\/uploads\/2023\/08\/logo-gr-100-bikes.png","contentUrl":"https:\/\/gr-100.com\/wp-content\/uploads\/2023\/08\/logo-gr-100-bikes.png","width":707,"height":284,"caption":"Gr-100"},"image":{"@id":"https:\/\/gr-100.com\/#\/schema\/logo\/image\/"},"sameAs":["https:\/\/www.facebook.com\/Gr100Bikes","https:\/\/www.instagram.com\/gr100bikes\/","https:\/\/www.tiktok.com\/@gr100bikes","https:\/\/twitter.com\/gr100mtbteam","https:\/\/www.youtube.com\/c\/GR100Specialized"]}]}},"_links":{"self":[{"href":"https:\/\/gr-100.com\/pt-pt\/wp-json\/wp\/v2\/product\/432291","targetHints":{"allow":["GET"]}}],"collection":[{"href":"https:\/\/gr-100.com\/pt-pt\/wp-json\/wp\/v2\/product"}],"about":[{"href":"https:\/\/gr-100.com\/pt-pt\/wp-json\/wp\/v2\/types\/product"}],"replies":[{"embeddable":true,"href":"https:\/\/gr-100.com\/pt-pt\/wp-json\/wp\/v2\/comments?post=432291"}],"wp:featuredmedia":[{"embeddable":true,"href":"https:\/\/gr-100.com\/pt-pt\/wp-json\/wp\/v2\/media\/284336"}],"wp:attachment":[{"href":"https:\/\/gr-100.com\/pt-pt\/wp-json\/wp\/v2\/media?parent=432291"}],"wp:term":[{"taxonomy":"product_brand","embeddable":true,"href":"https:\/\/gr-100.com\/pt-pt\/wp-json\/wp\/v2\/product_brand?post=432291"},{"taxonomy":"product_cat","embeddable":true,"href":"https:\/\/gr-100.com\/pt-pt\/wp-json\/wp\/v2\/product_cat?post=432291"},{"taxonomy":"product_tag","embeddable":true,"href":"https:\/\/gr-100.com\/pt-pt\/wp-json\/wp\/v2\/product_tag?post=432291"}],"curies":[{"name":"wp","href":"https:\/\/api.w.org\/{rel}","templated":true}]}}