{"id":433542,"date":"2024-07-01T09:35:49","date_gmt":"2024-07-01T07:35:49","guid":{"rendered":"https:\/\/gr-100.com\/producto\/luvas-impermeaveis-specialized\/"},"modified":"2024-07-01T09:35:49","modified_gmt":"2024-07-01T07:35:49","slug":"luvas-impermeaveis-specialized","status":"publish","type":"product","link":"https:\/\/gr-100.com\/pt-pt\/producto\/luvas-impermeaveis-specialized\/","title":{"rendered":"Luvas imperme\u00e1veis Specialized"},"content":{"rendered":"<ul>\n<li>Hyper Green Polartec\u00ae Neoshell\u00ae com detalhes reflectores para aumentar drasticamente a visibilidade durante 24 horas.<\/li>\n<li>A parte superior em Polartec\u00ae Neoshell\u00ae \u00e9 \u00e0 prova de vento e mant\u00e9m o frio afastado.<\/li>\n<li>O tecido Ax Suede repelente de \u00e1gua proporciona uma melhor ader\u00eancia ao guiador.<\/li>\n<li>Compat\u00edvel com qualquer ecr\u00e3 t\u00e1til gra\u00e7as ao Wiretap\u2122.<\/li>\n<li>A manga interior \u00e0 prova de \u00e1gua mant\u00e9m a m\u00e3o seca e totalmente protegida.<\/li>\n<li>O punho deslizante proporciona um ajuste confort\u00e1vel e n\u00e3o volumoso.<\/li>\n<li>Os detalhes reflectores melhoram a visibilidade em condi\u00e7\u00f5es de pouca luz.<\/li>\n<li>Conte\u00fado do tecido: Costas: 90% poli\u00e9ster, 10% spandex; Palma: 100% poli\u00e9ster<\/li>\n<\/ul>\n","protected":false},"excerpt":{"rendered":"<p>Luvas SPECIALIZED WATERPROOF, n\u00e3o s\u00f3 t\u00eam uma parte superior Neoshell\u00ae Polartec\u00ae para manter as tuas m\u00e3os protegidas do vento e do frio, mas tamb\u00e9m incluem uma manga interior imperme\u00e1vel que mant\u00e9m as tuas m\u00e3os secas e totalmente protegidas.<\/p>\n","protected":false},"featured_media":433534,"comment_status":"closed","ping_status":"closed","template":"","meta":{"_acf_changed":false,"_et_pb_use_builder":"","_et_pb_old_content":"","_et_gb_content_width":"","inline_featured_image":false},"product_brand":[],"product_cat":[392,396],"product_tag":[],"class_list":{"0":"post-433542","1":"product","2":"type-product","3":"status-publish","4":"has-post-thumbnail","6":"product_cat-equipamento","7":"product_cat-luvas","9":"first","10":"instock","11":"taxable","12":"shipping-taxable","13":"purchasable","14":"product-type-variable","15":"wvs-archive-product-wrapper"},"acf":[],"yoast_head":"<!-- This site is optimized with the Yoast SEO Premium plugin v26.7 (Yoast SEO v26.7) - https:\/\/yoast.com\/wordpress\/plugins\/seo\/ -->\n<title>Chaqueta Pro Team Xtrem GR-100 GSPORT 2026 Unisex<\/title>\n<meta name=\"description\" content=\"GR 100 Specialized. Os melhores pre\u00e7os sem concorr\u00eancia. Pede a tua oferta personalizada. LUVAS IMPERME\u00c1VEIS SPECIALIZED .\" \/>\n<meta name=\"robots\" content=\"index, follow, max-snippet:-1, max-image-preview:large, max-video-preview:-1\" \/>\n<link rel=\"canonical\" href=\"https:\/\/gr-100.com\/pt-pt\/producto\/luvas-impermeaveis-specialized\/\" \/>\n<meta property=\"og:locale\" content=\"pt_PT\" \/>\n<meta property=\"og:type\" content=\"article\" \/>\n<meta property=\"og:title\" content=\"Luvas imperme\u00e1veis Specialized\" \/>\n<meta property=\"og:description\" content=\"GR 100 Specialized. Os melhores pre\u00e7os sem concorr\u00eancia. Pede a tua oferta personalizada. LUVAS IMPERME\u00c1VEIS SPECIALIZED .\" \/>\n<meta property=\"og:url\" content=\"https:\/\/gr-100.com\/pt-pt\/producto\/luvas-impermeaveis-specialized\/\" \/>\n<meta property=\"og:site_name\" content=\"Gr-100 Tienda de ciclismo Specialized\" \/>\n<meta property=\"article:publisher\" content=\"https:\/\/www.facebook.com\/Gr100Bikes\" \/>\n<meta property=\"og:image\" content=\"https:\/\/gr-100.com\/wp-content\/uploads\/2024\/07\/Guantes-impermeables-negro1.jpg\" \/>\n\t<meta property=\"og:image:width\" content=\"1000\" \/>\n\t<meta property=\"og:image:height\" content=\"1000\" \/>\n\t<meta property=\"og:image:type\" content=\"image\/jpeg\" \/>\n<meta name=\"twitter:card\" content=\"summary_large_image\" \/>\n<meta name=\"twitter:label1\" content=\"Tempo estimado de leitura\" \/>\n\t<meta name=\"twitter:data1\" content=\"1 minuto\" \/>\n<script type=\"application\/ld+json\" class=\"yoast-schema-graph\">{\"@context\":\"https:\/\/schema.org\",\"@graph\":[{\"@type\":\"WebPage\",\"@id\":\"https:\/\/gr-100.com\/pt-pt\/producto\/luvas-impermeaveis-specialized\/\",\"url\":\"https:\/\/gr-100.com\/pt-pt\/producto\/luvas-impermeaveis-specialized\/\",\"name\":\"Chaqueta Pro Team Xtrem GR-100 GSPORT 2026 Unisex\",\"isPartOf\":{\"@id\":\"https:\/\/gr-100.com\/#website\"},\"primaryImageOfPage\":{\"@id\":\"https:\/\/gr-100.com\/pt-pt\/producto\/luvas-impermeaveis-specialized\/#primaryimage\"},\"image\":{\"@id\":\"https:\/\/gr-100.com\/pt-pt\/producto\/luvas-impermeaveis-specialized\/#primaryimage\"},\"thumbnailUrl\":\"https:\/\/gr-100.com\/wp-content\/uploads\/2024\/07\/Guantes-impermeables-negro1.jpg\",\"datePublished\":\"2024-07-01T07:35:49+00:00\",\"description\":\"GR 100 Specialized. Os melhores pre\u00e7os sem concorr\u00eancia. Pede a tua oferta personalizada. LUVAS IMPERME\u00c1VEIS SPECIALIZED .\",\"breadcrumb\":{\"@id\":\"https:\/\/gr-100.com\/pt-pt\/producto\/luvas-impermeaveis-specialized\/#breadcrumb\"},\"inLanguage\":\"pt-PT\",\"potentialAction\":[{\"@type\":\"ReadAction\",\"target\":[\"https:\/\/gr-100.com\/pt-pt\/producto\/luvas-impermeaveis-specialized\/\"]}]},{\"@type\":\"ImageObject\",\"inLanguage\":\"pt-PT\",\"@id\":\"https:\/\/gr-100.com\/pt-pt\/producto\/luvas-impermeaveis-specialized\/#primaryimage\",\"url\":\"https:\/\/gr-100.com\/wp-content\/uploads\/2024\/07\/Guantes-impermeables-negro1.jpg\",\"contentUrl\":\"https:\/\/gr-100.com\/wp-content\/uploads\/2024\/07\/Guantes-impermeables-negro1.jpg\",\"width\":1000,\"height\":1000},{\"@type\":\"BreadcrumbList\",\"@id\":\"https:\/\/gr-100.com\/pt-pt\/producto\/luvas-impermeaveis-specialized\/#breadcrumb\",\"itemListElement\":[{\"@type\":\"ListItem\",\"position\":1,\"name\":\"Portada\",\"item\":\"https:\/\/gr-100.com\/en\/\"},{\"@type\":\"ListItem\",\"position\":2,\"name\":\"Productos\",\"item\":\"https:\/\/gr-100.com\/?post_type=product\"},{\"@type\":\"ListItem\",\"position\":3,\"name\":\"Luvas imperme\u00e1veis Specialized\"}]},{\"@type\":\"WebSite\",\"@id\":\"https:\/\/gr-100.com\/#website\",\"url\":\"https:\/\/gr-100.com\/\",\"name\":\"Gr-100 Tienda de ciclismo Specialized\",\"description\":\"GR-100 tenemos todas las gamas de bicicletas Specialized al mejor precio.\",\"publisher\":{\"@id\":\"https:\/\/gr-100.com\/#organization\"},\"alternateName\":\"Gr-100 Bikes\",\"potentialAction\":[{\"@type\":\"SearchAction\",\"target\":{\"@type\":\"EntryPoint\",\"urlTemplate\":\"https:\/\/gr-100.com\/?s={search_term_string}\"},\"query-input\":{\"@type\":\"PropertyValueSpecification\",\"valueRequired\":true,\"valueName\":\"search_term_string\"}}],\"inLanguage\":\"pt-PT\"},{\"@type\":\"Organization\",\"@id\":\"https:\/\/gr-100.com\/#organization\",\"name\":\"Gr-100\",\"url\":\"https:\/\/gr-100.com\/\",\"logo\":{\"@type\":\"ImageObject\",\"inLanguage\":\"pt-PT\",\"@id\":\"https:\/\/gr-100.com\/#\/schema\/logo\/image\/\",\"url\":\"https:\/\/gr-100.com\/wp-content\/uploads\/2023\/08\/logo-gr-100-bikes.png\",\"contentUrl\":\"https:\/\/gr-100.com\/wp-content\/uploads\/2023\/08\/logo-gr-100-bikes.png\",\"width\":707,\"height\":284,\"caption\":\"Gr-100\"},\"image\":{\"@id\":\"https:\/\/gr-100.com\/#\/schema\/logo\/image\/\"},\"sameAs\":[\"https:\/\/www.facebook.com\/Gr100Bikes\",\"https:\/\/www.instagram.com\/gr100bikes\/\",\"https:\/\/www.tiktok.com\/@gr100bikes\",\"https:\/\/twitter.com\/gr100mtbteam\",\"https:\/\/www.youtube.com\/c\/GR100Specialized\"]}]}<\/script>\n<!-- \/ Yoast SEO Premium plugin. -->","yoast_head_json":{"title":"Chaqueta Pro Team Xtrem GR-100 GSPORT 2026 Unisex","description":"GR 100 Specialized. Os melhores pre\u00e7os sem concorr\u00eancia. Pede a tua oferta personalizada. LUVAS IMPERME\u00c1VEIS SPECIALIZED .","robots":{"index":"index","follow":"follow","max-snippet":"max-snippet:-1","max-image-preview":"max-image-preview:large","max-video-preview":"max-video-preview:-1"},"canonical":"https:\/\/gr-100.com\/pt-pt\/producto\/luvas-impermeaveis-specialized\/","og_locale":"pt_PT","og_type":"article","og_title":"Luvas imperme\u00e1veis Specialized","og_description":"GR 100 Specialized. Os melhores pre\u00e7os sem concorr\u00eancia. Pede a tua oferta personalizada. LUVAS IMPERME\u00c1VEIS SPECIALIZED .","og_url":"https:\/\/gr-100.com\/pt-pt\/producto\/luvas-impermeaveis-specialized\/","og_site_name":"Gr-100 Tienda de ciclismo Specialized","article_publisher":"https:\/\/www.facebook.com\/Gr100Bikes","og_image":[{"width":1000,"height":1000,"url":"https:\/\/gr-100.com\/wp-content\/uploads\/2024\/07\/Guantes-impermeables-negro1.jpg","type":"image\/jpeg"}],"twitter_card":"summary_large_image","twitter_misc":{"Tempo estimado de leitura":"1 minuto"},"schema":{"@context":"https:\/\/schema.org","@graph":[{"@type":"WebPage","@id":"https:\/\/gr-100.com\/pt-pt\/producto\/luvas-impermeaveis-specialized\/","url":"https:\/\/gr-100.com\/pt-pt\/producto\/luvas-impermeaveis-specialized\/","name":"Chaqueta Pro Team Xtrem GR-100 GSPORT 2026 Unisex","isPartOf":{"@id":"https:\/\/gr-100.com\/#website"},"primaryImageOfPage":{"@id":"https:\/\/gr-100.com\/pt-pt\/producto\/luvas-impermeaveis-specialized\/#primaryimage"},"image":{"@id":"https:\/\/gr-100.com\/pt-pt\/producto\/luvas-impermeaveis-specialized\/#primaryimage"},"thumbnailUrl":"https:\/\/gr-100.com\/wp-content\/uploads\/2024\/07\/Guantes-impermeables-negro1.jpg","datePublished":"2024-07-01T07:35:49+00:00","description":"GR 100 Specialized. Os melhores pre\u00e7os sem concorr\u00eancia. Pede a tua oferta personalizada. LUVAS IMPERME\u00c1VEIS SPECIALIZED .","breadcrumb":{"@id":"https:\/\/gr-100.com\/pt-pt\/producto\/luvas-impermeaveis-specialized\/#breadcrumb"},"inLanguage":"pt-PT","potentialAction":[{"@type":"ReadAction","target":["https:\/\/gr-100.com\/pt-pt\/producto\/luvas-impermeaveis-specialized\/"]}]},{"@type":"ImageObject","inLanguage":"pt-PT","@id":"https:\/\/gr-100.com\/pt-pt\/producto\/luvas-impermeaveis-specialized\/#primaryimage","url":"https:\/\/gr-100.com\/wp-content\/uploads\/2024\/07\/Guantes-impermeables-negro1.jpg","contentUrl":"https:\/\/gr-100.com\/wp-content\/uploads\/2024\/07\/Guantes-impermeables-negro1.jpg","width":1000,"height":1000},{"@type":"BreadcrumbList","@id":"https:\/\/gr-100.com\/pt-pt\/producto\/luvas-impermeaveis-specialized\/#breadcrumb","itemListElement":[{"@type":"ListItem","position":1,"name":"Portada","item":"https:\/\/gr-100.com\/en\/"},{"@type":"ListItem","position":2,"name":"Productos","item":"https:\/\/gr-100.com\/?post_type=product"},{"@type":"ListItem","position":3,"name":"Luvas imperme\u00e1veis Specialized"}]},{"@type":"WebSite","@id":"https:\/\/gr-100.com\/#website","url":"https:\/\/gr-100.com\/","name":"Gr-100 Tienda de ciclismo Specialized","description":"GR-100 tenemos todas las gamas de bicicletas Specialized al mejor precio.","publisher":{"@id":"https:\/\/gr-100.com\/#organization"},"alternateName":"Gr-100 Bikes","potentialAction":[{"@type":"SearchAction","target":{"@type":"EntryPoint","urlTemplate":"https:\/\/gr-100.com\/?s={search_term_string}"},"query-input":{"@type":"PropertyValueSpecification","valueRequired":true,"valueName":"search_term_string"}}],"inLanguage":"pt-PT"},{"@type":"Organization","@id":"https:\/\/gr-100.com\/#organization","name":"Gr-100","url":"https:\/\/gr-100.com\/","logo":{"@type":"ImageObject","inLanguage":"pt-PT","@id":"https:\/\/gr-100.com\/#\/schema\/logo\/image\/","url":"https:\/\/gr-100.com\/wp-content\/uploads\/2023\/08\/logo-gr-100-bikes.png","contentUrl":"https:\/\/gr-100.com\/wp-content\/uploads\/2023\/08\/logo-gr-100-bikes.png","width":707,"height":284,"caption":"Gr-100"},"image":{"@id":"https:\/\/gr-100.com\/#\/schema\/logo\/image\/"},"sameAs":["https:\/\/www.facebook.com\/Gr100Bikes","https:\/\/www.instagram.com\/gr100bikes\/","https:\/\/www.tiktok.com\/@gr100bikes","https:\/\/twitter.com\/gr100mtbteam","https:\/\/www.youtube.com\/c\/GR100Specialized"]}]}},"_links":{"self":[{"href":"https:\/\/gr-100.com\/pt-pt\/wp-json\/wp\/v2\/product\/433542","targetHints":{"allow":["GET"]}}],"collection":[{"href":"https:\/\/gr-100.com\/pt-pt\/wp-json\/wp\/v2\/product"}],"about":[{"href":"https:\/\/gr-100.com\/pt-pt\/wp-json\/wp\/v2\/types\/product"}],"replies":[{"embeddable":true,"href":"https:\/\/gr-100.com\/pt-pt\/wp-json\/wp\/v2\/comments?post=433542"}],"wp:featuredmedia":[{"embeddable":true,"href":"https:\/\/gr-100.com\/pt-pt\/wp-json\/wp\/v2\/media\/433534"}],"wp:attachment":[{"href":"https:\/\/gr-100.com\/pt-pt\/wp-json\/wp\/v2\/media?parent=433542"}],"wp:term":[{"taxonomy":"product_brand","embeddable":true,"href":"https:\/\/gr-100.com\/pt-pt\/wp-json\/wp\/v2\/product_brand?post=433542"},{"taxonomy":"product_cat","embeddable":true,"href":"https:\/\/gr-100.com\/pt-pt\/wp-json\/wp\/v2\/product_cat?post=433542"},{"taxonomy":"product_tag","embeddable":true,"href":"https:\/\/gr-100.com\/pt-pt\/wp-json\/wp\/v2\/product_tag?post=433542"}],"curies":[{"name":"wp","href":"https:\/\/api.w.org\/{rel}","templated":true}]}}